{"id":999,"date":"2021-11-30T02:53:43","date_gmt":"2021-11-30T02:53:43","guid":{"rendered":"https:\/\/charcoalplant.com\/?p=999"},"modified":"2026-01-15T17:41:46","modified_gmt":"2026-01-15T09:41:46","slug":"sawdust-briquette-machine","status":"publish","type":"product","link":"https:\/\/charcoalplant.com\/fr\/product\/sawdust-briquette-machine\/","title":{"rendered":"Machine \u00e0 briquettes de sciure de bois | Machine de fabrication de charbon de bois de sciure de bois"},"content":{"rendered":"<div class=\"kk-star-ratings kksr-auto kksr-align-left kksr-valign-top\"     data-payload='{&quot;align&quot;:&quot;left&quot;,&quot;id&quot;:&quot;999&quot;,&quot;slug&quot;:&quot;default&quot;,&quot;valign&quot;:&quot;top&quot;,&quot;ignore&quot;:&quot;&quot;,&quot;reference&quot;:&quot;auto&quot;,&quot;class&quot;:&quot;&quot;,&quot;count&quot;:&quot;68&quot;,&quot;legendonly&quot;:&quot;&quot;,&quot;readonly&quot;:&quot;&quot;,&quot;score&quot;:&quot;4.8&quot;,&quot;starsonly&quot;:&quot;&quot;,&quot;best&quot;:&quot;5&quot;,&quot;gap&quot;:&quot;5&quot;,&quot;greet&quot;:&quot;Rate this product&quot;,&quot;legend&quot;:&quot;4.8\\\/5 - (68 votes)&quot;,&quot;size&quot;:&quot;24&quot;,&quot;title&quot;:&quot;Sawdust Briquette Machine | Sawdust Charcoal Making Machine&quot;,&quot;width&quot;:&quot;136.7&quot;,&quot;_legend&quot;:&quot;{score}\\\/{best} - ({count} {votes})&quot;,&quot;font_factor&quot;:&quot;1.25&quot;}'>              <div class=\"kksr-stars\">      <div class=\"kksr-stars-inactive\">             <div class=\"kksr-star\" data-star=\"1\" style=\"padding-right: 5px\">               <div class=\"kksr-icon\" style=\"width: 24px; height: 24px;\"><\/div>         <\/div>             <div class=\"kksr-star\" data-star=\"2\" style=\"padding-right: 5px\">               <div class=\"kksr-icon\" style=\"width: 24px; height: 24px;\"><\/div>         <\/div>             <div class=\"kksr-star\" data-star=\"3\" style=\"padding-right: 5px\">               <div class=\"kksr-icon\" style=\"width: 24px; height: 24px;\"><\/div>         <\/div>             <div class=\"kksr-star\" data-star=\"4\" style=\"padding-right: 5px\">               <div class=\"kksr-icon\" style=\"width: 24px; height: 24px;\"><\/div>         <\/div>             <div class=\"kksr-star\" data-star=\"5\" style=\"padding-right: 5px\">               <div class=\"kksr-icon\" style=\"width: 24px; height: 24px;\"><\/div>         <\/div>     <\/div>      <div class=\"kksr-stars-active\" style=\"width: 136.7px;\">             <div class=\"kksr-star\" style=\"padding-right: 5px\">               <div class=\"kksr-icon\" style=\"width: 24px; height: 24px;\"><\/div>         <\/div>             <div class=\"kksr-star\" style=\"padding-right: 5px\">               <div class=\"kksr-icon\" style=\"width: 24px; height: 24px;\"><\/div>         <\/div>             <div class=\"kksr-star\" style=\"padding-right: 5px\">               <div class=\"kksr-icon\" style=\"width: 24px; height: 24px;\"><\/div>         <\/div>             <div class=\"kksr-star\" style=\"padding-right: 5px\">               <div class=\"kksr-icon\" style=\"width: 24px; height: 24px;\"><\/div>         <\/div>             <div class=\"kksr-star\" style=\"padding-right: 5px\">               <div class=\"kksr-icon\" style=\"width: 24px; height: 24px;\"><\/div>         <\/div>     <\/div> <\/div>                   <div class=\"kksr-legend\" style=\"font-size: 19.2px;\">             4,8\/5 - (68 votes)    <\/div>     <\/div>  <p class=\"translation-block\">La <strong>presse \u00e0 briquettes de sciure<\/strong> est un \u00e9quipement qui utilise diverses sciures de biomasse comme mati\u00e8re premi\u00e8re pour fabriquer des b\u00e2tons de biomasse. Et elle n'a pas besoin d'ajouter de liant pendant son traitement. En raison des caract\u00e9ristiques \u00e9cologiques et r\u00e9sistantes au feu du <strong><a href=\"https:\/\/charcoalplant.com\/fr\/news\/biomass-briquette-fuel-and-biomass-fuel\/\">charbon fabriqu\u00e9 par machine<\/a><\/strong>, il existe une forte demande sur les march\u00e9s nationaux et \u00e9trangers. Par cons\u00e9quent, les principales usines de charbon se sont pr\u00e9cipit\u00e9es pour acheter plusieurs presses \u00e0 briquettes de sciure pour le traitement des <a href=\"https:\/\/charcoalplant.com\/fr\/charcoal-making-machine-3\/\"><strong>lignes de production de charbon<\/strong>.<\/a> Contactez-nous d\u00e8s maintenant pour obtenir les derni\u00e8res informations sur le march\u00e9 des machines \u00e0 charbon.<\/p>    <h2 class=\"wp-block-heading\" id=\"h-what-is-sawdust-briquette-machine\">Qu'est-ce que la machine \u00e0 briquettes de sciure de bois\u00a0?<\/h2>    <p>La machine \u00e0 briquettes de sciure de bois est l'une des pi\u00e8ces d'\u00e9quipement importantes pour la cha\u00eene de production de machines \u00e0 charbon de bois. Habituellement, la machine de fabrication de charbon de bois et le s\u00e9choir sont plac\u00e9s devant la machine \u00e0 charbon de bois. Le but est de lui fournir des mati\u00e8res premi\u00e8res s\u00e8ches. La nouvelle machine de fabrication de tiges de sciure de charbon de bois \u00e0 \u00e9conomie d'\u00e9nergie adopte la technologie de fabrication de tiges de chauffage par induction \u00e9lectromagn\u00e9tique et de pressage de vis. En cons\u00e9quence, il produit des briquettes de sciure de bois plus denses et plus dures.<\/p>    <figure class=\"wp-block-image aligncenter size-full\"><img loading=\"lazy\" decoding=\"async\" width=\"720\" height=\"540\" src=\"https:\/\/charcoalplant.com\/wp-content\/uploads\/2022\/02\/sawdust-briquette-machine.jpg\" alt=\"machine \u00e0 briquettes de sciure de bois\" class=\"wp-image-2377\"\/><figcaption class=\"wp-element-caption\">machine \u00e0 briquettes de sciure de bois<\/figcaption><\/figure>    <h2 class=\"wp-block-heading\" id=\"h-raw-material-for-sawdust-briquette-machine\">Mati\u00e8re premi\u00e8re pour la machine \u00e0 briquettes de sciure de bois<\/h2>    <p>En fait, la machine de fabrication de briquettes de sciure de bois est tr\u00e8s respectueuse de l'environnement. En m\u00eame temps, il s\u2019agit \u00e9galement d\u2019\u00e9quipements de transformation \u00e0 haute valeur \u00e9conomique. Ses mati\u00e8res premi\u00e8res sont principalement des granul\u00e9s de sciure de bois avec une teneur en humidit\u00e9 inf\u00e9rieure \u00e0 12% et une taille inf\u00e9rieure \u00e0 6 mm. Par exemple, la sciure de bois, les balles de riz, la paille, les copeaux de bambou, les tiges de colza, les coques d'arachide, les tiges de coton, etc. Autres d\u00e9chets m\u00e9nagers courants. Tels que le marc de caf\u00e9, la bagasse, les coques de graines de th\u00e9, etc. (Remarque : les mat\u00e9riaux qui ne correspondent pas \u00e0 la taille des aliments doivent d'abord \u00eatre \u00e9cras\u00e9s.)<\/p>    <figure class=\"wp-block-gallery has-nested-images columns-default is-cropped wp-block-gallery-2 is-layout-flex wp-block-gallery-is-layout-flex\"> <figure class=\"wp-block-image size-large\"><img loading=\"lazy\" decoding=\"async\" width=\"720\" height=\"540\" data-id=\"2364\" src=\"https:\/\/charcoalplant.com\/wp-content\/uploads\/2022\/02\/bamboo.jpg\" alt=\"bambou\" class=\"wp-image-2364\"\/><figcaption class=\"wp-element-caption\">bambou<\/figcaption><\/figure>    <figure class=\"wp-block-image size-large\"><img loading=\"lazy\" decoding=\"async\" width=\"600\" height=\"400\" data-id=\"2361\" src=\"https:\/\/charcoalplant.com\/wp-content\/uploads\/2022\/02\/coffee-grounds.jpg\" alt=\"Marc de caf\u00e9\" class=\"wp-image-2361\"\/><figcaption class=\"wp-element-caption\">Marc de caf\u00e9<\/figcaption><\/figure>    <figure class=\"wp-block-image size-large\"><img loading=\"lazy\" decoding=\"async\" width=\"720\" height=\"540\" data-id=\"2365\" src=\"https:\/\/charcoalplant.com\/wp-content\/uploads\/2022\/02\/cotton-stalk-1.jpg\" alt=\"tige de coton\" class=\"wp-image-2365\"\/><figcaption class=\"wp-element-caption\">tige de coton<\/figcaption><\/figure>    <figure class=\"wp-block-image size-large\"><img loading=\"lazy\" decoding=\"async\" width=\"720\" height=\"540\" data-id=\"2362\" src=\"https:\/\/charcoalplant.com\/wp-content\/uploads\/2022\/02\/peanut-shell-1.jpg\" alt=\"coquille d&#039;arachide\" class=\"wp-image-2362\"\/><figcaption class=\"wp-element-caption\">coquille d'arachide<\/figcaption><\/figure>    <figure class=\"wp-block-image size-large\"><img loading=\"lazy\" decoding=\"async\" width=\"720\" height=\"540\" data-id=\"2363\" src=\"https:\/\/charcoalplant.com\/wp-content\/uploads\/2022\/02\/rice-husk-1.jpg\" alt=\"balle de riz\" class=\"wp-image-2363\"\/><figcaption class=\"wp-element-caption\">balle de riz<\/figcaption><\/figure>    <figure class=\"wp-block-image size-large\"><img loading=\"lazy\" decoding=\"async\" width=\"720\" height=\"540\" data-id=\"2366\" src=\"https:\/\/charcoalplant.com\/wp-content\/uploads\/2022\/02\/sawdust-2.jpg\" alt=\"sciure\" class=\"wp-image-2366\"\/><figcaption class=\"wp-element-caption\">sciure<\/figcaption><\/figure> <\/figure>    <h2 class=\"wp-block-heading\" id=\"h-structure-of-biomass-briquetting-machine\">Structure de la machine de fabrication de briquettes de sciure de bois<\/h2>    <p>La structure principale de la machine \u00e0 briquettes de sciure de bois comprend l'entr\u00e9e, la sortie, l'armoire de distribution d'\u00e9nergie, la poulie, le moteur, etc. Ses accessoires associ\u00e9s sont un anneau chauffant, une h\u00e9lice \u00e0 vis et un roulement. La structure globale de l'extrudeuse de briquettes de sciure de bois est compacte et de belle apparence.<\/p>    <figure class=\"wp-block-image aligncenter size-full\"><img loading=\"lazy\" decoding=\"async\" width=\"720\" height=\"540\" src=\"https:\/\/charcoalplant.com\/wp-content\/uploads\/2022\/02\/sawdust-biomass-briquette-machine.jpg\" alt=\"\" class=\"wp-image-2380\"\/><\/figure>    <div class=\"wp-block-columns has-background is-layout-flex wp-container-core-columns-is-layout-28f84493 wp-block-columns-is-layout-flex\" style=\"background-color:#f1f1f1\"> <div class=\"wp-block-column is-layout-flow wp-block-column-is-layout-flow\" style=\"flex-basis:66.66%\"> <figure class=\"wp-block-gallery has-nested-images columns-default is-cropped wp-block-gallery-3 is-layout-flex wp-block-gallery-is-layout-flex\"> <figure class=\"wp-block-image size-large\"><img loading=\"lazy\" decoding=\"async\" width=\"720\" height=\"540\" data-id=\"1005\" src=\"https:\/\/charcoalplant.com\/wp-content\/uploads\/2021\/11\/Metal-heating-ring-1.jpg\" alt=\"Anneau chauffant en m\u00e9tal\" class=\"wp-image-1005\" srcset=\"https:\/\/charcoalplant.com\/wp-content\/uploads\/2021\/11\/Metal-heating-ring-1.jpg 720w, https:\/\/charcoalplant.com\/wp-content\/uploads\/2021\/11\/Metal-heating-ring-1-300x225.jpg 300w\" sizes=\"auto, (max-width: 720px) 100vw, 720px\" \/><figcaption class=\"wp-element-caption\">Anneau chauffant en m\u00e9tal<\/figcaption><\/figure> <\/figure> <\/div>    <div class=\"wp-block-column is-vertically-aligned-center is-layout-flow wp-block-column-is-layout-flow\" style=\"flex-basis:33.33%\"> <p class=\"translation-block\"><strong>Anneau de chauffage m\u00e9tallique<\/strong><\/p>    <p>Le dispositif de chauffage \u00e9lectrique \u00e0 contr\u00f4le enti\u00e8rement automatique con\u00e7u peut non seulement ajuster l'humidit\u00e9 s\u00e8che du mat\u00e9riau de mani\u00e8re al\u00e9atoire. De plus, il assure la stabilit\u00e9 du d\u00e9chargement et du formage et am\u00e9liore l\u2019efficacit\u00e9 du travail.<\/p> <\/div> <\/div>    <div class=\"wp-block-columns has-background is-layout-flex wp-container-core-columns-is-layout-28f84493 wp-block-columns-is-layout-flex\" style=\"background-color:#f1f1f1\"> <div class=\"wp-block-column is-vertically-aligned-center is-layout-flow wp-block-column-is-layout-flow\" style=\"flex-basis:33.33%\"> <p class=\"translation-block\"><strong>H\u00e9lice \u00e0 vis<\/strong><\/p>    <p>La partie h\u00e9lice de la machine de fabrication de tiges adopte un traitement des mat\u00e9riaux, ce qui augmente le temps de production et prolonge la dur\u00e9e de vie.<\/p> <\/div>    <div class=\"wp-block-column is-layout-flow wp-block-column-is-layout-flow\" style=\"flex-basis:66.66%\"> <figure class=\"wp-block-gallery has-nested-images columns-default is-cropped wp-block-gallery-4 is-layout-flex wp-block-gallery-is-layout-flex\"> <figure class=\"wp-block-image size-large\"><img loading=\"lazy\" decoding=\"async\" width=\"720\" height=\"540\" data-id=\"1008\" src=\"https:\/\/charcoalplant.com\/wp-content\/uploads\/2021\/11\/Screw-propeller-1.jpg\" alt=\"H\u00e9lice \u00e0 vis\" class=\"wp-image-1008\" srcset=\"https:\/\/charcoalplant.com\/wp-content\/uploads\/2021\/11\/Screw-propeller-1.jpg 720w, https:\/\/charcoalplant.com\/wp-content\/uploads\/2021\/11\/Screw-propeller-1-300x225.jpg 300w\" sizes=\"auto, (max-width: 720px) 100vw, 720px\" \/><figcaption class=\"wp-element-caption\">H\u00e9lice \u00e0 vis<\/figcaption><\/figure> <\/figure> <\/div> <\/div>    <div class=\"wp-block-columns has-background is-layout-flex wp-container-core-columns-is-layout-28f84493 wp-block-columns-is-layout-flex\" style=\"background-color:#f1f1f1\"> <div class=\"wp-block-column is-layout-flow wp-block-column-is-layout-flow\" style=\"flex-basis:66.66%\"> <figure class=\"wp-block-gallery has-nested-images columns-default is-cropped wp-block-gallery-5 is-layout-flex wp-block-gallery-is-layout-flex\"> <figure class=\"wp-block-image size-large\"><img loading=\"lazy\" decoding=\"async\" width=\"720\" height=\"540\" data-id=\"2368\" src=\"https:\/\/charcoalplant.com\/wp-content\/uploads\/2022\/02\/mould.jpg\" alt=\"\" class=\"wp-image-2368\"\/><\/figure> <\/figure> <\/div>    <div class=\"wp-block-column is-vertically-aligned-center is-layout-flow wp-block-column-is-layout-flow\" style=\"flex-basis:33.33%\"> <p class=\"translation-block\"><strong>Moule<\/strong><\/p>    <p>Les moules des machines de fabrication de tiges de sciure de bois sont divers. Par cons\u00e9quent, il peut produire des briquettes de sciure de bois polygonales telles que quadrilat\u00e9rales, hexagonales, etc.<\/p> <\/div> <\/div>    <h2 class=\"wp-block-heading\" id=\"parameters-of-sawdust-briquette-making-machine\">Param\u00e8tres de la machine de fabrication de briquettes de sciure de bois<\/h2>    <figure class=\"wp-block-table is-style-stripes\"><table><tbody><tr><td>Mod\u00e8le<\/td><td>SL-WB50<\/td><\/tr><tr><td>Capacit\u00e9<\/td><td>250-350kg par heure<\/td><\/tr><tr><td>Pouvoir<\/td><td>18,5 kW\/22 kW<\/td><\/tr><tr><td>Dimension<\/td><td>1,7*0,7*1,4m<\/td><\/tr><tr><td>Poids<\/td><td>700 kg<\/td><\/tr><\/tbody><\/table><\/figure>    <h2 class=\"wp-block-heading\" id=\"video-of-biomass-briket-forming-machine\">Vid\u00e9o de la machine \u00e0 briquettes de biomasse de sciure de bois<\/h2>    <figure class=\"wp-block-embed is-type-video is-provider-youtube wp-block-embed-youtube wp-embed-aspect-16-9 wp-has-aspect-ratio\"><div class=\"wp-block-embed__wrapper\"> <iframe loading=\"lazy\" title=\"Fabricant de machines \u00e0 briquettes de sciure de bois | Usine de briquetage de biomasse #biomassdust#sawdust#scrapbamboo\" width=\"500\" height=\"281\" src=\"https:\/\/www.youtube.com\/embed\/XAOrW47NuvA?feature=oembed\" frameborder=\"0\" allow=\"accelerometer; autoplay; clipboard-write; encrypted-media; gyroscope; picture-in-picture; web-share\" referrerpolicy=\"strict-origin-when-cross-origin\" allowfullscreen><\/iframe> <\/div><figcaption class=\"wp-element-caption\">fabricant de machine \u00e0 briquettes de sciure de bois<\/figcaption><\/figure>    <h2 class=\"wp-block-heading\" id=\"h-features-of-sawdust-briquetting-equipment\">Caract\u00e9ristiques de la machine de fabrication de briquettes de sciure de bois <\/h2>    <p class=\"translation-block\">Nous sommes un fabricant sp\u00e9cialis\u00e9 de lignes de production de machines \u00e0 charbon. Nous avons une riche exp\u00e9rience dans la fabrication de machines \u00e0 fabriquer des tiges de sciure, de <strong><a href=\"https:\/\/charcoalplant.com\/fr\/carbonization-furnace\/vertical-carbonization-furnace\/\">fours de carbonisation<\/a><\/strong> et de d\u00e9chiqueteuses. Par cons\u00e9quent, notre presse \u00e0 briquettes de sciure pr\u00e9sente les caract\u00e9ristiques suivantes :<\/p>    <h3 class=\"wp-block-heading\">1. S\u00e9curit\u00e9<\/h3>    <p>La conception du couvercle m\u00e9tallique de l'\u00e9quipement et de l'armoire de distribution \u00e9lectrique incarne pleinement les caract\u00e9ristiques de s\u00e9curit\u00e9.<\/p>    <h3 class=\"wp-block-heading\">2. Intelligent<\/h3>    <p>Il y a plusieurs boutons sur l'armoire de distribution \u00e9lectrique, certains pour contr\u00f4ler la temp\u00e9rature et d'autres pour afficher la tension. D\u00e9marrage \u00e0 une touche, pas besoin de trop fonctionner.<\/p>    <h3 class=\"wp-block-heading\">3. Bonne qualit\u00e9<\/h3>    <p>Notre usine utilise des mat\u00e9riaux m\u00e9talliques r\u00e9pondant aux normes internationales. En d\u2019autres termes, les machines de fabrication de tiges de biomasse que nous produisons sont toutes certifi\u00e9es au niveau international.<\/p>    <h3 class=\"wp-block-heading\">4. Forte pression<\/h3>    <p>La haute pression de la machine \u00e0 briquettes de sciure de bois peut produire des tiges de biomasse \u00e0 haute densit\u00e9. La densit\u00e9 des tiges de biomasse \u00e9tant plus \u00e9lev\u00e9e, la dur\u00e9e de combustion sera plus longue. L'effet de combustion sera donc meilleur.<\/p>    <figure class=\"wp-block-image aligncenter size-full\"><img loading=\"lazy\" decoding=\"async\" width=\"720\" height=\"540\" src=\"https:\/\/charcoalplant.com\/wp-content\/uploads\/2022\/01\/biomass-briquette-extruder-plant.jpg\" alt=\"usine d&#039;extrudeuse de briquettes de biomasse\" class=\"wp-image-1787\" srcset=\"https:\/\/charcoalplant.com\/wp-content\/uploads\/2022\/01\/biomass-briquette-extruder-plant.jpg 720w, https:\/\/charcoalplant.com\/wp-content\/uploads\/2022\/01\/biomass-briquette-extruder-plant-300x225.jpg 300w\" sizes=\"auto, (max-width: 720px) 100vw, 720px\" \/><figcaption class=\"wp-element-caption\">usine d'extrudeuse de briquettes de biomasse<\/figcaption><\/figure>    <h2 class=\"wp-block-heading\" id=\"h-how-to-use-screw-biomass-briquette-press-machine\">Comment utiliser la presse \u00e0 briquettes \u00e0 biomasse \u00e0 vis\u00a0?<\/h2>    <p>Il convient de souligner ici que la machine \u00e0 briquettes de sciure de bois doit \u00eatre d\u00e9bogu\u00e9e avant utilisation. Parce que si les pi\u00e8ces de la machine \u00e0 b\u00e2tons de bois ne sont pas install\u00e9es correctement, elles produiront des b\u00e2tons de bois de mauvaise qualit\u00e9. Voici les \u00e9tapes d\u2019utilisation d\u2019une machine de fabrication de tiges de sciure de bois\u00a0:<\/p>    <p>1. D\u00e9marrez le bouton de commutation et laissez la machine chauffer jusqu'\u00e0 380 degr\u00e9s.<\/p>    <p>2. Versez de la sciure de bois dans l'entr\u00e9e d'alimentation.<\/p>    <p>3. Observez la couleur et la brillance du b\u00e2ton en bois.<\/p>    <p>La surface de la tige de biomasse est lisse et brune, ce qui indique que la machine de fabrication de tiges de sciure de bois peut \u00eatre utilis\u00e9e directement. Sinon, l'\u00e9quipement doit \u00eatre d\u00e9bogu\u00e9.<\/p>    <figure class=\"wp-block-image aligncenter size-full\"><img loading=\"lazy\" decoding=\"async\" width=\"720\" height=\"540\" src=\"https:\/\/charcoalplant.com\/wp-content\/uploads\/2022\/02\/biomass-briquetting-machine-forsale.jpg\" alt=\"\" class=\"wp-image-2370\"\/><\/figure>    <h2 class=\"wp-block-heading\" id=\"h-biomass-briquette-machine-for-sale\">Machine \u00e0 briquettes de biomasse \u00e0 vendre<\/h2>    <p class=\"translation-block\">Shuliy Machinery Equipment Co., Ltd. est un excellent fabricant de machines \u00e0 charbon. Nous vendons des broyeurs de paille, <a href=\"https:\/\/charcoalplant.com\/fr\/rice-husk-dryer\/\"><strong>s\u00e9cheurs de balle de riz<\/strong><\/a>, <strong><a href=\"https:\/\/charcoalplant.com\/fr\/log-chipper\/\">copeaux \u00e0 bois<\/a><\/strong>, etc. Gr\u00e2ce \u00e0 une investigation continue du march\u00e9 des machines \u00e0 briqueter la sciure, nous avons apport\u00e9 des am\u00e9liorations raisonnables \u00e0 l'\u00e9quipement. L'apparence est plus concise qu'avant. Structurellement, il est plus facile \u00e0 r\u00e9parer et \u00e0 remplacer les pi\u00e8ces qu'auparavant. Contactez-nous donc d\u00e8s maintenant pour obtenir la derni\u00e8re liste de prix des produits.<\/p>    <figure class=\"wp-block-gallery has-nested-images columns-default is-cropped wp-block-gallery-6 is-layout-flex wp-block-gallery-is-layout-flex\"> <figure class=\"wp-block-image size-full\"><img loading=\"lazy\" decoding=\"async\" width=\"720\" height=\"540\" data-id=\"2371\" src=\"https:\/\/charcoalplant.com\/wp-content\/uploads\/2022\/02\/sawdust-briquette-machine-plant.jpg\" alt=\"\" class=\"wp-image-2371\"\/><figcaption class=\"wp-element-caption\">extrudeuse de sciure de briquettes<\/figcaption><\/figure>    <figure class=\"wp-block-image size-full\"><img loading=\"lazy\" decoding=\"async\" width=\"720\" height=\"540\" data-id=\"2372\" src=\"https:\/\/charcoalplant.com\/wp-content\/uploads\/2022\/02\/shippment-1.jpg\" alt=\"\" class=\"wp-image-2372\"\/><figcaption class=\"wp-element-caption\">Am\u00e9lior\u00e9<\/figcaption><\/figure> <\/figure>    <h2 class=\"wp-block-heading\" id=\"h-application-of-sawdust-briquetting-extruder-machine\">Application de la machine d'extrudeuse de briquettes de sciure de bois <\/h2>    <p>La tige de biomasse produite par l'extrudeuse de briquettes de sciure de bois est dans un \u00e9tat creux. Ces produits finis peuvent non seulement \u00eatre directement utilis\u00e9s pour la combustion des chaudi\u00e8res. Il convient \u00e9galement aux usines de charbon de bois pour fabriquer du charbon de bois apr\u00e8s traitement. Bref, c\u2019est actuellement un mat\u00e9riau de combustion tr\u00e8s appr\u00e9ci\u00e9.<\/p>    <figure class=\"wp-block-gallery has-nested-images columns-default is-cropped wp-block-gallery-7 is-layout-flex wp-block-gallery-is-layout-flex\"> <figure class=\"wp-block-image size-large\"><img loading=\"lazy\" decoding=\"async\" width=\"720\" height=\"540\" data-id=\"1791\" src=\"https:\/\/charcoalplant.com\/wp-content\/uploads\/2022\/01\/biomass-rod-.jpg\" alt=\"tige de biomasse\" class=\"wp-image-1791\" srcset=\"https:\/\/charcoalplant.com\/wp-content\/uploads\/2022\/01\/biomass-rod-.jpg 720w, https:\/\/charcoalplant.com\/wp-content\/uploads\/2022\/01\/biomass-rod--300x225.jpg 300w\" sizes=\"auto, (max-width: 720px) 100vw, 720px\" \/><figcaption class=\"wp-element-caption\">tige de biomasse<\/figcaption><\/figure>    <figure class=\"wp-block-image size-full\"><img loading=\"lazy\" decoding=\"async\" width=\"720\" height=\"540\" data-id=\"1788\" src=\"https:\/\/charcoalplant.com\/wp-content\/uploads\/2022\/01\/packed-sawdust-briquette.jpg\" alt=\"briquette-de-sciure-emball\u00e9e\" class=\"wp-image-1788\" srcset=\"https:\/\/charcoalplant.com\/wp-content\/uploads\/2022\/01\/packed-sawdust-briquette.jpg 720w, https:\/\/charcoalplant.com\/wp-content\/uploads\/2022\/01\/packed-sawdust-briquette-300x225.jpg 300w\" sizes=\"auto, (max-width: 720px) 100vw, 720px\" \/><figcaption class=\"wp-element-caption\">briquette-de-sciure-emball\u00e9e<\/figcaption><\/figure> <\/figure>","protected":false},"excerpt":{"rendered":"<p>La machine \u00e0 briquettes de sciure de bois est un outil important pour fabriquer des tiges de biomasse. Les b\u00e2tons ont une vitesse de combustion \u00e9lev\u00e9e, ce qui est tr\u00e8s appr\u00e9ci\u00e9.<\/p>","protected":false},"author":1,"featured_media":1973,"parent":0,"template":"","tags":[66],"product-type":[43],"class_list":["post-999","product","type-product","status-publish","has-post-thumbnail","hentry","tag-biomass-briquette-machine","product-type-biomass-briquette-machine"],"_links":{"self":[{"href":"https:\/\/charcoalplant.com\/fr\/wp-json\/wp\/v2\/product\/999","targetHints":{"allow":["GET"]}}],"collection":[{"href":"https:\/\/charcoalplant.com\/fr\/wp-json\/wp\/v2\/product"}],"about":[{"href":"https:\/\/charcoalplant.com\/fr\/wp-json\/wp\/v2\/types\/product"}],"author":[{"embeddable":true,"href":"https:\/\/charcoalplant.com\/fr\/wp-json\/wp\/v2\/users\/1"}],"wp:featuredmedia":[{"embeddable":true,"href":"https:\/\/charcoalplant.com\/fr\/wp-json\/wp\/v2\/media\/1973"}],"wp:attachment":[{"href":"https:\/\/charcoalplant.com\/fr\/wp-json\/wp\/v2\/media?parent=999"}],"wp:term":[{"taxonomy":"post_tag","embeddable":true,"href":"https:\/\/charcoalplant.com\/fr\/wp-json\/wp\/v2\/tags?post=999"},{"taxonomy":"product-type","embeddable":true,"href":"https:\/\/charcoalplant.com\/fr\/wp-json\/wp\/v2\/product-type?post=999"}],"curies":[{"name":"wp","href":"https:\/\/api.w.org\/{rel}","templated":true}]}}