{"id":45,"date":"2021-12-28T09:51:03","date_gmt":"2021-12-28T09:51:03","guid":{"rendered":"http:\/\/charcoalplant.local\/?page_id=45"},"modified":"2024-03-29T15:17:15","modified_gmt":"2024-03-29T07:17:15","slug":"first-purchase-consultation","status":"publish","type":"page","link":"https:\/\/charcoalplant.com\/pt\/first-purchase-consultation\/","title":{"rendered":"Primeira consulta de compra"},"content":{"rendered":"<p class=\"has-normal-font-size translation-block\">Bem-vindo \u00e0 <strong>Shuliy Machinery <\/strong>Equipment Co., Ltd. Para uma melhor experi\u00eancia de compra, preparamos para si um guia de compra detalhado. <\/p>    <p class=\"has-normal-font-size translation-block\">Deixe-me apresentar-lhe alguns dos produtos especiais da nossa empresa. Como <strong>forno de carboniza\u00e7\u00e3o, m\u00e1quina de carv\u00e3o de casca de coco, m\u00e1quina de briquetes de carv\u00e3o e m\u00e1quina de briquetes de serradura.<\/strong> Outros produtos tamb\u00e9m s\u00e3o bons, incluindo <strong>m\u00e1quina de descascar madeira, m\u00e1quina de aparas de toros, triturador de madeira, m\u00e1quina de picar madeira,<\/strong> e assim por diante. <\/p>    <p class=\"has-normal-font-size translation-block\">O nosso website tem uma vasta gama de produtos. Pode tamb\u00e9m contactar o servi\u00e7o de apoio ao cliente para consulta. Se n\u00e3o sabe o nome da m\u00e1quina, pode dizer-nos <strong>quais s\u00e3o as suas mat\u00e9rias-primas, que produtos planeia fazer, qual \u00e9 o seu or\u00e7amento,<\/strong> e assim por diante. Recomendamos solu\u00e7\u00f5es adequadas para si.<\/p>    <h2 class=\"wp-block-heading\" id=\"h-popular-products\">Produtos populares<\/h2>    <div class=\"wp-block-columns is-layout-flex wp-container-core-columns-is-layout-28f84493 wp-block-columns-is-layout-flex\"> <div class=\"wp-block-column is-layout-flow wp-block-column-is-layout-flow\"> <p><a href=\"https:\/\/charcoalplant.com\/pt\/carbonization-furnace\/vertical-carbonization-furnace\/\">Forno de Carboniza\u00e7\u00e3o Vertical | Planta de forno de carboniza\u00e7\u00e3o de toras<\/a><\/p>    <figure class=\"wp-block-gallery has-nested-images columns-default is-cropped wp-block-gallery-2 is-layout-flex wp-block-gallery-is-layout-flex\"> <figure class=\"wp-block-image size-large\"><img loading=\"lazy\" decoding=\"async\" width=\"720\" height=\"540\" data-id=\"1112\" src=\"https:\/\/charcoalplant.com\/wp-content\/uploads\/2021\/12\/Vertical-carbonization-furnace-Production-line-1-1.jpg\" alt=\"Linha de produ\u00e7\u00e3o de forno de carboniza\u00e7\u00e3o vertical\" class=\"wp-image-1112\" srcset=\"https:\/\/charcoalplant.com\/wp-content\/uploads\/2021\/12\/Vertical-carbonization-furnace-Production-line-1-1.jpg 720w, https:\/\/charcoalplant.com\/wp-content\/uploads\/2021\/12\/Vertical-carbonization-furnace-Production-line-1-1-300x225.jpg 300w\" sizes=\"auto, (max-width: 720px) 100vw, 720px\" \/><figcaption class=\"wp-element-caption\">Linha de produ\u00e7\u00e3o de forno de carboniza\u00e7\u00e3o vertical<\/figcaption><\/figure> <\/figure> <\/div>    <div class=\"wp-block-column is-layout-flow wp-block-column-is-layout-flow\"> <p><a href=\"https:\/\/charcoalplant.com\/pt\/biomass-briquette-machine\/sawdust-briquette-machine\/\">M\u00e1quina de briquetagem de serragem | M\u00e1quina de briquetagem de biomassa para venda<\/a><\/p>    <figure class=\"wp-block-gallery has-nested-images columns-default is-cropped wp-block-gallery-3 is-layout-flex wp-block-gallery-is-layout-flex\"> <figure class=\"wp-block-image size-large\"><img loading=\"lazy\" decoding=\"async\" width=\"720\" height=\"540\" data-id=\"1001\" src=\"https:\/\/charcoalplant.com\/wp-content\/uploads\/2021\/11\/\u5c01\u9762-1.jpg\" alt=\"M\u00e1quina de briquetagem de serragem\" class=\"wp-image-1001\" srcset=\"https:\/\/charcoalplant.com\/wp-content\/uploads\/2021\/11\/\u5c01\u9762-1.jpg 720w, https:\/\/charcoalplant.com\/wp-content\/uploads\/2021\/11\/\u5c01\u9762-1-300x225.jpg 300w\" sizes=\"auto, (max-width: 720px) 100vw, 720px\" \/><figcaption class=\"wp-element-caption\">M\u00e1quina de briquetagem de serragem<\/figcaption><\/figure> <\/figure> <\/div> <\/div>    <div class=\"wp-block-columns is-layout-flex wp-container-core-columns-is-layout-28f84493 wp-block-columns-is-layout-flex\"> <div class=\"wp-block-column is-layout-flow wp-block-column-is-layout-flow\"> <p><a href=\"https:\/\/charcoalplant.com\/pt\/charcoal-briquetting-machine\/charcoal-powder-briquette-machine\/\">M\u00e1quina de briquetagem de carv\u00e3o em p\u00f3 | Fabricante de m\u00e1quina de prensa de carv\u00e3o<\/a><\/p>    <figure class=\"wp-block-gallery has-nested-images columns-default is-cropped wp-block-gallery-4 is-layout-flex wp-block-gallery-is-layout-flex\"> <figure class=\"wp-block-image size-large\"><img loading=\"lazy\" decoding=\"async\" width=\"720\" height=\"540\" data-id=\"1197\" src=\"https:\/\/charcoalplant.com\/wp-content\/uploads\/2021\/12\/charcoal-powder-briquette-machine-price-1.jpg\" alt=\"Pre\u00e7o da m\u00e1quina de briquetagem de p\u00f3 de carv\u00e3o\" class=\"wp-image-1197\" srcset=\"https:\/\/charcoalplant.com\/wp-content\/uploads\/2021\/12\/charcoal-powder-briquette-machine-price-1.jpg 720w, https:\/\/charcoalplant.com\/wp-content\/uploads\/2021\/12\/charcoal-powder-briquette-machine-price-1-300x225.jpg 300w\" sizes=\"auto, (max-width: 720px) 100vw, 720px\" \/><figcaption class=\"wp-element-caption\">Pre\u00e7o da m\u00e1quina de briquetagem de p\u00f3 de carv\u00e3o<\/figcaption><\/figure> <\/figure> <\/div>    <div class=\"wp-block-column is-layout-flow wp-block-column-is-layout-flow\"> <p><a href=\"https:\/\/charcoalplant.com\/pt\/charcoal-briquetting-machine\/best-shisha-charcoal-machine\/\">Melhor m\u00e1quina de carv\u00e3o Shisha | Prensa para comprimidos de carv\u00e3o de coco<\/a><\/p>    <figure class=\"wp-block-gallery has-nested-images columns-default is-cropped wp-block-gallery-5 is-layout-flex wp-block-gallery-is-layout-flex\"> <figure class=\"wp-block-image size-large\"><img loading=\"lazy\" decoding=\"async\" width=\"720\" height=\"540\" data-id=\"1356\" src=\"https:\/\/charcoalplant.com\/wp-content\/uploads\/2021\/12\/best-shisha-charcoal-machine-supplier-1.jpg\" alt=\"melhor fornecedor de m\u00e1quina de carv\u00e3o shisha\" class=\"wp-image-1356\" srcset=\"https:\/\/charcoalplant.com\/wp-content\/uploads\/2021\/12\/best-shisha-charcoal-machine-supplier-1.jpg 720w, https:\/\/charcoalplant.com\/wp-content\/uploads\/2021\/12\/best-shisha-charcoal-machine-supplier-1-300x225.jpg 300w\" sizes=\"auto, (max-width: 720px) 100vw, 720px\" \/><figcaption class=\"wp-element-caption\">melhor fornecedor de m\u00e1quina de carv\u00e3o shisha<\/figcaption><\/figure> <\/figure> <\/div> <\/div>    <h2 class=\"wp-block-heading\">produtos recomendados<\/h2>    <div class=\"wp-block-columns is-layout-flex wp-container-core-columns-is-layout-28f84493 wp-block-columns-is-layout-flex\"> <div class=\"wp-block-column is-layout-flow wp-block-column-is-layout-flow\"> <p><a href=\"https:\/\/charcoalplant.com\/pt\/drying-machine\/rice-husk-dryer\/\">Secador de casca de arroz | Fabricante de m\u00e1quinas de secagem<\/a><\/p>    <figure class=\"wp-block-gallery has-nested-images columns-default is-cropped wp-block-gallery-6 is-layout-flex wp-block-gallery-is-layout-flex\"> <figure class=\"wp-block-image size-large\"><img loading=\"lazy\" decoding=\"async\" width=\"720\" height=\"540\" data-id=\"960\" src=\"https:\/\/charcoalplant.com\/wp-content\/uploads\/2021\/11\/Rice-husk-dryer-1.jpg\" alt=\"Secador de casca de arroz\" class=\"wp-image-960\" srcset=\"https:\/\/charcoalplant.com\/wp-content\/uploads\/2021\/11\/Rice-husk-dryer-1.jpg 720w, https:\/\/charcoalplant.com\/wp-content\/uploads\/2021\/11\/Rice-husk-dryer-1-300x225.jpg 300w\" sizes=\"auto, (max-width: 720px) 100vw, 720px\" \/><figcaption class=\"wp-element-caption\">Secador de casca de arroz<\/figcaption><\/figure> <\/figure> <\/div>    <div class=\"wp-block-column is-layout-flow wp-block-column-is-layout-flow\"> <p class=\"translation-block\"><a href=\"https:\/\/charcoalplant.com\/pt\/wood-wastes-recycling-machine\/hammer-mill\/\"><\/a><a href=\"https:\/\/charcoalplant.com\/pt\/product\/charcoal-briquettes-packing-machine\/\"><a href=\"https:\/\/charcoalplant.com\/pt\/briquettes-packing-machine\/charcoal-briquettes-packing-machine\/\">M\u00e1quina de Embalagem de Briquetes de Carv\u00e3o | Embaladora de Carv\u00e3o<\/a><\/a><\/p>    <figure class=\"wp-block-gallery has-nested-images columns-default is-cropped wp-block-gallery-7 is-layout-flex wp-block-gallery-is-layout-flex\"> <figure class=\"wp-block-image size-large\"><img loading=\"lazy\" decoding=\"async\" width=\"720\" height=\"540\" data-id=\"1503\" src=\"https:\/\/charcoalplant.com\/wp-content\/uploads\/2021\/12\/Shisha-Charcoal-Packing-Machine-1.jpg\" alt=\"M\u00e1quina de embalagem de carv\u00e3o Shisha\" class=\"wp-image-1503\" srcset=\"https:\/\/charcoalplant.com\/wp-content\/uploads\/2021\/12\/Shisha-Charcoal-Packing-Machine-1.jpg 720w, https:\/\/charcoalplant.com\/wp-content\/uploads\/2021\/12\/Shisha-Charcoal-Packing-Machine-1-300x225.jpg 300w\" sizes=\"auto, (max-width: 720px) 100vw, 720px\" \/><figcaption class=\"wp-element-caption\">M\u00e1quina de embalagem de carv\u00e3o Shisha<\/figcaption><\/figure> <\/figure> <\/div>    <div class=\"wp-block-column is-layout-flow wp-block-column-is-layout-flow\"> <p><a href=\"https:\/\/charcoalplant.com\/pt\/grinder-and-mixer\/charcoal-shredder\/\">Triturador de carv\u00e3o | M\u00e1quina de britagem de composto de carv\u00e3o<\/a><\/p>    <figure class=\"wp-block-gallery has-nested-images columns-default is-cropped wp-block-gallery-8 is-layout-flex wp-block-gallery-is-layout-flex\"> <figure class=\"wp-block-image size-large\"><img loading=\"lazy\" decoding=\"async\" width=\"720\" height=\"540\" data-id=\"1714\" src=\"https:\/\/charcoalplant.com\/wp-content\/uploads\/2021\/12\/charcoal-shredder-manufacturer-1.jpg\" alt=\"fabricante de triturador de carv\u00e3o\" class=\"wp-image-1714\" srcset=\"https:\/\/charcoalplant.com\/wp-content\/uploads\/2021\/12\/charcoal-shredder-manufacturer-1.jpg 720w, https:\/\/charcoalplant.com\/wp-content\/uploads\/2021\/12\/charcoal-shredder-manufacturer-1-300x225.jpg 300w\" sizes=\"auto, (max-width: 720px) 100vw, 720px\" \/><figcaption class=\"wp-element-caption\">fabricante de triturador de carv\u00e3o<\/figcaption><\/figure> <\/figure> <\/div> <\/div>","protected":false},"excerpt":{"rendered":"<p>Welcome to Shuliy Machinery Equipment Co., Ltd. For your better shopping experience, we have prepared a detailed buying guide for you. Here let me introduce to you some of our company&#8217;s special products. Such as carbonization furnace, coconut shell charcoal machine, coal briket machine, and sawdust briquette machine. Other products are also good, including wood [&hellip;]<\/p>\n","protected":false},"author":1,"featured_media":985,"parent":0,"menu_order":0,"comment_status":"closed","ping_status":"closed","template":"","meta":{"footnotes":""},"class_list":["post-45","page","type-page","status-publish","has-post-thumbnail","hentry"],"_links":{"self":[{"href":"https:\/\/charcoalplant.com\/pt\/wp-json\/wp\/v2\/pages\/45","targetHints":{"allow":["GET"]}}],"collection":[{"href":"https:\/\/charcoalplant.com\/pt\/wp-json\/wp\/v2\/pages"}],"about":[{"href":"https:\/\/charcoalplant.com\/pt\/wp-json\/wp\/v2\/types\/page"}],"author":[{"embeddable":true,"href":"https:\/\/charcoalplant.com\/pt\/wp-json\/wp\/v2\/users\/1"}],"replies":[{"embeddable":true,"href":"https:\/\/charcoalplant.com\/pt\/wp-json\/wp\/v2\/comments?post=45"}],"version-history":[{"count":0,"href":"https:\/\/charcoalplant.com\/pt\/wp-json\/wp\/v2\/pages\/45\/revisions"}],"wp:featuredmedia":[{"embeddable":true,"href":"https:\/\/charcoalplant.com\/pt\/wp-json\/wp\/v2\/media\/985"}],"wp:attachment":[{"href":"https:\/\/charcoalplant.com\/pt\/wp-json\/wp\/v2\/media?parent=45"}],"curies":[{"name":"wp","href":"https:\/\/api.w.org\/{rel}","templated":true}]}}