{"id":8,"date":"2021-12-28T05:28:32","date_gmt":"2021-12-28T05:28:32","guid":{"rendered":"http:\/\/charcoalplant.local\/?page_id=8"},"modified":"2023-01-10T16:03:19","modified_gmt":"2023-01-10T08:03:19","slug":"about","status":"publish","type":"page","link":"https:\/\/charcoalplant.com\/pt\/about-us\/","title":{"rendered":"Sobre Shuliy"},"content":{"rendered":"<figure class=\"wp-block-image aligncenter size-full is-resized\"><img loading=\"lazy\" decoding=\"async\" src=\"https:\/\/charcoalplant.com\/wp-content\/uploads\/2022\/01\/shuliy-machinery.png\" alt=\"\" class=\"wp-image-1753\" width=\"776\" height=\"323\" srcset=\"https:\/\/charcoalplant.com\/wp-content\/uploads\/2022\/01\/shuliy-machinery.png 1024w, https:\/\/charcoalplant.com\/wp-content\/uploads\/2022\/01\/shuliy-machinery-300x125.png 300w, https:\/\/charcoalplant.com\/wp-content\/uploads\/2022\/01\/shuliy-machinery-768x320.png 768w\" sizes=\"auto, (max-width: 776px) 100vw, 776px\" \/><\/figure>    <ul class=\"wp-block-list\"> <li>Fabricante e exportador de m\u00e1quinas de carv\u00e3o h\u00e1 mais de 10 anos.<\/li>    <li>Com quase 200 equipes de P&amp;D, fabrica\u00e7\u00e3o e vendas.<\/li>    <li>Concentre-se em fornecer solu\u00e7\u00f5es gerais de carv\u00e3o para alcan\u00e7ar os neg\u00f3cios de carv\u00e3o dos clientes.<\/li>    <li>Certifique-se de que cada m\u00e1quina de carv\u00e3o vendida possa gerar benef\u00edcios para os clientes.<\/li> <\/ul>    <h2 class=\"has-black-color has-text-color wp-block-heading\" id=\"h-composition-of-shuliy\" style=\"margin-top:30px;margin-bottom:30px\">Composi\u00e7\u00e3o de Shuliy<\/h2>    <figure class=\"wp-block-image aligncenter size-full is-resized\"><img loading=\"lazy\" decoding=\"async\" src=\"https:\/\/charcoalplant.com\/wp-content\/uploads\/2022\/01\/shuliy-company-1.png\" alt=\"\" class=\"wp-image-1755\" width=\"799\" height=\"327\" srcset=\"https:\/\/charcoalplant.com\/wp-content\/uploads\/2022\/01\/shuliy-company-1.png 789w, https:\/\/charcoalplant.com\/wp-content\/uploads\/2022\/01\/shuliy-company-1-300x123.png 300w, https:\/\/charcoalplant.com\/wp-content\/uploads\/2022\/01\/shuliy-company-1-768x314.png 768w\" sizes=\"auto, (max-width: 799px) 100vw, 799px\" \/><\/figure>    <p class=\"translation-block\"><strong>Equipa de I&amp;D e pesquisa de mercado<\/strong><\/p>    <p>As equipes de P&amp;D de equipamentos e pesquisa de mercado na f\u00e1brica de Shuliy s\u00e3o todas engenheiros mec\u00e2nicos com 5 a 10 anos de experi\u00eancia profissional e t\u00eam uma experi\u00eancia muito rica em atualiza\u00e7\u00f5es e melhorias de equipamentos.<\/p>    <p class=\"translation-block\"><strong>Equipa de fabrico e inspe\u00e7\u00e3o de qualidade<\/strong><\/p>    <p>A equipe de fabrica\u00e7\u00e3o de equipamentos de carv\u00e3o e inspe\u00e7\u00e3o de qualidade \u00e9 o departamento principal da f\u00e1brica Shuliy. Todos s\u00e3o trabalhadores profissionais altamente remunerados, com vasta experi\u00eancia e trabalho s\u00e9rio. O departamento de inspe\u00e7\u00e3o de qualidade realizar\u00e1 inspe\u00e7\u00f5es rigorosas nos produtos a serem enviados.<\/p>    <p class=\"translation-block\"><strong>Equipa de vendas e p\u00f3s-venda<\/strong><\/p>    <p>O pessoal internacional de vendas e servi\u00e7o p\u00f3s-venda da f\u00e1brica Shuliy s\u00e3o talentos modernos que se formaram em escolas de prest\u00edgio. Eles podem comunicar-se com clientes de diferentes pa\u00edses sem barreiras.<\/p>    <h2 class=\"wp-block-heading\">Avalia\u00e7\u00f5es de Clientes<\/h2>    <div class=\"wp-block-columns has-background is-layout-flex wp-container-core-columns-is-layout-28f84493 wp-block-columns-is-layout-flex\" style=\"background-color:#f1f1f1\"> <div class=\"wp-block-column is-layout-flow wp-block-column-is-layout-flow\"> <figure class=\"wp-block-image aligncenter size-full is-resized\"><img loading=\"lazy\" decoding=\"async\" src=\"https:\/\/charcoalplant.com\/wp-content\/uploads\/2022\/03\/Ghana-customer-1-1.jpg\" alt=\"\" class=\"wp-image-2728\" width=\"402\" height=\"301\"\/><\/figure> <\/div>    <div class=\"wp-block-column is-vertically-aligned-center is-layout-flow wp-block-column-is-layout-flow\"> <p>\u201cCooperar com a empresa Shuliy \u00e9 uma coisa muito agrad\u00e1vel! Quando visitei a f\u00e1brica Shuliy, tamb\u00e9m comi comida tradicional chinesa \u2013 Zongzi!<\/p>    <p>\u2013Ahmed Essa<\/p> <\/div> <\/div>    <div class=\"wp-block-columns has-background is-layout-flex wp-container-core-columns-is-layout-28f84493 wp-block-columns-is-layout-flex\" style=\"background-color:#f1f1f1\"> <div class=\"wp-block-column is-vertically-aligned-center is-layout-flow wp-block-column-is-layout-flow\"> <p>\u201cO forno de carboniza\u00e7\u00e3o que comprei para a f\u00e1brica na Nig\u00e9ria j\u00e1 foi entregue. O equipamento foi embalado em boas condi\u00e7\u00f5es, sem qualquer dano. A f\u00e1brica Shuliy tamb\u00e9m forneceu muitos acess\u00f3rios e instru\u00e7\u00f5es detalhadas de instala\u00e7\u00e3o gratuitamente, o que me surpreendeu!\u201d<\/p>    <p>\u2013Mahmut Tepebasi<\/p> <\/div>    <div class=\"wp-block-column is-layout-flow wp-block-column-is-layout-flow\"> <figure class=\"wp-block-image aligncenter size-full is-resized\"><img loading=\"lazy\" decoding=\"async\" src=\"https:\/\/charcoalplant.com\/wp-content\/uploads\/2022\/03\/Saudi-customer-1.jpg\" alt=\"\" class=\"wp-image-2725\" width=\"371\" height=\"279\"\/><\/figure> <\/div> <\/div>    <div class=\"wp-block-columns has-background is-layout-flex wp-container-core-columns-is-layout-28f84493 wp-block-columns-is-layout-flex\" style=\"background-color:#f1f1f1\"> <div class=\"wp-block-column is-layout-flow wp-block-column-is-layout-flow\"> <figure class=\"wp-block-image aligncenter size-full is-resized\"><img loading=\"lazy\" decoding=\"async\" src=\"https:\/\/charcoalplant.com\/wp-content\/uploads\/2022\/03\/Filipino-customers-1.jpg\" alt=\"\" class=\"wp-image-2719\" width=\"416\" height=\"312\"\/><\/figure> <\/div>    <div class=\"wp-block-column is-vertically-aligned-center is-layout-flow wp-block-column-is-layout-flow\"> <p>\u201cMeu parceiro e eu estamos muito satisfeitos com o equipamento de processamento de carv\u00e3o para narguil\u00e9 da Shuliy! A produ\u00e7\u00e3o da linha de produ\u00e7\u00e3o completa \u00e9 de cerca de 500kg\/h, o que est\u00e1 em linha com as nossas expectativas.\u201d<\/p>    <p>\u2013 Kyriano<\/p> <\/div> <\/div>    <div class=\"wp-block-columns has-background is-layout-flex wp-container-core-columns-is-layout-28f84493 wp-block-columns-is-layout-flex\" style=\"background-color:#f1f1f1\"> <div class=\"wp-block-column is-vertically-aligned-center is-layout-flow wp-block-column-is-layout-flow\"> <p>\u201cEstou muito feliz em cooperar com a f\u00e1brica Shuliy, a m\u00e1quina de briquetagem de carv\u00e3o que comprei foi enviada a tempo. Muito obrigado pelo v\u00eddeo de instru\u00e7\u00f5es de funcionamento da m\u00e1quina que voc\u00ea fez para n\u00f3s, me ajudou muito!\u201d<\/p>    <p>\u2013 Ben Lmeogu<\/p> <\/div>    <div class=\"wp-block-column is-layout-flow wp-block-column-is-layout-flow\"> <figure class=\"wp-block-image aligncenter size-full is-resized\"><img loading=\"lazy\" decoding=\"async\" src=\"https:\/\/charcoalplant.com\/wp-content\/uploads\/2022\/03\/British-customers-1.jpg\" alt=\"\" class=\"wp-image-2722\" width=\"389\" height=\"292\"\/><\/figure> <\/div> <\/div>    <p><\/p>","protected":false},"excerpt":{"rendered":"<p>Composition of Shuliy R&amp;D and market research team The equipment R&amp;D and market research teams in the Shuliy factory are all mechanical engineers with 5-10 years of work experience, and they have very rich experience in equipment updates and improvement. Manufacturing and quality inspection team The charcoal equipment manufacturing and quality inspection team is the [&hellip;]<\/p>\n","protected":false},"author":1,"featured_media":0,"parent":0,"menu_order":0,"comment_status":"closed","ping_status":"closed","template":"","meta":{"footnotes":""},"class_list":["post-8","page","type-page","status-publish","hentry"],"_links":{"self":[{"href":"https:\/\/charcoalplant.com\/pt\/wp-json\/wp\/v2\/pages\/8","targetHints":{"allow":["GET"]}}],"collection":[{"href":"https:\/\/charcoalplant.com\/pt\/wp-json\/wp\/v2\/pages"}],"about":[{"href":"https:\/\/charcoalplant.com\/pt\/wp-json\/wp\/v2\/types\/page"}],"author":[{"embeddable":true,"href":"https:\/\/charcoalplant.com\/pt\/wp-json\/wp\/v2\/users\/1"}],"replies":[{"embeddable":true,"href":"https:\/\/charcoalplant.com\/pt\/wp-json\/wp\/v2\/comments?post=8"}],"version-history":[{"count":0,"href":"https:\/\/charcoalplant.com\/pt\/wp-json\/wp\/v2\/pages\/8\/revisions"}],"wp:attachment":[{"href":"https:\/\/charcoalplant.com\/pt\/wp-json\/wp\/v2\/media?parent=8"}],"curies":[{"name":"wp","href":"https:\/\/api.w.org\/{rel}","templated":true}]}}