{"id":1042,"date":"2021-12-01T03:47:15","date_gmt":"2021-12-01T03:47:15","guid":{"rendered":"https:\/\/charcoalplant.com\/?p=1042"},"modified":"2023-01-06T16:54:05","modified_gmt":"2023-01-06T08:54:05","slug":"vertical-carbonization-furnace","status":"publish","type":"product","link":"https:\/\/charcoalplant.com\/pt\/product\/vertical-carbonization-furnace\/","title":{"rendered":"Forno de Carboniza\u00e7\u00e3o Vertical | M\u00e1quina pequena para fazer carv\u00e3o"},"content":{"rendered":"<div class=\"kk-star-ratings kksr-auto kksr-align-left kksr-valign-top\"     data-payload='{&quot;align&quot;:&quot;left&quot;,&quot;id&quot;:&quot;1042&quot;,&quot;slug&quot;:&quot;default&quot;,&quot;valign&quot;:&quot;top&quot;,&quot;ignore&quot;:&quot;&quot;,&quot;reference&quot;:&quot;auto&quot;,&quot;class&quot;:&quot;&quot;,&quot;count&quot;:&quot;10&quot;,&quot;legendonly&quot;:&quot;&quot;,&quot;readonly&quot;:&quot;&quot;,&quot;score&quot;:&quot;4.9&quot;,&quot;starsonly&quot;:&quot;&quot;,&quot;best&quot;:&quot;5&quot;,&quot;gap&quot;:&quot;5&quot;,&quot;greet&quot;:&quot;Rate this product&quot;,&quot;legend&quot;:&quot;4.9\\\/5 - (10 votes)&quot;,&quot;size&quot;:&quot;24&quot;,&quot;title&quot;:&quot;Vertical Carbonization Furnace | Small Charcoal Making Machine&quot;,&quot;width&quot;:&quot;139.6&quot;,&quot;_legend&quot;:&quot;{score}\\\/{best} - ({count} {votes})&quot;,&quot;font_factor&quot;:&quot;1.25&quot;}'>              <div class=\"kksr-stars\">      <div class=\"kksr-stars-inactive\">             <div class=\"kksr-star\" data-star=\"1\" style=\"padding-right: 5px\">               <div class=\"kksr-icon\" style=\"width: 24px; height: 24px;\"><\/div>         <\/div>             <div class=\"kksr-star\" data-star=\"2\" style=\"padding-right: 5px\">               <div class=\"kksr-icon\" style=\"width: 24px; height: 24px;\"><\/div>         <\/div>             <div class=\"kksr-star\" data-star=\"3\" style=\"padding-right: 5px\">               <div class=\"kksr-icon\" style=\"width: 24px; height: 24px;\"><\/div>         <\/div>             <div class=\"kksr-star\" data-star=\"4\" style=\"padding-right: 5px\">               <div class=\"kksr-icon\" style=\"width: 24px; height: 24px;\"><\/div>         <\/div>             <div class=\"kksr-star\" data-star=\"5\" style=\"padding-right: 5px\">               <div class=\"kksr-icon\" style=\"width: 24px; height: 24px;\"><\/div>         <\/div>     <\/div>      <div class=\"kksr-stars-active\" style=\"width: 139.6px;\">             <div class=\"kksr-star\" style=\"padding-right: 5px\">               <div class=\"kksr-icon\" style=\"width: 24px; height: 24px;\"><\/div>         <\/div>             <div class=\"kksr-star\" style=\"padding-right: 5px\">               <div class=\"kksr-icon\" style=\"width: 24px; height: 24px;\"><\/div>         <\/div>             <div class=\"kksr-star\" style=\"padding-right: 5px\">               <div class=\"kksr-icon\" style=\"width: 24px; height: 24px;\"><\/div>         <\/div>             <div class=\"kksr-star\" style=\"padding-right: 5px\">               <div class=\"kksr-icon\" style=\"width: 24px; height: 24px;\"><\/div>         <\/div>             <div class=\"kksr-star\" style=\"padding-right: 5px\">               <div class=\"kksr-icon\" style=\"width: 24px; height: 24px;\"><\/div>         <\/div>     <\/div> <\/div>                   <div class=\"kksr-legend\" style=\"font-size: 19.2px;\">             4,9\/5 - (10 votos)    <\/div>     <\/div>  <p class=\"translation-block\">O <strong>forno de carboniza\u00e7\u00e3o vertical<\/strong> \u00e9 uma pequena m\u00e1quina de fazer carv\u00e3o vegetal. \u00c9 tamb\u00e9m chamado de forno de carboniza\u00e7\u00e3o de i\u00e7amento. \u00c9 um forno de carboniza\u00e7\u00e3o de fluxo de ar de economia de energia rec\u00e9m-desenvolvido. N\u00e3o s\u00f3 isso, mas tamb\u00e9m usa um dispositivo de guindaste de i\u00e7amento controlado remotamente. Portanto, o operador pode completar facilmente a tarefa de carregamento e descarregamento. Este forno de carboniza\u00e7\u00e3o de toras ocupa uma pequena \u00e1rea. \u00c9 adequado para a produ\u00e7\u00e3o em massa de carv\u00e3o vegetal numa <strong><a href=\"https:\/\/charcoalplant.com\/pt\/charcoal-making-machine-3\/\">linha de produ\u00e7\u00e3o de carv\u00e3o vegetal<\/a><\/strong>. Portanto, \u00e9 o equipamento ideal para fabricantes de carv\u00e3o vegetal produzirem carv\u00e3o vegetal. Ligue-nos agora para obter as melhores informa\u00e7\u00f5es de pre\u00e7os.<\/p>    <h2 class=\"wp-block-heading\" id=\"h-raw-materials-of-vertical-carbonization-furnace\">Mat\u00e9rias-primas do forno de carboniza\u00e7\u00e3o vertical<\/h2>    <p>Os fornos de briquetagem de serragem podem carbonizar toras, briquetes de serragem, galhos, madeiras nobres, cascas de coco, cascas de nozes, cascas de palmeira, bambu e outros materiais. Esses carv\u00f5es carbonizados s\u00e3o novos materiais modernos de combust\u00e3o e aquecimento, n\u00e3o t\u00f3xicos e inofensivos.<\/p>    <figure class=\"wp-block-gallery has-nested-images columns-default is-cropped wp-block-gallery-2 is-layout-flex wp-block-gallery-is-layout-flex\"> <figure class=\"wp-block-image size-full\"><img loading=\"lazy\" decoding=\"async\" width=\"1192\" height=\"228\" data-id=\"2253\" src=\"https:\/\/charcoalplant.com\/wp-content\/uploads\/2022\/02\/carbonization-furnace-raw-matarials-1-1.jpg\" alt=\"\" class=\"wp-image-2253\"\/><\/figure> <\/figure>    <p>Comparado com o carv\u00e3o nativo comum, o carv\u00e3o feito \u00e0 m\u00e1quina tem as vantagens de longo tempo de queima, alto teor de carbono, grande valor calor\u00edfico, pequeno teor de cinzas e ins\u00edpido.<\/p>    <figure class=\"wp-block-gallery has-nested-images columns-default is-cropped wp-block-gallery-3 is-layout-flex wp-block-gallery-is-layout-flex\"> <figure class=\"wp-block-image size-large\"><img loading=\"lazy\" decoding=\"async\" width=\"1190\" height=\"228\" data-id=\"2255\" src=\"https:\/\/charcoalplant.com\/wp-content\/uploads\/2022\/02\/coconut-shell-charcoal-1.jpg\" alt=\"\" class=\"wp-image-2255\"\/><\/figure> <\/figure>    <h2 class=\"wp-block-heading\" id=\"h-structure-of-vertical-carbonization-furnace\">Estrutura do Forno de Carboniza\u00e7\u00e3o Vertical<\/h2>    <p class=\"translation-block\">Esta pequena m\u00e1quina de fazer carv\u00e3o vegetal inclui principalmente um corpo de forno, tampa do forno, c\u00e2mara de aquecimento, tubo de exaust\u00e3o, <strong><a href=\"https:\/\/charcoalplant.com\/pt\/info\/how-does-the-sawdust-briquetting-carbonizer-work\/\">tanque interno<\/a><\/strong>, tanque externo e outras estruturas. <\/p>    <figure class=\"wp-block-gallery has-nested-images columns-default is-cropped wp-block-gallery-4 is-layout-flex wp-block-gallery-is-layout-flex\"> <figure class=\"wp-block-image size-full\"><img loading=\"lazy\" decoding=\"async\" width=\"720\" height=\"540\" data-id=\"2270\" src=\"https:\/\/charcoalplant.com\/wp-content\/uploads\/2021\/12\/hoisting-carbonization-furnace-manufacturer-2.jpg\" alt=\"fabricante de fornos de carboniza\u00e7\u00e3o e eleva\u00e7\u00e3o\" class=\"wp-image-2270\"\/><figcaption class=\"wp-element-caption\">fabricante de fornos de carboniza\u00e7\u00e3o e eleva\u00e7\u00e3o<\/figcaption><\/figure> <\/figure>    <p class=\"translation-block\">Por causa do <strong><a href=\"https:\/\/charcoalplant.com\/pt\/info\/how-does-the-sawdust-briquetting-carbonizer-work\/\">tanque interno<\/a><\/strong>, h\u00e1 uma estrutura de anel na borda superior do revestimento. O di\u00e2metro do tanque interno mais a largura da estrutura \u00e9 maior que o di\u00e2metro do tanque externo. Assim, o tanque interno pode ficar suspenso no ar.<\/p>    <div class=\"wp-block-columns has-background is-layout-flex wp-container-core-columns-is-layout-28f84493 wp-block-columns-is-layout-flex\" style=\"background-color:#f1f1f1\"> <div class=\"wp-block-column is-vertically-aligned-center is-layout-flow wp-block-column-is-layout-flow\" style=\"flex-basis:33.33%\"> <p class=\"translation-block\"><strong>Tampa<\/strong><\/p>    <p class=\"translation-block\">O fog\u00e3o interno e a tampa do forno est\u00e3o equipados com orelhas de suspens\u00e3o que podem ser engatadas. Portanto, \u00e9 conveniente atualizar acess\u00f3rios relacionados durante a <strong><a href=\"https:\/\/charcoalplant.com\/pt\/info\/how-does-the-sawdust-briquetting-carbonizer-work\/\">opera\u00e7\u00e3o<\/a><\/strong>.<\/p> <\/div>    <div class=\"wp-block-column is-layout-flow wp-block-column-is-layout-flow\" style=\"flex-basis:66.66%\"> <figure class=\"wp-block-gallery has-nested-images columns-default is-cropped wp-block-gallery-5 is-layout-flex wp-block-gallery-is-layout-flex\"> <figure class=\"wp-block-image size-full\"><img loading=\"lazy\" decoding=\"async\" width=\"720\" height=\"540\" data-id=\"1064\" src=\"https:\/\/charcoalplant.com\/wp-content\/uploads\/2021\/12\/cover-2.jpg\" alt=\"cobrir\" class=\"wp-image-1064\" srcset=\"https:\/\/charcoalplant.com\/wp-content\/uploads\/2021\/12\/cover-2.jpg 720w, https:\/\/charcoalplant.com\/wp-content\/uploads\/2021\/12\/cover-2-300x225.jpg 300w\" sizes=\"auto, (max-width: 720px) 100vw, 720px\" \/><figcaption class=\"wp-element-caption\">cobrir<\/figcaption><\/figure> <\/figure> <\/div> <\/div>    <div class=\"wp-block-columns has-background is-layout-flex wp-container-core-columns-is-layout-28f84493 wp-block-columns-is-layout-flex\" style=\"background-color:#f1f1f1\"> <div class=\"wp-block-column is-layout-flow wp-block-column-is-layout-flow\" style=\"flex-basis:66.66%\"> <figure class=\"wp-block-gallery has-nested-images columns-default is-cropped wp-block-gallery-6 is-layout-flex wp-block-gallery-is-layout-flex\"> <figure class=\"wp-block-image size-large\"><img loading=\"lazy\" decoding=\"async\" width=\"720\" height=\"540\" data-id=\"1065\" src=\"https:\/\/charcoalplant.com\/wp-content\/uploads\/2021\/12\/Pipes-that-produce-combustible-gas-1.jpg\" alt=\"Tubula\u00e7\u00f5es que produzem g\u00e1s combust\u00edvel\" class=\"wp-image-1065\" srcset=\"https:\/\/charcoalplant.com\/wp-content\/uploads\/2021\/12\/Pipes-that-produce-combustible-gas-1.jpg 720w, https:\/\/charcoalplant.com\/wp-content\/uploads\/2021\/12\/Pipes-that-produce-combustible-gas-1-300x225.jpg 300w\" sizes=\"auto, (max-width: 720px) 100vw, 720px\" \/><figcaption class=\"wp-element-caption\">Tubula\u00e7\u00f5es que produzem g\u00e1s combust\u00edvel<\/figcaption><\/figure> <\/figure> <\/div>    <div class=\"wp-block-column is-vertically-aligned-center is-layout-flow wp-block-column-is-layout-flow\" style=\"flex-basis:33.33%\"> <p class=\"translation-block\"><strong>Forno de combust\u00e3o<\/strong><\/p>    <p>O pr\u00e9-aquecimento do forno de carboniza\u00e7\u00e3o de toras requer a queima de combust\u00edvel de biomassa para aquecimento. O forno de carboniza\u00e7\u00e3o que preenche a lacuna entre os tijolos refrat\u00e1rios com cola de alta temperatura \u00e9 mais s\u00f3lido e est\u00e1vel. Al\u00e9m disso, o desempenho de veda\u00e7\u00e3o dentro do forno e o efeito de isolamento t\u00e9rmico fora do forno tamb\u00e9m s\u00e3o significativamente melhorados.<\/p> <\/div> <\/div>    <div class=\"wp-block-columns has-background is-layout-flex wp-container-core-columns-is-layout-28f84493 wp-block-columns-is-layout-flex\" style=\"background-color:#f1f1f1\"> <div class=\"wp-block-column is-vertically-aligned-center is-layout-flow wp-block-column-is-layout-flow\" style=\"flex-basis:33.33%\"> <p class=\"translation-block\"><strong>Carrinho<\/strong><\/p>    <p>A estrutura de ferro pode conter toras e coloc\u00e1-las no tanque interno do fog\u00e3o a carv\u00e3o. Ap\u00f3s a conclus\u00e3o da carboniza\u00e7\u00e3o, \u00e9 f\u00e1cil retir\u00e1-lo para carga e descarga.<\/p> <\/div>    <div class=\"wp-block-column is-layout-flow wp-block-column-is-layout-flow\" style=\"flex-basis:66.66%\"> <figure class=\"wp-block-gallery has-nested-images columns-default is-cropped wp-block-gallery-7 is-layout-flex wp-block-gallery-is-layout-flex\"> <figure class=\"wp-block-image size-large\"><img loading=\"lazy\" decoding=\"async\" width=\"720\" height=\"540\" data-id=\"1055\" src=\"https:\/\/charcoalplant.com\/wp-content\/uploads\/2021\/12\/Log-or-stick-carrying-tool-1.jpg\" alt=\"Ferramenta para carregar toras ou palitos\" class=\"wp-image-1055\" srcset=\"https:\/\/charcoalplant.com\/wp-content\/uploads\/2021\/12\/Log-or-stick-carrying-tool-1.jpg 720w, https:\/\/charcoalplant.com\/wp-content\/uploads\/2021\/12\/Log-or-stick-carrying-tool-1-300x225.jpg 300w\" sizes=\"auto, (max-width: 720px) 100vw, 720px\" \/><figcaption class=\"wp-element-caption\">Ferramenta para carregar toras ou palitos<\/figcaption><\/figure> <\/figure> <\/div> <\/div>    <h2 class=\"wp-block-heading\" id=\"log-carbonization-furnace-plant-operation-process\">Processo de opera\u00e7\u00e3o da m\u00e1quina para fabrica\u00e7\u00e3o de carv\u00e3o de serragem<\/h2>    <ul class=\"wp-block-list\"> <li>Abra a tampa do forno.<\/li> <\/ul>    <ul class=\"wp-block-list\"> <li>Retire o tanque interno, encha-o com mat\u00e9ria-prima e coloque-o novamente no tanque interno.<\/li> <\/ul>    <ul class=\"wp-block-list\"> <li>Pr\u00e9-aquecimento (40min-1h). Abra a v\u00e1lvula para carboniza\u00e7\u00e3o (6-8h).<\/li> <\/ul>    <ul class=\"wp-block-list\"> <li> Conclua a carboniza\u00e7\u00e3o, retire o tanque interno e deixe esfriar (6-8h).<\/li> <\/ul>    <figure class=\"wp-block-gallery has-nested-images columns-2 is-cropped wp-block-gallery-8 is-layout-flex wp-block-gallery-is-layout-flex\"> <figure class=\"wp-block-image size-full\"><img loading=\"lazy\" decoding=\"async\" width=\"720\" height=\"540\" data-id=\"2267\" src=\"https:\/\/charcoalplant.com\/wp-content\/uploads\/2022\/02\/Vertical-log-carbonization-furnace-plant-.jpg\" alt=\"\" class=\"wp-image-2267\"\/><figcaption class=\"wp-element-caption\">forno a carv\u00e3o<\/figcaption><\/figure>    <figure class=\"wp-block-image size-full\"><img loading=\"lazy\" decoding=\"async\" width=\"720\" height=\"540\" data-id=\"1062\" src=\"https:\/\/charcoalplant.com\/wp-content\/uploads\/2021\/12\/Hoisting-outer-tank-of-carbonization-furnace-1.jpg\" alt=\"Eleva\u00e7\u00e3o do tanque externo do forno de carboniza\u00e7\u00e3o\" class=\"wp-image-1062\" srcset=\"https:\/\/charcoalplant.com\/wp-content\/uploads\/2021\/12\/Hoisting-outer-tank-of-carbonization-furnace-1.jpg 720w, https:\/\/charcoalplant.com\/wp-content\/uploads\/2021\/12\/Hoisting-outer-tank-of-carbonization-furnace-1-300x225.jpg 300w\" sizes=\"auto, (max-width: 720px) 100vw, 720px\" \/><figcaption class=\"wp-element-caption\">Eleva\u00e7\u00e3o do tanque externo do forno de carboniza\u00e7\u00e3o<\/figcaption><\/figure> <\/figure>    <h2 class=\"wp-block-heading\" id=\"video-of-log-charcoal-furnace\">V\u00eddeo do forno de carboniza\u00e7\u00e3o de carv\u00e3o serragem<\/h2>    <p>Shuliy Machinery \u00e9 um excelente fabricante de linha de produ\u00e7\u00e3o de m\u00e1quina de carv\u00e3o vegetal na China. Temos a capacidade profissional para fornecer solu\u00e7\u00f5es para os clientes. Bem-vindo a assistir nossos v\u00eddeos. E se voc\u00ea estiver interessado em adquirir um forno vertical a carv\u00e3o de bambu, entre em contato conosco.<\/p>    <figure class=\"wp-block-embed is-type-video is-provider-youtube wp-block-embed-youtube wp-embed-aspect-16-9 wp-has-aspect-ratio\"><div class=\"wp-block-embed__wrapper\"> <iframe loading=\"lazy\" title=\"Forno de carboniza\u00e7\u00e3o vertical 800KG\/Forno | Planta de processamento de carv\u00e3o para toras#wood#bamboocharcoal\" width=\"500\" height=\"281\" src=\"https:\/\/www.youtube.com\/embed\/6zU44iT7e2c?feature=oembed\" frameborder=\"0\" allow=\"accelerometer; autoplay; clipboard-write; encrypted-media; gyroscope; picture-in-picture; web-share\" referrerpolicy=\"strict-origin-when-cross-origin\" allowfullscreen><\/iframe> <\/div><\/figure>    <h2 class=\"wp-block-heading\" id=\"hoist-carbonization-furnace-parameters\">Par\u00e2metros do forno de carboniza\u00e7\u00e3o tipo vertical<\/h2>    <p>O di\u00e2metro interno do forno de carboniza\u00e7\u00e3o de eleva\u00e7\u00e3o \u00e9 diferente. Portanto, podemos personalizar diferentes tipos de fornos a carv\u00e3o. Al\u00e9m disso, oferecemos aos clientes um guindaste com capacidade de carga de 3t. A seguir est\u00e3o os par\u00e2metros do forno de carboniza\u00e7\u00e3o de toras de eleva\u00e7\u00e3o SL-C1500.<\/p>    <figure class=\"wp-block-table is-style-stripes\"><table><tbody><tr><td>Modelo<\/td><td>SL-C1500<\/td><\/tr><tr><td>Capacidade de sa\u00edda<\/td><td>2500-3000kg\/24 horas (depende de suas mat\u00e9rias-primas)<\/td><\/tr><tr><td>Capacidade de carregamento<\/td><td>2600-3000kg\/por 8 horas<\/td><\/tr><tr><td>Tempo de carboniza\u00e7\u00e3o uma vez<\/td><td>8 horas<\/td><\/tr><tr><td>Dimens\u00e3o<\/td><td>1940*1900*1900mm<\/td><\/tr><tr><td>Espessura do a\u00e7o<\/td><td>6mm (personaliz\u00e1vel)<\/td><\/tr><tr><td>Tamanho do fog\u00e3o interno<\/td><td>1,5*1,5m<\/td><\/tr><tr><td>Peso<\/td><td>2,8t<\/td><\/tr><tr><td>Incluindo pe\u00e7as<\/td><td>Uma m\u00e1quina inclui 3 fog\u00f5es<\/td><\/tr><tr><td>Energia el\u00e9trica<\/td><td>N\u00e3o h\u00e1 necessidade de energia adicional<\/td><\/tr><tr><td>Custo de biomassa para aquecimento\u00a0por 8 horas<\/td><td>50-80kg de biomassa residual por 8 horas<\/td><\/tr><\/tbody><\/table><\/figure>    <h2 class=\"wp-block-heading\" id=\"h-working-features-of-log-charcoal-factory\">Caracter\u00edsticas de funcionamento da f\u00e1brica de carv\u00e3o de serragem<\/h2>    <p class=\"translation-block\"><strong>Primeiramente,<\/strong> quando o forno de carboniza\u00e7\u00e3o vertical est\u00e1 no processo de carboniza\u00e7\u00e3o, o tempo para cada tanque de carv\u00e3o vegetal carbonizado e carv\u00e3o vegetal feito \u00e0 m\u00e1quina \u00e9 de 6-8 horas; o tempo de resfriamento tamb\u00e9m \u00e9 de 6-8 horas.<\/p>    <p class=\"translation-block\"><strong>Em segundo lugar<\/strong><strong>,<\/strong> os passos do processo de opera\u00e7\u00e3o s\u00e3o simples.<\/p>    <p class=\"translation-block\"><strong>Em terceiro lugar,<\/strong> o desempenho geral de seguran\u00e7a do equipamento \u00e9 alto e a efici\u00eancia de produ\u00e7\u00e3o \u00e9 alta.<\/p>    <p class=\"translation-block\"><strong>Em quarto lugar,<\/strong> economia de energia e sem consumo de energia.<\/p>    <p>O principal consumo do forno vertical a carv\u00e3o \u00e9 o combust\u00edvel, mas n\u00e3o h\u00e1 necessidade de adicionar combust\u00edvel ap\u00f3s o pr\u00e9-aquecimento. A fonte de calor subsequente vem da combust\u00e3o do g\u00e1s combust\u00edvel produzido pela mat\u00e9ria-prima.<\/p>    <p class=\"translation-block\"><strong>Em quinto lugar,<\/strong> boa estanqueidade permite que o fluxo de ar desempenhe totalmente o seu papel.<\/p>    <figure class=\"wp-block-gallery has-nested-images columns-default is-cropped wp-block-gallery-9 is-layout-flex wp-block-gallery-is-layout-flex\"> <figure class=\"wp-block-image size-full\"><img loading=\"lazy\" decoding=\"async\" width=\"720\" height=\"540\" data-id=\"2265\" src=\"https:\/\/charcoalplant.com\/wp-content\/uploads\/2021\/12\/Vertical-carbonization-furnace-.jpg\" alt=\"Forno de carboniza\u00e7\u00e3o vertical\" class=\"wp-image-2265\"\/><figcaption class=\"wp-element-caption\">Forno de carboniza\u00e7\u00e3o vertical<\/figcaption><\/figure> <\/figure>    <h2 class=\"wp-block-heading\" id=\"h-vertical-hoisting-carbonization-furnace-for-sale\">Forno de carboniza\u00e7\u00e3o de eleva\u00e7\u00e3o vertical para venda<\/h2>    <p class=\"translation-block\">Vendemos diferentes tipos de fornos de carboniza\u00e7\u00e3o de biomassa de serragem. Al\u00e9m do tanque de remo\u00e7\u00e3o de fumo da pr\u00f3pria m\u00e1quina, tamb\u00e9m temos um dispositivo de purifica\u00e7\u00e3o de gases de combust\u00e3o com eletricidade est\u00e1tica de alta voltagem. Tamb\u00e9m fornecemos aos clientes queimadores. Nossa f\u00e1brica tamb\u00e9m vende <strong><a href=\"https:\/\/charcoalplant.com\/pt\/carbonization-furnace\/rotary-carbonization-furnace\/\">forno de carboniza\u00e7\u00e3o cont\u00ednuo<\/a><\/strong> e <strong><a href=\"https:\/\/charcoalplant.com\/pt\/carbonization-furnace\/horizontal-carbonization-furnace\/\">forno de carboniza\u00e7\u00e3o horizontal<\/a><\/strong>. Se necess\u00e1rio, bem-vindo a consultar.<\/p>    <figure class=\"wp-block-gallery has-nested-images columns-default is-cropped wp-block-gallery-10 is-layout-flex wp-block-gallery-is-layout-flex\"> <figure class=\"wp-block-image size-large\"><img loading=\"lazy\" decoding=\"async\" width=\"720\" height=\"540\" data-id=\"1054\" src=\"https:\/\/charcoalplant.com\/wp-content\/uploads\/2021\/12\/High-voltage-static-electricity-of-vertical-carbonization-furnace-1.jpg\" alt=\"Eletricidade est\u00e1tica de alta tens\u00e3o do forno de carboniza\u00e7\u00e3o vertical\" class=\"wp-image-1054\" srcset=\"https:\/\/charcoalplant.com\/wp-content\/uploads\/2021\/12\/High-voltage-static-electricity-of-vertical-carbonization-furnace-1.jpg 720w, https:\/\/charcoalplant.com\/wp-content\/uploads\/2021\/12\/High-voltage-static-electricity-of-vertical-carbonization-furnace-1-300x225.jpg 300w\" sizes=\"auto, (max-width: 720px) 100vw, 720px\" \/><figcaption class=\"wp-element-caption\">Eletricidade est\u00e1tica de alta tens\u00e3o do forno de carboniza\u00e7\u00e3o vertical<\/figcaption><\/figure>    <figure class=\"wp-block-image size-full\"><img loading=\"lazy\" decoding=\"async\" width=\"720\" height=\"540\" data-id=\"2271\" src=\"https:\/\/charcoalplant.com\/wp-content\/uploads\/2022\/02\/natural-gas-burner.jpg\" alt=\"queimador de g\u00e1s natural\" class=\"wp-image-2271\"\/><figcaption class=\"wp-element-caption\">queimador de g\u00e1s natural<\/figcaption><\/figure> <\/figure>","protected":false},"excerpt":{"rendered":"<p>O forno de carboniza\u00e7\u00e3o vertical \u00e9 um equipamento de carboniza\u00e7\u00e3o de opera\u00e7\u00e3o simples, estrutura compacta e carboniza\u00e7\u00e3o conveniente.<\/p>","protected":false},"author":1,"featured_media":1112,"parent":0,"template":"","tags":[65],"product-type":[4],"class_list":["post-1042","product","type-product","status-publish","has-post-thumbnail","hentry","tag-carbonization-furnace","product-type-carbonization-furnace"],"_links":{"self":[{"href":"https:\/\/charcoalplant.com\/pt\/wp-json\/wp\/v2\/product\/1042","targetHints":{"allow":["GET"]}}],"collection":[{"href":"https:\/\/charcoalplant.com\/pt\/wp-json\/wp\/v2\/product"}],"about":[{"href":"https:\/\/charcoalplant.com\/pt\/wp-json\/wp\/v2\/types\/product"}],"author":[{"embeddable":true,"href":"https:\/\/charcoalplant.com\/pt\/wp-json\/wp\/v2\/users\/1"}],"wp:featuredmedia":[{"embeddable":true,"href":"https:\/\/charcoalplant.com\/pt\/wp-json\/wp\/v2\/media\/1112"}],"wp:attachment":[{"href":"https:\/\/charcoalplant.com\/pt\/wp-json\/wp\/v2\/media?parent=1042"}],"wp:term":[{"taxonomy":"post_tag","embeddable":true,"href":"https:\/\/charcoalplant.com\/pt\/wp-json\/wp\/v2\/tags?post=1042"},{"taxonomy":"product-type","embeddable":true,"href":"https:\/\/charcoalplant.com\/pt\/wp-json\/wp\/v2\/product-type?post=1042"}],"curies":[{"name":"wp","href":"https:\/\/api.w.org\/{rel}","templated":true}]}}