{"id":1084,"date":"2021-12-02T08:02:11","date_gmt":"2021-12-02T08:02:11","guid":{"rendered":"https:\/\/charcoalplant.com\/?p=1084"},"modified":"2023-02-15T10:06:48","modified_gmt":"2023-02-15T02:06:48","slug":"horizontal-carbonization-furnace","status":"publish","type":"product","link":"https:\/\/charcoalplant.com\/pt\/product\/horizontal-carbonization-furnace\/","title":{"rendered":"Forno de Carboniza\u00e7\u00e3o Horizontal | M\u00e1quina para fazer carv\u00e3o de madeira"},"content":{"rendered":"<div class=\"kk-star-ratings kksr-auto kksr-align-left kksr-valign-top\"     data-payload='{&quot;align&quot;:&quot;left&quot;,&quot;id&quot;:&quot;1084&quot;,&quot;slug&quot;:&quot;default&quot;,&quot;valign&quot;:&quot;top&quot;,&quot;ignore&quot;:&quot;&quot;,&quot;reference&quot;:&quot;auto&quot;,&quot;class&quot;:&quot;&quot;,&quot;count&quot;:&quot;21&quot;,&quot;legendonly&quot;:&quot;&quot;,&quot;readonly&quot;:&quot;&quot;,&quot;score&quot;:&quot;4.5&quot;,&quot;starsonly&quot;:&quot;&quot;,&quot;best&quot;:&quot;5&quot;,&quot;gap&quot;:&quot;5&quot;,&quot;greet&quot;:&quot;Rate this product&quot;,&quot;legend&quot;:&quot;4.5\\\/5 - (21 votes)&quot;,&quot;size&quot;:&quot;24&quot;,&quot;title&quot;:&quot;Horizontal Carbonization Furnace | Wood Charcoal Making Machine&quot;,&quot;width&quot;:&quot;128&quot;,&quot;_legend&quot;:&quot;{score}\\\/{best} - ({count} {votes})&quot;,&quot;font_factor&quot;:&quot;1.25&quot;}'>              <div class=\"kksr-stars\">      <div class=\"kksr-stars-inactive\">             <div class=\"kksr-star\" data-star=\"1\" style=\"padding-right: 5px\">               <div class=\"kksr-icon\" style=\"width: 24px; height: 24px;\"><\/div>         <\/div>             <div class=\"kksr-star\" data-star=\"2\" style=\"padding-right: 5px\">               <div class=\"kksr-icon\" style=\"width: 24px; height: 24px;\"><\/div>         <\/div>             <div class=\"kksr-star\" data-star=\"3\" style=\"padding-right: 5px\">               <div class=\"kksr-icon\" style=\"width: 24px; height: 24px;\"><\/div>         <\/div>             <div class=\"kksr-star\" data-star=\"4\" style=\"padding-right: 5px\">               <div class=\"kksr-icon\" style=\"width: 24px; height: 24px;\"><\/div>         <\/div>             <div class=\"kksr-star\" data-star=\"5\" style=\"padding-right: 5px\">               <div class=\"kksr-icon\" style=\"width: 24px; height: 24px;\"><\/div>         <\/div>     <\/div>      <div class=\"kksr-stars-active\" style=\"width: 128px;\">             <div class=\"kksr-star\" style=\"padding-right: 5px\">               <div class=\"kksr-icon\" style=\"width: 24px; height: 24px;\"><\/div>         <\/div>             <div class=\"kksr-star\" style=\"padding-right: 5px\">               <div class=\"kksr-icon\" style=\"width: 24px; height: 24px;\"><\/div>         <\/div>             <div class=\"kksr-star\" style=\"padding-right: 5px\">               <div class=\"kksr-icon\" style=\"width: 24px; height: 24px;\"><\/div>         <\/div>             <div class=\"kksr-star\" style=\"padding-right: 5px\">               <div class=\"kksr-icon\" style=\"width: 24px; height: 24px;\"><\/div>         <\/div>             <div class=\"kksr-star\" style=\"padding-right: 5px\">               <div class=\"kksr-icon\" style=\"width: 24px; height: 24px;\"><\/div>         <\/div>     <\/div> <\/div>                   <div class=\"kksr-legend\" style=\"font-size: 19.2px;\">             4,5\/5 - (21 votos)    <\/div>     <\/div>  <p class=\"translation-block\">O <strong>forno de carboniza\u00e7\u00e3o horizontal<\/strong> tamb\u00e9m \u00e9 chamado de m\u00e1quina de fazer carv\u00e3o vegetal. \u00c9 um equipamento de carboniza\u00e7\u00e3o de alto volume. Pode fabricar eficientemente carv\u00e3o vegetal, carv\u00e3o de bambu, carv\u00e3o de serradura, carv\u00e3o de casca de coco e outros produtos de uma s\u00f3 vez. <\/p>    <p class=\"translation-block\">Como m\u00e1quina de carboniza\u00e7\u00e3o, o ponto de venda do <strong><a href=\"https:\/\/charcoalplant.com\/pt\/operation-steps-of-hardwood-charcoal-furnace\/\">forno de carboniza\u00e7\u00e3o de madeira dura<\/a><\/strong> s\u00e3o as suas caracter\u00edsticas de prote\u00e7\u00e3o ambiental e economia de energia. Esperamos estabelecer coopera\u00e7\u00e3o comercial consigo. Por isso, esperamos receber a sua consulta o mais breve poss\u00edvel.<\/p>    <h2 class=\"wp-block-heading\" id=\"raw-materials-for-horizontal-carbonization-furnace\"><strong>Mat\u00e9rias-primas para forno de carboniza\u00e7\u00e3o horizontal<\/strong><\/h2>    <p>O forno de carboniza\u00e7\u00e3o de madeira nobre pode carbonizar mat\u00e9rias-primas como galhos residuais, n\u00f3s de bambu, tubos de bambu, madeira de frutas, carvalho, cascas de coco, cascas de palmeira, etc. materiais. A umidade do carv\u00e3o \u00e9 muito alta, o que por um lado prolongar\u00e1 o tempo de carboniza\u00e7\u00e3o. Por outro lado, quando a madeira \u00e9 pirolisada, \u00e9 produzida uma grande quantidade de subst\u00e2ncias nocivas. Portanto, quanto menor a umidade da madeira, melhor ser\u00e1 o efeito de carboniza\u00e7\u00e3o.<\/p>    <figure class=\"wp-block-gallery has-nested-images columns-default is-cropped wp-block-gallery-2 is-layout-flex wp-block-gallery-is-layout-flex\"> <figure class=\"wp-block-image size-large\"><img loading=\"lazy\" decoding=\"async\" width=\"512\" height=\"1560\" data-id=\"2278\" src=\"https:\/\/charcoalplant.com\/wp-content\/uploads\/2022\/02\/raw-material.jpg\" alt=\"\" class=\"wp-image-2278\"\/><\/figure>    <figure class=\"wp-block-image size-large\"><img loading=\"lazy\" decoding=\"async\" width=\"512\" height=\"1560\" data-id=\"2279\" src=\"https:\/\/charcoalplant.com\/wp-content\/uploads\/2022\/02\/finished-product.jpg\" alt=\"\" class=\"wp-image-2279\"\/><\/figure> <figcaption class=\"blocks-gallery-caption wp-element-caption\">Carv\u00e3o para toras, carv\u00e3o de bambu, carv\u00e3o briquete de serragem e carv\u00e3o de casca de palmeira<\/figcaption><\/figure>    <h2 class=\"wp-block-heading\" id=\"h-principle-of-horizontal-carbonization-furnace\"><strong>Trabalhando<\/strong> <strong>Princ\u00edpio do Forno de Carboniza\u00e7\u00e3o Horizontal<\/strong><\/h2>    <p class=\"translation-block\">Na verdade, o princ\u00edpio de funcionamento do forno de carboniza\u00e7\u00e3o de madeira dura e do <strong><a href=\"https:\/\/charcoalplant.com\/pt\/vertical-carbonization-furnace\/\">forno de carboniza\u00e7\u00e3o vertical<\/a><\/strong> s\u00e3o muito semelhantes. Ambos utilizam m\u00e9todos de carboniza\u00e7\u00e3o por destila\u00e7\u00e3o a seco e carboniza\u00e7\u00e3o por fluxo de ar. Ao aquecer e decompor a madeira em condi\u00e7\u00f5es sem oxig\u00e9nio ou com baixo teor de oxig\u00e9nio, a madeira produz vinagre de madeira, alcatr\u00e3o de madeira e outros ingredientes. Al\u00e9m disso, o tubo de exaust\u00e3o do forno de carboniza\u00e7\u00e3o horizontal pode recolher o g\u00e1s de combust\u00e3o a tempo e depositar subst\u00e2ncias nocivas.<\/p>    <figure class=\"wp-block-gallery has-nested-images columns-default is-cropped wp-block-gallery-3 is-layout-flex wp-block-gallery-is-layout-flex\"> <figure class=\"wp-block-image size-large\"><img loading=\"lazy\" decoding=\"async\" width=\"720\" height=\"540\" data-id=\"2280\" src=\"https:\/\/charcoalplant.com\/wp-content\/uploads\/2022\/02\/bamboo-carbonization-furnace-for-sale.jpg\" alt=\"forno de carboniza\u00e7\u00e3o de bambu para venda\" class=\"wp-image-2280\"\/><figcaption class=\"wp-element-caption\">forno de carboniza\u00e7\u00e3o de bambu para venda<\/figcaption><\/figure> <\/figure>    <h2 class=\"wp-block-heading\" id=\"structure-of-horizontal-log-charcoal-furnace\"><strong>Estrutura da m\u00e1quina horizontal para fazer carv\u00e3o de madeira<\/strong><\/h2>    <div class=\"wp-block-columns has-background is-layout-flex wp-container-core-columns-is-layout-28f84493 wp-block-columns-is-layout-flex\" style=\"background-color:#f1f1f1\"> <div class=\"wp-block-column is-vertically-aligned-center is-layout-flow wp-block-column-is-layout-flow\" style=\"flex-basis:33.33%\"> <p class=\"translation-block\"><strong>L\u00e3 de rocha para isolamento t\u00e9rmico<\/strong><\/p>    <p><br>A tampa e o corpo do forno a carv\u00e3o de bambu possuem superf\u00edcies rochosas com isolamento t\u00e9rmico. Portanto, a veda\u00e7\u00e3o geral e o isolamento t\u00e9rmico do forno de carboniza\u00e7\u00e3o s\u00e3o muito fortes.<\/p> <\/div>    <div class=\"wp-block-column is-layout-flow wp-block-column-is-layout-flow\" style=\"flex-basis:66.66%\"> <figure class=\"wp-block-gallery has-nested-images columns-default is-cropped wp-block-gallery-4 is-layout-flex wp-block-gallery-is-layout-flex\"> <figure class=\"wp-block-image size-large\"><img loading=\"lazy\" decoding=\"async\" width=\"720\" height=\"540\" data-id=\"1288\" src=\"https:\/\/charcoalplant.com\/wp-content\/uploads\/2021\/12\/horizontal-carbonization-furnace-cover-1-1.jpg\" alt=\"tampa horizontal do forno de carboniza\u00e7\u00e3o\" class=\"wp-image-1288\" srcset=\"https:\/\/charcoalplant.com\/wp-content\/uploads\/2021\/12\/horizontal-carbonization-furnace-cover-1-1.jpg 720w, https:\/\/charcoalplant.com\/wp-content\/uploads\/2021\/12\/horizontal-carbonization-furnace-cover-1-1-300x225.jpg 300w\" sizes=\"auto, (max-width: 720px) 100vw, 720px\" \/><figcaption class=\"wp-element-caption\">tampa horizontal do forno de carboniza\u00e7\u00e3o<\/figcaption><\/figure> <\/figure> <\/div> <\/div>    <div class=\"wp-block-columns has-background is-layout-flex wp-container-core-columns-is-layout-28f84493 wp-block-columns-is-layout-flex\" style=\"background-color:#f1f1f1\"> <div class=\"wp-block-column is-layout-flow wp-block-column-is-layout-flow\" style=\"flex-basis:66.66%\"> <figure class=\"wp-block-gallery has-nested-images columns-default is-cropped wp-block-gallery-5 is-layout-flex wp-block-gallery-is-layout-flex\"> <figure class=\"wp-block-image size-large\"><img loading=\"lazy\" decoding=\"async\" width=\"720\" height=\"540\" data-id=\"1094\" src=\"https:\/\/charcoalplant.com\/wp-content\/uploads\/2021\/12\/Smoke-removal-system-1.jpg\" alt=\"Sistema de remo\u00e7\u00e3o de fuma\u00e7a\" class=\"wp-image-1094\" srcset=\"https:\/\/charcoalplant.com\/wp-content\/uploads\/2021\/12\/Smoke-removal-system-1.jpg 720w, https:\/\/charcoalplant.com\/wp-content\/uploads\/2021\/12\/Smoke-removal-system-1-300x225.jpg 300w\" sizes=\"auto, (max-width: 720px) 100vw, 720px\" \/><figcaption class=\"wp-element-caption\">Sistema de remo\u00e7\u00e3o de fuma\u00e7a<\/figcaption><\/figure> <\/figure> <\/div>    <div class=\"wp-block-column is-vertically-aligned-center is-layout-flow wp-block-column-is-layout-flow\" style=\"flex-basis:33.33%\"> <p class=\"translation-block\"><strong>Tubo de circula\u00e7\u00e3o de g\u00e1s de combust\u00e3o<\/strong><\/p>    <p><br>Os fog\u00f5es horizontais a carv\u00e3o t\u00eam canos. Os tubos que conectam a parte superior e inferior do forno de carboniza\u00e7\u00e3o horizontal s\u00e3o usados \u200b\u200bprincipalmente para a circula\u00e7\u00e3o de g\u00e1s combust\u00edvel no cilindro. Este ponto reflete as caracter\u00edsticas da economia de energia. Outros tubos s\u00e3o usados \u200b\u200bprincipalmente para filtrar os gases de combust\u00e3o.<\/p> <\/div> <\/div>    <div class=\"wp-block-columns has-background is-layout-flex wp-container-core-columns-is-layout-28f84493 wp-block-columns-is-layout-flex\" style=\"background-color:#f1f1f1\"> <div class=\"wp-block-column is-vertically-aligned-center is-layout-flow wp-block-column-is-layout-flow\" style=\"flex-basis:33.33%\"> <p class=\"translation-block\"><strong>Carrinho<\/strong><\/p>    <p>Devido \u00e0 grande capacidade do forno de carboniza\u00e7\u00e3o de toras, a produ\u00e7\u00e3o \u00e9 alta. Portanto, para facilitar aos clientes o envio de produtos acabados e mat\u00e9rias-primas. Forneceremos carrinhos aos nossos clientes.<\/p> <\/div>    <div class=\"wp-block-column is-layout-flow wp-block-column-is-layout-flow\" style=\"flex-basis:66.66%\"> <figure class=\"wp-block-gallery has-nested-images columns-default is-cropped wp-block-gallery-6 is-layout-flex wp-block-gallery-is-layout-flex\"> <figure class=\"wp-block-image size-large\"><img loading=\"lazy\" decoding=\"async\" width=\"720\" height=\"540\" data-id=\"1103\" src=\"https:\/\/charcoalplant.com\/wp-content\/uploads\/2021\/12\/Trolley-1-1.jpg\" alt=\"Carrinho\" class=\"wp-image-1103\" srcset=\"https:\/\/charcoalplant.com\/wp-content\/uploads\/2021\/12\/Trolley-1-1.jpg 720w, https:\/\/charcoalplant.com\/wp-content\/uploads\/2021\/12\/Trolley-1-1-300x225.jpg 300w\" sizes=\"auto, (max-width: 720px) 100vw, 720px\" \/><figcaption class=\"wp-element-caption\">Carrinho<\/figcaption><\/figure> <\/figure> <\/div> <\/div>    <h2 class=\"wp-block-heading\" id=\"video-of-horizontal-log-carbonization-furnace\"><strong>V\u00eddeo do forno horizontal de carboniza\u00e7\u00e3o de toras <\/strong><\/h2>    <figure class=\"wp-block-embed is-type-video is-provider-youtube wp-block-embed-youtube wp-embed-aspect-16-9 wp-has-aspect-ratio\"><div class=\"wp-block-embed__wrapper\"> <iframe loading=\"lazy\" title=\"Forno a carv\u00e3o de bambu | equipamento #charcoal#log#biomassbriquette da carboniza\u00e7\u00e3o do fluxo de ar 3t\" width=\"500\" height=\"281\" src=\"https:\/\/www.youtube.com\/embed\/zUDHQcWUaMM?feature=oembed\" frameborder=\"0\" allow=\"accelerometer; autoplay; clipboard-write; encrypted-media; gyroscope; picture-in-picture; web-share\" referrerpolicy=\"strict-origin-when-cross-origin\" allowfullscreen><\/iframe> <\/div><\/figure>    <h2 class=\"wp-block-heading\" id=\"h-parameters-of-hardwood-charcoal-furnace\"><strong>Par\u00e2metros do forno a carv\u00e3o de madeira dura<\/strong><\/h2>    <p>O comprimento e o di\u00e2metro do forno de carboniza\u00e7\u00e3o horizontal produzido por nossa f\u00e1brica podem ser personalizados.<\/p>    <figure class=\"wp-block-table is-style-stripes\"><table><tbody><tr><td>Tipo<\/td><td>Capacidade<\/td><td>Peso<\/td><td>Tamanho<\/td><\/tr><tr><td>SL-HC1300&nbsp;&nbsp;<\/td><td>900-1200kg\/12-14h<\/td><td>2500kg<\/td><td>3*1,7*2,2m<\/td><\/tr><tr><td>SL-HC1500&nbsp;<\/td><td>1500-2000kg\/12-14h<\/td><td>4000kg<\/td><td>4,5*1,9*2,3m<\/td><\/tr><tr><td>SL-HC1900&nbsp;&nbsp;<\/td><td>2500-3000kg\/12-14h<\/td><td>5500kg<\/td><td>5*2,3*2,5m<\/td><\/tr><\/tbody><\/table><\/figure>    <h2 class=\"wp-block-heading\" id=\"h-advantages-of-hardwood-carbonization-furnace\"><strong>Vantagens do forno de carboniza\u00e7\u00e3o de carv\u00e3o de madeira dura<\/strong><\/h2>    <p>1. Grande produ\u00e7\u00e3o. Pode produzir uma grande quantidade de carv\u00e3o em uma performance.<\/p>    <p>2.\u00a0Boa estanqueidade. A cobertura do forno de carboniza\u00e7\u00e3o de madeira dura \u00e9 uma superf\u00edcie rochosa de alta temperatura com resist\u00eancia a altas temperaturas. Ao mesmo tempo, desempenha um bom papel de veda\u00e7\u00e3o e proporciona um ambiente livre de oxig\u00eanio.<\/p>    <p>3. O design horizontal e o carrinho s\u00e3o convenientes para alimenta\u00e7\u00e3o e descarga.<\/p>    <p>4. Prote\u00e7\u00e3o ambiental e economia de energia.<\/p>    <figure class=\"wp-block-gallery has-nested-images columns-default is-cropped wp-block-gallery-7 is-layout-flex wp-block-gallery-is-layout-flex\"> <figure class=\"wp-block-image size-large\"><img loading=\"lazy\" decoding=\"async\" width=\"720\" height=\"540\" data-id=\"1089\" src=\"https:\/\/charcoalplant.com\/wp-content\/uploads\/2021\/12\/inlet-1.jpg\" alt=\"entrada\" class=\"wp-image-1089\" srcset=\"https:\/\/charcoalplant.com\/wp-content\/uploads\/2021\/12\/inlet-1.jpg 720w, https:\/\/charcoalplant.com\/wp-content\/uploads\/2021\/12\/inlet-1-300x225.jpg 300w\" sizes=\"auto, (max-width: 720px) 100vw, 720px\" \/><figcaption class=\"wp-element-caption\">entrada<\/figcaption><\/figure> <\/figure>    <h2 class=\"wp-block-heading\" id=\"h-precautions-for-using-horizontal-carbonization-furnace\"><strong>Precau\u00e7\u00f5es para <\/strong><strong>Usando m\u00e1quina de fazer carv\u00e3o de madeira<\/strong><\/h2>    <p>1. Os operadores tentam organizar as mat\u00e9rias-primas de maneira organizada e compacta.<\/p>    <p>2. Preste aten\u00e7\u00e3o \u00e0s mudan\u00e7as de temperatura.<\/p>    <p>3. Durante a opera\u00e7\u00e3o, o operador pode controlar o volume de g\u00e1s atrav\u00e9s da v\u00e1lvula.<\/p>    <p>4. Limpe os dep\u00f3sitos do equipamento de remo\u00e7\u00e3o de fuma\u00e7a a tempo.<\/p>    <figure class=\"wp-block-gallery has-nested-images columns-default is-cropped wp-block-gallery-8 is-layout-flex wp-block-gallery-is-layout-flex\"> <figure class=\"wp-block-image size-large\"><img loading=\"lazy\" decoding=\"async\" width=\"720\" height=\"540\" data-id=\"1091\" src=\"https:\/\/charcoalplant.com\/wp-content\/uploads\/2021\/12\/Bamboo-charcoal-1.jpg\" alt=\"Carv\u00e3o B01amboo\" class=\"wp-image-1091\" srcset=\"https:\/\/charcoalplant.com\/wp-content\/uploads\/2021\/12\/Bamboo-charcoal-1.jpg 720w, https:\/\/charcoalplant.com\/wp-content\/uploads\/2021\/12\/Bamboo-charcoal-1-300x225.jpg 300w\" sizes=\"auto, (max-width: 720px) 100vw, 720px\" \/><figcaption class=\"wp-element-caption\">Carv\u00e3o B01amboo<\/figcaption><\/figure>    <figure class=\"wp-block-image size-full\"><img loading=\"lazy\" decoding=\"async\" width=\"720\" height=\"540\" data-id=\"1781\" src=\"https:\/\/charcoalplant.com\/wp-content\/uploads\/2022\/01\/log-charcoal.jpg\" alt=\"carv\u00e3o para toras\" class=\"wp-image-1781\" srcset=\"https:\/\/charcoalplant.com\/wp-content\/uploads\/2022\/01\/log-charcoal.jpg 720w, https:\/\/charcoalplant.com\/wp-content\/uploads\/2022\/01\/log-charcoal-300x225.jpg 300w\" sizes=\"auto, (max-width: 720px) 100vw, 720px\" \/><figcaption class=\"wp-element-caption\">carv\u00e3o para toras<\/figcaption><\/figure> <\/figure>    <h2 class=\"wp-block-heading\" id=\"h-sale-of-hardwood-charcoal-furnace\"><strong>Venda de <\/strong><strong>Madeira nobre <\/strong><strong>C<\/strong><strong>carv\u00e3o<\/strong><strong>&nbsp;Carboniza\u00e7\u00e3o <\/strong><strong>F<\/strong><strong>urna<\/strong><\/h2>    <p>A f\u00e1brica da Shuliy oferece aos clientes uma variedade de acess\u00f3rios convenientes. Como carrinhos, ventiladores de tiragem induzida, queimadores, sistemas eletrost\u00e1ticos de alta tens\u00e3o, etc. Somos um fabricante profissional de equipamentos para m\u00e1quinas de carv\u00e3o. Portanto, podemos customizar equipamentos de diversos tamanhos para os clientes. Se voc\u00ea nos ligar ou enviar um e-mail agora para nos contar suas necessidades espec\u00edficas, encontraremos uma solu\u00e7\u00e3o para voc\u00ea a tempo.<\/p>    <figure class=\"wp-block-gallery has-nested-images columns-2 is-cropped wp-block-gallery-9 is-layout-flex wp-block-gallery-is-layout-flex\"> <figure class=\"wp-block-image size-large\"><img loading=\"lazy\" decoding=\"async\" width=\"720\" height=\"540\" data-id=\"1099\" src=\"https:\/\/charcoalplant.com\/wp-content\/uploads\/2021\/12\/Manufacturer-of-horizontal-airflow-carbonization-furnace-1.jpg\" alt=\"Fabricante de forno de carboniza\u00e7\u00e3o horizontal\" class=\"wp-image-1099\" srcset=\"https:\/\/charcoalplant.com\/wp-content\/uploads\/2021\/12\/Manufacturer-of-horizontal-airflow-carbonization-furnace-1.jpg 720w, https:\/\/charcoalplant.com\/wp-content\/uploads\/2021\/12\/Manufacturer-of-horizontal-airflow-carbonization-furnace-1-300x225.jpg 300w\" sizes=\"auto, (max-width: 720px) 100vw, 720px\" \/><figcaption class=\"wp-element-caption\">Fabricante de forno de carboniza\u00e7\u00e3o horizontal<\/figcaption><\/figure>    <figure class=\"wp-block-image size-large\"><img loading=\"lazy\" decoding=\"async\" width=\"720\" height=\"540\" data-id=\"2282\" src=\"https:\/\/charcoalplant.com\/wp-content\/uploads\/2022\/02\/shipment-of-log-carbonization-furnaces.jpg\" alt=\"remessa de fornos de carboniza\u00e7\u00e3o de toras\" class=\"wp-image-2282\"\/><figcaption class=\"wp-element-caption\">remessa de fornos de carboniza\u00e7\u00e3o de toras<\/figcaption><\/figure>    <figure class=\"wp-block-image size-large\"><img loading=\"lazy\" decoding=\"async\" width=\"720\" height=\"540\" data-id=\"2283\" src=\"https:\/\/charcoalplant.com\/wp-content\/uploads\/2022\/02\/shipment-of-horizontal-carbonization-furnaces.jpg\" alt=\"remessa de fornos de carboniza\u00e7\u00e3o horizontais\" class=\"wp-image-2283\"\/><figcaption class=\"wp-element-caption\">remessa de fornos de carboniza\u00e7\u00e3o horizontais<\/figcaption><\/figure>    <figure class=\"wp-block-image size-large\"><img loading=\"lazy\" decoding=\"async\" width=\"720\" height=\"540\" data-id=\"2284\" src=\"https:\/\/charcoalplant.com\/wp-content\/uploads\/2022\/02\/small-horizontal-carbonization-furnaces-.jpg\" alt=\"pequenos fornos horizontais de carboniza\u00e7\u00e3o\" class=\"wp-image-2284\"\/><figcaption class=\"wp-element-caption\">pequenos fornos horizontais de carboniza\u00e7\u00e3o<\/figcaption><\/figure> <\/figure>    <p class=\"translation-block\">Al\u00e9m dos fornos de carboniza\u00e7\u00e3o horizontal, tamb\u00e9m vendemos <strong><a href=\"https:\/\/charcoalplant.com\/pt\/carbonization-furnace\/rotary-carbonization-furnace\/\">fornos de carboniza\u00e7\u00e3o cont\u00ednua<\/a><\/strong>, fornos de carboniza\u00e7\u00e3o vertical e <strong><a href=\"https:\/\/charcoalplant.com\/pt\/biomass-briquette-machine\/sawdust-briquette-machine\/\">m\u00e1quinas de fazer briquetes de biomassa<\/a><\/strong>. Devido \u00e0 sua poss\u00edvel necessidade destes equipamentos, sugerimos que navegue pelo conte\u00fado relacionado no nosso website. Forneceremos pre\u00e7os competitivos.<\/p>    <h2 class=\"wp-block-heading\" id=\"h-application-of-horizontal-airflow-carbonization-furnace\"><strong>Aplica\u00e7\u00e3o de m\u00e1quina de carboniza\u00e7\u00e3o de fluxo de ar horizontal<\/strong><\/h2>    <p class=\"translation-block\">Pode ser usada numa linha de produ\u00e7\u00e3o de carv\u00e3o vegetal ou utilizada isoladamente. O carv\u00e3o de bambu, <a href=\"https:\/\/charcoalplant.com\/pt\/info\/coconut-shell-charcoal-making-machine-complete-guidance\/\">carv\u00e3o de casca de coco<\/a>, carv\u00e3o de fruta, etc. carbonizados pelo forno de carboniza\u00e7\u00e3o horizontal podem ser queimados diretamente para aquecimento. <\/p>    <figure class=\"wp-block-gallery has-nested-images columns-default is-cropped wp-block-gallery-10 is-layout-flex wp-block-gallery-is-layout-flex\"> <figure class=\"wp-block-image size-large\"><img loading=\"lazy\" decoding=\"async\" width=\"720\" height=\"540\" data-id=\"2285\" src=\"https:\/\/charcoalplant.com\/wp-content\/uploads\/2022\/02\/log-charcoal-factory.jpg\" alt=\"f\u00e1brica de carv\u00e3o vegetal\" class=\"wp-image-2285\"\/><figcaption class=\"wp-element-caption\">f\u00e1brica de carv\u00e3o vegetal<\/figcaption><\/figure>    <figure class=\"wp-block-image size-large\"><img loading=\"lazy\" decoding=\"async\" width=\"720\" height=\"540\" data-id=\"2286\" src=\"https:\/\/charcoalplant.com\/wp-content\/uploads\/2022\/02\/wood-charcoal-for-sale-.jpg\" alt=\"carv\u00e3o vegetal para venda\" class=\"wp-image-2286\"\/><figcaption class=\"wp-element-caption\">carv\u00e3o vegetal para venda<\/figcaption><\/figure> <\/figure>    <p>E o churrasco caseiro pode usar esse carv\u00e3o. Portanto, o pequeno forno de carboniza\u00e7\u00e3o de madeira \u00e9 adequado para uso dom\u00e9stico. Por ser ecologicamente correto, ter alto valor calor\u00edfico e ser renov\u00e1vel, o carv\u00e3o vegetal tem uma grande demanda. Percebe-se ent\u00e3o que um forno de carboniza\u00e7\u00e3o \u00e9 uma boa ferramenta para ganhar dinheiro.<\/p>","protected":false},"excerpt":{"rendered":"<p>O forno de carboniza\u00e7\u00e3o horizontal pode produzir carv\u00e3o de bambu, carv\u00e3o para toras e carv\u00e3o de casca de coco em grandes quantidades ao mesmo tempo.<\/p>","protected":false},"author":1,"featured_media":1113,"parent":0,"template":"","tags":[65],"product-type":[4],"class_list":["post-1084","product","type-product","status-publish","has-post-thumbnail","hentry","tag-carbonization-furnace","product-type-carbonization-furnace"],"_links":{"self":[{"href":"https:\/\/charcoalplant.com\/pt\/wp-json\/wp\/v2\/product\/1084","targetHints":{"allow":["GET"]}}],"collection":[{"href":"https:\/\/charcoalplant.com\/pt\/wp-json\/wp\/v2\/product"}],"about":[{"href":"https:\/\/charcoalplant.com\/pt\/wp-json\/wp\/v2\/types\/product"}],"author":[{"embeddable":true,"href":"https:\/\/charcoalplant.com\/pt\/wp-json\/wp\/v2\/users\/1"}],"wp:featuredmedia":[{"embeddable":true,"href":"https:\/\/charcoalplant.com\/pt\/wp-json\/wp\/v2\/media\/1113"}],"wp:attachment":[{"href":"https:\/\/charcoalplant.com\/pt\/wp-json\/wp\/v2\/media?parent=1084"}],"wp:term":[{"taxonomy":"post_tag","embeddable":true,"href":"https:\/\/charcoalplant.com\/pt\/wp-json\/wp\/v2\/tags?post=1084"},{"taxonomy":"product-type","embeddable":true,"href":"https:\/\/charcoalplant.com\/pt\/wp-json\/wp\/v2\/product-type?post=1084"}],"curies":[{"name":"wp","href":"https:\/\/api.w.org\/{rel}","templated":true}]}}