{"id":1127,"date":"2021-12-03T07:51:22","date_gmt":"2021-12-03T07:51:22","guid":{"rendered":"https:\/\/charcoalplant.com\/?p=1127"},"modified":"2023-02-24T17:19:18","modified_gmt":"2023-02-24T09:19:18","slug":"rotary-carbonization-furnace","status":"publish","type":"product","link":"https:\/\/charcoalplant.com\/pt\/product\/rotary-carbonization-furnace\/","title":{"rendered":"Forno Rotativo de Carboniza\u00e7\u00e3o | M\u00e1quina de fazer carv\u00e3o de coco"},"content":{"rendered":"<div class=\"kk-star-ratings kksr-auto kksr-align-left kksr-valign-top\"     data-payload='{&quot;align&quot;:&quot;left&quot;,&quot;id&quot;:&quot;1127&quot;,&quot;slug&quot;:&quot;default&quot;,&quot;valign&quot;:&quot;top&quot;,&quot;ignore&quot;:&quot;&quot;,&quot;reference&quot;:&quot;auto&quot;,&quot;class&quot;:&quot;&quot;,&quot;count&quot;:&quot;8&quot;,&quot;legendonly&quot;:&quot;&quot;,&quot;readonly&quot;:&quot;&quot;,&quot;score&quot;:&quot;4.4&quot;,&quot;starsonly&quot;:&quot;&quot;,&quot;best&quot;:&quot;5&quot;,&quot;gap&quot;:&quot;5&quot;,&quot;greet&quot;:&quot;Rate this product&quot;,&quot;legend&quot;:&quot;4.4\\\/5 - (8 votes)&quot;,&quot;size&quot;:&quot;24&quot;,&quot;title&quot;:&quot;Rotary Carbonization Furnace | Coconut Charcoal Making Machine&quot;,&quot;width&quot;:&quot;125.1&quot;,&quot;_legend&quot;:&quot;{score}\\\/{best} - ({count} {votes})&quot;,&quot;font_factor&quot;:&quot;1.25&quot;}'>              <div class=\"kksr-stars\">      <div class=\"kksr-stars-inactive\">             <div class=\"kksr-star\" data-star=\"1\" style=\"padding-right: 5px\">               <div class=\"kksr-icon\" style=\"width: 24px; height: 24px;\"><\/div>         <\/div>             <div class=\"kksr-star\" data-star=\"2\" style=\"padding-right: 5px\">               <div class=\"kksr-icon\" style=\"width: 24px; height: 24px;\"><\/div>         <\/div>             <div class=\"kksr-star\" data-star=\"3\" style=\"padding-right: 5px\">               <div class=\"kksr-icon\" style=\"width: 24px; height: 24px;\"><\/div>         <\/div>             <div class=\"kksr-star\" data-star=\"4\" style=\"padding-right: 5px\">               <div class=\"kksr-icon\" style=\"width: 24px; height: 24px;\"><\/div>         <\/div>             <div class=\"kksr-star\" data-star=\"5\" style=\"padding-right: 5px\">               <div class=\"kksr-icon\" style=\"width: 24px; height: 24px;\"><\/div>         <\/div>     <\/div>      <div class=\"kksr-stars-active\" style=\"width: 125.1px;\">             <div class=\"kksr-star\" style=\"padding-right: 5px\">               <div class=\"kksr-icon\" style=\"width: 24px; height: 24px;\"><\/div>         <\/div>             <div class=\"kksr-star\" style=\"padding-right: 5px\">               <div class=\"kksr-icon\" style=\"width: 24px; height: 24px;\"><\/div>         <\/div>             <div class=\"kksr-star\" style=\"padding-right: 5px\">               <div class=\"kksr-icon\" style=\"width: 24px; height: 24px;\"><\/div>         <\/div>             <div class=\"kksr-star\" style=\"padding-right: 5px\">               <div class=\"kksr-icon\" style=\"width: 24px; height: 24px;\"><\/div>         <\/div>             <div class=\"kksr-star\" style=\"padding-right: 5px\">               <div class=\"kksr-icon\" style=\"width: 24px; height: 24px;\"><\/div>         <\/div>     <\/div> <\/div>                   <div class=\"kksr-legend\" style=\"font-size: 19.2px;\">             4.4\/5 - (8 votos)    <\/div>     <\/div>  <p class=\"translation-block\"><strong>Forno de carboniza\u00e7\u00e3o rotativo<\/strong> \u00e9 um equipamento de produ\u00e7\u00e3o de carv\u00e3o altamente autom\u00e1tico. Os seus materiais-prima para carboniza\u00e7\u00e3o s\u00e3o muito diversos e a maioria deles s\u00e3o res\u00edduos agr\u00edcolas e florestais, cascas de frutas e sucatas industriais. <strong><a href=\"https:\/\/charcoalplant.com\/pt\/info\/peanut-shell-charcoal-machine-installed-in-the-uk\/\">Carv\u00e3o de casca de amendoim<\/a><\/strong>, carv\u00e3o de casca de arroz, carv\u00e3o de lascas de bambu, <strong><a href=\"https:\/\/charcoalplant.com\/pt\/info\/what-are-the-uses-of-coconut-shells\/\">carv\u00e3o de casca de coco<\/a><\/strong>, carv\u00e3o de casca de damasco, carv\u00e3o de borra de caf\u00e9, etc. Eles s\u00e3o produzidos atrav\u00e9s do mecanismo de carboniza\u00e7\u00e3o. O material de carbono produzido pelo forno de carboniza\u00e7\u00e3o cont\u00ednua \u00e9 limpo, n\u00e3o t\u00f3xico, sem fuma\u00e7a e tem boa plasticidade. Em resumo, a perspectiva de mercado do forno de carboniza\u00e7\u00e3o rotativo \u00e9 ampla. Portanto, entre em contato conosco rapidamente para obter informa\u00e7\u00f5es sobre pre\u00e7o, categoria e envio do produto! A Shuliy fabricante de m\u00e1quinas garante a sua produ\u00e7\u00e3o.<\/p>    <figure class=\"wp-block-gallery has-nested-images columns-default is-cropped wp-block-gallery-2 is-layout-flex wp-block-gallery-is-layout-flex\"> <figure class=\"wp-block-image size-large\"><img loading=\"lazy\" decoding=\"async\" width=\"720\" height=\"540\" data-id=\"2292\" src=\"https:\/\/charcoalplant.com\/wp-content\/uploads\/2022\/02\/Rotary-carbonization-furnace-factory.jpg\" alt=\"F\u00e1brica de fornos de carboniza\u00e7\u00e3o rotativa\" class=\"wp-image-2292\"\/><figcaption class=\"wp-element-caption\">F\u00e1brica de fornos de carboniza\u00e7\u00e3o rotativa<\/figcaption><\/figure> <\/figure>    <h2 class=\"wp-block-heading\" id=\"h-raw-materials-for-rotary-carbonization-furnace\"><strong>Mat\u00e9rias-primas para forno rotativo de carboniza\u00e7\u00e3o<\/strong><\/h2>    <p>O forno de carboniza\u00e7\u00e3o de serragem pode carbonizar mat\u00e9rias-primas como serragem, casca de arroz, casca de amendoim, palha de planta, casca de coco, casca de girassol, casca de damasco, gr\u00e3os de destilaria, borra de caf\u00e9, etc. materiais. Eles s\u00e3o p\u00f3 e part\u00edculas. <\/p>    <figure class=\"wp-block-gallery has-nested-images columns-default is-cropped wp-block-gallery-3 is-layout-flex wp-block-gallery-is-layout-flex\"> <figure class=\"wp-block-image size-large\"><img loading=\"lazy\" decoding=\"async\" width=\"745\" height=\"180\" data-id=\"2293\" src=\"https:\/\/charcoalplant.com\/wp-content\/uploads\/2022\/02\/soft-material.png\" alt=\"\" class=\"wp-image-2293\"\/><\/figure> <\/figure>    <p class=\"translation-block\">Se as suas mat\u00e9rias-primas s\u00e3o alguns grandes lascas de madeira, galhos, aparas, etc., n\u00e3o conseguem atender aos requisitos da fornalha de carboniza\u00e7\u00e3o em tambor. N\u00e3o se preocupe, \u00e9 necess\u00e1rio apenas equipar uma <strong><a href=\"https:\/\/charcoalplant.com\/pt\/hammer-mill\/\">moinho de martelo<\/a><\/strong> junto do sistema de alimenta\u00e7\u00e3o para obter as mat\u00e9rias-primas que atendam aos requisitos de produ\u00e7\u00e3o. Al\u00e9m disso, a humidade das lascas de madeira deve ficar abaixo de 20%. Pode escolher secar naturalmente ou escolher um <strong><a href=\"https:\/\/charcoalplant.com\/pt\/rice-husk-dryer\/\">secador de serragens<\/a><\/strong> para reduzir a humidade da mat\u00e9ria-prima.<\/p>    <figure class=\"wp-block-gallery has-nested-images columns-2 is-cropped wp-block-gallery-4 is-layout-flex wp-block-gallery-is-layout-flex\"> <figure class=\"wp-block-image size-large\"><img loading=\"lazy\" decoding=\"async\" width=\"749\" height=\"192\" data-id=\"2294\" src=\"https:\/\/charcoalplant.com\/wp-content\/uploads\/2022\/02\/hard-material.png\" alt=\"\" class=\"wp-image-2294\"\/><\/figure> <\/figure>    <h2 class=\"wp-block-heading\" id=\"h-working-principle-of-rotary-carbonization-furnace\"><strong>Princ\u00edpio de funcionamento do forno rotativo de carboniza\u00e7\u00e3o<\/strong><\/h2>    <p>1. Processo de desumidifica\u00e7\u00e3o<\/p>    <p>Esse processo visa principalmente retirar a umidade da pr\u00f3pria mat\u00e9ria-prima. Com o r\u00e1pido aumento da temperatura no forno, a umidade da biomassa diminui. Na verdade, este \u00e9 tamb\u00e9m o processo de secagem das mat\u00e9rias-primas. Porque quanto menor a umidade da mat\u00e9ria-prima, maior ser\u00e1 a taxa de carboniza\u00e7\u00e3o do produto acabado. Ent\u00e3o a qualidade do carv\u00e3o tamb\u00e9m \u00e9 melhor.<\/p>    <p>2. Est\u00e1gio de pir\u00f3lise<\/p>    <p>A pir\u00f3lise de materiais como lascas de madeira e cascas de coco produz componentes como alcatr\u00e3o de madeira, vinagre de madeira e gases combust\u00edveis. Esses produtos s\u00e3o separados e purificados sequencialmente atrav\u00e9s de nossos tanques de purifica\u00e7\u00e3o. O g\u00e1s combust\u00edvel ap\u00f3s a purifica\u00e7\u00e3o final \u00e9 devolvido \u00e0 c\u00e2mara de combust\u00e3o do forno de carboniza\u00e7\u00e3o cont\u00ednua para combust\u00e3o como combust\u00edvel.<\/p>    <p>3. Etapa de carboniza\u00e7\u00e3o<\/p>    <p>O forno cont\u00ednuo de carboniza\u00e7\u00e3o de casca de arroz s\u00f3 precisa ser pr\u00e9-aquecido uma vez (1h). O tempo de carboniza\u00e7\u00e3o do material \u00e9 de cerca de 20 a 30 minutos. E \u00e9 um equipamento de carboniza\u00e7\u00e3o cont\u00ednua.<\/p>    <figure class=\"wp-block-gallery has-nested-images columns-default is-cropped wp-block-gallery-5 is-layout-flex wp-block-gallery-is-layout-flex\"> <figure class=\"wp-block-image size-large\"><img loading=\"lazy\" decoding=\"async\" width=\"720\" height=\"540\" data-id=\"1123\" src=\"https:\/\/charcoalplant.com\/wp-content\/uploads\/2021\/12\/1000-type-drum-carbonization-furnace-host-3.jpg\" alt=\"\" class=\"wp-image-1123\" srcset=\"https:\/\/charcoalplant.com\/wp-content\/uploads\/2021\/12\/1000-type-drum-carbonization-furnace-host-3.jpg 720w, https:\/\/charcoalplant.com\/wp-content\/uploads\/2021\/12\/1000-type-drum-carbonization-furnace-host-3-300x225.jpg 300w\" sizes=\"auto, (max-width: 720px) 100vw, 720px\" \/><figcaption class=\"wp-element-caption\">f\u00e1brica de forno de carboniza\u00e7\u00e3o rotativa<\/figcaption><\/figure> <\/figure>    <h2 class=\"wp-block-heading\" id=\"h-structure-of-high-efficiency-coconut-charcoal-machine\"><strong>Estrutura de <\/strong><strong>C de alta efici\u00eancia<\/strong><strong>coco<\/strong><strong>&nbsp;Concha <\/strong><strong>C<\/strong><strong>fabrica\u00e7\u00e3o de carv\u00e3o <\/strong><strong>M<\/strong><strong>dor<\/strong><\/h2>    <p>O equipamento de rolos possui tr\u00eas \u00e1reas funcionais: \u00e1rea de pr\u00e9-aquecimento, \u00e1rea de alta temperatura e \u00e1rea de baixa temperatura. A carboniza\u00e7\u00e3o ocorre na zona de alta temperatura, ou seja, na parte principal do motor (por estar pr\u00f3xima \u00e0 fonte de calor, tamb\u00e9m \u00e9 chamada de c\u00e2mara de combust\u00e3o). H\u00e1 tamb\u00e9m um orif\u00edcio de observa\u00e7\u00e3o no tambor para ver facilmente a combust\u00e3o na c\u00e2mara de combust\u00e3o. O tambor \u00e9 acionado para girar por engrenagens e uma abertura. Mas sua velocidade \u00e9 controlada pelo motoredutor. Al\u00e9m disso, nossos motores t\u00eam frequ\u00eancia ajust\u00e1vel, o que \u00e9 muito conveniente.<\/p>    <div class=\"wp-block-columns has-background is-layout-flex wp-container-core-columns-is-layout-28f84493 wp-block-columns-is-layout-flex\" style=\"background-color:#f1f1f1\"> <div class=\"wp-block-column is-layout-flow wp-block-column-is-layout-flow\" style=\"flex-basis:66.66%\"> <figure class=\"wp-block-gallery has-nested-images columns-default is-cropped wp-block-gallery-6 is-layout-flex wp-block-gallery-is-layout-flex\"> <figure class=\"wp-block-image size-large\"><img loading=\"lazy\" decoding=\"async\" width=\"720\" height=\"540\" data-id=\"2295\" src=\"https:\/\/charcoalplant.com\/wp-content\/uploads\/2022\/02\/rice-husk-rotary-carbonization-furnace.jpg\" alt=\"\" class=\"wp-image-2295\"\/><\/figure> <\/figure> <\/div>    <div class=\"wp-block-column is-vertically-aligned-center is-layout-flow wp-block-column-is-layout-flow\" style=\"flex-basis:33.33%\"> <p class=\"translation-block\"><strong>Entrada e sa\u00edda<\/strong><\/p>    <p>Porque o material do forno de carboniza\u00e7\u00e3o cont\u00ednua de casca de arroz \u00e9 mais leve. Portanto, o m\u00e9todo de alimenta\u00e7\u00e3o e descarga da rosca \u00e9 mais limpo e eficiente. E a tubula\u00e7\u00e3o de descarga tem um efeito de resfriamento de circula\u00e7\u00e3o de \u00e1gua de camada dupla. A temperatura do produto acabado fica em torno de 35 graus.<\/p> <\/div> <\/div>    <div class=\"wp-block-columns has-background is-layout-flex wp-container-core-columns-is-layout-28f84493 wp-block-columns-is-layout-flex\" style=\"background-color:#f1f1f1\"> <div class=\"wp-block-column is-vertically-aligned-center is-layout-flow wp-block-column-is-layout-flow\" style=\"flex-basis:33.33%\"> <p class=\"translation-block\"><strong>Queimador<\/strong><\/p>    <p>O fog\u00e3o a carv\u00e3o com casca de arroz tem boa estanqueidade, muitos dispositivos de igni\u00e7\u00e3o e uma velocidade de aquecimento r\u00e1pida. Precisa ser aceso com g\u00e1s liquefeito. Portanto, todo o processo produtivo \u00e9 ecologicamente correto.<\/p> <\/div>    <div class=\"wp-block-column is-layout-flow wp-block-column-is-layout-flow\" style=\"flex-basis:66.66%\"> <figure class=\"wp-block-gallery has-nested-images columns-default is-cropped wp-block-gallery-7 is-layout-flex wp-block-gallery-is-layout-flex\"> <figure class=\"wp-block-image size-large\"><img loading=\"lazy\" decoding=\"async\" width=\"720\" height=\"540\" data-id=\"2296\" src=\"https:\/\/charcoalplant.com\/wp-content\/uploads\/2022\/02\/burner.jpg\" alt=\"\" class=\"wp-image-2296\"\/><\/figure> <\/figure> <\/div> <\/div>    <div class=\"wp-block-columns has-background is-layout-flex wp-container-core-columns-is-layout-28f84493 wp-block-columns-is-layout-flex\" style=\"background-color:#f1f1f1\"> <div class=\"wp-block-column is-layout-flow wp-block-column-is-layout-flow\" style=\"flex-basis:66.66%\"> <figure class=\"wp-block-gallery has-nested-images columns-default is-cropped wp-block-gallery-8 is-layout-flex wp-block-gallery-is-layout-flex\"> <figure class=\"wp-block-image size-large\"><img loading=\"lazy\" decoding=\"async\" width=\"960\" height=\"1012\" data-id=\"2297\" src=\"https:\/\/charcoalplant.com\/wp-content\/uploads\/2022\/02\/distribution-Cabinet.jpg\" alt=\"\" class=\"wp-image-2297\"\/><\/figure> <\/figure> <\/div>    <div class=\"wp-block-column is-vertically-aligned-center is-layout-flow wp-block-column-is-layout-flow\" style=\"flex-basis:33.33%\"> <p class=\"translation-block\"><strong>Arm\u00e1rio de Distribui\u00e7\u00e3o<\/strong><\/p>    <p>Existem v\u00e1rios bot\u00f5es no gabinete de distribui\u00e7\u00e3o de energia da unidade do forno de carboniza\u00e7\u00e3o. Os clientes n\u00e3o podem apenas visualizar a press\u00e3o do ar, a corrente e a temperatura dentro e fora do forno. E partida com um bot\u00e3o, regula\u00e7\u00e3o manual de velocidade.<\/p> <\/div> <\/div>    <div class=\"wp-block-columns has-background is-layout-flex wp-container-core-columns-is-layout-28f84493 wp-block-columns-is-layout-flex\" style=\"background-color:#f1f1f1\"> <div class=\"wp-block-column is-vertically-aligned-center is-layout-flow wp-block-column-is-layout-flow\" style=\"flex-basis:33.33%\"> <p class=\"translation-block\"><strong>Motor com engrenagens<\/strong><\/p>    <p>Controle a velocidade da m\u00e1quina principal: Se a mat\u00e9ria-prima for dura, voc\u00ea pode diminuir a velocidade da m\u00e1quina principal para prolongar o tempo de carboniza\u00e7\u00e3o. Se a mat\u00e9ria-prima for levemente macia, pode-se aumentar a velocidade para diminuir o tempo de carboniza\u00e7\u00e3o.<\/p> <\/div>    <div class=\"wp-block-column is-layout-flow wp-block-column-is-layout-flow\" style=\"flex-basis:66.66%\"> <figure class=\"wp-block-gallery has-nested-images columns-default is-cropped wp-block-gallery-9 is-layout-flex wp-block-gallery-is-layout-flex\"> <figure class=\"wp-block-image size-large\"><img loading=\"lazy\" decoding=\"async\" width=\"720\" height=\"540\" data-id=\"1141\" src=\"https:\/\/charcoalplant.com\/wp-content\/uploads\/2021\/12\/Geared-motor-2-1.jpg\" alt=\"Motorredutor-2\" class=\"wp-image-1141\" srcset=\"https:\/\/charcoalplant.com\/wp-content\/uploads\/2021\/12\/Geared-motor-2-1.jpg 720w, https:\/\/charcoalplant.com\/wp-content\/uploads\/2021\/12\/Geared-motor-2-1-300x225.jpg 300w\" sizes=\"auto, (max-width: 720px) 100vw, 720px\" \/><figcaption class=\"wp-element-caption\">Motorredutor-2<\/figcaption><\/figure> <\/figure> <\/div> <\/div>    <h2 class=\"wp-block-heading\" id=\"h-how-is-biomass-carbonized\"><strong>Como a biomassa \u00e9 carbonizada?<\/strong><\/h2>    <p>Quando o forno de carboniza\u00e7\u00e3o de biomassa atinge uma determinada temperatura, os materiais dentro do forno come\u00e7am a desumidificar. Quando a temperatura chega a cerca de 300 graus, o material come\u00e7a a carbonizar. Todos conhecemos as tr\u00eas condi\u00e7\u00f5es que satisfazem a combust\u00e3o de objetos: fonte de calor, material combust\u00edvel e oxig\u00eanio. Porque o forno de carboniza\u00e7\u00e3o de biomassa \u00e9 quase um espa\u00e7o fechado, ou seja, um ambiente livre de oxig\u00eanio. Portanto, a carboniza\u00e7\u00e3o da mat\u00e9ria-prima ocorre no corpo do forno.<\/p>    <figure class=\"wp-block-gallery has-nested-images columns-default is-cropped wp-block-gallery-10 is-layout-flex wp-block-gallery-is-layout-flex\"> <figure class=\"wp-block-image size-large\"><img loading=\"lazy\" decoding=\"async\" width=\"720\" height=\"540\" data-id=\"1800\" src=\"https:\/\/charcoalplant.com\/wp-content\/uploads\/2022\/01\/natural-coconut-charcoal.jpg\" alt=\"carv\u00e3o de coco natural\" class=\"wp-image-1800\" srcset=\"https:\/\/charcoalplant.com\/wp-content\/uploads\/2022\/01\/natural-coconut-charcoal.jpg 720w, https:\/\/charcoalplant.com\/wp-content\/uploads\/2022\/01\/natural-coconut-charcoal-300x225.jpg 300w\" sizes=\"auto, (max-width: 720px) 100vw, 720px\" \/><figcaption class=\"wp-element-caption\">carv\u00e3o de coco natural<\/figcaption><\/figure>    <figure class=\"wp-block-image size-large\"><img loading=\"lazy\" decoding=\"async\" width=\"720\" height=\"540\" data-id=\"1802\" src=\"https:\/\/charcoalplant.com\/wp-content\/uploads\/2021\/12\/rice-husk-charcoal_.jpg\" alt=\"casca de arroz-carv\u00e3o\" class=\"wp-image-1802\" srcset=\"https:\/\/charcoalplant.com\/wp-content\/uploads\/2021\/12\/rice-husk-charcoal_.jpg 720w, https:\/\/charcoalplant.com\/wp-content\/uploads\/2021\/12\/rice-husk-charcoal_-300x225.jpg 300w\" sizes=\"auto, (max-width: 720px) 100vw, 720px\" \/><figcaption class=\"wp-element-caption\">casca de arroz-carv\u00e3o<\/figcaption><\/figure> <\/figure>    <h2 class=\"wp-block-heading\" id=\"parameters-of-continuous-carbonization-furnace\"><strong>Par\u00e2metros do Forno de Carboniza\u00e7\u00e3o Cont\u00ednua<\/strong><\/h2>    <p>O nome do modelo da m\u00e1quina para fazer carv\u00e3o com casca de coco e seu di\u00e2metro principal. O di\u00e2metro do seu corpo \u00e9 personaliz\u00e1vel. Para atender \u00e0s necessidades do cliente, nossa f\u00e1brica pode produzir fornos de carboniza\u00e7\u00e3o feitos de corpo de forno de a\u00e7o inoxid\u00e1vel.<\/p>    <figure class=\"wp-block-table is-style-stripes\"><table><tbody><tr><td>Modelo<\/td><td>SL-CF800<\/td><td>SL-CF1000<\/td><td>SL-CF1200<\/td><\/tr><tr><td>Di\u00e2metro (mm)<\/td><td>800<\/td><td>1000<\/td><td>1200<\/td><\/tr><tr><td>Capacidade (kg\/h)<\/td><td>400-600<\/td><td>800-1000<\/td><td>1200-1500<\/td><\/tr><tr><td>Pot\u00eancia principal (kw)<\/td><td>18.5<\/td><td>18.5<\/td><td>20<\/td><\/tr><tr><td>Temperatura de carboniza\u00e7\u00e3o (\u2103)<\/td><td>500-800<\/td><td>500-800<\/td><td>500-800<\/td><\/tr><tr><td>Pot\u00eancia do ventilador (kw)<\/td><td>5.5<\/td><td>5.5<\/td><td>5.5<\/td><\/tr><\/tbody><\/table><\/figure>    <h2 class=\"wp-block-heading\" id=\"video-of-rotary-peanut-shell-charcoal-furnace\"><strong>V\u00eddeo do forno rotativo a carv\u00e3o com casca de amendoim<\/strong><\/h2>    <p>Abaixo est\u00e1 um v\u00eddeo de um fabricante usando um forno de carboniza\u00e7\u00e3o cont\u00ednua para produzir carv\u00e3o de casca de amendoim. Bem-vindo a assistir e se inscrever.<\/p>    <figure class=\"wp-block-embed is-type-video is-provider-youtube wp-block-embed-youtube wp-embed-aspect-16-9 wp-has-aspect-ratio\"><div class=\"wp-block-embed__wrapper\"> <iframe loading=\"lazy\" title=\"Forno a carv\u00e3o de coco | Planta de equipamento de carboniza\u00e7\u00e3o rotativa #Ricehuskcharcoal#Affordable\" width=\"500\" height=\"281\" src=\"https:\/\/www.youtube.com\/embed\/dmKFCdtEptc?feature=oembed\" frameborder=\"0\" allow=\"accelerometer; autoplay; clipboard-write; encrypted-media; gyroscope; picture-in-picture; web-share\" referrerpolicy=\"strict-origin-when-cross-origin\" allowfullscreen><\/iframe> <\/div><\/figure>    <h2 class=\"wp-block-heading\" id=\"h-finished-product-of-coconut-charcoal-furnace\"><strong>Produto acabado da m\u00e1quina de fazer carv\u00e3o de coco<\/strong><\/h2>    <figure class=\"wp-block-gallery has-nested-images columns-default is-cropped wp-block-gallery-11 is-layout-flex wp-block-gallery-is-layout-flex\"> <figure class=\"wp-block-image size-large\"><img loading=\"lazy\" decoding=\"async\" width=\"720\" height=\"540\" data-id=\"2299\" src=\"https:\/\/charcoalplant.com\/wp-content\/uploads\/2022\/02\/Finished-product-of-rotary-carbonization-furnace.jpg\" alt=\"Produto acabado de forno de carboniza\u00e7\u00e3o rotativo\" class=\"wp-image-2299\"\/><figcaption class=\"wp-element-caption\">Produto acabado de forno de carboniza\u00e7\u00e3o rotativo<\/figcaption><\/figure>    <figure class=\"wp-block-image size-large\"><img loading=\"lazy\" decoding=\"async\" width=\"720\" height=\"540\" data-id=\"2298\" src=\"https:\/\/charcoalplant.com\/wp-content\/uploads\/2022\/02\/charcoal-briquette.jpg\" alt=\"briquete de carv\u00e3o\" class=\"wp-image-2298\"\/><figcaption class=\"wp-element-caption\">briquete de carv\u00e3o<\/figcaption><\/figure> <\/figure>    <p class=\"translation-block\">As mat\u00e9rias-primas soltas, como serradura e cascas de arroz, s\u00e3o secas, carbonizadas e arrefecidas para se tornarem o carv\u00f5es requeridos. Assim, os clientes podem vender diretamente produtos acabados, como carv\u00e3o de casca de arroz, carv\u00e3o de casca de coco, carv\u00e3o de palha e carv\u00e3o de casca de fruta. Os clientes tamb\u00e9m podem utiliz\u00e1-los para moagem a fim de produzir <strong><a href=\"https:\/\/charcoalplant.com\/pt\/charcoal-briquetting-machine\/charcoal-powder-briquette-machine\/\"> briquetes de carv\u00e3o<\/a><\/strong>. Isto cria maior valor. Devido ao material de carbono produzido pela fornalha de carboniza\u00e7\u00e3o rotary ser limpo, n\u00e3o t\u00f3xico, sem fumos, com alta energia t\u00e9rmica, tem bom mercado e amplos horizontes.<\/p>","protected":false},"excerpt":{"rendered":"<p>O forno rotativo de carboniza\u00e7\u00e3o tamb\u00e9m \u00e9 chamado de forno de carboniza\u00e7\u00e3o de biomassa. Suas mat\u00e9rias-primas s\u00e3o principalmente res\u00edduos agr\u00edcolas e florestais.<\/p>","protected":false},"author":1,"featured_media":1146,"parent":0,"template":"","tags":[65],"product-type":[4],"class_list":["post-1127","product","type-product","status-publish","has-post-thumbnail","hentry","tag-carbonization-furnace","product-type-carbonization-furnace"],"_links":{"self":[{"href":"https:\/\/charcoalplant.com\/pt\/wp-json\/wp\/v2\/product\/1127","targetHints":{"allow":["GET"]}}],"collection":[{"href":"https:\/\/charcoalplant.com\/pt\/wp-json\/wp\/v2\/product"}],"about":[{"href":"https:\/\/charcoalplant.com\/pt\/wp-json\/wp\/v2\/types\/product"}],"author":[{"embeddable":true,"href":"https:\/\/charcoalplant.com\/pt\/wp-json\/wp\/v2\/users\/1"}],"wp:featuredmedia":[{"embeddable":true,"href":"https:\/\/charcoalplant.com\/pt\/wp-json\/wp\/v2\/media\/1146"}],"wp:attachment":[{"href":"https:\/\/charcoalplant.com\/pt\/wp-json\/wp\/v2\/media?parent=1127"}],"wp:term":[{"taxonomy":"post_tag","embeddable":true,"href":"https:\/\/charcoalplant.com\/pt\/wp-json\/wp\/v2\/tags?post=1127"},{"taxonomy":"product-type","embeddable":true,"href":"https:\/\/charcoalplant.com\/pt\/wp-json\/wp\/v2\/product-type?post=1127"}],"curies":[{"name":"wp","href":"https:\/\/api.w.org\/{rel}","templated":true}]}}