{"id":1178,"date":"2021-12-07T08:28:29","date_gmt":"2021-12-07T08:28:29","guid":{"rendered":"https:\/\/charcoalplant.com\/?p=1178"},"modified":"2023-04-18T18:18:42","modified_gmt":"2023-04-18T10:18:42","slug":"charcoal-powder-briquette-machine","status":"publish","type":"product","link":"https:\/\/charcoalplant.com\/pt\/product\/charcoal-powder-briquette-machine\/","title":{"rendered":"M\u00e1quina de briquetagem de carv\u00e3o em p\u00f3 | Fabricante de m\u00e1quina de prensa de carv\u00e3o"},"content":{"rendered":"<div class=\"kk-star-ratings kksr-auto kksr-align-left kksr-valign-top\"     data-payload='{&quot;align&quot;:&quot;left&quot;,&quot;id&quot;:&quot;1178&quot;,&quot;slug&quot;:&quot;default&quot;,&quot;valign&quot;:&quot;top&quot;,&quot;ignore&quot;:&quot;&quot;,&quot;reference&quot;:&quot;auto&quot;,&quot;class&quot;:&quot;&quot;,&quot;count&quot;:&quot;18&quot;,&quot;legendonly&quot;:&quot;&quot;,&quot;readonly&quot;:&quot;&quot;,&quot;score&quot;:&quot;4.7&quot;,&quot;starsonly&quot;:&quot;&quot;,&quot;best&quot;:&quot;5&quot;,&quot;gap&quot;:&quot;5&quot;,&quot;greet&quot;:&quot;Rate this product&quot;,&quot;legend&quot;:&quot;4.7\\\/5 - (18 votes)&quot;,&quot;size&quot;:&quot;24&quot;,&quot;title&quot;:&quot;Charcoal Powder Briquette Machine | Coal Press Machine Manufacturer&quot;,&quot;width&quot;:&quot;133.8&quot;,&quot;_legend&quot;:&quot;{score}\\\/{best} - ({count} {votes})&quot;,&quot;font_factor&quot;:&quot;1.25&quot;}'>              <div class=\"kksr-stars\">      <div class=\"kksr-stars-inactive\">             <div class=\"kksr-star\" data-star=\"1\" style=\"padding-right: 5px\">               <div class=\"kksr-icon\" style=\"width: 24px; height: 24px;\"><\/div>         <\/div>             <div class=\"kksr-star\" data-star=\"2\" style=\"padding-right: 5px\">               <div class=\"kksr-icon\" style=\"width: 24px; height: 24px;\"><\/div>         <\/div>             <div class=\"kksr-star\" data-star=\"3\" style=\"padding-right: 5px\">               <div class=\"kksr-icon\" style=\"width: 24px; height: 24px;\"><\/div>         <\/div>             <div class=\"kksr-star\" data-star=\"4\" style=\"padding-right: 5px\">               <div class=\"kksr-icon\" style=\"width: 24px; height: 24px;\"><\/div>         <\/div>             <div class=\"kksr-star\" data-star=\"5\" style=\"padding-right: 5px\">               <div class=\"kksr-icon\" style=\"width: 24px; height: 24px;\"><\/div>         <\/div>     <\/div>      <div class=\"kksr-stars-active\" style=\"width: 133.8px;\">             <div class=\"kksr-star\" style=\"padding-right: 5px\">               <div class=\"kksr-icon\" style=\"width: 24px; height: 24px;\"><\/div>         <\/div>             <div class=\"kksr-star\" style=\"padding-right: 5px\">               <div class=\"kksr-icon\" style=\"width: 24px; height: 24px;\"><\/div>         <\/div>             <div class=\"kksr-star\" style=\"padding-right: 5px\">               <div class=\"kksr-icon\" style=\"width: 24px; height: 24px;\"><\/div>         <\/div>             <div class=\"kksr-star\" style=\"padding-right: 5px\">               <div class=\"kksr-icon\" style=\"width: 24px; height: 24px;\"><\/div>         <\/div>             <div class=\"kksr-star\" style=\"padding-right: 5px\">               <div class=\"kksr-icon\" style=\"width: 24px; height: 24px;\"><\/div>         <\/div>     <\/div> <\/div>                   <div class=\"kksr-legend\" style=\"font-size: 19.2px;\">             4,7\/5 - (18 votos)    <\/div>     <\/div>  <p class=\"translation-block\"><strong>M\u00e1quina de briquetagem de p\u00f3 de carv\u00e3o<\/strong> \u00e9 um tipo de equipamento que utiliza principalmente p\u00f3 de carv\u00e3o e p\u00f3 de carv\u00e3o como mat\u00e9rias-primas para produzir <strong><a href=\"https:\/\/charcoalplant.com\/pt\/charcoal-briquettes-production-line\/\">carv\u00e3o para churrasco<\/a><\/strong> e carv\u00e3o de gancho em quadrado para fumadores. A briquetagem de p\u00f3 de carv\u00e3o pode ser oca ou oca (n\u00e3o oca). E o seu perfil transversal pode ser quadrado, hexagonal, circular, entre outros. Mais importante, o briquete \u00e9 sem fuma\u00e7a, tem um tempo de queima longo e uma grande procura de mercado. Portanto, a <strong><a href=\"https:\/\/charcoalplant.com\/pt\/info\/iraqi-customers-wood-charcoal-briquetting-extruder-completed\/\">m\u00e1quina de briquetagem de carv\u00e3o<\/a><\/strong> \u00e9 um equipamento de carv\u00e3o com bom custo-benef\u00edcio. Contacte-nos, iremos apresentar-lhe um pre\u00e7o competitivo.<\/p>    <h2 class=\"wp-block-heading\" id=\"working-principle-of-charcoal-powder-briquette-machine\">Princ\u00edpio de funcionamento da m\u00e1quina de briquete de carv\u00e3o em p\u00f3<\/h2>    <p>Uma m\u00e1quina de carv\u00e3o vegetal \u00e9 uma m\u00e1quina para transformar carv\u00e3o em p\u00f3 em diferentes formatos de blocos de carv\u00e3o. Seu princ\u00edpio de funcionamento \u00e9 que o motor transmita pot\u00eancia para a transmiss\u00e3o atrav\u00e9s da correia em V. O eixo de sa\u00edda da transmiss\u00e3o transmite ent\u00e3o pot\u00eancia ao eixo da h\u00e9lice atrav\u00e9s de um acoplamento flutuante. Finalmente, a h\u00e9lice no eixo da h\u00e9lice pode empurrar a mat\u00e9ria-prima para fora atrav\u00e9s do molde de forma\u00e7\u00e3o.<\/p>    <figure class=\"wp-block-image aligncenter size-full\"><img loading=\"lazy\" decoding=\"async\" width=\"720\" height=\"540\" src=\"https:\/\/charcoalplant.com\/wp-content\/uploads\/2022\/02\/Charcoal-powder-briquette-machine-show.jpg\" alt=\"Show de m\u00e1quina de briquete de carv\u00e3o em p\u00f3\" class=\"wp-image-2389\"\/><figcaption class=\"wp-element-caption\">Show de m\u00e1quina de briquete de carv\u00e3o em p\u00f3<\/figcaption><\/figure>    <h2 class=\"wp-block-heading\" id=\"raw-materials-of-charcoal-dust-briquetting-machine\">Mat\u00e9rias-primas da m\u00e1quina de briquetagem de p\u00f3 de carv\u00e3o<\/h2>    <p class=\"translation-block\">A fonte do seu p\u00f3 de carv\u00e3o cru \u00e9 que v\u00e1rios carv\u00f5es podem ser mo\u00eddos por <strong><a href=\"https:\/\/charcoalplant.com\/pt\/wood-wastes-recycling-machine\/hammer-mill\/\">moinho de martelos<\/a><\/strong>. Por exemplo, carv\u00e3o de casca de coco, carv\u00e3o de toco, carv\u00e3o de serradura briquetado, carv\u00e3o de casca de palmeira, carv\u00e3o de palha de arroz, carv\u00e3o de casca de amendoeira, etc. E outros materiais: <strong><a href=\"https:\/\/charcoalplant.com\/pt\/info\/can-these-briquetting-machines-make-alfalfa-molar-sticks\/\">alfafa<\/a><\/strong> e relva Timothy. Vale a pena notar que o p\u00f3 de carbono mo\u00eddo precisa de ser completamente misturado com uma certa propor\u00e7\u00e3o de \u00e1gua e ligante com um moinho de roda antes do uso. Porque pode tornar o p\u00f3 de carbono mais viscoso, dar-lhe melhor forma e a qualidade do produto final ser mais elevada.<\/p>    <figure class=\"wp-block-image aligncenter size-full\"><img loading=\"lazy\" decoding=\"async\" width=\"720\" height=\"540\" src=\"https:\/\/charcoalplant.com\/wp-content\/uploads\/2022\/02\/raw-materials-of-charcoal-briquette-machine.jpg\" alt=\"\" class=\"wp-image-2383\"\/><\/figure>    <h2 class=\"wp-block-heading\" id=\"h-structure-of-charcoal-powder-briquette-machine\">Estrutura da m\u00e1quina de briquetagem de carv\u00e3o em p\u00f3<strong> <\/strong><\/h2>    <p>A m\u00e1quina briquetadeira de carv\u00e3o em p\u00f3 inclui principalmente eixo principal, propulsor de parafuso, molde, motoredutor e outras pe\u00e7as. Devido ao seu design geral, a estrutura \u00e9 compacta. Portanto, a pegada \u00e9 pequena. Al\u00e9m disso, seu propulsor possui tr\u00eas partes. Uma vez que o propulsor da briquetadeira de carv\u00e3o falha, o cliente s\u00f3 precisa substituir seu cabe\u00e7ote.<\/p>    <figure class=\"wp-block-image aligncenter size-full\"><img loading=\"lazy\" decoding=\"async\" width=\"720\" height=\"540\" src=\"https:\/\/charcoalplant.com\/wp-content\/uploads\/2022\/02\/charcoal-briquetting-machine-display.jpg\" alt=\"exposi\u00e7\u00e3o da m\u00e1quina de briquetagem de carv\u00e3o\" class=\"wp-image-2390\"\/><figcaption class=\"wp-element-caption\">exposi\u00e7\u00e3o da m\u00e1quina de briquetagem de carv\u00e3o<\/figcaption><\/figure>    <h3 class=\"wp-block-heading\" id=\"accessories\">Acess\u00f3rios da m\u00e1quina de briquetagem de carv\u00e3o<\/h3>    <div class=\"wp-block-columns has-background is-layout-flex wp-container-core-columns-is-layout-28f84493 wp-block-columns-is-layout-flex\" style=\"background-color:#f1f1f1\"> <div class=\"wp-block-column is-vertically-aligned-center is-layout-flow wp-block-column-is-layout-flow\" style=\"flex-basis:33.33%\"> <p class=\"translation-block\"><strong>Molde<\/strong><\/p>    <p>A m\u00e1quina de moldagem de p\u00f3 de carv\u00e3o vegetal possui v\u00e1rios moldes. Portanto, pode produzir diversos formatos de carv\u00e3o para churrasco. Por exemplo, hex\u00e1gono, oct\u00f3gono, quadrado, c\u00edrculo.<\/p> <\/div>    <div class=\"wp-block-column is-layout-flow wp-block-column-is-layout-flow\" style=\"flex-basis:66.66%\"> <figure class=\"wp-block-gallery has-nested-images columns-default is-cropped wp-block-gallery-2 is-layout-flex wp-block-gallery-is-layout-flex\"> <figure class=\"wp-block-image size-large\"><img loading=\"lazy\" decoding=\"async\" width=\"720\" height=\"540\" data-id=\"1580\" src=\"https:\/\/charcoalplant.com\/wp-content\/uploads\/2021\/12\/shaped-charcoal-molds-1.jpg\" alt=\"moldes de carv\u00e3o em forma\" class=\"wp-image-1580\" srcset=\"https:\/\/charcoalplant.com\/wp-content\/uploads\/2021\/12\/shaped-charcoal-molds-1.jpg 720w, https:\/\/charcoalplant.com\/wp-content\/uploads\/2021\/12\/shaped-charcoal-molds-1-300x225.jpg 300w\" sizes=\"auto, (max-width: 720px) 100vw, 720px\" \/><figcaption class=\"wp-element-caption\">moldes de carv\u00e3o em forma<\/figcaption><\/figure> <\/figure> <\/div> <\/div>    <div class=\"wp-block-columns has-background is-layout-flex wp-container-core-columns-is-layout-28f84493 wp-block-columns-is-layout-flex\" style=\"background-color:#f1f1f1\"> <div class=\"wp-block-column is-layout-flow wp-block-column-is-layout-flow\" style=\"flex-basis:66.66%\"> <figure class=\"wp-block-gallery has-nested-images columns-default is-cropped wp-block-gallery-3 is-layout-flex wp-block-gallery-is-layout-flex\"> <figure class=\"wp-block-image size-large\"><img loading=\"lazy\" decoding=\"async\" width=\"720\" height=\"540\" data-id=\"2384\" src=\"https:\/\/charcoalplant.com\/wp-content\/uploads\/2022\/02\/propeller-shaft.jpg\" alt=\"eixo de h\u00e9lice\" class=\"wp-image-2384\"\/><figcaption class=\"wp-element-caption\">eixo de h\u00e9lice<\/figcaption><\/figure> <\/figure> <\/div>    <div class=\"wp-block-column is-vertically-aligned-center is-layout-flow wp-block-column-is-layout-flow\" style=\"flex-basis:33.33%\"> <p class=\"translation-block\"><strong>Eixo de h\u00e9lice<\/strong><\/p>    <p>Nossa f\u00e1brica produz n\u00f3s mesmos acess\u00f3rios para as m\u00e1quinas. como h\u00e9lices. Porque escolhemos bons materiais met\u00e1licos para fazer acess\u00f3rios. Portanto, seu uso n\u00e3o \u00e9 f\u00e1cil de danificar e tem longa vida \u00fatil. Al\u00e9m disso, ap\u00f3s a venda, podemos fornecer aos clientes acess\u00f3rios adequados a qualquer momento.<\/p> <\/div> <\/div>    <h2 class=\"wp-block-heading\" id=\"h-cutting-equipment-for-coal-press-machine\">Equipamento de corte para m\u00e1quina de prensa de carv\u00e3o&nbsp;<\/h2>    <p class=\"translation-block\">O bloco de carbono formado precisa de ser cortado em tamanhos diferentes. Por isso, \u00e9 necess\u00e1rio usar uma ferramenta de corte. Podemos fornecer tr\u00eas tipos de cortadores: cortador autom\u00e1tico, cortador de refer\u00eancia (medidor) e fura\u00e7\u00e3o (fresadora). Tanto o primeiro como o segundo cortador mencionado requerem um <strong>compressor de ar<\/strong>. Ajuste a for\u00e7a do cortador controlando a press\u00e3o do ar.<\/p>    <h3 class=\"wp-block-heading\" id=\"h-automatic-cutter-for-charcoal-briket\">Cortador Autom\u00e1tico para Briket de Carv\u00e3o<\/h3>    <p id=\"block-fd5fda72-b941-4e47-a7dd-c13c6a5b3b88\">Seu princ\u00edpio de funcionamento \u00e9 ajustar a dist\u00e2ncia entre a sonda do sensor infravermelho e a porta de descarga da m\u00e1quina de briquetagem de carv\u00e3o para cortar o mesmo tamanho.<\/p>    <figure class=\"wp-block-gallery has-nested-images columns-default is-cropped wp-block-gallery-4 is-layout-flex wp-block-gallery-is-layout-flex\"> <figure class=\"wp-block-image size-large\"><img loading=\"lazy\" decoding=\"async\" width=\"720\" height=\"540\" data-id=\"1574\" src=\"https:\/\/charcoalplant.com\/wp-content\/uploads\/2021\/12\/Automatic-Cutter-1.jpg\" alt=\"Cortador Autom\u00e1tico\" class=\"wp-image-1574\" srcset=\"https:\/\/charcoalplant.com\/wp-content\/uploads\/2021\/12\/Automatic-Cutter-1.jpg 720w, https:\/\/charcoalplant.com\/wp-content\/uploads\/2021\/12\/Automatic-Cutter-1-300x225.jpg 300w\" sizes=\"auto, (max-width: 720px) 100vw, 720px\" \/><figcaption class=\"wp-element-caption\">Cortador Autom\u00e1tico<\/figcaption><\/figure>    <figure class=\"wp-block-image size-large\"><img loading=\"lazy\" decoding=\"async\" width=\"720\" height=\"540\" data-id=\"1592\" src=\"https:\/\/charcoalplant.com\/wp-content\/uploads\/2021\/12\/Charcoal-powder-briquetting-machine-finished-products-1.jpg\" alt=\"Produtos acabados para m\u00e1quina de briquetagem de carv\u00e3o em p\u00f3\" class=\"wp-image-1592\" srcset=\"https:\/\/charcoalplant.com\/wp-content\/uploads\/2021\/12\/Charcoal-powder-briquetting-machine-finished-products-1.jpg 720w, https:\/\/charcoalplant.com\/wp-content\/uploads\/2021\/12\/Charcoal-powder-briquetting-machine-finished-products-1-300x225.jpg 300w\" sizes=\"auto, (max-width: 720px) 100vw, 720px\" \/><figcaption class=\"wp-element-caption\">Produtos acabados para m\u00e1quina de briquetagem de carv\u00e3o em p\u00f3<\/figcaption><\/figure> <\/figure>    <h3 class=\"wp-block-heading\" id=\"h-cnc-cutter-for-briquettes\">Cortador CNC para Briquetes <\/h3>    <p id=\"block-d58a95d7-dc60-4c1c-9bf8-9352b32de057\">\u00c9 um sistema CNC. Assim, pode definir um comprimento de corte preciso. Defina at\u00e9 mesmo o comprimento com um ponto decimal. Suas vantagens: inteligente, preciso e compacto. \u00c9 altamente recomend\u00e1vel que voc\u00ea escolha este cortador.<\/p>    <figure class=\"wp-block-gallery has-nested-images columns-default is-cropped wp-block-gallery-5 is-layout-flex wp-block-gallery-is-layout-flex\"> <figure class=\"wp-block-image size-large\"><img loading=\"lazy\" decoding=\"async\" width=\"720\" height=\"540\" data-id=\"1585\" src=\"https:\/\/charcoalplant.com\/wp-content\/uploads\/2021\/12\/Meter-Cutter-1-1.jpg\" alt=\"Medidor-Cortador-1\" class=\"wp-image-1585\" srcset=\"https:\/\/charcoalplant.com\/wp-content\/uploads\/2021\/12\/Meter-Cutter-1-1.jpg 720w, https:\/\/charcoalplant.com\/wp-content\/uploads\/2021\/12\/Meter-Cutter-1-1-300x225.jpg 300w\" sizes=\"auto, (max-width: 720px) 100vw, 720px\" \/><figcaption class=\"wp-element-caption\">Medidor-Cortador-1<\/figcaption><\/figure>    <figure class=\"wp-block-image size-full\"><img loading=\"lazy\" decoding=\"async\" width=\"720\" height=\"540\" data-id=\"2387\" src=\"https:\/\/charcoalplant.com\/wp-content\/uploads\/2022\/02\/hexagonal-charcoal.jpg\" alt=\"carv\u00e3o hexagonal\" class=\"wp-image-2387\"\/><figcaption class=\"wp-element-caption\">carv\u00e3o hexagonal<\/figcaption><\/figure> <\/figure>    <h3 class=\"wp-block-heading\" id=\"h-cube-charcoal-cutting\">Corte de carv\u00e3o em cubo <\/h3>    <p id=\"block-f4688070-e3ca-4360-8fd1-302aea04ab3e\">O seu princ\u00edpio \u00e9 particularmente simples. Ou seja, m\u00faltiplas cabe\u00e7as de corte circulares s\u00e3o instaladas no rolo de corte. A dist\u00e2ncia da cabe\u00e7a de corte pode ser ajustada. Este cortador \u00e9 muito adequado para a produ\u00e7\u00e3o de carv\u00e3o\u00a0de shisha. Portanto, \u00e9 frequentemente adquirido por clientes da Indon\u00e9sia e de pa\u00edses \u00e1rabes.<\/p>    <figure class=\"wp-block-gallery has-nested-images columns-default is-cropped wp-block-gallery-6 is-layout-flex wp-block-gallery-is-layout-flex\"> <figure class=\"wp-block-image size-large\"><img loading=\"lazy\" decoding=\"async\" width=\"720\" height=\"540\" data-id=\"1588\" src=\"https:\/\/charcoalplant.com\/wp-content\/uploads\/2021\/12\/Hob-2-1.jpg\" alt=\"Fog\u00e3o\" class=\"wp-image-1588\" srcset=\"https:\/\/charcoalplant.com\/wp-content\/uploads\/2021\/12\/Hob-2-1.jpg 720w, https:\/\/charcoalplant.com\/wp-content\/uploads\/2021\/12\/Hob-2-1-300x225.jpg 300w\" sizes=\"auto, (max-width: 720px) 100vw, 720px\" \/><figcaption class=\"wp-element-caption\">Fog\u00e3o<\/figcaption><\/figure>    <figure class=\"wp-block-image size-full\"><img loading=\"lazy\" decoding=\"async\" width=\"720\" height=\"540\" data-id=\"2388\" src=\"https:\/\/charcoalplant.com\/wp-content\/uploads\/2021\/12\/shisha-charcoal-2.jpg\" alt=\"\" class=\"wp-image-2388\"\/><figcaption class=\"wp-element-caption\">2,5 cm de carv\u00e3o shisha<\/figcaption><\/figure> <\/figure>    <h2 class=\"wp-block-heading\" id=\"h-technical-parameters-of-coal-press-machine\">Par\u00e2metros t\u00e9cnicos da m\u00e1quina prensa de carv\u00e3o<\/h2>    <p>Podemos configurar correias transportadoras para clientes. E o comprimento e a largura da correia transportadora podem ser personalizados de acordo com as necessidades do cliente.<\/p>    <figure class=\"wp-block-table is-style-stripes\"><table><tbody><tr><td>    <strong>Modelo<\/strong><\/td><td>       <strong>Comprimento*Largura*Altura (mm)<\/strong><\/td><td>      <strong>Peso\u00a0(kg)<\/strong><\/td><td>    <strong>Motor (kw)<\/strong><\/td><td>   <strong>Produ\u00e7\u00e3o (t\/h)<\/strong><\/td><\/tr><tr><td>    SL-CB 140<\/td><td>             1950*1260*1080<\/td><td>           650<\/td><td>         11<\/td><td>        1-2<\/td><\/tr><tr><td>    SL-CB 160<\/td><td>             2150*1260*1080<\/td><td>           720<\/td><td>         15<\/td><td>        1-2<\/td><\/tr><tr><td>    SL-CB 180<\/td><td>             2320*1600*1150<\/td><td>          1260<\/td><td>         22<\/td><td>        2-4<\/td><\/tr><\/tbody><\/table><\/figure>    <h2 class=\"wp-block-heading\" id=\"video-of-charcoal-powder-briquette-production-line\">V\u00eddeo da linha de produ\u00e7\u00e3o de briquetes de carv\u00e3o em p\u00f3 <\/h2>    <figure class=\"wp-block-embed is-type-video is-provider-youtube wp-block-embed-youtube wp-embed-aspect-16-9 wp-has-aspect-ratio\"><div class=\"wp-block-embed__wrapper\"> <iframe loading=\"lazy\" title=\"M\u00e1quina de carv\u00e3o para churrasco | Equipamento de produ\u00e7\u00e3o de carv\u00e3o Shisha#shishacoal#Hookahcharcoal#coalbriket\" width=\"500\" height=\"281\" src=\"https:\/\/www.youtube.com\/embed\/_8wvJPuahH8?feature=oembed\" frameborder=\"0\" allow=\"accelerometer; autoplay; clipboard-write; encrypted-media; gyroscope; picture-in-picture; web-share\" referrerpolicy=\"strict-origin-when-cross-origin\" allowfullscreen><\/iframe> <\/div><\/figure>    <h2 class=\"wp-block-heading\" id=\"h-charcoal-briquette-machine-for-sale\">M\u00e1quina de briquetagem de carv\u00e3o\u00a0\u00e0 venda<\/h2>    <p class=\"translation-block\">A nossa empresa \u00e9 fabricante de m\u00e1quinas de prensagem de carv\u00e3o. Produzimos diferentes tipos de m\u00e1quinas de prensagem de carv\u00e3o. As caracter\u00edsticas da nossa m\u00e1quina de briquetagem de p\u00f3 de carv\u00e3o s\u00e3o opera\u00e7\u00e3o simples, longa vida \u00fatil e multifun\u00e7\u00e3o. Oferecemos aos clientes uma variedade de moldes de produ\u00e7\u00e3o. Al\u00e9m disso, vendemos tamb\u00e9m misturadores de carv\u00e3o pulverizado, <strong><a href=\"https:\/\/charcoalplant.com\/pt\/charcoal-briquetting-machine\/honeycomb-coal-press-machine\/\">m\u00e1quinas de carv\u00e3o em favo<\/a>,<\/strong> e assim por diante. Por isso, contacte-nos agora para iniciar o seu neg\u00f3cio. Estamos contentes por servir.<\/p>    <figure class=\"wp-block-image aligncenter size-full\"><img loading=\"lazy\" decoding=\"async\" width=\"720\" height=\"540\" src=\"https:\/\/charcoalplant.com\/wp-content\/uploads\/2021\/12\/charcoal-briquetting-machine-display-1.jpg\" alt=\"exposi\u00e7\u00e3o da m\u00e1quina de briquetagem de carv\u00e3o\" class=\"wp-image-1579\" srcset=\"https:\/\/charcoalplant.com\/wp-content\/uploads\/2021\/12\/charcoal-briquetting-machine-display-1.jpg 720w, https:\/\/charcoalplant.com\/wp-content\/uploads\/2021\/12\/charcoal-briquetting-machine-display-1-300x225.jpg 300w\" sizes=\"auto, (max-width: 720px) 100vw, 720px\" \/><figcaption class=\"wp-element-caption\">exposi\u00e7\u00e3o da m\u00e1quina de briquetagem de carv\u00e3o<\/figcaption><\/figure>    <h2 class=\"wp-block-heading\" id=\"charcoal-powder-briquette-machine-for-bbq-coal\">M\u00e1quina de briquetagem de carv\u00e3o em p\u00f3 para carv\u00e3o para churrasco<\/h2>    <p class=\"translation-block\">A m\u00e1quina extrusora de briquetes de carv\u00e3o pode produzir carv\u00e3o para churrasco. Mas o bloco de carv\u00e3o que acabou de produzir n\u00e3o pode ser utilizado diretamente. Precisa de ser seco naturalmente ou em um<strong> <a href=\"https:\/\/charcohttps:\/\/charcoalplant.com\/charcoal-briquette-dryer\/alplant.com\/rice-husk-dryer\/\">secador<\/a><\/strong>. Os briquetes de carv\u00e3o secos s\u00e3o geralmente tratados por uma <strong><a href=\"https:\/\/charcoalplant.com\/pt\/briquettes-packing-machine\/\">m\u00e1quina de empacotamento de briquetes de carv\u00e3o<\/a><\/strong> para venda. Na verdade, esta m\u00e1quina tamb\u00e9m \u00e9 muito adequada para fazer carv\u00e3o de cachimbo, que \u00e9 mais econ\u00f3mico.<\/p>    <figure class=\"wp-block-image aligncenter size-full\"><img loading=\"lazy\" decoding=\"async\" width=\"720\" height=\"540\" src=\"https:\/\/charcoalplant.com\/wp-content\/uploads\/2022\/02\/charcoal-briquettes-.jpg\" alt=\"briquetes de carv\u00e3o\" class=\"wp-image-2386\"\/><figcaption class=\"wp-element-caption\">briquetes de carv\u00e3o<\/figcaption><\/figure>","protected":false},"excerpt":{"rendered":"<p>A briquetadeira de carv\u00e3o em p\u00f3 \u00e9 um tipo de equipamento que utiliza p\u00f3 de carbono como mat\u00e9ria-prima para fazer blocos de carbono.<\/p>","protected":false},"author":1,"featured_media":1197,"parent":0,"template":"","tags":[59],"product-type":[44],"class_list":["post-1178","product","type-product","status-publish","has-post-thumbnail","hentry","tag-charcoal-briquetting-machine","product-type-charcoal-briquetting-machine"],"_links":{"self":[{"href":"https:\/\/charcoalplant.com\/pt\/wp-json\/wp\/v2\/product\/1178","targetHints":{"allow":["GET"]}}],"collection":[{"href":"https:\/\/charcoalplant.com\/pt\/wp-json\/wp\/v2\/product"}],"about":[{"href":"https:\/\/charcoalplant.com\/pt\/wp-json\/wp\/v2\/types\/product"}],"author":[{"embeddable":true,"href":"https:\/\/charcoalplant.com\/pt\/wp-json\/wp\/v2\/users\/1"}],"wp:featuredmedia":[{"embeddable":true,"href":"https:\/\/charcoalplant.com\/pt\/wp-json\/wp\/v2\/media\/1197"}],"wp:attachment":[{"href":"https:\/\/charcoalplant.com\/pt\/wp-json\/wp\/v2\/media?parent=1178"}],"wp:term":[{"taxonomy":"post_tag","embeddable":true,"href":"https:\/\/charcoalplant.com\/pt\/wp-json\/wp\/v2\/tags?post=1178"},{"taxonomy":"product-type","embeddable":true,"href":"https:\/\/charcoalplant.com\/pt\/wp-json\/wp\/v2\/product-type?post=1178"}],"curies":[{"name":"wp","href":"https:\/\/api.w.org\/{rel}","templated":true}]}}