{"id":1213,"date":"2021-12-08T09:41:52","date_gmt":"2021-12-08T09:41:52","guid":{"rendered":"https:\/\/charcoalplant.com\/?p=1213"},"modified":"2023-01-10T10:10:36","modified_gmt":"2023-01-10T02:10:36","slug":"honeycomb-coal-press-machine","status":"publish","type":"product","link":"https:\/\/charcoalplant.com\/pt\/product\/honeycomb-coal-press-machine\/","title":{"rendered":"M\u00e1quina de prensagem de carv\u00e3o em favo de mel | M\u00e1quina de briquetagem de carv\u00e3o"},"content":{"rendered":"<div class=\"kk-star-ratings kksr-auto kksr-align-left kksr-valign-top\"     data-payload='{&quot;align&quot;:&quot;left&quot;,&quot;id&quot;:&quot;1213&quot;,&quot;slug&quot;:&quot;default&quot;,&quot;valign&quot;:&quot;top&quot;,&quot;ignore&quot;:&quot;&quot;,&quot;reference&quot;:&quot;auto&quot;,&quot;class&quot;:&quot;&quot;,&quot;count&quot;:&quot;18&quot;,&quot;legendonly&quot;:&quot;&quot;,&quot;readonly&quot;:&quot;&quot;,&quot;score&quot;:&quot;4.8&quot;,&quot;starsonly&quot;:&quot;&quot;,&quot;best&quot;:&quot;5&quot;,&quot;gap&quot;:&quot;5&quot;,&quot;greet&quot;:&quot;Rate this product&quot;,&quot;legend&quot;:&quot;4.8\\\/5 - (18 votes)&quot;,&quot;size&quot;:&quot;24&quot;,&quot;title&quot;:&quot;Honeycomb Coal Press Machine | Coal Briquette Machine&quot;,&quot;width&quot;:&quot;136.7&quot;,&quot;_legend&quot;:&quot;{score}\\\/{best} - ({count} {votes})&quot;,&quot;font_factor&quot;:&quot;1.25&quot;}'>              <div class=\"kksr-stars\">      <div class=\"kksr-stars-inactive\">             <div class=\"kksr-star\" data-star=\"1\" style=\"padding-right: 5px\">               <div class=\"kksr-icon\" style=\"width: 24px; height: 24px;\"><\/div>         <\/div>             <div class=\"kksr-star\" data-star=\"2\" style=\"padding-right: 5px\">               <div class=\"kksr-icon\" style=\"width: 24px; height: 24px;\"><\/div>         <\/div>             <div class=\"kksr-star\" data-star=\"3\" style=\"padding-right: 5px\">               <div class=\"kksr-icon\" style=\"width: 24px; height: 24px;\"><\/div>         <\/div>             <div class=\"kksr-star\" data-star=\"4\" style=\"padding-right: 5px\">               <div class=\"kksr-icon\" style=\"width: 24px; height: 24px;\"><\/div>         <\/div>             <div class=\"kksr-star\" data-star=\"5\" style=\"padding-right: 5px\">               <div class=\"kksr-icon\" style=\"width: 24px; height: 24px;\"><\/div>         <\/div>     <\/div>      <div class=\"kksr-stars-active\" style=\"width: 136.7px;\">             <div class=\"kksr-star\" style=\"padding-right: 5px\">               <div class=\"kksr-icon\" style=\"width: 24px; height: 24px;\"><\/div>         <\/div>             <div class=\"kksr-star\" style=\"padding-right: 5px\">               <div class=\"kksr-icon\" style=\"width: 24px; height: 24px;\"><\/div>         <\/div>             <div class=\"kksr-star\" style=\"padding-right: 5px\">               <div class=\"kksr-icon\" style=\"width: 24px; height: 24px;\"><\/div>         <\/div>             <div class=\"kksr-star\" style=\"padding-right: 5px\">               <div class=\"kksr-icon\" style=\"width: 24px; height: 24px;\"><\/div>         <\/div>             <div class=\"kksr-star\" style=\"padding-right: 5px\">               <div class=\"kksr-icon\" style=\"width: 24px; height: 24px;\"><\/div>         <\/div>     <\/div> <\/div>                   <div class=\"kksr-legend\" style=\"font-size: 19.2px;\">             4,8\/5 - (18 votos)    <\/div>     <\/div>  <p class=\"translation-block\"><strong>A m\u00e1quina de prensa de carv\u00e3o em favo de mel <\/strong> \u00e9 o equipamento especial para produzir briquetes cil\u00edndricos de alta densidade e porosos. Esta m\u00e1quina de briquete em favo de mel tamb\u00e9m pode produzir hastes de carv\u00e3o ocos e <strong><a href=\"https:\/\/charcoalplant.com\/pt\/charcoal-briquetting-machine\/charcoal-powder-briquette-machine\/\">hastes de carv\u00e3o<\/a><\/strong>. As mat\u00e9rias-primas que utiliza s\u00e3o principalmente carv\u00e3o pulverizado e p\u00f3 de carbono. Outros materiais, como <strong><a href=\"https:\/\/charcoalplant.com\/pt\/info\/can-these-briquetting-machines-make-alfalfa-molar-sticks\/\">grama de alfafa<\/a><\/strong> e grama tim\u00f3teo. Al\u00e9m disso, a m\u00e1quina de briquete de carv\u00e3o \u00e9 simples de operar, de alto desempenho e f\u00e1cil de manter. Portanto, \u00e9 favorecida pela maioria dos clientes. Entre em contato conosco agora para come\u00e7ar a construir conex\u00f5es comerciais. Ofereceremos pre\u00e7os mais favor\u00e1veis.<\/p>    <h2 class=\"wp-block-heading\" id=\"working-principle-of-honeycomb-coal-forming-machine\">Princ\u00edpio de funcionamento da prensa de carv\u00e3o em favo de mel<\/h2>    <p class=\"translation-block\">A m\u00e1quina de prensa de carv\u00e3o em favo de mel \u00e9 na verdade a m\u00e1quina de fazer carv\u00e3o do tipo de prensagem com a opera\u00e7\u00e3o mais simples. E sua capacidade de silo \u00e9 grande. Portanto, alguns fabricantes de carv\u00e3o para churrasco estar\u00e3o mais inclinados a comprar uma m\u00e1quina de briquete em favo de mel para <strong><a href=\"https:\/\/charcoalplant.com\/pt\/coal-briquettes-production-line\/\">produ\u00e7\u00e3o de briquetes de carv\u00e3o<\/a><\/strong>. \u00c9 alimentada por um motor el\u00e9trico ou um motor a diesel. Ent\u00e3o, o p\u00f3 de carv\u00e3o ou p\u00f3 de carv\u00e3o cai na placa do molde atrav\u00e9s do porta-alimenta\u00e7\u00e3o e prensa os briquetes pelo molde.<\/p>    <figure class=\"wp-block-image aligncenter size-full\"><img loading=\"lazy\" decoding=\"async\" width=\"720\" height=\"540\" src=\"https:\/\/charcoalplant.com\/wp-content\/uploads\/2022\/01\/140-Model.jpg\" alt=\"Prensa de carv\u00e3o em favo de mel modelo 140\" class=\"wp-image-1839\" srcset=\"https:\/\/charcoalplant.com\/wp-content\/uploads\/2022\/01\/140-Model.jpg 720w, https:\/\/charcoalplant.com\/wp-content\/uploads\/2022\/01\/140-Model-300x225.jpg 300w\" sizes=\"auto, (max-width: 720px) 100vw, 720px\" \/><figcaption class=\"wp-element-caption\">Prensa de carv\u00e3o em favo de mel modelo 140<\/figcaption><\/figure>    <h2 class=\"wp-block-heading\" id=\"h-structure-of-honeycomb-coal-press-machine\">Estrutura da prensa de carv\u00e3o em favo de mel<\/h2>    <p>A estrutura da m\u00e1quina briquetadeira de favo de mel inclui principalmente uma porta de alimenta\u00e7\u00e3o, agulha de perfura\u00e7\u00e3o, raspador, molde e correia transportadora. Abaixo apresentarei detalhadamente as fun\u00e7\u00f5es e benef\u00edcios da porta de alimenta\u00e7\u00e3o, agulha de perfura\u00e7\u00e3o e raspador.<\/p>    <div class=\"wp-block-columns has-background is-layout-flex wp-container-core-columns-is-layout-28f84493 wp-block-columns-is-layout-flex\" style=\"background-color:#f1f1f1\"> <div class=\"wp-block-column is-vertically-aligned-center is-layout-flow wp-block-column-is-layout-flow\" style=\"flex-basis:33.33%\"> <p class=\"translation-block\"><strong>Entrada<\/strong><\/p>    <p>O funil de alimenta\u00e7\u00e3o da briquetadeira de favo de mel est\u00e1 equipado com uma haste de agita\u00e7\u00e3o rotativa. Sua fun\u00e7\u00e3o \u00e9 evitar que mat\u00e9rias-primas soltas bloqueiem a porta de alimenta\u00e7\u00e3o e alimentem-se uniformemente.<\/p> <\/div>    <div class=\"wp-block-column is-layout-flow wp-block-column-is-layout-flow\" style=\"flex-basis:66.66%\"> <figure class=\"wp-block-gallery has-nested-images columns-default is-cropped wp-block-gallery-2 is-layout-flex wp-block-gallery-is-layout-flex\"> <figure class=\"wp-block-image size-large\"><img loading=\"lazy\" decoding=\"async\" width=\"720\" height=\"540\" data-id=\"2415\" src=\"https:\/\/charcoalplant.com\/wp-content\/uploads\/2022\/02\/inlet.jpg\" alt=\"\" class=\"wp-image-2415\"\/><\/figure> <\/figure> <\/div> <\/div>    <div class=\"wp-block-columns has-background is-layout-flex wp-container-core-columns-is-layout-28f84493 wp-block-columns-is-layout-flex\" style=\"background-color:#f1f1f1\"> <div class=\"wp-block-column is-layout-flow wp-block-column-is-layout-flow\" style=\"flex-basis:66.66%\"> <figure class=\"wp-block-gallery has-nested-images columns-default is-cropped wp-block-gallery-3 is-layout-flex wp-block-gallery-is-layout-flex\"> <figure class=\"wp-block-image size-large\"><img loading=\"lazy\" decoding=\"async\" width=\"720\" height=\"540\" data-id=\"2416\" src=\"https:\/\/charcoalplant.com\/wp-content\/uploads\/2022\/02\/punching-needle.jpg\" alt=\"\" class=\"wp-image-2416\"\/><\/figure> <\/figure> <\/div>    <div class=\"wp-block-column is-vertically-aligned-center is-layout-flow wp-block-column-is-layout-flow\" style=\"flex-basis:33.33%\"> <p class=\"translation-block\"><strong>Agulha de perfura\u00e7\u00e3o<\/strong><\/p>    <p>A queda da placa do molde de carv\u00e3o pr\u00e9-prensa o carv\u00e3o pulverizado. Em seguida, uma alta press\u00e3o r\u00e1pida \u00e9 aplicada ao carv\u00e3o pulverizado com um pun\u00e7\u00e3o. Na verdade, os briquetes formados foram prensados \u200b\u200bduas vezes. Portanto, a densidade e a dureza do produto acabado j\u00e1 s\u00e3o \u00f3timas.<\/p> <\/div> <\/div>    <div class=\"wp-block-columns has-background is-layout-flex wp-container-core-columns-is-layout-28f84493 wp-block-columns-is-layout-flex\" style=\"background-color:#f1f1f1\"> <div class=\"wp-block-column is-vertically-aligned-center is-layout-flow wp-block-column-is-layout-flow\" style=\"flex-basis:33.33%\"> <p class=\"translation-block\"><strong>Raspador<\/strong><\/p>    <p><br>\u00c9 usado para limpar o p\u00f3 de carbono espalhado durante o processo de produ\u00e7\u00e3o. O balancim pode controlar automaticamente seu trabalho sem opera\u00e7\u00e3o manual.<\/p> <\/div>    <div class=\"wp-block-column is-layout-flow wp-block-column-is-layout-flow\" style=\"flex-basis:66.66%\"> <figure class=\"wp-block-gallery has-nested-images columns-default is-cropped wp-block-gallery-4 is-layout-flex wp-block-gallery-is-layout-flex\"> <figure class=\"wp-block-image size-large\"><img loading=\"lazy\" decoding=\"async\" width=\"720\" height=\"540\" data-id=\"2417\" src=\"https:\/\/charcoalplant.com\/wp-content\/uploads\/2022\/02\/Scraper.jpg\" alt=\"\" class=\"wp-image-2417\"\/><\/figure> <\/figure> <\/div> <\/div>    <h2 class=\"wp-block-heading\" id=\"h-video-of-coal-briquette-press-machine\">V\u00eddeo da m\u00e1quina para fazer briquetes de favo de mel<\/h2>    <figure class=\"wp-block-embed is-type-video is-provider-youtube wp-block-embed-youtube wp-embed-aspect-16-9 wp-has-aspect-ratio\"><div class=\"wp-block-embed__wrapper\"> <iframe loading=\"lazy\" title=\"M\u00e1quina de briquete multifuncional | Prensa de carv\u00e3o para prensagem de cera#Fuel#Maker#CHARCOAL#Burn#Briquetagem\" width=\"500\" height=\"281\" src=\"https:\/\/www.youtube.com\/embed\/fHD89N58CCw?start=4&#038;feature=oembed\" frameborder=\"0\" allow=\"accelerometer; autoplay; clipboard-write; encrypted-media; gyroscope; picture-in-picture; web-share\" referrerpolicy=\"strict-origin-when-cross-origin\" allowfullscreen><\/iframe> <\/div><\/figure>    <h2 class=\"wp-block-heading\" id=\"specification-of-coal-briquettes-machine\">Especifica\u00e7\u00e3o da m\u00e1quina de briquetagem de carv\u00e3o<\/h2>    <p>A seguir est\u00e3o os par\u00e2metros do motor e do molde para v\u00e1rias prensas de carv\u00e3o comuns. Nossa f\u00e1brica pode fornecer servi\u00e7os de personaliza\u00e7\u00e3o de moldes. Ent\u00e3o voc\u00ea n\u00e3o precisa se preocupar com problemas de mofo. Al\u00e9m disso, a prensa de carv\u00e3o em favo de mel est\u00e1 equipada com uma correia transportadora de 2 metros. Seu comprimento \u00e9 personaliz\u00e1vel de acordo com a necessidade do cliente.<\/p>    <figure class=\"wp-block-table is-style-stripes\"><table><tbody><tr><td><strong>Modelo<\/strong><\/td><td><strong>Poder<\/strong><\/td><td><strong>Di\u00e2metro m\u00e1ximo do carv\u00e3o<\/strong><\/td><\/tr><tr><td><strong>SL-HC120<\/strong><\/td><td>5,5 kW<\/td><td>120 mm<\/td><\/tr><tr><td><strong>SL-HC140<\/strong><\/td><td>7,5 kW<\/td><td>140mm<\/td><\/tr><tr><td><strong>SL-HC160<\/strong><\/td><td>11 kW<\/td><td>160mm<\/td><\/tr><tr><td><strong>SL-HC220<\/strong><\/td><td>11 kW<\/td><td>220 mm<\/td><\/tr><\/tbody><\/table><\/figure>    <figure class=\"wp-block-image aligncenter size-full\"><img loading=\"lazy\" decoding=\"async\" width=\"720\" height=\"540\" src=\"https:\/\/charcoalplant.com\/wp-content\/uploads\/2022\/02\/coal-press-machine-store-1-1.jpg\" alt=\"loja de m\u00e1quinas de prensagem de carv\u00e3o\" class=\"wp-image-2424\"\/><figcaption class=\"wp-element-caption\">loja de m\u00e1quinas de prensagem de carv\u00e3o<\/figcaption><\/figure>    <h2 class=\"wp-block-heading\" id=\"h-mould-of-diesel-coal-briquette-machine\">Molde de m\u00e1quina de briquetagem de carv\u00e3o diesel<\/h2>    <p>Em circunst\u00e2ncias normais, a altura m\u00e1xima dos briquetes que esta prensa de p\u00f3 de carv\u00e3o pulverizado pode produzir \u00e9 de 13 cm. A altura comum \u00e9 de 8 a 10 cm. Tamb\u00e9m \u00e9 poss\u00edvel fazer diferentes formatos de compactos trocando o molde, os formatos mais populares s\u00e3o hexagonais, redondos, quadrados, favos de mel e assim por diante.<\/p>    <figure class=\"wp-block-gallery has-nested-images columns-3 is-cropped wp-block-gallery-5 is-layout-flex wp-block-gallery-is-layout-flex\"> <figure class=\"wp-block-image size-large\"><img loading=\"lazy\" decoding=\"async\" width=\"720\" height=\"540\" data-id=\"2419\" src=\"https:\/\/charcoalplant.com\/wp-content\/uploads\/2022\/02\/briquettes-mould.jpg\" alt=\"molde de briquetes\" class=\"wp-image-2419\"\/><figcaption class=\"wp-element-caption\">molde de briquetes<\/figcaption><\/figure>    <figure class=\"wp-block-image size-large\"><img loading=\"lazy\" decoding=\"async\" width=\"720\" height=\"540\" data-id=\"1342\" src=\"https:\/\/charcoalplant.com\/wp-content\/uploads\/2021\/12\/Various-types-of-briquettes-1.jpg\" alt=\"V\u00e1rios tipos de briquetes\" class=\"wp-image-1342\" srcset=\"https:\/\/charcoalplant.com\/wp-content\/uploads\/2021\/12\/Various-types-of-briquettes-1.jpg 720w, https:\/\/charcoalplant.com\/wp-content\/uploads\/2021\/12\/Various-types-of-briquettes-1-300x225.jpg 300w\" sizes=\"auto, (max-width: 720px) 100vw, 720px\" \/><figcaption class=\"wp-element-caption\">V\u00e1rios tipos de briquetes<\/figcaption><\/figure>    <figure class=\"wp-block-image size-large\"><img loading=\"lazy\" decoding=\"async\" width=\"720\" height=\"540\" data-id=\"1225\" src=\"https:\/\/charcoalplant.com\/wp-content\/uploads\/2021\/12\/\u6210\u54c12-1-1.jpg\" alt=\"briquetes de carv\u00e3o de tamanhos diferentes\" class=\"wp-image-1225\" srcset=\"https:\/\/charcoalplant.com\/wp-content\/uploads\/2021\/12\/\u6210\u54c12-1-1.jpg 720w, https:\/\/charcoalplant.com\/wp-content\/uploads\/2021\/12\/\u6210\u54c12-1-1-300x225.jpg 300w\" sizes=\"auto, (max-width: 720px) 100vw, 720px\" \/><figcaption class=\"wp-element-caption\">briquetes de carv\u00e3o de tamanhos diferentes<\/figcaption><\/figure>    <figure class=\"wp-block-image size-large\"><img loading=\"lazy\" decoding=\"async\" width=\"720\" height=\"540\" data-id=\"2418\" src=\"https:\/\/charcoalplant.com\/wp-content\/uploads\/2022\/02\/mould-1.jpg\" alt=\"molde-1\" class=\"wp-image-2418\"\/><figcaption class=\"wp-element-caption\">molde-1<\/figcaption><\/figure>    <figure class=\"wp-block-image size-large\"><img loading=\"lazy\" decoding=\"async\" width=\"720\" height=\"540\" data-id=\"1340\" src=\"https:\/\/charcoalplant.com\/wp-content\/uploads\/2021\/12\/briket-molds-1.jpg\" alt=\"moldes de briket\" class=\"wp-image-1340\" srcset=\"https:\/\/charcoalplant.com\/wp-content\/uploads\/2021\/12\/briket-molds-1.jpg 720w, https:\/\/charcoalplant.com\/wp-content\/uploads\/2021\/12\/briket-molds-1-300x225.jpg 300w\" sizes=\"auto, (max-width: 720px) 100vw, 720px\" \/><figcaption class=\"wp-element-caption\">moldes de briket<\/figcaption><\/figure>    <figure class=\"wp-block-image size-large\"><img loading=\"lazy\" decoding=\"async\" width=\"720\" height=\"540\" data-id=\"1345\" src=\"https:\/\/charcoalplant.com\/wp-content\/uploads\/2021\/12\/Hexagonal-briquette-1.jpg\" alt=\"Briquete hexagonal\" class=\"wp-image-1345\" srcset=\"https:\/\/charcoalplant.com\/wp-content\/uploads\/2021\/12\/Hexagonal-briquette-1.jpg 720w, https:\/\/charcoalplant.com\/wp-content\/uploads\/2021\/12\/Hexagonal-briquette-1-300x225.jpg 300w\" sizes=\"auto, (max-width: 720px) 100vw, 720px\" \/><figcaption class=\"wp-element-caption\">Briquete hexagonal<\/figcaption><\/figure> <\/figure>    <h2 class=\"wp-block-heading\" id=\"h-features-of-honeycomb-coal-press-machine\">Caracter\u00edsticas da prensa de carv\u00e3o Honeycomb<\/h2>    <ul class=\"wp-block-list\"> <li>Estrutura simples e opera\u00e7\u00e3o conveniente.<\/li>    <li>Sem acess\u00f3rios, longa vida \u00fatil.<\/li>    <li>Com pr\u00e9-compress\u00e3o, o produto acabado apresenta alta densidade.<\/li>    <li>Nossa f\u00e1brica oferece servi\u00e7o personalizado para m\u00e1quina de prensa briquete de carv\u00e3o em favo de mel. Por exemplo, o molde, o tamanho da porta de entrada, o tamanho da porta de sa\u00edda, etc.<\/li>    <li>Existem dois modos de energia: motor e diesel.<\/li> <\/ul>    <figure class=\"wp-block-image aligncenter size-full\"><img loading=\"lazy\" decoding=\"async\" width=\"720\" height=\"540\" src=\"https:\/\/charcoalplant.com\/wp-content\/uploads\/2021\/12\/140-1-1.jpg\" alt=\"M\u00e1quina extrusora de 140 carv\u00e3o\" class=\"wp-image-1222\" srcset=\"https:\/\/charcoalplant.com\/wp-content\/uploads\/2021\/12\/140-1-1.jpg 720w, https:\/\/charcoalplant.com\/wp-content\/uploads\/2021\/12\/140-1-1-300x225.jpg 300w\" sizes=\"auto, (max-width: 720px) 100vw, 720px\" \/><figcaption class=\"wp-element-caption\">M\u00e1quina extrusora de 140 carv\u00e3o<\/figcaption><\/figure>    <h2 class=\"wp-block-heading\" id=\"h-diesel-coal-briquetting-machine-for-sale\">M\u00e1quina para fabricar briquetes de carv\u00e3o diesel para venda<\/h2>    <p class=\"translation-block\">Zhengzhou Shuliy Fabricante de Equipamento de Maquinaria \u00e9 um famoso fornecedor de m\u00e1quinas de fazer carv\u00e3o na China. Fornecemos m\u00e1quina de briquetagem el\u00e9trica e m\u00e1quina de briquetagem a diesel \u00e0 venda. Al\u00e9m disso, desenvolvemos agora uma m\u00e1quina de briquetagem de alimenta\u00e7\u00e3o dupla. Pode produzir briquetas ou palitos de carv\u00e3o com uma altura de 13 cm. Tamb\u00e9m vendemos equipamento relacionado como <strong><a href=\"https:\/\/charcoalplant.com\/pt\/drying-machine\/charcoal-briquette-dryer\/\">m\u00e1quinas de secagem de prensa de p\u00f3 de carv\u00e3o<\/a> <\/strong>e<strong> <a href=\"https:\/\/charcoalplant.com\/pt\/briquettes-packing-machine\/charcoal-briquettes-packing-machine\/\">m\u00e1quinas de embalar carv\u00e3o em favo de mel<\/a><\/strong>. Sinta-se \u00e0 vontade para nos contactar se necess\u00e1rio. Forneceremos o equipamento mais recente e par\u00e2metros t\u00e9cnicos.<\/p>    <figure class=\"wp-block-gallery has-nested-images columns-default is-cropped wp-block-gallery-6 is-layout-flex wp-block-gallery-is-layout-flex\"> <figure class=\"wp-block-image size-full\"><img loading=\"lazy\" decoding=\"async\" width=\"400\" height=\"540\" data-id=\"2420\" src=\"https:\/\/charcoalplant.com\/wp-content\/uploads\/2022\/02\/shippment-.jpg\" alt=\"\" class=\"wp-image-2420\"\/><figcaption class=\"wp-element-caption\">briquete de carv\u00e3o de 6cm<\/figcaption><\/figure>    <figure class=\"wp-block-image size-full\"><img loading=\"lazy\" decoding=\"async\" width=\"400\" height=\"540\" data-id=\"2421\" src=\"https:\/\/charcoalplant.com\/wp-content\/uploads\/2022\/02\/Honeycomb-coal-forming-machine.jpg\" alt=\"\" class=\"wp-image-2421\"\/><figcaption class=\"wp-element-caption\">briquet de carv\u00e3o de tamanhos diferentes<\/figcaption><\/figure> <\/figure>","protected":false},"excerpt":{"rendered":"<p>A prensa de carv\u00e3o em favo de mel \u00e9 um equipamento especial para a produ\u00e7\u00e3o de briquetes. Tamb\u00e9m \u00e9 preferido por muitos clientes.<\/p>","protected":false},"author":1,"featured_media":1351,"parent":0,"template":"","tags":[59],"product-type":[44],"class_list":["post-1213","product","type-product","status-publish","has-post-thumbnail","hentry","tag-charcoal-briquetting-machine","product-type-charcoal-briquetting-machine"],"_links":{"self":[{"href":"https:\/\/charcoalplant.com\/pt\/wp-json\/wp\/v2\/product\/1213","targetHints":{"allow":["GET"]}}],"collection":[{"href":"https:\/\/charcoalplant.com\/pt\/wp-json\/wp\/v2\/product"}],"about":[{"href":"https:\/\/charcoalplant.com\/pt\/wp-json\/wp\/v2\/types\/product"}],"author":[{"embeddable":true,"href":"https:\/\/charcoalplant.com\/pt\/wp-json\/wp\/v2\/users\/1"}],"wp:featuredmedia":[{"embeddable":true,"href":"https:\/\/charcoalplant.com\/pt\/wp-json\/wp\/v2\/media\/1351"}],"wp:attachment":[{"href":"https:\/\/charcoalplant.com\/pt\/wp-json\/wp\/v2\/media?parent=1213"}],"wp:term":[{"taxonomy":"post_tag","embeddable":true,"href":"https:\/\/charcoalplant.com\/pt\/wp-json\/wp\/v2\/tags?post=1213"},{"taxonomy":"product-type","embeddable":true,"href":"https:\/\/charcoalplant.com\/pt\/wp-json\/wp\/v2\/product-type?post=1213"}],"curies":[{"name":"wp","href":"https:\/\/api.w.org\/{rel}","templated":true}]}}