{"id":1235,"date":"2021-12-10T09:02:55","date_gmt":"2021-12-10T09:02:55","guid":{"rendered":"https:\/\/charcoalplant.com\/?p=1235"},"modified":"2023-01-11T16:34:47","modified_gmt":"2023-01-11T08:34:47","slug":"charcoal-ball-press-machine","status":"publish","type":"product","link":"https:\/\/charcoalplant.com\/pt\/product\/charcoal-ball-press-machine\/","title":{"rendered":"M\u00e1quina de prensa de bolas de carv\u00e3o | M\u00e1quina de carv\u00e3o para churrasco"},"content":{"rendered":"<div class=\"kk-star-ratings kksr-auto kksr-align-left kksr-valign-top\"     data-payload='{&quot;align&quot;:&quot;left&quot;,&quot;id&quot;:&quot;1235&quot;,&quot;slug&quot;:&quot;default&quot;,&quot;valign&quot;:&quot;top&quot;,&quot;ignore&quot;:&quot;&quot;,&quot;reference&quot;:&quot;auto&quot;,&quot;class&quot;:&quot;&quot;,&quot;count&quot;:&quot;12&quot;,&quot;legendonly&quot;:&quot;&quot;,&quot;readonly&quot;:&quot;&quot;,&quot;score&quot;:&quot;4.6&quot;,&quot;starsonly&quot;:&quot;&quot;,&quot;best&quot;:&quot;5&quot;,&quot;gap&quot;:&quot;5&quot;,&quot;greet&quot;:&quot;Rate this product&quot;,&quot;legend&quot;:&quot;4.6\\\/5 - (12 votes)&quot;,&quot;size&quot;:&quot;24&quot;,&quot;title&quot;:&quot;Charcoal Ball Press Machine | BBQ Charcoal Machine&quot;,&quot;width&quot;:&quot;130.9&quot;,&quot;_legend&quot;:&quot;{score}\\\/{best} - ({count} {votes})&quot;,&quot;font_factor&quot;:&quot;1.25&quot;}'>              <div class=\"kksr-stars\">      <div class=\"kksr-stars-inactive\">             <div class=\"kksr-star\" data-star=\"1\" style=\"padding-right: 5px\">               <div class=\"kksr-icon\" style=\"width: 24px; height: 24px;\"><\/div>         <\/div>             <div class=\"kksr-star\" data-star=\"2\" style=\"padding-right: 5px\">               <div class=\"kksr-icon\" style=\"width: 24px; height: 24px;\"><\/div>         <\/div>             <div class=\"kksr-star\" data-star=\"3\" style=\"padding-right: 5px\">               <div class=\"kksr-icon\" style=\"width: 24px; height: 24px;\"><\/div>         <\/div>             <div class=\"kksr-star\" data-star=\"4\" style=\"padding-right: 5px\">               <div class=\"kksr-icon\" style=\"width: 24px; height: 24px;\"><\/div>         <\/div>             <div class=\"kksr-star\" data-star=\"5\" style=\"padding-right: 5px\">               <div class=\"kksr-icon\" style=\"width: 24px; height: 24px;\"><\/div>         <\/div>     <\/div>      <div class=\"kksr-stars-active\" style=\"width: 130.9px;\">             <div class=\"kksr-star\" style=\"padding-right: 5px\">               <div class=\"kksr-icon\" style=\"width: 24px; height: 24px;\"><\/div>         <\/div>             <div class=\"kksr-star\" style=\"padding-right: 5px\">               <div class=\"kksr-icon\" style=\"width: 24px; height: 24px;\"><\/div>         <\/div>             <div class=\"kksr-star\" style=\"padding-right: 5px\">               <div class=\"kksr-icon\" style=\"width: 24px; height: 24px;\"><\/div>         <\/div>             <div class=\"kksr-star\" style=\"padding-right: 5px\">               <div class=\"kksr-icon\" style=\"width: 24px; height: 24px;\"><\/div>         <\/div>             <div class=\"kksr-star\" style=\"padding-right: 5px\">               <div class=\"kksr-icon\" style=\"width: 24px; height: 24px;\"><\/div>         <\/div>     <\/div> <\/div>                   <div class=\"kksr-legend\" style=\"font-size: 19.2px;\">             4,6\/5 - (12 votos)    <\/div>     <\/div>  <p class=\"translation-block\"><strong>M\u00e1quina de prensa de bolas de carv\u00e3o<\/strong> \u00e9 uma ferramenta para produzir tijolos a partir de p\u00f3 de carv\u00e3o ou p\u00f3 de carv\u00e3o de biomassa. Pode produzir briquetes em v\u00e1rias formas, como almofada, p\u00e3o, esf\u00e9rico, etc. E estes produtos acabados s\u00e3o amplamente usados na metalurgia, centrais el\u00e9tricas, fornos, aquecimento, restaura\u00e7\u00e3o e outras ind\u00fastrias. Portanto, o seu mercado \u00e9 muito grande. A produ\u00e7\u00e3o da Shuliy <strong><a href=\"https:\/\/charcoalplant.com\/pt\/charcoal-briquetting-machine\/charcoal-powder-briquette-machine\/\">m\u00e1quina de briquetagem de p\u00f3 de carv\u00e3o<\/a><\/strong> \u00e9 de 5-10t por hora. Assim, pode satisfazer a procura de produ\u00e7\u00e3o de <strong><a href=\"https:\/\/charcoalplant.com\/pt\/info\/bbq-coal-production-line-installed-in-romania\/\">v\u00e1rias f\u00e1bricas de grande escala<\/a><\/strong>. Bem-vindo para consultar o pre\u00e7o da m\u00e1quina. E voc\u00ea obter\u00e1 um grande desconto.<\/p>    <figure class=\"wp-block-image aligncenter size-full\"><img loading=\"lazy\" decoding=\"async\" width=\"720\" height=\"540\" src=\"https:\/\/charcoalplant.com\/wp-content\/uploads\/2022\/02\/charcoal-briquette-forming-machine-for-sale.jpg\" alt=\"\" class=\"wp-image-2402\"\/><figcaption class=\"wp-element-caption\">m\u00e1quina de carv\u00e3o<\/figcaption><\/figure>    <h2 class=\"wp-block-heading\" id=\"h-raw-material-of-charcoal-ball-press-machine\"><strong>Cru <\/strong><strong>M<\/strong><strong>material de <\/strong><strong>C<\/strong><strong>carv\u00e3o <\/strong><strong>B<\/strong><strong>todos <\/strong><strong>P<\/strong><strong>ressair<\/strong><strong>&nbsp;M\u00e1quina<\/strong><strong><\/strong><\/h2>    <p class=\"translation-block\">As m\u00e1quinas de prensar bolas de carv\u00e3o s\u00e3o amplamente utilizadas. As mat\u00e9rias-primas podem ser p\u00f3 de carv\u00e3o, p\u00f3 de ferro, p\u00f3 de carbono, p\u00f3 de alum\u00ednio, gesso, e assim por diante. Al\u00e9m disso, podem ser utilizados materiais residuais como aparas de ferro, esc\u00f3ria, rejeitos, lamas e caulino. A finura destas mat\u00e9rias-primas deve ser inferior a 5mm. Mat\u00e9rias-primas de m\u00e1quinas de forma\u00e7\u00e3o de p\u00f3 de carv\u00e3o, como p\u00f3 de carv\u00e3o e p\u00f3 de carv\u00e3o vegetal, necessitam de ser pr\u00e9-tratadas com um <strong><a href=\"https:\/\/charcoalplant.com\/pt\/grinder-and-mixer\/charcoal-powder-mixer\/\">aglutinante<\/a><\/strong>. (Algumas mat\u00e9rias-primas n\u00e3o precisam de adicionar aglutinante, por favor consulte para mais detalhes).<\/p>    <figure class=\"wp-block-image aligncenter size-full\"><img loading=\"lazy\" decoding=\"async\" width=\"2293\" height=\"414\" src=\"https:\/\/charcoalplant.com\/wp-content\/uploads\/2021\/12\/raw-materials-of-charcoal-ball-press-machine.png\" alt=\"mat\u00e9rias-primas da m\u00e1quina de prensa de bolas de carv\u00e3o\" class=\"wp-image-2396\"\/><figcaption class=\"wp-element-caption\">mat\u00e9rias-primas da m\u00e1quina de prensa de bolas de carv\u00e3o<\/figcaption><\/figure>    <h2 class=\"wp-block-heading\" id=\"h-sturcture-of-charcoal-ball-briquette-machine\"><strong>Estrutura da m\u00e1quina de briquete de bolas de carv\u00e3o<\/strong><\/h2>    <p>A m\u00e1quina formadora de briquete de carv\u00e3o vegetal inclui principalmente tremonha, engrenagem, rolo de prensa, correia transportadora, motor, controlador de velocidade e outras estruturas. Duas das engrenagens acionam dois moldes de rolos. Como os rolos de press\u00e3o se movem um em dire\u00e7\u00e3o ao outro, os dois hemisf\u00e9rios podem formar uma esfera completa.<\/p>    <div class=\"wp-block-columns has-background is-layout-flex wp-container-core-columns-is-layout-28f84493 wp-block-columns-is-layout-flex\" style=\"background-color:#f1f1f1\"> <div class=\"wp-block-column is-layout-flow wp-block-column-is-layout-flow\" style=\"flex-basis:66.66%\"> <figure class=\"wp-block-gallery has-nested-images columns-default is-cropped wp-block-gallery-2 is-layout-flex wp-block-gallery-is-layout-flex\"> <figure class=\"wp-block-image size-large\"><img loading=\"lazy\" decoding=\"async\" width=\"720\" height=\"540\" data-id=\"2397\" src=\"https:\/\/charcoalplant.com\/wp-content\/uploads\/2022\/02\/inlet-of-charcoal-ball-press-machine.jpg\" alt=\"\" class=\"wp-image-2397\"\/><\/figure> <\/figure> <\/div>    <div class=\"wp-block-column is-vertically-aligned-center is-layout-flow wp-block-column-is-layout-flow\" style=\"flex-basis:33.33%\"> <p class=\"translation-block\"><strong>Entrada<\/strong><\/p>    <p>A porta de alimenta\u00e7\u00e3o da prensa de bolas de carv\u00e3o\u00a0tem um dispositivo de alimenta\u00e7\u00e3o de parafuso. Por um lado, pode controlar a velocidade de alimenta\u00e7\u00e3o para evitar o ac\u00famulo de p\u00f3 de carbono ou p\u00f3 de carv\u00e3o. Por outro lado, \u00e9 garantido que os materiais \u00famidos possam ser alimentados cont\u00ednua e uniformemente aos rolos da m\u00e1quina formadora.<\/p> <\/div> <\/div>    <div class=\"wp-block-columns has-background is-layout-flex wp-container-core-columns-is-layout-28f84493 wp-block-columns-is-layout-flex\" style=\"background-color:#f1f1f1\"> <div class=\"wp-block-column is-vertically-aligned-center is-layout-flow wp-block-column-is-layout-flow\" style=\"flex-basis:33.33%\"> <p class=\"translation-block\"><strong>Rolo de press\u00e3o<\/strong><\/p>    <p>As pel\u00edculas dos rolos podem ser projetadas em v\u00e1rios estilos para produzir briquetes de carv\u00e3o de v\u00e1rios formatos. O material \u00e9 rapidamente formado em um bloco esf\u00e9rico de carbono atrav\u00e9s da poderosa compress\u00e3o mec\u00e2nica dos rolos.<\/p> <\/div>    <div class=\"wp-block-column is-layout-flow wp-block-column-is-layout-flow\" style=\"flex-basis:66.66%\"> <figure class=\"wp-block-gallery has-nested-images columns-default is-cropped wp-block-gallery-3 is-layout-flex wp-block-gallery-is-layout-flex\"> <figure class=\"wp-block-image size-large\"><img loading=\"lazy\" decoding=\"async\" width=\"720\" height=\"540\" data-id=\"2398\" src=\"https:\/\/charcoalplant.com\/wp-content\/uploads\/2022\/02\/pressure-roller.jpg\" alt=\"\" class=\"wp-image-2398\"\/><\/figure> <\/figure> <\/div> <\/div>    <div class=\"wp-block-columns has-background is-layout-flex wp-container-core-columns-is-layout-28f84493 wp-block-columns-is-layout-flex\" style=\"background-color:#f1f1f1\"> <div class=\"wp-block-column is-layout-flow wp-block-column-is-layout-flow\" style=\"flex-basis:66.66%\"> <figure class=\"wp-block-gallery has-nested-images columns-default is-cropped wp-block-gallery-4 is-layout-flex wp-block-gallery-is-layout-flex\"> <figure class=\"wp-block-image size-large\"><img loading=\"lazy\" decoding=\"async\" width=\"720\" height=\"540\" data-id=\"2400\" src=\"https:\/\/charcoalplant.com\/wp-content\/uploads\/2022\/02\/outlet.jpg\" alt=\"\" class=\"wp-image-2400\"\/><\/figure> <\/figure> <\/div>    <div class=\"wp-block-column is-vertically-aligned-center is-layout-flow wp-block-column-is-layout-flow\" style=\"flex-basis:33.33%\"> <p class=\"translation-block\"><strong>Sa\u00edda<\/strong><\/p>    <p>O produto acabado cai na correia transportadora e \u00e9 enviado para fora da porta de descarga. E h\u00e1 uma tela de ferro na sa\u00edda da briquetadeira de carv\u00e3o pulverizado. Pode separar sobras e produtos acabados. As sobras peneiradas s\u00e3o coletadas e utilizadas.<\/p> <\/div> <\/div>    <figure class=\"wp-block-gallery has-nested-images columns-default is-cropped wp-block-gallery-5 is-layout-flex wp-block-gallery-is-layout-flex\"> <figure class=\"wp-block-image size-large\"><img loading=\"lazy\" decoding=\"async\" width=\"720\" height=\"540\" data-id=\"1936\" src=\"https:\/\/charcoalplant.com\/wp-content\/uploads\/2021\/12\/Customers-production-site-2.jpg\" alt=\"Clientes-local de produ\u00e7\u00e3o\" class=\"wp-image-1936\"\/><figcaption class=\"wp-element-caption\">Clientes-local de produ\u00e7\u00e3o<\/figcaption><\/figure>    <figure class=\"wp-block-image size-large\"><img loading=\"lazy\" decoding=\"async\" width=\"720\" height=\"540\" data-id=\"1944\" src=\"https:\/\/charcoalplant.com\/wp-content\/uploads\/2022\/01\/finished-products-1.jpg\" alt=\"produtos finalizados\" class=\"wp-image-1944\"\/><figcaption class=\"wp-element-caption\">produtos finalizados<\/figcaption><\/figure> <\/figure>    <h2 class=\"wp-block-heading\" id=\"h-mineral-powder-ball-press-machine\"><strong>M\u00e1quina de prensa de bola de p\u00f3 de carv\u00e3o<\/strong><\/h2>    <p>A prensa de carv\u00e3o em p\u00f3 seco \u00e9 um tipo de equipamento de prensa de carv\u00e3o que pode processar diretamente o p\u00f3 seco sem adicionar adesivo. Suas mat\u00e9rias-primas de produ\u00e7\u00e3o incluem p\u00f3 de carv\u00e3o, cinza de chamin\u00e9, cinza branca, p\u00f3 de min\u00e9rio de ferro, p\u00f3 de chumbo e assim por diante. As bolas de press\u00e3o met\u00e1licas s\u00e3o usadas principalmente na ind\u00fastria de fundi\u00e7\u00e3o. O equipamento de prensagem de carv\u00e3o em p\u00f3 seco possui 3 motores. Al\u00e9m do mais, eles podem controlar o motor principal, o sistema hidr\u00e1ulico e a correia transportadora, respectivamente. Pela boa cor das bolas prensadas que produz, existem muitos tipos. Portanto, haver\u00e1 muitos clientes fazendo pedidos. \u00c9 um dispositivo hidr\u00e1ulico de alta press\u00e3o com um efeito de forma\u00e7\u00e3o muito bom.<\/p>    <figure class=\"wp-block-image aligncenter size-full\"><img loading=\"lazy\" decoding=\"async\" width=\"720\" height=\"540\" src=\"https:\/\/charcoalplant.com\/wp-content\/uploads\/2021\/12\/New-dry-powder-ball-press-machine-2.jpg\" alt=\"Nova prensa de bolas de p\u00f3 seco\" class=\"wp-image-1940\"\/><figcaption class=\"wp-element-caption\">Nova prensa de bolas de p\u00f3 seco<\/figcaption><\/figure>    <figure class=\"wp-block-gallery has-nested-images columns-default is-cropped wp-block-gallery-6 is-layout-flex wp-block-gallery-is-layout-flex\"> <figure class=\"wp-block-image size-large\"><img loading=\"lazy\" decoding=\"async\" width=\"720\" height=\"540\" data-id=\"1354\" src=\"https:\/\/charcoalplant.com\/wp-content\/uploads\/2021\/12\/dry-powder-briquette-machine-1.jpg\" alt=\"m\u00e1quina de briquete de p\u00f3 seco\" class=\"wp-image-1354\" srcset=\"https:\/\/charcoalplant.com\/wp-content\/uploads\/2021\/12\/dry-powder-briquette-machine-1.jpg 720w, https:\/\/charcoalplant.com\/wp-content\/uploads\/2021\/12\/dry-powder-briquette-machine-1-300x225.jpg 300w\" sizes=\"auto, (max-width: 720px) 100vw, 720px\" \/><figcaption class=\"wp-element-caption\">m\u00e1quina de briquete de p\u00f3 seco<\/figcaption><\/figure>    <figure class=\"wp-block-image size-large\"><img loading=\"lazy\" decoding=\"async\" width=\"720\" height=\"540\" data-id=\"1244\" src=\"https:\/\/charcoalplant.com\/wp-content\/uploads\/2021\/12\/Working-principle-of-ball-press-1.jpg\" alt=\"Princ\u00edpio de funcionamento da prensa esf\u00e9rica\" class=\"wp-image-1244\" srcset=\"https:\/\/charcoalplant.com\/wp-content\/uploads\/2021\/12\/Working-principle-of-ball-press-1.jpg 720w, https:\/\/charcoalplant.com\/wp-content\/uploads\/2021\/12\/Working-principle-of-ball-press-1-300x225.jpg 300w\" sizes=\"auto, (max-width: 720px) 100vw, 720px\" \/><figcaption class=\"wp-element-caption\">Princ\u00edpio de funcionamento da prensa esf\u00e9rica<\/figcaption><\/figure> <\/figure>    <h2 class=\"wp-block-heading\" id=\"h-finished-product-of-charcoal-ball-forming-machine\"><strong>Produto final<\/strong> <strong>de<\/strong> <strong>M\u00e1quina de prensa de bolas de carv\u00e3o<\/strong><\/h2>    <p>A forma da m\u00e1quina de briquetagem de p\u00f3 de carbono \u00e9 determinada pelo seu molde. Nossa f\u00e1brica pode fornecer aos clientes travesseiros, esf\u00e9ricos, p\u00e3es e outros moldes. Al\u00e9m disso, personalizamos padr\u00f5es de moldes e textos para os clientes. <\/p>    <figure class=\"wp-block-image size-full\"><img loading=\"lazy\" decoding=\"async\" width=\"800\" height=\"503\" src=\"https:\/\/charcoalplant.com\/wp-content\/uploads\/2022\/02\/mould-of-charcoal-powder-and-mineral-powder.jpg\" alt=\"\" class=\"wp-image-2401\"\/><\/figure>    <h2 class=\"wp-block-heading\" id=\"parameters-of-bbq-charcoal-ball-press-machine\"><strong>Par\u00e2metros de<\/strong> <strong>M\u00e1quina de prensa de bolas de carv\u00e3o para churrasco<\/strong><\/h2>    <p>Para atender \u00e0s necessidades do cliente, n\u00e3o apenas o di\u00e2metro e a largura dos rolos de press\u00e3o podem ser personalizados. E seu padr\u00e3o de molde e texto tamb\u00e9m podem ser personalizados.<\/p>    <figure class=\"wp-block-table is-style-stripes\"><table><tbody><tr><td>Modelo<\/td><td>Tamanho do rolo (mm)<\/td><td>Velocidade do fuso (r\/min)<\/td><td>Pot\u00eancia (kw)<\/td><td>Capacidade (t\/h)<\/td><td>Dimens\u00e3o (m)<\/td><\/tr><tr><td>SL-BP290<\/td><td>290*200<\/td><td>12-15<\/td><td>5.5-7.5<\/td><td>1-3<\/td><td>1.6*1.2*1.4<\/td><\/tr><tr><td>SL-BP360<\/td><td>360*250<\/td><td>12-15<\/td><td>7.5-11<\/td><td>3-5<\/td><td>2.1*1.3*1.76<\/td><\/tr><tr><td>SL-BP430<\/td><td>430*250<\/td><td>12-15<\/td><td>15-18.5<\/td><td>4-7<\/td><td>2.3*1.53*1.9<\/td><\/tr><tr><td>SL-BP500<\/td><td>500*300<\/td><td>12-15<\/td><td>22-30<\/td><td>5-10<\/td><td>2.6*1.75*2.1<\/td><\/tr><tr><td>SL-BP650<\/td><td>650*350<\/td><td>10-13<\/td><td>37-55<\/td><td>8-13<\/td><td>3.42*2*2.2<\/td><\/tr><tr><td>SL-BP750<\/td><td>750*380<\/td><td>10-13<\/td><td>45-75<\/td><td>12-17<\/td><td>3.7*2.55*2.6<\/td><\/tr><tr><td>SL-BP850<\/td><td>850*460<\/td><td>10-13<\/td><td>75-110<\/td><td>15-20<\/td><td>3.9*2.6*2.7<\/td><\/tr><tr><td>SL-BP1000<\/td><td>1000*530<\/td><td>10-13<\/td><td>110-132<\/td><td>20-30<\/td><td>4*2.8*2.8<\/td><\/tr><\/tbody><\/table><\/figure>    <figure class=\"wp-block-image aligncenter size-full\"><img loading=\"lazy\" decoding=\"async\" width=\"1063\" height=\"803\" src=\"https:\/\/charcoalplant.com\/wp-content\/uploads\/2022\/02\/bbq-charcoal-machine-for-sale.jpg\" alt=\"M\u00e1quina de carv\u00e3o para churrasco \u00e0 venda\" class=\"wp-image-2403\"\/><figcaption class=\"wp-element-caption\">M\u00e1quina de carv\u00e3o para churrasco \u00e0 venda<\/figcaption><\/figure>    <h2 class=\"wp-block-heading\" id=\"h-video-of-barbecue-charcoal-machine\"><strong>V\u00eddeo de Carv\u00e3o <strong>Churrasco<\/strong><\/strong> <strong>M\u00e1quina<\/strong><\/h2>    <p>O v\u00eddeo abaixo mostra o processo de produ\u00e7\u00e3o da f\u00e1brica de carv\u00e3o para churrasco. E suas etapas de trabalho s\u00e3o muito simples. Portanto, voc\u00ea pode entender facilmente o processo de opera\u00e7\u00e3o da m\u00e1quina de carv\u00e3o.<\/p>    <figure class=\"wp-block-embed is-type-video is-provider-youtube wp-block-embed-youtube wp-embed-aspect-16-9 wp-has-aspect-ratio\"><div class=\"wp-block-embed__wrapper\"> <iframe loading=\"lazy\" title=\"M\u00e1quina de prensa de bolas de carv\u00e3o para churrasco\/carv\u00e3o em p\u00f3 | Briquetagem mineral\/metal para usina de fundi\u00e7\u00e3o\" width=\"500\" height=\"281\" src=\"https:\/\/www.youtube.com\/embed\/VIJt2nuZkYE?feature=oembed\" frameborder=\"0\" allow=\"accelerometer; autoplay; clipboard-write; encrypted-media; gyroscope; picture-in-picture; web-share\" referrerpolicy=\"strict-origin-when-cross-origin\" allowfullscreen><\/iframe> <\/div><\/figure>    <h2 class=\"wp-block-heading\" id=\"h-roller-mineral-powder-press-for-sale\"><strong>Prensa de p\u00f3 mineral de rolo para venda<\/strong><\/h2>    <p class=\"translation-block\"><a href=\"https:\/\/charcoalplant.com\/pt\/\"><strong>Maquinaria Equipamento Shuliy Ltda<\/strong><\/a>, especializada na fabrica\u00e7\u00e3o de todo o tipo de equipamentos de produ\u00e7\u00e3o de m\u00e1quinas de carv\u00e3o. A nossa f\u00e1brica fornece aos clientes diversos moldes de m\u00e1quinas de blocos de carv\u00e3o. Por exemplo, ovais, p\u00e3o, almofada, coluna, quadrado, esf\u00e9rico, etc. A nossa empresa vende prensas de bolas de material molhado e prensas de bolas de material seco. Al\u00e9m disso, tamb\u00e9m vendemos secadores, misturadores, <strong><a href=\"https:\/\/charcoalplant.com\/pt\/hammer-mill\/\"> <\/a><a href=\"https:\/\/charcoalplant.com\/pt\/briquettes-packing-machine\/charcoal-briquettes-packing-machine\/\">embalagem de carv\u00e3o<\/a><\/strong>, e assim por diante. Contacte-nos agora para obter a lista mais recente de m\u00e1quinas de imprensa de bolas de carv\u00e3o.<\/p>    <figure class=\"wp-block-gallery has-nested-images columns-default is-cropped wp-block-gallery-7 is-layout-flex wp-block-gallery-is-layout-flex\"> <figure class=\"wp-block-image size-large\"><img loading=\"lazy\" decoding=\"async\" width=\"720\" height=\"540\" data-id=\"2404\" src=\"https:\/\/charcoalplant.com\/wp-content\/uploads\/2022\/02\/charcoal-ball-press-machine-plant.jpg\" alt=\"planta de m\u00e1quina de prensa de bola de carv\u00e3o\" class=\"wp-image-2404\"\/><figcaption class=\"wp-element-caption\">planta de m\u00e1quina de prensa de bola de carv\u00e3o<\/figcaption><\/figure>    <figure class=\"wp-block-image size-large\"><img loading=\"lazy\" decoding=\"async\" width=\"720\" height=\"540\" data-id=\"2405\" src=\"https:\/\/charcoalplant.com\/wp-content\/uploads\/2022\/02\/shippment-2.jpg\" alt=\"envio\" class=\"wp-image-2405\"\/><figcaption class=\"wp-element-caption\">envio<\/figcaption><\/figure> <\/figure>    <p><\/p>","protected":false},"excerpt":{"rendered":"<p>A prensa esf\u00e9rica de carv\u00e3o\u00a0\u00e9 uma ferramenta que usa p\u00f3 de carv\u00e3o, p\u00f3 de carbono, p\u00f3 de ferro, p\u00f3 de alum\u00ednio, etc. para produzir briket.<\/p>","protected":false},"author":1,"featured_media":1237,"parent":0,"template":"","tags":[59],"product-type":[44],"class_list":["post-1235","product","type-product","status-publish","has-post-thumbnail","hentry","tag-charcoal-briquetting-machine","product-type-charcoal-briquetting-machine"],"_links":{"self":[{"href":"https:\/\/charcoalplant.com\/pt\/wp-json\/wp\/v2\/product\/1235","targetHints":{"allow":["GET"]}}],"collection":[{"href":"https:\/\/charcoalplant.com\/pt\/wp-json\/wp\/v2\/product"}],"about":[{"href":"https:\/\/charcoalplant.com\/pt\/wp-json\/wp\/v2\/types\/product"}],"author":[{"embeddable":true,"href":"https:\/\/charcoalplant.com\/pt\/wp-json\/wp\/v2\/users\/1"}],"wp:featuredmedia":[{"embeddable":true,"href":"https:\/\/charcoalplant.com\/pt\/wp-json\/wp\/v2\/media\/1237"}],"wp:attachment":[{"href":"https:\/\/charcoalplant.com\/pt\/wp-json\/wp\/v2\/media?parent=1235"}],"wp:term":[{"taxonomy":"post_tag","embeddable":true,"href":"https:\/\/charcoalplant.com\/pt\/wp-json\/wp\/v2\/tags?post=1235"},{"taxonomy":"product-type","embeddable":true,"href":"https:\/\/charcoalplant.com\/pt\/wp-json\/wp\/v2\/product-type?post=1235"}],"curies":[{"name":"wp","href":"https:\/\/api.w.org\/{rel}","templated":true}]}}