{"id":1259,"date":"2021-12-13T08:32:22","date_gmt":"2021-12-13T08:32:22","guid":{"rendered":"https:\/\/charcoalplant.com\/?p=1259"},"modified":"2023-01-11T16:09:58","modified_gmt":"2023-01-11T08:09:58","slug":"best-shisha-charcoal-machine","status":"publish","type":"product","link":"https:\/\/charcoalplant.com\/pt\/product\/best-shisha-charcoal-machine\/","title":{"rendered":"M\u00e1quina de carv\u00e3o Shisha | M\u00e1quina de briquetagem de carv\u00e3o"},"content":{"rendered":"<div class=\"kk-star-ratings kksr-auto kksr-align-left kksr-valign-top\"     data-payload='{&quot;align&quot;:&quot;left&quot;,&quot;id&quot;:&quot;1259&quot;,&quot;slug&quot;:&quot;default&quot;,&quot;valign&quot;:&quot;top&quot;,&quot;ignore&quot;:&quot;&quot;,&quot;reference&quot;:&quot;auto&quot;,&quot;class&quot;:&quot;&quot;,&quot;count&quot;:&quot;21&quot;,&quot;legendonly&quot;:&quot;&quot;,&quot;readonly&quot;:&quot;&quot;,&quot;score&quot;:&quot;4.7&quot;,&quot;starsonly&quot;:&quot;&quot;,&quot;best&quot;:&quot;5&quot;,&quot;gap&quot;:&quot;5&quot;,&quot;greet&quot;:&quot;Rate this product&quot;,&quot;legend&quot;:&quot;4.7\\\/5 - (21 votes)&quot;,&quot;size&quot;:&quot;24&quot;,&quot;title&quot;:&quot;Shisha Charcoal Machine | Charcoal Briquette Machine&quot;,&quot;width&quot;:&quot;133.8&quot;,&quot;_legend&quot;:&quot;{score}\\\/{best} - ({count} {votes})&quot;,&quot;font_factor&quot;:&quot;1.25&quot;}'>              <div class=\"kksr-stars\">      <div class=\"kksr-stars-inactive\">             <div class=\"kksr-star\" data-star=\"1\" style=\"padding-right: 5px\">               <div class=\"kksr-icon\" style=\"width: 24px; height: 24px;\"><\/div>         <\/div>             <div class=\"kksr-star\" data-star=\"2\" style=\"padding-right: 5px\">               <div class=\"kksr-icon\" style=\"width: 24px; height: 24px;\"><\/div>         <\/div>             <div class=\"kksr-star\" data-star=\"3\" style=\"padding-right: 5px\">               <div class=\"kksr-icon\" style=\"width: 24px; height: 24px;\"><\/div>         <\/div>             <div class=\"kksr-star\" data-star=\"4\" style=\"padding-right: 5px\">               <div class=\"kksr-icon\" style=\"width: 24px; height: 24px;\"><\/div>         <\/div>             <div class=\"kksr-star\" data-star=\"5\" style=\"padding-right: 5px\">               <div class=\"kksr-icon\" style=\"width: 24px; height: 24px;\"><\/div>         <\/div>     <\/div>      <div class=\"kksr-stars-active\" style=\"width: 133.8px;\">             <div class=\"kksr-star\" style=\"padding-right: 5px\">               <div class=\"kksr-icon\" style=\"width: 24px; height: 24px;\"><\/div>         <\/div>             <div class=\"kksr-star\" style=\"padding-right: 5px\">               <div class=\"kksr-icon\" style=\"width: 24px; height: 24px;\"><\/div>         <\/div>             <div class=\"kksr-star\" style=\"padding-right: 5px\">               <div class=\"kksr-icon\" style=\"width: 24px; height: 24px;\"><\/div>         <\/div>             <div class=\"kksr-star\" style=\"padding-right: 5px\">               <div class=\"kksr-icon\" style=\"width: 24px; height: 24px;\"><\/div>         <\/div>             <div class=\"kksr-star\" style=\"padding-right: 5px\">               <div class=\"kksr-icon\" style=\"width: 24px; height: 24px;\"><\/div>         <\/div>     <\/div> <\/div>                   <div class=\"kksr-legend\" style=\"font-size: 19.2px;\">             4,7\/5 - (21 votos)    <\/div>     <\/div>  <p class=\"translation-block\"><strong>A m\u00e1quina de carv\u00e3o para shisha<\/strong> \u00e9 o equipamento especial para fazer carv\u00e3o de hookah redondo e quadrado. Portanto, em compara\u00e7\u00e3o com outras m\u00e1quinas de briquete de p\u00f3 de carv\u00e3o, a m\u00e1quina de briquete de carv\u00e3o para shisha tem uma press\u00e3o maior e um melhor efeito de forma\u00e7\u00e3o do carv\u00e3o para shisha. O carv\u00e3o para hookah produzido pela m\u00e1quina de carv\u00e3o para hookah Shuliy \u00e9 duro na textura, f\u00e1cil de acender e produz menos cinzas. O tempo de queima de cada carv\u00e3o para hookah \u00e9 de 40-60 minutos. <\/p>    <p class=\"translation-block\">Atualmente, existem quatro tipos de m\u00e1quinas para fazer carv\u00e3o de shisha dispon\u00edveis em nossa f\u00e1brica. Elas s\u00e3o a m\u00e1quina mec\u00e2nica de carv\u00e3o para shisha, <strong><a href=\"https:\/\/charcoalplant.com\/pt\/info\/british-hookah-briquette-factory-purchased-hydraulic-shisha-coal-machines\/\">m\u00e1quina hidr\u00e1ulica de carv\u00e3o para shisha<\/a><\/strong>, m\u00e1quina de carv\u00e3o para shisha em a\u00e7o inoxid\u00e1vel (totalmente autom\u00e1tica e semi-autom\u00e1tica) e <strong><a href=\"https:\/\/charcoalplant.com\/pt\/charcoal-briquetting-machine\/rotary-hookah-tablet-press\/\">m\u00e1quina rotativa de carv\u00e3o para shisha<\/a><\/strong>. Os tr\u00eas primeiros est\u00e3o descritos abaixo. Entre em contato conosco agora para iniciar seu neg\u00f3cio. E, n\u00f3s ofereceremos pre\u00e7os baixos.<\/p>    <h2 class=\"wp-block-heading\" id=\"raw-materials-for-making-shisha-charcoal\">Mat\u00e9rias-primas para fabrica\u00e7\u00e3o de carv\u00e3o Shisha<\/h2>    <p class=\"translation-block\">Embora o carv\u00e3o de shisha tamb\u00e9m seja feito de p\u00f3 de carbono, seus requisitos de mat\u00e9ria-prima s\u00e3o mais elevados. Geralmente utiliza carv\u00e3o de bambu, carv\u00e3o de madeira dura, carv\u00e3o de casca de coco, carv\u00e3o de casca de palma, carv\u00e3o de casca de oliva, <strong><a href=\"https:\/\/charcoalplant.com\/pt\/info\/can-these-briquetting-machines-make-alfalfa-molar-sticks\/\">alfafa<\/a><\/strong>, etc. Esses carbonos t\u00eam as caracter\u00edsticas de boa cor e boa adsor\u00e7\u00e3o. Al\u00e9m disso, o p\u00f3 de carbono precisa ser misturado com uma quantidade apropriada de aglutinante usando um <strong><a href=\"https:\/\/charcoalplant.com\/pt\/product\/charcoal-powder-mixer\/\">misturador de p\u00f3 de carv\u00e3o<\/a><\/strong>.<\/p>    <figure class=\"wp-block-image aligncenter size-full\"><img loading=\"lazy\" decoding=\"async\" width=\"720\" height=\"540\" src=\"https:\/\/charcoalplant.com\/wp-content\/uploads\/2022\/02\/charcoal-powder-1.jpg\" alt=\"carv\u00e3o em p\u00f3\" class=\"wp-image-2459\"\/><figcaption class=\"wp-element-caption\">carv\u00e3o em p\u00f3<\/figcaption><\/figure>    <h2 class=\"wp-block-heading\" id=\"type-1-mechanical-coconut-charcoal-tablet-press\"><strong>Tipo 1: <\/strong>M\u00e1quina mec\u00e2nica de briquetagem de carv\u00e3o Shisha<\/h2>    <p>Seus moldes e correias transportadoras s\u00e3o controlados por dispositivos mec\u00e2nicos. Portanto, \u00e9 uma briquetadeira de carv\u00e3o com estrutura mais simples. E todo o processo \u00e9 acionado pelo motor. A engrenagem aciona o balancim para controlar o levantamento do molde. Ent\u00e3o, os pesos controlam indiretamente o funcionamento da correia transportadora. A press\u00e3o da m\u00e1quina mec\u00e2nica formadora de carv\u00e3o shisha \u00e9 de 20t. O n\u00famero de carv\u00e3o shisha formado de uma vez \u00e9 15. (Isso tamb\u00e9m est\u00e1 relacionado \u00e0s especifica\u00e7\u00f5es da folha de carv\u00e3o shisha)<\/p>    <figure class=\"wp-block-image aligncenter size-full\"><img loading=\"lazy\" decoding=\"async\" width=\"720\" height=\"540\" src=\"https:\/\/charcoalplant.com\/wp-content\/uploads\/2022\/02\/Coconut-Charcoal-Tablet-Press-for-Sale.jpg\" alt=\"\" class=\"wp-image-2463\"\/><figcaption class=\"wp-element-caption\">Prensa de comprimidos de carv\u00e3o de coco para venda<\/figcaption><\/figure>    <h3 class=\"wp-block-heading\" id=\"parameters-of-hookah-coal-maker\">Par\u00e2metros do fabricante de carv\u00e3o para narguil\u00e9<\/h3>    <figure class=\"wp-block-table is-style-stripes\"><table><tbody><tr><td>Tipo<\/td><td>Poder<\/td><td>Capacidade<\/td><td>Dimens\u00e3o<\/td><td>Press\u00e3o<\/td><td>Peso<\/td><\/tr><tr><td>Tipo mec\u00e2nico<\/td><td>7,5 kW<\/td><td>300kg\/h<\/td><td>1,7*1,5*1,2m<\/td><td>25t<\/td><td>1500kg<\/td><\/tr><\/tbody><\/table><\/figure>    <h2 class=\"wp-block-heading\" id=\"type-2-hydraulic-shisha-charcoal-machine\"><strong>Tipo 2:<\/strong> M\u00e1quina hidr\u00e1ulica de carv\u00e3o shisha<\/h2>    <p>A m\u00e1quina hidr\u00e1ulica para fazer carv\u00e3o para narguil\u00e9 inclui tr\u00eas partes: um gabinete de controle, esta\u00e7\u00e3o hidr\u00e1ulica e corpo principal. Portanto, ocupa uma \u00e1rea maior do que uma m\u00e1quina mec\u00e2nica de narguil\u00e9 a carv\u00e3o. Mas sua press\u00e3o pode chegar a 100t. E sua velocidade de produ\u00e7\u00e3o pode ser ajustada. Portanto, o uso de uma m\u00e1quina hidr\u00e1ulica de carv\u00e3o shisha \u00e9 equivalente a 2-3 m\u00e1quinas mec\u00e2nicas de carv\u00e3o shisha.<\/p>    <figure class=\"wp-block-image aligncenter size-full\"><img loading=\"lazy\" decoding=\"async\" width=\"720\" height=\"540\" src=\"https:\/\/charcoalplant.com\/wp-content\/uploads\/2022\/01\/hydraulic-shisha-charcoal-press.jpg\" alt=\"prensa hidr\u00e1ulica de carv\u00e3o shisha\" class=\"wp-image-1950\"\/><figcaption class=\"wp-element-caption\">prensa hidr\u00e1ulica de carv\u00e3o shisha<\/figcaption><\/figure>    <h2 class=\"wp-block-heading\" id=\"structure-of-hydraulic-shisha-charcoal-making-machine\">Estrutura da m\u00e1quina hidr\u00e1ulica de carv\u00e3o Shisha<\/h2>    <div class=\"wp-block-columns has-background is-layout-flex wp-container-core-columns-is-layout-28f84493 wp-block-columns-is-layout-flex\" style=\"background-color:#f1f1f1\"> <div class=\"wp-block-column is-vertically-aligned-center is-layout-flow wp-block-column-is-layout-flow\" style=\"flex-basis:33.33%\"> <p class=\"translation-block\"><strong>Mesa de opera\u00e7\u00e3o<\/strong><\/p>    <p>O equipamento pode ser inicializado com uma chave atrav\u00e9s do gabinete de controle. Al\u00e9m disso, possui tr\u00eas motores para controlar a bomba hidr\u00e1ulica, mistura de ra\u00e7\u00e3o e correia transportadora respectivamente. <\/p> <\/div>    <div class=\"wp-block-column is-layout-flow wp-block-column-is-layout-flow\" style=\"flex-basis:66.66%\"> <figure class=\"wp-block-gallery has-nested-images columns-default is-cropped wp-block-gallery-2 is-layout-flex wp-block-gallery-is-layout-flex\"> <figure class=\"wp-block-image size-large\"><img loading=\"lazy\" decoding=\"async\" width=\"720\" height=\"540\" data-id=\"2464\" src=\"https:\/\/charcoalplant.com\/wp-content\/uploads\/2022\/02\/Hookah-charcoal-tablet-press-operating-table.jpg\" alt=\"Mesa de opera\u00e7\u00e3o para prensa de comprimidos de carv\u00e3o para narguil\u00e9\" class=\"wp-image-2464\"\/><figcaption class=\"wp-element-caption\">Mesa de opera\u00e7\u00e3o para prensa de comprimidos de carv\u00e3o para narguil\u00e9<\/figcaption><\/figure> <\/figure> <\/div> <\/div>    <div class=\"wp-block-columns has-background is-layout-flex wp-container-core-columns-is-layout-28f84493 wp-block-columns-is-layout-flex\" style=\"background-color:#f1f1f1\"> <div class=\"wp-block-column is-layout-flow wp-block-column-is-layout-flow\" style=\"flex-basis:66.66%\"> <figure class=\"wp-block-gallery has-nested-images columns-default is-cropped wp-block-gallery-3 is-layout-flex wp-block-gallery-is-layout-flex\"> <figure class=\"wp-block-image size-large\"><img loading=\"lazy\" decoding=\"async\" width=\"720\" height=\"540\" data-id=\"1270\" src=\"https:\/\/charcoalplant.com\/wp-content\/uploads\/2021\/12\/IMG_8957_\u526f\u672c-1.jpg\" alt=\"moldes para m\u00e1quinas de carv\u00e3o shisha\" class=\"wp-image-1270\" srcset=\"https:\/\/charcoalplant.com\/wp-content\/uploads\/2021\/12\/IMG_8957_\u526f\u672c-1.jpg 720w, https:\/\/charcoalplant.com\/wp-content\/uploads\/2021\/12\/IMG_8957_\u526f\u672c-1-300x225.jpg 300w\" sizes=\"auto, (max-width: 720px) 100vw, 720px\" \/><figcaption class=\"wp-element-caption\">moldes para m\u00e1quinas de carv\u00e3o shisha<\/figcaption><\/figure> <\/figure> <\/div>    <div class=\"wp-block-column is-vertically-aligned-center is-layout-flow wp-block-column-is-layout-flow\" style=\"flex-basis:33.33%\"> <p class=\"translation-block\"><strong>Molde<\/strong><\/p>    <p>Seu molde possui tr\u00eas partes: superior, intermedi\u00e1ria e inferior. Porque o tamanho do carv\u00e3o para narguil\u00e9 \u00e9 principalmente de 2 a 3 cm. Portanto, o molde da m\u00e1quina para fazer carv\u00e3o para narguil\u00e9 tem o mesmo tamanho. Al\u00e9m disso, fornecemos diferentes tipos de moldes e a posi\u00e7\u00e3o do molde \u00e9 ajust\u00e1vel.<\/p> <\/div> <\/div>    <h3 class=\"wp-block-heading\">V\u00eddeo da m\u00e1quina de briquetagem de carv\u00e3o para narguil\u00e9<\/h3>    <figure class=\"wp-block-embed is-type-video is-provider-youtube wp-block-embed-youtube wp-embed-aspect-16-9 wp-has-aspect-ratio\"><div class=\"wp-block-embed__wrapper\"> <iframe loading=\"lazy\" title=\"M\u00e1quina hidr\u00e1ulica de carv\u00e3o para narguil\u00e9 de venda quente | Display de briquete de carv\u00e3o redondo, cubo e hexagonal\" width=\"500\" height=\"281\" src=\"https:\/\/www.youtube.com\/embed\/JOsfpi4YzME?feature=oembed\" frameborder=\"0\" allow=\"accelerometer; autoplay; clipboard-write; encrypted-media; gyroscope; picture-in-picture; web-share\" referrerpolicy=\"strict-origin-when-cross-origin\" allowfullscreen><\/iframe> <\/div><\/figure>    <h3 class=\"wp-block-heading\" id=\"parameters-of-shisha-charcoal-machine\">Par\u00e2metros da m\u00e1quina de carv\u00e3o Shisha<\/h3>    <figure class=\"wp-block-table is-style-stripes\"><table><tbody><tr><td>Tipo<\/td><td>Poder<\/td><td>Peso<\/td><td>Press\u00e3o<\/td><td>Capacidade<\/td><td>Dimens\u00e3o<\/td><\/tr><tr><td>Tipo hidr\u00e1ulico<\/td><td>15 kW<\/td><td>2,8t<\/td><td>100 toneladas<\/td><td>rodada: 42 unidades\/por vez, 4 vezes\/minuto<br>quadrado: 44 unidades\/por vez, 4 vezes\/minuto<\/td><td>anfitri\u00e3o: 850**2000*2100mm<\/td><\/tr><\/tbody><\/table><\/figure>    <h2 class=\"wp-block-heading\" id=\"type-3-stainless-steel-shisha-charcoal-machine\"><strong>Tipo 3:<\/strong> M\u00e1quina de carv\u00e3o Shisha de a\u00e7o inoxid\u00e1vel<\/h2>    <p>O material geral da m\u00e1quina para fazer carv\u00e3o shisha \u00e9 a\u00e7o inoxid\u00e1vel. Al\u00e9m disso, \u00e9 tamb\u00e9m uma prensa de comprimidos de carv\u00e3o para narguil\u00e9 tudo-em-um. A m\u00e1quina para fazer carv\u00e3o para narguil\u00e9 de a\u00e7o inoxid\u00e1vel adota um painel de controle PLC. Portanto, os clientes podem controlar facilmente a produ\u00e7\u00e3o atrav\u00e9s do computador. Como velocidade, press\u00e3o, tens\u00e3o, etc. E sua press\u00e3o pode chegar a 100-200t. Ele pode perfurar 20.000 a 30.000 peda\u00e7os de carv\u00e3o para narguil\u00e9 por minuto.<\/p>    <figure class=\"wp-block-image aligncenter size-full\"><img loading=\"lazy\" decoding=\"async\" width=\"720\" height=\"540\" src=\"https:\/\/charcoalplant.com\/wp-content\/uploads\/2021\/12\/hookah-charcoal-press-machine-1.jpg\" alt=\"m\u00e1quina de prensa de carv\u00e3o para narguil\u00e9\" class=\"wp-image-1367\" srcset=\"https:\/\/charcoalplant.com\/wp-content\/uploads\/2021\/12\/hookah-charcoal-press-machine-1.jpg 720w, https:\/\/charcoalplant.com\/wp-content\/uploads\/2021\/12\/hookah-charcoal-press-machine-1-300x225.jpg 300w\" sizes=\"auto, (max-width: 720px) 100vw, 720px\" \/><figcaption class=\"wp-element-caption\">m\u00e1quina de prensa de carv\u00e3o para narguil\u00e9<\/figcaption><\/figure>    <h2 class=\"wp-block-heading\" id=\"h-structure-of-hookah-charcoal-making-machine\">Estrutura da\u00a0m\u00e1quina de fazer carv\u00e3o para narguil\u00e9<\/h2>    <div class=\"wp-block-columns has-background is-layout-flex wp-container-core-columns-is-layout-28f84493 wp-block-columns-is-layout-flex\" style=\"background-color:#f1f1f1\"> <div class=\"wp-block-column is-vertically-aligned-center is-layout-flow wp-block-column-is-layout-flow\" style=\"flex-basis:33.33%\"> <p class=\"translation-block\"><strong>Cilindro hidr\u00e1ulico <\/strong><\/p>    <p>A press\u00e3o \u00e9 ajust\u00e1vel. O cilindro hidr\u00e1ulico est\u00e1 na parte superior da m\u00e1quina. E o resto das linhas ficam na parte inferior da m\u00e1quina. Portanto, toda a m\u00e1quina economiza muito espa\u00e7o.<\/p> <\/div>    <div class=\"wp-block-column is-layout-flow wp-block-column-is-layout-flow\" style=\"flex-basis:66.66%\"> <figure class=\"wp-block-gallery has-nested-images columns-default is-cropped wp-block-gallery-4 is-layout-flex wp-block-gallery-is-layout-flex\"> <figure class=\"wp-block-image size-large\"><img loading=\"lazy\" decoding=\"async\" width=\"720\" height=\"540\" data-id=\"1369\" src=\"https:\/\/charcoalplant.com\/wp-content\/uploads\/2021\/12\/Hydraulic-cylinder-1.jpg\" alt=\"Cilindro hidr\u00e1ulico\" class=\"wp-image-1369\" srcset=\"https:\/\/charcoalplant.com\/wp-content\/uploads\/2021\/12\/Hydraulic-cylinder-1.jpg 720w, https:\/\/charcoalplant.com\/wp-content\/uploads\/2021\/12\/Hydraulic-cylinder-1-300x225.jpg 300w\" sizes=\"auto, (max-width: 720px) 100vw, 720px\" \/><figcaption class=\"wp-element-caption\">Cilindro hidr\u00e1ulico<\/figcaption><\/figure> <\/figure> <\/div> <\/div>    <div class=\"wp-block-columns has-background is-layout-flex wp-container-core-columns-is-layout-28f84493 wp-block-columns-is-layout-flex\" style=\"background-color:#f1f1f1\"> <div class=\"wp-block-column is-layout-flow wp-block-column-is-layout-flow\" style=\"flex-basis:66.66%\"> <figure class=\"wp-block-gallery has-nested-images columns-default is-cropped wp-block-gallery-5 is-layout-flex wp-block-gallery-is-layout-flex\"> <figure class=\"wp-block-image size-large\"><img loading=\"lazy\" decoding=\"async\" width=\"720\" height=\"540\" data-id=\"1368\" src=\"https:\/\/charcoalplant.com\/wp-content\/uploads\/2021\/12\/brush-1.jpg\" alt=\"escovar\" class=\"wp-image-1368\" srcset=\"https:\/\/charcoalplant.com\/wp-content\/uploads\/2021\/12\/brush-1.jpg 720w, https:\/\/charcoalplant.com\/wp-content\/uploads\/2021\/12\/brush-1-300x225.jpg 300w\" sizes=\"auto, (max-width: 720px) 100vw, 720px\" \/><figcaption class=\"wp-element-caption\">escovar<\/figcaption><\/figure> <\/figure> <\/div>    <div class=\"wp-block-column is-vertically-aligned-center is-layout-flow wp-block-column-is-layout-flow\" style=\"flex-basis:33.33%\"> <p class=\"translation-block\"><strong>Escova<\/strong><\/p>    <p>M\u00e1quina autom\u00e1tica de briquetagem de carv\u00e3o para narguil\u00e9 de a\u00e7o inoxid\u00e1vel projetada com escovas. Portanto, o equipamento pode limpar automaticamente os res\u00edduos deixados no molde para melhorar a qualidade da produ\u00e7\u00e3o.<\/p> <\/div> <\/div>    <div class=\"wp-block-columns has-background is-layout-flex wp-container-core-columns-is-layout-28f84493 wp-block-columns-is-layout-flex\" style=\"background-color:#f1f1f1\"> <div class=\"wp-block-column is-vertically-aligned-center is-layout-flow wp-block-column-is-layout-flow\" style=\"flex-basis:33.33%\"> <p class=\"translation-block\"><strong>Painel de controlo PLC<\/strong><\/p>    <p>\u00c9 uma inicializa\u00e7\u00e3o completa com um bot\u00e3o para o dispositivo. Al\u00e9m disso, pode definir o modo de produ\u00e7\u00e3o.<\/p> <\/div>    <div class=\"wp-block-column is-layout-flow wp-block-column-is-layout-flow\" style=\"flex-basis:66.66%\"> <figure class=\"wp-block-gallery has-nested-images columns-default is-cropped wp-block-gallery-6 is-layout-flex wp-block-gallery-is-layout-flex\"> <figure class=\"wp-block-image size-large\"><img loading=\"lazy\" decoding=\"async\" width=\"720\" height=\"540\" data-id=\"2466\" src=\"https:\/\/charcoalplant.com\/wp-content\/uploads\/2022\/02\/PLC-2.jpg\" alt=\"\" class=\"wp-image-2466\"\/><\/figure> <\/figure> <\/div> <\/div>    <h3 class=\"wp-block-heading\" id=\"h-parameters-of-shisha-charcoal-machine\">Par\u00e2metros da m\u00e1quina de briquetagem de carv\u00e3o Shisha<\/h3>    <p>Press\u00e3o: 80 toneladas, 100 toneladas<\/p>    <p>Tens\u00e3o: 380V<\/p>    <p>Pot\u00eancia: 13kw<\/p>    <p>Peso: 1000kg<\/p>    <p class=\"translation-block\">Dimens\u00e3o\uff1a2500mm<em>750mm<\/em>2300mm<\/p>    <p>Capacidade:<\/p>    <figure class=\"wp-block-table is-style-stripes\"><table><tbody><tr><td>Tamanho dos moldes<\/td><td>N\u00famero de\u00a0socos\u00a0uma vez<\/td><td>N\u00famero de socos por minuto<\/td><\/tr><tr><td>Cubo de 2cm * 2cm * 2cm<\/td><td>90<\/td><td>3<\/td><\/tr><tr><td>Cubo de 2,5 cm * 2,5 cm * 2,5 cm<\/td><td>80<\/td><td>3<\/td><\/tr><tr><td>Di\u00e2metro 3 cm\u00a0redondo<\/td><td>72<\/td><td>3<\/td><\/tr><tr><td>Di\u00e2metro 3,3 cm\u00a0redondo<\/td><td>56<\/td><td>3<\/td><\/tr><tr><td>Di\u00e2metro 4 cm redondo<\/td><td>42<\/td><td>3<\/td><\/tr><\/tbody><\/table><\/figure>    <h2 class=\"wp-block-heading\" id=\"h-application-of-hubbly-charcoal\">Aplica\u00e7\u00e3o de carv\u00e3o Hubbly<strong> <\/strong><\/h2>    <p class=\"translation-block\">As m\u00e1quinas de briquete de carv\u00e3o para shisha s\u00e3o frequentemente encontradas em <strong><a href=\"https:\/\/charcoalplant.com\/pt\/shisha-charcoal-production-line\/\">linhas de produ\u00e7\u00e3o de carv\u00e3o para shisha<\/a><\/strong>. De fato, o briquete de carv\u00e3o para shisha \u00e9 um produto popular na Ar\u00e1bia e no Oriente M\u00e9dio. Mas agora muitos jovens tamb\u00e9m gostam muito de fumar shisha. Portanto, podemos ver v\u00e1rios <strong><a href=\"https:\/\/charcoalplant.com\/pt\/briquettes-packing-machine\/charcoal-briquettes-packing-machine\/\">produtos de carv\u00e3o para shisha<\/a><\/strong> no mercado.<\/p>    <figure class=\"wp-block-gallery has-nested-images columns-default is-cropped wp-block-gallery-7 is-layout-flex wp-block-gallery-is-layout-flex\"> <figure class=\"wp-block-image size-large\"><img loading=\"lazy\" decoding=\"async\" width=\"720\" height=\"540\" data-id=\"2468\" src=\"https:\/\/charcoalplant.com\/wp-content\/uploads\/2022\/02\/hookah-charcoal.jpg\" alt=\"carv\u00e3o para narguil\u00e9\" class=\"wp-image-2468\"\/><figcaption class=\"wp-element-caption\">carv\u00e3o para narguil\u00e9<\/figcaption><\/figure>    <figure class=\"wp-block-image size-large\"><img loading=\"lazy\" decoding=\"async\" width=\"720\" height=\"540\" data-id=\"2469\" src=\"https:\/\/charcoalplant.com\/wp-content\/uploads\/2022\/02\/shisha-charcoal-show.jpg\" alt=\"shisha-show de carv\u00e3o\" class=\"wp-image-2469\"\/><figcaption class=\"wp-element-caption\">shisha-show de carv\u00e3o<\/figcaption><\/figure> <\/figure>    <figure class=\"wp-block-gallery has-nested-images columns-default is-cropped wp-block-gallery-8 is-layout-flex wp-block-gallery-is-layout-flex\"> <figure class=\"wp-block-image size-large\"><img loading=\"lazy\" decoding=\"async\" width=\"720\" height=\"540\" data-id=\"1361\" src=\"https:\/\/charcoalplant.com\/wp-content\/uploads\/2021\/12\/Ashless-Hookah-Charcoal-1.jpg\" alt=\"Carv\u00e3o para narguil\u00e9 sem cinzas\" class=\"wp-image-1361\" srcset=\"https:\/\/charcoalplant.com\/wp-content\/uploads\/2021\/12\/Ashless-Hookah-Charcoal-1.jpg 720w, https:\/\/charcoalplant.com\/wp-content\/uploads\/2021\/12\/Ashless-Hookah-Charcoal-1-300x225.jpg 300w\" sizes=\"auto, (max-width: 720px) 100vw, 720px\" \/><figcaption class=\"wp-element-caption\">Carv\u00e3o para narguil\u00e9 sem cinzas<\/figcaption><\/figure>    <figure class=\"wp-block-image size-large\"><img loading=\"lazy\" decoding=\"async\" width=\"720\" height=\"540\" data-id=\"1362\" src=\"https:\/\/charcoalplant.com\/wp-content\/uploads\/2021\/12\/Burn-fast-1.jpg\" alt=\"Queime r\u00e1pido\" class=\"wp-image-1362\" srcset=\"https:\/\/charcoalplant.com\/wp-content\/uploads\/2021\/12\/Burn-fast-1.jpg 720w, https:\/\/charcoalplant.com\/wp-content\/uploads\/2021\/12\/Burn-fast-1-300x225.jpg 300w\" sizes=\"auto, (max-width: 720px) 100vw, 720px\" \/><figcaption class=\"wp-element-caption\">Queime r\u00e1pido<\/figcaption><\/figure> <\/figure>","protected":false},"excerpt":{"rendered":"<p>A melhor m\u00e1quina de carv\u00e3o shisha deve ter caracter\u00edsticas de alta press\u00e3o, longa vida \u00fatil e alto valor de aplica\u00e7\u00e3o.<\/p>","protected":false},"author":1,"featured_media":1356,"parent":0,"template":"","tags":[59],"product-type":[44],"class_list":["post-1259","product","type-product","status-publish","has-post-thumbnail","hentry","tag-charcoal-briquetting-machine","product-type-charcoal-briquetting-machine"],"_links":{"self":[{"href":"https:\/\/charcoalplant.com\/pt\/wp-json\/wp\/v2\/product\/1259","targetHints":{"allow":["GET"]}}],"collection":[{"href":"https:\/\/charcoalplant.com\/pt\/wp-json\/wp\/v2\/product"}],"about":[{"href":"https:\/\/charcoalplant.com\/pt\/wp-json\/wp\/v2\/types\/product"}],"author":[{"embeddable":true,"href":"https:\/\/charcoalplant.com\/pt\/wp-json\/wp\/v2\/users\/1"}],"wp:featuredmedia":[{"embeddable":true,"href":"https:\/\/charcoalplant.com\/pt\/wp-json\/wp\/v2\/media\/1356"}],"wp:attachment":[{"href":"https:\/\/charcoalplant.com\/pt\/wp-json\/wp\/v2\/media?parent=1259"}],"wp:term":[{"taxonomy":"post_tag","embeddable":true,"href":"https:\/\/charcoalplant.com\/pt\/wp-json\/wp\/v2\/tags?post=1259"},{"taxonomy":"product-type","embeddable":true,"href":"https:\/\/charcoalplant.com\/pt\/wp-json\/wp\/v2\/product-type?post=1259"}],"curies":[{"name":"wp","href":"https:\/\/api.w.org\/{rel}","templated":true}]}}