{"id":1372,"date":"2021-12-16T07:13:52","date_gmt":"2021-12-16T07:13:52","guid":{"rendered":"https:\/\/charcoalplant.com\/?p=1372"},"modified":"2023-01-07T15:03:10","modified_gmt":"2023-01-07T07:03:10","slug":"shisha-charcoal-production-line","status":"publish","type":"product","link":"https:\/\/charcoalplant.com\/pt\/shisha-charcoal-production-line\/","title":{"rendered":"Linha de produ\u00e7\u00e3o de carv\u00e3o Shisha"},"content":{"rendered":"<div class=\"kk-star-ratings kksr-auto kksr-align-left kksr-valign-top\"     data-payload='{&quot;align&quot;:&quot;left&quot;,&quot;id&quot;:&quot;1372&quot;,&quot;slug&quot;:&quot;default&quot;,&quot;valign&quot;:&quot;top&quot;,&quot;ignore&quot;:&quot;&quot;,&quot;reference&quot;:&quot;auto&quot;,&quot;class&quot;:&quot;&quot;,&quot;count&quot;:&quot;28&quot;,&quot;legendonly&quot;:&quot;&quot;,&quot;readonly&quot;:&quot;&quot;,&quot;score&quot;:&quot;4.7&quot;,&quot;starsonly&quot;:&quot;&quot;,&quot;best&quot;:&quot;5&quot;,&quot;gap&quot;:&quot;5&quot;,&quot;greet&quot;:&quot;Rate this product&quot;,&quot;legend&quot;:&quot;4.7\\\/5 - (28 votes)&quot;,&quot;size&quot;:&quot;24&quot;,&quot;title&quot;:&quot;Shisha Charcoal Production Line&quot;,&quot;width&quot;:&quot;133.8&quot;,&quot;_legend&quot;:&quot;{score}\\\/{best} - ({count} {votes})&quot;,&quot;font_factor&quot;:&quot;1.25&quot;}'>              <div class=\"kksr-stars\">      <div class=\"kksr-stars-inactive\">             <div class=\"kksr-star\" data-star=\"1\" style=\"padding-right: 5px\">               <div class=\"kksr-icon\" style=\"width: 24px; height: 24px;\"><\/div>         <\/div>             <div class=\"kksr-star\" data-star=\"2\" style=\"padding-right: 5px\">               <div class=\"kksr-icon\" style=\"width: 24px; height: 24px;\"><\/div>         <\/div>             <div class=\"kksr-star\" data-star=\"3\" style=\"padding-right: 5px\">               <div class=\"kksr-icon\" style=\"width: 24px; height: 24px;\"><\/div>         <\/div>             <div class=\"kksr-star\" data-star=\"4\" style=\"padding-right: 5px\">               <div class=\"kksr-icon\" style=\"width: 24px; height: 24px;\"><\/div>         <\/div>             <div class=\"kksr-star\" data-star=\"5\" style=\"padding-right: 5px\">               <div class=\"kksr-icon\" style=\"width: 24px; height: 24px;\"><\/div>         <\/div>     <\/div>      <div class=\"kksr-stars-active\" style=\"width: 133.8px;\">             <div class=\"kksr-star\" style=\"padding-right: 5px\">               <div class=\"kksr-icon\" style=\"width: 24px; height: 24px;\"><\/div>         <\/div>             <div class=\"kksr-star\" style=\"padding-right: 5px\">               <div class=\"kksr-icon\" style=\"width: 24px; height: 24px;\"><\/div>         <\/div>             <div class=\"kksr-star\" style=\"padding-right: 5px\">               <div class=\"kksr-icon\" style=\"width: 24px; height: 24px;\"><\/div>         <\/div>             <div class=\"kksr-star\" style=\"padding-right: 5px\">               <div class=\"kksr-icon\" style=\"width: 24px; height: 24px;\"><\/div>         <\/div>             <div class=\"kksr-star\" style=\"padding-right: 5px\">               <div class=\"kksr-icon\" style=\"width: 24px; height: 24px;\"><\/div>         <\/div>     <\/div> <\/div>                   <div class=\"kksr-legend\" style=\"font-size: 19.2px;\">             4.7\/5 - (28 votos)    <\/div>     <\/div>  <p class=\"translation-block\">A <strong>linha de produ\u00e7\u00e3o de carv\u00e3o para shisha<\/strong> \u00e9 um sistema de produ\u00e7\u00e3o de briquetes de carv\u00e3o com uma vasta gama de mat\u00e9rias-primas. Por exemplo, carv\u00e3o de lenha, carv\u00e3o de fruta, carv\u00e3o de casca de arroz, carv\u00e3o de casca de coco, carv\u00e3o de bambu, p\u00f3 de carv\u00e3o, etc. O processo de produ\u00e7\u00e3o geral de carv\u00e3o para shisha inclui principalmente carboniza\u00e7\u00e3o, tritura\u00e7\u00e3o, agita\u00e7\u00e3o, prensagem, secagem e embalagem. O produto final de carv\u00e3o para shisha necessita de ter as caracter\u00edsticas de alta dureza, baixo teor de cinzas e longo tempo de queima. A linha de produ\u00e7\u00e3o de briquetes de carv\u00e3o para shisha \u00e9 um neg\u00f3cio promissor para muitos clientes envolvidos na produ\u00e7\u00e3o de carv\u00e3o. Portanto, \u00e9 um projeto de alta taxa de retorno. Bem-vindo ao contactar-nos para mais informa\u00e7\u00f5es, e oferecer-lhe-emos um desconto.<\/p>    <figure class=\"wp-block-image aligncenter size-full\"><img loading=\"lazy\" decoding=\"async\" width=\"720\" height=\"540\" src=\"https:\/\/charcoalplant.com\/wp-content\/uploads\/2021\/12\/shisha-charcoal-production-line-for-sale-1.jpg\" alt=\"linha de produ\u00e7\u00e3o de carv\u00e3o shisha para venda\" class=\"wp-image-1386\" srcset=\"https:\/\/charcoalplant.com\/wp-content\/uploads\/2021\/12\/shisha-charcoal-production-line-for-sale-1.jpg 720w, https:\/\/charcoalplant.com\/wp-content\/uploads\/2021\/12\/shisha-charcoal-production-line-for-sale-1-300x225.jpg 300w\" sizes=\"auto, (max-width: 720px) 100vw, 720px\" \/><figcaption class=\"wp-element-caption\">linha de produ\u00e7\u00e3o de carv\u00e3o shisha para venda<\/figcaption><\/figure>    <h2 class=\"wp-block-heading\"><strong>Mat\u00e9rias-primas para linha de produ\u00e7\u00e3o de carv\u00e3o para narguil\u00e9<\/strong><\/h2>    <p>Todos os tipos de carv\u00e3o podem ser usados \u200b\u200bcomo mat\u00e9ria-prima para o carv\u00e3o para narguil\u00e9. No entanto, os clientes em geral escolhem as seguintes mat\u00e9rias-primas para fazer carv\u00e3o para narguil\u00e9 de alta qualidade. Por exemplo, carv\u00e3o de casca de coco, carv\u00e3o de casca de arroz, carv\u00e3o de casca de palma, carv\u00e3o duro, carv\u00e3o de frutas, carv\u00e3o de bambu, etc. Este carv\u00e3o de madeira tem as caracter\u00edsticas de alto teor de carbono, boa cor e poucas impurezas. Portanto, o briquete de carv\u00e3o shisha feito com eles tamb\u00e9m \u00e9 muito popular no mercado.<\/p>    <figure class=\"wp-block-image aligncenter size-full is-resized\"><img loading=\"lazy\" decoding=\"async\" src=\"https:\/\/charcoalplant.com\/wp-content\/uploads\/2022\/03\/raw-materials-of-shisha-charcoal-production-line-.jpg\" alt=\"linha de produ\u00e7\u00e3o de carv\u00e3o de shisha\" class=\"wp-image-2737\" width=\"652\" height=\"489\"\/><figcaption class=\"wp-element-caption\">linha de produ\u00e7\u00e3o de carv\u00e3o de shisha<\/figcaption><\/figure>    <h2 class=\"wp-block-heading\" id=\"h-shisha-charcoal-production-line-process\"><strong>Processo de linha de produ\u00e7\u00e3o de carv\u00e3o Shisha<\/strong><\/h2>    <p class=\"translation-block\">Um processo de produ\u00e7\u00e3o completo da linha de produ\u00e7\u00e3o de carv\u00e3o para shisha tem as seguintes etapas: <strong>carboniza\u00e7\u00e3o\u2192tritura\u00e7\u00e3o\u2192mistura\u2192prensagem\u2192secagem\u2192embalagem<\/strong>. <\/p>    <p class=\"translation-block\">Geralmente, o processo de produ\u00e7\u00e3o de carv\u00e3o para shisha envolve um <a href=\"https:\/\/charcoalplant.com\/pt\/rotary-carbonization-furnace\/\"><strong>forno de carboniza\u00e7\u00e3o<\/strong><\/a>, um moinho de martelo, um misturador triturador de carv\u00e3o, uma m\u00e1quina de prensagem de carv\u00e3o para shisha, um secador, uma <a href=\"https:\/\/charcoalplant.com\/pt\/product\/briquettes-packing-machine\/\">m\u00e1quina de embalagem<\/a> e outros equipamentos.<\/p>    <h2 class=\"wp-block-heading\" id=\"h-shisha-charcoal-related-equipment\"><strong>Parte principal de<\/strong> <strong>linha de fabrica\u00e7\u00e3o de carv\u00e3o shisha<\/strong> <\/h2>    <p>Uma linha de produ\u00e7\u00e3o de carv\u00e3o shisha \u00e9 uma s\u00e9rie de m\u00e1quinas e equipamentos usados \u200b\u200bpara fabricar carv\u00e3o shisha, tamb\u00e9m conhecido como carv\u00e3o para narguil\u00e9 ou carv\u00e3o para narguil\u00e9. O carv\u00e3o shisha \u00e9 um tipo de carv\u00e3o projetado especificamente para uso em cachimbos de shisha, que s\u00e3o cachimbos de \u00e1gua usados \u200b\u200bpara fumar tabaco aromatizado. Aqui est\u00e3o as principais partes da linha de fabrica\u00e7\u00e3o de carv\u00e3o shisha. <\/p>    <div class=\"wp-block-media-text is-stacked-on-mobile is-vertically-aligned-center has-background\" style=\"background-color:#f1f1f1;grid-template-columns:48% auto\"><figure class=\"wp-block-media-text__media\"><img loading=\"lazy\" decoding=\"async\" width=\"720\" height=\"540\" src=\"https:\/\/charcoalplant.com\/wp-content\/uploads\/2022\/02\/new-charcoal-machine-factory.jpg\" alt=\"nova f\u00e1brica de m\u00e1quinas de carv\u00e3o\" class=\"wp-image-2306 size-full\"\/><\/figure><div class=\"wp-block-media-text__content\"> <h3 class=\"wp-block-heading\" id=\"block-2c7ba278-a6f5-4a83-aca8-8584a0673829\"><strong>Forno de carboniza\u00e7\u00e3o cont\u00ednua (carboniza\u00e7\u00e3o)<\/strong><\/h3>    <p id=\"block-6ef1ff9c-a213-47d7-bdd4-b264e16dcff5\" class=\"translation-block\">Tem uma vasta gama de mat\u00e9rias-primas. Geralmente \u00e9 um material pequeno e leve. Por exemplo, serradura, casca de arroz, aparas de madeira, etc. Portanto, os pellets de madeira podem ser carbonizados diretamente. Como o carv\u00e3o para shisha tem requisitos elevados para a finura das mat\u00e9rias-primas. Portanto, recomendamos que utilize um <a href=\"https:\/\/charcoalplant.com\/pt\/product\/charcoal-raymond-mill\/\"><strong>moinho Raymond<\/strong><\/a>. Pode moer o p\u00f3 de carv\u00e3o at\u00e9 80 mesh.<\/p> <\/div><\/div>    <p><\/p>    <div class=\"wp-block-media-text is-stacked-on-mobile has-background\" style=\"background-color:#f1f1f1;grid-template-columns:48% auto\"><figure class=\"wp-block-media-text__media\"><img loading=\"lazy\" decoding=\"async\" width=\"720\" height=\"540\" src=\"https:\/\/charcoalplant.com\/wp-content\/uploads\/2021\/11\/industrail-hammer-mill-2-1.jpg\" alt=\"Moinho de martelo\" class=\"wp-image-919 size-full\" srcset=\"https:\/\/charcoalplant.com\/wp-content\/uploads\/2021\/11\/industrail-hammer-mill-2-1.jpg 720w, https:\/\/charcoalplant.com\/wp-content\/uploads\/2021\/11\/industrail-hammer-mill-2-1-300x225.jpg 300w\" sizes=\"auto, (max-width: 720px) 100vw, 720px\" \/><\/figure><div class=\"wp-block-media-text__content\"> <h3 class=\"wp-block-heading\" id=\"block-d292d0f5-cd4e-460c-a827-1f42d17438d1\"><strong><a href=\"https:\/\/charcoalplant.com\/pt\/hammer-mill\/\">Moinho de martelo (tritura\u00e7\u00e3o)<\/a><\/strong><\/h3>    <p id=\"block-248dfed8-ba5f-451a-aefc-b794e1a41cf5\">Se sua mat\u00e9ria-prima for madeira frut\u00edfera, madeira nobre, etc., voc\u00ea precisar\u00e1 usar um forno de carboniza\u00e7\u00e3o vertical para carboniza\u00e7\u00e3o. Em seguida, use um triturador de carv\u00e3o para triturar o carv\u00e3o at\u00e9 formar um p\u00f3 fino de carv\u00e3o de 1 mm.<\/p> <\/div><\/div>    <p><\/p>    <div class=\"wp-block-media-text is-stacked-on-mobile has-background\" style=\"background-color:#f1f1f1;grid-template-columns:48% auto\"><figure class=\"wp-block-media-text__media\"><img loading=\"lazy\" decoding=\"async\" width=\"720\" height=\"540\" src=\"https:\/\/charcoalplant.com\/wp-content\/uploads\/2021\/12\/charcoal-powder-mixer-plant-2.jpg\" alt=\"planta misturadora de carv\u00e3o em p\u00f3\" class=\"wp-image-1534 size-full\" srcset=\"https:\/\/charcoalplant.com\/wp-content\/uploads\/2021\/12\/charcoal-powder-mixer-plant-2.jpg 720w, https:\/\/charcoalplant.com\/wp-content\/uploads\/2021\/12\/charcoal-powder-mixer-plant-2-300x225.jpg 300w\" sizes=\"auto, (max-width: 720px) 100vw, 720px\" \/><\/figure><div class=\"wp-block-media-text__content\"> <h3 class=\"wp-block-heading\" id=\"block-c92140a9-62a6-4cf3-8824-1532a0770896\"><strong>Misturador moedor de carv\u00e3o\u00a0(mistura)<\/strong><\/h3>    <p id=\"block-46af9a7d-8508-4f71-b7f5-05e660d85bc9\">Sua fun\u00e7\u00e3o \u00e9 misturar totalmente o p\u00f3 de carv\u00e3o e o ligante. O material pode ser descarregado pelo fundo, o que \u00e9 muito conveniente. Voc\u00ea tamb\u00e9m pode us\u00e1-lo com um tanque de mistura para preparar a propor\u00e7\u00e3o do adesivo com anteced\u00eancia.<\/p> <\/div><\/div>    <p><\/p>    <div class=\"wp-block-media-text is-stacked-on-mobile has-background\" style=\"background-color:#f1f1f1;grid-template-columns:48% auto\"><figure class=\"wp-block-media-text__media\"><img loading=\"lazy\" decoding=\"async\" width=\"720\" height=\"540\" src=\"https:\/\/charcoalplant.com\/wp-content\/uploads\/2021\/12\/best-shisha-charcoal-machine-supplier-1.jpg\" alt=\"melhor fornecedor de m\u00e1quina de carv\u00e3o shisha\" class=\"wp-image-1356 size-full\" srcset=\"https:\/\/charcoalplant.com\/wp-content\/uploads\/2021\/12\/best-shisha-charcoal-machine-supplier-1.jpg 720w, https:\/\/charcoalplant.com\/wp-content\/uploads\/2021\/12\/best-shisha-charcoal-machine-supplier-1-300x225.jpg 300w\" sizes=\"auto, (max-width: 720px) 100vw, 720px\" \/><\/figure><div class=\"wp-block-media-text__content\"> <h3 class=\"wp-block-heading\" id=\"block-7ccae6f1-09f7-4c54-9576-31aa2cd1a410\"><strong>Prensa para comprimidos de carv\u00e3o Shisha (comprimidos)<\/strong><\/h3>    <p id=\"block-8f4b98f8-4c55-42cf-a94c-1811b4f5a15a\">Temos tr\u00eas tipos de m\u00e1quinas de comprimidos de carv\u00e3o shisha para voc\u00ea escolher. Eles s\u00e3o uma prensa mec\u00e2nica para comprimidos de carv\u00e3o para narguil\u00e9, uma prensa hidr\u00e1ulica para comprimidos de carv\u00e3o para narguil\u00e9 e uma m\u00e1quina para comprimidos de carv\u00e3o para narguil\u00e9 de a\u00e7o inoxid\u00e1vel. Voc\u00ea pode\u00a0selecion\u00e1-los\u00a0de acordo com o tamanho da sa\u00edda.<\/p> <\/div><\/div>    <p><\/p>    <div class=\"wp-block-media-text is-stacked-on-mobile has-background\" style=\"background-color:#f1f1f1\"><figure class=\"wp-block-media-text__media\"><img loading=\"lazy\" decoding=\"async\" width=\"720\" height=\"540\" src=\"https:\/\/charcoalplant.com\/wp-content\/uploads\/2021\/12\/shaisha-charcoal-drying-room-1.jpg\" alt=\"sala de secagem de carv\u00e3o shaisha\" class=\"wp-image-1492 size-full\" srcset=\"https:\/\/charcoalplant.com\/wp-content\/uploads\/2021\/12\/shaisha-charcoal-drying-room-1.jpg 720w, https:\/\/charcoalplant.com\/wp-content\/uploads\/2021\/12\/shaisha-charcoal-drying-room-1-300x225.jpg 300w\" sizes=\"auto, (max-width: 720px) 100vw, 720px\" \/><\/figure><div class=\"wp-block-media-text__content\"> <h3 class=\"wp-block-heading\" id=\"block-ddcdd883-b2de-428f-834b-2ecafea7ab3e\"><strong><a href=\"https:\/\/charcoalplant.com\/pt\/drying-machine\/charcoal-briquette-dryer\/\">Sala de secagem (secagem)<\/a><\/strong><\/h3>    <p id=\"block-004ea219-d813-4bb7-98e8-26221c9011cb\" class=\"translation-block\">O teor de \u00e1gua do carv\u00e3o para shisha acabado de fazer \u00e9 demasiado elevado para cumprir o padr\u00e3o de utiliza\u00e7\u00e3o. Portanto, \u00e9 necess\u00e1rio secar. Aqui est\u00e1 a <a href=\"https:\/\/charcoalplant.com\/pt\/info\/what-dryer-should-i-use-for-hookah-charcoal\/\"><strong>estufa de secagem<\/strong><\/a>. \u00c9 um equipamento de secagem simples e pr\u00e1tico. Temos tamb\u00e9m secadores de esteira de malha para escolher.<\/p> <\/div><\/div>    <p><\/p>    <h2 class=\"wp-block-heading\"><strong>M\u00e1quina de embalagem de briquete de narguil\u00e9 <\/strong><\/h2>    <p class=\"translation-block\">Para carv\u00e3o redondo para shisha, recomendamos que escolha uma <a href=\"https:\/\/charcoalplant.com\/pt\/briquettes-packing-machine\/charcoal-briquettes-packing-machine\/\"><strong>m\u00e1quina de embalagem tipo almofada<\/strong><\/a>. Inclui uma \u00e1rea de transporte e uma \u00e1rea de manuseamento de materiais. Se tiver m\u00e3o de obra suficiente, pode tamb\u00e9m escolher apenas a m\u00e1quina de embalagem. Para sacos de embalagem, podemos fornecer fabricantes de design para conceber padr\u00f5es, textos e outras informa\u00e7\u00f5es. Para carv\u00e3o quadrado para shisha, recomendamos que utilize uma m\u00e1quina de embalagem quantitativa.<\/p>    <figure class=\"wp-block-gallery has-nested-images columns-default is-cropped wp-block-gallery-2 is-layout-flex wp-block-gallery-is-layout-flex\"> <figure class=\"wp-block-image size-large\"><a href=\"https:\/\/tianhuipackingmachine.com\/shisha-charcoal-packing-machine\/\" target=\"_blank\" rel=\"noopener\"><img loading=\"lazy\" decoding=\"async\" width=\"720\" height=\"540\" data-id=\"1398\" src=\"https:\/\/charcoalplant.com\/wp-content\/uploads\/2021\/12\/shisha-briket-packing-machine-1.jpg\" alt=\"m\u00e1quina de embalar shisha-briket\" class=\"wp-image-1398\" srcset=\"https:\/\/charcoalplant.com\/wp-content\/uploads\/2021\/12\/shisha-briket-packing-machine-1.jpg 720w, https:\/\/charcoalplant.com\/wp-content\/uploads\/2021\/12\/shisha-briket-packing-machine-1-300x225.jpg 300w\" sizes=\"auto, (max-width: 720px) 100vw, 720px\" \/><\/a><figcaption class=\"wp-element-caption\">m\u00e1quina de embalar shisha-briket<\/figcaption><\/figure>    <figure class=\"wp-block-image size-large\"><img loading=\"lazy\" decoding=\"async\" width=\"720\" height=\"540\" data-id=\"1431\" src=\"https:\/\/charcoalplant.com\/wp-content\/uploads\/2021\/12\/shisha-charcoal-production-line-1-1.jpg\" alt=\"linha de produ\u00e7\u00e3o de carv\u00e3o shisha\" class=\"wp-image-1431\" srcset=\"https:\/\/charcoalplant.com\/wp-content\/uploads\/2021\/12\/shisha-charcoal-production-line-1-1.jpg 720w, https:\/\/charcoalplant.com\/wp-content\/uploads\/2021\/12\/shisha-charcoal-production-line-1-1-300x225.jpg 300w\" sizes=\"auto, (max-width: 720px) 100vw, 720px\" \/><figcaption class=\"wp-element-caption\">linha de produ\u00e7\u00e3o de carv\u00e3o shisha<\/figcaption><\/figure> <\/figure>    <h2 class=\"wp-block-heading\" id=\"h-hookah-charcoal-project-line-hopper\"><strong>Funil de linha de projeto de carv\u00e3o para narguil\u00e9<\/strong><\/h2>    <p>A linha de produ\u00e7\u00e3o de carv\u00e3o shisha \u00e9 geralmente equipada com v\u00e1rios funis funcionais, que s\u00e3o usados \u200b\u200bprincipalmente para armazenar materiais.<\/p>    <p class=\"translation-block\"><strong>Caixa de armazenamento de p\u00f3 de carv\u00e3o<\/strong><\/p>    <p>Geralmente \u00e9 colocado na frente do misturador de carv\u00e3o em p\u00f3 para armazenar os materiais preparados e desempenhar um papel no tamponamento do processo de produ\u00e7\u00e3o.<\/p>    <p class=\"translation-block\"><strong>Distribuidor de p\u00f3 de carv\u00e3o<\/strong><\/p>    <p>Geralmente \u00e9 colocado na frente da prensa de carv\u00e3o para narguil\u00e9 para armazenar o p\u00f3 de carv\u00e3o processado. Al\u00e9m disso, possui uma variedade de especifica\u00e7\u00f5es. Portanto, ele pode atender aos requisitos de trabalho de v\u00e1rias prensas de comprimidos de carv\u00e3o para narguil\u00e9.<\/p>    <figure class=\"wp-block-gallery has-nested-images columns-default is-cropped wp-block-gallery-3 is-layout-flex wp-block-gallery-is-layout-flex\"> <figure class=\"wp-block-image size-large\"><img loading=\"lazy\" decoding=\"async\" width=\"720\" height=\"540\" data-id=\"1434\" src=\"https:\/\/charcoalplant.com\/wp-content\/uploads\/2021\/12\/storage-bin-1.jpg\" alt=\"compartimento de armazenamento\" class=\"wp-image-1434\" srcset=\"https:\/\/charcoalplant.com\/wp-content\/uploads\/2021\/12\/storage-bin-1.jpg 720w, https:\/\/charcoalplant.com\/wp-content\/uploads\/2021\/12\/storage-bin-1-300x225.jpg 300w\" sizes=\"auto, (max-width: 720px) 100vw, 720px\" \/><figcaption class=\"wp-element-caption\">compartimento de armazenamento<\/figcaption><\/figure>    <figure class=\"wp-block-image size-large\"><img loading=\"lazy\" decoding=\"async\" width=\"720\" height=\"540\" data-id=\"1432\" src=\"https:\/\/charcoalplant.com\/wp-content\/uploads\/2021\/12\/charcoal-dust-distributor-1-1.jpg\" alt=\"distribuidor de p\u00f3 de carv\u00e3o\" class=\"wp-image-1432\" srcset=\"https:\/\/charcoalplant.com\/wp-content\/uploads\/2021\/12\/charcoal-dust-distributor-1-1.jpg 720w, https:\/\/charcoalplant.com\/wp-content\/uploads\/2021\/12\/charcoal-dust-distributor-1-1-300x225.jpg 300w\" sizes=\"auto, (max-width: 720px) 100vw, 720px\" \/><figcaption class=\"wp-element-caption\">distribuidor de p\u00f3 de carv\u00e3o<\/figcaption><\/figure> <\/figure>    <h2 class=\"wp-block-heading\"><strong>Vantagens da m\u00e1quina de fazer carv\u00e3o Shuliy shisha<\/strong><\/h2>    <ul class=\"wp-block-list\"> <li>Somos fabricantes de linhas de projetos de carv\u00e3o shisha com mais de 10 anos de experi\u00eancia.<\/li>    <li>Fabricamos todos os tipos de equipamentos profissionais de produ\u00e7\u00e3o de carv\u00e3o para narguil\u00e9. Como forno de carboniza\u00e7\u00e3o, pulverizador de carv\u00e3o, moinho Raymond, m\u00e1quina formadora de carv\u00e3o para narguil\u00e9, etc.<\/li>    <li>Oferecemos aos clientes diferentes solu\u00e7\u00f5es de produ\u00e7\u00e3o de acordo com suas necessidades espec\u00edficas de mat\u00e9ria-prima e produ\u00e7\u00e3o.<\/li>    <li>Nossa f\u00e1brica pode fornecer aos clientes pe\u00e7as de reposi\u00e7\u00e3o originais a qualquer momento.<\/li>    <li>Oferecemos aos clientes servi\u00e7os gratuitos de instala\u00e7\u00e3o e comissionamento.<\/li> <\/ul>    <h2 class=\"wp-block-heading\">V\u00eddeo de feedback do nosso cliente da linha de produ\u00e7\u00e3o de carv\u00e3o shisha da Indon\u00e9sia<\/h2>    <figure class=\"wp-block-embed is-type-video is-provider-youtube wp-block-embed-youtube wp-embed-aspect-16-9 wp-has-aspect-ratio\"><div class=\"wp-block-embed__wrapper\"> <iframe loading=\"lazy\" title=\"Grande sucesso! V\u00eddeo de feedback de nosso cliente da linha de produ\u00e7\u00e3o de carv\u00e3o Shisha da Indon\u00e9sia.\" width=\"500\" height=\"281\" src=\"https:\/\/www.youtube.com\/embed\/y8KqVzqN32A?feature=oembed\" frameborder=\"0\" allow=\"accelerometer; autoplay; clipboard-write; encrypted-media; gyroscope; picture-in-picture; web-share\" referrerpolicy=\"strict-origin-when-cross-origin\" allowfullscreen><\/iframe> <\/div><\/figure>    <h2 class=\"wp-block-heading\" id=\"h-how-to-choose-shisha-charcoal-tablet-equipment\"><strong>Como escolher o equipamento para comprimidos de carv\u00e3o shisha?<\/strong><\/h2>    <p>Se sua mat\u00e9ria-prima for p\u00f3 de carv\u00e3o, voc\u00ea pode escolher diretamente um misturador de p\u00f3 de carv\u00e3o para processar o p\u00f3 de carv\u00e3o para a produ\u00e7\u00e3o de carv\u00e3o para narguil\u00e9.<br>Se voc\u00ea \u00e9 um fabricante experiente de carv\u00e3o para narguil\u00e9 e precisa de produ\u00e7\u00e3o de alto volume e alta qualidade, recomendamos que voc\u00ea escolha uma m\u00e1quina de carv\u00e3o hubbly de a\u00e7o inoxid\u00e1vel ou uma prensa rotativa para comprimidos. Porque as duas prensas para comprimidos de carv\u00e3o shisha usam tecnologia CNC. Portanto, s\u00e3o dois tipos de equipamentos que podem realizar uma produ\u00e7\u00e3o altamente automatizada. Al\u00e9m disso, s\u00e3o menos propensos a danos e f\u00e1ceis de ajustar.<\/p>    <figure class=\"wp-block-gallery has-nested-images columns-default is-cropped wp-block-gallery-4 is-layout-flex wp-block-gallery-is-layout-flex\"> <figure class=\"wp-block-image size-full\"><img loading=\"lazy\" decoding=\"async\" width=\"720\" height=\"540\" data-id=\"1918\" src=\"https:\/\/charcoalplant.com\/wp-content\/uploads\/2022\/01\/rotary-tablet-press-plant-tuya_\u7ed3\u679c.jpg\" alt=\"planta de prensa rotativa para narguil\u00e9\" class=\"wp-image-1918\"\/><figcaption class=\"wp-element-caption\">planta de prensa rotativa para narguil\u00e9<\/figcaption><\/figure>    <figure class=\"wp-block-image size-large\"><img loading=\"lazy\" decoding=\"async\" width=\"720\" height=\"540\" data-id=\"2742\" src=\"https:\/\/charcoalplant.com\/wp-content\/uploads\/2022\/03\/PLC.jpg\" alt=\"CLP\" class=\"wp-image-2742\"\/><figcaption class=\"wp-element-caption\">CLP<\/figcaption><\/figure> <\/figure>    <h2 class=\"wp-block-heading\"><strong>Como fazer carv\u00e3o shisha de alta qualidade<\/strong><strong>?<\/strong><strong><\/strong><\/h2>    <p>Se voc\u00ea deseja fazer carv\u00e3o shisha de alta qualidade, primeiro voc\u00ea deve entender as caracter\u00edsticas do carv\u00e3o shisha de alta qualidade. Segundo a investiga\u00e7\u00e3o, os compactos de carv\u00e3o vegetal de alta qualidade aos olhos dos \u00e1rabes t\u00eam as seguintes caracter\u00edsticas: <\/p>    <p>1. Os peda\u00e7os de carv\u00e3o do narguil\u00e9 s\u00e3o acesos em 1 minuto. <\/p>    <p>2. Um peda\u00e7o de carv\u00e3o para narguil\u00e9 pode ser queimado por pelo menos 1 hora. <\/p>    <p>3. O carv\u00e3o shisha queimado \u00e9 irregular.<\/p>    <p>4. Nenhuma fuma\u00e7a \u00e9 produzida durante a combust\u00e3o. <\/p>    <p>5. Nenhum cheiro peculiar ao queimar. <\/p>    <p>Para atender \u00e0s condi\u00e7\u00f5es acima, voc\u00ea deve primeiro escolher boas mat\u00e9rias-primas. Por exemplo, carv\u00e3o de casca de coco. Em segundo lugar, a sele\u00e7\u00e3o e propor\u00e7\u00e3o de adesivos no processo de produ\u00e7\u00e3o tamb\u00e9m s\u00e3o muito importantes. Finalmente, quanto maior a tonelagem da briquetadeira de carv\u00e3o, melhor.<\/p>    <figure class=\"wp-block-image aligncenter size-full\"><img loading=\"lazy\" decoding=\"async\" width=\"720\" height=\"540\" src=\"https:\/\/charcoalplant.com\/wp-content\/uploads\/2022\/03\/hookah-briquette-manufacturer.jpg\" alt=\"fabricante de briquete de narguil\u00e9\" class=\"wp-image-2740\"\/><\/figure>","protected":false},"excerpt":{"rendered":"<p>A linha de produ\u00e7\u00e3o de carv\u00e3o Shisha \u00e9 um equipamento de produ\u00e7\u00e3o com baixo investimento e alto retorno.  O carv\u00e3o para narguil\u00e9 tamb\u00e9m \u00e9 um combust\u00edvel popular hoje em dia.<\/p>","protected":false},"author":1,"featured_media":1386,"parent":0,"template":"","tags":[59],"product-type":[53],"class_list":["post-1372","product","type-product","status-publish","has-post-thumbnail","hentry","tag-charcoal-briquetting-machine","product-type-product-line"],"_links":{"self":[{"href":"https:\/\/charcoalplant.com\/pt\/wp-json\/wp\/v2\/product\/1372","targetHints":{"allow":["GET"]}}],"collection":[{"href":"https:\/\/charcoalplant.com\/pt\/wp-json\/wp\/v2\/product"}],"about":[{"href":"https:\/\/charcoalplant.com\/pt\/wp-json\/wp\/v2\/types\/product"}],"author":[{"embeddable":true,"href":"https:\/\/charcoalplant.com\/pt\/wp-json\/wp\/v2\/users\/1"}],"wp:featuredmedia":[{"embeddable":true,"href":"https:\/\/charcoalplant.com\/pt\/wp-json\/wp\/v2\/media\/1386"}],"wp:attachment":[{"href":"https:\/\/charcoalplant.com\/pt\/wp-json\/wp\/v2\/media?parent=1372"}],"wp:term":[{"taxonomy":"post_tag","embeddable":true,"href":"https:\/\/charcoalplant.com\/pt\/wp-json\/wp\/v2\/tags?post=1372"},{"taxonomy":"product-type","embeddable":true,"href":"https:\/\/charcoalplant.com\/pt\/wp-json\/wp\/v2\/product-type?post=1372"}],"curies":[{"name":"wp","href":"https:\/\/api.w.org\/{rel}","templated":true}]}}