{"id":1439,"date":"2021-12-20T07:47:23","date_gmt":"2021-12-20T07:47:23","guid":{"rendered":"https:\/\/charcoalplant.com\/?p=1439"},"modified":"2023-01-10T09:51:39","modified_gmt":"2023-01-10T01:51:39","slug":"coal-briquettes-production-line","status":"publish","type":"product","link":"https:\/\/charcoalplant.com\/pt\/coal-briquettes-production-line\/","title":{"rendered":"Linha de produ\u00e7\u00e3o de briquetes de carv\u00e3o"},"content":{"rendered":"<div class=\"kk-star-ratings kksr-auto kksr-align-left kksr-valign-top\"     data-payload='{&quot;align&quot;:&quot;left&quot;,&quot;id&quot;:&quot;1439&quot;,&quot;slug&quot;:&quot;default&quot;,&quot;valign&quot;:&quot;top&quot;,&quot;ignore&quot;:&quot;&quot;,&quot;reference&quot;:&quot;auto&quot;,&quot;class&quot;:&quot;&quot;,&quot;count&quot;:&quot;20&quot;,&quot;legendonly&quot;:&quot;&quot;,&quot;readonly&quot;:&quot;&quot;,&quot;score&quot;:&quot;4.6&quot;,&quot;starsonly&quot;:&quot;&quot;,&quot;best&quot;:&quot;5&quot;,&quot;gap&quot;:&quot;5&quot;,&quot;greet&quot;:&quot;Rate this product&quot;,&quot;legend&quot;:&quot;4.6\\\/5 - (20 votes)&quot;,&quot;size&quot;:&quot;24&quot;,&quot;title&quot;:&quot;Coal Briquettes Production Line&quot;,&quot;width&quot;:&quot;130.9&quot;,&quot;_legend&quot;:&quot;{score}\\\/{best} - ({count} {votes})&quot;,&quot;font_factor&quot;:&quot;1.25&quot;}'>              <div class=\"kksr-stars\">      <div class=\"kksr-stars-inactive\">             <div class=\"kksr-star\" data-star=\"1\" style=\"padding-right: 5px\">               <div class=\"kksr-icon\" style=\"width: 24px; height: 24px;\"><\/div>         <\/div>             <div class=\"kksr-star\" data-star=\"2\" style=\"padding-right: 5px\">               <div class=\"kksr-icon\" style=\"width: 24px; height: 24px;\"><\/div>         <\/div>             <div class=\"kksr-star\" data-star=\"3\" style=\"padding-right: 5px\">               <div class=\"kksr-icon\" style=\"width: 24px; height: 24px;\"><\/div>         <\/div>             <div class=\"kksr-star\" data-star=\"4\" style=\"padding-right: 5px\">               <div class=\"kksr-icon\" style=\"width: 24px; height: 24px;\"><\/div>         <\/div>             <div class=\"kksr-star\" data-star=\"5\" style=\"padding-right: 5px\">               <div class=\"kksr-icon\" style=\"width: 24px; height: 24px;\"><\/div>         <\/div>     <\/div>      <div class=\"kksr-stars-active\" style=\"width: 130.9px;\">             <div class=\"kksr-star\" style=\"padding-right: 5px\">               <div class=\"kksr-icon\" style=\"width: 24px; height: 24px;\"><\/div>         <\/div>             <div class=\"kksr-star\" style=\"padding-right: 5px\">               <div class=\"kksr-icon\" style=\"width: 24px; height: 24px;\"><\/div>         <\/div>             <div class=\"kksr-star\" style=\"padding-right: 5px\">               <div class=\"kksr-icon\" style=\"width: 24px; height: 24px;\"><\/div>         <\/div>             <div class=\"kksr-star\" style=\"padding-right: 5px\">               <div class=\"kksr-icon\" style=\"width: 24px; height: 24px;\"><\/div>         <\/div>             <div class=\"kksr-star\" style=\"padding-right: 5px\">               <div class=\"kksr-icon\" style=\"width: 24px; height: 24px;\"><\/div>         <\/div>     <\/div> <\/div>                   <div class=\"kksr-legend\" style=\"font-size: 19.2px;\">             4.6\/5 - (20 votos)    <\/div>     <\/div>  <p class=\"translation-block\"><strong>Linha de produ\u00e7\u00e3o de briquetes de carv\u00e3o<\/strong> usa carv\u00e3o como mat\u00e9ria-prima para produzir briquetes, carv\u00e3o em bast\u00f5es e outros produtos acabados. O briquete de carv\u00e3o em p\u00f3 possui as caracter\u00edsticas de n\u00e3o poluente, tempo de queima longo e grande procura no mercado. E a m\u00e1quina de briquetagem de carv\u00e3o \u00e9 o equipamento central na <strong><a href=\"https:\/\/charcoalplant.com\/pt\/bbq-coal-production-line\/\">linha de produ\u00e7\u00e3o de briquete de carv\u00e3o BBQ<\/a><\/strong>. A nossa f\u00e1brica oferece servi\u00e7o sob medida de moldes e pe\u00e7as de reposi\u00e7\u00e3o da m\u00e1quina. Por favor, informe-nos da sua inten\u00e7\u00e3o de compra. Al\u00e9m disso, a Shuliy fornecer-lhe-\u00e1 servi\u00e7os comerciais de alta qualidade.<\/p>    <figure class=\"wp-block-image aligncenter size-full\"><img loading=\"lazy\" decoding=\"async\" width=\"720\" height=\"540\" src=\"https:\/\/charcoalplant.com\/wp-content\/uploads\/2021\/12\/coal-briquettes-production-line-for-sale-1-1.jpg\" alt=\"linha de produ\u00e7\u00e3o de briquetes de carv\u00e3o para venda\" class=\"wp-image-1440\" srcset=\"https:\/\/charcoalplant.com\/wp-content\/uploads\/2021\/12\/coal-briquettes-production-line-for-sale-1-1.jpg 720w, https:\/\/charcoalplant.com\/wp-content\/uploads\/2021\/12\/coal-briquettes-production-line-for-sale-1-1-300x225.jpg 300w\" sizes=\"auto, (max-width: 720px) 100vw, 720px\" \/><figcaption class=\"wp-element-caption\">linha de produ\u00e7\u00e3o de briquetes de carv\u00e3o para venda<\/figcaption><\/figure>    <h2 class=\"wp-block-heading\"><strong>Fluxo de trabalho da linha de produ\u00e7\u00e3o de briquetes de carv\u00e3o<\/strong><\/h2>    <p>A primeira etapa na opera\u00e7\u00e3o do projeto de briquetes de carv\u00e3o \u00e9 usar um triturador composto de carv\u00e3o para pulverizar o carv\u00e3o em p\u00f3. Em segundo lugar, use um misturador de eixo duplo para misturar uniformemente o p\u00f3 de carv\u00e3o e o aglutinante. A terceira etapa \u00e9 transportar o carv\u00e3o misturado pulverizado at\u00e9 o silo para armazenamento. A quarta etapa \u00e9 transportar o carv\u00e3o pulverizado do silo at\u00e9 a m\u00e1quina de briquetagem de carv\u00e3o para fazer briquetes. A quinta etapa \u00e9 usar equipamento de secagem para secar o tijolo de carv\u00e3o. Por fim, embale os briquetes secos em embalagens pl\u00e1sticas.<\/p>    <div class=\"wp-block-columns is-layout-flex wp-container-core-columns-is-layout-28f84493 wp-block-columns-is-layout-flex\"> <div class=\"wp-block-column is-layout-flow wp-block-column-is-layout-flow\"> <figure class=\"wp-block-image size-full\"><img loading=\"lazy\" decoding=\"async\" width=\"720\" height=\"540\" src=\"https:\/\/charcoalplant.com\/wp-content\/uploads\/2022\/01\/coal.jpg\" alt=\"carv\u00e3o\" class=\"wp-image-1980\"\/><figcaption class=\"wp-element-caption\">carv\u00e3o<\/figcaption><\/figure> <\/div>    <div class=\"wp-block-column is-layout-flow wp-block-column-is-layout-flow\"> <figure class=\"wp-block-image size-full\"><img loading=\"lazy\" decoding=\"async\" width=\"720\" height=\"540\" src=\"https:\/\/charcoalplant.com\/wp-content\/uploads\/2021\/12\/coal-briquette-plant.jpg\" alt=\"briquete de carv\u00e3o \" class=\"wp-image-2908\"\/><figcaption class=\"wp-element-caption\">briquete de carv\u00e3o <\/figcaption><\/figure> <\/div> <\/div>    <h2 class=\"wp-block-heading\"><strong>Estrutura da fabrica\u00e7\u00e3o de briquetes de carv\u00e3o <\/strong>plantar<\/h2>    <p class=\"translation-block\">A linha de produ\u00e7\u00e3o de briquetes de carv\u00e3o \u00e9 relativamente simples em estrutura. Portanto, requer menos equipamentos. A mat\u00e9ria-prima necess\u00e1ria para a linha de produ\u00e7\u00e3o de briquetes \u00e9 principalmente carv\u00e3o. Sua mat\u00e9ria-prima tamb\u00e9m pode ser carv\u00e3o vegetal. O processo de utiliza\u00e7\u00e3o do carv\u00e3o como mat\u00e9ria-prima para produzir briquete \u00e9 <strong>carv\u00e3o<\/strong> <strong>moagem \u2192 mistura \u2192 alimenta\u00e7\u00e3o \u2192 briquetagem \u2192 secagem \u2192 embalagem<\/strong>.<\/p>    <h3 class=\"wp-block-heading\" id=\"h-related-equipment-for-coal-powder-briquettes-production-line\"><strong>Equipamento relacionado para linha de produ\u00e7\u00e3o de briquetes de p\u00f3 de carv\u00e3o<\/strong><\/h3>    <p>A seguir s\u00e3o apresentados os equipamentos e fun\u00e7\u00f5es do equipamento que a linha de produ\u00e7\u00e3o de briquetes de carv\u00e3o precisa usar.<\/p>    <div class=\"wp-block-media-text is-stacked-on-mobile has-background\" style=\"background-color:#f1f1f1;grid-template-columns:52% auto\"><figure class=\"wp-block-media-text__media\"><img loading=\"lazy\" decoding=\"async\" width=\"1024\" height=\"768\" src=\"https:\/\/charcoalplant.com\/wp-content\/uploads\/2021\/12\/coal-grinder.png\" alt=\"moedor de carv\u00e3o\" class=\"wp-image-2901 size-full\"\/><\/figure><div class=\"wp-block-media-text__content\"> <p id=\"block-9cb7707d-629b-4599-bfda-644ae315d61c\" class=\"translation-block\"><strong>Triturador composto de carv\u00e3o (moagem)<\/strong><\/p>    <p id=\"block-b9946928-7b14-4a14-adbe-efd91c263fde\" class=\"translation-block\">\u00c9 um <strong><a href=\"https:\/\/charcoalplant.com\/pt\/product\/charcoal-shredder\/\">triturador multifuncional<\/a><\/strong>. Portanto, suas mat\u00e9rias-primas s\u00e3o carv\u00e3o, seixos, calc\u00e1rio, esc\u00f3ria, e assim por diante. Ele pode pulverizar rapidamente o carv\u00e3o em p\u00f3 de carv\u00e3o de cerca de 2mm.<\/p> <\/div><\/div>    <p><\/p>    <div class=\"wp-block-media-text is-stacked-on-mobile has-background\" style=\"background-color:#f1f1f1;grid-template-columns:52% auto\"><figure class=\"wp-block-media-text__media\"><img loading=\"lazy\" decoding=\"async\" width=\"720\" height=\"540\" src=\"https:\/\/charcoalplant.com\/wp-content\/uploads\/2022\/03\/coal-mixer.jpg\" alt=\"misturador de carv\u00e3o\" class=\"wp-image-2844 size-full\"\/><\/figure><div class=\"wp-block-media-text__content\"> <p id=\"block-ae61028d-3563-45c6-ac38-e224c61fbf30\" class=\"translation-block\"><strong>Misturador de eixos duplos (mistura)<\/strong><\/p>    <p id=\"block-fbfd63ff-3664-4565-a9a4-49234d284162\">Ele usa uma estrutura de l\u00e2mina de dupla h\u00e9lice. O carv\u00e3o pulverizado, o aglutinante e a \u00e1gua s\u00e3o totalmente agitados no tanque de agita\u00e7\u00e3o e depois caem da porta de descarga para a correia transportadora.<\/p> <\/div><\/div>    <p><\/p>    <div class=\"wp-block-media-text is-stacked-on-mobile has-background\" style=\"background-color:#f1f1f1;grid-template-columns:52% auto\"><figure class=\"wp-block-media-text__media\"><img loading=\"lazy\" decoding=\"async\" width=\"720\" height=\"540\" src=\"https:\/\/charcoalplant.com\/wp-content\/uploads\/2022\/03\/coal-powder-storage-bin.jpg\" alt=\"\" class=\"wp-image-2899 size-full\"\/><\/figure><div class=\"wp-block-media-text__content\"> <p id=\"block-31390d6d-acb7-414c-affa-62b20e5bf594\" class=\"translation-block\"><strong>Silagem de p\u00f3 de carv\u00e3o (alimenta\u00e7\u00e3o)<\/strong><\/p>    <p id=\"block-786c5bb7-8e08-442f-a140-529c5d58310e\">O carv\u00e3o misturado pulverizado \u00e9 armazenado em um silo. Existem portas de descarga e v\u00e1lvulas sob o silo. Assim, o cliente pode liberar manualmente a mat\u00e9ria-prima para a linha de produ\u00e7\u00e3o de briquetes. Em suma, o silo \u00e9 a garantia de uma produ\u00e7\u00e3o cont\u00ednua.<\/p> <\/div><\/div>    <p><\/p>    <div class=\"wp-block-media-text is-stacked-on-mobile has-background\" style=\"background-color:#f1f1f1;grid-template-columns:51% auto\"><figure class=\"wp-block-media-text__media\"><img loading=\"lazy\" decoding=\"async\" width=\"720\" height=\"540\" src=\"https:\/\/charcoalplant.com\/wp-content\/uploads\/2021\/12\/Honeycomb-Coal-Press-Machine-1.jpg\" alt=\"M\u00e1quina de prensagem de carv\u00e3o em favo de mel\" class=\"wp-image-1351 size-full\" srcset=\"https:\/\/charcoalplant.com\/wp-content\/uploads\/2021\/12\/Honeycomb-Coal-Press-Machine-1.jpg 720w, https:\/\/charcoalplant.com\/wp-content\/uploads\/2021\/12\/Honeycomb-Coal-Press-Machine-1-300x225.jpg 300w\" sizes=\"auto, (max-width: 720px) 100vw, 720px\" \/><\/figure><div class=\"wp-block-media-text__content\"> <p class=\"translation-block\"><strong>M\u00e1quina de fabrica\u00e7\u00e3o de carv\u00e3o (briquete)<\/strong> <\/p>    <p id=\"block-e38ef78e-6d23-4e42-85dc-3581070cb507\" class=\"translation-block\">Ela <strong><a href=\"https:\/\/charcoalplant.com\/pt\/product\/honeycomb-coal-press-machine\/\">pr\u00e9-pressiona o p\u00f3 de carv\u00e3o<\/a><\/strong> em um molde. Depois disso, \u00e9 finalizada por perfura\u00e7\u00e3o da agulha e repress\u00e3o do bloco de press\u00e3o.<\/p> <\/div><\/div>    <p><\/p>    <div class=\"wp-block-media-text is-stacked-on-mobile has-background\" style=\"background-color:#f1f1f1;grid-template-columns:51% auto\"><figure class=\"wp-block-media-text__media\"><img loading=\"lazy\" decoding=\"async\" width=\"720\" height=\"540\" src=\"https:\/\/charcoalplant.com\/wp-content\/uploads\/2021\/12\/shaisha-charcoal-drying-room-1.jpg\" alt=\"sala de secagem de carv\u00e3o shaisha\" class=\"wp-image-1492 size-full\" srcset=\"https:\/\/charcoalplant.com\/wp-content\/uploads\/2021\/12\/shaisha-charcoal-drying-room-1.jpg 720w, https:\/\/charcoalplant.com\/wp-content\/uploads\/2021\/12\/shaisha-charcoal-drying-room-1-300x225.jpg 300w\" sizes=\"auto, (max-width: 720px) 100vw, 720px\" \/><\/figure><div class=\"wp-block-media-text__content\"> <p id=\"block-3b089dae-3fae-4629-ab2a-7ab592eb2f81\" class=\"translation-block\"><strong>Secador (secagem)<\/strong><\/p>    <p id=\"block-5504db69-dff5-4573-a649-4f1f156bd0c9\" class=\"translation-block\">\u00c9 usado para secar rapidamente os briquetes de carv\u00e3o. Al\u00e9m disso, temos uma <strong><a href=\"https:\/\/charcoalplant.com\/pt\/product\/charcoal-briquette-dryer\/\">sala de secagem e um secador de cinta de malha<\/a><\/strong>. Esses dois equipamentos de secagem s\u00e3o frequentemente utilizados na linha de produ\u00e7\u00e3o de briquetes.<\/p> <\/div><\/div>    <p><\/p>    <div class=\"wp-block-media-text is-stacked-on-mobile has-background\" style=\"background-color:#f1f1f1;grid-template-columns:51% auto\"><figure class=\"wp-block-media-text__media\"><img loading=\"lazy\" decoding=\"async\" width=\"720\" height=\"540\" src=\"https:\/\/charcoalplant.com\/wp-content\/uploads\/2022\/03\/charcoal-briket-bagging-machine.jpg\" alt=\"m\u00e1quina de ensacamento de carv\u00e3o\" class=\"wp-image-2874 size-full\"\/><\/figure><div class=\"wp-block-media-text__content\"> <p id=\"block-ca300dad-e0f1-4b37-8e7d-20574f80d910\" class=\"translation-block\"><strong>M\u00e1quina de embalagem (embalagem)<\/strong><\/p>    <p id=\"block-ab346373-2956-4e43-bfb3-05b19cf5762c\" class=\"translation-block\">Briquetes e varas de carv\u00e3o podem ser embalados com m\u00e1quinas de selagem e corte. Adota um processo de encolhimento a quente, que \u00e9 conveniente e r\u00e1pido. Tamb\u00e9m temos uma <strong><a href=\"https:\/\/charcoalplant.com\/pt\/product\/charcoal-briquettes-packing-machine\/\">m\u00e1quina de embalagem quantitativa<\/a><\/strong> para escolher.<\/p> <\/div><\/div>    <p><\/p>    <h2 class=\"wp-block-heading\"><strong>Pre\u00e7o da linha de produ\u00e7\u00e3o de briquetes de carv\u00e3o<\/strong><\/h2>    <p>Devido \u00e0s diferentes necessidades dos clientes, suas linhas de produ\u00e7\u00e3o s\u00e3o diferentes. Portanto, o pre\u00e7o da linha de pre\u00e7o de diferentes m\u00e1quinas de prensagem de carv\u00e3o \u00e9 diferente. Queremos saber o equipamento espec\u00edfico que voc\u00ea deseja comprar. Ou podemos fornecer-lhe um programa de linha de produ\u00e7\u00e3o adequado. Em suma, devemos resolver os problemas de acordo com a situa\u00e7\u00e3o real dos nossos clientes. Aja agora entre em contato conosco para realizar neg\u00f3cios.<\/p>    <h2 class=\"wp-block-heading\" id=\"h-coal-making-machine-for-sale\"><strong>M\u00e1quina de fazer carv\u00e3o \u00e0 venda<\/strong><\/h2>    <p>Produzimos prensas de carv\u00e3o alveolar, m\u00e1quinas de carv\u00e3o para churrasco e m\u00e1quinas de moldagem de briquetagem de carv\u00e3o. Portanto, podem atender \u00e0s necessidades de produ\u00e7\u00e3o de diferentes clientes, mas tamb\u00e9m \u00e0s necessidades de compra de diferentes consumidores. A linha de produ\u00e7\u00e3o de m\u00e1quinas para fabrica\u00e7\u00e3o de carv\u00e3o Shuliy Machinery tem uma variedade de modelos. Al\u00e9m disso, nossa f\u00e1brica oferece aos clientes servi\u00e7os de personaliza\u00e7\u00e3o de produtos. Se voc\u00ea tiver alguma d\u00favida, deixe uma mensagem e n\u00f3s o ajudaremos o mais r\u00e1pido poss\u00edvel.<\/p>    <figure class=\"wp-block-gallery has-nested-images columns-2 is-cropped wp-block-gallery-2 is-layout-flex wp-block-gallery-is-layout-flex\"> <figure class=\"wp-block-image size-full\"><img loading=\"lazy\" decoding=\"async\" width=\"720\" height=\"540\" data-id=\"2925\" src=\"https:\/\/charcoalplant.com\/wp-content\/uploads\/2022\/03\/coal-briquettes-production-line-plant.jpg\" alt=\"planta de linha de produ\u00e7\u00e3o de briquetes de carv\u00e3o\" class=\"wp-image-2925\"\/><figcaption class=\"wp-element-caption\">planta de linha de produ\u00e7\u00e3o de briquetes de carv\u00e3o<\/figcaption><\/figure>    <figure class=\"wp-block-image size-large\"><img loading=\"lazy\" decoding=\"async\" width=\"720\" height=\"540\" data-id=\"2926\" src=\"https:\/\/charcoalplant.com\/wp-content\/uploads\/2022\/03\/coal-making-machine-for-sale.jpg\" alt=\"m\u00e1quina de fazer carv\u00e3o para venda\" class=\"wp-image-2926\"\/><figcaption class=\"wp-element-caption\">m\u00e1quina de fazer carv\u00e3o para venda<\/figcaption><\/figure>    <figure class=\"wp-block-image size-large\"><img loading=\"lazy\" decoding=\"async\" width=\"720\" height=\"540\" data-id=\"2927\" src=\"https:\/\/charcoalplant.com\/wp-content\/uploads\/2022\/03\/coal-briquettes-machine-plant-shipping.jpg\" alt=\"envio de planta de m\u00e1quina de briquetes de carv\u00e3o\" class=\"wp-image-2927\"\/><figcaption class=\"wp-element-caption\">envio de planta de m\u00e1quina de briquetes de carv\u00e3o<\/figcaption><\/figure>    <figure class=\"wp-block-image size-large\"><img loading=\"lazy\" decoding=\"async\" width=\"720\" height=\"540\" data-id=\"2928\" src=\"https:\/\/charcoalplant.com\/wp-content\/uploads\/2022\/03\/shipping-of-drying-machine.jpg\" alt=\"envio de m\u00e1quina de secar\" class=\"wp-image-2928\"\/><figcaption class=\"wp-element-caption\">envio de m\u00e1quina de secar<\/figcaption><\/figure> <\/figure>","protected":false},"excerpt":{"rendered":"<p>A linha de produ\u00e7\u00e3o de briquetes de carv\u00e3o usa carv\u00e3o como mat\u00e9ria-prima para produzir carv\u00e3o alveolar, briquetes de carv\u00e3o, barras de carv\u00e3o e outros produtos acabados.<\/p>","protected":false},"author":1,"featured_media":1440,"parent":0,"template":"","tags":[59],"product-type":[53],"class_list":["post-1439","product","type-product","status-publish","has-post-thumbnail","hentry","tag-charcoal-briquetting-machine","product-type-product-line"],"_links":{"self":[{"href":"https:\/\/charcoalplant.com\/pt\/wp-json\/wp\/v2\/product\/1439","targetHints":{"allow":["GET"]}}],"collection":[{"href":"https:\/\/charcoalplant.com\/pt\/wp-json\/wp\/v2\/product"}],"about":[{"href":"https:\/\/charcoalplant.com\/pt\/wp-json\/wp\/v2\/types\/product"}],"author":[{"embeddable":true,"href":"https:\/\/charcoalplant.com\/pt\/wp-json\/wp\/v2\/users\/1"}],"wp:featuredmedia":[{"embeddable":true,"href":"https:\/\/charcoalplant.com\/pt\/wp-json\/wp\/v2\/media\/1440"}],"wp:attachment":[{"href":"https:\/\/charcoalplant.com\/pt\/wp-json\/wp\/v2\/media?parent=1439"}],"wp:term":[{"taxonomy":"post_tag","embeddable":true,"href":"https:\/\/charcoalplant.com\/pt\/wp-json\/wp\/v2\/tags?post=1439"},{"taxonomy":"product-type","embeddable":true,"href":"https:\/\/charcoalplant.com\/pt\/wp-json\/wp\/v2\/product-type?post=1439"}],"curies":[{"name":"wp","href":"https:\/\/api.w.org\/{rel}","templated":true}]}}