{"id":1468,"date":"2021-12-21T08:39:36","date_gmt":"2021-12-21T08:39:36","guid":{"rendered":"https:\/\/charcoalplant.com\/?p=1468"},"modified":"2023-01-11T15:58:12","modified_gmt":"2023-01-11T07:58:12","slug":"charcoal-briquette-dryer","status":"publish","type":"product","link":"https:\/\/charcoalplant.com\/pt\/product\/charcoal-briquette-dryer\/","title":{"rendered":"Secador de briquetes de carv\u00e3o | M\u00e1quina de secagem com bomba de calor"},"content":{"rendered":"<div class=\"kk-star-ratings kksr-auto kksr-align-left kksr-valign-top\"     data-payload='{&quot;align&quot;:&quot;left&quot;,&quot;id&quot;:&quot;1468&quot;,&quot;slug&quot;:&quot;default&quot;,&quot;valign&quot;:&quot;top&quot;,&quot;ignore&quot;:&quot;&quot;,&quot;reference&quot;:&quot;auto&quot;,&quot;class&quot;:&quot;&quot;,&quot;count&quot;:&quot;25&quot;,&quot;legendonly&quot;:&quot;&quot;,&quot;readonly&quot;:&quot;&quot;,&quot;score&quot;:&quot;4.8&quot;,&quot;starsonly&quot;:&quot;&quot;,&quot;best&quot;:&quot;5&quot;,&quot;gap&quot;:&quot;5&quot;,&quot;greet&quot;:&quot;Rate this product&quot;,&quot;legend&quot;:&quot;4.8\\\/5 - (25 votes)&quot;,&quot;size&quot;:&quot;24&quot;,&quot;title&quot;:&quot;Charcoal Briquette Dryer | Heat Pump Drying Machine&quot;,&quot;width&quot;:&quot;136.7&quot;,&quot;_legend&quot;:&quot;{score}\\\/{best} - ({count} {votes})&quot;,&quot;font_factor&quot;:&quot;1.25&quot;}'>              <div class=\"kksr-stars\">      <div class=\"kksr-stars-inactive\">             <div class=\"kksr-star\" data-star=\"1\" style=\"padding-right: 5px\">               <div class=\"kksr-icon\" style=\"width: 24px; height: 24px;\"><\/div>         <\/div>             <div class=\"kksr-star\" data-star=\"2\" style=\"padding-right: 5px\">               <div class=\"kksr-icon\" style=\"width: 24px; height: 24px;\"><\/div>         <\/div>             <div class=\"kksr-star\" data-star=\"3\" style=\"padding-right: 5px\">               <div class=\"kksr-icon\" style=\"width: 24px; height: 24px;\"><\/div>         <\/div>             <div class=\"kksr-star\" data-star=\"4\" style=\"padding-right: 5px\">               <div class=\"kksr-icon\" style=\"width: 24px; height: 24px;\"><\/div>         <\/div>             <div class=\"kksr-star\" data-star=\"5\" style=\"padding-right: 5px\">               <div class=\"kksr-icon\" style=\"width: 24px; height: 24px;\"><\/div>         <\/div>     <\/div>      <div class=\"kksr-stars-active\" style=\"width: 136.7px;\">             <div class=\"kksr-star\" style=\"padding-right: 5px\">               <div class=\"kksr-icon\" style=\"width: 24px; height: 24px;\"><\/div>         <\/div>             <div class=\"kksr-star\" style=\"padding-right: 5px\">               <div class=\"kksr-icon\" style=\"width: 24px; height: 24px;\"><\/div>         <\/div>             <div class=\"kksr-star\" style=\"padding-right: 5px\">               <div class=\"kksr-icon\" style=\"width: 24px; height: 24px;\"><\/div>         <\/div>             <div class=\"kksr-star\" style=\"padding-right: 5px\">               <div class=\"kksr-icon\" style=\"width: 24px; height: 24px;\"><\/div>         <\/div>             <div class=\"kksr-star\" style=\"padding-right: 5px\">               <div class=\"kksr-icon\" style=\"width: 24px; height: 24px;\"><\/div>         <\/div>     <\/div> <\/div>                   <div class=\"kksr-legend\" style=\"font-size: 19.2px;\">             4,8\/5 - (25 votos)    <\/div>     <\/div>  <p class=\"translation-block\"><strong>A m\u00e1quina secadora de briquetes de carv\u00e3o<\/strong> \u00e9 um dos equipamentos necess\u00e1rios para a linha de produ\u00e7\u00e3o de carv\u00e3o. Ela adota principalmente o princ\u00edpio da circula\u00e7\u00e3o de ar quente. Portanto, pode operar de forma est\u00e1vel. Al\u00e9m disso, pode secar materiais a qualquer momento, independentemente do clima. Assim, as secadoras de briquetes de carv\u00e3o s\u00e3o equipamentos populares em muitas f\u00e1bricas de carv\u00e3o. A f\u00e1brica Shuliy vende dois tipos de secadores de carv\u00e3o: uma sala de secagem com carrinho e um secador de correia de malha de m\u00faltiplas camadas. Todos s\u00e3o produtos altamente econ\u00f4micos. Se voc\u00ea gostaria de investir em um secador, entre em contato conosco hoje para o melhor pre\u00e7o.<\/p>    <h2 class=\"wp-block-heading\" id=\"h-raw-materials-for-charcoal-briquette-dryer\">Mat\u00e9rias-primas para m\u00e1quina secadora de briquetes de carv\u00e3o<\/h2>    <p class=\"translation-block\">O campo de aplica\u00e7\u00e3o do secador de briquetes de carv\u00e3o \u00e9 muito vasto. Pode ser utilizado para secar materiais em processamento de alimentos, medicina tradicional chinesa e na ind\u00fastria do carv\u00e3o. Devido ao seu efeito de secagem e ao conceito de poupan\u00e7a de energia, a resposta \u00e9 muito boa. Por isso, muitas f\u00e1bricas de carv\u00e3o utilizam secadores de briquetes de carv\u00e3o para secar produtos de carv\u00e3o. Por exemplo, carv\u00e3o em p\u00f3 briquetado, <a href=\"https:\/\/charcoalplant.com\/pt\/product\/honeycomb-coal-press-machine\/\"> <strong>carv\u00e3o de favo de mel<\/strong><\/a>, carv\u00e3o para churrasco, <strong><a href=\"https:\/\/charcoalplant.com\/pt\/product\/best-shisha-charcoal-machine\/\">carv\u00e3o de shisha quadrado<\/a><\/strong>, carv\u00e3o para narguil\u00e9 redondo, etc.<\/p>    <figure class=\"wp-block-image aligncenter size-full\"><img loading=\"lazy\" decoding=\"async\" width=\"720\" height=\"540\" src=\"https:\/\/charcoalplant.com\/wp-content\/uploads\/2022\/03\/charcoal-and-coal-briquette.jpg\" alt=\"carv\u00e3o e briquete de carv\u00e3o\" class=\"wp-image-2615\"\/><figcaption class=\"wp-element-caption\">carv\u00e3o e briquete de carv\u00e3o<\/figcaption><\/figure>    <h2 class=\"wp-block-heading\">O que \u00e9 secador de briquete de carv\u00e3o? <\/h2>    <p>Um secador de briquetes de carv\u00e3o vegetal \u00e9 uma m\u00e1quina usada para reduzir o teor de umidade dos briquetes de carv\u00e3o bruto. Isso normalmente \u00e9 feito antes dos briquetes serem embalados e vendidos, pois a umidade pode dificultar sua ilumina\u00e7\u00e3o e tamb\u00e9m promover o crescimento de mofo e outros microorganismos. Os secadores de briquete de carv\u00e3o s\u00e3o geralmente compostos por uma c\u00e2mara de secagem, uma fonte de calor e um sistema de ventila\u00e7\u00e3o. A fonte de calor \u00e9 tipicamente um elemento de aquecimento a g\u00e1s ou el\u00e9trico, e o sistema de ventila\u00e7\u00e3o \u00e9 usado para circular o ar atrav\u00e9s da c\u00e2mara, a fim de promover a evapora\u00e7\u00e3o da umidade dos briquetes. Alguns secadores tamb\u00e9m podem ter a fun\u00e7\u00e3o de controlar a temperatura e a umidade.<\/p>    <h2 class=\"wp-block-heading\">Quais s\u00e3o os tipos de m\u00e1quina secadora de carv\u00e3o?<\/h2>    <p class=\"translation-block\"><strong>Nossos dois tipos de secadores:<\/strong> secadores de caixa eficientes e secadores de correia de malha cont\u00ednua. Se tiver alguma d\u00favida, por favor deixe uma mensagem.<\/p>    <h2 class=\"wp-block-heading\" id=\"h-type-1-charcoal-briquette-drying-room\"><strong>Tipo 1<\/strong>: M\u00e1quina de secagem de briquetes de carv\u00e3o <\/h2>    <p class=\"translation-block\">A m\u00e1quina de secar briquetes de carv\u00e3o adota o princ\u00edpio de funcionamento de um sistema de circula\u00e7\u00e3o de ar quente e de um sistema de desumidifica\u00e7\u00e3o. A temperatura na c\u00e2mara de secagem \u00e9 detetada por um dispositivo de indu\u00e7\u00e3o de controlo de temperatura inteligente. Embora materiais diferentes tenham temperaturas de secagem diferentes. No entanto, os <strong><a href=\"https:\/\/charcoalplant.com\/pt\/info\/feedback-from-libyan-customer-charcoal-briquetting-drying-room\/\">clientes<\/a><\/strong> podem ajustar a temperatura interna e o tempo de secagem atrav\u00e9s do arm\u00e1rio de distribui\u00e7\u00e3o de energia do secador de briquetes de carv\u00e3o para alcan\u00e7ar o melhor estado de secagem. Portanto, o forno\/secador \u00e9 um dispositivo muito inteligente e com pouca manuten\u00e7\u00e3o.<\/p>    <figure class=\"wp-block-image aligncenter size-full\"><img loading=\"lazy\" decoding=\"async\" width=\"1024\" height=\"768\" src=\"https:\/\/charcoalplant.com\/wp-content\/uploads\/2022\/03\/charcoal-briquette-dryer-machine-plant.png\" alt=\"planta de m\u00e1quina secadora de briquete de carv\u00e3o\" class=\"wp-image-2617\"\/><figcaption class=\"wp-element-caption\">planta de m\u00e1quina secadora de briquete de carv\u00e3o<\/figcaption><\/figure>    <h3 class=\"wp-block-heading\">Estrutura da m\u00e1quina secadora de briquetes de carv\u00e3o <\/h3>    <p>Sua estrutura inclui principalmente fonte de aquecimento, ventilador de tiragem induzida, desumidificador, duto de ar quente, gabinete de controle, carrinho, bandeja, etc. O cliente coloca o produto acabado no carrinho e o empurra para a sala de secagem. Al\u00e9m disso, seu tamanho pode ser personalizado. De modo geral, seu tamanho est\u00e1 relacionado \u00e0 quantidade de carrinhos. Cada carrinho tem 10 camadas. <\/p>    <div class=\"wp-block-columns are-vertically-aligned-center has-background is-layout-flex wp-container-core-columns-is-layout-28f84493 wp-block-columns-is-layout-flex\" style=\"background-color:#f1f1f1\"> <div class=\"wp-block-column is-vertically-aligned-center is-layout-flow wp-block-column-is-layout-flow\" style=\"flex-basis:33.33%\"> <h4 class=\"wp-block-heading\"><strong>Bomba de calor de energia a\u00e9rea<\/strong><\/h4>    <p>Sua apar\u00eancia e princ\u00edpio de funcionamento s\u00e3o semelhantes aos de um ar condicionado no gancho. Portanto, \u00e9 muito econ\u00f4mico e ecologicamente correto.<\/p> <\/div>    <div class=\"wp-block-column is-vertically-aligned-center is-layout-flow wp-block-column-is-layout-flow\" style=\"flex-basis:66.66%\"> <figure class=\"wp-block-gallery has-nested-images columns-default is-cropped wp-block-gallery-2 is-layout-flex wp-block-gallery-is-layout-flex\"> <figure class=\"wp-block-image size-large\"><img loading=\"lazy\" decoding=\"async\" width=\"720\" height=\"540\" data-id=\"1479\" src=\"https:\/\/charcoalplant.com\/wp-content\/uploads\/2021\/12\/Drying-room-heat-pump-1.jpg\" alt=\"Bomba de calor para sala de secagem\" class=\"wp-image-1479\" srcset=\"https:\/\/charcoalplant.com\/wp-content\/uploads\/2021\/12\/Drying-room-heat-pump-1.jpg 720w, https:\/\/charcoalplant.com\/wp-content\/uploads\/2021\/12\/Drying-room-heat-pump-1-300x225.jpg 300w\" sizes=\"auto, (max-width: 720px) 100vw, 720px\" \/><figcaption class=\"wp-element-caption\">Bomba de calor para sala de secagem<\/figcaption><\/figure> <\/figure> <\/div> <\/div>    <div class=\"wp-block-columns has-background is-layout-flex wp-container-core-columns-is-layout-28f84493 wp-block-columns-is-layout-flex\" style=\"background-color:#f1f1f1\"> <div class=\"wp-block-column is-layout-flow wp-block-column-is-layout-flow\" style=\"flex-basis:66.66%\"> <figure class=\"wp-block-gallery has-nested-images columns-default is-cropped wp-block-gallery-3 is-layout-flex wp-block-gallery-is-layout-flex\"> <figure class=\"wp-block-image size-large\"><img loading=\"lazy\" decoding=\"async\" width=\"720\" height=\"540\" data-id=\"1477\" src=\"https:\/\/charcoalplant.com\/wp-content\/uploads\/2021\/12\/Control-cabinet-1.jpg\" alt=\"Cabine de controle\" class=\"wp-image-1477\" srcset=\"https:\/\/charcoalplant.com\/wp-content\/uploads\/2021\/12\/Control-cabinet-1.jpg 720w, https:\/\/charcoalplant.com\/wp-content\/uploads\/2021\/12\/Control-cabinet-1-300x225.jpg 300w\" sizes=\"auto, (max-width: 720px) 100vw, 720px\" \/><figcaption class=\"wp-element-caption\">Cabine de controle<\/figcaption><\/figure> <\/figure> <\/div>    <div class=\"wp-block-column is-vertically-aligned-center is-layout-flow wp-block-column-is-layout-flow\" style=\"flex-basis:33.33%\"> <h4 class=\"wp-block-heading\"><strong>Cabine de controle<\/strong> <strong>caixa<\/strong><\/h4>    <p>Os clientes podem definir a temperatura e o tempo. Controle de automa\u00e7\u00e3o: utiliza\u00e7\u00e3o de sistema de controle integrado, interface homem-m\u00e1quina e controle autom\u00e1tico sem pessoal de plant\u00e3o.<\/p> <\/div> <\/div>    <div class=\"wp-block-columns has-background is-layout-flex wp-container-core-columns-is-layout-28f84493 wp-block-columns-is-layout-flex\" style=\"background-color:#f1f1f1\"> <div class=\"wp-block-column is-vertically-aligned-center is-layout-flow wp-block-column-is-layout-flow\" style=\"flex-basis:33.33%\"> <h4 class=\"wp-block-heading\"><strong>Ventilador de indu\u00e7\u00e3o<\/strong><\/h4>    <p>Pode bombear continuamente ar quente para a c\u00e2mara de secagem. Al\u00e9m disso, tamb\u00e9m desempenha o papel de circula\u00e7\u00e3o de gases.<\/p> <\/div>    <div class=\"wp-block-column is-layout-flow wp-block-column-is-layout-flow\" style=\"flex-basis:66.66%\"> <figure class=\"wp-block-gallery has-nested-images columns-default is-cropped wp-block-gallery-4 is-layout-flex wp-block-gallery-is-layout-flex\"> <figure class=\"wp-block-image size-large\"><img loading=\"lazy\" decoding=\"async\" width=\"720\" height=\"540\" data-id=\"1480\" src=\"https:\/\/charcoalplant.com\/wp-content\/uploads\/2021\/12\/Induced-fan-1.jpg\" alt=\"Ventilador induzido\" class=\"wp-image-1480\" srcset=\"https:\/\/charcoalplant.com\/wp-content\/uploads\/2021\/12\/Induced-fan-1.jpg 720w, https:\/\/charcoalplant.com\/wp-content\/uploads\/2021\/12\/Induced-fan-1-300x225.jpg 300w\" sizes=\"auto, (max-width: 720px) 100vw, 720px\" \/><figcaption class=\"wp-element-caption\">Ventilador induzido<\/figcaption><\/figure> <\/figure> <\/div> <\/div>    <h3 class=\"wp-block-heading\">Par\u00e2metros da m\u00e1quina de secagem de briquetes de carv\u00e3o<\/h3>    <figure class=\"wp-block-table is-style-stripes\"><table><tbody><tr><td>Modelo<\/td><td>SL-BD 08<\/td><td>SL-BD 010<\/td><\/tr><tr><td>Tamanho da sala de secagem<\/td><td>8m*2,3m*2,5m<\/td><td>10m*2,3m*2,5m<\/td><\/tr><tr><td>Ventilador circulante<\/td><td>6 unidades<\/td><td>6 unidades<\/td><\/tr><tr><td>Ventilador de desumidifica\u00e7\u00e3o<\/td><td>2 unidades<\/td><td>2 unidades<\/td><\/tr><tr><td>Carrinho<\/td><td>8 unidades<\/td><td>10 PCS<\/td><\/tr><tr><td>Bandeja<\/td><td>80 unidades<\/td><td>100 unidades<\/td><\/tr><\/tbody><\/table><\/figure>    <h3 class=\"wp-block-heading\">V\u00eddeo da f\u00e1brica de secadores de caixa, tiro real <\/h3>    <figure class=\"wp-block-embed is-type-video is-provider-youtube wp-block-embed-youtube wp-embed-aspect-16-9 wp-has-aspect-ratio\"><div class=\"wp-block-embed__wrapper\"> <iframe loading=\"lazy\" title=\"Fornecedor de m\u00e1quina de secagem de briquete de carv\u00e3o | F\u00e1brica de secador de caixa Real Shot#bbqcoaldrying#dryer\" width=\"500\" height=\"281\" src=\"https:\/\/www.youtube.com\/embed\/hPFY09NfOv0?feature=oembed\" frameborder=\"0\" allow=\"accelerometer; autoplay; clipboard-write; encrypted-media; gyroscope; picture-in-picture; web-share\" referrerpolicy=\"strict-origin-when-cross-origin\" allowfullscreen><\/iframe> <\/div><\/figure>    <h2 class=\"wp-block-heading\" id=\"h-type-2-multi-layer-mesh-belt-dryer\"><strong>Tipo 2<\/strong>: Secador de correia de malha multicamadas<\/h2>    <p>O operador precisa colocar as mat\u00e9rias-primas (como briquetes, carv\u00e3o para churrasco, ervas, etc.) na porta de alimenta\u00e7\u00e3o. A correia de malha m\u00f3vel faz com que o carv\u00e3o se espalhe e entre na c\u00e2mara de secagem para secagem. O carv\u00e3o se move atrav\u00e9s do secador de correia de malha e o ar quente aquece e seca uniformemente a mat\u00e9ria-prima. Al\u00e9m disso, os clientes podem ajustar o teor de umidade da mat\u00e9ria-prima final ajustando a velocidade de movimento do secador de correia de malha.<\/p>    <figure class=\"wp-block-image aligncenter size-full\"><img loading=\"lazy\" decoding=\"async\" width=\"720\" height=\"540\" src=\"https:\/\/charcoalplant.com\/wp-content\/uploads\/2022\/01\/inlet.jpg\" alt=\"entrada\" class=\"wp-image-1968\"\/><figcaption class=\"wp-element-caption\">entrada<\/figcaption><\/figure>    <h3 class=\"wp-block-heading\">Estrutura da m\u00e1quina de secagem com correia de malha<\/h3>    <p>Sua estrutura inclui porta de alimenta\u00e7\u00e3o, correia transportadora de a\u00e7o inoxid\u00e1vel, espalhador, sala de secagem, fonte de calor, porta de descarga, ventilador de tiragem induzida, etc.<\/p>    <figure class=\"wp-block-image aligncenter size-full\"><img loading=\"lazy\" decoding=\"async\" width=\"640\" height=\"343\" src=\"https:\/\/charcoalplant.com\/wp-content\/uploads\/2022\/03\/charcoal-briquetting-dryer-structure.jpg\" alt=\"\" class=\"wp-image-2621\"\/><\/figure>    <div class=\"wp-block-columns has-background is-layout-flex wp-container-core-columns-is-layout-28f84493 wp-block-columns-is-layout-flex\" style=\"background-color:#f1f1f1\"> <div class=\"wp-block-column is-layout-flow wp-block-column-is-layout-flow\" style=\"flex-basis:66.66%\"> <figure class=\"wp-block-gallery has-nested-images columns-default is-cropped wp-block-gallery-5 is-layout-flex wp-block-gallery-is-layout-flex\"> <figure class=\"wp-block-image size-large\"><img loading=\"lazy\" decoding=\"async\" width=\"720\" height=\"540\" data-id=\"1970\" src=\"https:\/\/charcoalplant.com\/wp-content\/uploads\/2022\/01\/metal-belt.jpg\" alt=\"cinto de metal\" class=\"wp-image-1970\"\/><figcaption class=\"wp-element-caption\">cinto de metal<\/figcaption><\/figure> <\/figure> <\/div>    <div class=\"wp-block-column is-vertically-aligned-center is-layout-flow wp-block-column-is-layout-flow\" style=\"flex-basis:33.33%\"> <h4 class=\"wp-block-heading\"><strong>Cinto de malha de a\u00e7o inoxid\u00e1vel<\/strong><\/h4>    <p>Seu material n\u00e3o \u00e9 f\u00e1cil de ser danificado e tem uma longa vida \u00fatil. E cada camada de correia de malha transportadora possui um motor de velocidade ajust\u00e1vel. Desta forma, a correia transportadora de malha transportadora pode ser movida uniformemente.<\/p> <\/div> <\/div>    <div class=\"wp-block-columns has-background is-layout-flex wp-container-core-columns-is-layout-28f84493 wp-block-columns-is-layout-flex\" style=\"background-color:#f1f1f1\"> <div class=\"wp-block-column is-vertically-aligned-center is-layout-flow wp-block-column-is-layout-flow\" style=\"flex-basis:33.33%\"> <h4 class=\"wp-block-heading\"><strong>Entrada<\/strong><\/h4>    <p>N\u00e3o s\u00f3 pode ser alimentado continuamente. E o secador de correia de malha cont\u00ednua pode espalhar automaticamente o material<\/p> <\/div>    <div class=\"wp-block-column is-layout-flow wp-block-column-is-layout-flow\" style=\"flex-basis:66.66%\"> <figure class=\"wp-block-gallery has-nested-images columns-default is-cropped wp-block-gallery-6 is-layout-flex wp-block-gallery-is-layout-flex\"> <figure class=\"wp-block-image size-large\"><img loading=\"lazy\" decoding=\"async\" width=\"720\" height=\"540\" data-id=\"1969\" src=\"https:\/\/charcoalplant.com\/wp-content\/uploads\/2022\/01\/mesh-blet-dryer.jpg\" alt=\"secador de malha\" class=\"wp-image-1969\"\/><figcaption class=\"wp-element-caption\">secador de malha<\/figcaption><\/figure> <\/figure> <\/div> <\/div>    <h3 class=\"wp-block-heading\">Par\u00e2metros do secador de correia de malha cont\u00ednua<\/h3>    <figure class=\"wp-block-table is-style-stripes\"><table><tbody><tr><td>Modelo<\/td><td>LTWD-6<\/td><td>LTWD-8<\/td><td>LTWD-10<\/td><td>LTWD-12<\/td><td>LTWD-16<\/td><td>LTWD-20<\/td><td>LTWD-24<\/td><td>LTWD-30<\/td><\/tr><tr><td>Largura do cinto<\/td><td>600mm<\/td><td>800mm<\/td><td>1000mm<\/td><td>1200 mm<\/td><td>1600mm<\/td><td>2.000 mm<\/td><td>2.400 mm<\/td><td>3000 mm<\/td><\/tr><tr><td>Comprimento\u00a0da\u00a0se\u00e7\u00e3o\u00a0de\u00a0secagem<\/td><td>6-12<\/td><td>6-12<\/td><td>6-16<\/td><td>8-16<\/td><td>8-22<\/td><td>10-26<\/td><td>12-30<\/td><td>12-40<\/td><\/tr><tr><td>Comprimento\u00a0da\u00a0se\u00e7\u00e3o\u00a0de alimenta\u00e7\u00e3o<\/td><td>1<\/td><td>1<\/td><td>1<\/td><td>1<\/td><td>1<\/td><td>1.5<\/td><td>1.5<\/td><td>2<\/td><\/tr><tr><td>Comprimento da se\u00e7\u00e3o de transmiss\u00e3o<\/td><td>1<\/td><td>1<\/td><td>1<\/td><td>1<\/td><td>1<\/td><td>1.5<\/td><td>1.5<\/td><td>2<\/td><\/tr><tr><td>\u00c1rea de secagem<\/td><td>3,6-36\u00a0m2<\/td><td>4,8-48\u00a0m2<\/td><td>6-80\u00a0m2<\/td><td>7,2-96\u00a0m2<\/td><td>12,8-105,6\u00a0m2<\/td><td>20-260\u00a0m2<\/td><td>28,8-360\u00a0m2<\/td><\/tr><\/tbody><\/table><\/figure>    <h2 class=\"wp-block-heading\">Venda de carv\u00e3o<strong><strong><strong> <\/strong><\/strong><\/strong>m\u00e1quina de secar <\/h2>    <p class=\"translation-block\">Secadores de briquetes de carv\u00e3o aparecem frequentemente em <strong><a href=\"https:\/\/charcoalplant.com\/pt\/shisha-charcoal-production-line\/\">linhas de produ\u00e7\u00e3o de carv\u00e3o para narguil\u00e9<\/a><\/strong>, linhas de produ\u00e7\u00e3o de carv\u00e3o em formato, e linhas de produ\u00e7\u00e3o de carv\u00e3o. Al\u00e9m disso, o briquete de carv\u00e3o seco pode ser embalado diretamente usando uma <a href=\"https:\/\/charcoalplant.com\/pt\/briquettes-packing-machine\/charcoal-briquettes-packing-machine\/\"> <strong>m\u00e1quina de embalagem de briquetes de carv\u00e3o<\/strong>.<\/a> Vendemos pequenas salas de secagem de tijolos de carv\u00e3o e secadores de correia de malha. As suas especifica\u00e7\u00f5es s\u00e3o flex\u00edveis e personaliz\u00e1veis. Portanto, pode indicar-nos os seus requisitos espec\u00edficos e forneceremos os par\u00e2metros espec\u00edficos da m\u00e1quina.<\/p>    <figure class=\"wp-block-gallery has-nested-images columns-2 is-cropped wp-block-gallery-7 is-layout-flex wp-block-gallery-is-layout-flex\"> <figure class=\"wp-block-image size-large\"><img loading=\"lazy\" decoding=\"async\" width=\"720\" height=\"540\" data-id=\"1482\" src=\"https:\/\/charcoalplant.com\/wp-content\/uploads\/2021\/12\/Mesh-belt-dryer-shipment-1.jpg\" alt=\"Envio de secador de correia de malha\" class=\"wp-image-1482\" srcset=\"https:\/\/charcoalplant.com\/wp-content\/uploads\/2021\/12\/Mesh-belt-dryer-shipment-1.jpg 720w, https:\/\/charcoalplant.com\/wp-content\/uploads\/2021\/12\/Mesh-belt-dryer-shipment-1-300x225.jpg 300w\" sizes=\"auto, (max-width: 720px) 100vw, 720px\" \/><figcaption class=\"wp-element-caption\">Envio de secador de correia de malha<\/figcaption><\/figure>    <figure class=\"wp-block-image size-large\"><img loading=\"lazy\" decoding=\"async\" width=\"720\" height=\"540\" data-id=\"2626\" src=\"https:\/\/charcoalplant.com\/wp-content\/uploads\/2022\/03\/charcoal-briquette-dryer-for-sale.jpg\" alt=\"Secador de briquete de carv\u00e3o para venda\" class=\"wp-image-2626\"\/><figcaption class=\"wp-element-caption\">Secador de briquete de carv\u00e3o para venda<\/figcaption><\/figure>    <figure class=\"wp-block-image size-large\"><img loading=\"lazy\" decoding=\"async\" width=\"633\" height=\"460\" data-id=\"2627\" src=\"https:\/\/charcoalplant.com\/wp-content\/uploads\/2022\/03\/drying-machine-plant.png\" alt=\"planta de m\u00e1quina de secar\" class=\"wp-image-2627\"\/><figcaption class=\"wp-element-caption\">planta de m\u00e1quina de secar<\/figcaption><\/figure>    <figure class=\"wp-block-image size-full\"><img loading=\"lazy\" decoding=\"async\" width=\"720\" height=\"540\" data-id=\"1967\" src=\"https:\/\/charcoalplant.com\/wp-content\/uploads\/2022\/01\/tray.jpg\" alt=\"bandeja\" class=\"wp-image-1967\"\/><figcaption class=\"wp-element-caption\">bandeja<\/figcaption><\/figure> <\/figure>    <h2 class=\"wp-block-heading\">Conclus\u00e3o <\/h2>    <p class=\"translation-block\">As secadoras de briquetes de carv\u00e3o s\u00e3o uma parte crucial de toda a <strong><a href=\"https:\/\/charcoalplant.com\/pt\/charcoal-making-machine\/\">linha de produ\u00e7\u00e3o de carv\u00e3o<\/a><\/strong>. Ao reduzir o teor de umidade dos briquetes, essas m\u00e1quinas melhoram suas caracter\u00edsticas de igni\u00e7\u00e3o e queima, previnem o crescimento de mofo e microrganismos e aumentam sua vida \u00fatil. \u00c0 medida que a popularidade dos briquetes de carv\u00e3o continua a crescer, a pesquisa e desenvolvimento neste campo provavelmente continuar\u00e3o a melhorar a efici\u00eancia e efic\u00e1cia das secadoras de briquetes de carv\u00e3o. \u00c9 importante que os compradores considerem os diferentes fatores ao escolher um secador e mantenham e limpem regularmente para garantir que ele continue a operar da melhor forma. Se precisar de algo, entre em contato com os especialistas da Shuliy para orienta\u00e7\u00e3o profissional. <\/p>","protected":false},"excerpt":{"rendered":"<p>O secador de briquete de carv\u00e3o \u00e9 multifuncional e tem uma grande produ\u00e7\u00e3o. Pode secar todos os tipos de materiais sem restri\u00e7\u00f5es.<\/p>","protected":false},"author":1,"featured_media":1492,"parent":0,"template":"","tags":[60],"product-type":[45],"class_list":["post-1468","product","type-product","status-publish","has-post-thumbnail","hentry","tag-drying-machine","product-type-drying-machine"],"_links":{"self":[{"href":"https:\/\/charcoalplant.com\/pt\/wp-json\/wp\/v2\/product\/1468","targetHints":{"allow":["GET"]}}],"collection":[{"href":"https:\/\/charcoalplant.com\/pt\/wp-json\/wp\/v2\/product"}],"about":[{"href":"https:\/\/charcoalplant.com\/pt\/wp-json\/wp\/v2\/types\/product"}],"author":[{"embeddable":true,"href":"https:\/\/charcoalplant.com\/pt\/wp-json\/wp\/v2\/users\/1"}],"wp:featuredmedia":[{"embeddable":true,"href":"https:\/\/charcoalplant.com\/pt\/wp-json\/wp\/v2\/media\/1492"}],"wp:attachment":[{"href":"https:\/\/charcoalplant.com\/pt\/wp-json\/wp\/v2\/media?parent=1468"}],"wp:term":[{"taxonomy":"post_tag","embeddable":true,"href":"https:\/\/charcoalplant.com\/pt\/wp-json\/wp\/v2\/tags?post=1468"},{"taxonomy":"product-type","embeddable":true,"href":"https:\/\/charcoalplant.com\/pt\/wp-json\/wp\/v2\/product-type?post=1468"}],"curies":[{"name":"wp","href":"https:\/\/api.w.org\/{rel}","templated":true}]}}