{"id":1497,"date":"2021-12-23T03:51:11","date_gmt":"2021-12-23T03:51:11","guid":{"rendered":"https:\/\/charcoalplant.com\/?p=1497"},"modified":"2023-02-01T15:40:52","modified_gmt":"2023-02-01T07:40:52","slug":"charcoal-briquettes-packing-machine","status":"publish","type":"product","link":"https:\/\/charcoalplant.com\/pt\/product\/charcoal-briquettes-packing-machine\/","title":{"rendered":"M\u00e1quina embaladora de briquetes de carv\u00e3o | Flex\u00edvel e Eficiente"},"content":{"rendered":"<div class=\"kk-star-ratings kksr-auto kksr-align-left kksr-valign-top\"     data-payload='{&quot;align&quot;:&quot;left&quot;,&quot;id&quot;:&quot;1497&quot;,&quot;slug&quot;:&quot;default&quot;,&quot;valign&quot;:&quot;top&quot;,&quot;ignore&quot;:&quot;&quot;,&quot;reference&quot;:&quot;auto&quot;,&quot;class&quot;:&quot;&quot;,&quot;count&quot;:&quot;20&quot;,&quot;legendonly&quot;:&quot;&quot;,&quot;readonly&quot;:&quot;&quot;,&quot;score&quot;:&quot;4.7&quot;,&quot;starsonly&quot;:&quot;&quot;,&quot;best&quot;:&quot;5&quot;,&quot;gap&quot;:&quot;5&quot;,&quot;greet&quot;:&quot;Rate this product&quot;,&quot;legend&quot;:&quot;4.7\\\/5 - (20 votes)&quot;,&quot;size&quot;:&quot;24&quot;,&quot;title&quot;:&quot;Charcoal Briquettes Packing Machine | Flexible \\u0026amp; Efficient&quot;,&quot;width&quot;:&quot;133.8&quot;,&quot;_legend&quot;:&quot;{score}\\\/{best} - ({count} {votes})&quot;,&quot;font_factor&quot;:&quot;1.25&quot;}'>              <div class=\"kksr-stars\">      <div class=\"kksr-stars-inactive\">             <div class=\"kksr-star\" data-star=\"1\" style=\"padding-right: 5px\">               <div class=\"kksr-icon\" style=\"width: 24px; height: 24px;\"><\/div>         <\/div>             <div class=\"kksr-star\" data-star=\"2\" style=\"padding-right: 5px\">               <div class=\"kksr-icon\" style=\"width: 24px; height: 24px;\"><\/div>         <\/div>             <div class=\"kksr-star\" data-star=\"3\" style=\"padding-right: 5px\">               <div class=\"kksr-icon\" style=\"width: 24px; height: 24px;\"><\/div>         <\/div>             <div class=\"kksr-star\" data-star=\"4\" style=\"padding-right: 5px\">               <div class=\"kksr-icon\" style=\"width: 24px; height: 24px;\"><\/div>         <\/div>             <div class=\"kksr-star\" data-star=\"5\" style=\"padding-right: 5px\">               <div class=\"kksr-icon\" style=\"width: 24px; height: 24px;\"><\/div>         <\/div>     <\/div>      <div class=\"kksr-stars-active\" style=\"width: 133.8px;\">             <div class=\"kksr-star\" style=\"padding-right: 5px\">               <div class=\"kksr-icon\" style=\"width: 24px; height: 24px;\"><\/div>         <\/div>             <div class=\"kksr-star\" style=\"padding-right: 5px\">               <div class=\"kksr-icon\" style=\"width: 24px; height: 24px;\"><\/div>         <\/div>             <div class=\"kksr-star\" style=\"padding-right: 5px\">               <div class=\"kksr-icon\" style=\"width: 24px; height: 24px;\"><\/div>         <\/div>             <div class=\"kksr-star\" style=\"padding-right: 5px\">               <div class=\"kksr-icon\" style=\"width: 24px; height: 24px;\"><\/div>         <\/div>             <div class=\"kksr-star\" style=\"padding-right: 5px\">               <div class=\"kksr-icon\" style=\"width: 24px; height: 24px;\"><\/div>         <\/div>     <\/div> <\/div>                   <div class=\"kksr-legend\" style=\"font-size: 19.2px;\">             4,7\/5 - (20 votos)    <\/div>     <\/div>  <p class=\"translation-block\"><strong>M\u00e1quina de embalagem de briquetes de carv\u00e3o<\/strong> \u00e9 um dispositivo usado para embalar produtos de carv\u00e3o em sacos ou recipientes. Geralmente inclui um sistema de pesagem para garantir porcionamento preciso, bem como um mecanismo de selagem para fechar e fixar os sacos ou recipientes. <\/p>    <p class=\"translation-block\">M\u00e1quina de embalagem de carv\u00e3o<strong> <\/strong>\u00e0 venda da Shuliy inclui principalmente m\u00e1quina de embalagem de carv\u00e3o de shisha redondo, m\u00e1quina de embalagem de carv\u00e3o de shisha quadrado, m\u00e1quina de embalagem de carv\u00e3o para churrasco e m\u00e1quina de embalagem de carv\u00e3o com favo. Estas quatro m\u00e1quinas de embalagem podem embalar carv\u00e3o de forma eficiente de acordo com as caracter\u00edsticas do seu formato, peso e condi\u00e7\u00f5es de armazenamento. A seguir apresentarei as caracter\u00edsticas e a aplica\u00e7\u00e3o das quatro m\u00e1quinas de embalagem de carv\u00e3o. <\/p>    <h2 class=\"wp-block-heading\" id=\"h-round-hookah-charcoal-packing-machine\"><strong>Tipo 1<\/strong>: <strong>Redondo<\/strong> <strong>carv\u00e3o para narguil\u00e9<\/strong> <strong>m\u00e1quina de embalagem<\/strong> <strong>\u00e0 venda<\/strong><\/h2>    <p class=\"translation-block\"><strong>M\u00e1quina de embalagem de carv\u00e3o de narguil\u00e9 redondo<\/strong> tamb\u00e9m \u00e9 chamada de m\u00e1quina de embalagem tipo horizontal. Esta m\u00e1quina de embalagem \u00e9 frequentemente utilizada nas ind\u00fastrias alimentar e farmac\u00eautica. \u00c9 controlada por um painel CNC inteligente. Portanto, os clientes podem definir o comprimento do saco de embalagem, a velocidade de embalagem, o n\u00famero de embalagens, etc. atrav\u00e9s do computador. Finalmente, a folha de carv\u00e3o de narguil\u00e9 \u00e9 automaticamente embalada e selada pelo filme de embalagem. <\/p>    <figure class=\"wp-block-image aligncenter size-full is-resized\"><img loading=\"lazy\" decoding=\"async\" src=\"https:\/\/charcoalplant.com\/wp-content\/uploads\/2022\/02\/shisha-packaging-machine-plant.jpg\" alt=\"planta de m\u00e1quina de embalagem de carv\u00e3o vegetal\" class=\"wp-image-2496\" width=\"657\" height=\"491\"\/><figcaption class=\"wp-element-caption\">planta de m\u00e1quina de embalagem de carv\u00e3o vegetal<\/figcaption><\/figure>    <h3 class=\"wp-block-heading\">Equipamento de apoio opcional para embalagem de carv\u00e3o<\/h3>    <p class=\"translation-block\">O<strong> dispensador de carv\u00e3o de narguil\u00e9<\/strong> tem duas fun\u00e7\u00f5es. Por um lado, a folha de carv\u00e3o de shisha \u00e9 nivelada antes da divis\u00e3o do material. Por outro lado, as suas calhas permitem a separa\u00e7\u00e3o dos produtos individuais. As embalagens mais comuns de carv\u00e3o de shisha no mercado s\u00e3o 10 unidades por saco. (Se houver demanda, a nossa f\u00e1brica pode personalizar o distribuidor multi-calha)<\/p>    <figure class=\"wp-block-gallery has-nested-images columns-default is-cropped wp-block-gallery-2 is-layout-flex wp-block-gallery-is-layout-flex\"> <figure class=\"wp-block-image size-large\"><img loading=\"lazy\" decoding=\"async\" width=\"720\" height=\"540\" data-id=\"2494\" src=\"https:\/\/charcoalplant.com\/wp-content\/uploads\/2022\/02\/paving-the-hookah-charcoal.jpg\" alt=\"pavimentando o carv\u00e3o para narguil\u00e9\" class=\"wp-image-2494\"\/><figcaption class=\"wp-element-caption\">pavimentando o carv\u00e3o para narguil\u00e9<\/figcaption><\/figure>    <figure class=\"wp-block-image size-large\"><img loading=\"lazy\" decoding=\"async\" width=\"720\" height=\"540\" data-id=\"1766\" src=\"https:\/\/charcoalplant.com\/wp-content\/uploads\/2021\/12\/hookah-charcoal-packing-machine.jpg\" alt=\"dispensador de carv\u00e3o para narguil\u00e9\" class=\"wp-image-1766\" srcset=\"https:\/\/charcoalplant.com\/wp-content\/uploads\/2021\/12\/hookah-charcoal-packing-machine.jpg 720w, https:\/\/charcoalplant.com\/wp-content\/uploads\/2021\/12\/hookah-charcoal-packing-machine-300x225.jpg 300w\" sizes=\"auto, (max-width: 720px) 100vw, 720px\" \/><figcaption class=\"wp-element-caption\">Distribuidor de carv\u00e3o para narguil\u00e9<\/figcaption><\/figure> <\/figure>    <p class=\"translation-block\">A<strong> m\u00e1quina de embalagem termo-retr\u00e1til<\/strong> \u00e9 um dispositivo que embala mercadorias regulares. Adicionar pel\u00edcula pl\u00e1stica ao exterior do produto pode evitar que a caixa seja arranhada e tamb\u00e9m prevenir a humidade.<\/p>    <h3 class=\"wp-block-heading\">Expositor redondo de embrulho de carv\u00e3o<\/h3>    <figure class=\"wp-block-gallery has-nested-images columns-default is-cropped wp-block-gallery-3 is-layout-flex wp-block-gallery-is-layout-flex\"> <figure class=\"wp-block-image size-large\"><img loading=\"lazy\" decoding=\"async\" width=\"720\" height=\"540\" data-id=\"1770\" src=\"https:\/\/charcoalplant.com\/wp-content\/uploads\/2022\/01\/hookah-charcoal-briquette-wrapping-show.jpg\" alt=\"show de embrulho de briquete de carv\u00e3o para narguil\u00e9\" class=\"wp-image-1770\" srcset=\"https:\/\/charcoalplant.com\/wp-content\/uploads\/2022\/01\/hookah-charcoal-briquette-wrapping-show.jpg 720w, https:\/\/charcoalplant.com\/wp-content\/uploads\/2022\/01\/hookah-charcoal-briquette-wrapping-show-300x225.jpg 300w\" sizes=\"auto, (max-width: 720px) 100vw, 720px\" \/><figcaption class=\"wp-element-caption\">show de embrulho de briquete de carv\u00e3o para narguil\u00e9<\/figcaption><\/figure>    <figure class=\"wp-block-image size-large\"><img loading=\"lazy\" decoding=\"async\" width=\"720\" height=\"540\" data-id=\"1771\" src=\"https:\/\/charcoalplant.com\/wp-content\/uploads\/2022\/01\/shisha-charcoal-bagging-effect.jpg\" alt=\"efeito de ensacamento de carv\u00e3o shisha\" class=\"wp-image-1771\" srcset=\"https:\/\/charcoalplant.com\/wp-content\/uploads\/2022\/01\/shisha-charcoal-bagging-effect.jpg 720w, https:\/\/charcoalplant.com\/wp-content\/uploads\/2022\/01\/shisha-charcoal-bagging-effect-300x225.jpg 300w\" sizes=\"auto, (max-width: 720px) 100vw, 720px\" \/><figcaption class=\"wp-element-caption\">efeito de ensacamento de carv\u00e3o shisha<\/figcaption><\/figure> <\/figure>    <figure class=\"wp-block-embed is-type-video is-provider-youtube wp-block-embed-youtube wp-embed-aspect-16-9 wp-has-aspect-ratio\"><div class=\"wp-block-embed__wrapper\"> <iframe loading=\"lazy\" title=\"Melhor comprimido de Shisha com carv\u00e3o de coco | M\u00e1quina rotativa para comprimidos de cachimbo de \u00e1gua Plant#shishacharcoal#Arab\" width=\"500\" height=\"281\" src=\"https:\/\/www.youtube.com\/embed\/SCr3JOp5PN8?feature=oembed\" frameborder=\"0\" allow=\"accelerometer; autoplay; clipboard-write; encrypted-media; gyroscope; picture-in-picture; web-share\" referrerpolicy=\"strict-origin-when-cross-origin\" allowfullscreen><\/iframe> <\/div><\/figure>    <h3 class=\"wp-block-heading\">Par\u00e2metros da m\u00e1quina de embalagem de carv\u00e3o<\/h3>    <p>A seguir est\u00e3o os par\u00e2metros dos 3 modelos de m\u00e1quinas de embalagem de travesseiros.<\/p>    <figure class=\"wp-block-table is-style-stripes\"><table><tbody><tr><td class=\"has-text-align-left\" data-align=\"left\">           <strong>Modelo<\/strong><\/td><td>         <strong>TH-250B<\/strong><\/td><td>       <strong>TH-250D<\/strong><\/td><td>         <strong>TH-250S<\/strong><\/td><\/tr><tr><td class=\"has-text-align-left\" data-align=\"left\">       <strong>Largura do filme <\/strong><\/td><td>         M\u00e1x.250mm <\/td><td>       M\u00e1x.250mm <\/td><td>         M\u00e1x.180mm <\/td><\/tr><tr><td class=\"has-text-align-left\" data-align=\"left\">       <strong>Comprimento do saco<\/strong><\/td><td>         65~190mm <br>        120~280mm<\/td><td>       90~220mm<\/td><td>         45 ~ 90mm<\/td><\/tr><tr><td class=\"has-text-align-left\" data-align=\"left\">       <strong>Largura da bolsa<\/strong> <\/td><td>         30~110mm <\/td><td>       30~110mm <\/td><td>         30 ~ 80mm <\/td><\/tr><tr><td class=\"has-text-align-left\" data-align=\"left\">   <strong>Altura do produto<\/strong><\/td><td>         M\u00e1x.40mm<\/td><td>       M\u00e1x.55mm<\/td><td>         M\u00e1x.35 mm<\/td><\/tr><tr><td class=\"has-text-align-left\" data-align=\"left\"> <strong>Di\u00e2metro do rolo de filme <\/strong><\/td><td>         M\u00e1x.320Tm <\/td><td>       M\u00e1x.320Tm  <\/td><td>         M\u00e1x.320Tm  <\/td><\/tr><tr><td class=\"has-text-align-left\" data-align=\"left\">   <strong>Velocidade de embalagem<\/strong> <\/td><td> 40-230 Pacote\/min <\/td><td>40-230 Pacote\/min  <\/td><td> 60-330 Pacote\/min  <\/td><\/tr><\/tbody><\/table><\/figure>    <h2 class=\"wp-block-heading\" id=\"h-cube-shisha-charcoal-briquettes-packing-machine\"><strong>Tipo 2<\/strong>: <strong>M\u00e1quina de embalagem de carv\u00e3o shisha em cubo<\/strong> <strong>\u00e0 venda<\/strong><\/h2>    <p>Para apresentar mais claramente a m\u00e1quina de embalagem de carv\u00e3o para narguil\u00e9, fizemos um v\u00eddeo no Youtube. Abaixo est\u00e1 o v\u00eddeo de funcionamento da m\u00e1quina de embalagem quadrada de carv\u00e3o para narguil\u00e9. Bem-vindo a assistir, se quiser, n\u00e3o se esque\u00e7a de se inscrever.<\/p>    <figure class=\"wp-block-embed is-type-video is-provider-youtube wp-block-embed-youtube wp-embed-aspect-16-9 wp-has-aspect-ratio\"><div class=\"wp-block-embed__wrapper\"> <iframe loading=\"lazy\" title=\"Prensa rotativa de carv\u00e3o para narguil\u00e9 de cubo | M\u00e1quina de embalagem de briquetes de carv\u00e3o em p\u00f3#cubeshishacharcoal\" width=\"500\" height=\"281\" src=\"https:\/\/www.youtube.com\/embed\/Xr96E5YjIis?feature=oembed\" frameborder=\"0\" allow=\"accelerometer; autoplay; clipboard-write; encrypted-media; gyroscope; picture-in-picture; web-share\" referrerpolicy=\"strict-origin-when-cross-origin\" allowfullscreen><\/iframe> <\/div><\/figure>    <h3 class=\"wp-block-heading\">Expositor de embrulho de carv\u00e3o Hubbly<\/h3>    <figure class=\"wp-block-gallery has-nested-images columns-default is-cropped wp-block-gallery-4 is-layout-flex wp-block-gallery-is-layout-flex\"> <figure class=\"wp-block-image size-large\"><img loading=\"lazy\" decoding=\"async\" width=\"720\" height=\"540\" data-id=\"2502\" src=\"https:\/\/charcoalplant.com\/wp-content\/uploads\/2022\/02\/72-Pcs-Box-Natural-Coconut-Shell-Cubes-Coal-Charcoal-for-Shisha.jpg\" alt=\"72 unidades-caixa-natural-casca-de-coco-cubos-carv\u00e3o-carv\u00e3o-para-shisha\" class=\"wp-image-2502\"\/><figcaption class=\"wp-element-caption\">72 unidades-caixa-natural-casca-de-coco-cubos-carv\u00e3o-carv\u00e3o-para-shisha<\/figcaption><\/figure>    <figure class=\"wp-block-image size-large\"><img loading=\"lazy\" decoding=\"async\" width=\"720\" height=\"540\" data-id=\"2503\" src=\"https:\/\/charcoalplant.com\/wp-content\/uploads\/2022\/02\/cube-charcoal-.jpg\" alt=\"cubo-carv\u00e3o\" class=\"wp-image-2503\"\/><figcaption class=\"wp-element-caption\">cubo-carv\u00e3o<\/figcaption><\/figure> <\/figure>    <h2 class=\"wp-block-heading\"><strong>Tipo 3<\/strong>: <strong>M\u00e1quina de embalagem de carv\u00e3o para churrasco<\/strong> <strong>\u00e0 venda<\/strong><\/h2>    <p class=\"translation-block\">Este tipo de m\u00e1quina de embalagem de carv\u00e3o tamb\u00e9m \u00e9 chamada de m\u00e1quina de embalagem quantitativa ou m\u00e1quina de embalagem por pesagem. Portanto, podemos entender facilmente como a m\u00e1quina funciona. Ou seja, controlando o peso dos materiais, os materiais s\u00e3o embalados uniformemente. Os materiais das <a href=\"https:\/\/tianhuipackingmachine.com\/5-50kg-granule-filling-machine\/\" target=\"_blank\" rel=\"noopener\">m\u00e1quinas de embalagem quantitativas<\/a> s\u00e3o geralmente itens a granel e em bloco. Por exemplo, fertilizante, gr\u00e3os, <a href=\"https:\/\/charcoalplant.com\/pt\/product\/charcoal-ball-press-machine\/\"><strong>carv\u00e3o para churrasco<\/strong><\/a>, farinha, etc.<\/p>    <div class=\"wp-block-columns is-layout-flex wp-container-core-columns-is-layout-28f84493 wp-block-columns-is-layout-flex\"> <div class=\"wp-block-column is-layout-flow wp-block-column-is-layout-flow\"> <figure class=\"wp-block-image size-full\"><img loading=\"lazy\" decoding=\"async\" width=\"720\" height=\"540\" src=\"https:\/\/charcoalplant.com\/wp-content\/uploads\/2021\/12\/quantitative-packaging-machine.jpg\" alt=\"m\u00e1quina de embalagem quantitativa\" class=\"wp-image-3500\"\/><figcaption class=\"wp-element-caption\">m\u00e1quina de embalagem quantitativa<\/figcaption><\/figure> <\/div>    <div class=\"wp-block-column is-layout-flow wp-block-column-is-layout-flow\"> <figure class=\"wp-block-image size-full\"><img loading=\"lazy\" decoding=\"async\" width=\"720\" height=\"540\" src=\"https:\/\/charcoalplant.com\/wp-content\/uploads\/2021\/12\/charcoal-briquette-filling-machine.jpg\" alt=\"m\u00e1quina de enchimento de briquete de carv\u00e3o\" class=\"wp-image-3501\"\/><figcaption class=\"wp-element-caption\">m\u00e1quina de enchimento de briquete de carv\u00e3o<\/figcaption><\/figure> <\/div> <\/div>    <h3 class=\"wp-block-heading\">Caracter\u00edsticas de embalagem de carv\u00e3o para churrasco<\/h3>    <p>Sua estrutura inclui principalmente entrada de alimenta\u00e7\u00e3o, comporta, tremonha de pesagem, moldura, sensor, caixa de controle, m\u00e1quina transportadora e embaladora, etc. Por outro lado, suas embalagens podem ser selecionadas de diversas maneiras. Por exemplo, papel kraft, sacolas de tecido, sacolas e sacolas de tecido.<\/p>    <figure class=\"wp-block-gallery has-nested-images columns-default is-cropped wp-block-gallery-5 is-layout-flex wp-block-gallery-is-layout-flex\"> <figure class=\"wp-block-image size-large\"><img loading=\"lazy\" decoding=\"async\" width=\"720\" height=\"540\" data-id=\"2499\" src=\"https:\/\/charcoalplant.com\/wp-content\/uploads\/2022\/02\/5kg-10kg-and-15kg-BBQ-charcoal-display.jpg\" alt=\"Expositor de carv\u00e3o para churrasco de 5kg-10kg e 15kg\" class=\"wp-image-2499\"\/><figcaption class=\"wp-element-caption\">Expositor de carv\u00e3o para churrasco de 5kg-10kg e 15kg<\/figcaption><\/figure>    <figure class=\"wp-block-image size-large\"><img loading=\"lazy\" decoding=\"async\" width=\"720\" height=\"540\" data-id=\"2500\" src=\"https:\/\/charcoalplant.com\/wp-content\/uploads\/2022\/02\/different-bags.jpg\" alt=\"bolsas diferentes\" class=\"wp-image-2500\"\/><figcaption class=\"wp-element-caption\">bolsas diferentes<\/figcaption><\/figure> <\/figure>    <h2 class=\"wp-block-heading\" id=\"h-bbq-coal-wrapper-equipment\"><strong>Tipo 4: churrasco<\/strong> <strong>equipamento de embalagem de carv\u00e3o<\/strong> <strong>\u00e0 venda<\/strong> <\/h2>    <p class=\"translation-block\">Este tipo de m\u00e1quina de embalagem \u00e9 chamada de m\u00e1quina de selagem e corte. Como a sua tecnologia principal \u00e9 a embalagem termo-retr\u00e1til. Por isso, tamb\u00e9m \u00e9 chamada de <a href=\"https:\/\/tianhuipackingmachine.com\/shrink-packing-machine\/\" target=\"_blank\" rel=\"noopener\"><strong>m\u00e1quina de embalagem termo-retr\u00e1til<\/strong><\/a>. <\/p>    <figure class=\"wp-block-image aligncenter size-full\"><img loading=\"lazy\" decoding=\"async\" width=\"720\" height=\"540\" src=\"https:\/\/charcoalplant.com\/wp-content\/uploads\/2022\/01\/coal-wrapper-.jpg\" alt=\"inv\u00f3lucro de carv\u00e3o\" class=\"wp-image-1764\" srcset=\"https:\/\/charcoalplant.com\/wp-content\/uploads\/2022\/01\/coal-wrapper-.jpg 720w, https:\/\/charcoalplant.com\/wp-content\/uploads\/2022\/01\/coal-wrapper--300x225.jpg 300w\" sizes=\"auto, (max-width: 720px) 100vw, 720px\" \/><figcaption class=\"wp-element-caption\">inv\u00f3lucro de carv\u00e3o<\/figcaption><\/figure>    <h3 class=\"wp-block-heading\">Caracter\u00edsticas de embalagem do carv\u00e3o alveolar <\/h3>    <p class=\"translation-block\">No passado, os mestres que vendiam briquetes dependiam da tecnologia para carregar e descarregar briquetes. Eles moviam uma pilha de<strong><a href=\"https:\/\/charcoalplant.com\/pt\/coal-briquettes-production-line\/\"> briquetes<\/a><\/strong> de cada vez. E muitas vezes danificavam muitos briquetes. Ent\u00e3o, agora usamos a tecnologia de embalagem pl\u00e1stica para tratar um certo n\u00famero de briquetes como uma unidade para embalagem. Isso n\u00e3o \u00e9 apenas bom para carregar e descarregar, mas tamb\u00e9m bom para proteger <a href=\"https:\/\/charcoalplant.com\/pt\/product\/honeycomb-coal-press-machine\/\"><strong>briquetes em favo de mel<\/strong><\/a>.<\/p>    <figure class=\"wp-block-gallery has-nested-images columns-default is-cropped wp-block-gallery-6 is-layout-flex wp-block-gallery-is-layout-flex\"> <figure class=\"wp-block-image size-large\"><img loading=\"lazy\" decoding=\"async\" width=\"720\" height=\"540\" data-id=\"1769\" src=\"https:\/\/charcoalplant.com\/wp-content\/uploads\/2022\/01\/coal-wrapping-effect.jpg\" alt=\"efeito de envolvimento de carv\u00e3o\" class=\"wp-image-1769\" srcset=\"https:\/\/charcoalplant.com\/wp-content\/uploads\/2022\/01\/coal-wrapping-effect.jpg 720w, https:\/\/charcoalplant.com\/wp-content\/uploads\/2022\/01\/coal-wrapping-effect-300x225.jpg 300w\" sizes=\"auto, (max-width: 720px) 100vw, 720px\" \/><figcaption class=\"wp-element-caption\">efeito de envolvimento de carv\u00e3o<\/figcaption><\/figure>    <figure class=\"wp-block-image size-large\"><img loading=\"lazy\" decoding=\"async\" width=\"720\" height=\"540\" data-id=\"2501\" src=\"https:\/\/charcoalplant.com\/wp-content\/uploads\/2022\/02\/coconut-shell-charcoal-briquette.jpg\" alt=\"briquete de casca de coco e carv\u00e3o\" class=\"wp-image-2501\"\/><figcaption class=\"wp-element-caption\">briquete de casca de coco e carv\u00e3o<\/figcaption><\/figure> <\/figure>    <h2 class=\"wp-block-heading\" id=\"h-charcoal-briquettes-wrapping-machine-for-sale\"><strong>M\u00e1quina de embalagem de briquete de carv\u00e3o<\/strong> | <strong>melhor pre\u00e7o<\/strong><\/h2>    <p>Vendemos principalmente tr\u00eas tipos de m\u00e1quinas de embalagem de briquetes de carv\u00e3o. Eles s\u00e3o m\u00e1quinas de embalagem de travesseiros, m\u00e1quinas de embalagem quantitativa e m\u00e1quinas de embalagem retr\u00e1til. Para diferentes materiais, recomendaremos m\u00e1quinas de embalagem espec\u00edficas para voc\u00ea. Ao mesmo tempo, tamb\u00e9m iremos inform\u00e1-lo sobre o seu \u00e2mbito de aplica\u00e7\u00e3o e precau\u00e7\u00f5es. Estas tr\u00eas m\u00e1quinas de embalagem de briquetes de carv\u00e3o vegetal aparecem frequentemente na linha de produ\u00e7\u00e3o de briquetes de carv\u00e3o vegetal. Se voc\u00ea estiver interessado, contacte-nos. Forneceremos o servi\u00e7o mais sincero.<\/p>","protected":false},"excerpt":{"rendered":"<p>A m\u00e1quina embaladora de briquetes de carv\u00e3o \u00e9 f\u00e1cil de operar. E pode embalar carv\u00e3o para narguil\u00e9, bola de carv\u00e3o, bast\u00f5es de carv\u00e3o, p\u00f3 de carv\u00e3o, etc.<\/p>","protected":false},"author":1,"featured_media":1503,"parent":0,"template":"","tags":[61],"product-type":[46],"class_list":["post-1497","product","type-product","status-publish","has-post-thumbnail","hentry","tag-briquettes-packing-machine","product-type-briquettes-packing-machine"],"_links":{"self":[{"href":"https:\/\/charcoalplant.com\/pt\/wp-json\/wp\/v2\/product\/1497","targetHints":{"allow":["GET"]}}],"collection":[{"href":"https:\/\/charcoalplant.com\/pt\/wp-json\/wp\/v2\/product"}],"about":[{"href":"https:\/\/charcoalplant.com\/pt\/wp-json\/wp\/v2\/types\/product"}],"author":[{"embeddable":true,"href":"https:\/\/charcoalplant.com\/pt\/wp-json\/wp\/v2\/users\/1"}],"wp:featuredmedia":[{"embeddable":true,"href":"https:\/\/charcoalplant.com\/pt\/wp-json\/wp\/v2\/media\/1503"}],"wp:attachment":[{"href":"https:\/\/charcoalplant.com\/pt\/wp-json\/wp\/v2\/media?parent=1497"}],"wp:term":[{"taxonomy":"post_tag","embeddable":true,"href":"https:\/\/charcoalplant.com\/pt\/wp-json\/wp\/v2\/tags?post=1497"},{"taxonomy":"product-type","embeddable":true,"href":"https:\/\/charcoalplant.com\/pt\/wp-json\/wp\/v2\/product-type?post=1497"}],"curies":[{"name":"wp","href":"https:\/\/api.w.org\/{rel}","templated":true}]}}