{"id":1519,"date":"2021-12-23T08:52:07","date_gmt":"2021-12-23T08:52:07","guid":{"rendered":"https:\/\/charcoalplant.com\/?p=1519"},"modified":"2023-02-02T16:37:10","modified_gmt":"2023-02-02T08:37:10","slug":"charcoal-raymond-mill","status":"publish","type":"product","link":"https:\/\/charcoalplant.com\/pt\/product\/charcoal-raymond-mill\/","title":{"rendered":"moinho raymond de carv\u00e3o | M\u00e1quina fresadora de p\u00f3 de carv\u00e3o"},"content":{"rendered":"<div class=\"kk-star-ratings kksr-auto kksr-align-left kksr-valign-top\"     data-payload='{&quot;align&quot;:&quot;left&quot;,&quot;id&quot;:&quot;1519&quot;,&quot;slug&quot;:&quot;default&quot;,&quot;valign&quot;:&quot;top&quot;,&quot;ignore&quot;:&quot;&quot;,&quot;reference&quot;:&quot;auto&quot;,&quot;class&quot;:&quot;&quot;,&quot;count&quot;:&quot;8&quot;,&quot;legendonly&quot;:&quot;&quot;,&quot;readonly&quot;:&quot;&quot;,&quot;score&quot;:&quot;4.8&quot;,&quot;starsonly&quot;:&quot;&quot;,&quot;best&quot;:&quot;5&quot;,&quot;gap&quot;:&quot;5&quot;,&quot;greet&quot;:&quot;Rate this product&quot;,&quot;legend&quot;:&quot;4.8\\\/5 - (8 votes)&quot;,&quot;size&quot;:&quot;24&quot;,&quot;title&quot;:&quot;Charcoal Raymond Mill | Coal Powder Milling Machine&quot;,&quot;width&quot;:&quot;136.7&quot;,&quot;_legend&quot;:&quot;{score}\\\/{best} - ({count} {votes})&quot;,&quot;font_factor&quot;:&quot;1.25&quot;}'>              <div class=\"kksr-stars\">      <div class=\"kksr-stars-inactive\">             <div class=\"kksr-star\" data-star=\"1\" style=\"padding-right: 5px\">               <div class=\"kksr-icon\" style=\"width: 24px; height: 24px;\"><\/div>         <\/div>             <div class=\"kksr-star\" data-star=\"2\" style=\"padding-right: 5px\">               <div class=\"kksr-icon\" style=\"width: 24px; height: 24px;\"><\/div>         <\/div>             <div class=\"kksr-star\" data-star=\"3\" style=\"padding-right: 5px\">               <div class=\"kksr-icon\" style=\"width: 24px; height: 24px;\"><\/div>         <\/div>             <div class=\"kksr-star\" data-star=\"4\" style=\"padding-right: 5px\">               <div class=\"kksr-icon\" style=\"width: 24px; height: 24px;\"><\/div>         <\/div>             <div class=\"kksr-star\" data-star=\"5\" style=\"padding-right: 5px\">               <div class=\"kksr-icon\" style=\"width: 24px; height: 24px;\"><\/div>         <\/div>     <\/div>      <div class=\"kksr-stars-active\" style=\"width: 136.7px;\">             <div class=\"kksr-star\" style=\"padding-right: 5px\">               <div class=\"kksr-icon\" style=\"width: 24px; height: 24px;\"><\/div>         <\/div>             <div class=\"kksr-star\" style=\"padding-right: 5px\">               <div class=\"kksr-icon\" style=\"width: 24px; height: 24px;\"><\/div>         <\/div>             <div class=\"kksr-star\" style=\"padding-right: 5px\">               <div class=\"kksr-icon\" style=\"width: 24px; height: 24px;\"><\/div>         <\/div>             <div class=\"kksr-star\" style=\"padding-right: 5px\">               <div class=\"kksr-icon\" style=\"width: 24px; height: 24px;\"><\/div>         <\/div>             <div class=\"kksr-star\" style=\"padding-right: 5px\">               <div class=\"kksr-icon\" style=\"width: 24px; height: 24px;\"><\/div>         <\/div>     <\/div> <\/div>                   <div class=\"kksr-legend\" style=\"font-size: 19.2px;\">             4,8\/5 - (8 votos)    <\/div>     <\/div>  <p class=\"translation-block\">O <strong>Carv\u00e3o Raymond Mill<\/strong> \u00e9 um moinho de alta resist\u00eancia com um poder de esmagamento extremamente forte. Pode processar todos os tipos de mat\u00e9rias-primas n\u00e3o inflam\u00e1veis e n\u00e3o explosivas com dureza Mohs inferior a 7. Incluindo min\u00e9rios, carv\u00e3o, carv\u00e3o vegetal, cer\u00e2mica, etc. E pode ajustar a finura da moagem de acordo com a demanda das mat\u00e9rias-primas. A sua faixa de ajuste est\u00e1 entre 30-400 mesh. Portanto, para melhorar a qualidade dos produtos de carv\u00e3o vegetal, muitos fabricantes de carv\u00e3o vegetal utilizam frequentemente moinhos Raymond em <strong><a href=\"https:\/\/charcoalplant.com\/pt\/shisha-charcoal-production-line\/\">linhas de produ\u00e7\u00e3o de carv\u00e3o vegetal<\/a><\/strong>. Se tamb\u00e9m necessitar de equipamento de moagem, contacte-nos imediatamente. Forneceremos uma m\u00e1quina de moagem de p\u00f3 de carv\u00e3o vegetal econ\u00f3mica.<\/p>    <h2 class=\"wp-block-heading\" id=\"h-what-is-a-charcoal-raymond-mill\">O que \u00e9 um moinho Raymond de carv\u00e3o?<\/h2>    <p>O moinho Raymond \u00e9 um novo tipo de equipamento de moagem totalmente autom\u00e1tico. Ele pode n\u00e3o apenas moer o material, mas tamb\u00e9m separar o p\u00f3. Ou seja, pode separar e coletar automaticamente os produtos acabados. Portanto, o moinho Raymond de carv\u00e3o vegetal \u00e9 um equipamento de britagem altamente automatizado.<\/p>    <figure class=\"wp-block-image aligncenter size-full\"><img loading=\"lazy\" decoding=\"async\" width=\"720\" height=\"540\" src=\"https:\/\/charcoalplant.com\/wp-content\/uploads\/2021\/12\/charcoal-Raymond-mill-plant-1-1.jpg\" alt=\"planta de moinho raymond de carv\u00e3o vegetal\" class=\"wp-image-1528\" srcset=\"https:\/\/charcoalplant.com\/wp-content\/uploads\/2021\/12\/charcoal-Raymond-mill-plant-1-1.jpg 720w, https:\/\/charcoalplant.com\/wp-content\/uploads\/2021\/12\/charcoal-Raymond-mill-plant-1-1-300x225.jpg 300w\" sizes=\"auto, (max-width: 720px) 100vw, 720px\" \/><figcaption class=\"wp-element-caption\">planta de moinho raymond de carv\u00e3o vegetal<\/figcaption><\/figure>    <h2 class=\"wp-block-heading\">Mat\u00e9ria-prima para fresadora de carv\u00e3o<\/h2>    <p>Charcoal Raymond Mill \u00e9 um equipamento de moagem especializado. Portanto, pode triturar diversas mat\u00e9rias-primas e possui uma ampla gama de aplica\u00e7\u00f5es. Por exemplo, carv\u00e3o, carv\u00e3o vegetal, carv\u00e3o ativado, calc\u00e1rio, calcita, granito, caulim e outras mat\u00e9rias-primas. A umidade dessas mat\u00e9rias-primas deve ser mantida dentro de 6%. Se a umidade for muito grande, voc\u00ea precisar\u00e1 usar uma secadora para secar primeiro as mat\u00e9rias-primas.<\/p>    <figure class=\"wp-block-gallery has-nested-images columns-default is-cropped wp-block-gallery-2 is-layout-flex wp-block-gallery-is-layout-flex\"> <figure class=\"wp-block-image size-large\"><img loading=\"lazy\" decoding=\"async\" width=\"720\" height=\"540\" data-id=\"2550\" src=\"https:\/\/charcoalplant.com\/wp-content\/uploads\/2022\/03\/charcoal-powder.jpg\" alt=\"carv\u00e3o em p\u00f3\" class=\"wp-image-2550\"\/><figcaption class=\"wp-element-caption\">carv\u00e3o em p\u00f3<\/figcaption><\/figure>    <figure class=\"wp-block-image size-large\"><img loading=\"lazy\" decoding=\"async\" width=\"720\" height=\"540\" data-id=\"2551\" src=\"https:\/\/charcoalplant.com\/wp-content\/uploads\/2022\/03\/mineral-material.jpg\" alt=\"material mineral\" class=\"wp-image-2551\"\/><figcaption class=\"wp-element-caption\">material mineral<\/figcaption><\/figure> <\/figure>    <h2 class=\"wp-block-heading\" id=\"h-structure-of-charcoal-powder-milling-machine\">Estrutura da fresadora de carv\u00e3o em p\u00f3<\/h2>    <p>A m\u00e1quina moedora de carv\u00e3o tamb\u00e9m \u00e9 chamada de moedor Raymond. Sua estrutura inclui principalmente estrutura, rolo de moagem, disco de moagem, tampa, soprador, analisador, p\u00e1, separador de ciclone, tubula\u00e7\u00e3o, motor e outras pe\u00e7as. <\/p>    <div class=\"wp-block-columns has-background is-layout-flex wp-container-core-columns-is-layout-28f84493 wp-block-columns-is-layout-flex\" style=\"background-color:#f1f1f1\"> <div class=\"wp-block-column is-layout-flow wp-block-column-is-layout-flow\" style=\"flex-basis:66.66%\"> <figure class=\"wp-block-gallery has-nested-images columns-default is-cropped wp-block-gallery-3 is-layout-flex wp-block-gallery-is-layout-flex\"> <figure class=\"wp-block-image size-large\"><img loading=\"lazy\" decoding=\"async\" width=\"720\" height=\"540\" data-id=\"1523\" src=\"https:\/\/charcoalplant.com\/wp-content\/uploads\/2021\/12\/Charcoal-Raymond-mill-shovel-1.jpg\" alt=\"P\u00e1 de carv\u00e3o-Raymond-mill\" class=\"wp-image-1523\" srcset=\"https:\/\/charcoalplant.com\/wp-content\/uploads\/2021\/12\/Charcoal-Raymond-mill-shovel-1.jpg 720w, https:\/\/charcoalplant.com\/wp-content\/uploads\/2021\/12\/Charcoal-Raymond-mill-shovel-1-300x225.jpg 300w\" sizes=\"auto, (max-width: 720px) 100vw, 720px\" \/><figcaption class=\"wp-element-caption\">P\u00e1 de carv\u00e3o-Raymond-mill<\/figcaption><\/figure> <\/figure> <\/div>    <div class=\"wp-block-column is-vertically-aligned-center is-layout-flow wp-block-column-is-layout-flow\" style=\"flex-basis:33.33%\"> <p class=\"translation-block\"><strong>L\u00e2mina<\/strong><\/p>    <p>A l\u00e2mina do moinho Raymond \u00e9 um dos acess\u00f3rios comuns no moinho Raymond e tamb\u00e9m um dos acess\u00f3rios importantes no trabalho de fresamento.<\/p> <\/div> <\/div>    <div class=\"wp-block-columns has-background is-layout-flex wp-container-core-columns-is-layout-28f84493 wp-block-columns-is-layout-flex\" style=\"background-color:#f1f1f1\"> <div class=\"wp-block-column is-vertically-aligned-center is-layout-flow wp-block-column-is-layout-flow\" style=\"flex-basis:33.33%\"> <p class=\"translation-block\"><strong>Rolo de Moagem<\/strong><\/p>    <p>\u00c9 caracterizado por alta dureza, boa resist\u00eancia ao desgaste e propriedades magn\u00e9ticas. \u00c9 usado principalmente na \u00e1rea de processamento de p\u00f3, onde os produtos precisam ser removidos do ferro.<\/p> <\/div>    <div class=\"wp-block-column is-layout-flow wp-block-column-is-layout-flow\" style=\"flex-basis:66.66%\"> <figure class=\"wp-block-gallery has-nested-images columns-default is-cropped wp-block-gallery-4 is-layout-flex wp-block-gallery-is-layout-flex\"> <figure class=\"wp-block-image size-full\"><img loading=\"lazy\" decoding=\"async\" width=\"720\" height=\"540\" data-id=\"2555\" src=\"https:\/\/charcoalplant.com\/wp-content\/uploads\/2022\/03\/grinding-roller-1.jpg\" alt=\"\" class=\"wp-image-2555\"\/><\/figure> <\/figure> <\/div> <\/div>    <div class=\"wp-block-columns has-background is-layout-flex wp-container-core-columns-is-layout-28f84493 wp-block-columns-is-layout-flex\" style=\"background-color:#f1f1f1\"> <div class=\"wp-block-column is-layout-flow wp-block-column-is-layout-flow\" style=\"flex-basis:66.66%\"> <figure class=\"wp-block-gallery has-nested-images columns-default is-cropped wp-block-gallery-5 is-layout-flex wp-block-gallery-is-layout-flex\"> <figure class=\"wp-block-image size-large\"><img loading=\"lazy\" decoding=\"async\" width=\"720\" height=\"540\" data-id=\"2547\" src=\"https:\/\/charcoalplant.com\/wp-content\/uploads\/2022\/03\/analyzer-disc.jpg\" alt=\"\" class=\"wp-image-2547\"\/><\/figure> <\/figure> <\/div>    <div class=\"wp-block-column is-vertically-aligned-center is-layout-flow wp-block-column-is-layout-flow\" style=\"flex-basis:33.33%\"> <p class=\"translation-block\"><strong>Disco Analisador<\/strong><\/p>    <p class=\"has-background\" style=\"background-color:#f1f1f1\">As l\u00e2minas do analisador do moinho Raymond est\u00e3o localizadas na parte frontal do analisador. A estrutura inclinada da l\u00e2mina do analisador do moinho Raymond resolve o problema de que o fluxo de ar entre as l\u00e2minas do analisador do moinho Raymond de carv\u00e3o \u00e9 muito forte e \u00e9 f\u00e1cil remover alguns materiais de di\u00e2metro grosso. , o problema da baixa efici\u00eancia de classifica\u00e7\u00e3o.<\/p> <\/div> <\/div>    <p class=\"translation-block\">Geralmente, o equipamento de suporte da m\u00e1quina de carv\u00e3o Raymond inclui <strong><a href=\"https:\/\/charcoalplant.com\/pt\/hammer-mill\/\">moagem com martelo<\/a><\/strong>, elevador de ca\u00e7amba, alimentador vibrat\u00f3rio eletromagn\u00e9tico, arm\u00e1rio de controle el\u00e9trico, etc. Este equipamento pode ser combinado numa linha de produ\u00e7\u00e3o de moagem totalmente autom\u00e1tica. Se colocar um <strong><a href=\"https:\/\/charcoalplant.com\/pt\/grinder-and-mixer\/charcoal-powder-mixer\/\">moinho de rodas<\/a><\/strong> e uma m\u00e1quina de comprimidos de carv\u00e3o vegetal shisha atr\u00e1s do moinho de p\u00f3 de carv\u00e3o, torna-se uma linha de produ\u00e7\u00e3o de carv\u00e3o vegetal shisha.<\/p>    <h2 class=\"wp-block-heading\" id=\"h-how-does-the-coal-grinder-work\">Como funciona o moedor de carv\u00e3o?<\/h2>    <ul class=\"wp-block-list\"> <li>As mat\u00e9rias-primas que precisam ser trituradas entram na m\u00e1quina do moinho Raymond de carv\u00e3o atrav\u00e9s da porta de alimenta\u00e7\u00e3o. <\/li>    <li>O material \u00e9 triturado sob a fric\u00e7\u00e3o e rolamento do rolo de moagem e do anel de moagem. Durante este per\u00edodo, a l\u00e2mina sob o rolo de moagem alimentar\u00e1 continuamente o material entre o rolo de moagem e o anel de moagem. <\/li>    <li>O p\u00f3 sobe sob a a\u00e7\u00e3o do ventilador. O p\u00f3 qualificado passa pelo analisador e pelo separador de ciclone para colet\u00e1-lo. Pelo contr\u00e1rio, materiais n\u00e3o qualificados s\u00e3o materiais que n\u00e3o podem ser alcan\u00e7ados em detalhe. Ele cair\u00e1 e continuar\u00e1 a ser mo\u00eddo. Porque o vento \u00e9 c\u00edclico. Portanto, o vento retorna novamente ao ventilador ap\u00f3s passar pelo sistema de remo\u00e7\u00e3o de poeira.<\/li> <\/ul>    <figure class=\"wp-block-image aligncenter size-full\"><img loading=\"lazy\" decoding=\"async\" width=\"720\" height=\"540\" src=\"https:\/\/charcoalplant.com\/wp-content\/uploads\/2021\/12\/charcoal-powder-mill.jpg\" alt=\"moinho de carv\u00e3o em p\u00f3\" class=\"wp-image-2554\"\/><figcaption class=\"wp-element-caption\">moinho de carv\u00e3o em p\u00f3<\/figcaption><\/figure>    <h2 class=\"has-vivid-red-color has-text-color wp-block-heading\">Par\u00e2metros do moinho Raymond de carv\u00e3o<\/h2>    <figure class=\"wp-block-table is-style-stripes\"><table><tbody><tr><td>Modelo<\/td><td>SL-RM3R1410<\/td><td>SL-RM3R1815<\/td><td>SL-RM3R2215<\/td><\/tr><tr><td>&nbsp;Comprimento (mm)<\/td><td>3340<\/td><td>2300<\/td><td>3500<\/td><\/tr><tr><td> Largura (mm)<\/td><td>3865<\/td><td>2860<\/td><td>4280<\/td><\/tr><tr><td> Alto (mm)<\/td><td>4500<\/td><td>2800<\/td><td>4900<\/td><\/tr><\/tbody><\/table><\/figure>    <h2 class=\"wp-block-heading\" id=\"h-coal-grinder-manufacturer\">Moedor de carv\u00e3o<strong> <\/strong>Fabricante<\/h2>    <p>Shuliy Machinery \u00e9 um fabricante de m\u00e1quinas para carv\u00e3o que integra P&amp;D, design e fabrica\u00e7\u00e3o. N\u00e3o temos apenas mais de dez anos de experi\u00eancia em fabrica\u00e7\u00e3o. E temos uma vasta experi\u00eancia empresarial. A f\u00e1brica controla rigorosamente o modelo, composi\u00e7\u00e3o, tamanho e demais especifica\u00e7\u00f5es das pe\u00e7as de reposi\u00e7\u00e3o do equipamento. Portanto, nossa f\u00e1brica pode produzir equipamentos que s\u00e3o amplamente bem recebidos pelos mercados interno e externo. Como moinho Raymond e misturador de p\u00f3 de carv\u00e3o. Bem-vindo a entrar em contato conosco para uma consulta comercial.<\/p>    <figure class=\"wp-block-gallery has-nested-images columns-default is-cropped wp-block-gallery-6 is-layout-flex wp-block-gallery-is-layout-flex\"> <figure class=\"wp-block-image size-large\"><img loading=\"lazy\" decoding=\"async\" width=\"720\" height=\"540\" data-id=\"2559\" src=\"https:\/\/charcoalplant.com\/wp-content\/uploads\/2022\/03\/charcoal-raymond-mill-for-sale-1.jpg\" alt=\"moinho de carv\u00e3o Raymond para venda\" class=\"wp-image-2559\"\/><figcaption class=\"wp-element-caption\">moinho de carv\u00e3o Raymond para venda<\/figcaption><\/figure>    <figure class=\"wp-block-image size-large\"><img loading=\"lazy\" decoding=\"async\" width=\"720\" height=\"540\" data-id=\"2558\" src=\"https:\/\/charcoalplant.com\/wp-content\/uploads\/2022\/03\/coal-powder-mill-machine-plant.jpg\" alt=\"planta de m\u00e1quina de moinho de p\u00f3 de carv\u00e3o\" class=\"wp-image-2558\"\/><figcaption class=\"wp-element-caption\">planta de m\u00e1quina de moinho de p\u00f3 de carv\u00e3o<\/figcaption><\/figure> <\/figure>","protected":false},"excerpt":{"rendered":"<p>Carv\u00e3o Raymond Mill n\u00e3o pode apenas esmagar carv\u00e3o. Tamb\u00e9m pode triturar min\u00e9rio, pedra de quartzo, carv\u00e3o, etc. E a finura de britagem pode ser ajustada.<\/p>","protected":false},"author":1,"featured_media":1528,"parent":0,"template":"","tags":[62],"product-type":[42],"class_list":["post-1519","product","type-product","status-publish","has-post-thumbnail","hentry","tag-grinder-and-mixer","product-type-grinder-and-mixer"],"_links":{"self":[{"href":"https:\/\/charcoalplant.com\/pt\/wp-json\/wp\/v2\/product\/1519","targetHints":{"allow":["GET"]}}],"collection":[{"href":"https:\/\/charcoalplant.com\/pt\/wp-json\/wp\/v2\/product"}],"about":[{"href":"https:\/\/charcoalplant.com\/pt\/wp-json\/wp\/v2\/types\/product"}],"author":[{"embeddable":true,"href":"https:\/\/charcoalplant.com\/pt\/wp-json\/wp\/v2\/users\/1"}],"wp:featuredmedia":[{"embeddable":true,"href":"https:\/\/charcoalplant.com\/pt\/wp-json\/wp\/v2\/media\/1528"}],"wp:attachment":[{"href":"https:\/\/charcoalplant.com\/pt\/wp-json\/wp\/v2\/media?parent=1519"}],"wp:term":[{"taxonomy":"post_tag","embeddable":true,"href":"https:\/\/charcoalplant.com\/pt\/wp-json\/wp\/v2\/tags?post=1519"},{"taxonomy":"product-type","embeddable":true,"href":"https:\/\/charcoalplant.com\/pt\/wp-json\/wp\/v2\/product-type?post=1519"}],"curies":[{"name":"wp","href":"https:\/\/api.w.org\/{rel}","templated":true}]}}