{"id":1533,"date":"2021-12-27T05:48:53","date_gmt":"2021-12-27T05:48:53","guid":{"rendered":"https:\/\/charcoalplant.com\/?p=1533"},"modified":"2023-01-14T14:40:45","modified_gmt":"2023-01-14T06:40:45","slug":"charcoal-powder-mixer","status":"publish","type":"product","link":"https:\/\/charcoalplant.com\/pt\/product\/charcoal-powder-mixer\/","title":{"rendered":"Misturador de carv\u00e3o em p\u00f3 | M\u00e1quina misturadora de rolos de roda"},"content":{"rendered":"<div class=\"kk-star-ratings kksr-auto kksr-align-left kksr-valign-top\"     data-payload='{&quot;align&quot;:&quot;left&quot;,&quot;id&quot;:&quot;1533&quot;,&quot;slug&quot;:&quot;default&quot;,&quot;valign&quot;:&quot;top&quot;,&quot;ignore&quot;:&quot;&quot;,&quot;reference&quot;:&quot;auto&quot;,&quot;class&quot;:&quot;&quot;,&quot;count&quot;:&quot;24&quot;,&quot;legendonly&quot;:&quot;&quot;,&quot;readonly&quot;:&quot;&quot;,&quot;score&quot;:&quot;4.7&quot;,&quot;starsonly&quot;:&quot;&quot;,&quot;best&quot;:&quot;5&quot;,&quot;gap&quot;:&quot;5&quot;,&quot;greet&quot;:&quot;Rate this product&quot;,&quot;legend&quot;:&quot;4.7\\\/5 - (24 votes)&quot;,&quot;size&quot;:&quot;24&quot;,&quot;title&quot;:&quot;Charcoal Powder Mixer | Wheel Roller Mixing Machine&quot;,&quot;width&quot;:&quot;133.8&quot;,&quot;_legend&quot;:&quot;{score}\\\/{best} - ({count} {votes})&quot;,&quot;font_factor&quot;:&quot;1.25&quot;}'>              <div class=\"kksr-stars\">      <div class=\"kksr-stars-inactive\">             <div class=\"kksr-star\" data-star=\"1\" style=\"padding-right: 5px\">               <div class=\"kksr-icon\" style=\"width: 24px; height: 24px;\"><\/div>         <\/div>             <div class=\"kksr-star\" data-star=\"2\" style=\"padding-right: 5px\">               <div class=\"kksr-icon\" style=\"width: 24px; height: 24px;\"><\/div>         <\/div>             <div class=\"kksr-star\" data-star=\"3\" style=\"padding-right: 5px\">               <div class=\"kksr-icon\" style=\"width: 24px; height: 24px;\"><\/div>         <\/div>             <div class=\"kksr-star\" data-star=\"4\" style=\"padding-right: 5px\">               <div class=\"kksr-icon\" style=\"width: 24px; height: 24px;\"><\/div>         <\/div>             <div class=\"kksr-star\" data-star=\"5\" style=\"padding-right: 5px\">               <div class=\"kksr-icon\" style=\"width: 24px; height: 24px;\"><\/div>         <\/div>     <\/div>      <div class=\"kksr-stars-active\" style=\"width: 133.8px;\">             <div class=\"kksr-star\" style=\"padding-right: 5px\">               <div class=\"kksr-icon\" style=\"width: 24px; height: 24px;\"><\/div>         <\/div>             <div class=\"kksr-star\" style=\"padding-right: 5px\">               <div class=\"kksr-icon\" style=\"width: 24px; height: 24px;\"><\/div>         <\/div>             <div class=\"kksr-star\" style=\"padding-right: 5px\">               <div class=\"kksr-icon\" style=\"width: 24px; height: 24px;\"><\/div>         <\/div>             <div class=\"kksr-star\" style=\"padding-right: 5px\">               <div class=\"kksr-icon\" style=\"width: 24px; height: 24px;\"><\/div>         <\/div>             <div class=\"kksr-star\" style=\"padding-right: 5px\">               <div class=\"kksr-icon\" style=\"width: 24px; height: 24px;\"><\/div>         <\/div>     <\/div> <\/div>                   <div class=\"kksr-legend\" style=\"font-size: 19.2px;\">             4,7\/5 - (24 votos)    <\/div>     <\/div>  <p class=\"translation-block\"><strong>Misturador de p\u00f3 de carv\u00e3o<\/strong> \u00e9 um equipamento de processamento necess\u00e1rio em toda a linha de produ\u00e7\u00e3o de carv\u00e3o. Porque o seu uso tornar\u00e1 a produ\u00e7\u00e3o subsequente mais suave. \u00c9 adequado para misturar v\u00e1rios materiais h\u00famidos e secos e coloides, como carv\u00e3o de madeira, carv\u00e3o de casca de arroz, barro refrat\u00e1rio, argila, cinzas volantes, esc\u00f3rias de rejeitos, esc\u00f3ria, areia de moldagem, etc. Pode deixar os seus requisitos ou ligar-nos e servir-nos-emos de forma completa.<\/p>    <h2 class=\"wp-block-heading\" id=\"h-what-is-a-charcoal-powder-mixer-machine\"><strong>O que \u00e9 uma m\u00e1quina misturadora de carv\u00e3o em p\u00f3?<\/strong><\/h2>    <p>O misturador de p\u00f3 de carv\u00e3o vegetal \u00e9 o principal equipamento de processamento para a fabrica\u00e7\u00e3o de carv\u00e3o vegetal. A principal fun\u00e7\u00e3o do misturador moinho de rodas \u00e9 compactar e agitar as mat\u00e9rias-primas. E esta etapa tamb\u00e9m estabelece a base para o processamento da m\u00e1quina de moldagem subsequente.<\/p>    <figure class=\"wp-block-image aligncenter size-full\"><img loading=\"lazy\" decoding=\"async\" width=\"720\" height=\"540\" src=\"https:\/\/charcoalplant.com\/wp-content\/uploads\/2022\/03\/applications-of-charcoal-powder-mixer.jpg\" alt=\"aplica\u00e7\u00f5es de misturador de carv\u00e3o em p\u00f3\" class=\"wp-image-2574\"\/><figcaption class=\"wp-element-caption\">aplica\u00e7\u00f5es de misturador de carv\u00e3o em p\u00f3<\/figcaption><\/figure>    <h2 class=\"wp-block-heading\"><strong>Princ\u00edpio de funcionamento da m\u00e1quina misturadora de rolos de roda<\/strong><\/h2>    <p>O equipamento de mistura de carv\u00e3o em p\u00f3 usa polias de correia para acionar dois rolos que se movem em movimentos circulares. Seu principal princ\u00edpio de funcionamento \u00e9 misturar totalmente o p\u00f3 e o aglutinante em boa propor\u00e7\u00e3o com \u00e1gua ap\u00f3s rolar e mexer. A mistura dos materiais \u00e9 conclu\u00edda em cerca de 20 minutos. Finalmente, os materiais uniformemente misturados s\u00e3o descarregados pela v\u00e1lvula na parte inferior do moinho de rodas.<\/p>    <figure class=\"wp-block-gallery has-nested-images columns-default is-cropped wp-block-gallery-2 is-layout-flex wp-block-gallery-is-layout-flex\"> <figure class=\"wp-block-image size-large\"><img loading=\"lazy\" decoding=\"async\" width=\"720\" height=\"540\" data-id=\"2585\" src=\"https:\/\/charcoalplant.com\/wp-content\/uploads\/2022\/03\/large-vetcial-coal-powder-machine.jpg\" alt=\"\" class=\"wp-image-2585\"\/><\/figure>    <figure class=\"wp-block-image size-full\"><img loading=\"lazy\" decoding=\"async\" width=\"720\" height=\"540\" data-id=\"1539\" src=\"https:\/\/charcoalplant.com\/wp-content\/uploads\/2021\/12\/wheel-roller-mixing-machine-for-sale-1.jpg\" alt=\"m\u00e1quina misturadora de rolo de roda para venda\" class=\"wp-image-1539\" srcset=\"https:\/\/charcoalplant.com\/wp-content\/uploads\/2021\/12\/wheel-roller-mixing-machine-for-sale-1.jpg 720w, https:\/\/charcoalplant.com\/wp-content\/uploads\/2021\/12\/wheel-roller-mixing-machine-for-sale-1-300x225.jpg 300w\" sizes=\"auto, (max-width: 720px) 100vw, 720px\" \/><figcaption class=\"wp-element-caption\">m\u00e1quina misturadora de rolo de roda para venda<\/figcaption><\/figure> <\/figure>    <h2 class=\"wp-block-heading\" id=\"h-charcoal-powder-mixer-structure\"><strong>Estrutura do misturador de carv\u00e3o em p\u00f3<\/strong><strong><\/strong><\/h2>    <p>A m\u00e1quina misturadora de carv\u00e3o em p\u00f3 inclui principalmente rolos, discos, raspadores, redutores, motores, v\u00e1lvulas e outras pe\u00e7as. <\/p>    <div class=\"wp-block-columns has-background is-layout-flex wp-container-core-columns-is-layout-28f84493 wp-block-columns-is-layout-flex\" style=\"background-color:#f1f1f1\"> <div class=\"wp-block-column is-layout-flow wp-block-column-is-layout-flow\" style=\"flex-basis:66.66%\"> <figure class=\"wp-block-gallery has-nested-images columns-default is-cropped wp-block-gallery-3 is-layout-flex wp-block-gallery-is-layout-flex\"> <figure class=\"wp-block-image size-large\"><img loading=\"lazy\" decoding=\"async\" width=\"720\" height=\"540\" data-id=\"2578\" src=\"https:\/\/charcoalplant.com\/wp-content\/uploads\/2022\/03\/Roller.jpg\" alt=\"Rolo\" class=\"wp-image-2578\"\/><figcaption class=\"wp-element-caption\">Rolo<\/figcaption><\/figure> <\/figure> <\/div>    <div class=\"wp-block-column is-vertically-aligned-center is-layout-flow wp-block-column-is-layout-flow\" style=\"flex-basis:33.33%\"> <p class=\"translation-block\"><strong>Rolos<\/strong><\/p>    <p>S\u00e3o dois rolos entre eles, ent\u00e3o a finalidade tamb\u00e9m \u00e9 triturar melhor a mat\u00e9ria-prima. Portanto, a efici\u00eancia do trabalho \u00e9 bastante melhorada.<\/p> <\/div> <\/div>    <div class=\"wp-block-columns has-background is-layout-flex wp-container-core-columns-is-layout-28f84493 wp-block-columns-is-layout-flex\" style=\"background-color:#f1f1f1\"> <div class=\"wp-block-column is-vertically-aligned-center is-layout-flow wp-block-column-is-layout-flow\" style=\"flex-basis:33.33%\"> <p class=\"translation-block\"><strong>Sa\u00edda<\/strong><\/p>    <p>A porta de descarga do misturador de p\u00f3 de carv\u00e3o fica na parte inferior da m\u00e1quina. Portanto, o p\u00f3 de carv\u00e3o processado \u00e9 muito conveniente para uso direto.<\/p> <\/div>    <div class=\"wp-block-column is-layout-flow wp-block-column-is-layout-flow\" style=\"flex-basis:66.66%\"> <figure class=\"wp-block-gallery has-nested-images columns-default is-cropped wp-block-gallery-4 is-layout-flex wp-block-gallery-is-layout-flex\"> <figure class=\"wp-block-image size-large\"><img loading=\"lazy\" decoding=\"async\" width=\"753\" height=\"606\" data-id=\"2580\" src=\"https:\/\/charcoalplant.com\/wp-content\/uploads\/2022\/03\/outlet.jpg\" alt=\"tomada\" class=\"wp-image-2580\"\/><figcaption class=\"wp-element-caption\">tomada<\/figcaption><\/figure> <\/figure> <\/div> <\/div>    <div class=\"wp-block-columns has-background is-layout-flex wp-container-core-columns-is-layout-28f84493 wp-block-columns-is-layout-flex\" style=\"background-color:#f1f1f1\"> <div class=\"wp-block-column is-layout-flow wp-block-column-is-layout-flow\" style=\"flex-basis:66.66%\"> <figure class=\"wp-block-gallery has-nested-images columns-default is-cropped wp-block-gallery-5 is-layout-flex wp-block-gallery-is-layout-flex\"> <figure class=\"wp-block-image size-large\"><img loading=\"lazy\" decoding=\"async\" width=\"720\" height=\"540\" data-id=\"1523\" src=\"https:\/\/charcoalplant.com\/wp-content\/uploads\/2021\/12\/Charcoal-Raymond-mill-shovel-1.jpg\" alt=\"P\u00e1 de carv\u00e3o-Raymond-mill\" class=\"wp-image-1523\" srcset=\"https:\/\/charcoalplant.com\/wp-content\/uploads\/2021\/12\/Charcoal-Raymond-mill-shovel-1.jpg 720w, https:\/\/charcoalplant.com\/wp-content\/uploads\/2021\/12\/Charcoal-Raymond-mill-shovel-1-300x225.jpg 300w\" sizes=\"auto, (max-width: 720px) 100vw, 720px\" \/><figcaption class=\"wp-element-caption\">P\u00e1 de carv\u00e3o-Raymond-mill<\/figcaption><\/figure> <\/figure> <\/div>    <div class=\"wp-block-column is-vertically-aligned-center is-layout-flow wp-block-column-is-layout-flow\" style=\"flex-basis:33.33%\"> <p class=\"translation-block\"><strong>P\u00e1<\/strong><\/p>    <p>O uso da p\u00e1 tamb\u00e9m \u00e9 muito inteligente. Por um lado, limpa o material para obter o efeito de lamina\u00e7\u00e3o repetida. Por outro lado, tamb\u00e9m desempenha a fun\u00e7\u00e3o de mexer durante a rota\u00e7\u00e3o.<\/p> <\/div> <\/div>    <h2 class=\"wp-block-heading\" id=\"h-features-of-coal-dust-milling-machine\"><strong>Caracter\u00edsticas da m\u00e1quina fresadora de p\u00f3 de carv\u00e3o<\/strong><\/h2>    <p class=\"translation-block\"><strong>Shuliy Machinery<\/strong> \u00e9 um excelente fabricante de <strong><a href=\"https:\/\/charcoalplant.com\/pt\/charcoal-making-machine\/\">m\u00e1quinas de carv\u00e3o<\/a><\/strong> na China. A m\u00e1quina de mistura de p\u00f3s de carv\u00e3o produzida pela nossa f\u00e1brica tem as seguintes caracter\u00edsticas:<\/p>    <p>1. A agita\u00e7\u00e3o e a tritura\u00e7\u00e3o s\u00e3o realizadas simultaneamente. Ent\u00e3o o efeito de mistura \u00e9 bom.<\/p>    <p>2. Porque o misturador de carv\u00e3o pulverizado n\u00e3o possui pe\u00e7as de desgaste. Portanto, tem uma longa vida \u00fatil<\/p>    <p>3. Mat\u00e9rias-primas abundantes e ampla aplica\u00e7\u00e3o.<\/p>    <p>4. Manuten\u00e7\u00e3o conveniente e n\u00e3o \u00e9 f\u00e1cil de danificar.<\/p>    <p>5. Opera\u00e7\u00e3o simples e opera\u00e7\u00e3o est\u00e1vel.<\/p>    <figure class=\"wp-block-image aligncenter size-full\"><img loading=\"lazy\" decoding=\"async\" width=\"720\" height=\"540\" src=\"https:\/\/charcoalplant.com\/wp-content\/uploads\/2022\/03\/carbon-dust-mixing-machine-1.jpg\" alt=\"\" class=\"wp-image-2593\"\/><figcaption class=\"wp-element-caption\">m\u00e1quina de mistura de p\u00f3 de carbono<\/figcaption><\/figure>    <h2 class=\"wp-block-heading\"><strong>Por que recomendar que voc\u00ea use uma m\u00e1quina misturadora de carv\u00e3o?<\/strong><\/h2>    <p class=\"translation-block\">Misturadores verticais de carv\u00e3o s\u00e3o a primeira escolha para muitos fabricantes que procuram produzir produtos acabados de alta qualidade. Por exemplo, <strong><a href=\"https:\/\/charcoalplant.com\/pt\/charcoal-briquetting-machine\/rotary-hookah-tablet-press\/\">planta de carv\u00e3o de cachimbo de fogo r\u00e1pido<\/a><\/strong>, artesanato cer\u00e2mico, produ\u00e7\u00e3o de ra\u00e7\u00e3o animal, etc. Porque existem efeitos de mexer e comprimir no processo de mistura. Assim, o ar entre as part\u00edculas de material pode ser expulso de forma mais eficaz. Para fazer com que a lama e a \u00e1gua misturadas fiquem homog\u00e9neas. Em resumo, o uso de m\u00e1quinas de mistura com rolos pode melhorar muito a taxa de utiliza\u00e7\u00e3o dos materiais.<\/p>    <figure class=\"wp-block-gallery has-nested-images columns-default is-cropped wp-block-gallery-6 is-layout-flex wp-block-gallery-is-layout-flex\"> <figure class=\"wp-block-image size-large\"><img loading=\"lazy\" decoding=\"async\" width=\"720\" height=\"540\" data-id=\"2611\" src=\"https:\/\/charcoalplant.com\/wp-content\/uploads\/2022\/03\/charcoal-powder-mixer-plant.jpg\" alt=\"planta misturadora de carv\u00e3o em p\u00f3\" class=\"wp-image-2611\"\/><figcaption class=\"wp-element-caption\">planta misturadora de carv\u00e3o em p\u00f3<\/figcaption><\/figure>    <figure class=\"wp-block-image size-large\"><img loading=\"lazy\" decoding=\"async\" width=\"720\" height=\"540\" data-id=\"2612\" src=\"https:\/\/charcoalplant.com\/wp-content\/uploads\/2022\/03\/factory-stock.jpg\" alt=\"estoque de f\u00e1brica\" class=\"wp-image-2612\"\/><figcaption class=\"wp-element-caption\">estoque de f\u00e1brica<\/figcaption><\/figure> <\/figure>    <h2 class=\"wp-block-heading\"><strong>V\u00eddeo do fabricante de equipamento de mistura de p\u00f3 de carv\u00e3o<\/strong><\/h2>    <figure class=\"wp-block-embed is-type-video is-provider-youtube wp-block-embed-youtube wp-embed-aspect-16-9 wp-has-aspect-ratio\"><div class=\"wp-block-embed__wrapper\"> <iframe loading=\"lazy\" title=\"M\u00e1quina misturadora de carv\u00e3o em p\u00f3 | Fabricante e fornecedor de equipamento de mistura de p\u00f3 de carv\u00e3o\" width=\"500\" height=\"281\" src=\"https:\/\/www.youtube.com\/embed\/l7g4RRgxObs?start=19&#038;feature=oembed\" frameborder=\"0\" allow=\"accelerometer; autoplay; clipboard-write; encrypted-media; gyroscope; picture-in-picture; web-share\" referrerpolicy=\"strict-origin-when-cross-origin\" allowfullscreen><\/iframe> <\/div><\/figure>    <h2 class=\"wp-block-heading\" id=\"h-parameters-of-wheel-roller-grinding-machine\"><strong>Par\u00e2metros da m\u00e1quina misturadora de rolos de rodas<\/strong><\/h2>    <p class=\"translation-block\">Produzimos misturadores de p\u00f3 de carbono de diferentes especifica\u00e7\u00f5es. Al\u00e9m disso, fornecemos <strong><a href=\"https:\/\/charcoalplant.com\/pt\/info\/3-sl-cg1500-wheel-mills-were-sold-to-south-africa\/\">servi\u00e7os personalizados<\/a><\/strong> para misturadores e linhas de produ\u00e7\u00e3o. Portanto, se quiser conhecer o pre\u00e7o espec\u00edfico da m\u00e1quina de misturar p\u00f3 de carbono, por favor contacte-nos para consulta. Al\u00e9m disso, fornecer-lhe-emos os mais recentes par\u00e2metros de equipamento.<\/p>    <p>A seguir est\u00e3o os par\u00e2metros de algumas fresas de rodas, apenas para refer\u00eancia:<\/p>    <figure class=\"wp-block-table is-style-stripes\"><table><tbody><tr><td>Modelo<\/td><td>SL-CG1<\/td><td>SL-CG2<\/td><td>SL-CG3<\/td><td>SL-CG4<\/td><\/tr><tr><td>Di\u00e2metro do disco (mm)<\/td><td>1000<\/td><td>1200<\/td><td>1500<\/td><td>1600<\/td><\/tr><tr><td>Quantidade de alimenta\u00e7\u00e3o (Kg)<\/td><td>110<\/td><td>150<\/td><td>350<\/td><td>450<\/td><\/tr><tr><td>Ciclo de mistura (min)<\/td><td>3-8<\/td><td>3-5<\/td><td>3-5<\/td><td>3-5<\/td><\/tr><tr><td>Capacidade (t\/h)<\/td><td>1.5-2.5<\/td><td>1.5-3<\/td><td>7<\/td><td>9<\/td><\/tr><tr><td>Velocidade do fuso (r\/min)<\/td><td>41<\/td><td>41<\/td><td>37<\/td><td>37<\/td><\/tr><tr><td>Pot\u00eancia (KW)<\/td><td>5.5<\/td><td>7.5<\/td><td>15<\/td><td>18.5<\/td><\/tr><tr><td>Dimens\u00e3o(m)<\/td><td>1*1*1.2<\/td><td>1.2*1.2*1.3<\/td><td>1.5*1.5*1.6<\/td><td>1.6*1.6*1.7<\/td><\/tr><tr><td>Peso(t)<\/td><td>1<\/td><td>1.2<\/td><td>2<\/td><td>2.5<\/td><\/tr><\/tbody><\/table><\/figure>    <h2 class=\"wp-block-heading\">Excelentes misturadores de carv\u00e3o em p\u00f3 prontos para envio<\/h2>    <figure class=\"wp-block-gallery has-nested-images columns-2 is-cropped wp-block-gallery-7 is-layout-flex wp-block-gallery-is-layout-flex\"> <figure class=\"wp-block-image size-large\"><img loading=\"lazy\" decoding=\"async\" width=\"720\" height=\"540\" data-id=\"2588\" src=\"https:\/\/charcoalplant.com\/wp-content\/uploads\/2022\/03\/small-charcoal-powder-mixer-for-sale-1.jpg\" alt=\"pequeno misturador de carv\u00e3o em p\u00f3 para venda\" class=\"wp-image-2588\"\/><figcaption class=\"wp-element-caption\">pequeno misturador de carv\u00e3o em p\u00f3 para venda<\/figcaption><\/figure>    <figure class=\"wp-block-image size-large\"><img loading=\"lazy\" decoding=\"async\" width=\"720\" height=\"540\" data-id=\"2590\" src=\"https:\/\/charcoalplant.com\/wp-content\/uploads\/2022\/03\/vertial-mixer-show.jpg\" alt=\"show de mixer vertical\" class=\"wp-image-2590\"\/><figcaption class=\"wp-element-caption\">show de mixer vertical<\/figcaption><\/figure>    <figure class=\"wp-block-image size-large\"><img loading=\"lazy\" decoding=\"async\" width=\"720\" height=\"540\" data-id=\"2587\" src=\"https:\/\/charcoalplant.com\/wp-content\/uploads\/2022\/03\/wheel-roller-for-sale.jpg\" alt=\"rolo de roda para venda\" class=\"wp-image-2587\"\/><figcaption class=\"wp-element-caption\">rolo de roda para venda<\/figcaption><\/figure>    <figure class=\"wp-block-image size-large\"><img loading=\"lazy\" decoding=\"async\" width=\"720\" height=\"540\" data-id=\"2589\" src=\"https:\/\/charcoalplant.com\/wp-content\/uploads\/2022\/03\/ship.jpg\" alt=\"envio\" class=\"wp-image-2589\"\/><figcaption class=\"wp-element-caption\">envio<\/figcaption><\/figure> <\/figure>","protected":false},"excerpt":{"rendered":"<p>O misturador de carv\u00e3o em p\u00f3 \u00e9 um equipamento que integra britagem e mistura. E n\u00e3o \u00e9 afetado pela umidade do material.<\/p>","protected":false},"author":1,"featured_media":1534,"parent":0,"template":"","tags":[62],"product-type":[42],"class_list":["post-1533","product","type-product","status-publish","has-post-thumbnail","hentry","tag-grinder-and-mixer","product-type-grinder-and-mixer"],"_links":{"self":[{"href":"https:\/\/charcoalplant.com\/pt\/wp-json\/wp\/v2\/product\/1533","targetHints":{"allow":["GET"]}}],"collection":[{"href":"https:\/\/charcoalplant.com\/pt\/wp-json\/wp\/v2\/product"}],"about":[{"href":"https:\/\/charcoalplant.com\/pt\/wp-json\/wp\/v2\/types\/product"}],"author":[{"embeddable":true,"href":"https:\/\/charcoalplant.com\/pt\/wp-json\/wp\/v2\/users\/1"}],"wp:featuredmedia":[{"embeddable":true,"href":"https:\/\/charcoalplant.com\/pt\/wp-json\/wp\/v2\/media\/1534"}],"wp:attachment":[{"href":"https:\/\/charcoalplant.com\/pt\/wp-json\/wp\/v2\/media?parent=1533"}],"wp:term":[{"taxonomy":"post_tag","embeddable":true,"href":"https:\/\/charcoalplant.com\/pt\/wp-json\/wp\/v2\/tags?post=1533"},{"taxonomy":"product-type","embeddable":true,"href":"https:\/\/charcoalplant.com\/pt\/wp-json\/wp\/v2\/product-type?post=1533"}],"curies":[{"name":"wp","href":"https:\/\/api.w.org\/{rel}","templated":true}]}}