{"id":1547,"date":"2021-12-27T08:05:11","date_gmt":"2021-12-27T08:05:11","guid":{"rendered":"https:\/\/charcoalplant.com\/?p=1547"},"modified":"2023-04-14T09:25:21","modified_gmt":"2023-04-14T01:25:21","slug":"charcoal-shredder","status":"publish","type":"product","link":"https:\/\/charcoalplant.com\/pt\/product\/charcoal-shredder\/","title":{"rendered":"Triturador de carv\u00e3o | M\u00e1quina moedora de carv\u00e3o"},"content":{"rendered":"<div class=\"kk-star-ratings kksr-auto kksr-align-left kksr-valign-top\"     data-payload='{&quot;align&quot;:&quot;left&quot;,&quot;id&quot;:&quot;1547&quot;,&quot;slug&quot;:&quot;default&quot;,&quot;valign&quot;:&quot;top&quot;,&quot;ignore&quot;:&quot;&quot;,&quot;reference&quot;:&quot;auto&quot;,&quot;class&quot;:&quot;&quot;,&quot;count&quot;:&quot;27&quot;,&quot;legendonly&quot;:&quot;&quot;,&quot;readonly&quot;:&quot;&quot;,&quot;score&quot;:&quot;4.7&quot;,&quot;starsonly&quot;:&quot;&quot;,&quot;best&quot;:&quot;5&quot;,&quot;gap&quot;:&quot;5&quot;,&quot;greet&quot;:&quot;Rate this product&quot;,&quot;legend&quot;:&quot;4.7\\\/5 - (27 votes)&quot;,&quot;size&quot;:&quot;24&quot;,&quot;title&quot;:&quot;Charcoal Shredder | Coal Grinder Machine&quot;,&quot;width&quot;:&quot;133.8&quot;,&quot;_legend&quot;:&quot;{score}\\\/{best} - ({count} {votes})&quot;,&quot;font_factor&quot;:&quot;1.25&quot;}'>              <div class=\"kksr-stars\">      <div class=\"kksr-stars-inactive\">             <div class=\"kksr-star\" data-star=\"1\" style=\"padding-right: 5px\">               <div class=\"kksr-icon\" style=\"width: 24px; height: 24px;\"><\/div>         <\/div>             <div class=\"kksr-star\" data-star=\"2\" style=\"padding-right: 5px\">               <div class=\"kksr-icon\" style=\"width: 24px; height: 24px;\"><\/div>         <\/div>             <div class=\"kksr-star\" data-star=\"3\" style=\"padding-right: 5px\">               <div class=\"kksr-icon\" style=\"width: 24px; height: 24px;\"><\/div>         <\/div>             <div class=\"kksr-star\" data-star=\"4\" style=\"padding-right: 5px\">               <div class=\"kksr-icon\" style=\"width: 24px; height: 24px;\"><\/div>         <\/div>             <div class=\"kksr-star\" data-star=\"5\" style=\"padding-right: 5px\">               <div class=\"kksr-icon\" style=\"width: 24px; height: 24px;\"><\/div>         <\/div>     <\/div>      <div class=\"kksr-stars-active\" style=\"width: 133.8px;\">             <div class=\"kksr-star\" style=\"padding-right: 5px\">               <div class=\"kksr-icon\" style=\"width: 24px; height: 24px;\"><\/div>         <\/div>             <div class=\"kksr-star\" style=\"padding-right: 5px\">               <div class=\"kksr-icon\" style=\"width: 24px; height: 24px;\"><\/div>         <\/div>             <div class=\"kksr-star\" style=\"padding-right: 5px\">               <div class=\"kksr-icon\" style=\"width: 24px; height: 24px;\"><\/div>         <\/div>             <div class=\"kksr-star\" style=\"padding-right: 5px\">               <div class=\"kksr-icon\" style=\"width: 24px; height: 24px;\"><\/div>         <\/div>             <div class=\"kksr-star\" style=\"padding-right: 5px\">               <div class=\"kksr-icon\" style=\"width: 24px; height: 24px;\"><\/div>         <\/div>     <\/div> <\/div>                   <div class=\"kksr-legend\" style=\"font-size: 19.2px;\">             4,7\/5 - (27 votos)    <\/div>     <\/div>  <p class=\"translation-block\"><strong>Desintegrador de carv\u00e3o<\/strong> e m\u00e1quina de esmagamento de carv\u00e3o frequentemente aparecem na <strong><a href=\"https:\/\/charcoalplant.com\/pt\/charcoal-briquettes-production-line\/\">linha de produ\u00e7\u00e3o de briquetes de carv\u00e3o<\/a><\/strong>. O seu uso tornar\u00e1 a opera\u00e7\u00e3o de toda a linha de produ\u00e7\u00e3o de carv\u00e3o mais suave. A Shuliy Machinery produz todos os tipos de equipamentos de processamento de carv\u00e3o. Se voc\u00ea gostaria de saber sobre nossa m\u00e1quina de esmagamento, por favor, entre em contato conosco imediatamente. E voc\u00ea obter\u00e1 informa\u00e7\u00f5es sobre pre\u00e7os e par\u00e2metros do equipamento.<\/p>    <h2 class=\"wp-block-heading\" id=\"h-type-1-charcoal-shredder-machine\"><strong>Tipo 1:<\/strong> <strong>Triturador de carv\u00e3o<\/strong> <strong>m\u00e1quina<\/strong><\/h2>    <p>A m\u00e1quina de carv\u00e3o em p\u00f3 tamb\u00e9m \u00e9 chamada de triturador de palha, m\u00e1quina trituradora de talo de milho. \u00c9 tamb\u00e9m um novo tipo de equipamento de prote\u00e7\u00e3o ambiental. Porque inclui principalmente a estrutura da porta de alimenta\u00e7\u00e3o, martelo, l\u00e2mina, tela e porta de descarga. Portanto, seu princ\u00edpio de funcionamento \u00e9 usar uma l\u00e2mina para picar primeiro a mat\u00e9ria-prima. Ent\u00e3o \u00e9 repetidamente martelado pelo martelo. Finalmente, materiais qualificados cair\u00e3o na tela.<\/p>    <figure class=\"wp-block-gallery has-nested-images columns-default is-cropped wp-block-gallery-2 is-layout-flex wp-block-gallery-is-layout-flex\"> <figure class=\"wp-block-image size-large\"><img loading=\"lazy\" decoding=\"async\" width=\"720\" height=\"540\" data-id=\"1555\" src=\"https:\/\/charcoalplant.com\/wp-content\/uploads\/2021\/12\/Charcoal-shredder-2-1.jpg\" alt=\"Triturador de carv\u00e3o\" class=\"wp-image-1555\" srcset=\"https:\/\/charcoalplant.com\/wp-content\/uploads\/2021\/12\/Charcoal-shredder-2-1.jpg 720w, https:\/\/charcoalplant.com\/wp-content\/uploads\/2021\/12\/Charcoal-shredder-2-1-300x225.jpg 300w\" sizes=\"auto, (max-width: 720px) 100vw, 720px\" \/><figcaption class=\"wp-element-caption\">Triturador de carv\u00e3o<\/figcaption><\/figure>    <figure class=\"wp-block-image size-large\"><img loading=\"lazy\" decoding=\"async\" width=\"720\" height=\"540\" data-id=\"1861\" src=\"https:\/\/charcoalplant.com\/wp-content\/uploads\/2021\/12\/charcoal-shredder-machine-plant.jpg\" alt=\"planta de m\u00e1quina trituradora de carv\u00e3o\" class=\"wp-image-1861\" srcset=\"https:\/\/charcoalplant.com\/wp-content\/uploads\/2021\/12\/charcoal-shredder-machine-plant.jpg 720w, https:\/\/charcoalplant.com\/wp-content\/uploads\/2021\/12\/charcoal-shredder-machine-plant-300x225.jpg 300w\" sizes=\"auto, (max-width: 720px) 100vw, 720px\" \/><figcaption class=\"wp-element-caption\">planta de m\u00e1quina trituradora de carv\u00e3o<\/figcaption><\/figure> <\/figure>    <h3 class=\"wp-block-heading\" id=\"h-application-of-charcoal-powder-machine\"><strong>Aplica\u00e7\u00f5es de carv\u00e3o<\/strong> <strong>m\u00e1quina trituradora<\/strong><\/h3>    <p>As mat\u00e9rias-primas do pequeno triturador de carv\u00e3o\u00a0s\u00e3o extensas. Ele n\u00e3o pode apenas esmagar palha, palha, madeira, materiais medicinais chineses, especiarias, bambu e outras mat\u00e9rias-primas. O material triturado pode ser utilizado para produzir diversos produtos acabados. Como s\u00e2ndalo, bobinas de mosquitos, fertilizante de biomassa, combust\u00edvel de biomassa, carv\u00e3o vegetal feito \u00e0 m\u00e1quina, aglomerado e outros produtos acabados. Na verdade, o meio utilizado para cultivar cogumelos ostra, cogumelos shiitake, fungos, etc. tamb\u00e9m s\u00e3o res\u00edduos reciclados.<\/p>    <figure class=\"wp-block-image aligncenter size-full\"><img loading=\"lazy\" decoding=\"async\" width=\"720\" height=\"540\" src=\"https:\/\/charcoalplant.com\/wp-content\/uploads\/2021\/12\/Charcoal-crusher-crushing-effect-1.jpg\" alt=\"Efeito de esmagamento de triturador de carv\u00e3o\" class=\"wp-image-1556\" srcset=\"https:\/\/charcoalplant.com\/wp-content\/uploads\/2021\/12\/Charcoal-crusher-crushing-effect-1.jpg 720w, https:\/\/charcoalplant.com\/wp-content\/uploads\/2021\/12\/Charcoal-crusher-crushing-effect-1-300x225.jpg 300w\" sizes=\"auto, (max-width: 720px) 100vw, 720px\" \/><figcaption class=\"wp-element-caption\">Efeito de esmagamento de triturador de carv\u00e3o<\/figcaption><\/figure>    <h3 class=\"wp-block-heading\"><strong>Par\u00e2metro da m\u00e1quina trituradora de carv\u00e3o<\/strong>\u00e9<\/h3>    <figure class=\"wp-block-table is-style-stripes\"><table><tbody><tr><td>Modelo<\/td><td>SL-HM60<\/td><td>SL-HM70<\/td><td>SL-HM80<\/td><td>SL-HM90<\/td><td>SL-HM1000<\/td><td>SL-HM1300<\/td><\/tr><tr><td>Pot\u00eancia (kw)<\/td><td>22<\/td><td>30<\/td><td>37<\/td><td>55<\/td><td>75<\/td><td>90<\/td><\/tr><tr><td>Martelos (pe\u00e7as)<\/td><td>30<\/td><td>40<\/td><td>50<\/td><td>50<\/td><td>105<\/td><td>105<\/td><\/tr><tr><td>Ventilador (kw)<\/td><td>&nbsp;<\/td><td>&nbsp;<\/td><td>7.5<\/td><td>7.5<\/td><td>11<\/td><td>22<\/td><\/tr><tr><td>Removedor de poeira (pcs)<\/td><td>5<\/td><td>5<\/td><td>5<\/td><td>5<\/td><td>14<\/td><td>14<\/td><\/tr><tr><td>Di\u00e2metro do ciclone (m)<\/td><td>1<\/td><td>1<\/td><td>1<\/td><td>1<\/td><td>1<\/td><td>1<\/td><\/tr><tr><td>Capacidade (t\/h)<\/td><td>0.6-0.8<\/td><td>1-1.2<\/td><td>1.2-1.5<\/td><td>1.5-3<\/td><td>3-4<\/td><td>4-5<\/td><\/tr><\/tbody><\/table><\/figure>    <p>SL-HM 60 e SL-HM70 s\u00e3o nossos campe\u00f5es de vendas. Devido ao seu pequeno tamanho e baixo custo. SL-HM 1300 \u00e9 o mais comum.<\/p>    <h3 class=\"wp-block-heading\"><strong>V\u00eddeo do triturador de carv\u00e3o <\/strong><\/h3>    <p>O v\u00eddeo abaixo mostra a capacidade da m\u00e1quina de fazer carv\u00e3o em p\u00f3 de triturar uma variedade de mat\u00e9rias-primas. Por exemplo, carv\u00e3o, palha, papel, toras, etc.<\/p>    <figure class=\"wp-block-embed is-type-video is-provider-youtube wp-block-embed-youtube wp-embed-aspect-16-9 wp-has-aspect-ratio\"><div class=\"wp-block-embed__wrapper\"> <iframe loading=\"lazy\" title=\"Venda quente moinho de martelo de casca de coco | Trituradora de palha para alimenta\u00e7\u00e3o animal Factory#biomass#charcoalcrushing\" width=\"500\" height=\"281\" src=\"https:\/\/www.youtube.com\/embed\/Jvb6txakGeQ?feature=oembed\" frameborder=\"0\" allow=\"accelerometer; autoplay; clipboard-write; encrypted-media; gyroscope; picture-in-picture; web-share\" referrerpolicy=\"strict-origin-when-cross-origin\" allowfullscreen><\/iframe> <\/div><\/figure>    <h2 class=\"wp-block-heading\" id=\"h-type-2-coal-grinder-machine\"><strong>Tipo 2:<\/strong> <strong>M\u00e1quina moedora de carv\u00e3o<\/strong><\/h2>    <p>O triturador de carv\u00e3o \u00e9 conhecido como triturador composto vertical. Tamb\u00e9m \u00e9 conhecido como pulverizador de pedra e triturador composto. Ele n\u00e3o apenas adota de forma inteligente o princ\u00edpio de funcionamento de pedra batendo pedra. Al\u00e9m disso, tamb\u00e9m possui duas fun\u00e7\u00f5es: britagem fina e moagem grossa. Sua estrutura inclui principalmente um dispositivo de transmiss\u00e3o, eixo principal, cilindro, tampa superior e base. <\/p>    <p>Seu princ\u00edpio de funcionamento \u00e9 que o carv\u00e3o cai primeiro verticalmente da parte superior da m\u00e1quina para o impulsor girat\u00f3rio de alta velocidade. Em seguida, os materiais s\u00e3o esmagados ap\u00f3s baterem repetidamente uns nos outros. Finalmente, \u00e9 descarregado direto do fundo. Existem equipamentos de triagem para controlar e atingir o tamanho de part\u00edcula necess\u00e1rio do produto acabado.<\/p>    <figure class=\"wp-block-gallery has-nested-images columns-default is-cropped wp-block-gallery-3 is-layout-flex wp-block-gallery-is-layout-flex\"> <figure class=\"wp-block-image size-large\"><img loading=\"lazy\" decoding=\"async\" width=\"720\" height=\"540\" data-id=\"1863\" src=\"https:\/\/charcoalplant.com\/wp-content\/uploads\/2021\/12\/Charcoal-shredder.jpg\" alt=\"Triturador de carv\u00e3o\" class=\"wp-image-1863\" srcset=\"https:\/\/charcoalplant.com\/wp-content\/uploads\/2021\/12\/Charcoal-shredder.jpg 720w, https:\/\/charcoalplant.com\/wp-content\/uploads\/2021\/12\/Charcoal-shredder-300x225.jpg 300w\" sizes=\"auto, (max-width: 720px) 100vw, 720px\" \/><figcaption class=\"wp-element-caption\">Triturador de carv\u00e3o<\/figcaption><\/figure>    <figure class=\"wp-block-image size-large\"><img loading=\"lazy\" decoding=\"async\" width=\"720\" height=\"540\" data-id=\"1862\" src=\"https:\/\/charcoalplant.com\/wp-content\/uploads\/2021\/12\/crusher-plant-2.jpg\" alt=\"m\u00e1quina de esmagamento de carv\u00e3o\" class=\"wp-image-1862\" srcset=\"https:\/\/charcoalplant.com\/wp-content\/uploads\/2021\/12\/crusher-plant-2.jpg 720w, https:\/\/charcoalplant.com\/wp-content\/uploads\/2021\/12\/crusher-plant-2-300x225.jpg 300w\" sizes=\"auto, (max-width: 720px) 100vw, 720px\" \/><figcaption class=\"wp-element-caption\">m\u00e1quina de esmagamento de carv\u00e3o<\/figcaption><\/figure> <\/figure>    <h3 class=\"wp-block-heading\" id=\"h-application-of-coal-powder-machine\"><strong>Aplica\u00e7\u00e3o de m\u00e1quina de p\u00f3 de carv\u00e3o<\/strong><\/h3>    <p>O triturador de carv\u00e3o \u00e9 abreviado como triturador composto. E \u00e9 um dos equipamentos comuns em linhas de produ\u00e7\u00e3o de britagem e linhas de produ\u00e7\u00e3o de areia. Como o triturador de carv\u00e3o n\u00e3o possui barras de tela, n\u00e3o h\u00e1 necessidade de se preocupar com o entupimento do material. <\/p>    <p>Al\u00e9m disso, o pulverizador composto pode ajustar a finura de britagem. Ele pode triturar materiais a granel, como dolomita, pedras preciosas de coque, min\u00e9rio de chumbo-zinco, calc\u00e1rio, carv\u00e3o e assim por diante. Portanto, tamb\u00e9m aparece frequentemente em equipamentos de processamento de britagem fina de mat\u00e9rias-primas e cl\u00ednquer em f\u00e1bricas de cimento. Tamb\u00e9m \u00e9 especialmente adequado para o processamento e britagem de areia artificial ou asfalto, como calc\u00e1rio duro e dolomita.<\/p>    <figure class=\"wp-block-image aligncenter size-full\"><img loading=\"lazy\" decoding=\"async\" width=\"720\" height=\"540\" src=\"https:\/\/charcoalplant.com\/wp-content\/uploads\/2021\/12\/coal-shredder-shredding-effect-2.jpg\" alt=\"efeito triturador de carv\u00e3o\" class=\"wp-image-1557\" srcset=\"https:\/\/charcoalplant.com\/wp-content\/uploads\/2021\/12\/coal-shredder-shredding-effect-2.jpg 720w, https:\/\/charcoalplant.com\/wp-content\/uploads\/2021\/12\/coal-shredder-shredding-effect-2-300x225.jpg 300w\" sizes=\"auto, (max-width: 720px) 100vw, 720px\" \/><figcaption class=\"wp-element-caption\"> efeito triturador de carv\u00e3o<\/figcaption><\/figure>    <h3 class=\"wp-block-heading\"><strong>Par\u00e2metro da m\u00e1quina de fabrica\u00e7\u00e3o de p\u00f3 de carv\u00e3o<\/strong>\u00e9<\/h3>    <figure class=\"wp-block-table is-style-stripes\"><table><tbody><tr><td>Tipo<\/td><td>SL-CC800<\/td><td>SL-CC1000<\/td><td>SL-CC1250<\/td><td>SL-CC1500<\/td><td>SL-CC1750<\/td><\/tr><tr><td>Di\u00e2metro da roda (mm)<\/td><td>650<\/td><td>800<\/td><td>1000<\/td><td>1250<\/td><td>1560<\/td><\/tr><tr><td>Altura do cilindro (mm)<\/td><td>800<\/td><td>850<\/td><td>850<\/td><td>1000<\/td><td>1410<\/td><\/tr><tr><td>Velocidade do fuso (r\/min)<\/td><td>1350<\/td><td>970<\/td><td>740<\/td><td>650<\/td><td>600<\/td><\/tr><tr><td>Tamanho da mat\u00e9ria-prima (mm)<\/td><td>50<\/td><td>70<\/td><td>100<\/td><td>100<\/td><td>100<\/td><\/tr><tr><td>Tamanho de descarga (mm)<\/td><td>0-5<\/td><td>0-5<\/td><td>0-5<\/td><td>0-5<\/td><td>0-5<\/td><\/tr><tr><td>Capacidade de processamento (t\/h)<\/td><td>5-15<\/td><td>10-30<\/td><td>20-60<\/td><td>30-80<\/td><td>40-100<\/td><\/tr><tr><td>Pot\u00eancia do motor (kw)<\/td><td>30<\/td><td>50<\/td><td>75<\/td><td>110<\/td><td>132<\/td><\/tr><tr><td>Peso (t)<\/td><td>2.3<\/td><td>4.5<\/td><td>9.73<\/td><td>18.1<\/td><td>26.61<\/td><\/tr><\/tbody><\/table><\/figure>    <h3 class=\"wp-block-heading\"><strong>V\u00eddeo da m\u00e1quina trituradora de carv\u00e3o<\/strong><\/h3>    <figure class=\"wp-block-embed is-type-video is-provider-youtube wp-block-embed-youtube wp-embed-aspect-16-9 wp-has-aspect-ratio\"><div class=\"wp-block-embed__wrapper\"> <iframe loading=\"lazy\" title=\"M\u00e1quina trituradora de carv\u00e3o | Planta de equipamentos de p\u00f3 de carv\u00e3o#crusher#grinder#coalproductionline\" width=\"500\" height=\"281\" src=\"https:\/\/www.youtube.com\/embed\/kgaT_lhmgkE?feature=oembed\" frameborder=\"0\" allow=\"accelerometer; autoplay; clipboard-write; encrypted-media; gyroscope; picture-in-picture; web-share\" referrerpolicy=\"strict-origin-when-cross-origin\" allowfullscreen><\/iframe> <\/div><\/figure>    <h2 class=\"wp-block-heading\" id=\"h-sale-of-charcoal-pulverizer\"><strong>Vendas de pulverizador de carv\u00e3o<\/strong><\/h2>    <p class=\"translation-block\">O triturador de carv\u00e3o produzido na nossa f\u00e1brica tamb\u00e9m est\u00e1 equipado com um dispositivo de remo\u00e7\u00e3o de p\u00f3. Como resultado, o p\u00f3 \u00e9 inevit\u00e1vel durante o per\u00edodo de tritura\u00e7\u00e3o. Portanto, o dispositivo de remo\u00e7\u00e3o de p\u00f3 n\u00e3o s\u00f3 aumenta a pureza do material. Al\u00e9m disso, tamb\u00e9m purifica o ambiente de trabalho dos trabalhadores. Al\u00e9m de vender m\u00e1quinas de tritura\u00e7\u00e3o de carv\u00e3o e trituradores compostos de carv\u00e3o, tamb\u00e9m vendemos equipamentos de processamento tais como <strong><a href=\"https:\/\/charcoalplant.com\/pt\/charcoal-raymond-mill\/\">moinhos de Raymond<\/a><\/strong>s e <strong>misturadores de p\u00f3 de carv\u00e3o<\/strong>s. Se necess\u00e1rio, consulte-nos. Ofereceremos pre\u00e7os acess\u00edveis.<\/p>    <figure class=\"wp-block-gallery has-nested-images columns-default is-cropped wp-block-gallery-4 is-layout-flex wp-block-gallery-is-layout-flex\"> <figure class=\"wp-block-image size-full\"><img loading=\"lazy\" decoding=\"async\" width=\"720\" height=\"540\" data-id=\"2123\" src=\"https:\/\/charcoalplant.com\/wp-content\/uploads\/2022\/01\/Shipping-in-wooden-cases.jpg\" alt=\"Envio em caixas de madeira\" class=\"wp-image-2123\"\/><figcaption class=\"wp-element-caption\">Envio em caixas de madeira<\/figcaption><\/figure>    <figure class=\"wp-block-image size-large\"><img loading=\"lazy\" decoding=\"async\" width=\"720\" height=\"540\" data-id=\"2567\" src=\"https:\/\/charcoalplant.com\/wp-content\/uploads\/2022\/03\/shippment.jpg\" alt=\"envio\" class=\"wp-image-2567\"\/><figcaption class=\"wp-element-caption\">envio<\/figcaption><\/figure> <\/figure>    <p><\/p>","protected":false},"excerpt":{"rendered":"<p>O triturador de carv\u00e3o \u00e9 um equipamento multifuncional de tritura\u00e7\u00e3o de materiais. Pode esmagar palha, palha, bambu, carv\u00e3o, etc. <\/p>","protected":false},"author":1,"featured_media":1714,"parent":0,"template":"","tags":[62],"product-type":[42],"class_list":["post-1547","product","type-product","status-publish","has-post-thumbnail","hentry","tag-grinder-and-mixer","product-type-grinder-and-mixer"],"_links":{"self":[{"href":"https:\/\/charcoalplant.com\/pt\/wp-json\/wp\/v2\/product\/1547","targetHints":{"allow":["GET"]}}],"collection":[{"href":"https:\/\/charcoalplant.com\/pt\/wp-json\/wp\/v2\/product"}],"about":[{"href":"https:\/\/charcoalplant.com\/pt\/wp-json\/wp\/v2\/types\/product"}],"author":[{"embeddable":true,"href":"https:\/\/charcoalplant.com\/pt\/wp-json\/wp\/v2\/users\/1"}],"wp:featuredmedia":[{"embeddable":true,"href":"https:\/\/charcoalplant.com\/pt\/wp-json\/wp\/v2\/media\/1714"}],"wp:attachment":[{"href":"https:\/\/charcoalplant.com\/pt\/wp-json\/wp\/v2\/media?parent=1547"}],"wp:term":[{"taxonomy":"post_tag","embeddable":true,"href":"https:\/\/charcoalplant.com\/pt\/wp-json\/wp\/v2\/tags?post=1547"},{"taxonomy":"product-type","embeddable":true,"href":"https:\/\/charcoalplant.com\/pt\/wp-json\/wp\/v2\/product-type?post=1547"}],"curies":[{"name":"wp","href":"https:\/\/api.w.org\/{rel}","templated":true}]}}