{"id":1661,"date":"2021-12-31T06:31:43","date_gmt":"2021-12-31T06:31:43","guid":{"rendered":"https:\/\/charcoalplant.com\/?page_id=1661"},"modified":"2023-01-29T11:00:38","modified_gmt":"2023-01-29T03:00:38","slug":"charcoal-briquettes-production-line","status":"publish","type":"product","link":"https:\/\/charcoalplant.com\/pt\/charcoal-briquettes-production-line\/","title":{"rendered":"Linha de produ\u00e7\u00e3o de briquetes de carv\u00e3o"},"content":{"rendered":"<div class=\"kk-star-ratings kksr-auto kksr-align-left kksr-valign-top\"     data-payload='{&quot;align&quot;:&quot;left&quot;,&quot;id&quot;:&quot;1661&quot;,&quot;slug&quot;:&quot;default&quot;,&quot;valign&quot;:&quot;top&quot;,&quot;ignore&quot;:&quot;&quot;,&quot;reference&quot;:&quot;auto&quot;,&quot;class&quot;:&quot;&quot;,&quot;count&quot;:&quot;24&quot;,&quot;legendonly&quot;:&quot;&quot;,&quot;readonly&quot;:&quot;&quot;,&quot;score&quot;:&quot;4.6&quot;,&quot;starsonly&quot;:&quot;&quot;,&quot;best&quot;:&quot;5&quot;,&quot;gap&quot;:&quot;5&quot;,&quot;greet&quot;:&quot;Rate this product&quot;,&quot;legend&quot;:&quot;4.6\\\/5 - (24 votes)&quot;,&quot;size&quot;:&quot;24&quot;,&quot;title&quot;:&quot;Charcoal Briquettes Production Line&quot;,&quot;width&quot;:&quot;130.9&quot;,&quot;_legend&quot;:&quot;{score}\\\/{best} - ({count} {votes})&quot;,&quot;font_factor&quot;:&quot;1.25&quot;}'>              <div class=\"kksr-stars\">      <div class=\"kksr-stars-inactive\">             <div class=\"kksr-star\" data-star=\"1\" style=\"padding-right: 5px\">               <div class=\"kksr-icon\" style=\"width: 24px; height: 24px;\"><\/div>         <\/div>             <div class=\"kksr-star\" data-star=\"2\" style=\"padding-right: 5px\">               <div class=\"kksr-icon\" style=\"width: 24px; height: 24px;\"><\/div>         <\/div>             <div class=\"kksr-star\" data-star=\"3\" style=\"padding-right: 5px\">               <div class=\"kksr-icon\" style=\"width: 24px; height: 24px;\"><\/div>         <\/div>             <div class=\"kksr-star\" data-star=\"4\" style=\"padding-right: 5px\">               <div class=\"kksr-icon\" style=\"width: 24px; height: 24px;\"><\/div>         <\/div>             <div class=\"kksr-star\" data-star=\"5\" style=\"padding-right: 5px\">               <div class=\"kksr-icon\" style=\"width: 24px; height: 24px;\"><\/div>         <\/div>     <\/div>      <div class=\"kksr-stars-active\" style=\"width: 130.9px;\">             <div class=\"kksr-star\" style=\"padding-right: 5px\">               <div class=\"kksr-icon\" style=\"width: 24px; height: 24px;\"><\/div>         <\/div>             <div class=\"kksr-star\" style=\"padding-right: 5px\">               <div class=\"kksr-icon\" style=\"width: 24px; height: 24px;\"><\/div>         <\/div>             <div class=\"kksr-star\" style=\"padding-right: 5px\">               <div class=\"kksr-icon\" style=\"width: 24px; height: 24px;\"><\/div>         <\/div>             <div class=\"kksr-star\" style=\"padding-right: 5px\">               <div class=\"kksr-icon\" style=\"width: 24px; height: 24px;\"><\/div>         <\/div>             <div class=\"kksr-star\" style=\"padding-right: 5px\">               <div class=\"kksr-icon\" style=\"width: 24px; height: 24px;\"><\/div>         <\/div>     <\/div> <\/div>                   <div class=\"kksr-legend\" style=\"font-size: 19.2px;\">             4,6\/5 - (24 votos)    <\/div>     <\/div>  <p class=\"translation-block\">A <strong>linha de produ\u00e7\u00e3o de briquetes de carv\u00e3o vegetal<\/strong> \u00e9 uma f\u00e1brica para fabricar carv\u00e3o vegetal para churrasco, carv\u00e3o vegetal para narguil\u00e9, carv\u00e3o vegetal, carv\u00e3o vegetal de serragem, carv\u00e3o vegetal de coco, etc. E a mat\u00e9ria-prima da m\u00e1quina de fabrico de carv\u00e3o vegetal pode ser variada, como bambu, toros, casca de coco, casca de arroz, serragem, etc. Portanto, os clientes que investem na linha de produ\u00e7\u00e3o de m\u00e1quinas de moldagem de carv\u00e3o vegetal n\u00e3o precisam de se preocupar muito com a aquisi\u00e7\u00e3o de mat\u00e9rias-primas. Devido \u00e0 sua vasta gama de mat\u00e9rias-primas e pre\u00e7os baixos. <\/p>    <p>Como fornecedor profissional de equipamentos de carv\u00e3o vegetal, podemos dar-lhe sugest\u00f5es razo\u00e1veis \u200b\u200bpara a sua produ\u00e7\u00e3o de carv\u00e3o vegetal para ajudar na sua produ\u00e7\u00e3o eficiente. Concluindo, estamos dispostos a ajud\u00e1-lo a iniciar seu neg\u00f3cio de fabrica\u00e7\u00e3o de briquetes de carv\u00e3o o mais r\u00e1pido poss\u00edvel. E n\u00f3s lhe daremos um pre\u00e7o favor\u00e1vel.<\/p>    <figure class=\"wp-block-image aligncenter size-full\"><img loading=\"lazy\" decoding=\"async\" width=\"720\" height=\"540\" src=\"https:\/\/charcoalplant.com\/wp-content\/uploads\/2021\/12\/charcoal-briquettes-production-line-price-2.jpg\" alt=\"pre\u00e7o da linha de produ\u00e7\u00e3o de briquetes de carv\u00e3o\" class=\"wp-image-2862\"\/><figcaption class=\"wp-element-caption\">linha de produ\u00e7\u00e3o de briquetes de carv\u00e3o para venda<\/figcaption><\/figure>    <h2 class=\"wp-block-heading\"><strong>Mat\u00e9ria-prima da linha de produ\u00e7\u00e3o de briquetes de carv\u00e3o vegetal<\/strong><\/h2>    <p class=\"translation-block\">As mat\u00e9rias-primas para a linha de produ\u00e7\u00e3o de carv\u00e3o vegetal s\u00e3o muito variadas. Pode ser n\u00e3o s\u00f3 toros, bambu, madeira de fruta, mas tamb\u00e9m serragem, casca de arroz, casca de amendoim, casca de coco, casca de noz, etc. As caracter\u00edsticas destas mat\u00e9rias-primas s\u00e3o que cont\u00eam muita lignina. Portanto, o carv\u00e3o vegetal \u00e9 formado ap\u00f3s a pir\u00f3lise. O carv\u00e3o vegetal precisa de ser pulverizado em p\u00f3 de carv\u00e3o vegetal de 3 mm com um pulverizador de carv\u00e3o vegetal antes da briquetagem. O p\u00f3 de carv\u00e3o vegetal, o aglutinante e a \u00e1gua s\u00e3o ent\u00e3o misturados completamente num <strong><a href=\"https:\/\/charcoalplant.com\/pt\/product\/charcoal-powder-mixer\/\">misturador de p\u00f3 de carv\u00e3o<\/a><\/strong>. O p\u00f3 de carbono tratado desta forma \u00e9 liso e pegajoso.<\/p>    <figure class=\"wp-block-image aligncenter size-full\"><img loading=\"lazy\" decoding=\"async\" width=\"720\" height=\"540\" src=\"https:\/\/charcoalplant.com\/wp-content\/uploads\/2022\/03\/raw-materials-of-shisha-charcoal-production-line-1-1.jpg\" alt=\"\" class=\"wp-image-2848\"\/><\/figure>    <h2 class=\"wp-block-heading\" id=\"h-charcoal-briquettes-production-line-structure\"><strong>Estrutura da linha de produ\u00e7\u00e3o de briquetes de carv\u00e3o<\/strong><\/h2>    <p class=\"translation-block\">Na verdade, a estrutura de uma linha de produ\u00e7\u00e3o de carv\u00e3o vegetal \u00e9 muito semelhante \u00e0 de uma <strong><a href=\"https:\/\/charcoalplant.com\/pt\/shisha-charcoal-production-line\/\">linha de produ\u00e7\u00e3o de carv\u00e3o vegetal para narguil\u00e9<\/a><\/strong>. A sua estrutura \u00e9 carboniza\u00e7\u00e3o, <strong><a href=\"https:\/\/charcoalplant.com\/pt\/product\/charcoal-shredder\/\">tritura\u00e7\u00e3o<\/a><\/strong>, agita\u00e7\u00e3o, briquetagem, secagem e embalagem. Os passos de opera\u00e7\u00e3o de toda a linha de produ\u00e7\u00e3o de briquetagem de p\u00f3 de carbono s\u00e3o simples e seguros. Devido aos diferentes produtos acabados, existem grandes diferen\u00e7as em alguns detalhes espec\u00edficos. Abaixo est\u00e1 um desenho de uma linha de produ\u00e7\u00e3o regular de carv\u00e3o vegetal para churrasco (apenas para refer\u00eancia).<\/p>    <figure class=\"wp-block-image aligncenter size-full\"><img loading=\"lazy\" decoding=\"async\" width=\"720\" height=\"540\" src=\"https:\/\/charcoalplant.com\/wp-content\/uploads\/2022\/03\/3D-Charcoal-briquettes-production-line.jpg\" alt=\"Linha de produ\u00e7\u00e3o de briquetes de carv\u00e3o Modelo 3D\" class=\"wp-image-2864\"\/><figcaption class=\"wp-element-caption\">Linha de produ\u00e7\u00e3o de briquetes de carv\u00e3o Modelo 3D<\/figcaption><\/figure>    <h2 class=\"wp-block-heading\" id=\"h-how-to-choose-a-suitable-bbq-charcoal-production-line\"><strong>Partes principais de uma linha de produ\u00e7\u00e3o de briquetes de carv\u00e3o vegetal<\/strong><\/h2>    <p class=\"translation-block\">As principais componentes de uma linha de fabrico de briquetes de carv\u00e3o vegetal incluem uma <a href=\"https:\/\/charcoalplant.com\/pt\/product\/carbonization-furnace\/\">m\u00e1quina de carboniza\u00e7\u00e3o<\/a>, uma m\u00e1quina de briquetagem de carv\u00e3o vegetal, uma m\u00e1quina de secagem de carv\u00e3o vegetal e uma m\u00e1quina de embalagem de carv\u00e3o vegetal. Aqui est\u00e3o informa\u00e7\u00f5es detalhadas sobre cada m\u00e1quina. <\/p>    <div class=\"wp-block-columns has-background is-layout-flex wp-container-core-columns-is-layout-28f84493 wp-block-columns-is-layout-flex\" style=\"background-color:#f1f1f1\"> <div class=\"wp-block-column is-layout-flow wp-block-column-is-layout-flow\" style=\"flex-basis:66.66%\"> <figure class=\"wp-block-gallery has-nested-images columns-default is-cropped wp-block-gallery-2 is-layout-flex wp-block-gallery-is-layout-flex\"> <figure class=\"wp-block-image size-large\"><img loading=\"lazy\" decoding=\"async\" width=\"720\" height=\"540\" data-id=\"1045\" src=\"https:\/\/charcoalplant.com\/wp-content\/uploads\/2021\/12\/Vertical-carbonization-furnace-Production-line-2.jpg\" alt=\"Linha de produ\u00e7\u00e3o de forno de carboniza\u00e7\u00e3o vertical\" class=\"wp-image-1045\" srcset=\"https:\/\/charcoalplant.com\/wp-content\/uploads\/2021\/12\/Vertical-carbonization-furnace-Production-line-2.jpg 720w, https:\/\/charcoalplant.com\/wp-content\/uploads\/2021\/12\/Vertical-carbonization-furnace-Production-line-2-300x225.jpg 300w\" sizes=\"auto, (max-width: 720px) 100vw, 720px\" \/><figcaption class=\"wp-element-caption\">Linha de produ\u00e7\u00e3o de forno de carboniza\u00e7\u00e3o vertical<\/figcaption><\/figure> <\/figure> <\/div>    <div class=\"wp-block-column is-vertically-aligned-center is-layout-flow wp-block-column-is-layout-flow\" style=\"flex-basis:33.33%\"> <p class=\"translation-block\">Na verdade, a escolha do equipamento tem muito a ver com as mat\u00e9rias-primas do cliente. Por exemplo, se quiser usar toros ou bambu para fazer briquetes de carv\u00e3o vegetal moldados. Precisa de usar um <strong><a data-type=\"URL\" data-id=\"https:\/\/charcoalplant.com\/vertical-carbonization-furnace\/\" href=\"https:\/\/charcoalplant.com\/pt\/vertical-carbonization-furnace\/\">forno de carboniza\u00e7\u00e3o de eleva\u00e7\u00e3o<\/a><\/strong> para carbonizar mat\u00e9rias-primas a granel. Mas se as suas mat\u00e9rias-primas forem materiais pequenos como serragem ou casca de coco, precisa de escolher um forno de carboniza\u00e7\u00e3o cont\u00ednuo.<\/p> <\/div> <\/div>    <div class=\"wp-block-columns has-background is-layout-flex wp-container-core-columns-is-layout-28f84493 wp-block-columns-is-layout-flex\" style=\"background-color:#f1f1f1\"> <div class=\"wp-block-column is-vertically-aligned-center is-layout-flow wp-block-column-is-layout-flow\" style=\"flex-basis:33.33%\"> <p class=\"translation-block\">Em segundo lugar, a m\u00e1quina de forma\u00e7\u00e3o de carv\u00e3o vegetal pode escolher uma m\u00e1quina de barras de carv\u00e3o e uma <strong><a href=\"https:\/\/charcoalplant.com\/pt\/product\/charcoal-ball-press-machine\/\">m\u00e1quina de prensa de bolas de carv\u00e3o<\/a><\/strong>. A m\u00e1quina de barras de carv\u00e3o pode produzir briquetes de carv\u00e3o em barras poligonais ocas. No entanto, a m\u00e1quina de briquetagem tem uma sa\u00edda maior.<\/p> <\/div>    <div class=\"wp-block-column is-layout-flow wp-block-column-is-layout-flow\"><\/div>    <div class=\"wp-block-column is-layout-flow wp-block-column-is-layout-flow\" style=\"flex-basis:66.66%\"> <figure class=\"wp-block-gallery has-nested-images columns-default is-cropped wp-block-gallery-3 is-layout-flex wp-block-gallery-is-layout-flex\"> <figure class=\"wp-block-image size-full\"><img loading=\"lazy\" decoding=\"async\" width=\"720\" height=\"540\" data-id=\"1197\" src=\"https:\/\/charcoalplant.com\/wp-content\/uploads\/2021\/12\/charcoal-powder-briquette-machine-price-1.jpg\" alt=\"Pre\u00e7o da m\u00e1quina de briquetagem de p\u00f3 de carv\u00e3o\" class=\"wp-image-1197\" srcset=\"https:\/\/charcoalplant.com\/wp-content\/uploads\/2021\/12\/charcoal-powder-briquette-machine-price-1.jpg 720w, https:\/\/charcoalplant.com\/wp-content\/uploads\/2021\/12\/charcoal-powder-briquette-machine-price-1-300x225.jpg 300w\" sizes=\"auto, (max-width: 720px) 100vw, 720px\" \/><figcaption class=\"wp-element-caption\">Pre\u00e7o da m\u00e1quina de briquetagem de p\u00f3 de carv\u00e3o<\/figcaption><\/figure> <\/figure> <\/div> <\/div>    <div class=\"wp-block-columns are-vertically-aligned-center has-background is-layout-flex wp-container-core-columns-is-layout-28f84493 wp-block-columns-is-layout-flex\" style=\"background-color:#f1f1f1\"> <div class=\"wp-block-column is-vertically-aligned-center is-layout-flow wp-block-column-is-layout-flow\" style=\"flex-basis:66.66%\"> <figure class=\"wp-block-gallery has-nested-images columns-default is-cropped wp-block-gallery-4 is-layout-flex wp-block-gallery-is-layout-flex\"> <figure class=\"wp-block-image size-full\"><img loading=\"lazy\" decoding=\"async\" width=\"720\" height=\"540\" data-id=\"1492\" src=\"https:\/\/charcoalplant.com\/wp-content\/uploads\/2021\/12\/shaisha-charcoal-drying-room-1.jpg\" alt=\"sala de secagem de carv\u00e3o shaisha\" class=\"wp-image-1492\" srcset=\"https:\/\/charcoalplant.com\/wp-content\/uploads\/2021\/12\/shaisha-charcoal-drying-room-1.jpg 720w, https:\/\/charcoalplant.com\/wp-content\/uploads\/2021\/12\/shaisha-charcoal-drying-room-1-300x225.jpg 300w\" sizes=\"auto, (max-width: 720px) 100vw, 720px\" \/><figcaption class=\"wp-element-caption\">sala de secagem de carv\u00e3o shaisha<\/figcaption><\/figure> <\/figure> <\/div>    <div class=\"wp-block-column is-vertically-aligned-center is-layout-flow wp-block-column-is-layout-flow\" style=\"flex-basis:33.33%\"> <p class=\"translation-block\">Em terceiro lugar, escolha o equipamento certo de acordo com o tamanho do seu local de f\u00e1brica. Para alguns equipamentos com a mesma fun\u00e7\u00e3o, devido \u00e0 grande diferen\u00e7a na estrutura do equipamento, o modelo da m\u00e1quina ser\u00e1 demasiado grande. Esta m\u00e1quina n\u00e3o \u00e9 adequada para coloca\u00e7\u00e3o na f\u00e1brica. Ent\u00e3o pode escolher alternativas semelhantes. Por exemplo, fornecemos dois equipamentos de secagem: <strong><a data-type=\"URL\" data-id=\"https:\/\/charcoalplant.com\/charcoal-briquette-dryer\/\" href=\"https:\/\/charcoalplant.com\/pt\/charcoal-briquette-dryer\/\">sala de secagem e secador de correia de malha<\/a><\/strong>. O tamanho da sala de secagem pode ser personalizado e a instala\u00e7\u00e3o \u00e9 flex\u00edvel. O secador de correia de malha \u00e9 um modelo grande, mas a sa\u00edda \u00e9 grande.<\/p> <\/div> <\/div>    <div class=\"wp-block-columns are-vertically-aligned-center has-background is-layout-flex wp-container-core-columns-is-layout-28f84493 wp-block-columns-is-layout-flex\" style=\"background-color:#f1f1f1\"> <div class=\"wp-block-column is-vertically-aligned-center is-layout-flow wp-block-column-is-layout-flow\" style=\"flex-basis:33.33%\"> <p class=\"translation-block\">Finalmente, escolha a <strong><a href=\"https:\/\/charcoalplant.com\/pt\/product\/charcoal-briquettes-packing-machine\/\">m\u00e1quina de embalagem<\/a><\/strong> de acordo com o tipo de produto acabado e a procura do mercado. Para evitar humidade e facilitar o transporte, uma m\u00e1quina de selagem e corte \u00e9 geralmente utilizada para embalar carv\u00e3o vegetal para churrasco no mercado.<\/p> <\/div>    <div class=\"wp-block-column is-vertically-aligned-center is-layout-flow wp-block-column-is-layout-flow\" style=\"flex-basis:66.66%\"> <figure class=\"wp-block-gallery has-nested-images columns-default is-cropped wp-block-gallery-5 is-layout-flex wp-block-gallery-is-layout-flex\"> <figure class=\"wp-block-image size-large\"><img loading=\"lazy\" decoding=\"async\" width=\"720\" height=\"540\" data-id=\"2874\" src=\"https:\/\/charcoalplant.com\/wp-content\/uploads\/2022\/03\/charcoal-briket-bagging-machine.jpg\" alt=\"m\u00e1quina de ensacamento de carv\u00e3o\" class=\"wp-image-2874\"\/><figcaption class=\"wp-element-caption\">m\u00e1quina de ensacamento de carv\u00e3o<\/figcaption><\/figure> <\/figure> <\/div> <\/div>    <h2 class=\"wp-block-heading\"><strong>Produto final da m\u00e1quina de briquetagem de carv\u00e3o<\/strong><\/h2>    <figure class=\"wp-block-image aligncenter size-full\"><img loading=\"lazy\" decoding=\"async\" width=\"720\" height=\"540\" src=\"https:\/\/charcoalplant.com\/wp-content\/uploads\/2022\/03\/coconut-shell-charcoal-briquette.jpg\" alt=\"\" class=\"wp-image-2875\"\/><\/figure>    <h2 class=\"wp-block-heading\" id=\"h-related-equipment-for-charcoal-briquettes-project-line\"><strong>Equipamentos relacionados para linha de fabrica\u00e7\u00e3o de briquetes de carv\u00e3o<\/strong><\/h2>    <p class=\"translation-block\"><strong>Cortador<\/strong><strong><\/strong><\/p>    <p class=\"translation-block\">A <strong><a href=\"https:\/\/charcoalplant.com\/pt\/product\/charcoal-powder-briquette-machine\/\">m\u00e1quina de barras de carv\u00e3o<\/a><\/strong> pode produzir briquetes de v\u00e1rias formas. Os clientes podem usar cortadores para cortar barras de carv\u00e3o de diferentes comprimentos. A nossa f\u00e1brica fornece cortadores de metro, cortadores de indu\u00e7\u00e3o infravermelha e fresas.<\/p>    <p class=\"translation-block\"><strong>Silo<\/strong><strong><\/strong><\/p>    <p>O silo pode armazenar carv\u00e3o em p\u00f3, o que tamb\u00e9m garante a produ\u00e7\u00e3o cont\u00ednua da planta de processamento de briquetes de carv\u00e3o. Fornecemos silos de armazenamento de carv\u00e3o em p\u00f3, silos de pesagem e subsilos de carv\u00e3o em p\u00f3. Cada silo possui caracter\u00edsticas pr\u00f3prias.<\/p>    <p class=\"translation-block\"><strong>Transportador<\/strong><strong><\/strong><\/p>    <p>A raz\u00e3o pela qual a linha de produ\u00e7\u00e3o economiza m\u00e3o de obra \u00e9 devido \u00e0 alimenta\u00e7\u00e3o autom\u00e1tica do transportador. Os dispositivos de transporte comuns s\u00e3o o transporte por parafuso e o transporte por correia transportadora. Para poeira, escolha o primeiro. Para o bloco, escolha o \u00faltimo.<\/p>    <figure class=\"wp-block-image aligncenter size-full\"><img loading=\"lazy\" decoding=\"async\" width=\"720\" height=\"540\" src=\"https:\/\/charcoalplant.com\/wp-content\/uploads\/2021\/12\/briquetting-machine-project-1-2.jpg\" alt=\"projeto de m\u00e1quina de briquetagem\" class=\"wp-image-1415\" srcset=\"https:\/\/charcoalplant.com\/wp-content\/uploads\/2021\/12\/briquetting-machine-project-1-2.jpg 720w, https:\/\/charcoalplant.com\/wp-content\/uploads\/2021\/12\/briquetting-machine-project-1-2-300x225.jpg 300w\" sizes=\"auto, (max-width: 720px) 100vw, 720px\" \/><figcaption class=\"wp-element-caption\">projeto de m\u00e1quina de briquetagem<\/figcaption><\/figure>    <h2 class=\"wp-block-heading\" id=\"h-briquetting-machine-price\"><strong>Qual \u00e9 o carv\u00e3o<\/strong> <strong>pre\u00e7o da m\u00e1quina de briquetagem<\/strong>? <\/h2>    <p>Fabricamos uma variedade de m\u00e1quinas de briquetagem de carv\u00e3o. Como prensa de carv\u00e3o pulverizado, prensa de esfera de carv\u00e3o pulverizado, m\u00e1quina de carv\u00e3o Honeycomb, etc. O pre\u00e7o de uma m\u00e1quina independente ou de uma linha de produ\u00e7\u00e3o ser\u00e1 afetado por v\u00e1rios fatores. Na verdade, a qualidade \u00e9 a principal considera\u00e7\u00e3o para os clientes. O segundo \u00e9 o pre\u00e7o. Mas n\u00e3o se preocupe, forneceremos pre\u00e7os competitivos com base na quantidade e inten\u00e7\u00e3o de compra.<\/p>    <h2 class=\"wp-block-heading\" id=\"h-benefits-of-charcoal-briket\"><strong>Benef\u00edcios dos briquetes de carv\u00e3o<\/strong> <\/h2>    <p>Com o avan\u00e7o da ci\u00eancia e da tecnologia e da civiliza\u00e7\u00e3o das pessoas, estamos prestando cada vez mais aten\u00e7\u00e3o ao meio ambiente e \u00e0 sa\u00fade. Por ser um carv\u00e3o para churrasco muito procurado, possui as seguintes caracter\u00edsticas:<\/p>    <p>1. Renov\u00e1vel, sem polui\u00e7\u00e3o.<\/p>    <p>2. \u00c9 resistente \u00e0 queima e n\u00e3o racha.<\/p>    <p>3. Parece bom e tem v\u00e1rios formatos.<\/p>    <p>4. N\u00e3o fumega os olhos, f\u00e1cil de acender.<\/p>    <p>5. Seguro e barato.<\/p>    <figure class=\"wp-block-image aligncenter size-full\"><img loading=\"lazy\" decoding=\"async\" width=\"720\" height=\"540\" src=\"https:\/\/charcoalplant.com\/wp-content\/uploads\/2021\/12\/Charcoal-briquettes-production-line-manufacturer.jpg\" alt=\"Fabricante de linha de produ\u00e7\u00e3o de briquetes de carv\u00e3o\" class=\"wp-image-2876\"\/><figcaption class=\"wp-element-caption\">Fabricante de linha de produ\u00e7\u00e3o de briquetes de carv\u00e3o<\/figcaption><\/figure>","protected":false},"excerpt":{"rendered":"<p>Charcoal briquettes\u00a0production line is a plant for manufacturing bbq charcoal, shisha charcoal, coal, sawdust charcoal, coconut charcoal, etc. And the raw material of the charcoal making machine can be various such as bamboo, log, coconut shell, rice husk, sawdust, etc. Therefore, customers who invest in charcoal molding machine production line needs not worry too much [&hellip;]<\/p>\n","protected":false},"author":1,"featured_media":2862,"parent":0,"template":"","tags":[59],"product-type":[53],"class_list":["post-1661","product","type-product","status-publish","has-post-thumbnail","hentry","tag-charcoal-briquetting-machine","product-type-product-line"],"_links":{"self":[{"href":"https:\/\/charcoalplant.com\/pt\/wp-json\/wp\/v2\/product\/1661","targetHints":{"allow":["GET"]}}],"collection":[{"href":"https:\/\/charcoalplant.com\/pt\/wp-json\/wp\/v2\/product"}],"about":[{"href":"https:\/\/charcoalplant.com\/pt\/wp-json\/wp\/v2\/types\/product"}],"author":[{"embeddable":true,"href":"https:\/\/charcoalplant.com\/pt\/wp-json\/wp\/v2\/users\/1"}],"wp:featuredmedia":[{"embeddable":true,"href":"https:\/\/charcoalplant.com\/pt\/wp-json\/wp\/v2\/media\/2862"}],"wp:attachment":[{"href":"https:\/\/charcoalplant.com\/pt\/wp-json\/wp\/v2\/media?parent=1661"}],"wp:term":[{"taxonomy":"post_tag","embeddable":true,"href":"https:\/\/charcoalplant.com\/pt\/wp-json\/wp\/v2\/tags?post=1661"},{"taxonomy":"product-type","embeddable":true,"href":"https:\/\/charcoalplant.com\/pt\/wp-json\/wp\/v2\/product-type?post=1661"}],"curies":[{"name":"wp","href":"https:\/\/api.w.org\/{rel}","templated":true}]}}