{"id":1715,"date":"2022-01-04T10:11:54","date_gmt":"2022-01-04T10:11:54","guid":{"rendered":"https:\/\/charcoalplant.com\/"},"modified":"2023-03-31T15:03:07","modified_gmt":"2023-03-31T07:03:07","slug":"log-saw-mill-machine","status":"publish","type":"product","link":"https:\/\/charcoalplant.com\/pt\/product\/log-saw-mill-machine\/","title":{"rendered":"M\u00e1quina de serraria para toras | Serra de fita autom\u00e1tica para madeira"},"content":{"rendered":"<div class=\"kk-star-ratings kksr-auto kksr-align-left kksr-valign-top\"     data-payload='{&quot;align&quot;:&quot;left&quot;,&quot;id&quot;:&quot;1715&quot;,&quot;slug&quot;:&quot;default&quot;,&quot;valign&quot;:&quot;top&quot;,&quot;ignore&quot;:&quot;&quot;,&quot;reference&quot;:&quot;auto&quot;,&quot;class&quot;:&quot;&quot;,&quot;count&quot;:&quot;15&quot;,&quot;legendonly&quot;:&quot;&quot;,&quot;readonly&quot;:&quot;&quot;,&quot;score&quot;:&quot;4.8&quot;,&quot;starsonly&quot;:&quot;&quot;,&quot;best&quot;:&quot;5&quot;,&quot;gap&quot;:&quot;5&quot;,&quot;greet&quot;:&quot;Rate this product&quot;,&quot;legend&quot;:&quot;4.8\\\/5 - (15 votes)&quot;,&quot;size&quot;:&quot;24&quot;,&quot;title&quot;:&quot;Log Saw Mill Machine| Automatic Wood Band Saw&quot;,&quot;width&quot;:&quot;136.7&quot;,&quot;_legend&quot;:&quot;{score}\\\/{best} - ({count} {votes})&quot;,&quot;font_factor&quot;:&quot;1.25&quot;}'>              <div class=\"kksr-stars\">      <div class=\"kksr-stars-inactive\">             <div class=\"kksr-star\" data-star=\"1\" style=\"padding-right: 5px\">               <div class=\"kksr-icon\" style=\"width: 24px; height: 24px;\"><\/div>         <\/div>             <div class=\"kksr-star\" data-star=\"2\" style=\"padding-right: 5px\">               <div class=\"kksr-icon\" style=\"width: 24px; height: 24px;\"><\/div>         <\/div>             <div class=\"kksr-star\" data-star=\"3\" style=\"padding-right: 5px\">               <div class=\"kksr-icon\" style=\"width: 24px; height: 24px;\"><\/div>         <\/div>             <div class=\"kksr-star\" data-star=\"4\" style=\"padding-right: 5px\">               <div class=\"kksr-icon\" style=\"width: 24px; height: 24px;\"><\/div>         <\/div>             <div class=\"kksr-star\" data-star=\"5\" style=\"padding-right: 5px\">               <div class=\"kksr-icon\" style=\"width: 24px; height: 24px;\"><\/div>         <\/div>     <\/div>      <div class=\"kksr-stars-active\" style=\"width: 136.7px;\">             <div class=\"kksr-star\" style=\"padding-right: 5px\">               <div class=\"kksr-icon\" style=\"width: 24px; height: 24px;\"><\/div>         <\/div>             <div class=\"kksr-star\" style=\"padding-right: 5px\">               <div class=\"kksr-icon\" style=\"width: 24px; height: 24px;\"><\/div>         <\/div>             <div class=\"kksr-star\" style=\"padding-right: 5px\">               <div class=\"kksr-icon\" style=\"width: 24px; height: 24px;\"><\/div>         <\/div>             <div class=\"kksr-star\" style=\"padding-right: 5px\">               <div class=\"kksr-icon\" style=\"width: 24px; height: 24px;\"><\/div>         <\/div>             <div class=\"kksr-star\" style=\"padding-right: 5px\">               <div class=\"kksr-icon\" style=\"width: 24px; height: 24px;\"><\/div>         <\/div>     <\/div> <\/div>                   <div class=\"kksr-legend\" style=\"font-size: 19.2px;\">             4,8\/5 - (15 votos)    <\/div>     <\/div>  <p class=\"translation-block\"><strong>Log saw mill machine<\/strong> \u00e9 um novo tipo de ferramenta de corte de madeira que integra l\u00e2minas de serra, r\u00e9guas de medi\u00e7\u00e3o e trilho. E, a serra nova incorpora uma filosofia de design que elimina o polimento e reduz a perda de madeira. Existem tr\u00eas tipos de serras de madeira produzidas na nossa f\u00e1brica: <strong><a href=\"https:\/\/charcoalplant.com\/pt\/info\/sl-500-log-sliding-table-saw-sent-to-singapore\/\">serra com mesa deslizante para troncos<\/a>, serra de baixa com banda vertical e serra de banda horizontal totalmente autom\u00e1tica<\/strong>. <\/p>    <p>A seguir est\u00e1 uma breve introdu\u00e7\u00e3o aos tr\u00eas tipos de serrarias em nossa f\u00e1brica. Bem-vindo para nos consultar sobre pre\u00e7os de m\u00e1quinas, acess\u00f3rios, etc. E estamos ansiosos para aprofundar nossa comunica\u00e7\u00e3o com voc\u00ea. <\/p>    <h2 class=\"wp-block-heading\" id=\"raw-materials-of-log-saw-mill-machine\"><strong>Mat\u00e9rias-primas<\/strong> <strong>da m\u00e1quina de serraria de toras<\/strong><\/h2>    <p class=\"translation-block\">As mat\u00e9rias-primas da serraria de madeira s\u00e3o v\u00e1rios troncos (mogno, nogueira, carvalho, pinho, etc.), madeira quadrada, t\u00e1buas, <strong> <a href=\"https:\/\/charcoalplant.com\/pt\/wood-wastes-recycling-machine\/wood-peeling-machine\/\">madeira descascada<\/a><\/strong>. A sua mat\u00e9ria-prima pode tamb\u00e9m ser placa sint\u00e9tica, como aglomerado, placas parciais de madeira ou placa de PVC. Al\u00e9m disso, pode cortar liga de alum\u00ednio, plexiglass, borracha, etc.<\/p>    <figure class=\"wp-block-gallery has-nested-images columns-2 is-cropped wp-block-gallery-2 is-layout-flex wp-block-gallery-is-layout-flex\"> <figure class=\"wp-block-image size-large\"><img loading=\"lazy\" decoding=\"async\" width=\"720\" height=\"540\" data-id=\"2205\" src=\"https:\/\/charcoalplant.com\/wp-content\/uploads\/2022\/01\/log-1.jpg\" alt=\"\" class=\"wp-image-2205\"\/><\/figure>    <figure class=\"wp-block-image size-large\"><img loading=\"lazy\" decoding=\"async\" width=\"720\" height=\"540\" data-id=\"2206\" src=\"https:\/\/charcoalplant.com\/wp-content\/uploads\/2022\/01\/particle-board.jpg\" alt=\"\" class=\"wp-image-2206\"\/><\/figure>    <figure class=\"wp-block-image size-large\"><img loading=\"lazy\" decoding=\"async\" width=\"720\" height=\"540\" data-id=\"2204\" src=\"https:\/\/charcoalplant.com\/wp-content\/uploads\/2022\/01\/rubber.jpg\" alt=\"\" class=\"wp-image-2204\"\/><\/figure>    <figure class=\"wp-block-image size-large\"><img loading=\"lazy\" decoding=\"async\" width=\"720\" height=\"540\" data-id=\"2203\" src=\"https:\/\/charcoalplant.com\/wp-content\/uploads\/2022\/01\/wood-materials.jpg\" alt=\"\" class=\"wp-image-2203\"\/><\/figure> <\/figure>    <h2 class=\"wp-block-heading\" id=\"h-log-saw-mill-machine\"><strong>Tipo 1<\/strong>: <strong>Serraria de toras<\/strong> <strong>m\u00e1quina<\/strong> <strong>\u00e0 venda<\/strong> <\/h2>    <p>O corpo da serra de mesa Shuliy \u00e9 soldado com placas de a\u00e7o com espessura de 5-6 mm. N\u00e3o s\u00f3 a estrutura \u00e9 est\u00e1vel, mas tamb\u00e9m a apar\u00eancia \u00e9 bonita. \u00c9 uma m\u00e1quina de serrar tudo-em-um. Em outras palavras, pode ser usado diretamente sem instala\u00e7\u00e3o. Al\u00e9m disso, \u00e9 compacto e ocupa pouco espa\u00e7o.<\/p>    <figure class=\"wp-block-gallery has-nested-images columns-3 is-cropped wp-block-gallery-3 is-layout-flex wp-block-gallery-is-layout-flex\"> <figure class=\"wp-block-image size-large\"><img loading=\"lazy\" decoding=\"async\" width=\"720\" height=\"540\" data-id=\"1718\" src=\"https:\/\/charcoalplant.com\/wp-content\/uploads\/2022\/01\/movable-log-sawmill-for-sale-2.jpg\" alt=\"serraria de toras m\u00f3vel para venda\" class=\"wp-image-1718\" srcset=\"https:\/\/charcoalplant.com\/wp-content\/uploads\/2022\/01\/movable-log-sawmill-for-sale-2.jpg 720w, https:\/\/charcoalplant.com\/wp-content\/uploads\/2022\/01\/movable-log-sawmill-for-sale-2-300x225.jpg 300w\" sizes=\"auto, (max-width: 720px) 100vw, 720px\" \/><figcaption class=\"wp-element-caption\">serraria de toras m\u00f3vel para venda<\/figcaption><\/figure>    <figure class=\"wp-block-image size-large\"><img loading=\"lazy\" decoding=\"async\" width=\"720\" height=\"540\" data-id=\"1721\" src=\"https:\/\/charcoalplant.com\/wp-content\/uploads\/2022\/01\/woodland-sawmill.jpg\" alt=\"serraria florestal\" class=\"wp-image-1721\" srcset=\"https:\/\/charcoalplant.com\/wp-content\/uploads\/2022\/01\/woodland-sawmill.jpg 720w, https:\/\/charcoalplant.com\/wp-content\/uploads\/2022\/01\/woodland-sawmill-300x225.jpg 300w\" sizes=\"auto, (max-width: 720px) 100vw, 720px\" \/><figcaption class=\"wp-element-caption\">serraria florestal<\/figcaption><\/figure>    <figure class=\"wp-block-image size-large\"><img loading=\"lazy\" decoding=\"async\" width=\"720\" height=\"540\" data-id=\"1720\" src=\"https:\/\/charcoalplant.com\/wp-content\/uploads\/2022\/01\/wooden-board.jpg\" alt=\"t\u00e1bua de madeira\" class=\"wp-image-1720\" srcset=\"https:\/\/charcoalplant.com\/wp-content\/uploads\/2022\/01\/wooden-board.jpg 720w, https:\/\/charcoalplant.com\/wp-content\/uploads\/2022\/01\/wooden-board-300x225.jpg 300w\" sizes=\"auto, (max-width: 720px) 100vw, 720px\" \/><figcaption class=\"wp-element-caption\">t\u00e1bua de madeira<\/figcaption><\/figure> <\/figure>    <h3 class=\"wp-block-heading\" id=\"structural-features-of-double-blades-log-sawmill\"><strong>Caracter\u00edsticas estruturais da serraria de toras de l\u00e2mina dupla<\/strong><\/h3>    <ul class=\"wp-block-list\"> <li>As l\u00e2minas feitas de material de liga s\u00e3o mais dur\u00e1veis, e o arco dente de serra \u00e9 suave e possui corte de alta qualidade.<\/li>    <li>As duas l\u00e2minas de serra s\u00e3o acionadas por dois motores e funcionam suavemente.<\/li>    <li>A roda de ajuste pode ajustar a dist\u00e2ncia entre a madeira e o defletor. Portanto, a espessura da placa pode ser controlada de forma flex\u00edvel.<\/li>    <li>O comprimento do trilho da serra para toras pode ser personalizado de acordo com as necessidades do cliente.<\/li> <\/ul>    <figure class=\"wp-block-gallery has-nested-images columns-default is-cropped wp-block-gallery-4 is-layout-flex wp-block-gallery-is-layout-flex\"> <figure class=\"wp-block-image size-large\"><img loading=\"lazy\" decoding=\"async\" width=\"720\" height=\"540\" data-id=\"1722\" src=\"https:\/\/charcoalplant.com\/wp-content\/uploads\/2022\/01\/blade-saw.jpg\" alt=\"serra de l\u00e2mina\" class=\"wp-image-1722\" srcset=\"https:\/\/charcoalplant.com\/wp-content\/uploads\/2022\/01\/blade-saw.jpg 720w, https:\/\/charcoalplant.com\/wp-content\/uploads\/2022\/01\/blade-saw-300x225.jpg 300w\" sizes=\"auto, (max-width: 720px) 100vw, 720px\" \/><figcaption class=\"wp-element-caption\">serra de l\u00e2mina<\/figcaption><\/figure>    <figure class=\"wp-block-image size-large\"><img loading=\"lazy\" decoding=\"async\" width=\"720\" height=\"540\" data-id=\"2207\" src=\"https:\/\/charcoalplant.com\/wp-content\/uploads\/2022\/01\/double-blades-log-sawmill-for-sale.jpg\" alt=\"\" class=\"wp-image-2207\"\/><\/figure> <\/figure>    <h3 class=\"wp-block-heading\" id=\"video-of-log-sawmill-machine\"><strong>Serraria de toras<\/strong> <strong>m\u00e1quina<\/strong> <strong>v\u00eddeo de trabalho <\/strong><\/h3>    <figure class=\"wp-block-embed is-type-video is-provider-youtube wp-block-embed-youtube wp-embed-aspect-16-9 wp-has-aspect-ratio\"><div class=\"wp-block-embed__wrapper\"> <iframe loading=\"lazy\" title=\"Serraria de toras m\u00f3veis | Efici\u00eancia elevada de madeira do equipamento da m\u00e1quina de corte da l\u00e2mina do balan\u00e7o\" width=\"500\" height=\"281\" src=\"https:\/\/www.youtube.com\/embed\/ckPnOwcinBo?feature=oembed\" frameborder=\"0\" allow=\"accelerometer; autoplay; clipboard-write; encrypted-media; gyroscope; picture-in-picture; web-share\" referrerpolicy=\"strict-origin-when-cross-origin\" allowfullscreen><\/iframe> <\/div><\/figure>    <h3 class=\"wp-block-heading has-luminous-vivid-orange-color has-text-color\" id=\"h-parameters-of-log-cutting-machine\"><strong>M\u00e1quina de corte de toras<\/strong> <strong>par\u00e2metros<\/strong> <\/h3>    <figure class=\"wp-block-table is-style-stripes\"><table><tbody><tr><td><strong>Modelo 500<\/strong><strong><\/strong><\/td><td><strong>1m<\/strong><\/td><td><strong>1,5m<\/strong><\/td><td><strong>2m<\/strong><\/td><td><strong>2,5 m<\/strong><\/td><td><strong>3m<\/strong><\/td><td><strong>4m<\/strong><\/td><\/tr><tr><td><strong>Comprimento de alimenta\u00e7\u00e3o<\/strong><strong><\/strong><\/td><td>0-100cm<\/td><td>0-150cm<\/td><td>0-200cm<\/td><td>0-250cm<\/td><td>0-300cm<\/td><td>0-400cm<\/td><\/tr><tr><td><strong>Di\u00e2metro de alimenta\u00e7\u00e3o<\/strong><strong><\/strong><\/td><td>0-500 mm<\/td><td>0-500 mm<\/td><td>0-500 mm<\/td><td>0-500 mm<\/td><td>0-500 mm<\/td><td>0-500 mm<\/td><\/tr><tr><td><strong>Pot\u00eancia do motor<\/strong><strong><\/strong><\/td><td>11Kw*2<\/td><td>11Kw*2<\/td><td>11Kw*2<\/td><td>11Kw*2<\/td><td>11Kw*2<\/td><td>11Kw*2<\/td><\/tr><tr><td><strong>Peso total<\/strong><strong><\/strong><\/td><td>500<\/td><td>550<\/td><td>600<\/td><td>650<\/td><td>700<\/td><td>750<\/td><\/tr><\/tbody><\/table><\/figure>    <h2 class=\"wp-block-heading\" id=\"h-vertical-band-saw\"><strong>Tipo 2: Serra de fita vertical<\/strong> <strong>\u00e0 venda<\/strong> <\/h2>    <p>As serras de fita verticais tamb\u00e9m usam trilhos para mover a madeira fixa para frente. A madeira \u00e9 ent\u00e3o cortada em t\u00e1buas lisas. Sua l\u00e2mina de serra tem faixas. Al\u00e9m disso, a l\u00e2mina da serra fica enrolada na roda m\u00f3vel. Portanto, a l\u00e2mina da serra funciona com a rota\u00e7\u00e3o da roda. Mas as serras de fita verticais cortam mais r\u00e1pido, produzem mais e s\u00e3o mais econ\u00f4micas.<\/p>    <figure class=\"wp-block-gallery has-nested-images columns-default is-cropped wp-block-gallery-5 is-layout-flex wp-block-gallery-is-layout-flex\"> <figure class=\"wp-block-image size-large\"><img loading=\"lazy\" decoding=\"async\" width=\"720\" height=\"540\" data-id=\"1726\" src=\"https:\/\/charcoalplant.com\/wp-content\/uploads\/2022\/01\/vertical-wood-saw-show.jpg\" alt=\"show de serra de madeira vertical\" class=\"wp-image-1726\" srcset=\"https:\/\/charcoalplant.com\/wp-content\/uploads\/2022\/01\/vertical-wood-saw-show.jpg 720w, https:\/\/charcoalplant.com\/wp-content\/uploads\/2022\/01\/vertical-wood-saw-show-300x225.jpg 300w\" sizes=\"auto, (max-width: 720px) 100vw, 720px\" \/><figcaption class=\"wp-element-caption\">show de serra de madeira vertical<\/figcaption><\/figure> <\/figure>    <h3 class=\"wp-block-heading\" id=\"structural-features-of-vertical-band-sawmill\"><strong>Caracter\u00edsticas estruturais da serraria de fita vertical<\/strong><\/h3>    <ul class=\"wp-block-list\"> <li>A trilha desliza automaticamente. E a velocidade pode ser ajustada por opera\u00e7\u00e3o de controle el\u00e9trico ou num\u00e9rico.<\/li>    <li>A serra de fita pode lidar com madeira de grande di\u00e2metro com alto rendimento.<\/li>    <li>A l\u00e2mina da serra \u00e9 colocada nas rodas da serra superior e inferior e a espessura da l\u00e2mina da serra \u00e9 ajust\u00e1vel.<\/li>    <li>Existem 3 m\u00e9todos de fixa\u00e7\u00e3o de toras com ganchos: manual, pneum\u00e1tico e hidr\u00e1ulico.<\/li>    <li>F\u00e1cil instala\u00e7\u00e3o, economia de trabalho, economia de energia, descarga cont\u00ednua.<\/li> <\/ul>    <figure class=\"wp-block-gallery has-nested-images columns-2 is-cropped wp-block-gallery-6 is-layout-flex wp-block-gallery-is-layout-flex\"> <figure class=\"wp-block-image size-large\"><img loading=\"lazy\" decoding=\"async\" width=\"720\" height=\"540\" data-id=\"1723\" src=\"https:\/\/charcoalplant.com\/wp-content\/uploads\/2022\/01\/band-saw.jpg\" alt=\"Serra de fita\" class=\"wp-image-1723\" srcset=\"https:\/\/charcoalplant.com\/wp-content\/uploads\/2022\/01\/band-saw.jpg 720w, https:\/\/charcoalplant.com\/wp-content\/uploads\/2022\/01\/band-saw-300x225.jpg 300w\" sizes=\"auto, (max-width: 720px) 100vw, 720px\" \/><figcaption class=\"wp-element-caption\">Serra de fita<\/figcaption><\/figure>    <figure class=\"wp-block-image size-full\"><img loading=\"lazy\" decoding=\"async\" width=\"720\" height=\"540\" data-id=\"2213\" src=\"https:\/\/charcoalplant.com\/wp-content\/uploads\/2022\/01\/track-of-log-saw-mill-machine-.jpg\" alt=\"trilha da m\u00e1quina de serraria de toras\" class=\"wp-image-2213\"\/><figcaption class=\"wp-element-caption\">trilha da m\u00e1quina de serraria de toras<\/figcaption><\/figure>    <figure class=\"wp-block-image size-large\"><img loading=\"lazy\" decoding=\"async\" width=\"720\" height=\"540\" data-id=\"1725\" src=\"https:\/\/charcoalplant.com\/wp-content\/uploads\/2022\/01\/track.jpg\" alt=\"acompanhar\" class=\"wp-image-1725\" srcset=\"https:\/\/charcoalplant.com\/wp-content\/uploads\/2022\/01\/track.jpg 720w, https:\/\/charcoalplant.com\/wp-content\/uploads\/2022\/01\/track-300x225.jpg 300w\" sizes=\"auto, (max-width: 720px) 100vw, 720px\" \/><figcaption class=\"wp-element-caption\">acompanhar<\/figcaption><\/figure>    <figure class=\"wp-block-image size-full\"><img loading=\"lazy\" decoding=\"async\" width=\"720\" height=\"540\" data-id=\"2212\" src=\"https:\/\/charcoalplant.com\/wp-content\/uploads\/2022\/01\/log-saw-mill-machine-for-sale-.jpg\" alt=\"m\u00e1quina-serra-tora-para-venda\" class=\"wp-image-2212\"\/><figcaption class=\"wp-element-caption\">m\u00e1quina-serra-tora-para-venda<\/figcaption><\/figure> <\/figure>    <h3 class=\"wp-block-heading\" id=\"video-of-log-band-sawmill-machine\"><strong>M\u00e1quina de serraria de fita para toras<\/strong> <strong>v\u00eddeo de trabalho<\/strong><\/h3>    <figure class=\"wp-block-embed is-type-video is-provider-youtube wp-block-embed-youtube wp-embed-aspect-16-9 wp-has-aspect-ratio\"><div class=\"wp-block-embed__wrapper\"> <iframe loading=\"lazy\" title=\"Serra de fita vertical para toras | Fabricante de m\u00e1quina de corte de madeira florestal#woodboard#furniture\" width=\"500\" height=\"281\" src=\"https:\/\/www.youtube.com\/embed\/M8i0EjIuRLk?feature=oembed\" frameborder=\"0\" allow=\"accelerometer; autoplay; clipboard-write; encrypted-media; gyroscope; picture-in-picture; web-share\" referrerpolicy=\"strict-origin-when-cross-origin\" allowfullscreen><\/iframe> <\/div><\/figure>    <h3 class=\"wp-block-heading has-luminous-vivid-orange-color has-text-color\" id=\"h-parameters-of-vertical-wood-saw-mill\"><strong>Serra\u00a0de\u00a0madeira vertical<\/strong> <strong>par\u00e2metros <\/strong><\/h3>    <figure class=\"wp-block-table is-style-stripes\"><table><tbody><tr><td>Modelo<\/td><td>SL-3000<\/td><td>SL-5000<\/td><\/tr><tr><td>Di\u00e2metro da roda de serra<\/td><td>1600mm<\/td><td>1250mm<\/td><\/tr><tr><td>Di\u00e2metro m\u00e1ximo de madeira para serrar<\/td><td>800mm<\/td><td>1000mm<\/td><\/tr><tr><td>Pot\u00eancia do motor<\/td><td>30KW<\/td><td>45 kW<\/td><\/tr><tr><td>Configura\u00e7\u00e3o de espessura de serra<\/td><td>CNC<\/td><td>CNC<\/td><\/tr><tr><td>Modelo de fixa\u00e7\u00e3o de madeira<\/td><td>El\u00e9trico<\/td><td>Hidr\u00e1ulico<\/td><\/tr><tr><td>Comprimento m\u00e1ximo de serrar madeira<\/td><td>4000mm<\/td><td>6.000 mm<\/td><\/tr><\/tbody><\/table><\/figure>    <p><\/p>    <h2 class=\"wp-block-heading\" id=\"h-automatic-wood-band-saw\"><strong>Tipo 3<\/strong>: <strong>Serra de fita autom\u00e1tica para madeira<\/strong> <strong>\u00e0 venda<\/strong> <\/h2>    <p class=\"translation-block\">Serras de fita horizontais podem lidar com madeira de di\u00e2metro maior. Al\u00e9m disso, a diferen\u00e7a entre a serra gantry horizontal CNC e as duas serras anteriores \u00e9 o movimento da l\u00e2mina da serra e da madeira. A l\u00e2mina da serra de madeira grande se move para frente e para tr\u00e1s, mas a madeira n\u00e3o se move. <strong><a href=\"https:\/\/charcoalplant.com\/pt\/about\/\">Shuliy\u00a0M\u00e1quinas<\/a><\/strong> vende serra de fita horizontal totalmente autom\u00e1tica a gasolina e serra de fita horizontal totalmente autom\u00e1tica a diesel. Nossa f\u00e1brica tamb\u00e9m produz ferramentas para reparar l\u00e2minas de serra, a fim de evitar o aumento do investimento na substitui\u00e7\u00e3o da l\u00e2mina de serra devido ao desgaste da l\u00e2mina.<\/p>    <figure class=\"wp-block-gallery has-nested-images columns-2 is-cropped wp-block-gallery-7 is-layout-flex wp-block-gallery-is-layout-flex\"> <figure class=\"wp-block-image size-large\"><img loading=\"lazy\" decoding=\"async\" width=\"720\" height=\"540\" data-id=\"1727\" src=\"https:\/\/charcoalplant.com\/wp-content\/uploads\/2022\/01\/board-for-furniture.jpg\" alt=\"t\u00e1bua para m\u00f3veis\" class=\"wp-image-1727\" srcset=\"https:\/\/charcoalplant.com\/wp-content\/uploads\/2022\/01\/board-for-furniture.jpg 720w, https:\/\/charcoalplant.com\/wp-content\/uploads\/2022\/01\/board-for-furniture-300x225.jpg 300w\" sizes=\"auto, (max-width: 720px) 100vw, 720px\" \/><figcaption class=\"wp-element-caption\">t\u00e1bua para m\u00f3veis<\/figcaption><\/figure>    <figure class=\"wp-block-image size-large\"><img loading=\"lazy\" decoding=\"async\" width=\"720\" height=\"540\" data-id=\"1730\" src=\"https:\/\/charcoalplant.com\/wp-content\/uploads\/2022\/01\/Wood-placement.jpg\" alt=\"Coloca\u00e7\u00e3o de madeira\" class=\"wp-image-1730\" srcset=\"https:\/\/charcoalplant.com\/wp-content\/uploads\/2022\/01\/Wood-placement.jpg 720w, https:\/\/charcoalplant.com\/wp-content\/uploads\/2022\/01\/Wood-placement-300x225.jpg 300w\" sizes=\"auto, (max-width: 720px) 100vw, 720px\" \/><figcaption class=\"wp-element-caption\">Coloca\u00e7\u00e3o de madeira<\/figcaption><\/figure> <\/figure>    <h3 class=\"wp-block-heading\" id=\"structural-features-of-automatic-log-sawmill\"><strong>Caracter\u00edsticas estruturais da serraria autom\u00e1tica de toras<\/strong><\/h3>    <ul class=\"wp-block-list\"> <li>Reduz os erros causados \u200b\u200bpela movimenta\u00e7\u00e3o de toras redondas e quadradas. <\/li> <\/ul>    <ul class=\"wp-block-list\"> <li>A t\u00e1bua de madeira cortada \u00e9 retra\u00edda pelo gancho e n\u00e3o \u00e9 necess\u00e1ria extra\u00e7\u00e3o manual. <\/li> <\/ul>    <ul class=\"wp-block-list\"> <li>Este processo \u00e9 operado completamente mecanicamente para realizar o desejo de descarga autom\u00e1tica e cont\u00ednua. <\/li> <\/ul>    <figure class=\"wp-block-gallery has-nested-images columns-default is-cropped wp-block-gallery-8 is-layout-flex wp-block-gallery-is-layout-flex\"> <figure class=\"wp-block-image size-full\"><img loading=\"lazy\" decoding=\"async\" width=\"720\" height=\"540\" data-id=\"2262\" src=\"https:\/\/charcoalplant.com\/wp-content\/uploads\/2022\/02\/large-automatic-wood-band-saw.jpg\" alt=\"serra de fita para madeira grande autom\u00e1tica\" class=\"wp-image-2262\"\/><figcaption class=\"wp-element-caption\">serra de fita para madeira grande autom\u00e1tica<\/figcaption><\/figure> <\/figure>    <h3 class=\"wp-block-heading\" id=\"video-of-automatic-wood-bandsaw\"><strong>Serra de fita autom\u00e1tica para madeira<\/strong> <strong>v\u00eddeo de trabalho<\/strong><\/h3>    <figure class=\"wp-block-embed is-type-video is-provider-youtube wp-block-embed-youtube wp-embed-aspect-16-9 wp-has-aspect-ratio\"><div class=\"wp-block-embed__wrapper\"> <iframe loading=\"lazy\" title=\"Serra de fita horizontal totalmente autom\u00e1tica | Moinhos de madeira serrada #sawmill #woodboard #lumbercuttingmachine\" width=\"500\" height=\"281\" src=\"https:\/\/www.youtube.com\/embed\/5mhbYQ5ghls?feature=oembed\" frameborder=\"0\" allow=\"accelerometer; autoplay; clipboard-write; encrypted-media; gyroscope; picture-in-picture; web-share\" referrerpolicy=\"strict-origin-when-cross-origin\" allowfullscreen><\/iframe> <\/div><\/figure>    <h3 class=\"wp-block-heading has-luminous-vivid-orange-color has-text-color\" id=\"h-parameters-of-mobile-log-saw\"><strong>Par\u00e2metros da serra m\u00f3vel para toras<\/strong><\/h3>    <figure class=\"wp-block-table is-style-stripes\"><table><tbody><tr><td>Modelo<\/td><td>SL-1500<\/td><td>SL-2500<\/td><\/tr><tr><td>Di\u00e2metro da roda de serra<\/td><td>1000mm<\/td><td>1070 mm<\/td><\/tr><tr><td>Di\u00e2metro m\u00e1ximo de madeira para serrar<\/td><td>1500mm<\/td><td>2500 mm<\/td><\/tr><tr><td>Pot\u00eancia do motor<\/td><td>37KW<\/td><td>55 kW<\/td><\/tr><tr><td>Configura\u00e7\u00e3o de espessura de serra<\/td><td>350mm<\/td><td>450mm<\/td><\/tr><tr><td>Comprimento m\u00e1ximo de serrar madeira<\/td><td>6.000 mm<\/td><td>6.000 mm<\/td><\/tr><tr><td>Peso<\/td><td>4500kg<\/td><td>5500kg<\/td><\/tr><\/tbody><\/table><\/figure>","protected":false},"excerpt":{"rendered":"<p>A m\u00e1quina para serraria de toras \u00e9 um equipamento de corte de madeira. Inclui serras de mesa deslizante para toras, serras de fita verticais e serras de fita horizontais.<\/p>","protected":false},"author":1,"featured_media":1716,"parent":0,"template":"","tags":[64],"product-type":[3],"class_list":["post-1715","product","type-product","status-publish","has-post-thumbnail","hentry","tag-wood-wastes-recycling-machine","product-type-wood-wastes-recycling-machine"],"_links":{"self":[{"href":"https:\/\/charcoalplant.com\/pt\/wp-json\/wp\/v2\/product\/1715","targetHints":{"allow":["GET"]}}],"collection":[{"href":"https:\/\/charcoalplant.com\/pt\/wp-json\/wp\/v2\/product"}],"about":[{"href":"https:\/\/charcoalplant.com\/pt\/wp-json\/wp\/v2\/types\/product"}],"author":[{"embeddable":true,"href":"https:\/\/charcoalplant.com\/pt\/wp-json\/wp\/v2\/users\/1"}],"wp:featuredmedia":[{"embeddable":true,"href":"https:\/\/charcoalplant.com\/pt\/wp-json\/wp\/v2\/media\/1716"}],"wp:attachment":[{"href":"https:\/\/charcoalplant.com\/pt\/wp-json\/wp\/v2\/media?parent=1715"}],"wp:term":[{"taxonomy":"post_tag","embeddable":true,"href":"https:\/\/charcoalplant.com\/pt\/wp-json\/wp\/v2\/tags?post=1715"},{"taxonomy":"product-type","embeddable":true,"href":"https:\/\/charcoalplant.com\/pt\/wp-json\/wp\/v2\/product-type?post=1715"}],"curies":[{"name":"wp","href":"https:\/\/api.w.org\/{rel}","templated":true}]}}