{"id":1909,"date":"2022-01-11T09:01:53","date_gmt":"2022-01-11T09:01:53","guid":{"rendered":"https:\/\/charcoalplant.com\/"},"modified":"2022-06-10T02:25:52","modified_gmt":"2022-06-10T02:25:52","slug":"rotary-hookah-tablet-press","status":"publish","type":"product","link":"https:\/\/charcoalplant.com\/pt\/product\/rotary-hookah-tablet-press\/","title":{"rendered":"Prensa rotativa para comprimidos de narguil\u00e9 | M\u00e1quina de fazer carv\u00e3o Shisha"},"content":{"rendered":"<div class=\"kk-star-ratings kksr-auto kksr-align-left kksr-valign-top\"     data-payload='{&quot;align&quot;:&quot;left&quot;,&quot;id&quot;:&quot;1909&quot;,&quot;slug&quot;:&quot;default&quot;,&quot;valign&quot;:&quot;top&quot;,&quot;ignore&quot;:&quot;&quot;,&quot;reference&quot;:&quot;auto&quot;,&quot;class&quot;:&quot;&quot;,&quot;count&quot;:&quot;8&quot;,&quot;legendonly&quot;:&quot;&quot;,&quot;readonly&quot;:&quot;&quot;,&quot;score&quot;:&quot;4.8&quot;,&quot;starsonly&quot;:&quot;&quot;,&quot;best&quot;:&quot;5&quot;,&quot;gap&quot;:&quot;5&quot;,&quot;greet&quot;:&quot;Rate this product&quot;,&quot;legend&quot;:&quot;4.8\\\/5 - (8 votes)&quot;,&quot;size&quot;:&quot;24&quot;,&quot;title&quot;:&quot;Rotary Hookah Tablet Press | Shisha Charcoal Making Machine&quot;,&quot;width&quot;:&quot;136.7&quot;,&quot;_legend&quot;:&quot;{score}\\\/{best} - ({count} {votes})&quot;,&quot;font_factor&quot;:&quot;1.25&quot;}'>              <div class=\"kksr-stars\">      <div class=\"kksr-stars-inactive\">             <div class=\"kksr-star\" data-star=\"1\" style=\"padding-right: 5px\">               <div class=\"kksr-icon\" style=\"width: 24px; height: 24px;\"><\/div>         <\/div>             <div class=\"kksr-star\" data-star=\"2\" style=\"padding-right: 5px\">               <div class=\"kksr-icon\" style=\"width: 24px; height: 24px;\"><\/div>         <\/div>             <div class=\"kksr-star\" data-star=\"3\" style=\"padding-right: 5px\">               <div class=\"kksr-icon\" style=\"width: 24px; height: 24px;\"><\/div>         <\/div>             <div class=\"kksr-star\" data-star=\"4\" style=\"padding-right: 5px\">               <div class=\"kksr-icon\" style=\"width: 24px; height: 24px;\"><\/div>         <\/div>             <div class=\"kksr-star\" data-star=\"5\" style=\"padding-right: 5px\">               <div class=\"kksr-icon\" style=\"width: 24px; height: 24px;\"><\/div>         <\/div>     <\/div>      <div class=\"kksr-stars-active\" style=\"width: 136.7px;\">             <div class=\"kksr-star\" style=\"padding-right: 5px\">               <div class=\"kksr-icon\" style=\"width: 24px; height: 24px;\"><\/div>         <\/div>             <div class=\"kksr-star\" style=\"padding-right: 5px\">               <div class=\"kksr-icon\" style=\"width: 24px; height: 24px;\"><\/div>         <\/div>             <div class=\"kksr-star\" style=\"padding-right: 5px\">               <div class=\"kksr-icon\" style=\"width: 24px; height: 24px;\"><\/div>         <\/div>             <div class=\"kksr-star\" style=\"padding-right: 5px\">               <div class=\"kksr-icon\" style=\"width: 24px; height: 24px;\"><\/div>         <\/div>             <div class=\"kksr-star\" style=\"padding-right: 5px\">               <div class=\"kksr-icon\" style=\"width: 24px; height: 24px;\"><\/div>         <\/div>     <\/div> <\/div>                   <div class=\"kksr-legend\" style=\"font-size: 19.2px;\">             4,8\/5 - (8 votos)    <\/div>     <\/div>  <p class=\"translation-block\"><strong>A prensa de tabletas de carv\u00e3o para hookah rotativa<\/strong> \u00e9 uma m\u00e1quina de fabrica\u00e7\u00e3o de carv\u00e3o para shisha de alta efici\u00eancia. Comparado com a m\u00e1quina comum de briquetes de carv\u00e3o para shisha, a produ\u00e7\u00e3o da prensa de tabletas rotativa \u00e9 3 vezes maior que a do tipo comum. Ou seja, \u00e9 equivalente a 2-3 prensas de tabletas de p\u00f3 de carv\u00e3o do tipo normal. Portanto, a m\u00e1quina de prensagem de carv\u00e3o para hookah rotativa possui <strong><a href=\"https:\/\/charcoalplant.com\/pt\/news\/why-are-the-new-shisha-charcoal-presses-more-high-end\/\">alto valor econ\u00f4mico<\/a><\/strong>. A Shuliy Machinery pode n\u00e3o apenas elaborar o plano de produ\u00e7\u00e3o adequado para voc\u00ea. Al\u00e9m disso, oferecemos um servi\u00e7o de personaliza\u00e7\u00e3o de m\u00e1quinas. Se voc\u00ea quiser obter o pre\u00e7o do produto, por favor, deixe-nos uma mensagem. E responderemos o mais r\u00e1pido poss\u00edvel.<\/p>    <div class=\"wp-block-image\"><figure class=\"aligncenter size-full\"><img loading=\"lazy\" decoding=\"async\" width=\"720\" height=\"540\" src=\"https:\/\/charcoalplant.com\/wp-content\/uploads\/2022\/02\/rotary-hookah-coal-tablet-press-for-sale.jpg\" alt=\"prensa rotativa para comprimidos de carv\u00e3o para narguil\u00e9-para-venda\" class=\"wp-image-2480\"\/><figcaption>prensa rotativa para comprimidos de carv\u00e3o para narguil\u00e9-para-venda<\/figcaption><\/figure><\/div>    <h2 class=\"wp-block-heading\" id=\"h-raw-materials-of-rotary-hookah-charcoal-tablet-machine\">Mat\u00e9rias-primas da m\u00e1quina rotativa de comprimidos de carv\u00e3o para narguil\u00e9<\/h2>    <p class=\"translation-block\">As mat\u00e9rias-primas da <strong><a href=\"https:\/\/charcoalplant.com\/pt\/shisha-charcoal-production-line\/\">linha de produ\u00e7\u00e3o de carv\u00e3o para narguil\u00e9<\/a><\/strong> s\u00e3o v\u00e1rios p\u00f3s de carbono. Por exemplo, p\u00f3 de <strong><a href=\"https:\/\/charcoalplant.com\/pt\/info\/what-are-the-uses-of-coconut-shells\/\">carv\u00e3o de casca de coco<\/a><\/strong>, p\u00f3 de carv\u00e3o de fruta, p\u00f3 de carv\u00e3o de bambu, p\u00f3 de carv\u00e3o, etc. A m\u00e1quina rotativa de carv\u00e3o para narguil\u00e9 serve para prensar estes p\u00f3s de carbono em pastilhas de carv\u00e3o para narguil\u00e9 de v\u00e1rias formas. Para al\u00e9m de prensar pastilhas redondas, tamb\u00e9m pode prensar pastilhas de formato especial, pastilhas especiais, pastilhas quadradas, pastilhas em anel, etc. A produ\u00e7\u00e3o de carv\u00e3o para narguil\u00e9 n\u00e3o s\u00f3 tem o di\u00e2metro ajust\u00e1vel. E o tamanho, a resist\u00eancia e a dureza das pastilhas de carv\u00e3o s\u00e3o produzidos de acordo com os requisitos do cliente.<\/p>    <div class=\"wp-block-image\"><figure class=\"aligncenter size-full\"><img loading=\"lazy\" decoding=\"async\" width=\"720\" height=\"540\" src=\"https:\/\/charcoalplant.com\/wp-content\/uploads\/2022\/02\/round-quick-light-shisha-hookahcoal.jpg\" alt=\"redondo-de-luz-r\u00e1pida-shisha-hookahcarv\u00e3o\" class=\"wp-image-2474\"\/><figcaption>carv\u00e3o redondo-de-luz-r\u00e1pida-shisha-hookah<\/figcaption><\/figure><\/div>    <h2 class=\"wp-block-heading\">Princ\u00edpio fundamental da m\u00e1quina de fazer carv\u00e3o shisha<strong> <\/strong><\/h2>    <p>A raz\u00e3o pela qual a prensa rotativa de carv\u00e3o para narguil\u00e9 \u00e9 eficiente e de alta qualidade. Por causa de seu sistema exclusivo de forma\u00e7\u00e3o de carv\u00e3o para narguil\u00e9. Ele abandona corajosamente a forma tradicional de perfurar para cima e para baixo. Ele usa golpes superiores e inferiores ao longo da pista curva para apertar naturalmente nos pontos altos e baixos. A vantagem deste design \u00e9 que cada peda\u00e7o de carv\u00e3o shisha pode suportar a mesma quantidade de press\u00e3o. Esta tamb\u00e9m \u00e9 a parte mais valiosa da reforma da m\u00e1quina de fazer carv\u00e3o para narguil\u00e9.<\/p>    <figure class=\"wp-block-gallery has-nested-images columns-default is-cropped wp-block-gallery-2 is-layout-flex wp-block-gallery-is-layout-flex\"> <figure class=\"wp-block-image size-large\"><img loading=\"lazy\" decoding=\"async\" width=\"720\" height=\"540\" data-id=\"1910\" src=\"https:\/\/charcoalplant.com\/wp-content\/uploads\/2022\/01\/Shisha-Charcoal-Receiving-Tray-and-outlet_.jpg\" alt=\"Shisha-Carv\u00e3o-Recebedor-Bandeja-e-sa\u00edda\" class=\"wp-image-1910\"\/><figcaption>Shisha-Carv\u00e3o-Recebedor-Bandeja-e-sa\u00edda<\/figcaption><\/figure> <\/figure>    <h2 class=\"wp-block-heading\" id=\"h-structure-of-rotary-hookah-tablet-press\">Estrutura da prensa rotativa para comprimidos de narguil\u00e9<\/h2>    <p>Sua estrutura inclui porta de alimenta\u00e7\u00e3o, porta de descarga, molde (superior, intermedi\u00e1rio e inferior), motor, motor de desacelera\u00e7\u00e3o, rolo de press\u00e3o e bandeja receptora. Sua usina est\u00e1 encerrada sob o corpo. A m\u00e1quina de teste e manuten\u00e7\u00e3o di\u00e1ria precisam verificar o motor e pode ser verificado com a chave. O design da estrutura de toda a prensa rotativa para comprimidos \u00e9 muito compacto e economiza espa\u00e7o.<\/p>    <div class=\"wp-block-columns is-layout-flex wp-container-core-columns-is-layout-28f84493 wp-block-columns-is-layout-flex\"> <div class=\"wp-block-column is-layout-flow wp-block-column-is-layout-flow\" style=\"flex-basis:66.66%\"> <figure class=\"wp-block-gallery has-nested-images columns-default is-cropped wp-block-gallery-3 is-layout-flex wp-block-gallery-is-layout-flex\"> <figure class=\"wp-block-image size-large\"><img loading=\"lazy\" decoding=\"async\" width=\"720\" height=\"540\" data-id=\"1912\" src=\"https:\/\/charcoalplant.com\/wp-content\/uploads\/2022\/01\/mould.jpg\" alt=\"mofo\" class=\"wp-image-1912\"\/><figcaption>mofo<\/figcaption><\/figure> <\/figure> <\/div>    <div class=\"wp-block-column is-layout-flow wp-block-column-is-layout-flow\" style=\"flex-basis:33.33%\"> <p class=\"translation-block\"><strong>Molde<\/strong><\/p>    <p>O di\u00e2metro do molde, o padr\u00e3o e o texto podem ser personalizados. Portanto, o carv\u00e3o shisha produzido \u00e9 mais diferenciado e ao mesmo tempo tem um p\u00fablico mais amplo. O corpo da m\u00e1quina e o material do molde s\u00e3o de a\u00e7o inoxid\u00e1vel dur\u00e1vel. Portanto, quase n\u00e3o possui pe\u00e7as de desgaste e tem uma vida \u00fatil de 8 a 10 anos.<\/p> <\/div> <\/div>    <div class=\"wp-block-columns is-layout-flex wp-container-core-columns-is-layout-28f84493 wp-block-columns-is-layout-flex\"> <div class=\"wp-block-column is-layout-flow wp-block-column-is-layout-flow\" style=\"flex-basis:33.33%\"> <p class=\"translation-block\"><strong>Entrada<\/strong><\/p>    <p>A imagem \u00e0 direita mostra a entrada de alimenta\u00e7\u00e3o e o bot\u00e3o de distribui\u00e7\u00e3o da m\u00e1quina formadora de carv\u00e3o. A posi\u00e7\u00e3o da porta de alimenta\u00e7\u00e3o da m\u00e1quina de carv\u00e3o para narguil\u00e9 \u00e9 altamente adequada. Portanto, \u00e9 muito conveniente para os operadores usarem e detectarem. E os bot\u00f5es laterais da m\u00e1quina podem ajustar a press\u00e3o e a quantidade de recheios.<\/p> <\/div>    <div class=\"wp-block-column is-layout-flow wp-block-column-is-layout-flow\" style=\"flex-basis:66.66%\"> <figure class=\"wp-block-gallery has-nested-images columns-default is-cropped wp-block-gallery-4 is-layout-flex wp-block-gallery-is-layout-flex\"> <figure class=\"wp-block-image size-large\"><img loading=\"lazy\" decoding=\"async\" width=\"720\" height=\"540\" data-id=\"2475\" src=\"https:\/\/charcoalplant.com\/wp-content\/uploads\/2022\/02\/details-of-hully-charcoal-machine-.jpg\" alt=\"\" class=\"wp-image-2475\"\/><\/figure> <\/figure> <\/div> <\/div>    <div class=\"wp-block-columns is-layout-flex wp-container-core-columns-is-layout-28f84493 wp-block-columns-is-layout-flex\"> <div class=\"wp-block-column is-layout-flow wp-block-column-is-layout-flow\" style=\"flex-basis:66.66%\"> <figure class=\"wp-block-gallery has-nested-images columns-default is-cropped wp-block-gallery-5 is-layout-flex wp-block-gallery-is-layout-flex\"> <figure class=\"wp-block-image size-large\"><img loading=\"lazy\" decoding=\"async\" width=\"720\" height=\"540\" data-id=\"2476\" src=\"https:\/\/charcoalplant.com\/wp-content\/uploads\/2022\/02\/outlet-1.jpg\" alt=\"\" class=\"wp-image-2476\"\/><\/figure> <\/figure> <\/div>    <div class=\"wp-block-column is-layout-flow wp-block-column-is-layout-flow\" style=\"flex-basis:33.33%\"> <p class=\"translation-block\"><strong>Sa\u00edda<\/strong><\/p>    <p class=\"translation-block\">Existe uma chapa defletora na sa\u00edda, para que o carv\u00e3o para narguil\u00e9 seja recolhido de forma ordenada. Al\u00e9m disso, equipamos os nossos clientes com uma bandeja de recolha. Facilita a opera\u00e7\u00e3o da parte de <strong><a href=\"https:\/\/charcoalplant.com\/pt\/drying-machine\/charcoal-briquette-dryer\/\">secagem<\/a><\/strong> do narguil\u00e9 e a opera\u00e7\u00e3o da <strong><a href=\"https:\/\/charcoalplant.com\/pt\/briquettes-packing-machine\/charcoal-briquettes-packing-machine\/\">m\u00e1quina de triagem de carv\u00e3o para narguil\u00e9<\/a><\/strong> em anel.<br><\/p> <\/div> <\/div>    <h2 class=\"wp-block-heading\" id=\"h-parameters-of-rotary-hookah-tablet-press\">Par\u00e2metros da prensa rotativa para comprimidos de narguil\u00e9<\/h2>    <p>Fabricamos v\u00e1rios modelos de prensas para comprimidos de carv\u00e3o shisha. O punch 21 \u00e9 um dos nossos mais vendidos. Abaixo est\u00e3o os par\u00e2metros da m\u00e1quina para 21 comprimidos perfurados de 30 mm de di\u00e2metro.<\/p>    <figure class=\"wp-block-table is-style-stripes\"><table><tbody><tr><td><strong>Modelo<\/strong><strong><\/strong><\/td><td><strong>SL-RS21<\/strong><\/td><\/tr><tr><td><strong>Quantidade de pun\u00e7\u00f5es (conjuntos)<\/strong><strong><\/strong><\/td><td><strong>21<\/strong><strong><\/strong><\/td><\/tr><tr><td><strong>Press\u00e3o m\u00e1xima do comprimido (kn)<\/strong><strong><\/strong><\/td><td><strong>120<\/strong><strong><\/strong><\/td><\/tr><tr><td><strong>Profundidade m\u00e1xima de enchimento (mm)<\/strong><strong><\/strong><\/td><td><strong>16-28<\/strong><strong><\/strong><\/td><\/tr><tr><td><strong>Espessura m\u00e1xima do comprimido (mm)<\/strong><strong><\/strong><\/td><td><strong>8-15<\/strong><strong><\/strong><\/td><\/tr><tr><td><strong>Velocidade de rota\u00e7\u00e3o da torre (r\/min)<\/strong><strong><\/strong><\/td><td><strong>30<\/strong><strong><\/strong><\/td><\/tr><tr><td><strong>Sa\u00edda m\u00e1xima (pcs\/h)<\/strong><strong><\/strong><\/td><td><strong>30000-40000<\/strong><strong><\/strong><\/td><\/tr><tr><td><strong>Pot\u00eancia do motor (kw)<\/strong><strong><\/strong><\/td><td><strong>7.5<\/strong><strong><\/strong><\/td><\/tr><tr><td><strong>Tamanho total (mm)<\/strong><strong><\/strong><\/td><td><strong>800*900*1650<\/strong><strong><\/strong><\/td><\/tr><tr><td><strong>Peso da m\u00e1quina (kg)<\/strong><strong><\/strong><\/td><td><strong>1500<\/strong><strong><\/strong><\/td><\/tr><\/tbody><\/table><\/figure>    <h2 class=\"wp-block-heading\" id=\"h-video-of-best-coconut-charcoal-shisha-tablet\">V\u00eddeo do melhor comprimido de shisha com carv\u00e3o de coco<\/h2>    <p>Atrav\u00e9s do v\u00eddeo abaixo, voc\u00ea pode entender claramente o processo de produ\u00e7\u00e3o e embalagem do carv\u00e3o shisha.<\/p>    <figure class=\"wp-block-embed is-type-video is-provider-youtube wp-block-embed-youtube wp-embed-aspect-16-9 wp-has-aspect-ratio\"><div class=\"wp-block-embed__wrapper\"> <iframe loading=\"lazy\" title=\"Melhor comprimido de Shisha com carv\u00e3o de coco | M\u00e1quina rotativa para comprimidos de cachimbo de \u00e1gua Plant#shishacharcoal#Arab\" width=\"500\" height=\"281\" src=\"https:\/\/www.youtube.com\/embed\/SCr3JOp5PN8?feature=oembed\" frameborder=\"0\" allow=\"accelerometer; autoplay; clipboard-write; encrypted-media; gyroscope; picture-in-picture; web-share\" referrerpolicy=\"strict-origin-when-cross-origin\" allowfullscreen><\/iframe> <\/div><\/figure>    <h2 class=\"wp-block-heading\">Quais s\u00e3o os benef\u00edcios de uma prensa para comprimidos de carv\u00e3o shisha?<\/h2>    <ul class=\"wp-block-list\" id=\"block-4a8c5a9a-482a-49f4-b4de-51d981b5b640\"><li>Adote painel de controle inteligente PLC. A espessura do comprimido de carv\u00e3o para narguil\u00e9 pode ser facilmente ajustada ajustando a velocidade.<\/li><li>O dispositivo de enchimento autom\u00e1tico da m\u00e1quina para fazer carv\u00e3o para narguil\u00e9 pode controlar facilmente a velocidade.<\/li><li>Toda a m\u00e1quina \u00e9 feita de a\u00e7o inoxid\u00e1vel, f\u00e1cil de limpar e tem uma longa vida \u00fatil.<\/li><li>A inclina\u00e7\u00e3o da porta de descarga \u00e9 projetada razoavelmente para que o carv\u00e3o shisha deslize naturalmente sem danificar a folha de carv\u00e3o do narguil\u00e9.<\/li><li>O carv\u00e3o shisha \u00e9 colocado no alimentador de a\u00e7o inoxid\u00e1vel. N\u00e3o s\u00f3 conveniente para secar, mas tamb\u00e9m conveniente para <strong><a href=\"https:\/\/charcoalplant.com\/pt\/briquettes-packing-machine\/charcoal-briquettes-packing-machine\/\">m\u00e1quina de embalar carv\u00e3o shisha<\/a><\/strong> embalagem.<\/li><li>Durante o funcionamento, o ru\u00eddo \u00e9 pequeno, a press\u00e3o \u00e9 grande e a sobrepress\u00e3o para para evitar danos \u00e0 m\u00e1quina.<\/li><\/ul>    <div class=\"wp-block-image\"><figure class=\"aligncenter size-full\"><img loading=\"lazy\" decoding=\"async\" width=\"720\" height=\"540\" src=\"https:\/\/charcoalplant.com\/wp-content\/uploads\/2022\/01\/rotary-tablet-press-plant-tuya_\u7ed3\u679c.jpg\" alt=\"planta de prensa rotativa para narguil\u00e9\" class=\"wp-image-1918\"\/><figcaption>planta de prensa rotativa para narguil\u00e9<\/figcaption><\/figure><\/div>    <div class=\"wp-block-image\"><figure class=\"aligncenter size-full\"><img loading=\"lazy\" decoding=\"async\" width=\"720\" height=\"540\" src=\"https:\/\/charcoalplant.com\/wp-content\/uploads\/2022\/02\/rotary-hookah-coal-tablet-press-plant-.jpg\" alt=\"planta rotativa para narguil\u00e9-comprimidos de carv\u00e3o\" class=\"wp-image-2482\"\/><figcaption>planta rotativa para narguil\u00e9-comprimidos de carv\u00e3o<\/figcaption><\/figure><\/div>    <h2 class=\"wp-block-heading\">Exibi\u00e7\u00e3o de linha de carv\u00e3o para narguil\u00e9<\/h2>    <div class=\"wp-block-columns is-layout-flex wp-container-core-columns-is-layout-28f84493 wp-block-columns-is-layout-flex\"> <div class=\"wp-block-column is-layout-flow wp-block-column-is-layout-flow\"> <figure class=\"wp-block-gallery has-nested-images columns-default is-cropped wp-block-gallery-6 is-layout-flex wp-block-gallery-is-layout-flex\"> <figure class=\"wp-block-image size-large\"><img loading=\"lazy\" decoding=\"async\" width=\"720\" height=\"540\" data-id=\"2483\" src=\"https:\/\/charcoalplant.com\/wp-content\/uploads\/2022\/02\/hookah-charcoal-forming-machine.jpg\" alt=\"m\u00e1quina formadora de carv\u00e3o para narguil\u00e9\" class=\"wp-image-2483\"\/><figcaption>m\u00e1quina formadora de carv\u00e3o para narguil\u00e9<\/figcaption><\/figure> <\/figure> <\/div>    <div class=\"wp-block-column is-layout-flow wp-block-column-is-layout-flow\"> <figure class=\"wp-block-gallery has-nested-images columns-default is-cropped wp-block-gallery-7 is-layout-flex wp-block-gallery-is-layout-flex\"> <figure class=\"wp-block-image size-large\"><img loading=\"lazy\" decoding=\"async\" width=\"720\" height=\"540\" data-id=\"2484\" src=\"https:\/\/charcoalplant.com\/wp-content\/uploads\/2022\/02\/dryer-1.jpg\" alt=\"secador\" class=\"wp-image-2484\"\/><figcaption>secador<\/figcaption><\/figure> <\/figure> <\/div>    <div class=\"wp-block-column is-layout-flow wp-block-column-is-layout-flow\"> <figure class=\"wp-block-gallery has-nested-images columns-default is-cropped wp-block-gallery-8 is-layout-flex wp-block-gallery-is-layout-flex\"> <figure class=\"wp-block-image size-large\"><img loading=\"lazy\" decoding=\"async\" width=\"720\" height=\"540\" data-id=\"2485\" src=\"https:\/\/charcoalplant.com\/wp-content\/uploads\/2022\/02\/Equipment-for-sorting-shisha-charcoal.jpg\" alt=\"equipamento-para-classificar-carv\u00e3o shisha\" class=\"wp-image-2485\"\/><figcaption>equipamento-para-classificar-carv\u00e3o shisha<\/figcaption><\/figure> <\/figure> <\/div> <\/div>    <div class=\"wp-block-columns is-layout-flex wp-container-core-columns-is-layout-28f84493 wp-block-columns-is-layout-flex\"> <div class=\"wp-block-column is-layout-flow wp-block-column-is-layout-flow\"> <figure class=\"wp-block-gallery has-nested-images columns-default is-cropped wp-block-gallery-9 is-layout-flex wp-block-gallery-is-layout-flex\"> <figure class=\"wp-block-image size-large\"><img loading=\"lazy\" decoding=\"async\" width=\"720\" height=\"540\" data-id=\"2486\" src=\"https:\/\/charcoalplant.com\/wp-content\/uploads\/2022\/02\/hookah-packing-machine.jpg\" alt=\"m\u00e1quina de embalar narguil\u00e9\" class=\"wp-image-2486\"\/><figcaption>m\u00e1quina de embalar narguil\u00e9<\/figcaption><\/figure> <\/figure> <\/div>    <div class=\"wp-block-column is-layout-flow wp-block-column-is-layout-flow\"> <figure class=\"wp-block-gallery has-nested-images columns-default is-cropped wp-block-gallery-10 is-layout-flex wp-block-gallery-is-layout-flex\"> <figure class=\"wp-block-image size-large\"><img loading=\"lazy\" decoding=\"async\" width=\"720\" height=\"540\" data-id=\"2487\" src=\"https:\/\/charcoalplant.com\/wp-content\/uploads\/2022\/02\/heat-shrink-sealer.jpg\" alt=\"selador termorretr\u00e1til\" class=\"wp-image-2487\"\/><figcaption>selador termorretr\u00e1til<\/figcaption><\/figure> <\/figure> <\/div>    <div class=\"wp-block-column is-layout-flow wp-block-column-is-layout-flow\"> <figure class=\"wp-block-gallery has-nested-images columns-default is-cropped wp-block-gallery-11 is-layout-flex wp-block-gallery-is-layout-flex\"> <figure class=\"wp-block-image size-large\"><img loading=\"lazy\" decoding=\"async\" width=\"720\" height=\"540\" data-id=\"2488\" src=\"https:\/\/charcoalplant.com\/wp-content\/uploads\/2022\/02\/finish-product.jpg\" alt=\"produto final\" class=\"wp-image-2488\"\/><figcaption>produto final<\/figcaption><\/figure> <\/figure> <\/div> <\/div>    <p><\/p>","protected":false},"excerpt":{"rendered":"<p>A prensa rotativa para comprimidos de narguil\u00e9 \u00e9 uma m\u00e1quina de fazer carv\u00e3o shisha de alta qualidade. Sua produ\u00e7\u00e3o hor\u00e1ria \u00e9 de 30.000 a 40.000 pe\u00e7as.<\/p>","protected":false},"author":1,"featured_media":1920,"parent":0,"template":"","tags":[59],"product-type":[44],"class_list":["post-1909","product","type-product","status-publish","has-post-thumbnail","hentry","tag-charcoal-briquetting-machine","product-type-charcoal-briquetting-machine"],"_links":{"self":[{"href":"https:\/\/charcoalplant.com\/pt\/wp-json\/wp\/v2\/product\/1909","targetHints":{"allow":["GET"]}}],"collection":[{"href":"https:\/\/charcoalplant.com\/pt\/wp-json\/wp\/v2\/product"}],"about":[{"href":"https:\/\/charcoalplant.com\/pt\/wp-json\/wp\/v2\/types\/product"}],"author":[{"embeddable":true,"href":"https:\/\/charcoalplant.com\/pt\/wp-json\/wp\/v2\/users\/1"}],"wp:featuredmedia":[{"embeddable":true,"href":"https:\/\/charcoalplant.com\/pt\/wp-json\/wp\/v2\/media\/1920"}],"wp:attachment":[{"href":"https:\/\/charcoalplant.com\/pt\/wp-json\/wp\/v2\/media?parent=1909"}],"wp:term":[{"taxonomy":"post_tag","embeddable":true,"href":"https:\/\/charcoalplant.com\/pt\/wp-json\/wp\/v2\/tags?post=1909"},{"taxonomy":"product-type","embeddable":true,"href":"https:\/\/charcoalplant.com\/pt\/wp-json\/wp\/v2\/product-type?post=1909"}],"curies":[{"name":"wp","href":"https:\/\/api.w.org\/{rel}","templated":true}]}}