{"id":1976,"date":"2022-01-14T10:13:10","date_gmt":"2022-01-14T10:13:10","guid":{"rendered":"https:\/\/charcoalplant.com\/?page_id=1976"},"modified":"2023-01-13T16:46:31","modified_gmt":"2023-01-13T08:46:31","slug":"bbq-coal-production-line","status":"publish","type":"product","link":"https:\/\/charcoalplant.com\/pt\/bbq-coal-production-line\/","title":{"rendered":"Linha de produ\u00e7\u00e3o de carv\u00e3o para churrasco"},"content":{"rendered":"<div class=\"kk-star-ratings kksr-auto kksr-align-left kksr-valign-top\"     data-payload='{&quot;align&quot;:&quot;left&quot;,&quot;id&quot;:&quot;1976&quot;,&quot;slug&quot;:&quot;default&quot;,&quot;valign&quot;:&quot;top&quot;,&quot;ignore&quot;:&quot;&quot;,&quot;reference&quot;:&quot;auto&quot;,&quot;class&quot;:&quot;&quot;,&quot;count&quot;:&quot;13&quot;,&quot;legendonly&quot;:&quot;&quot;,&quot;readonly&quot;:&quot;&quot;,&quot;score&quot;:&quot;4.9&quot;,&quot;starsonly&quot;:&quot;&quot;,&quot;best&quot;:&quot;5&quot;,&quot;gap&quot;:&quot;5&quot;,&quot;greet&quot;:&quot;Rate this product&quot;,&quot;legend&quot;:&quot;4.9\\\/5 - (13 votes)&quot;,&quot;size&quot;:&quot;24&quot;,&quot;title&quot;:&quot;BBQ Coal Production Line&quot;,&quot;width&quot;:&quot;139.6&quot;,&quot;_legend&quot;:&quot;{score}\\\/{best} - ({count} {votes})&quot;,&quot;font_factor&quot;:&quot;1.25&quot;}'>              <div class=\"kksr-stars\">      <div class=\"kksr-stars-inactive\">             <div class=\"kksr-star\" data-star=\"1\" style=\"padding-right: 5px\">               <div class=\"kksr-icon\" style=\"width: 24px; height: 24px;\"><\/div>         <\/div>             <div class=\"kksr-star\" data-star=\"2\" style=\"padding-right: 5px\">               <div class=\"kksr-icon\" style=\"width: 24px; height: 24px;\"><\/div>         <\/div>             <div class=\"kksr-star\" data-star=\"3\" style=\"padding-right: 5px\">               <div class=\"kksr-icon\" style=\"width: 24px; height: 24px;\"><\/div>         <\/div>             <div class=\"kksr-star\" data-star=\"4\" style=\"padding-right: 5px\">               <div class=\"kksr-icon\" style=\"width: 24px; height: 24px;\"><\/div>         <\/div>             <div class=\"kksr-star\" data-star=\"5\" style=\"padding-right: 5px\">               <div class=\"kksr-icon\" style=\"width: 24px; height: 24px;\"><\/div>         <\/div>     <\/div>      <div class=\"kksr-stars-active\" style=\"width: 139.6px;\">             <div class=\"kksr-star\" style=\"padding-right: 5px\">               <div class=\"kksr-icon\" style=\"width: 24px; height: 24px;\"><\/div>         <\/div>             <div class=\"kksr-star\" style=\"padding-right: 5px\">               <div class=\"kksr-icon\" style=\"width: 24px; height: 24px;\"><\/div>         <\/div>             <div class=\"kksr-star\" style=\"padding-right: 5px\">               <div class=\"kksr-icon\" style=\"width: 24px; height: 24px;\"><\/div>         <\/div>             <div class=\"kksr-star\" style=\"padding-right: 5px\">               <div class=\"kksr-icon\" style=\"width: 24px; height: 24px;\"><\/div>         <\/div>             <div class=\"kksr-star\" style=\"padding-right: 5px\">               <div class=\"kksr-icon\" style=\"width: 24px; height: 24px;\"><\/div>         <\/div>     <\/div> <\/div>                   <div class=\"kksr-legend\" style=\"font-size: 19.2px;\">             4,9\/5 - (13 votos)    <\/div>     <\/div>  <p class=\"translation-block\"><strong>Linha de produ\u00e7\u00e3o de carv\u00e3o para churrasco<\/strong> \u00e9 uma ferramenta profissional para a fabrica\u00e7\u00e3o de briquetes de carv\u00e3o. Al\u00e9m disso, pode ser moldado n\u00e3o apenas em bolas, mas tamb\u00e9m em travesseiros, p\u00e3es e ovais para atender \u00e0s necessidades dos clientes. Como o carv\u00e3o para churrasco substitui o combust\u00edvel tradicional de biomassa e o carv\u00e3o cru, \u00e9 uma forma eficaz de alcan\u00e7ar economia de energia e redu\u00e7\u00e3o de emiss\u00f5es. Al\u00e9m disso, a m\u00e1quina de fabrica\u00e7\u00e3o de briquetes de carv\u00e3o pode resolver facilmente os problemas de transporte inconveniente e manuseamento dif\u00edcil do carv\u00e3o mo\u00eddo. Portanto, \u00e9 o projeto de investimento preferido para f\u00e1bricas de processamento de carv\u00e3o. Se estiver interessado na linha de produ\u00e7\u00e3o de carv\u00e3o para churrasco Shuliy, entre em contacto connosco imediatamente.<\/p>    <h2 class=\"wp-block-heading\" id=\"h-process-of-bbq-coal-production-line\"><strong>Processo de linha de produ\u00e7\u00e3o de carv\u00e3o para churrasco<\/strong><\/h2>    <p>Simplificando, toda a linha de produ\u00e7\u00e3o de briquetes de carv\u00e3o \u00e9 o processo desde peda\u00e7os de carv\u00e3o at\u00e9 carv\u00e3o em p\u00f3 e carv\u00e3o para churrasco. Todo o processo inclui tritura\u00e7\u00e3o, agita\u00e7\u00e3o, distribui\u00e7\u00e3o, forma\u00e7\u00e3o, secagem e embalagem. Finalmente, ser\u00e1 obtido um briquete limpo com alto poder calor\u00edfico, grande demanda e transporte conveniente.<\/p>    <figure class=\"wp-block-gallery has-nested-images columns-3 is-cropped wp-block-gallery-2 is-layout-flex wp-block-gallery-is-layout-flex\"> <figure class=\"wp-block-image size-large\"><img loading=\"lazy\" decoding=\"async\" width=\"720\" height=\"540\" data-id=\"1980\" src=\"https:\/\/charcoalplant.com\/wp-content\/uploads\/2022\/01\/coal.jpg\" alt=\"carv\u00e3o\" class=\"wp-image-1980\"\/><figcaption class=\"wp-element-caption\">carv\u00e3o<\/figcaption><\/figure>    <figure class=\"wp-block-image size-large\"><img loading=\"lazy\" decoding=\"async\" width=\"720\" height=\"540\" data-id=\"1979\" src=\"https:\/\/charcoalplant.com\/wp-content\/uploads\/2022\/01\/coal-powder.jpg\" alt=\"p\u00f3 de carv\u00e3o\" class=\"wp-image-1979\"\/><figcaption class=\"wp-element-caption\">p\u00f3 de carv\u00e3o<\/figcaption><\/figure>    <figure class=\"wp-block-image size-full\"><img loading=\"lazy\" decoding=\"async\" width=\"720\" height=\"540\" data-id=\"2842\" src=\"https:\/\/charcoalplant.com\/wp-content\/uploads\/2022\/03\/coal-briket-bag.jpg\" alt=\"saco de carv\u00e3o\" class=\"wp-image-2842\"\/><figcaption class=\"wp-element-caption\">saco de carv\u00e3o<\/figcaption><\/figure> <\/figure>    <figure class=\"wp-block-image aligncenter size-full\"><img loading=\"lazy\" decoding=\"async\" width=\"720\" height=\"540\" src=\"https:\/\/charcoalplant.com\/wp-content\/uploads\/2022\/01\/BBQ-coal-production-line.jpg\" alt=\"Linha de produ\u00e7\u00e3o de carv\u00e3o para churrasco\" class=\"wp-image-1978\"\/><figcaption class=\"wp-element-caption\">Linha de produ\u00e7\u00e3o de carv\u00e3o para churrasco<\/figcaption><\/figure>    <h2 class=\"wp-block-heading\" id=\"h-what-equipment-does-coal-powder-briquetting-production-line-include\"><strong>Quais m\u00e1quinas a linha de produ\u00e7\u00e3o de briquetes de p\u00f3 de carv\u00e3o inclui?<\/strong><\/h2>    <p class=\"translation-block\">O equipamento principal da linha de produ\u00e7\u00e3o de carv\u00e3o para churrasco \u00e9 composto por um silo de carv\u00e3o, <strong><a href=\"https:\/\/charcoalplant.com\/pt\/grinder-and-mixer\/charcoal-shredder\/\">triturador de carv\u00e3o<\/a><\/strong>, misturador de p\u00f3 de carv\u00e3o, moinho de rodas, m\u00e1quina de briquetes de carv\u00e3o, secador de carv\u00e3o para churrasco e m\u00e1quina de embalagem. Entre eles, o misturador de eixo duplo, a m\u00e1quina de produ\u00e7\u00e3o de briquetes de carv\u00e3o pulverizado e o secador de briquetes de carv\u00e3o s\u00e3o os equipamentos mais importantes na linha de produ\u00e7\u00e3o de carv\u00e3o para churrasco.<\/p>    <div class=\"wp-block-columns has-background is-layout-flex wp-container-core-columns-is-layout-28f84493 wp-block-columns-is-layout-flex\" style=\"background-color:#f1f1f1\"> <div class=\"wp-block-column is-vertically-aligned-center is-layout-flow wp-block-column-is-layout-flow\" style=\"flex-basis:33.33%\"> <h3 class=\"wp-block-heading\"><strong>Misturador de carv\u00e3o pulverizado<\/strong><\/h3>    <p class=\"translation-block\">Como a forma\u00e7\u00e3o de briquetes de carv\u00e3o tem requisitos muito rigorosos sobre a qualidade do aglutinante e a estrutura da m\u00e1quina de mistura. Portanto, a linha de produ\u00e7\u00e3o de moldagem de carv\u00e3o pulverizado \u00e9 equipada principalmente com um <strong>misturador de eixo duplo<\/strong> e um tanque de mistura de aglutinante. Assim, voc\u00ea s\u00f3 precisa saber quanto aglutinante \u00e9 necess\u00e1rio para uma tonelada de carv\u00e3o, e voc\u00ea pode adicion\u00e1-lo quantitativamente. O misturador de cinzas de carv\u00e3o pode garantir completamente a mistura uniforme de p\u00f3 de carv\u00e3o e aglutinante.<\/p> <\/div>    <div class=\"wp-block-column is-layout-flow wp-block-column-is-layout-flow\" style=\"flex-basis:66.66%\"> <figure class=\"wp-block-image size-full\"><img loading=\"lazy\" decoding=\"async\" width=\"720\" height=\"540\" src=\"https:\/\/charcoalplant.com\/wp-content\/uploads\/2022\/03\/coal-mixer.jpg\" alt=\"\" class=\"wp-image-2844\"\/><\/figure> <\/div> <\/div>    <div class=\"wp-block-columns has-background is-layout-flex wp-container-core-columns-is-layout-28f84493 wp-block-columns-is-layout-flex\" style=\"background-color:#f1f1f1\"> <div class=\"wp-block-column is-layout-flow wp-block-column-is-layout-flow\" style=\"flex-basis:66.66%\"> <figure class=\"wp-block-gallery has-nested-images columns-default is-cropped wp-block-gallery-3 is-layout-flex wp-block-gallery-is-layout-flex\"> <figure class=\"wp-block-image size-large\"><img loading=\"lazy\" decoding=\"async\" width=\"720\" height=\"540\" data-id=\"1982\" src=\"https:\/\/charcoalplant.com\/wp-content\/uploads\/2022\/01\/charcoal-ball-press-machine-manufacturer.jpg\" alt=\"fabricante de m\u00e1quina de prensar bolas de carv\u00e3o\" class=\"wp-image-1982\"\/><figcaption class=\"wp-element-caption\">fabricante de m\u00e1quina de prensar bolas de carv\u00e3o<\/figcaption><\/figure> <\/figure> <\/div>    <div class=\"wp-block-column is-vertically-aligned-center is-layout-flow wp-block-column-is-layout-flow\" style=\"flex-basis:33.33%\"> <h3 class=\"wp-block-heading\"><strong>M\u00e1quina de briquetagem de carv\u00e3o para churrasco<\/strong><\/h3>    <p class=\"translation-block\"><strong><a href=\"https:\/\/charcoalplant.com\/pt\/charcoal-briquetting-machine\/charcoal-ball-press-machine\/\">M\u00e1quina de prensa de bolas de p\u00f3 de carv\u00e3o<\/a><\/strong> \u00e9 o equipamento central na linha de produ\u00e7\u00e3o de carv\u00e3o para churrasco. Ao mesmo tempo, tamb\u00e9m \u00e9 o determinante da resist\u00eancia \u00e0 forma\u00e7\u00e3o de pellets e da taxa de esferiza\u00e7\u00e3o. A m\u00e1quina de moldagem de p\u00f3 de carv\u00e3o Shuliy tem uma taxa de forma\u00e7\u00e3o de bolas de mais de 98%.<\/p> <\/div> <\/div>    <div class=\"wp-block-columns has-background is-layout-flex wp-container-core-columns-is-layout-28f84493 wp-block-columns-is-layout-flex\" style=\"background-color:#f1f1f1\"> <div class=\"wp-block-column is-vertically-aligned-center is-layout-flow wp-block-column-is-layout-flow\" style=\"flex-basis:33.33%\"> <h3 class=\"wp-block-heading\"><strong>Secador de briquetes de carv\u00e3o<\/strong><\/h3>    <p class=\"translation-block\">O <strong><a href=\"https:\/\/charcoalplant.com\/pt\/drying-machine\/charcoal-briquette-dryer\/\">secador de carv\u00e3o para churrasco<\/a><\/strong> \u00e9 uma m\u00e1quina especial para secar pellets de carbono. O que recomendamos para voc\u00ea \u00e9 o secador de correia de malha. Sua estrutura de transmiss\u00e3o de corrente de correia transportadora de malha multicamadas em forma de S. Ele pode n\u00e3o apenas reduzir o espa\u00e7o ocupado pelo equipamento, mas tamb\u00e9m melhorar a taxa de utiliza\u00e7\u00e3o de energia t\u00e9rmica. Al\u00e9m disso, adota uma estrutura de transmiss\u00e3o tipo placa de corrente, que n\u00e3o se deforma em um ambiente de secagem com alta umidade. Este design n\u00e3o s\u00f3 evita o impacto dos materiais. E a qualidade do carv\u00e3o ap\u00f3s a secagem \u00e9 particularmente boa.<\/p> <\/div>    <div class=\"wp-block-column is-layout-flow wp-block-column-is-layout-flow\"><\/div>    <div class=\"wp-block-column is-layout-flow wp-block-column-is-layout-flow\" style=\"flex-basis:66.66%\"> <figure class=\"wp-block-gallery has-nested-images columns-default is-cropped wp-block-gallery-4 is-layout-flex wp-block-gallery-is-layout-flex\"> <figure class=\"wp-block-image size-large\"><img loading=\"lazy\" decoding=\"async\" width=\"720\" height=\"540\" data-id=\"2847\" src=\"https:\/\/charcoalplant.com\/wp-content\/uploads\/2022\/03\/coal-drying-machine.jpg\" alt=\"\" class=\"wp-image-2847\"\/><\/figure> <\/figure> <\/div> <\/div>    <h3 class=\"wp-block-heading\"><strong>M\u00e1quina de embalagem de carv\u00e3o para churrasco<\/strong><\/h3>    <p>A linha de produ\u00e7\u00e3o de briquetes de carv\u00e3o pode ser embalada por uma m\u00e1quina seladora de enchimento de carv\u00e3o. As especifica\u00e7\u00f5es de embalagem comuns no mercado s\u00e3o 5kg, 10kg, 15kg e 50kg. Por se tratar de um sistema CNC, o peso da embalagem \u00e9 ajust\u00e1vel. Como fabricante l\u00edder, podemos oferecer aos clientes uma f\u00e1brica de design para sacos para embalagens de carv\u00e3o para churrasco.<\/p>    <figure class=\"wp-block-gallery has-nested-images columns-default is-cropped wp-block-gallery-5 is-layout-flex wp-block-gallery-is-layout-flex\"> <figure class=\"wp-block-image size-large\"><img loading=\"lazy\" decoding=\"async\" width=\"720\" height=\"540\" data-id=\"2851\" src=\"https:\/\/charcoalplant.com\/wp-content\/uploads\/2022\/03\/BBQ-coal-production-line-for-sale.jpg\" alt=\"Linha de produ\u00e7\u00e3o de carv\u00e3o para churrasco para venda\" class=\"wp-image-2851\"\/><figcaption class=\"wp-element-caption\">m\u00e1quina de embalagem de carv\u00e3o para churrasco<\/figcaption><\/figure>    <figure class=\"wp-block-image size-large\"><img loading=\"lazy\" decoding=\"async\" width=\"720\" height=\"540\" data-id=\"2850\" src=\"https:\/\/charcoalplant.com\/wp-content\/uploads\/2022\/03\/bagged-charcoal-.jpg\" alt=\"carv\u00e3o ensacado\" class=\"wp-image-2850\"\/><figcaption class=\"wp-element-caption\">carv\u00e3o ensacado<\/figcaption><\/figure> <\/figure>    <h2 class=\"wp-block-heading\" id=\"h-why-is-the-bbq-coal-production-line-profitable\"><strong>Por que a linha de produ\u00e7\u00e3o de carv\u00e3o para churrasco \u00e9 lucrativa?<\/strong><strong><\/strong><\/h2>    <p>Com o r\u00e1pido desenvolvimento da ci\u00eancia e da tecnologia, a linha de produ\u00e7\u00e3o de briquetes de carv\u00e3o vegetal tamb\u00e9m embarcou no caminho da automa\u00e7\u00e3o. Al\u00e9m disso, a instala\u00e7\u00e3o e opera\u00e7\u00e3o dos equipamentos contar\u00e3o com orienta\u00e7\u00e3o t\u00e9cnica do pessoal da f\u00e1brica. Na fase posterior, quatro ou cinco pessoas em uma linha de produ\u00e7\u00e3o de v\u00e1rias centenas de metros em todo o processo de briquetagem s\u00e3o totalmente competentes. A linha de produ\u00e7\u00e3o de carv\u00e3o para churrasco totalmente automatizada pode reduzir muito trabalho e melhorar a efici\u00eancia do trabalho. Portanto, o custo operacional da empresa \u00e9 bastante reduzido.<\/p>    <figure class=\"wp-block-gallery has-nested-images columns-default is-cropped wp-block-gallery-6 is-layout-flex wp-block-gallery-is-layout-flex\"> <figure class=\"wp-block-image size-large\"><img loading=\"lazy\" decoding=\"async\" width=\"1024\" height=\"768\" data-id=\"2855\" src=\"https:\/\/charcoalplant.com\/wp-content\/uploads\/2022\/03\/application-of-bbq-coal.png\" alt=\"aplica\u00e7\u00e3o de carv\u00e3o para churrasco\" class=\"wp-image-2855\"\/><figcaption class=\"wp-element-caption\">aplica\u00e7\u00e3o de carv\u00e3o para churrasco<\/figcaption><\/figure>    <figure class=\"wp-block-image size-large\"><img loading=\"lazy\" decoding=\"async\" width=\"720\" height=\"540\" data-id=\"2854\" src=\"https:\/\/charcoalplant.com\/wp-content\/uploads\/2022\/03\/bbq-fule.jpg\" alt=\"churrasco completo\" class=\"wp-image-2854\"\/><figcaption class=\"wp-element-caption\">churrasco completo<\/figcaption><\/figure> <\/figure>    <h2 class=\"wp-block-heading\" id=\"h-coal-briquettes-machine-plant-for-sale\">Churrasco <strong>linha de produ\u00e7\u00e3o de carv\u00e3o para venda<\/strong><\/h2>    <p class=\"translation-block\">Somos um fabricante especializado em todos os tipos de linhas de produ\u00e7\u00e3o de m\u00e1quinas de carv\u00e3o. Vendemos <strong><a href=\"https:\/\/charcoalplant.com\/pt\/briquettes-packing-machine\/charcoal-briquettes-packing-machine\/\">m\u00e1quinas de embalagem de carv\u00e3o para narguil\u00e9<\/a><\/strong>, moinhos de rodas de p\u00f3 de carv\u00e3o, <strong><a href=\"https:\/\/charcoalplant.com\/pt\/grinder-and-mixer\/charcoal-shredder\/\">trituradores de carv\u00e3o<\/a><\/strong> e outros equipamentos. Nossa f\u00e1brica tamb\u00e9m oferece servi\u00e7os de personaliza\u00e7\u00e3o de m\u00e1quinas e solu\u00e7\u00f5es de produ\u00e7\u00e3o de linha de produ\u00e7\u00e3o gratuitamente. E, entre em contato conosco agora, voc\u00ea obter\u00e1 mais servi\u00e7os, como pre\u00e7o do produto, fotos, v\u00eddeos de produ\u00e7\u00e3o, etc.<\/p>    <figure class=\"wp-block-gallery has-nested-images columns-2 is-cropped wp-block-gallery-7 is-layout-flex wp-block-gallery-is-layout-flex\"> <figure class=\"wp-block-image size-full\"><img loading=\"lazy\" decoding=\"async\" width=\"720\" height=\"540\" data-id=\"2857\" src=\"https:\/\/charcoalplant.com\/wp-content\/uploads\/2022\/03\/coal-press-ball-machine-for-sale.jpg\" alt=\"M\u00e1quina de prensagem de carv\u00e3o para venda\" class=\"wp-image-2857\"\/><figcaption class=\"wp-element-caption\">M\u00e1quina de prensagem de carv\u00e3o para venda<\/figcaption><\/figure>    <figure class=\"wp-block-image size-large\"><img loading=\"lazy\" decoding=\"async\" width=\"720\" height=\"540\" data-id=\"2858\" src=\"https:\/\/charcoalplant.com\/wp-content\/uploads\/2022\/03\/bbq-coal-production-line-show.jpg\" alt=\"show de linha de produ\u00e7\u00e3o de carv\u00e3o para churrasco\" class=\"wp-image-2858\"\/><figcaption class=\"wp-element-caption\">show de linha de produ\u00e7\u00e3o de carv\u00e3o para churrasco<\/figcaption><\/figure>    <figure class=\"wp-block-image size-large\"><img loading=\"lazy\" decoding=\"async\" width=\"720\" height=\"540\" data-id=\"2859\" src=\"https:\/\/charcoalplant.com\/wp-content\/uploads\/2022\/03\/coal-briquette-machine-plant-shipping.jpg\" alt=\"envio de planta de m\u00e1quina de briquetagem de carv\u00e3o\" class=\"wp-image-2859\"\/><figcaption class=\"wp-element-caption\">envio de planta de m\u00e1quina de briquetagem de carv\u00e3o<\/figcaption><\/figure>    <figure class=\"wp-block-image size-large\"><img loading=\"lazy\" decoding=\"async\" width=\"720\" height=\"540\" data-id=\"2860\" src=\"https:\/\/charcoalplant.com\/wp-content\/uploads\/2022\/03\/shippment-1.jpg\" alt=\"envio\" class=\"wp-image-2860\"\/><figcaption class=\"wp-element-caption\">envio<\/figcaption><\/figure> <\/figure>","protected":false},"excerpt":{"rendered":"<p>BBQ coal production line is a professional tool for coal briquette making. Moreover, it can not only be made into balls, but also into the pillow, bread, and oval shapes to meet customer needs. Because barbecue coal replaces traditional biomass fuel and raw coal, it is an effective way to achieve energy-saving and emission reduction. [&hellip;]<\/p>\n","protected":false},"author":1,"featured_media":1978,"parent":0,"template":"","tags":[59],"product-type":[53],"class_list":["post-1976","product","type-product","status-publish","has-post-thumbnail","hentry","tag-charcoal-briquetting-machine","product-type-product-line"],"_links":{"self":[{"href":"https:\/\/charcoalplant.com\/pt\/wp-json\/wp\/v2\/product\/1976","targetHints":{"allow":["GET"]}}],"collection":[{"href":"https:\/\/charcoalplant.com\/pt\/wp-json\/wp\/v2\/product"}],"about":[{"href":"https:\/\/charcoalplant.com\/pt\/wp-json\/wp\/v2\/types\/product"}],"author":[{"embeddable":true,"href":"https:\/\/charcoalplant.com\/pt\/wp-json\/wp\/v2\/users\/1"}],"wp:featuredmedia":[{"embeddable":true,"href":"https:\/\/charcoalplant.com\/pt\/wp-json\/wp\/v2\/media\/1978"}],"wp:attachment":[{"href":"https:\/\/charcoalplant.com\/pt\/wp-json\/wp\/v2\/media?parent=1976"}],"wp:term":[{"taxonomy":"post_tag","embeddable":true,"href":"https:\/\/charcoalplant.com\/pt\/wp-json\/wp\/v2\/tags?post=1976"},{"taxonomy":"product-type","embeddable":true,"href":"https:\/\/charcoalplant.com\/pt\/wp-json\/wp\/v2\/product-type?post=1976"}],"curies":[{"name":"wp","href":"https:\/\/api.w.org\/{rel}","templated":true}]}}