{"id":1994,"date":"2022-01-17T09:13:40","date_gmt":"2022-01-17T09:13:40","guid":{"rendered":"https:\/\/charcoalplant.com\/?page_id=1994"},"modified":"2023-01-13T11:50:46","modified_gmt":"2023-01-13T03:50:46","slug":"coconut-charcoal-briquette-plant","status":"publish","type":"product","link":"https:\/\/charcoalplant.com\/pt\/coconut-charcoal-briquette-plant\/","title":{"rendered":"Planta de briquete de carv\u00e3o de coco"},"content":{"rendered":"<div class=\"kk-star-ratings kksr-auto kksr-align-left kksr-valign-top\"     data-payload='{&quot;align&quot;:&quot;left&quot;,&quot;id&quot;:&quot;1994&quot;,&quot;slug&quot;:&quot;default&quot;,&quot;valign&quot;:&quot;top&quot;,&quot;ignore&quot;:&quot;&quot;,&quot;reference&quot;:&quot;auto&quot;,&quot;class&quot;:&quot;&quot;,&quot;count&quot;:&quot;20&quot;,&quot;legendonly&quot;:&quot;&quot;,&quot;readonly&quot;:&quot;&quot;,&quot;score&quot;:&quot;4.3&quot;,&quot;starsonly&quot;:&quot;&quot;,&quot;best&quot;:&quot;5&quot;,&quot;gap&quot;:&quot;5&quot;,&quot;greet&quot;:&quot;Rate this product&quot;,&quot;legend&quot;:&quot;4.3\\\/5 - (20 votes)&quot;,&quot;size&quot;:&quot;24&quot;,&quot;title&quot;:&quot;Coconut Charcoal Briquette Plant&quot;,&quot;width&quot;:&quot;122.2&quot;,&quot;_legend&quot;:&quot;{score}\\\/{best} - ({count} {votes})&quot;,&quot;font_factor&quot;:&quot;1.25&quot;}'>              <div class=\"kksr-stars\">      <div class=\"kksr-stars-inactive\">             <div class=\"kksr-star\" data-star=\"1\" style=\"padding-right: 5px\">               <div class=\"kksr-icon\" style=\"width: 24px; height: 24px;\"><\/div>         <\/div>             <div class=\"kksr-star\" data-star=\"2\" style=\"padding-right: 5px\">               <div class=\"kksr-icon\" style=\"width: 24px; height: 24px;\"><\/div>         <\/div>             <div class=\"kksr-star\" data-star=\"3\" style=\"padding-right: 5px\">               <div class=\"kksr-icon\" style=\"width: 24px; height: 24px;\"><\/div>         <\/div>             <div class=\"kksr-star\" data-star=\"4\" style=\"padding-right: 5px\">               <div class=\"kksr-icon\" style=\"width: 24px; height: 24px;\"><\/div>         <\/div>             <div class=\"kksr-star\" data-star=\"5\" style=\"padding-right: 5px\">               <div class=\"kksr-icon\" style=\"width: 24px; height: 24px;\"><\/div>         <\/div>     <\/div>      <div class=\"kksr-stars-active\" style=\"width: 122.2px;\">             <div class=\"kksr-star\" style=\"padding-right: 5px\">               <div class=\"kksr-icon\" style=\"width: 24px; height: 24px;\"><\/div>         <\/div>             <div class=\"kksr-star\" style=\"padding-right: 5px\">               <div class=\"kksr-icon\" style=\"width: 24px; height: 24px;\"><\/div>         <\/div>             <div class=\"kksr-star\" style=\"padding-right: 5px\">               <div class=\"kksr-icon\" style=\"width: 24px; height: 24px;\"><\/div>         <\/div>             <div class=\"kksr-star\" style=\"padding-right: 5px\">               <div class=\"kksr-icon\" style=\"width: 24px; height: 24px;\"><\/div>         <\/div>             <div class=\"kksr-star\" style=\"padding-right: 5px\">               <div class=\"kksr-icon\" style=\"width: 24px; height: 24px;\"><\/div>         <\/div>     <\/div> <\/div>                   <div class=\"kksr-legend\" style=\"font-size: 19.2px;\">             4.3\/5 - (20 votos)    <\/div>     <\/div>  <p class=\"translation-block\">A <strong>planta de briquetes de carv\u00e3o de coco<\/strong> \u00e9 uma instala\u00e7\u00e3o que produz briquetes ecol\u00f3gicos feitos de cascas de coco. Entre eles, a m\u00e1quina de briquetes de casca de coco \u00e9 o equipamento de conforma\u00e7\u00e3o na linha de produ\u00e7\u00e3o. Pode prensar todos os tipos de materiais em p\u00f3 em blocos. Os mais comuns s\u00e3o, por exemplo, <strong><a href=\"https:\/\/charcoalplant.com\/pt\/charcoal-briquetting-machine\/honeycomb-coal-press-machine\/\">moldagem de p\u00f3 de carv\u00e3o<\/a><\/strong>, moldagem de p\u00f3 de min\u00e9rio, moldagem de gesso de dessulfuriza\u00e7\u00e3o, moldagem de p\u00f3 de coque, limalhas de ferro, moldagem de v\u00e1rias esc\u00f3rias met\u00e1licas, etc. A linha de fabrica\u00e7\u00e3o de briquetes de carv\u00e3o de coco tem as caracter\u00edsticas de f\u00e1cil opera\u00e7\u00e3o, baixo custo e alto retorno. Se estiver interessado neste projeto, entre em contato connosco e faremos o nosso melhor para impulsionar o seu neg\u00f3cio de carv\u00e3o. <\/p>    <h2 class=\"wp-block-heading\">Mat\u00e9ria-prima da linha de produ\u00e7\u00e3o de briquetes de carv\u00e3o vegetal<\/h2>    <p class=\"translation-block\">A mat\u00e9ria-prima da <strong><a href=\"https:\/\/charcoalplant.com\/pt\/product\/charcoal-briquetting-machine\/\">m\u00e1quina de briquetes de carv\u00e3o<\/a><\/strong> pode ser p\u00f3 de casca de coco, p\u00f3 de serradura, p\u00f3 de casca de arroz, p\u00f3 de carv\u00e3o, etc. Carga refere-se ao min\u00e9rio e outros materiais catal\u00edticos adicionados ao forno de fus\u00e3o. Min\u00e9rio de ferro, tarugos, ferro gusa, empresas de sucata de ferro reciclado, sucata de ferro e a\u00e7o, finos de min\u00e9rio, carv\u00e3o coqueific\u00e1vel, coque e ferroligas pertencem todos \u00e0 carga.<\/p>    <figure class=\"wp-block-image aligncenter size-full\"><img loading=\"lazy\" decoding=\"async\" width=\"993\" height=\"205\" src=\"https:\/\/charcoalplant.com\/wp-content\/uploads\/2022\/01\/raw-materials-1.jpg\" alt=\"planta de briquete de p\u00f3 de cocomat\u00e9rias-primas-1\" class=\"wp-image-2005\"\/><\/figure>    <h2 class=\"wp-block-heading\" id=\"h-equipment-types-of-coconut-charcoal-briquette-plant\">Partes principais da planta de briquetagem de carv\u00e3o de coco<\/h2>    <p class=\"translation-block\">A linha de produ\u00e7\u00e3o de briquetes de carv\u00e3o de coco inclui um <strong><a href=\"https:\/\/charcoalplant.com\/pt\/grinder-and-mixer\/charcoal-shredder\/\">moinho de martelo<\/a><\/strong>, silo de armazenamento, moinho de rodas de p\u00f3 de carbono, silo de distribui\u00e7\u00e3o, m\u00e1quina de briquetes de p\u00f3 de carbono, secador de correia de malha cont\u00ednua, <strong><a href=\"https:\/\/charcoalplant.com\/pt\/briquettes-packing-machine\/charcoal-briquettes-packing-machine\/\">m\u00e1quina de embalagem<\/a><\/strong>. Al\u00e9m disso, o dispositivo de transporte intermedi\u00e1rio tamb\u00e9m \u00e9 essencial. Abaixo, focarei no moinho de rodas de toner, m\u00e1quina de briquetagem de p\u00f3 de carbono e secador. Porque eles s\u00e3o um fator importante que afeta a qualidade da bola.<\/p>    <figure class=\"wp-block-image aligncenter size-full\"><img loading=\"lazy\" decoding=\"async\" width=\"720\" height=\"540\" src=\"https:\/\/charcoalplant.com\/wp-content\/uploads\/2022\/03\/Coconut-Charcoal-Briquette-Plant-3D-show.jpg\" alt=\"planta de briquete de carv\u00e3o de coco show 3D\" class=\"wp-image-2882\"\/><figcaption class=\"wp-element-caption\">planta de briquete de carv\u00e3o de coco show 3D<\/figcaption><\/figure>    <div class=\"wp-block-columns has-background is-layout-flex wp-container-core-columns-is-layout-28f84493 wp-block-columns-is-layout-flex\" style=\"background-color:#f1f1f1\"> <div class=\"wp-block-column is-vertically-aligned-center is-layout-flow wp-block-column-is-layout-flow\" style=\"flex-basis:33.33%\"> <p><strong><a href=\"https:\/\/charcoalplant.com\/pt\/product\/charcoal-powder-mixer\/\">Misturador de p\u00f3 de carv\u00e3o de coco<\/a><\/strong><\/p>    <p>Geralmente, o carv\u00e3o pode obter cerca de 3 mm de p\u00f3 de carbono ap\u00f3s passar pelo moinho de martelos. Por\u00e9m, quanto maior a finura do p\u00f3 de carbono, melhor ser\u00e1 o efeito de forma\u00e7\u00e3o do briquete de carv\u00e3o de coco. Portanto, por um lado, o uso de um moinho de p\u00f3 de carv\u00e3o pode tornar o material mais delicado e ajudar a mold\u00e1-lo. Por outro lado, depois que o p\u00f3 de carbono, o aglutinante e a \u00e1gua s\u00e3o agitados por lamina\u00e7\u00e3o, o material pode bloquear totalmente a \u00e1gua e melhorar a viscosidade interna da mol\u00e9cula.<\/p> <\/div>    <div class=\"wp-block-column is-layout-flow wp-block-column-is-layout-flow\" style=\"flex-basis:66.66%\"> <figure class=\"wp-block-gallery has-nested-images columns-default is-cropped wp-block-gallery-2 is-layout-flex wp-block-gallery-is-layout-flex\"> <figure class=\"wp-block-image size-large\"><img loading=\"lazy\" decoding=\"async\" width=\"720\" height=\"540\" data-id=\"1534\" src=\"https:\/\/charcoalplant.com\/wp-content\/uploads\/2021\/12\/charcoal-powder-mixer-plant-2.jpg\" alt=\"planta misturadora de carv\u00e3o em p\u00f3\" class=\"wp-image-1534\" srcset=\"https:\/\/charcoalplant.com\/wp-content\/uploads\/2021\/12\/charcoal-powder-mixer-plant-2.jpg 720w, https:\/\/charcoalplant.com\/wp-content\/uploads\/2021\/12\/charcoal-powder-mixer-plant-2-300x225.jpg 300w\" sizes=\"auto, (max-width: 720px) 100vw, 720px\" \/><figcaption class=\"wp-element-caption\">planta misturadora de carv\u00e3o em p\u00f3<\/figcaption><\/figure> <\/figure> <\/div> <\/div>    <div class=\"wp-block-columns has-background is-layout-flex wp-container-core-columns-is-layout-28f84493 wp-block-columns-is-layout-flex\" style=\"background-color:#f1f1f1\"> <div class=\"wp-block-column is-layout-flow wp-block-column-is-layout-flow\" style=\"flex-basis:66.66%\"> <figure class=\"wp-block-gallery has-nested-images columns-default is-cropped wp-block-gallery-3 is-layout-flex wp-block-gallery-is-layout-flex\"> <figure class=\"wp-block-image size-large\"><img loading=\"lazy\" decoding=\"async\" width=\"720\" height=\"540\" data-id=\"1982\" src=\"https:\/\/charcoalplant.com\/wp-content\/uploads\/2022\/01\/charcoal-ball-press-machine-manufacturer.jpg\" alt=\"fabricante de m\u00e1quina de prensar bolas de carv\u00e3o\" class=\"wp-image-1982\"\/><figcaption class=\"wp-element-caption\">fabricante de m\u00e1quina de prensar bolas de carv\u00e3o<\/figcaption><\/figure> <\/figure> <\/div>    <div class=\"wp-block-column is-vertically-aligned-center is-layout-flow wp-block-column-is-layout-flow\" style=\"flex-basis:33.33%\"> <p><strong><a href=\"https:\/\/charcoalplant.com\/pt\/product\/charcoal-ball-press-machine\/\">M\u00e1quina de bola de prensagem de carv\u00e3o<\/a><\/strong><\/p>    <p>A m\u00e1quina formadora de p\u00f3 de carv\u00e3o de coco \u00e9 o equipamento principal em toda a linha de produ\u00e7\u00e3o. Utiliza o princ\u00edpio do movimento relativo dos rolos para extrusar as mat\u00e9rias-primas. Al\u00e9m disso, o di\u00e2metro do rolo e o tipo de revestimento do rolo podem ser personalizados. O briquete formado pode ser coletado e seco diretamente na correia transportadora na parte inferior da m\u00e1quina.<\/p> <\/div> <\/div>    <h3 class=\"wp-block-heading\" id=\"h-mesh-belt-dryer-for-shaped-charcoal-plant\">Secador de correia de malha para carvoaria moldada<\/h3>    <p class=\"translation-block\">Devido ao alto teor de \u00e1gua do p\u00f3 de carbono rec\u00e9m-feito, ele n\u00e3o pode atender aos requisitos de uso. Portanto, recomendamos o uso de um secador de correia de malha para secagem. O secador de correia de malha usa uma correia transportadora de malha de metal para alcan\u00e7ar a secagem completa das bolas de carv\u00e3o. Al\u00e9m disso, a <strong><a href=\"https:\/\/charcoalplant.com\/pt\/product\/charcoal-briquette-dryer\/\">correia de malha multicamadas<\/a><\/strong> \u00e9 seca em fluxo rec\u00edproco para alcan\u00e7ar 24 horas de opera\u00e7\u00e3o cont\u00ednua.<\/p>    <figure class=\"wp-block-image aligncenter size-full\"><img loading=\"lazy\" decoding=\"async\" width=\"720\" height=\"540\" src=\"https:\/\/charcoalplant.com\/wp-content\/uploads\/2022\/03\/belt-drying-machine.jpg\" alt=\"\" class=\"wp-image-2883\"\/><\/figure>    <h2 class=\"wp-block-heading\">Aplica\u00e7\u00f5es e benef\u00edcios do carv\u00e3o de coco<\/h2>    <p>O carv\u00e3o de coco, tamb\u00e9m conhecido como carv\u00e3o de casca de coco, tem diversas aplica\u00e7\u00f5es e benef\u00edcios. Alguns dos mais not\u00e1veis \u200b\u200bincluem:<\/p>    <ol class=\"wp-block-list\"> <li><strong>Combust\u00edvel para churrasco:<\/strong> O carv\u00e3o de coco \u00e9 um combust\u00edvel popular para churrascos e grelhados devido \u00e0 sua alta produ\u00e7\u00e3o de calor e longo tempo de queima.<\/li>    <li><strong>Filtra\u00e7\u00e3o de \u00e1gua: <\/strong>O carv\u00e3o de coco \u00e9 frequentemente usado em sistemas de filtragem de \u00e1gua devido \u00e0 sua capacidade de remover impurezas e melhorar o sabor da \u00e1gua.<\/li>    <li><strong>Purifica\u00e7\u00e3o do ar: <\/strong>O carv\u00e3o de coco tamb\u00e9m pode ser usado em sistemas de purifica\u00e7\u00e3o de ar para remover impurezas e melhorar a qualidade do ar.<\/li>    <li><strong>Agricultura:<\/strong> O carv\u00e3o de coco tamb\u00e9m \u00e9 usado como condicionador e fertilizante do solo, pois pode melhorar a estrutura do solo, a aera\u00e7\u00e3o e a capacidade de reten\u00e7\u00e3o de \u00e1gua.<\/li>    <li><strong>Processo industrial:<\/strong> O carv\u00e3o de coco \u00e9 utilizado em diversos processos industriais, como metalurgia, ind\u00fastria qu\u00edmica e ind\u00fastria a\u00e7ucareira.<\/li>    <li><strong>Fonte de carbono para carv\u00e3o ativado:<\/strong> O carv\u00e3o de coco \u00e9 uma fonte de carv\u00e3o ativado que \u00e9 usado para purifica\u00e7\u00e3o, descafeina\u00e7\u00e3o, purifica\u00e7\u00e3o de gases e purifica\u00e7\u00e3o de \u00e1gua.<\/li>    <li><strong>Renov\u00e1vel e sustent\u00e1vel:<\/strong> O carv\u00e3o de coco \u00e9 uma fonte de combust\u00edvel renov\u00e1vel e sustent\u00e1vel, pois \u00e9 feito a partir de um res\u00edduo (cascas de coco) e n\u00e3o contribui para o desmatamento.<\/li>    <li><strong>Menos cinzas:<\/strong> O carv\u00e3o de coco tem menos cinzas em compara\u00e7\u00e3o com outros tipos de carv\u00e3o, o que torna seu uso mais limpo.<\/li>    <li><strong>Ambientalmente amig\u00e1vel:<\/strong> Os briquetes de carv\u00e3o de coco s\u00e3o considerados um combust\u00edvel ecol\u00f3gico, pois emitem menos di\u00f3xido de carbono, metano e outros gases de efeito estufa.<\/li> <\/ol>    <div class=\"wp-block-columns is-layout-flex wp-container-core-columns-is-layout-28f84493 wp-block-columns-is-layout-flex\"> <div class=\"wp-block-column is-layout-flow wp-block-column-is-layout-flow\"> <figure class=\"wp-block-image size-full\"><img loading=\"lazy\" decoding=\"async\" width=\"720\" height=\"540\" src=\"https:\/\/charcoalplant.com\/wp-content\/uploads\/2022\/01\/coconut-shell.jpg\" alt=\"casca de coco\" class=\"wp-image-2089\"\/><figcaption class=\"wp-element-caption\">casca de coco<\/figcaption><\/figure> <\/div>    <div class=\"wp-block-column is-layout-flow wp-block-column-is-layout-flow\"> <figure class=\"wp-block-image size-full\"><img loading=\"lazy\" decoding=\"async\" width=\"720\" height=\"540\" src=\"https:\/\/charcoalplant.com\/wp-content\/uploads\/2022\/02\/coconut-shell-charcoal-briquette.jpg\" alt=\"briquete de carv\u00e3o com casca de coco\" class=\"wp-image-2501\"\/><figcaption class=\"wp-element-caption\">briquete de carv\u00e3o com casca de coco<\/figcaption><\/figure> <\/div> <\/div>    <h2 class=\"wp-block-heading\" id=\"h-mineral-powder-forming-machine-production-line\">M\u00e1quina formadora de p\u00f3 mineral vs m\u00e1quina briquetadeira de casca de coco<\/h2>    <p>A briquetadeira de p\u00f3 mineral \u00e9 uma transforma\u00e7\u00e3o baseada na briquetadeira de carv\u00e3o de coco. Portanto, sua estrutura e princ\u00edpio b\u00e1sicos s\u00e3o os mesmos. Tamb\u00e9m na planta de briquetagem de p\u00f3 de carv\u00e3o, a m\u00e1quina formadora de p\u00f3 de carv\u00e3o desempenha o papel de extrusar a forma\u00e7\u00e3o de p\u00f3 de min\u00e9rio. Os principais equipamentos de sua linha de produ\u00e7\u00e3o s\u00e3o britador composto, alimentador, moinho de rodas, m\u00e1quina briquetadeira de p\u00f3 de carv\u00e3o e m\u00e1quina secadora. <\/p>    <ul class=\"wp-block-list\"> <li>O processo de produ\u00e7\u00e3o de toda a linha de produ\u00e7\u00e3o de briquetes de p\u00f3 de carv\u00e3o \u00e9 que o britador composto primeiro esmaga o carv\u00e3o. <\/li>    <li>Em segundo lugar, o p\u00f3 mineral \u00e9 alimentado no misturador de p\u00f3 mineral atrav\u00e9s do alimentador e misturado uniformemente com o aglutinante e \u00e1gua. <\/li>    <li>Em terceiro lugar, o p\u00f3 mineral processado \u00e9 prensado em bolas por uma briquetadeira de p\u00f3 mineral. <\/li>    <li>Finalmente, as bolas de p\u00f3 mineral s\u00e3o secas por uma m\u00e1quina de secar. <\/li> <\/ul>    <div class=\"wp-block-columns is-layout-flex wp-container-core-columns-is-layout-28f84493 wp-block-columns-is-layout-flex\"> <div class=\"wp-block-column is-layout-flow wp-block-column-is-layout-flow\"> <figure class=\"wp-block-image size-full is-style-default\"><img loading=\"lazy\" decoding=\"async\" width=\"720\" height=\"540\" src=\"https:\/\/charcoalplant.com\/wp-content\/uploads\/2022\/01\/mineral-powder-ball-press-machine.jpg\" alt=\"m\u00e1quina de prensa de bola de p\u00f3 mineral\" class=\"wp-image-2004\"\/><figcaption class=\"wp-element-caption\">m\u00e1quina de prensa de bola de p\u00f3 mineral<\/figcaption><\/figure> <\/div>    <div class=\"wp-block-column is-layout-flow wp-block-column-is-layout-flow\"> <figure class=\"wp-block-image size-full\"><img loading=\"lazy\" decoding=\"async\" width=\"720\" height=\"540\" src=\"https:\/\/charcoalplant.com\/wp-content\/uploads\/2022\/01\/mineral-powder-briquettes.jpg\" alt=\"briquetes de p\u00f3 de carv\u00e3o\" class=\"wp-image-2006\"\/><figcaption class=\"wp-element-caption\">briquetes de p\u00f3 de carv\u00e3o<\/figcaption><\/figure> <\/div> <\/div>    <h2 class=\"wp-block-heading\">Planta de briquetagem de carv\u00e3o de coco para venda<\/h2>    <p class=\"translation-block\">A Shuliy Machinery produz todos os tipos de equipamentos para produ\u00e7\u00e3o de carv\u00e3o. Al\u00e9m de vender linhas de produ\u00e7\u00e3o de briquetes de p\u00f3 de carbono, tamb\u00e9m vendemos <strong><a href=\"https:\/\/charcoalplant.com\/pt\/charcoal-making-machine-3\/\">linhas de produ\u00e7\u00e3o de m\u00e1quinas de carv\u00e3o<\/a><\/strong>, <strong><a href=\"https:\/\/charcoalplant.com\/pt\/shisha-charcoal-production-line\/\">linhas de produ\u00e7\u00e3o de carv\u00e3o para shisha<\/a><\/strong>, linhas de produ\u00e7\u00e3o de carv\u00e3o pulverizado, etc. N\u00f3s forneceremos solu\u00e7\u00f5es de produ\u00e7\u00e3o adequadas para beneficiar grandemente o seu projeto. Entre em contato conosco para mais detalhes e o melhor pre\u00e7o.<\/p>    <figure class=\"wp-block-gallery has-nested-images columns-2 is-cropped wp-block-gallery-4 is-layout-flex wp-block-gallery-is-layout-flex\"> <figure class=\"wp-block-image size-large\"><img loading=\"lazy\" decoding=\"async\" width=\"720\" height=\"540\" data-id=\"2857\" src=\"https:\/\/charcoalplant.com\/wp-content\/uploads\/2022\/03\/coal-press-ball-machine-for-sale.jpg\" alt=\"M\u00e1quina de prensagem de carv\u00e3o para venda\" class=\"wp-image-2857\"\/><figcaption class=\"wp-element-caption\">M\u00e1quina de prensagem de carv\u00e3o para venda<\/figcaption><\/figure>    <figure class=\"wp-block-image size-large\"><img loading=\"lazy\" decoding=\"async\" width=\"720\" height=\"540\" data-id=\"2892\" src=\"https:\/\/charcoalplant.com\/wp-content\/uploads\/2022\/03\/carbon-dust-mixing-machine-2.jpg\" alt=\"m\u00e1quina de mistura de p\u00f3 de carbono\" class=\"wp-image-2892\"\/><figcaption class=\"wp-element-caption\">m\u00e1quina de mistura de p\u00f3 de carbono<\/figcaption><\/figure>    <figure class=\"wp-block-image size-large\"><img loading=\"lazy\" decoding=\"async\" width=\"720\" height=\"540\" data-id=\"2893\" src=\"https:\/\/charcoalplant.com\/wp-content\/uploads\/2022\/03\/bbq-coal-production-line-show-1.jpg\" alt=\"show de linha de produ\u00e7\u00e3o de carv\u00e3o para churrasco\" class=\"wp-image-2893\"\/><figcaption class=\"wp-element-caption\">show de linha de produ\u00e7\u00e3o de carv\u00e3o para churrasco<\/figcaption><\/figure>    <figure class=\"wp-block-image size-large\"><img loading=\"lazy\" decoding=\"async\" width=\"720\" height=\"540\" data-id=\"2895\" src=\"https:\/\/charcoalplant.com\/wp-content\/uploads\/2022\/03\/shippment-2.jpg\" alt=\"envio\" class=\"wp-image-2895\"\/><figcaption class=\"wp-element-caption\">envio<\/figcaption><\/figure> <\/figure>    <h2 class=\"wp-block-heading\">Como fazer briquete de carv\u00e3o de coco? <\/h2>    <p>Para fazer briquetes de carv\u00e3o com casca de coco, voc\u00ea precisar\u00e1 de cascas de coco, uma prensa de briquetes de carv\u00e3o e um aglutinante (como amido de milho ou farinha de mandioca). Aqui est\u00e3o as etapas b\u00e1sicas para fazer briquetes de carv\u00e3o:<\/p>    <ol class=\"wp-block-list\"> <li>Esmague as cascas do coco em pequenos peda\u00e7os usando um martelo ou uma m\u00e1quina.<\/li>    <li>Seque as cascas de coco ao sol ou em um desidratador para remover a umidade.<\/li>    <li>Moa as cascas de coco secas at\u00e9 formar um p\u00f3 fino usando um moedor.<\/li>    <li>Misture o p\u00f3 da casca do coco com uma pequena quantidade de aglutinante (cerca de 5% do peso total do p\u00f3) at\u00e9 formar uma consist\u00eancia de massa.<\/li>    <li>Use a m\u00e1quina de briquetagem de casca de coco para moldar a mistura em briquetes.<\/li>    <li>Seque os briquetes ao sol ou em desidratador at\u00e9 que estejam completamente secos.<\/li>    <li>Seus briquetes de carv\u00e3o com casca de coco est\u00e3o prontos para uso.<\/li> <\/ol>    <p>\u00c9 importante observar que a fabrica\u00e7\u00e3o de carv\u00e3o vegetal \u00e9 um processo perigoso e deve ser feito com as devidas precau\u00e7\u00f5es de seguran\u00e7a e orienta\u00e7\u00e3o profissional. Shuliy Machinery \u00e9 um fabricante de briquetes de carv\u00e3o de coco com vasta experi\u00eancia e forte capacidade. Se voc\u00ea deseja iniciar seu neg\u00f3cio de fabrica\u00e7\u00e3o de carv\u00e3o de coco, entre em contato conosco para mais detalhes. <\/p>","protected":false},"excerpt":{"rendered":"<p>Coconut charcoal briquette plant is a facility that produces eco-friendly briquettes made from coconut shells. Among them, the coconut shell briquette machine is the forming equipment in the production line. It can press all kinds of powdery materials into blocks. The most common ones are, for example, coal powder molding, ore powder molding, desulfurization gypsum [&hellip;]<\/p>\n","protected":false},"author":1,"featured_media":1996,"parent":0,"template":"","tags":[66],"product-type":[53],"class_list":["post-1994","product","type-product","status-publish","has-post-thumbnail","hentry","tag-biomass-briquette-machine","product-type-product-line"],"_links":{"self":[{"href":"https:\/\/charcoalplant.com\/pt\/wp-json\/wp\/v2\/product\/1994","targetHints":{"allow":["GET"]}}],"collection":[{"href":"https:\/\/charcoalplant.com\/pt\/wp-json\/wp\/v2\/product"}],"about":[{"href":"https:\/\/charcoalplant.com\/pt\/wp-json\/wp\/v2\/types\/product"}],"author":[{"embeddable":true,"href":"https:\/\/charcoalplant.com\/pt\/wp-json\/wp\/v2\/users\/1"}],"wp:featuredmedia":[{"embeddable":true,"href":"https:\/\/charcoalplant.com\/pt\/wp-json\/wp\/v2\/media\/1996"}],"wp:attachment":[{"href":"https:\/\/charcoalplant.com\/pt\/wp-json\/wp\/v2\/media?parent=1994"}],"wp:term":[{"taxonomy":"post_tag","embeddable":true,"href":"https:\/\/charcoalplant.com\/pt\/wp-json\/wp\/v2\/tags?post=1994"},{"taxonomy":"product-type","embeddable":true,"href":"https:\/\/charcoalplant.com\/pt\/wp-json\/wp\/v2\/product-type?post=1994"}],"curies":[{"name":"wp","href":"https:\/\/api.w.org\/{rel}","templated":true}]}}