{"id":2304,"date":"2022-02-14T01:37:54","date_gmt":"2022-02-13T17:37:54","guid":{"rendered":"https:\/\/charcoalplant.com\/"},"modified":"2023-01-07T10:49:35","modified_gmt":"2023-01-07T02:49:35","slug":"new-charcoal-making-machine","status":"publish","type":"product","link":"https:\/\/charcoalplant.com\/pt\/product\/new-charcoal-making-machine\/","title":{"rendered":"Nova m\u00e1quina de fazer carv\u00e3o | Forno de Carboniza\u00e7\u00e3o Cont\u00ednua"},"content":{"rendered":"<div class=\"kk-star-ratings kksr-auto kksr-align-left kksr-valign-top\"     data-payload='{&quot;align&quot;:&quot;left&quot;,&quot;id&quot;:&quot;2304&quot;,&quot;slug&quot;:&quot;default&quot;,&quot;valign&quot;:&quot;top&quot;,&quot;ignore&quot;:&quot;&quot;,&quot;reference&quot;:&quot;auto&quot;,&quot;class&quot;:&quot;&quot;,&quot;count&quot;:&quot;9&quot;,&quot;legendonly&quot;:&quot;&quot;,&quot;readonly&quot;:&quot;&quot;,&quot;score&quot;:&quot;4.6&quot;,&quot;starsonly&quot;:&quot;&quot;,&quot;best&quot;:&quot;5&quot;,&quot;gap&quot;:&quot;5&quot;,&quot;greet&quot;:&quot;Rate this product&quot;,&quot;legend&quot;:&quot;4.6\\\/5 - (9 votes)&quot;,&quot;size&quot;:&quot;24&quot;,&quot;title&quot;:&quot;New Charcoal Making Machine | Continuous Carbonization Furnace&quot;,&quot;width&quot;:&quot;130.9&quot;,&quot;_legend&quot;:&quot;{score}\\\/{best} - ({count} {votes})&quot;,&quot;font_factor&quot;:&quot;1.25&quot;}'>              <div class=\"kksr-stars\">      <div class=\"kksr-stars-inactive\">             <div class=\"kksr-star\" data-star=\"1\" style=\"padding-right: 5px\">               <div class=\"kksr-icon\" style=\"width: 24px; height: 24px;\"><\/div>         <\/div>             <div class=\"kksr-star\" data-star=\"2\" style=\"padding-right: 5px\">               <div class=\"kksr-icon\" style=\"width: 24px; height: 24px;\"><\/div>         <\/div>             <div class=\"kksr-star\" data-star=\"3\" style=\"padding-right: 5px\">               <div class=\"kksr-icon\" style=\"width: 24px; height: 24px;\"><\/div>         <\/div>             <div class=\"kksr-star\" data-star=\"4\" style=\"padding-right: 5px\">               <div class=\"kksr-icon\" style=\"width: 24px; height: 24px;\"><\/div>         <\/div>             <div class=\"kksr-star\" data-star=\"5\" style=\"padding-right: 5px\">               <div class=\"kksr-icon\" style=\"width: 24px; height: 24px;\"><\/div>         <\/div>     <\/div>      <div class=\"kksr-stars-active\" style=\"width: 130.9px;\">             <div class=\"kksr-star\" style=\"padding-right: 5px\">               <div class=\"kksr-icon\" style=\"width: 24px; height: 24px;\"><\/div>         <\/div>             <div class=\"kksr-star\" style=\"padding-right: 5px\">               <div class=\"kksr-icon\" style=\"width: 24px; height: 24px;\"><\/div>         <\/div>             <div class=\"kksr-star\" style=\"padding-right: 5px\">               <div class=\"kksr-icon\" style=\"width: 24px; height: 24px;\"><\/div>         <\/div>             <div class=\"kksr-star\" style=\"padding-right: 5px\">               <div class=\"kksr-icon\" style=\"width: 24px; height: 24px;\"><\/div>         <\/div>             <div class=\"kksr-star\" style=\"padding-right: 5px\">               <div class=\"kksr-icon\" style=\"width: 24px; height: 24px;\"><\/div>         <\/div>     <\/div> <\/div>                   <div class=\"kksr-legend\" style=\"font-size: 19.2px;\">             4.6\/5 - (9 votos)    <\/div>     <\/div>  <p class=\"translation-block\"><strong>Nova m\u00e1quina de fazer carv\u00e3o<\/strong>\u00a0\u00e9 um forno cont\u00ednuo de carboniza\u00e7\u00e3o especialmente desenvolvido para carbonizar v\u00e1rios materiais de biomassa. O forno de carboniza\u00e7\u00e3o com novo design n\u00e3o \u00e9 apenas bonito na apar\u00eancia e atmosfera. E a sua consola adicionou um painel de controlo num\u00e9rico inteligente. Al\u00e9m disso, a taxa de carboniza\u00e7\u00e3o das mat\u00e9rias-primas tamb\u00e9m aumentou dos 75% originais para 95%. Em suma, a nova <strong><a href=\"https:\/\/charcoalplant.com\/pt\/charcoal-making-machine-3\/\">m\u00e1quina de carv\u00e3o<\/a><\/strong>\u00a0\u00e9 um equipamento de prote\u00e7\u00e3o ambiental de baixo carbono com alto desempenho e alta taxa de retorno. Contacte-nos agora para a consulta mais recente sobre o mesmo. Por exemplo, pre\u00e7o, <strong><a href=\"https:\/\/charcoalplant.com\/pt\/news\/new-charcoal-machine-production-line-sent-to-japan\/\">envio<\/a><\/strong>. Aguardamos com expectativa uma coopera\u00e7\u00e3o agrad\u00e1vel consigo.<\/p>    <figure class=\"wp-block-gallery has-nested-images columns-default is-cropped wp-block-gallery-2 is-layout-flex wp-block-gallery-is-layout-flex\"> <figure class=\"wp-block-image size-large\"><img loading=\"lazy\" decoding=\"async\" width=\"720\" height=\"540\" data-id=\"2307\" src=\"https:\/\/charcoalplant.com\/wp-content\/uploads\/2022\/02\/Export-of-charcoal-making-machine.jpg\" alt=\"\" class=\"wp-image-2307\"\/><\/figure> <\/figure>    <h2 class=\"wp-block-heading\" id=\"h-raw-materials-for-new-charcoal-making-machines\"><strong>Mat\u00e9rias-primas para novo design de m\u00e1quina de fazer carv\u00e3o<\/strong><\/h2>    <p class=\"translation-block\">Pode processar mat\u00e9rias-primas de biomassa com um tamanho inferior a 10 cm. As suas mat\u00e9rias-primas s\u00e3o res\u00edduos agr\u00edcolas e florestais (casca de arroz, pellet de madeira, pellet de palha, casca de \u00e1rvore), casca de fruta (<strong><a href=\"https:\/\/charcoalplant.com\/pt\/info\/what-are-the-uses-of-coconut-shells\/\">casca de coco<\/a><\/strong>, fruto de oliveira, casca de palma, casca de castanha, casca de litchi), e outros (esterco de vaca, osso de vaca, lodo), etc. Quanto menor a humidade da mat\u00e9ria-prima, maior a taxa de carboniza\u00e7\u00e3o. Portanto, recomendamos aos clientes que escolham um secador rotativo para secar as mat\u00e9rias-primas. O secador pode manter a humidade da mat\u00e9ria-prima em cerca de 8%.<\/p>    <figure class=\"wp-block-gallery has-nested-images columns-2 is-cropped wp-block-gallery-3 is-layout-flex wp-block-gallery-is-layout-flex\"> <figure class=\"wp-block-image size-large\"><img loading=\"lazy\" decoding=\"async\" width=\"720\" height=\"540\" data-id=\"2313\" src=\"https:\/\/charcoalplant.com\/wp-content\/uploads\/2022\/02\/coconut-shell-2.jpg\" alt=\"\" class=\"wp-image-2313\"\/><\/figure>    <figure class=\"wp-block-image size-large\"><img loading=\"lazy\" decoding=\"async\" width=\"720\" height=\"540\" data-id=\"2314\" src=\"https:\/\/charcoalplant.com\/wp-content\/uploads\/2022\/02\/palm-shell-.jpg\" alt=\"\" class=\"wp-image-2314\"\/><\/figure>    <figure class=\"wp-block-image size-large\"><img loading=\"lazy\" decoding=\"async\" width=\"720\" height=\"540\" data-id=\"2315\" src=\"https:\/\/charcoalplant.com\/wp-content\/uploads\/2022\/02\/peanut-shell.jpg\" alt=\"\" class=\"wp-image-2315\"\/><\/figure>    <figure class=\"wp-block-image size-large\"><img loading=\"lazy\" decoding=\"async\" width=\"720\" height=\"540\" data-id=\"2316\" src=\"https:\/\/charcoalplant.com\/wp-content\/uploads\/2022\/02\/rice-husk.jpg\" alt=\"\" class=\"wp-image-2316\"\/><\/figure> <\/figure>    <h2 class=\"wp-block-heading\" id=\"h-structure-of-the-new-charcoal-machine\"><strong>Estrutura da nova m\u00e1quina de fazer carv\u00e3o<\/strong><\/h2>    <div class=\"wp-block-columns has-background is-layout-flex wp-container-core-columns-is-layout-28f84493 wp-block-columns-is-layout-flex\" style=\"background-color:#f1f1f1\"> <div class=\"wp-block-column is-vertically-aligned-center is-layout-flow wp-block-column-is-layout-flow\" style=\"flex-basis:33.33%\"> <p class=\"translation-block\"><strong>Forno principal duplo<\/strong><\/p>    <p>O corpo principal de carboniza\u00e7\u00e3o do forno de carboniza\u00e7\u00e3o adota uma estrutura de cilindro duplo. Este projeto faz com que o material caia do forno interno para o forno externo em c\u00edrculo. Ou seja, a entrada e a sa\u00edda do forno de carboniza\u00e7\u00e3o da casca do coco ficam do mesmo lado.<\/p> <\/div>    <div class=\"wp-block-column is-layout-flow wp-block-column-is-layout-flow\" style=\"flex-basis:66.66%\"> <figure class=\"wp-block-gallery has-nested-images columns-default is-cropped wp-block-gallery-4 is-layout-flex wp-block-gallery-is-layout-flex\"> <figure class=\"wp-block-image size-large\"><img loading=\"lazy\" decoding=\"async\" width=\"720\" height=\"540\" data-id=\"2310\" src=\"https:\/\/charcoalplant.com\/wp-content\/uploads\/2022\/02\/Rice-husk-carbonization-furnace-structure.jpg\" alt=\"\" class=\"wp-image-2310\"\/><\/figure> <\/figure> <\/div> <\/div>    <div class=\"wp-block-columns has-background is-layout-flex wp-container-core-columns-is-layout-28f84493 wp-block-columns-is-layout-flex\" style=\"background-color:#f1f1f1\"> <div class=\"wp-block-column is-layout-flow wp-block-column-is-layout-flow\" style=\"flex-basis:66.66%\"> <figure class=\"wp-block-gallery has-nested-images columns-default is-cropped wp-block-gallery-5 is-layout-flex wp-block-gallery-is-layout-flex\"> <figure class=\"wp-block-image size-large\"><img loading=\"lazy\" decoding=\"async\" width=\"720\" height=\"540\" data-id=\"2312\" src=\"https:\/\/charcoalplant.com\/wp-content\/uploads\/2022\/02\/Burn.jpg\" alt=\"\" class=\"wp-image-2312\"\/><\/figure> <\/figure> <\/div>    <div class=\"wp-block-column is-vertically-aligned-center is-layout-flow wp-block-column-is-layout-flow\" style=\"flex-basis:33.33%\"> <p class=\"translation-block\"><strong>C\u00e2mara de combust\u00e3o<\/strong><\/p>    <p>A c\u00e2mara de combust\u00e3o \u00e9 isolada com l\u00e3 de rocha isolante t\u00e9rmica. \u00c9 tamb\u00e9m um corpo de forno fechado. Portanto, a estanqueidade de toda a m\u00e1quina \u00e9 boa e a efici\u00eancia de carboniza\u00e7\u00e3o \u00e9 alta. O material de aquecimento do forno de carboniza\u00e7\u00e3o de casca de arroz pode ser carv\u00e3o, madeira, diesel, g\u00e1s natural, g\u00e1s liquefeito de petr\u00f3leo, biomassa, etc.<\/p> <\/div> <\/div>    <div class=\"wp-block-columns has-background is-layout-flex wp-container-core-columns-is-layout-28f84493 wp-block-columns-is-layout-flex\" style=\"background-color:#f1f1f1\"> <div class=\"wp-block-column is-vertically-aligned-center is-layout-flow wp-block-column-is-layout-flow\" style=\"flex-basis:33.33%\"> <p class=\"translation-block\"><strong>Painel de controlo PLC<\/strong><\/p>    <p>O sistema de partida e controle foi alterado do gabinete de distribui\u00e7\u00e3o de energia anterior para o modo tela sens\u00edvel ao toque plc. Os clientes podem definir a velocidade, temperatura, tempo, etc. atrav\u00e9s do computador.<\/p> <\/div>    <div class=\"wp-block-column is-layout-flow wp-block-column-is-layout-flow\" style=\"flex-basis:66.66%\"> <figure class=\"wp-block-gallery has-nested-images columns-default is-cropped wp-block-gallery-6 is-layout-flex wp-block-gallery-is-layout-flex\"> <figure class=\"wp-block-image size-large\"><img loading=\"lazy\" decoding=\"async\" width=\"720\" height=\"540\" data-id=\"2309\" src=\"https:\/\/charcoalplant.com\/wp-content\/uploads\/2022\/02\/PLC.jpg\" alt=\"\" class=\"wp-image-2309\"\/><\/figure> <\/figure> <\/div> <\/div>    <div class=\"wp-block-columns has-background is-layout-flex wp-container-core-columns-is-layout-28f84493 wp-block-columns-is-layout-flex\" style=\"background-color:#f1f1f1\"> <div class=\"wp-block-column is-layout-flow wp-block-column-is-layout-flow\" style=\"flex-basis:66.66%\"> <figure class=\"wp-block-gallery has-nested-images columns-default is-cropped wp-block-gallery-7 is-layout-flex wp-block-gallery-is-layout-flex\"> <figure class=\"wp-block-image size-large\"><img loading=\"lazy\" decoding=\"async\" width=\"720\" height=\"540\" data-id=\"2308\" src=\"https:\/\/charcoalplant.com\/wp-content\/uploads\/2022\/02\/new-charcoal-making-machine-for-sale.jpg\" alt=\"\" class=\"wp-image-2308\"\/><\/figure> <\/figure> <\/div>    <div class=\"wp-block-column is-vertically-aligned-center is-layout-flow wp-block-column-is-layout-flow\" style=\"flex-basis:33.33%\"> <p class=\"translation-block\"><strong>Refor\u00e7o do forno<\/strong><\/p>    <p>A superf\u00edcie do corpo do forno \u00e9 refor\u00e7ada com metal de a\u00e7o carbono horizontal e vertical. O corpo do forno \u00e9 envolto em uma caixa de a\u00e7o inoxid\u00e1vel. Portanto, o uso da nova m\u00e1quina para fazer carv\u00e3o com casca de coco n\u00e3o \u00e9 f\u00e1cil de deformar e tem uma vida \u00fatil mais longa.<\/p> <\/div> <\/div>    <h2 class=\"wp-block-heading\" id=\"h-video-of-biomass-carbonization-furnace\"><strong>V\u00eddeo do forno de carboniza\u00e7\u00e3o cont\u00ednua de biomassa<\/strong><\/h2>    <p class=\"translation-block\">Abaixo est\u00e1 um v\u00eddeo de processamento de v\u00e1rias mat\u00e9rias-primas com um <strong><a href=\"https:\/\/charcoalplant.com\/pt\/carbonization-furnace\/rotary-carbonization-furnace\/\">forno de carboniza\u00e7\u00e3o<\/a><\/strong> de biomassa. Pode ver a sua carboniza\u00e7\u00e3o eficiente e de alta qualidade a partir do v\u00eddeo.<\/p>    <figure class=\"wp-block-embed is-type-video is-provider-youtube wp-block-embed-youtube wp-embed-aspect-16-9 wp-has-aspect-ratio\"><div class=\"wp-block-embed__wrapper\"> <iframe loading=\"lazy\" title=\"2023 Novo neg\u00f3cio de m\u00e1quinas de produ\u00e7\u00e3o de carv\u00e3o com novo design de forno de carboniza\u00e7\u00e3o cont\u00ednua\" width=\"500\" height=\"281\" src=\"https:\/\/www.youtube.com\/embed\/sb92A1yTXFA?feature=oembed\" frameborder=\"0\" allow=\"accelerometer; autoplay; clipboard-write; encrypted-media; gyroscope; picture-in-picture; web-share\" referrerpolicy=\"strict-origin-when-cross-origin\" allowfullscreen><\/iframe> <\/div><\/figure>    <h2 class=\"wp-block-heading\" id=\"h-parameters-of-the-new-charcoal-making-machine\"><strong>Par\u00e2metros do novo design da m\u00e1quina de fazer carv\u00e3o<\/strong><\/h2>    <p>O tempo e a temperatura de carboniza\u00e7\u00e3o de diferentes mat\u00e9rias-primas s\u00e3o diferentes. Portanto, os dados a seguir s\u00e3o apenas para refer\u00eancia.<\/p>    <figure class=\"wp-block-table is-style-stripes\"><table><tbody><tr><td>Modelo<\/td><td>SL-05<\/td><td>SL-10<\/td><td>SL-30<\/td><td>SL-50<\/td><\/tr><tr><td>Capacidade<\/td><td>0,3-0,5t\/h<\/td><td>0,8-1t\/h<\/td><td>2,5-3t\/h<\/td><td>4,5-5t\/h<\/td><\/tr><tr><td>M\u00e9todo de trabalho<\/td><td>Totalmente cont\u00ednuo<\/td><\/tr><tr><td>Tamanho do reator<\/td><td>820mm<\/td><td>1000mm<\/td><td>1300 mm<\/td><td>1700 mm<\/td><\/tr><tr><td>Consumo de energia<\/td><td>45 kw\/h<\/td><td>65 kw\/h<\/td><td>90 kw\/h<\/td><td>125 kw\/h<\/td><\/tr><tr><td>Dimens\u00f5es<\/td><td>28m*10m*6m<\/td><td>33m*13m*7m<\/td><td>40m*15m*8m<\/td><td>50m*16m*10m<\/td><\/tr><tr><td>Peso<\/td><td>28t<\/td><td>35t<\/td><td>45t<\/td><td>54t<\/td><\/tr><tr><td>Press\u00e3o de opera\u00e7\u00e3o<\/td><td>Leve press\u00e3o negativa<\/td><\/tr><tr><td>Vida de servi\u00e7o<\/td><td>5-8 anos<\/td><\/tr><\/tbody><\/table><\/figure>    <h2 class=\"wp-block-heading\" id=\"h-application-of-bio-charcoal\"><strong>Produtos acabados de biocarv\u00e3o<\/strong><\/h2>    <p>Os produtos acabados deste excelente forno de carboniza\u00e7\u00e3o cont\u00ednua podem ser diversos, como carv\u00e3o de casca de coco, carv\u00e3o de serragem, carv\u00e3o de casca de palmiste, carv\u00e3o de bambu, carv\u00e3o de casca de arroz e carv\u00e3o de casca de nozes, etc. <\/p>    <figure class=\"wp-block-gallery has-nested-images columns-2 is-cropped wp-block-gallery-8 is-layout-flex wp-block-gallery-is-layout-flex\"> <figure class=\"wp-block-image size-large\"><img loading=\"lazy\" decoding=\"async\" width=\"720\" height=\"540\" data-id=\"2317\" src=\"https:\/\/charcoalplant.com\/wp-content\/uploads\/2022\/02\/sawdust-charcoal.jpg\" alt=\"\" class=\"wp-image-2317\"\/><\/figure>    <figure class=\"wp-block-image size-large\"><img loading=\"lazy\" decoding=\"async\" width=\"720\" height=\"540\" data-id=\"2318\" src=\"https:\/\/charcoalplant.com\/wp-content\/uploads\/2022\/02\/corncob-charcoal.jpg\" alt=\"\" class=\"wp-image-2318\"\/><\/figure>    <figure class=\"wp-block-image size-large\"><img loading=\"lazy\" decoding=\"async\" width=\"720\" height=\"540\" data-id=\"2319\" src=\"https:\/\/charcoalplant.com\/wp-content\/uploads\/2022\/02\/nut-shell-charcoal.jpg\" alt=\"\" class=\"wp-image-2319\"\/><\/figure>    <figure class=\"wp-block-image size-large\"><img loading=\"lazy\" decoding=\"async\" width=\"720\" height=\"540\" data-id=\"2320\" src=\"https:\/\/charcoalplant.com\/wp-content\/uploads\/2022\/02\/palm-shell-charcoal.jpg\" alt=\"\" class=\"wp-image-2320\"\/><\/figure> <\/figure>    <h2 class=\"wp-block-heading\">Princ\u00edpio de funcionamento do forno de carboniza\u00e7\u00e3o a carv\u00e3o<\/h2>    <p>O processo de carboniza\u00e7\u00e3o envolve o aquecimento do material org\u00e2nico em um ambiente com oxig\u00eanio limitado. \u00c0 medida que o material \u00e9 aquecido, ele come\u00e7a a se decompor e a liberar gases vol\u00e1teis. Esses gases s\u00e3o ent\u00e3o queimados, deixando um res\u00edduo s\u00f3lido de carbono, conhecido como carv\u00e3o.<\/p>    <h2 class=\"wp-block-heading\">Aplica\u00e7\u00f5es de forno de carboniza\u00e7\u00e3o cont\u00ednua<\/h2>    <p>Fornos de carboniza\u00e7\u00e3o cont\u00ednua de carv\u00e3o vegetal s\u00e3o comumente utilizados na produ\u00e7\u00e3o de carv\u00e3o ativado, que \u00e9 uma forma de carv\u00e3o que foi tratado para aumentar sua \u00e1rea superficial e torn\u00e1-lo mais poroso. O carv\u00e3o ativado tem uma ampla gama de aplica\u00e7\u00f5es, incluindo tratamento de \u00e1gua, purifica\u00e7\u00e3o de ar e separa\u00e7\u00e3o qu\u00edmica.<\/p>    <p>Al\u00e9m de serem utilizados na produ\u00e7\u00e3o de carv\u00e3o ativado, os fornos de carboniza\u00e7\u00e3o cont\u00ednua de carv\u00e3o tamb\u00e9m s\u00e3o utilizados em diversas outras ind\u00fastrias, incluindo a produ\u00e7\u00e3o de combust\u00edvel, a fabrica\u00e7\u00e3o de produtos qu\u00edmicos e o tratamento de res\u00edduos.<\/p>    <h2 class=\"wp-block-heading\">Conclus\u00e3o <\/h2>    <p>No geral, o forno de carboniza\u00e7\u00e3o cont\u00ednua \u00e9 um equipamento essencial que desempenha um papel fundamental na produ\u00e7\u00e3o de carv\u00e3o ativado e outras formas de carv\u00e3o vegetal. Sua capacidade de operar continuamente permite uma produ\u00e7\u00e3o eficiente e confi\u00e1vel, tornando-o uma ferramenta importante em uma ampla gama de ind\u00fastrias.<\/p>    <p class=\"translation-block\"><a href=\"https:\/\/charcoalplant.com\/pt\/\">Shuliy group<\/a> \u00e9 um fabricante profissional de fornos de carboniza\u00e7\u00e3o de carv\u00e3o. Fornecemos uma gama completa de m\u00e1quinas de carboniza\u00e7\u00e3o para atender \u00e0s suas necessidades espec\u00edficas. Sinta-se \u00e0 vontade para contatar nossos especialistas para iniciar seu neg\u00f3cio o mais r\u00e1pido poss\u00edvel. <\/p>","protected":false},"excerpt":{"rendered":"<p>A nova m\u00e1quina de carv\u00e3o vegetal \u00e9 uma vers\u00e3o atualizada do forno de carboniza\u00e7\u00e3o cont\u00ednua. Tem o melhor efeito de carboniza\u00e7\u00e3o.<\/p>","protected":false},"author":1,"featured_media":2306,"parent":0,"template":"","tags":[65],"product-type":[4],"class_list":["post-2304","product","type-product","status-publish","has-post-thumbnail","hentry","tag-carbonization-furnace","product-type-carbonization-furnace"],"_links":{"self":[{"href":"https:\/\/charcoalplant.com\/pt\/wp-json\/wp\/v2\/product\/2304","targetHints":{"allow":["GET"]}}],"collection":[{"href":"https:\/\/charcoalplant.com\/pt\/wp-json\/wp\/v2\/product"}],"about":[{"href":"https:\/\/charcoalplant.com\/pt\/wp-json\/wp\/v2\/types\/product"}],"author":[{"embeddable":true,"href":"https:\/\/charcoalplant.com\/pt\/wp-json\/wp\/v2\/users\/1"}],"wp:featuredmedia":[{"embeddable":true,"href":"https:\/\/charcoalplant.com\/pt\/wp-json\/wp\/v2\/media\/2306"}],"wp:attachment":[{"href":"https:\/\/charcoalplant.com\/pt\/wp-json\/wp\/v2\/media?parent=2304"}],"wp:term":[{"taxonomy":"post_tag","embeddable":true,"href":"https:\/\/charcoalplant.com\/pt\/wp-json\/wp\/v2\/tags?post=2304"},{"taxonomy":"product-type","embeddable":true,"href":"https:\/\/charcoalplant.com\/pt\/wp-json\/wp\/v2\/product-type?post=2304"}],"curies":[{"name":"wp","href":"https:\/\/api.w.org\/{rel}","templated":true}]}}