{"id":2322,"date":"2022-02-14T09:42:26","date_gmt":"2022-02-14T01:42:26","guid":{"rendered":"https:\/\/charcoalplant.com\/"},"modified":"2023-01-13T10:21:19","modified_gmt":"2023-01-13T02:21:19","slug":"wood-pallet-block-making-machine","status":"publish","type":"product","link":"https:\/\/charcoalplant.com\/pt\/product\/wood-pallet-block-making-machine\/","title":{"rendered":"M\u00e1quina para fazer blocos de paletes de madeira | M\u00e1quina para fazer blocos de serragem"},"content":{"rendered":"<div class=\"kk-star-ratings kksr-auto kksr-align-left kksr-valign-top\"     data-payload='{&quot;align&quot;:&quot;left&quot;,&quot;id&quot;:&quot;2322&quot;,&quot;slug&quot;:&quot;default&quot;,&quot;valign&quot;:&quot;top&quot;,&quot;ignore&quot;:&quot;&quot;,&quot;reference&quot;:&quot;auto&quot;,&quot;class&quot;:&quot;&quot;,&quot;count&quot;:&quot;13&quot;,&quot;legendonly&quot;:&quot;&quot;,&quot;readonly&quot;:&quot;&quot;,&quot;score&quot;:&quot;4.8&quot;,&quot;starsonly&quot;:&quot;&quot;,&quot;best&quot;:&quot;5&quot;,&quot;gap&quot;:&quot;5&quot;,&quot;greet&quot;:&quot;Rate this product&quot;,&quot;legend&quot;:&quot;4.8\\\/5 - (13 votes)&quot;,&quot;size&quot;:&quot;24&quot;,&quot;title&quot;:&quot;Wood Pallet Block Making Machine | Sawdust Block Making Machine&quot;,&quot;width&quot;:&quot;136.7&quot;,&quot;_legend&quot;:&quot;{score}\\\/{best} - ({count} {votes})&quot;,&quot;font_factor&quot;:&quot;1.25&quot;}'>              <div class=\"kksr-stars\">      <div class=\"kksr-stars-inactive\">             <div class=\"kksr-star\" data-star=\"1\" style=\"padding-right: 5px\">               <div class=\"kksr-icon\" style=\"width: 24px; height: 24px;\"><\/div>         <\/div>             <div class=\"kksr-star\" data-star=\"2\" style=\"padding-right: 5px\">               <div class=\"kksr-icon\" style=\"width: 24px; height: 24px;\"><\/div>         <\/div>             <div class=\"kksr-star\" data-star=\"3\" style=\"padding-right: 5px\">               <div class=\"kksr-icon\" style=\"width: 24px; height: 24px;\"><\/div>         <\/div>             <div class=\"kksr-star\" data-star=\"4\" style=\"padding-right: 5px\">               <div class=\"kksr-icon\" style=\"width: 24px; height: 24px;\"><\/div>         <\/div>             <div class=\"kksr-star\" data-star=\"5\" style=\"padding-right: 5px\">               <div class=\"kksr-icon\" style=\"width: 24px; height: 24px;\"><\/div>         <\/div>     <\/div>      <div class=\"kksr-stars-active\" style=\"width: 136.7px;\">             <div class=\"kksr-star\" style=\"padding-right: 5px\">               <div class=\"kksr-icon\" style=\"width: 24px; height: 24px;\"><\/div>         <\/div>             <div class=\"kksr-star\" style=\"padding-right: 5px\">               <div class=\"kksr-icon\" style=\"width: 24px; height: 24px;\"><\/div>         <\/div>             <div class=\"kksr-star\" style=\"padding-right: 5px\">               <div class=\"kksr-icon\" style=\"width: 24px; height: 24px;\"><\/div>         <\/div>             <div class=\"kksr-star\" style=\"padding-right: 5px\">               <div class=\"kksr-icon\" style=\"width: 24px; height: 24px;\"><\/div>         <\/div>             <div class=\"kksr-star\" style=\"padding-right: 5px\">               <div class=\"kksr-icon\" style=\"width: 24px; height: 24px;\"><\/div>         <\/div>     <\/div> <\/div>                   <div class=\"kksr-legend\" style=\"font-size: 19.2px;\">             4,8\/5 - (13 votos)    <\/div>     <\/div>  <p class=\"translation-block\">A <strong>m\u00e1quina de fabrico de blocos de paletes de madeira<\/strong> \u00e9 um dispositivo para produzir <strong><a href=\"https:\/\/charcoalplant.com\/pt\/news\/what-is-a-sawdust-pallet-block\/\">p\u00e9s de suporte de carga de paletes<\/a><\/strong>. Pode ser utilizada nas ind\u00fastrias de embalagem e log\u00edstica (transporte). Como a mat\u00e9ria-prima dos p\u00e9s de paletes de madeira \u00e9 serradura e aparas de madeira. Portanto, o bloco de madeira produzido tem as caracter\u00edsticas de n\u00e3o poluir, ser seguro e f\u00e1cil de manusear. Muitos fabricantes de paletes de madeira utilizam uma m\u00e1quina de blocos de aparas de madeira para fabricar p\u00e9s de paletes. A nossa f\u00e1brica produz blocos de aparas de madeira de norma americana, como 75*75mm, 90*90mm e 100*100mm, e blocos de aparas de madeira de norma europeia, como 100*110mm e 145*145mm. Por isso, oferecemos servi\u00e7os de personaliza\u00e7\u00e3o mec\u00e2nica.<\/p>    <figure class=\"wp-block-gallery has-nested-images columns-default is-cropped wp-block-gallery-2 is-layout-flex wp-block-gallery-is-layout-flex\"> <figure class=\"wp-block-image size-large\"><img loading=\"lazy\" decoding=\"async\" width=\"720\" height=\"540\" data-id=\"2335\" src=\"https:\/\/charcoalplant.com\/wp-content\/uploads\/2022\/02\/sawdust-pallet-block-.jpg\" alt=\"bloco de paletes de serragem\" class=\"wp-image-2335\"\/><figcaption class=\"wp-element-caption\">bloco de paletes de serragem<\/figcaption><\/figure>    <figure class=\"wp-block-image size-full\"><img loading=\"lazy\" decoding=\"async\" width=\"720\" height=\"540\" data-id=\"2325\" src=\"https:\/\/charcoalplant.com\/wp-content\/uploads\/2022\/02\/wood-block-machine-plant.jpg\" alt=\"plano de m\u00e1quina de bloco de madeira\" class=\"wp-image-2325\"\/><figcaption class=\"wp-element-caption\">plano de m\u00e1quina de bloco de madeira<\/figcaption><\/figure> <\/figure>    <h2 class=\"wp-block-heading\" id=\"h-raw-materials-for-wood-block-machine\"><strong>Mat\u00e9rias-primas para m\u00e1quina de fazer blocos de paletes de serragem<\/strong><\/h2>    <p class=\"translation-block\">A mat\u00e9ria-prima da m\u00e1quina de fabrico de blocos de paletes de madeira \u00e9 serradura de 6-8mm. Portanto, a serradura que n\u00e3o cumpre o tamanho da mat\u00e9ria-prima necessita de ser reprocessada com um <strong><a href=\"https:\/\/charcoalplant.com\/pt\/wood-wastes-recycling-machine\/wood-crusher-machine\/\">triturador de madeira<\/a><\/strong>. Na verdade, tem muitas mat\u00e9rias-primas. Como blocos de madeira, aparas de madeira, madeira de sucata, paletes de sucata, etc. Al\u00e9m disso, deve notar-se que a produ\u00e7\u00e3o de blocos de paletes requer a adi\u00e7\u00e3o de cola, como resina de ureia-formalde\u00eddo, \u00e0s mat\u00e9rias-primas.<\/p>    <figure class=\"wp-block-image aligncenter size-full\"><img loading=\"lazy\" decoding=\"async\" width=\"720\" height=\"540\" src=\"https:\/\/charcoalplant.com\/wp-content\/uploads\/2022\/02\/raw-materials-of-pallet-feet-block-machine-.jpg\" alt=\"\" class=\"wp-image-2347\"\/><\/figure>    <h2 class=\"wp-block-heading\" id=\"application-of-wood-blocks\"><strong>Aplica\u00e7\u00e3o de blocos de madeira para paletes<\/strong><\/h2>    <ul class=\"wp-block-list\"> <li>Os blocos de paletes de madeira s\u00e3o comumente usados \u200b\u200bno setor de transporte e log\u00edstica para apoiar e transportar mercadorias.<\/li>    <li>Eles tamb\u00e9m s\u00e3o utilizados nas ind\u00fastrias de constru\u00e7\u00e3o e manufatura para diversos fins, como apoiar m\u00e1quinas ou formar a base de uma estrutura tempor\u00e1ria.<\/li> <\/ul>    <figure class=\"wp-block-gallery has-nested-images columns-default is-cropped wp-block-gallery-3 is-layout-flex wp-block-gallery-is-layout-flex\"> <figure class=\"wp-block-image size-large\"><img loading=\"lazy\" decoding=\"async\" width=\"720\" height=\"540\" data-id=\"2356\" src=\"https:\/\/charcoalplant.com\/wp-content\/uploads\/2022\/02\/wood-block-1.jpg\" alt=\"\" class=\"wp-image-2356\"\/><\/figure>    <figure class=\"wp-block-image size-large\"><img loading=\"lazy\" decoding=\"async\" width=\"720\" height=\"540\" data-id=\"2355\" src=\"https:\/\/charcoalplant.com\/wp-content\/uploads\/2022\/02\/wood-pallet.jpg\" alt=\"\" class=\"wp-image-2355\"\/><\/figure> <\/figure>    <h2 class=\"wp-block-heading\" id=\"workflow-of-wood-pallet-block-making-machine\"><strong>Fluxo de trabalho da m\u00e1quina para fazer blocos de paletes de madeira<\/strong><\/h2>    <div class=\"wp-block-columns has-background is-layout-flex wp-container-core-columns-is-layout-28f84493 wp-block-columns-is-layout-flex\" style=\"background-color:#f1f1f1\"> <div class=\"wp-block-column is-vertically-aligned-center is-layout-flow wp-block-column-is-layout-flow\" style=\"flex-basis:33.33%\"> <p class=\"has-text-align-left translation-block\"><strong>Primeiro, o processamento das mat\u00e9rias-primas.<\/strong><\/p>    <p class=\"has-text-align-left\">As mat\u00e9rias-primas precisam ser bem misturadas com a resina de ureia-formalde\u00eddo com um misturador de cola.<\/p> <\/div>    <div class=\"wp-block-column is-layout-flow wp-block-column-is-layout-flow\" style=\"flex-basis:66.66%\"> <figure class=\"wp-block-gallery has-nested-images columns-default is-cropped wp-block-gallery-4 is-layout-flex wp-block-gallery-is-layout-flex\"> <figure class=\"wp-block-image size-full\"><img loading=\"lazy\" decoding=\"async\" width=\"720\" height=\"540\" data-id=\"2352\" src=\"https:\/\/charcoalplant.com\/wp-content\/uploads\/2022\/02\/glue-mixer-2.jpg\" alt=\"\" class=\"wp-image-2352\"\/><\/figure> <\/figure> <\/div> <\/div>    <div class=\"wp-block-columns has-background is-layout-flex wp-container-core-columns-is-layout-28f84493 wp-block-columns-is-layout-flex\" style=\"background-color:#f1f1f1\"> <div class=\"wp-block-column is-layout-flow wp-block-column-is-layout-flow\" style=\"flex-basis:66.66%\"> <figure class=\"wp-block-gallery has-nested-images columns-default is-cropped wp-block-gallery-5 is-layout-flex wp-block-gallery-is-layout-flex\"> <figure class=\"wp-block-image size-large\"><img loading=\"lazy\" decoding=\"async\" width=\"720\" height=\"540\" data-id=\"2350\" src=\"https:\/\/charcoalplant.com\/wp-content\/uploads\/2022\/02\/feed.jpg\" alt=\"\" class=\"wp-image-2350\"\/><\/figure> <\/figure> <\/div>    <div class=\"wp-block-column is-vertically-aligned-center is-layout-flow wp-block-column-is-layout-flow\" style=\"flex-basis:33.33%\"> <p class=\"translation-block\"><strong>Segundo, alimenta\u00e7\u00e3o. <\/strong><\/p>    <p>As mat\u00e9rias-primas misturadas podem ser alimentadas atrav\u00e9s da porta de alimenta\u00e7\u00e3o da m\u00e1quina de blocos de madeira. Al\u00e9m disso, a porta de alimenta\u00e7\u00e3o da m\u00e1quina possui um design de agita\u00e7\u00e3o e apagamento. Portanto, os clientes n\u00e3o precisam se preocupar com o problema de bloqueio de material.<\/p> <\/div> <\/div>    <div class=\"wp-block-columns has-background is-layout-flex wp-container-core-columns-is-layout-28f84493 wp-block-columns-is-layout-flex\" style=\"background-color:#f1f1f1\"> <div class=\"wp-block-column is-vertically-aligned-center is-layout-flow wp-block-column-is-layout-flow\" style=\"flex-basis:33.33%\"> <p class=\"translation-block\"><strong>Terceiro, descarga. <\/strong><\/p>    <p>Os cavacos de madeira s\u00e3o for\u00e7ados a serem moldados e extrudados ap\u00f3s passarem pela alta press\u00e3o do cilindro hidr\u00e1ulico da m\u00e1quina de bloco de paletes de madeira e pela alta temperatura do anel de aquecimento.<\/p> <\/div>    <div class=\"wp-block-column is-layout-flow wp-block-column-is-layout-flow\" style=\"flex-basis:66.66%\"> <figure class=\"wp-block-gallery has-nested-images columns-default is-cropped wp-block-gallery-6 is-layout-flex wp-block-gallery-is-layout-flex\"> <figure class=\"wp-block-image size-large\"><img loading=\"lazy\" decoding=\"async\" width=\"720\" height=\"540\" data-id=\"2330\" src=\"https:\/\/charcoalplant.com\/wp-content\/uploads\/2022\/02\/double-head-pallet-block-machine-1.jpg\" alt=\"m\u00e1quina de bloco de paletes de cabe\u00e7a dupla\" class=\"wp-image-2330\"\/><figcaption class=\"wp-element-caption\">m\u00e1quina de bloco de paletes de cabe\u00e7a dupla<\/figcaption><\/figure> <\/figure> <\/div> <\/div>    <div class=\"wp-block-columns has-background is-layout-flex wp-container-core-columns-is-layout-28f84493 wp-block-columns-is-layout-flex\" style=\"background-color:#f1f1f1\"> <div class=\"wp-block-column is-layout-flow wp-block-column-is-layout-flow\" style=\"flex-basis:66.66%\"> <figure class=\"wp-block-gallery has-nested-images columns-default is-cropped wp-block-gallery-7 is-layout-flex wp-block-gallery-is-layout-flex\"> <figure class=\"wp-block-image size-large\"><img loading=\"lazy\" decoding=\"async\" width=\"720\" height=\"540\" data-id=\"2351\" src=\"https:\/\/charcoalplant.com\/wp-content\/uploads\/2022\/02\/sawdust-blocks.jpg\" alt=\"\" class=\"wp-image-2351\"\/><\/figure> <\/figure> <\/div>    <div class=\"wp-block-column is-vertically-aligned-center is-layout-flow wp-block-column-is-layout-flow\" style=\"flex-basis:33.33%\"> <p class=\"translation-block\"><strong>Quarto, corte de blocos de madeira.<\/strong><\/p>    <p>Eles formaram longos blocos de madeira cortados em comprimentos uniformes por uma serra na porta de descarga.<\/p> <\/div> <\/div>    <h2 class=\"wp-block-heading\" id=\"parameters-of-wood-pallet-block-machine\"><strong>Par\u00e2metros da m\u00e1quina para fabricar blocos de paletes de madeira<\/strong><\/h2>    <p>Nossa m\u00e1quina para fazer blocos de serragem produz blocos de madeira n\u00e3o porosos e perfurados. E o n\u00famero e as especifica\u00e7\u00f5es das aberturas de descarga da m\u00e1quina podem ser personalizados.<\/p>    <figure class=\"wp-block-table is-style-stripes\"><table><tbody><tr><td>Modelo<\/td><td>SL-WB100<\/td><\/tr><tr><td>Poder total<\/td><td>15 kW<\/td><\/tr><tr><td>Capacidade<\/td><td>4-5m3\/24h<\/td><\/tr><tr><td>Densidade de bloco<\/td><td>550-600 kg\/m3<\/td><\/tr><tr><td>Dimens\u00e3o<\/td><td>4800*760*1300mm<\/td><\/tr><tr><td>Peso<\/td><td>1200kg<\/td><\/tr><\/tbody><\/table><\/figure>    <figure class=\"wp-block-image aligncenter size-full\"><img loading=\"lazy\" decoding=\"async\" width=\"720\" height=\"540\" src=\"https:\/\/charcoalplant.com\/wp-content\/uploads\/2022\/02\/Three-head-wood-pallet-block-machine.jpg\" alt=\"M\u00e1quina de bloco de paletes de madeira com tr\u00eas cabe\u00e7as\" class=\"wp-image-2328\"\/><figcaption class=\"wp-element-caption\">M\u00e1quina de bloco de paletes de madeira com tr\u00eas cabe\u00e7as<\/figcaption><\/figure>    <h2 class=\"wp-block-heading\" id=\"video-of-wood-pallet-block-machine\"><strong>V\u00eddeo da m\u00e1quina para fazer blocos de paletes de madeira<\/strong><\/h2>    <p>A m\u00e1quina para fabricar blocos de paletes de madeira \u00e9 amplamente utilizada no exterior. Voc\u00ea pode ver a qualidade do bloco de madeira e a conveni\u00eancia de serrar no v\u00eddeo abaixo. Por fim, espero que voc\u00ea goste de nossos v\u00eddeos. E voc\u00ea pode entrar em contato conosco para saber mais sobre o pre\u00e7o da m\u00e1quina para fazer blocos de paletes de serragem.<\/p>    <figure class=\"wp-block-embed is-type-video is-provider-youtube wp-block-embed-youtube wp-embed-aspect-16-9 wp-has-aspect-ratio\"><div class=\"wp-block-embed__wrapper\"> <iframe loading=\"lazy\" title=\"M\u00e1quina para fazer blocos de paletes de madeira automotiva | Equipamento de corte de bloco de serragem#palletblock#shavingblock\" width=\"500\" height=\"281\" src=\"https:\/\/www.youtube.com\/embed\/RqVTaF_3GCw?feature=oembed\" frameborder=\"0\" allow=\"accelerometer; autoplay; clipboard-write; encrypted-media; gyroscope; picture-in-picture; web-share\" referrerpolicy=\"strict-origin-when-cross-origin\" allowfullscreen><\/iframe> <\/div><\/figure>    <h2 class=\"wp-block-heading\" id=\"sawdust-blocks-extruder-machine-for-sale\"><strong>M\u00e1quina para fazer blocos de serragem <\/strong>enviado para a Mal\u00e1sia<\/h2>    <figure class=\"wp-block-gallery has-nested-images columns-default is-cropped wp-block-gallery-8 is-layout-flex wp-block-gallery-is-layout-flex\"> <figure class=\"wp-block-image size-large\"><img loading=\"lazy\" decoding=\"async\" width=\"720\" height=\"540\" data-id=\"2331\" src=\"https:\/\/charcoalplant.com\/wp-content\/uploads\/2022\/02\/shippment.jpg\" alt=\"envio\" class=\"wp-image-2331\"\/><figcaption class=\"wp-element-caption\">envio<\/figcaption><\/figure>    <figure class=\"wp-block-image size-large\"><img loading=\"lazy\" decoding=\"async\" width=\"720\" height=\"540\" data-id=\"2332\" src=\"https:\/\/charcoalplant.com\/wp-content\/uploads\/2022\/02\/Wood-pallet-block-machine-shippment.jpg\" alt=\"Expedi\u00e7\u00e3o de m\u00e1quina de bloco de paletes de madeira\" class=\"wp-image-2332\"\/><figcaption class=\"wp-element-caption\">Expedi\u00e7\u00e3o de m\u00e1quina de bloco de paletes de madeira<\/figcaption><\/figure> <\/figure>    <p>A m\u00e1quina para fabricar blocos de paletes de madeira produzida por nossa f\u00e1brica \u00e9 um item de grande venda no mercado. Recentemente recebemos uma consulta de uma f\u00e1brica de paletes de madeira na Mal\u00e1sia. E estamos felizes em trabalhar juntos. Vendemos v\u00e1rias m\u00e1quinas de blocos de madeira com v\u00e1rias cabe\u00e7as para nossos clientes. E demos aos nossos clientes um grande desconto.<\/p>    <h2 class=\"wp-block-heading\">Como funciona uma m\u00e1quina para fazer blocos de paletes de madeira <\/h2>    <ul class=\"wp-block-list\"> <li>A m\u00e1quina consiste em uma estrutura, um molde e um sistema hidr\u00e1ulico.<\/li>    <li>Para usar a m\u00e1quina, aparas de madeira ou serragem s\u00e3o colocadas no molde.<\/li>    <li>O sistema hidr\u00e1ulico \u00e9 acionado para aplicar press\u00e3o ao material, compactando-o em um bloco.<\/li>    <li>O bloco \u00e9 ent\u00e3o ejetado do molde e est\u00e1 pronto para uso.<\/li> <\/ul>    <h2 class=\"wp-block-heading\">Vantagens de usar uma m\u00e1quina para fazer blocos de madeira<\/h2>    <ul class=\"wp-block-list\"> <li><strong>Efici\u00eancia:<\/strong> A m\u00e1quina pode produzir um grande n\u00famero de blocos em um curto espa\u00e7o de tempo, tornando-a mais eficiente do que os m\u00e9todos de produ\u00e7\u00e3o manual.<\/li>    <li><strong>Qualidade:<\/strong> Os blocos produzidos pela m\u00e1quina s\u00e3o mais uniformes em tamanho e formato, resultando em um produto de maior qualidade.<\/li>    <li><strong>Custo:<\/strong> Usar uma m\u00e1quina para fazer blocos de paletes de madeira pode ser mais econ\u00f4mico do que comprar blocos pr\u00e9-fabricados ou constru\u00ed-los manualmente.<\/li> <\/ul>    <h2 class=\"wp-block-heading\">Conclus\u00e3o <\/h2>    <p class=\"translation-block\">Uma m\u00e1quina de fazer blocos de paletes de madeira \u00e9 uma ferramenta valiosa para produzir blocos de paletes de alta qualidade de forma eficiente e econ\u00f4mica. Tem uma ampla gama de aplica\u00e7\u00f5es em v\u00e1rias ind\u00fastrias, tornando-se um ativo valioso para qualquer empresa. <a href=\"https:\/\/charcoalplant.com\/pt\/\">Shuliy group<\/a> fornece uma <a href=\"https:\/\/charcoalplant.com\/pt\/wood-pallet-blocks-production-line\/\">linha de produ\u00e7\u00e3o de blocos de paletes de madeira<\/a>, tamb\u00e9m chamada de linha de produ\u00e7\u00e3o de blocos de serragem. A mat\u00e9ria-prima pode ser variada, como madeira, bambu, serragem, lascas, etc. E consiste principalmente em uma <a href=\"https:\/\/charcoalplant.com\/pt\/product\/wood-crusher-machine\/\">m\u00e1quina trituradora de madeira<\/a>, <a href=\"https:\/\/charcoalplant.com\/pt\/product\/rice-husk-dryer\/\">m\u00e1quina secadora de serragem<\/a>, misturador de cola e uma m\u00e1quina de fazer blocos de madeira. Se voc\u00ea deseja iniciar seu neg\u00f3cio de fabrica\u00e7\u00e3o de paletes, n\u00e3o hesite em entrar em contato com nossos especialistas para orienta\u00e7\u00e3o profissional. <\/p>","protected":false},"excerpt":{"rendered":"<p>A m\u00e1quina de bloco de paletes de madeira \u00e9 um dispositivo para produzir p\u00e9s de suporte de carga. Pode ser utilizado nas ind\u00fastrias de embalagens e log\u00edstica (transporte).<\/p>","protected":false},"author":1,"featured_media":2337,"parent":0,"template":"","tags":[66],"product-type":[43,3],"class_list":["post-2322","product","type-product","status-publish","has-post-thumbnail","hentry","tag-biomass-briquette-machine","product-type-biomass-briquette-machine","product-type-wood-wastes-recycling-machine"],"_links":{"self":[{"href":"https:\/\/charcoalplant.com\/pt\/wp-json\/wp\/v2\/product\/2322","targetHints":{"allow":["GET"]}}],"collection":[{"href":"https:\/\/charcoalplant.com\/pt\/wp-json\/wp\/v2\/product"}],"about":[{"href":"https:\/\/charcoalplant.com\/pt\/wp-json\/wp\/v2\/types\/product"}],"author":[{"embeddable":true,"href":"https:\/\/charcoalplant.com\/pt\/wp-json\/wp\/v2\/users\/1"}],"wp:featuredmedia":[{"embeddable":true,"href":"https:\/\/charcoalplant.com\/pt\/wp-json\/wp\/v2\/media\/2337"}],"wp:attachment":[{"href":"https:\/\/charcoalplant.com\/pt\/wp-json\/wp\/v2\/media?parent=2322"}],"wp:term":[{"taxonomy":"post_tag","embeddable":true,"href":"https:\/\/charcoalplant.com\/pt\/wp-json\/wp\/v2\/tags?post=2322"},{"taxonomy":"product-type","embeddable":true,"href":"https:\/\/charcoalplant.com\/pt\/wp-json\/wp\/v2\/product-type?post=2322"}],"curies":[{"name":"wp","href":"https:\/\/api.w.org\/{rel}","templated":true}]}}