{"id":2505,"date":"2022-02-25T10:09:19","date_gmt":"2022-02-25T10:09:19","guid":{"rendered":"https:\/\/charcoalplant.com\/?page_id=2505"},"modified":"2023-01-07T14:38:58","modified_gmt":"2023-01-07T06:38:58","slug":"wood-pallet-block-production-line","status":"publish","type":"product","link":"https:\/\/charcoalplant.com\/pt\/wood-pallet-block-production-line\/","title":{"rendered":"Linha de produ\u00e7\u00e3o de blocos de paletes de madeira"},"content":{"rendered":"<div class=\"kk-star-ratings kksr-auto kksr-align-left kksr-valign-top\"     data-payload='{&quot;align&quot;:&quot;left&quot;,&quot;id&quot;:&quot;2505&quot;,&quot;slug&quot;:&quot;default&quot;,&quot;valign&quot;:&quot;top&quot;,&quot;ignore&quot;:&quot;&quot;,&quot;reference&quot;:&quot;auto&quot;,&quot;class&quot;:&quot;&quot;,&quot;count&quot;:&quot;17&quot;,&quot;legendonly&quot;:&quot;&quot;,&quot;readonly&quot;:&quot;&quot;,&quot;score&quot;:&quot;4.7&quot;,&quot;starsonly&quot;:&quot;&quot;,&quot;best&quot;:&quot;5&quot;,&quot;gap&quot;:&quot;5&quot;,&quot;greet&quot;:&quot;Rate this product&quot;,&quot;legend&quot;:&quot;4.7\\\/5 - (17 votes)&quot;,&quot;size&quot;:&quot;24&quot;,&quot;title&quot;:&quot;Wood Pallet Block Production Line&quot;,&quot;width&quot;:&quot;133.8&quot;,&quot;_legend&quot;:&quot;{score}\\\/{best} - ({count} {votes})&quot;,&quot;font_factor&quot;:&quot;1.25&quot;}'>              <div class=\"kksr-stars\">      <div class=\"kksr-stars-inactive\">             <div class=\"kksr-star\" data-star=\"1\" style=\"padding-right: 5px\">               <div class=\"kksr-icon\" style=\"width: 24px; height: 24px;\"><\/div>         <\/div>             <div class=\"kksr-star\" data-star=\"2\" style=\"padding-right: 5px\">               <div class=\"kksr-icon\" style=\"width: 24px; height: 24px;\"><\/div>         <\/div>             <div class=\"kksr-star\" data-star=\"3\" style=\"padding-right: 5px\">               <div class=\"kksr-icon\" style=\"width: 24px; height: 24px;\"><\/div>         <\/div>             <div class=\"kksr-star\" data-star=\"4\" style=\"padding-right: 5px\">               <div class=\"kksr-icon\" style=\"width: 24px; height: 24px;\"><\/div>         <\/div>             <div class=\"kksr-star\" data-star=\"5\" style=\"padding-right: 5px\">               <div class=\"kksr-icon\" style=\"width: 24px; height: 24px;\"><\/div>         <\/div>     <\/div>      <div class=\"kksr-stars-active\" style=\"width: 133.8px;\">             <div class=\"kksr-star\" style=\"padding-right: 5px\">               <div class=\"kksr-icon\" style=\"width: 24px; height: 24px;\"><\/div>         <\/div>             <div class=\"kksr-star\" style=\"padding-right: 5px\">               <div class=\"kksr-icon\" style=\"width: 24px; height: 24px;\"><\/div>         <\/div>             <div class=\"kksr-star\" style=\"padding-right: 5px\">               <div class=\"kksr-icon\" style=\"width: 24px; height: 24px;\"><\/div>         <\/div>             <div class=\"kksr-star\" style=\"padding-right: 5px\">               <div class=\"kksr-icon\" style=\"width: 24px; height: 24px;\"><\/div>         <\/div>             <div class=\"kksr-star\" style=\"padding-right: 5px\">               <div class=\"kksr-icon\" style=\"width: 24px; height: 24px;\"><\/div>         <\/div>     <\/div> <\/div>                   <div class=\"kksr-legend\" style=\"font-size: 19.2px;\">             4,7\/5 - (17 votos)    <\/div>     <\/div>  <p class=\"translation-block\">A <strong>linha de produ\u00e7\u00e3o de blocos de paletes de madeira<\/strong> \u00e9 uma s\u00e9rie de m\u00e1quinas e equipamentos utilizados para produzir blocos de paletes de madeira em grande escala. A linha de produ\u00e7\u00e3o inclui tipicamente um triturador de madeira, um secador, um misturador e uma m\u00e1quina de fabrico de blocos de madeira. A <strong>m\u00e1quina de fabrico de blocos de paletes de madeira<\/strong> \u00e9 um dos equipamentos chave da linha de produ\u00e7\u00e3o de blocos de paletes de madeira. A mat\u00e9ria-prima da sua linha de produ\u00e7\u00e3o \u00e9 principalmente madeira residual. De facto, uma linha de produ\u00e7\u00e3o completa \u00e9 altamente automatizada. Portanto, a sua opera\u00e7\u00e3o completa requer apenas 4-5 membros da fam\u00edlia. Pode-se ver que a linha de produ\u00e7\u00e3o de blocos de paletes \u00e9 um projeto lucrativo. Se estiver interessado neste projeto, contacte-nos.<\/p>    <figure class=\"wp-block-image aligncenter size-full\"><img loading=\"lazy\" decoding=\"async\" width=\"720\" height=\"540\" src=\"https:\/\/charcoalplant.com\/wp-content\/uploads\/2022\/02\/Wood-Pallet-Blocks-Production-Line-1.jpg\" alt=\"linha de produ\u00e7\u00e3o de blocos de paletes de madeira\" class=\"wp-image-2510\"\/><figcaption class=\"wp-element-caption\">linha de produ\u00e7\u00e3o de blocos de paletes de madeira<\/figcaption><\/figure>    <h2 class=\"wp-block-heading\" id=\"h-raw-materials-for-sawdust-block-production-line\">Mat\u00e9rias-primas para linha de fabrica\u00e7\u00e3o de blocos de serragem<\/h2>    <p>Os blocos de paletes de madeira s\u00e3o feitos principalmente de serragem, aparas, res\u00edduos de madeira, res\u00edduos de bambu, res\u00edduos de paletes de madeira e outros materiais como mat\u00e9ria-prima. Portanto, a linha de produ\u00e7\u00e3o de blocos para paletes de madeira possui caracter\u00edsticas de baixo investimento. Apenas a viscosidade entre as mol\u00e9culas da mat\u00e9ria-prima \u00e9 mais forte. Os blocos de serragem podem desempenhar um bom papel de suporte de carga. Portanto, as mat\u00e9rias-primas precisam ser misturadas com cola em certa propor\u00e7\u00e3o.<\/p>    <figure class=\"wp-block-gallery has-nested-images columns-default is-cropped wp-block-gallery-2 is-layout-flex wp-block-gallery-is-layout-flex\"> <figure class=\"wp-block-image size-large\"><img loading=\"lazy\" decoding=\"async\" width=\"720\" height=\"540\" data-id=\"2528\" src=\"https:\/\/charcoalplant.com\/wp-content\/uploads\/2022\/02\/sawdust-3.jpg\" alt=\"serragem\" class=\"wp-image-2528\"\/><figcaption class=\"wp-element-caption\">serragem<\/figcaption><\/figure>    <figure class=\"wp-block-image size-large\"><img loading=\"lazy\" decoding=\"async\" width=\"720\" height=\"540\" data-id=\"2529\" src=\"https:\/\/charcoalplant.com\/wp-content\/uploads\/2022\/02\/wood-shavings-1.jpg\" alt=\"aparas de madeira\" class=\"wp-image-2529\"\/><figcaption class=\"wp-element-caption\">aparas de madeira<\/figcaption><\/figure> <\/figure>    <h2 class=\"wp-block-heading\">Estrutura da linha de produ\u00e7\u00e3o de blocos de paletes de madeira<\/h2>    <p><br>A linha de produ\u00e7\u00e3o de blocos para paletes de madeira consiste em um triturador de madeira, secador de serragem, misturador de cola, m\u00e1quina para fazer blocos de madeira e m\u00e1quina de corte autom\u00e1tica. (Apenas para refer\u00eancia, a estrutura espec\u00edfica precisa ser determinada de acordo com as mat\u00e9rias-primas). Abaixo apresentarei esses dispositivos um por um.<\/p>    <div class=\"wp-block-columns has-background is-layout-flex wp-container-core-columns-is-layout-28f84493 wp-block-columns-is-layout-flex\" style=\"background-color:#f1f1f1\"> <div class=\"wp-block-column is-vertically-aligned-center is-layout-flow wp-block-column-is-layout-flow\" style=\"flex-basis:33.33%\"> <p class=\"translation-block\"><strong>Triturador de madeira<\/strong><\/p>    <p class=\"translation-block\">Se a mat\u00e9ria-prima do cliente for madeira em bloco, necessita de utilizar um <strong><a href=\"https:\/\/charcoalplant.com\/pt\/wood-wastes-recycling-machine\/wood-crusher-machine\/\">triturador de madeira<\/a><\/strong> ou uma <strong>m\u00e1quina de aparas de madeira<\/strong> para pulverizar a mat\u00e9ria-prima para 6-8mm. Porque este tamanho de part\u00edculas de madeira \u00e9 f\u00e1cil de moldar. Ou utilizar diretamente serradura ou aparas que cumpram o tamanho das mat\u00e9rias-primas.<\/p> <\/div>    <div class=\"wp-block-column is-layout-flow wp-block-column-is-layout-flow\" style=\"flex-basis:66.66%\"> <figure class=\"wp-block-gallery has-nested-images columns-default is-cropped wp-block-gallery-3 is-layout-flex wp-block-gallery-is-layout-flex\"> <figure class=\"wp-block-image size-large\"><img loading=\"lazy\" decoding=\"async\" width=\"720\" height=\"540\" data-id=\"1898\" src=\"https:\/\/charcoalplant.com\/wp-content\/uploads\/2022\/01\/electric-wood-crushing-machine-for-sale.jpg\" alt=\"M\u00e1quina trituradora de madeira el\u00e9trica para venda\" class=\"wp-image-1898\" srcset=\"https:\/\/charcoalplant.com\/wp-content\/uploads\/2022\/01\/electric-wood-crushing-machine-for-sale.jpg 720w, https:\/\/charcoalplant.com\/wp-content\/uploads\/2022\/01\/electric-wood-crushing-machine-for-sale-300x225.jpg 300w\" sizes=\"auto, (max-width: 720px) 100vw, 720px\" \/><figcaption class=\"wp-element-caption\">M\u00e1quina trituradora de madeira el\u00e9trica para venda<\/figcaption><\/figure> <\/figure> <\/div> <\/div>    <div class=\"wp-block-columns has-background is-layout-flex wp-container-core-columns-is-layout-28f84493 wp-block-columns-is-layout-flex\" style=\"background-color:#f1f1f1\"> <div class=\"wp-block-column is-layout-flow wp-block-column-is-layout-flow\" style=\"flex-basis:66.66%\"> <figure class=\"wp-block-gallery has-nested-images columns-default is-cropped wp-block-gallery-4 is-layout-flex wp-block-gallery-is-layout-flex\"> <figure class=\"wp-block-image size-large\"><img loading=\"lazy\" decoding=\"async\" width=\"720\" height=\"540\" data-id=\"968\" src=\"https:\/\/charcoalplant.com\/wp-content\/uploads\/2021\/11\/Roller-1.jpg\" alt=\"Rolo\" class=\"wp-image-968\" srcset=\"https:\/\/charcoalplant.com\/wp-content\/uploads\/2021\/11\/Roller-1.jpg 720w, https:\/\/charcoalplant.com\/wp-content\/uploads\/2021\/11\/Roller-1-300x225.jpg 300w\" sizes=\"auto, (max-width: 720px) 100vw, 720px\" \/><figcaption class=\"wp-element-caption\">Rolo<\/figcaption><\/figure> <\/figure> <\/div>    <div class=\"wp-block-column is-vertically-aligned-center is-layout-flow wp-block-column-is-layout-flow\" style=\"flex-basis:33.33%\"> <p class=\"translation-block\"><strong>Secador de serradura<\/strong><\/p>    <p class=\"translation-block\">A humidade da serradura ou das aparas de madeira deve ser mantida abaixo de 12%. Portanto, se o teor de humidade da mat\u00e9ria-prima for superior a 12%, o cliente necessita de utilizar o <strong><a href=\"https:\/\/charcoalplant.com\/pt\/drying-machine\/rice-husk-dryer\/\">secador de serradura<\/a><\/strong> para secar a mat\u00e9ria-prima. (O n\u00famero de secadores \u00e9 determinado de acordo com a humidade das mat\u00e9rias-primas, e pode ser aumentado apropriadamente)<\/p> <\/div> <\/div>    <div class=\"wp-block-columns has-background is-layout-flex wp-container-core-columns-is-layout-28f84493 wp-block-columns-is-layout-flex\" style=\"background-color:#f1f1f1\"> <div class=\"wp-block-column is-vertically-aligned-center is-layout-flow wp-block-column-is-layout-flow\" style=\"flex-basis:33.33%\"> <p class=\"translation-block\"><strong>Misturador de cola<\/strong><\/p>    <p>Coloque as mat\u00e9rias-primas na m\u00e1quina misturadora de cola e mexa continuamente com uma certa propor\u00e7\u00e3o de cola atrav\u00e9s do equipamento. Ap\u00f3s 15-20 minutos, a mistura est\u00e1 conclu\u00edda e o material \u00e9 descarregado do fundo do misturador de cola.<\/p> <\/div>    <div class=\"wp-block-column is-layout-flow wp-block-column-is-layout-flow\" style=\"flex-basis:66.66%\"> <figure class=\"wp-block-gallery has-nested-images columns-default is-cropped wp-block-gallery-5 is-layout-flex wp-block-gallery-is-layout-flex\"> <figure class=\"wp-block-image size-full\"><img loading=\"lazy\" decoding=\"async\" width=\"720\" height=\"540\" data-id=\"2349\" src=\"https:\/\/charcoalplant.com\/wp-content\/uploads\/2022\/02\/glue-mixer-1.jpg\" alt=\"misturador de cola\" class=\"wp-image-2349\"\/><figcaption class=\"wp-element-caption\">misturador de cola<\/figcaption><\/figure> <\/figure> <\/div> <\/div>    <div class=\"wp-block-columns has-background is-layout-flex wp-container-core-columns-is-layout-28f84493 wp-block-columns-is-layout-flex\" style=\"background-color:#f1f1f1\"> <div class=\"wp-block-column is-layout-flow wp-block-column-is-layout-flow\" style=\"flex-basis:66.66%\"> <figure class=\"wp-block-gallery has-nested-images columns-default is-cropped wp-block-gallery-6 is-layout-flex wp-block-gallery-is-layout-flex\"> <figure class=\"wp-block-image size-large\"><img loading=\"lazy\" decoding=\"async\" width=\"720\" height=\"540\" data-id=\"2325\" src=\"https:\/\/charcoalplant.com\/wp-content\/uploads\/2022\/02\/wood-block-machine-plant.jpg\" alt=\"planta de m\u00e1quina de bloco de madeira\" class=\"wp-image-2325\"\/><figcaption class=\"wp-element-caption\">planta de m\u00e1quina de bloco de madeira<\/figcaption><\/figure> <\/figure> <\/div>    <div class=\"wp-block-column is-vertically-aligned-center is-layout-flow wp-block-column-is-layout-flow\" style=\"flex-basis:33.33%\"> <p><strong><a href=\"https:\/\/charcoalplant.com\/pt\/product\/wood-pallet-block-making-machine\/\">M\u00e1quina para fazer blocos de madeira<\/a><\/strong><\/p>    <p>As mat\u00e9rias-primas processadas s\u00e3o prensadas a quente por uma m\u00e1quina de xilogravura para formar blocos de paletes de madeira. Geralmente, uma linha de produ\u00e7\u00e3o \u00e9 equipada com quatro prensas t\u00e9rmicas. Portanto, os clientes podem escolher v\u00e1rias m\u00e1quinas para fazer blocos de madeira na linha de produ\u00e7\u00e3o.<\/p> <\/div> <\/div>    <h2 class=\"wp-block-heading\">Tipos de m\u00e1quina de corte de bloco comprimido<\/h2>    <p class=\"translation-block\"><strong>blocos de paletes de madeira para serra de l\u00e2mina \u00fanica<\/strong><br>Este tipo de serra \u00e9 geralmente colocado na porta de descarga da m\u00e1quina de blocos de aparas. E tamb\u00e9m tem manual e autom\u00e1tica. A sua principal fun\u00e7\u00e3o \u00e9 cortar os blocos de serradura extrudidos em comprimentos uniformes para venda ou empilhamento. Al\u00e9m disso, a nossa f\u00e1brica pode equipar os clientes com v\u00e1rias m\u00e1quinas de corte de blocos de serradura.<\/p>    <figure class=\"wp-block-gallery has-nested-images columns-default is-cropped wp-block-gallery-7 is-layout-flex wp-block-gallery-is-layout-flex\"> <figure class=\"wp-block-image size-large\"><img loading=\"lazy\" decoding=\"async\" width=\"720\" height=\"540\" data-id=\"2520\" src=\"https:\/\/charcoalplant.com\/wp-content\/uploads\/2022\/02\/sigle-blade-saw-1.jpg\" alt=\"serra de l\u00e2mina \u00fanica\" class=\"wp-image-2520\"\/><figcaption class=\"wp-element-caption\">serra de l\u00e2mina \u00fanica<\/figcaption><\/figure>    <figure class=\"wp-block-image size-large\"><img loading=\"lazy\" decoding=\"async\" width=\"720\" height=\"540\" data-id=\"2519\" src=\"https:\/\/charcoalplant.com\/wp-content\/uploads\/2022\/02\/wood-block-production-line.jpg\" alt=\"linha de produ\u00e7\u00e3o de blocos de madeira\" class=\"wp-image-2519\"\/><figcaption class=\"wp-element-caption\">linha de produ\u00e7\u00e3o de blocos de madeira<\/figcaption><\/figure> <\/figure>    <p class=\"translation-block\"><strong>blocos de paletes de madeira para serra autom\u00e1tica de m\u00faltiplas l\u00e2minas<\/strong><\/p>    <p>Cortador de blocos de paletes de madeira (modelo multi-l\u00e2mina), pode ser usado para cortar blocos de paletes de part\u00edculas, madeira maci\u00e7a, madeira multicamadas, compensados. A m\u00e1quina tem as vantagens de menos poeira, opera\u00e7\u00e3o est\u00e1vel, alta efici\u00eancia e opera\u00e7\u00e3o simples. Portanto, \u00e9 um equipamento de processamento indispens\u00e1vel para a linha de produ\u00e7\u00e3o de blocos de paletes de madeira.<\/p>    <figure class=\"wp-block-gallery has-nested-images columns-default is-cropped wp-block-gallery-8 is-layout-flex wp-block-gallery-is-layout-flex\"> <figure class=\"wp-block-image size-large\"><img loading=\"lazy\" decoding=\"async\" width=\"720\" height=\"540\" data-id=\"2521\" src=\"https:\/\/charcoalplant.com\/wp-content\/uploads\/2022\/02\/multi-blade-saw.jpg\" alt=\"serra multi-l\u00e2mina\" class=\"wp-image-2521\"\/><figcaption class=\"wp-element-caption\">serra multi-l\u00e2mina<\/figcaption><\/figure>    <figure class=\"wp-block-image size-large\"><img loading=\"lazy\" decoding=\"async\" width=\"720\" height=\"540\" data-id=\"2522\" src=\"https:\/\/charcoalplant.com\/wp-content\/uploads\/2022\/02\/wood-pallet-block-.jpg\" alt=\"bloco de paletes de madeira\" class=\"wp-image-2522\"\/><figcaption class=\"wp-element-caption\">bloco de paletes de madeira<\/figcaption><\/figure> <\/figure>    <h2 class=\"wp-block-heading\">Linha de produ\u00e7\u00e3o de blocos de paletes de madeira para venda<\/h2>    <p class=\"translation-block\"><a href=\"https:\/\/charcoalplant.com\/pt\/\">Shuliy Machinery<\/a> fornece aos clientes solu\u00e7\u00f5es para linhas de produ\u00e7\u00e3o de blocos de paletes de madeira. Al\u00e9m disso, sou um dispositivo diretamente da f\u00e1brica. Portanto, oferecemos um servi\u00e7o de pe\u00e7as sobressalentes vital\u00edcias. Al\u00e9m da produ\u00e7\u00e3o de m\u00e1quinas de blocos de madeira, tamb\u00e9m produzimos diversos equipamentos de processamento de madeira. Em resumo, fique tranquilo que nossa equipe cuidar\u00e1 dos servi\u00e7os de envio e instala\u00e7\u00e3o. Sinta-se \u00e0 vontade para nos contatar para mais detalhes.<\/p>    <figure class=\"wp-block-gallery has-nested-images columns-2 is-cropped wp-block-gallery-9 is-layout-flex wp-block-gallery-is-layout-flex\"> <figure class=\"wp-block-image size-large\"><img loading=\"lazy\" decoding=\"async\" width=\"720\" height=\"540\" data-id=\"2525\" src=\"https:\/\/charcoalplant.com\/wp-content\/uploads\/2022\/02\/saw.jpg\" alt=\"serra\" class=\"wp-image-2525\"\/><figcaption class=\"wp-element-caption\">serra<\/figcaption><\/figure>    <figure class=\"wp-block-image size-large\"><img loading=\"lazy\" decoding=\"async\" width=\"720\" height=\"540\" data-id=\"2524\" src=\"https:\/\/charcoalplant.com\/wp-content\/uploads\/2022\/02\/shippment-4.jpg\" alt=\"envio\" class=\"wp-image-2524\"\/><figcaption class=\"wp-element-caption\">envio<\/figcaption><\/figure>    <figure class=\"wp-block-image size-large\"><img loading=\"lazy\" decoding=\"async\" width=\"720\" height=\"540\" data-id=\"2526\" src=\"https:\/\/charcoalplant.com\/wp-content\/uploads\/2022\/02\/wood-pallet-blocks-production-line-show.jpg\" alt=\"exposi\u00e7\u00e3o de linha de produ\u00e7\u00e3o de blocos de paletes de madeira\" class=\"wp-image-2526\"\/><figcaption class=\"wp-element-caption\">exposi\u00e7\u00e3o de linha de produ\u00e7\u00e3o de blocos de paletes de madeira<\/figcaption><\/figure>    <figure class=\"wp-block-image size-large\"><img loading=\"lazy\" decoding=\"async\" width=\"720\" height=\"540\" data-id=\"2527\" src=\"https:\/\/charcoalplant.com\/wp-content\/uploads\/2022\/02\/wood-pallet-blocks-plant-shipping.jpg\" alt=\"envio de planta de bloco de paletes de madeira\" class=\"wp-image-2527\"\/><figcaption class=\"wp-element-caption\">envio de planta de bloco de paletes de madeira<\/figcaption><\/figure> <\/figure>    <h2 class=\"wp-block-heading\">Show de bloco de serragem<\/h2>    <figure class=\"wp-block-image aligncenter size-full\"><img loading=\"lazy\" decoding=\"async\" width=\"720\" height=\"540\" src=\"https:\/\/charcoalplant.com\/wp-content\/uploads\/2022\/02\/sawdust-pallet-block.jpg\" alt=\"bloco de paletes de serragem\" class=\"wp-image-2531\"\/><figcaption class=\"wp-element-caption\">bloco de paletes de serragem<\/figcaption><\/figure>    <h2 class=\"wp-block-heading\">Conclus\u00e3o <\/h2>    <p>A linha de produ\u00e7\u00e3o de blocos para paletes de madeira \u00e9 automatizada para garantir um processo de produ\u00e7\u00e3o consistente e eficiente. O produto final da linha de fabrica\u00e7\u00e3o de blocos de madeira s\u00e3o blocos de paletes de madeira prontos para uso em diversas ind\u00fastrias. Fornecemos excelentes m\u00e1quinas de blocos de madeira e orienta\u00e7\u00e3o para atender \u00e0s suas necessidades. Bem-vindo a entrar em contato conosco para obter o melhor pre\u00e7o.<\/p>","protected":false},"excerpt":{"rendered":"<p>Wood pallet block production line is a series of machines and equipment that are used to produce wooden pallet blocks on a large scale. The production line typically includes a wood crusher, a dryer, a mixer, and a wood block making machine. Wood pallet block making machine is one of the key pieces of equipment [&hellip;]<\/p>\n","protected":false},"author":1,"featured_media":2508,"parent":0,"template":"","tags":[64],"product-type":[53],"class_list":["post-2505","product","type-product","status-publish","has-post-thumbnail","hentry","tag-wood-wastes-recycling-machine","product-type-product-line"],"_links":{"self":[{"href":"https:\/\/charcoalplant.com\/pt\/wp-json\/wp\/v2\/product\/2505","targetHints":{"allow":["GET"]}}],"collection":[{"href":"https:\/\/charcoalplant.com\/pt\/wp-json\/wp\/v2\/product"}],"about":[{"href":"https:\/\/charcoalplant.com\/pt\/wp-json\/wp\/v2\/types\/product"}],"author":[{"embeddable":true,"href":"https:\/\/charcoalplant.com\/pt\/wp-json\/wp\/v2\/users\/1"}],"wp:featuredmedia":[{"embeddable":true,"href":"https:\/\/charcoalplant.com\/pt\/wp-json\/wp\/v2\/media\/2508"}],"wp:attachment":[{"href":"https:\/\/charcoalplant.com\/pt\/wp-json\/wp\/v2\/media?parent=2505"}],"wp:term":[{"taxonomy":"post_tag","embeddable":true,"href":"https:\/\/charcoalplant.com\/pt\/wp-json\/wp\/v2\/tags?post=2505"},{"taxonomy":"product-type","embeddable":true,"href":"https:\/\/charcoalplant.com\/pt\/wp-json\/wp\/v2\/product-type?post=2505"}],"curies":[{"name":"wp","href":"https:\/\/api.w.org\/{rel}","templated":true}]}}