{"id":2947,"date":"2022-03-21T10:40:58","date_gmt":"2022-03-21T10:40:58","guid":{"rendered":"https:\/\/charcoalplant.com\/?post_type=product&#038;p=2947"},"modified":"2023-01-16T15:21:47","modified_gmt":"2023-01-16T07:21:47","slug":"dry-lime-powder-briquetting-machine","status":"publish","type":"product","link":"https:\/\/charcoalplant.com\/pt\/product\/dry-lime-powder-briquetting-machine-iron-dust-ball-for-smelting-plant\/","title":{"rendered":"M\u00e1quina de briquetagem de p\u00f3 de cal seca | Bola de p\u00f3 de ferro para fundi\u00e7\u00e3o"},"content":{"rendered":"<div class=\"kk-star-ratings kksr-auto kksr-align-left kksr-valign-top\"     data-payload='{&quot;align&quot;:&quot;left&quot;,&quot;id&quot;:&quot;2947&quot;,&quot;slug&quot;:&quot;default&quot;,&quot;valign&quot;:&quot;top&quot;,&quot;ignore&quot;:&quot;&quot;,&quot;reference&quot;:&quot;auto&quot;,&quot;class&quot;:&quot;&quot;,&quot;count&quot;:&quot;5&quot;,&quot;legendonly&quot;:&quot;&quot;,&quot;readonly&quot;:&quot;&quot;,&quot;score&quot;:&quot;4.8&quot;,&quot;starsonly&quot;:&quot;&quot;,&quot;best&quot;:&quot;5&quot;,&quot;gap&quot;:&quot;5&quot;,&quot;greet&quot;:&quot;Rate this product&quot;,&quot;legend&quot;:&quot;4.8\\\/5 - (5 votes)&quot;,&quot;size&quot;:&quot;24&quot;,&quot;title&quot;:&quot;Dry Lime Powder Briquetting Machine | Iron Dust Ball for Smelting Plant&quot;,&quot;width&quot;:&quot;136.7&quot;,&quot;_legend&quot;:&quot;{score}\\\/{best} - ({count} {votes})&quot;,&quot;font_factor&quot;:&quot;1.25&quot;}'>              <div class=\"kksr-stars\">      <div class=\"kksr-stars-inactive\">             <div class=\"kksr-star\" data-star=\"1\" style=\"padding-right: 5px\">               <div class=\"kksr-icon\" style=\"width: 24px; height: 24px;\"><\/div>         <\/div>             <div class=\"kksr-star\" data-star=\"2\" style=\"padding-right: 5px\">               <div class=\"kksr-icon\" style=\"width: 24px; height: 24px;\"><\/div>         <\/div>             <div class=\"kksr-star\" data-star=\"3\" style=\"padding-right: 5px\">               <div class=\"kksr-icon\" style=\"width: 24px; height: 24px;\"><\/div>         <\/div>             <div class=\"kksr-star\" data-star=\"4\" style=\"padding-right: 5px\">               <div class=\"kksr-icon\" style=\"width: 24px; height: 24px;\"><\/div>         <\/div>             <div class=\"kksr-star\" data-star=\"5\" style=\"padding-right: 5px\">               <div class=\"kksr-icon\" style=\"width: 24px; height: 24px;\"><\/div>         <\/div>     <\/div>      <div class=\"kksr-stars-active\" style=\"width: 136.7px;\">             <div class=\"kksr-star\" style=\"padding-right: 5px\">               <div class=\"kksr-icon\" style=\"width: 24px; height: 24px;\"><\/div>         <\/div>             <div class=\"kksr-star\" style=\"padding-right: 5px\">               <div class=\"kksr-icon\" style=\"width: 24px; height: 24px;\"><\/div>         <\/div>             <div class=\"kksr-star\" style=\"padding-right: 5px\">               <div class=\"kksr-icon\" style=\"width: 24px; height: 24px;\"><\/div>         <\/div>             <div class=\"kksr-star\" style=\"padding-right: 5px\">               <div class=\"kksr-icon\" style=\"width: 24px; height: 24px;\"><\/div>         <\/div>             <div class=\"kksr-star\" style=\"padding-right: 5px\">               <div class=\"kksr-icon\" style=\"width: 24px; height: 24px;\"><\/div>         <\/div>     <\/div> <\/div>                   <div class=\"kksr-legend\" style=\"font-size: 19.2px;\">             4,8\/5 - (5 votos)    <\/div>     <\/div>  <p class=\"translation-block\"><strong>A m\u00e1quina de briquetagem de p\u00f3 seco<\/strong> pode comprimir materiais em p\u00f3 granulados em briquetes de diferentes formas. Por exemplo, cil\u00edndricas, ovais, esf\u00e9ricas, quadradas, etc. E difere da <strong><a href=\"https:\/\/charcoalplant.com\/pt\/product\/charcoal-ball-press-machine\/\">m\u00e1quina comum de forma\u00e7\u00e3o de p\u00f3 de carv\u00e3o<\/a><\/strong>, pois tem as caracter\u00edsticas de alta press\u00e3o e bom efeito de moldagem. Portanto, \u00e9 usada principalmente para prensar materiais em p\u00f3 que s\u00e3o dif\u00edceis de formar. Como p\u00f3 de carv\u00e3o; p\u00f3 mineral; gesso de dessulfuriza\u00e7\u00e3o; p\u00f3 de coque; limalha de ferro e moldagem de v\u00e1rias esc\u00f3rias met\u00e1licas. Al\u00e9m disso, o uso de m\u00e1quinas de briquetagem de p\u00f3 de cal seco pode reduzir a poeira industrial, controlar a densidade aparente e facilitar a recupera\u00e7\u00e3o e o transporte. Somos especializados na fabrica\u00e7\u00e3o de todos os tipos de equipamentos de reciclagem. Se tiver interesse, contacte-nos agora.<\/p>    <figure class=\"wp-block-image aligncenter size-full\"><img loading=\"lazy\" decoding=\"async\" width=\"720\" height=\"540\" src=\"https:\/\/charcoalplant.com\/wp-content\/uploads\/2022\/03\/dry-powder-briquettebriquetting-machine-for-sale.jpg\" alt=\"M\u00e1quina de briquetagem de p\u00f3 seco para venda\" class=\"wp-image-2949\"\/><figcaption class=\"wp-element-caption\">M\u00e1quina de briquetagem de p\u00f3 seco para venda<\/figcaption><\/figure>    <h2 class=\"wp-block-heading\" id=\"h-raw-materials-for-dry-lime-powder-briquetting-machine\"><strong>Mat\u00e9rias-primas para seco<\/strong><strong>\u00a0Lima<\/strong><strong>\u00a0m\u00e1quina de briquetagem em p\u00f3<\/strong><\/h2>    <p>As fontes de mat\u00e9rias-primas que podem ser processadas pela m\u00e1quina de briquetagem de p\u00f3 de ferro incluem res\u00edduos de canteiros de obras, res\u00edduos de fundi\u00e7\u00e3o, res\u00edduos de plantas qu\u00edmicas, etc. Por exemplo, p\u00f3 de carv\u00e3o, p\u00f3 de alum\u00ednio, ganga de carv\u00e3o, rejeitos, p\u00f3 de coque, \u00f3xido de ferro , lascas de magn\u00e9sio, p\u00f3 de cal virgem, lodo, grafite, fertilizante, etc.<\/p>    <figure class=\"wp-block-image aligncenter size-full is-resized\"><img loading=\"lazy\" decoding=\"async\" src=\"https:\/\/charcoalplant.com\/wp-content\/uploads\/2022\/03\/dry-lime-powder-briquetting-machine-raw-material-1.png\" alt=\"mat\u00e9ria-prima para m\u00e1quina de briquetagem de p\u00f3 de cal seca\" class=\"wp-image-2951\" width=\"658\" height=\"493\"\/><figcaption class=\"wp-element-caption\">mat\u00e9ria-prima para m\u00e1quina de briquetagem de p\u00f3 de cal seca<\/figcaption><\/figure>    <h2 class=\"wp-block-heading\" id=\"h-structure-of-iron-dust-ball-press\"><strong>S<\/strong><strong>estrutura de ferro <\/strong><strong>p\u00f3<\/strong><strong>&nbsp;imprensa de bola<\/strong><strong><\/strong><\/h2>    <div class=\"wp-block-columns has-background is-layout-flex wp-container-core-columns-is-layout-28f84493 wp-block-columns-is-layout-flex\" style=\"background-color:#f1f1f1\"> <div class=\"wp-block-column is-vertically-aligned-center is-layout-flow wp-block-column-is-layout-flow\" style=\"flex-basis:33.33%\"> <p class=\"translation-block\"><strong>Bocal de alimenta\u00e7\u00e3o for\u00e7ada<\/strong><\/p>    <p>A porta de alimenta\u00e7\u00e3o da m\u00e1quina de moldagem por p\u00f3 seco possui um dispositivo de alimenta\u00e7\u00e3o por parafuso. Devido \u00e0 pequena gravidade espec\u00edfica das mat\u00e9rias-primas em p\u00f3. Portanto, \u00e9 necess\u00e1ria agita\u00e7\u00e3o para evitar entupimento do equipamento ou alimenta\u00e7\u00e3o irregular.<\/p> <\/div>    <div class=\"wp-block-column is-layout-flow wp-block-column-is-layout-flow\" style=\"flex-basis:66.66%\"> <figure class=\"wp-block-image size-full\"><img loading=\"lazy\" decoding=\"async\" width=\"720\" height=\"540\" src=\"https:\/\/charcoalplant.com\/wp-content\/uploads\/2022\/03\/sew-feeding.jpg\" alt=\"\" class=\"wp-image-2959\"\/><\/figure> <\/div> <\/div>    <div class=\"wp-block-columns has-background is-layout-flex wp-container-core-columns-is-layout-28f84493 wp-block-columns-is-layout-flex\" style=\"background-color:#f1f1f1\"> <div class=\"wp-block-column is-layout-flow wp-block-column-is-layout-flow\" style=\"flex-basis:66.66%\"> <figure class=\"wp-block-image size-full\"><img loading=\"lazy\" decoding=\"async\" width=\"720\" height=\"540\" src=\"https:\/\/charcoalplant.com\/wp-content\/uploads\/2022\/03\/mould.jpg\" alt=\"\" class=\"wp-image-2960\"\/><\/figure> <\/div>    <div class=\"wp-block-column is-vertically-aligned-center is-layout-flow wp-block-column-is-layout-flow\" style=\"flex-basis:33.33%\"> <p class=\"translation-block\"><strong>Rolo de press\u00e3o<\/strong><\/p>    <p>A m\u00e1quina de briquetagem de p\u00f3 seco possui rolos estreitos e uma pequena \u00e1rea de contato. Portanto, a press\u00e3o sobre a cal e o p\u00f3 met\u00e1lico, etc. \u00e9 mais concentrada e a press\u00e3o \u00e9 mais alta.<\/p> <\/div> <\/div>    <div class=\"wp-block-columns has-background is-layout-flex wp-container-core-columns-is-layout-28f84493 wp-block-columns-is-layout-flex\" style=\"background-color:#f1f1f1\"> <div class=\"wp-block-column is-vertically-aligned-center is-layout-flow wp-block-column-is-layout-flow\" style=\"flex-basis:33.33%\"> <p class=\"translation-block\"><strong>Dispositivo de press\u00e3o hidr\u00e1ulica<\/strong><\/p>    <p>Sua fun\u00e7\u00e3o \u00e9 controlar a folga entre os rolos. Na verdade, tamb\u00e9m atua indiretamente como pressurizador.<\/p> <\/div>    <div class=\"wp-block-column is-layout-flow wp-block-column-is-layout-flow\" style=\"flex-basis:66.66%\"> <figure class=\"wp-block-gallery has-nested-images columns-default is-cropped wp-block-gallery-2 is-layout-flex wp-block-gallery-is-layout-flex\"> <figure class=\"wp-block-image size-large\"><img loading=\"lazy\" decoding=\"async\" width=\"720\" height=\"540\" data-id=\"2961\" src=\"https:\/\/charcoalplant.com\/wp-content\/uploads\/2022\/03\/hydraulic.jpg\" alt=\"\" class=\"wp-image-2961\"\/><\/figure> <\/figure> <\/div> <\/div>    <h2 class=\"wp-block-heading\" id=\"h-dry-powder-lime-briquetting-machine-mould\"><strong>Molde para m\u00e1quina de briquetagem de cal em p\u00f3 seco<\/strong><strong><\/strong><\/h2>    <p>Para atender \u00e0s necessidades do cliente, nossa f\u00e1brica oferece servi\u00e7o personalizado para moldes de prensa esf\u00e9rica. Incluindo o tamanho, forma, padr\u00e3o, texto, etc. da capa do rolo. Existem v\u00e1rios tipos de pel\u00edculas de rolo mostradas abaixo (para refer\u00eancia).<\/p>    <figure class=\"wp-block-gallery has-nested-images columns-2 is-cropped wp-block-gallery-3 is-layout-flex wp-block-gallery-is-layout-flex\"> <figure class=\"wp-block-image size-large\"><img loading=\"lazy\" decoding=\"async\" width=\"720\" height=\"540\" data-id=\"2964\" src=\"https:\/\/charcoalplant.com\/wp-content\/uploads\/2022\/03\/cylindrical.jpg\" alt=\"cil\u00edndrico\" class=\"wp-image-2964\"\/><figcaption class=\"wp-element-caption\">cil\u00edndrico<\/figcaption><\/figure>    <figure class=\"wp-block-image size-large\"><img loading=\"lazy\" decoding=\"async\" width=\"720\" height=\"540\" data-id=\"2965\" src=\"https:\/\/charcoalplant.com\/wp-content\/uploads\/2022\/03\/iron-powder-mold.jpg\" alt=\"molde de ferro em p\u00f3\" class=\"wp-image-2965\"\/><figcaption class=\"wp-element-caption\">molde de ferro em p\u00f3<\/figcaption><\/figure>    <figure class=\"wp-block-image size-large\"><img loading=\"lazy\" decoding=\"async\" width=\"720\" height=\"540\" data-id=\"2962\" src=\"https:\/\/charcoalplant.com\/wp-content\/uploads\/2022\/03\/mold-with-a-diameter-of-6cm.jpg\" alt=\"molde-com-di\u00e2metro-de-6cm\" class=\"wp-image-2962\"\/><figcaption class=\"wp-element-caption\">molde-com-di\u00e2metro-de-6cm<\/figcaption><\/figure>    <figure class=\"wp-block-image size-large\"><img loading=\"lazy\" decoding=\"async\" width=\"720\" height=\"540\" data-id=\"2963\" src=\"https:\/\/charcoalplant.com\/wp-content\/uploads\/2022\/03\/pillow-shape.jpg\" alt=\"formato de travesseiro\" class=\"wp-image-2963\"\/><figcaption class=\"wp-element-caption\">formato de travesseiro<\/figcaption><\/figure> <\/figure>    <h2 class=\"wp-block-heading\" id=\"h-iron-dust-ball-for-smelting-plant\"><strong>Bola de p\u00f3 de ferro para fundi\u00e7\u00e3o<\/strong><\/h2>    <p>A m\u00e1quina de briquetagem de p\u00f3 de ferro \u00e9 uma m\u00e1quina multifuncional. Portanto, pode recuperar v\u00e1rios p\u00f3s met\u00e1licos. Bolas de p\u00f3 mental podem ser derretidas para fazer novamente pe\u00e7as mec\u00e2nicas ou racks. As fundi\u00e7\u00f5es tamb\u00e9m reciclam frequentemente esc\u00f3ria met\u00e1lica residual industrial para reprocessamento. Desta forma, os recursos met\u00e1licos que o mundo pode poupar todos os anos s\u00e3o imensur\u00e1veis.<\/p>    <figure class=\"wp-block-gallery has-nested-images columns-default is-cropped wp-block-gallery-4 is-layout-flex wp-block-gallery-is-layout-flex\"> <figure class=\"wp-block-image size-large\"><img loading=\"lazy\" decoding=\"async\" width=\"720\" height=\"540\" data-id=\"2972\" src=\"https:\/\/charcoalplant.com\/wp-content\/uploads\/2022\/03\/iron-ball-melting.jpg\" alt=\"\" class=\"wp-image-2972\"\/><\/figure>    <figure class=\"wp-block-image size-large\"><img loading=\"lazy\" decoding=\"async\" width=\"720\" height=\"540\" data-id=\"2971\" src=\"https:\/\/charcoalplant.com\/wp-content\/uploads\/2022\/03\/Foundry.jpg\" alt=\"\" class=\"wp-image-2971\"\/><\/figure> <\/figure>    <h2 class=\"wp-block-heading\">Nossa f\u00e1brica<\/h2>    <figure class=\"wp-block-image aligncenter size-full\"><img loading=\"lazy\" decoding=\"async\" width=\"691\" height=\"482\" src=\"https:\/\/charcoalplant.com\/wp-content\/uploads\/2022\/03\/machine-show-1.png\" alt=\"\" class=\"wp-image-2970\"\/><\/figure>    <figure class=\"wp-block-gallery has-nested-images columns-default is-cropped wp-block-gallery-5 is-layout-flex wp-block-gallery-is-layout-flex\"> <figure class=\"wp-block-image size-full\"><img loading=\"lazy\" decoding=\"async\" width=\"720\" height=\"540\" data-id=\"2969\" src=\"https:\/\/charcoalplant.com\/wp-content\/uploads\/2022\/03\/dryer-powder-machine-plant-2.jpg\" alt=\"\" class=\"wp-image-2969\"\/><\/figure>    <figure class=\"wp-block-image size-large\"><img loading=\"lazy\" decoding=\"async\" width=\"720\" height=\"540\" data-id=\"2967\" src=\"https:\/\/charcoalplant.com\/wp-content\/uploads\/2022\/03\/iron-dust-molding-machine-for-sale.jpg\" alt=\"\" class=\"wp-image-2967\"\/><\/figure> <\/figure>","protected":false},"excerpt":{"rendered":"<p>A m\u00e1quina de briquetagem de p\u00f3 seco pode comprimir materiais em p\u00f3 granular em briquetes de diferentes formatos. <\/p>","protected":false},"author":1,"featured_media":2949,"parent":0,"template":"","tags":[59],"product-type":[44],"class_list":["post-2947","product","type-product","status-publish","has-post-thumbnail","hentry","tag-charcoal-briquetting-machine","product-type-charcoal-briquetting-machine"],"_links":{"self":[{"href":"https:\/\/charcoalplant.com\/pt\/wp-json\/wp\/v2\/product\/2947","targetHints":{"allow":["GET"]}}],"collection":[{"href":"https:\/\/charcoalplant.com\/pt\/wp-json\/wp\/v2\/product"}],"about":[{"href":"https:\/\/charcoalplant.com\/pt\/wp-json\/wp\/v2\/types\/product"}],"author":[{"embeddable":true,"href":"https:\/\/charcoalplant.com\/pt\/wp-json\/wp\/v2\/users\/1"}],"wp:featuredmedia":[{"embeddable":true,"href":"https:\/\/charcoalplant.com\/pt\/wp-json\/wp\/v2\/media\/2949"}],"wp:attachment":[{"href":"https:\/\/charcoalplant.com\/pt\/wp-json\/wp\/v2\/media?parent=2947"}],"wp:term":[{"taxonomy":"post_tag","embeddable":true,"href":"https:\/\/charcoalplant.com\/pt\/wp-json\/wp\/v2\/tags?post=2947"},{"taxonomy":"product-type","embeddable":true,"href":"https:\/\/charcoalplant.com\/pt\/wp-json\/wp\/v2\/product-type?post=2947"}],"curies":[{"name":"wp","href":"https:\/\/api.w.org\/{rel}","templated":true}]}}