{"id":580,"date":"2021-11-20T09:56:14","date_gmt":"2021-11-20T09:56:14","guid":{"rendered":"https:\/\/charcoalplant.com\/?p=580"},"modified":"2023-01-14T15:08:17","modified_gmt":"2023-01-14T07:08:17","slug":"log-chipper","status":"publish","type":"product","link":"https:\/\/charcoalplant.com\/pt\/product\/log-chipper\/","title":{"rendered":"Picador de toras | M\u00e1quina de corte de aparas de madeira"},"content":{"rendered":"<div class=\"kk-star-ratings kksr-auto kksr-align-left kksr-valign-top\"     data-payload='{&quot;align&quot;:&quot;left&quot;,&quot;id&quot;:&quot;580&quot;,&quot;slug&quot;:&quot;default&quot;,&quot;valign&quot;:&quot;top&quot;,&quot;ignore&quot;:&quot;&quot;,&quot;reference&quot;:&quot;auto&quot;,&quot;class&quot;:&quot;&quot;,&quot;count&quot;:&quot;17&quot;,&quot;legendonly&quot;:&quot;&quot;,&quot;readonly&quot;:&quot;&quot;,&quot;score&quot;:&quot;4.5&quot;,&quot;starsonly&quot;:&quot;&quot;,&quot;best&quot;:&quot;5&quot;,&quot;gap&quot;:&quot;5&quot;,&quot;greet&quot;:&quot;Rate this product&quot;,&quot;legend&quot;:&quot;4.5\\\/5 - (17 votes)&quot;,&quot;size&quot;:&quot;24&quot;,&quot;title&quot;:&quot;Log Chipper | Wood Chips Cutting Machine&quot;,&quot;width&quot;:&quot;128&quot;,&quot;_legend&quot;:&quot;{score}\\\/{best} - ({count} {votes})&quot;,&quot;font_factor&quot;:&quot;1.25&quot;}'>              <div class=\"kksr-stars\">      <div class=\"kksr-stars-inactive\">             <div class=\"kksr-star\" data-star=\"1\" style=\"padding-right: 5px\">               <div class=\"kksr-icon\" style=\"width: 24px; height: 24px;\"><\/div>         <\/div>             <div class=\"kksr-star\" data-star=\"2\" style=\"padding-right: 5px\">               <div class=\"kksr-icon\" style=\"width: 24px; height: 24px;\"><\/div>         <\/div>             <div class=\"kksr-star\" data-star=\"3\" style=\"padding-right: 5px\">               <div class=\"kksr-icon\" style=\"width: 24px; height: 24px;\"><\/div>         <\/div>             <div class=\"kksr-star\" data-star=\"4\" style=\"padding-right: 5px\">               <div class=\"kksr-icon\" style=\"width: 24px; height: 24px;\"><\/div>         <\/div>             <div class=\"kksr-star\" data-star=\"5\" style=\"padding-right: 5px\">               <div class=\"kksr-icon\" style=\"width: 24px; height: 24px;\"><\/div>         <\/div>     <\/div>      <div class=\"kksr-stars-active\" style=\"width: 128px;\">             <div class=\"kksr-star\" style=\"padding-right: 5px\">               <div class=\"kksr-icon\" style=\"width: 24px; height: 24px;\"><\/div>         <\/div>             <div class=\"kksr-star\" style=\"padding-right: 5px\">               <div class=\"kksr-icon\" style=\"width: 24px; height: 24px;\"><\/div>         <\/div>             <div class=\"kksr-star\" style=\"padding-right: 5px\">               <div class=\"kksr-icon\" style=\"width: 24px; height: 24px;\"><\/div>         <\/div>             <div class=\"kksr-star\" style=\"padding-right: 5px\">               <div class=\"kksr-icon\" style=\"width: 24px; height: 24px;\"><\/div>         <\/div>             <div class=\"kksr-star\" style=\"padding-right: 5px\">               <div class=\"kksr-icon\" style=\"width: 24px; height: 24px;\"><\/div>         <\/div>     <\/div> <\/div>                   <div class=\"kksr-legend\" style=\"font-size: 19.2px;\">             4,5\/5 - (17 votos)    <\/div>     <\/div>  <p class=\"translation-block\"><strong>A trituradora de troncos<\/strong> \u00e9 uma m\u00e1quina importante na linha de produ\u00e7\u00e3o de madeira e no processo de reprocessamento da madeira. Sua fun\u00e7\u00e3o \u00e9 cortar a madeira, galhos e bambu em pe\u00e7as de mesma espessura e tamanho com a faca rotativa e a faca fixa. Esses cavacos de madeira s\u00e3o usados na fabrica\u00e7\u00e3o de papel, combust\u00e3o de combust\u00edvel, etc., e est\u00e3o em grande demanda. N\u00f3s fornecemos aos clientes m\u00e1quinas de trituradores de madeira de alta qualidade, que economizam energia e s\u00e3o f\u00e1ceis de usar. Bem-vindo para nos consultar, n\u00f3s forneceremos <strong><a href=\"https:\/\/charcoalplant.com\/pt\/news\/how-much-is-a-log-shredder\/\">pre\u00e7os acess\u00edveis<\/a><\/strong>.<\/p>    <h2 class=\"wp-block-heading\" id=\"working-principle-of-log-chipper\">Princ\u00edpio de funcionamento do picador de toras<\/h2>    <p class=\"translation-block\">O corte de madeira \u00e9 um passo importante no <strong><a href=\"https:\/\/charcoalplant.com\/pt\/wood-crusher-machine\/\">reprocessamento ou tritura\u00e7\u00e3o de madeira<\/a><\/strong>. Materiais-prima como troncos, bambu e t\u00e1buas de madeira s\u00e3o colocados na porta de alimenta\u00e7\u00e3o. Ent\u00e3o, o motor aciona a correia para girar a cabe\u00e7a do cortador para triturar. A alimenta\u00e7\u00e3o e a descarga s\u00e3o quase s\u00edncronas. Finalmente, cavacos de madeira com espessura uniforme e forma regular podem ser obtidos.<\/p>    <figure class=\"wp-block-embed is-type-video is-provider-youtube wp-block-embed-youtube wp-embed-aspect-16-9 wp-has-aspect-ratio\"><div class=\"wp-block-embed__wrapper\"> <iframe loading=\"lazy\" title=\"Triturador de toras diesel | Fabricante de m\u00e1quina de lascar madeira#El\u00e9tricotriturador de madeira#serragem\" width=\"500\" height=\"281\" src=\"https:\/\/www.youtube.com\/embed\/8J7778sPzp4?feature=oembed\" frameborder=\"0\" allow=\"accelerometer; autoplay; clipboard-write; encrypted-media; gyroscope; picture-in-picture; web-share\" referrerpolicy=\"strict-origin-when-cross-origin\" allowfullscreen><\/iframe> <\/div><\/figure>    <h2 class=\"wp-block-heading\" id=\"raw-material-of-wood-chips-cutting-machine\">Mat\u00e9ria-prima da m\u00e1quina picadora de madeira<\/h2>    <p>O picador de madeira comercial pode processar pinho, madeiras diversas, choupo, abeto, bambu cru, tubo ppr, etc. As mat\u00e9rias-primas selecionadas devem ser t\u00e3o regulares quanto poss\u00edvel, e o efeito de fazer lascas de madeira ser\u00e1 melhor. <\/p>    <figure class=\"wp-block-gallery has-nested-images columns-2 is-cropped wp-block-gallery-2 is-layout-flex wp-block-gallery-is-layout-flex\"> <figure class=\"wp-block-image size-large\"><img loading=\"lazy\" decoding=\"async\" width=\"720\" height=\"540\" data-id=\"2056\" src=\"https:\/\/charcoalplant.com\/wp-content\/uploads\/2022\/01\/raw-materials-2.jpg\" alt=\"mat\u00e9rias-primas\" class=\"wp-image-2056\"\/><figcaption class=\"wp-element-caption\">mat\u00e9rias-primas<\/figcaption><\/figure>    <figure class=\"wp-block-image size-large\"><img loading=\"lazy\" decoding=\"async\" width=\"720\" height=\"540\" data-id=\"2058\" src=\"https:\/\/charcoalplant.com\/wp-content\/uploads\/2022\/01\/different-sizes-wood-chips-1-2.jpg\" alt=\"aparas de madeira de tamanhos diferentes\" class=\"wp-image-2058\"\/><figcaption class=\"wp-element-caption\">aparas de madeira de tamanhos diferentes<\/figcaption><\/figure> <figcaption class=\"blocks-gallery-caption wp-element-caption\"> as mat\u00e9rias-primas do picador de galhos s\u00e3o toras, bambu, t\u00e1bua, tubo ppr e display de lascas de madeira de 2-3 cm<\/figcaption><\/figure>    <h2 class=\"wp-block-heading\" id=\"h-structure-of-the-log-chipper\">Estrutura do picador de toras<\/h2>    <p>O picador de madeira \u00e9 composto principalmente por uma cabe\u00e7a de corte, uma polia, uma estrutura de fuso, uma porta de alimenta\u00e7\u00e3o, uma tampa e um sistema de controle el\u00e9trico. Sua estrutura geral \u00e9 compacta e economiza espa\u00e7o. Mas isso n\u00e3o afeta suas caracter\u00edsticas, como maior rendimento, economia de energia, opera\u00e7\u00e3o segura e conveniente. <\/p>    <figure class=\"wp-block-gallery has-nested-images columns-default is-cropped wp-block-gallery-3 is-layout-flex wp-block-gallery-is-layout-flex\"> <figure class=\"wp-block-image size-large\"><img loading=\"lazy\" decoding=\"async\" width=\"720\" height=\"540\" data-id=\"1817\" src=\"https:\/\/charcoalplant.com\/wp-content\/uploads\/2022\/01\/garden-branch-chipper.jpg\" alt=\"picador de galhos de jardim\" class=\"wp-image-1817\" srcset=\"https:\/\/charcoalplant.com\/wp-content\/uploads\/2022\/01\/garden-branch-chipper.jpg 720w, https:\/\/charcoalplant.com\/wp-content\/uploads\/2022\/01\/garden-branch-chipper-300x225.jpg 300w\" sizes=\"auto, (max-width: 720px) 100vw, 720px\" \/><figcaption class=\"wp-element-caption\">picador de galhos de jardim<\/figcaption><\/figure>    <figure class=\"wp-block-image size-large\"><img loading=\"lazy\" decoding=\"async\" width=\"720\" height=\"540\" data-id=\"2044\" src=\"https:\/\/charcoalplant.com\/wp-content\/uploads\/2022\/01\/small-diesel-log-chipper-plant.jpg\" alt=\"pequena planta trituradora de toras a diesel\" class=\"wp-image-2044\"\/><figcaption class=\"wp-element-caption\">pequena planta trituradora de toras a diesel<\/figcaption><\/figure> <\/figure>    <h3 class=\"wp-block-heading\" id=\"adjustable-blades\">L\u00e2minas ajust\u00e1veis<\/h3>    <p class=\"translation-block\">A altera\u00e7\u00e3o da espessura dos cavacos de madeira pode ser realizada ajustando o \u00e2ngulo da l\u00e2mina. Al\u00e9m disso, cada l\u00e2mina possui pelo menos tr\u00eas parafusos para fix\u00e1-la, e n\u00e3o \u00e9 f\u00e1cil de afrouxar. Se a l\u00e2mina estiver desgastada, pode ser facilmente consertada com um <strong>afiador de facas<\/strong>.<\/p>    <figure class=\"wp-block-gallery has-nested-images columns-2 is-cropped wp-block-gallery-4 is-layout-flex wp-block-gallery-is-layout-flex\"> <figure class=\"wp-block-image size-large\"><img loading=\"lazy\" decoding=\"async\" width=\"720\" height=\"540\" data-id=\"2039\" src=\"https:\/\/charcoalplant.com\/wp-content\/uploads\/2022\/01\/blade.jpg\" alt=\"l\u00e2mina\" class=\"wp-image-2039\"\/><figcaption class=\"wp-element-caption\">l\u00e2mina<\/figcaption><\/figure>    <figure class=\"wp-block-image size-large\"><img loading=\"lazy\" decoding=\"async\" width=\"720\" height=\"540\" data-id=\"2040\" src=\"https:\/\/charcoalplant.com\/wp-content\/uploads\/2022\/01\/blade-disc..jpg\" alt=\"disco-l\u00e2mina.\" class=\"wp-image-2040\"\/><figcaption class=\"wp-element-caption\">disco-l\u00e2mina.<\/figcaption><\/figure> <\/figure>    <h3 class=\"wp-block-heading\" id=\"cutter-disc\">Disco cortador<\/h3>    <p>O disco da l\u00e2mina do picador de madeira pode conter v\u00e1rias l\u00e2minas. Al\u00e9m disso, diferentes modelos de picadores de toras t\u00eam diferentes di\u00e2metros de cabe\u00e7as de corte. O n\u00famero de l\u00e2minas tamb\u00e9m varia.<\/p>    <figure class=\"wp-block-gallery has-nested-images columns-default is-cropped wp-block-gallery-5 is-layout-flex wp-block-gallery-is-layout-flex\"> <figure class=\"wp-block-image size-large\"><img loading=\"lazy\" decoding=\"async\" width=\"720\" height=\"540\" data-id=\"2041\" src=\"https:\/\/charcoalplant.com\/wp-content\/uploads\/2022\/01\/cutter-head.jpg\" alt=\"Cabe\u00e7a de corte multifaca\" class=\"wp-image-2041\"\/><figcaption class=\"wp-element-caption\">Cabe\u00e7a de corte multifaca<\/figcaption><\/figure>    <figure class=\"wp-block-image size-large\"><img loading=\"lazy\" decoding=\"async\" width=\"720\" height=\"540\" data-id=\"667\" src=\"https:\/\/charcoalplant.com\/wp-content\/uploads\/2021\/11\/cutter-head-1.jpg\" alt=\"cabe\u00e7a de corte\" class=\"wp-image-667\" srcset=\"https:\/\/charcoalplant.com\/wp-content\/uploads\/2021\/11\/cutter-head-1.jpg 720w, https:\/\/charcoalplant.com\/wp-content\/uploads\/2021\/11\/cutter-head-1-300x225.jpg 300w\" sizes=\"auto, (max-width: 720px) 100vw, 720px\" \/><figcaption class=\"wp-element-caption\">cabe\u00e7a de corte<\/figcaption><\/figure> <\/figure>    <h2 class=\"wp-block-heading\" id=\"h-branch-chipper-machine-for-sale\">Melhor m\u00e1quina picadora de madeira comercial\u00a0\u00e0 venda<\/h2>    <p>Vendemos picadores de madeira el\u00e9tricos e picadores de madeira a diesel. Devido ao ambiente de trabalho diversificado dos clientes, os requisitos de produ\u00e7\u00e3o s\u00e3o diferentes. \u00c9 por isso que melhoramos v\u00e1rios picadores de madeira especiais. Como aquele com rodas, sa\u00edda inferior e sa\u00edda superior, entrada inclinada e assim por diante.<\/p>    <h3 class=\"wp-block-heading\" id=\"electric-wood-chipper-parameters\">Par\u00e2metros do picador el\u00e9trico de madeira<\/h3>    <figure class=\"wp-block-table is-style-stripes\"><table><tbody><tr><td>MODELO<\/td><td>CAPACIDADE<\/td><td>TAMANHO DE ENTRADA<\/td><td>TAMANHO DA SA\u00cdDA<\/td><td>ENERGIA EL\u00c9TRICA<\/td><\/tr><tr><td>SL-420<\/td><td>500kg\/hora<\/td><td>150*150MM<\/td><td>2-5cm<\/td><td>11 kW<\/td><\/tr><tr><td>SL-600<\/td><td>1500kg\/hora<\/td><td>180*150MM<\/td><td>2-5cm<\/td><td>18,5 kW<\/td><\/tr><tr><td>SL-800<\/td><td>3000kg\/h<\/td><td>200*200MM<\/td><td>2-5cm<\/td><td>30 kW<\/td><\/tr><tr><td>SL-950<\/td><td>4000kg\/h<\/td><td>230*250MM<\/td><td>2-5cm<\/td><td>37 kW<\/td><\/tr><tr><td>SL-1200<\/td><td>5000kg\/hora<\/td><td>330*300MM<\/td><td>2-5cm<\/td><td>55 kW<\/td><\/tr><tr><td>SL-1400<\/td><td>7000-8000kg\/h<\/td><td>400*400MM<\/td><td>2-5cm<\/td><td>90 kW<\/td><\/tr><\/tbody><\/table><figcaption class=\"wp-element-caption\">O 420 e o 600 s\u00e3o os dois modelos de picadores de madeira mais populares. Eles s\u00e3o nomeados de acordo com o di\u00e2metro da cabe\u00e7a de corte. Dispositivos 800 e maiores s\u00e3o um padr\u00e3o diferente. Equipamos equipamentos de grande porte com arm\u00e1rios de distribui\u00e7\u00e3o e correias transportadoras.<\/figcaption><\/figure>    <figure class=\"wp-block-gallery has-nested-images columns-default is-cropped wp-block-gallery-6 is-layout-flex wp-block-gallery-is-layout-flex\"> <figure class=\"wp-block-image size-large\"><img loading=\"lazy\" decoding=\"async\" width=\"720\" height=\"540\" data-id=\"1811\" src=\"https:\/\/charcoalplant.com\/wp-content\/uploads\/2021\/11\/samll-movable-log-chipper-.jpg\" alt=\"pequeno picador de toras m\u00f3vel\" class=\"wp-image-1811\" srcset=\"https:\/\/charcoalplant.com\/wp-content\/uploads\/2021\/11\/samll-movable-log-chipper-.jpg 720w, https:\/\/charcoalplant.com\/wp-content\/uploads\/2021\/11\/samll-movable-log-chipper--300x225.jpg 300w\" sizes=\"auto, (max-width: 720px) 100vw, 720px\" \/><figcaption class=\"wp-element-caption\">pequeno picador de toras m\u00f3vel<\/figcaption><\/figure> <\/figure>    <h3 class=\"wp-block-heading\" id=\"diesel-wood-chipper-parameters\">Par\u00e2metros do picador de madeira a diesel <\/h3>    <figure class=\"wp-block-table is-style-stripes\"><table><tbody><tr><td>MODELO<\/td><td>CAPACIDADE<\/td><td>TAMANHO DE ENTRADA<\/td><td>TAMANHO DA SA\u00cdDA<\/td><td>POT\u00caNCIA DIESEL<\/td><\/tr><tr><td>SL-420<\/td><td>500kg\/hora<\/td><td>150*150MM<\/td><td>2-5cm<\/td><td>15cv<\/td><\/tr><tr><td>SL-600<\/td><td>1500kg\/hora<\/td><td>180*150MM<\/td><td>2-5cm<\/td><td>22cv<\/td><\/tr><tr><td>SL-800<\/td><td>3000kg\/h<\/td><td>200*200MM<\/td><td>2-5cm<\/td><td>40cv<\/td><\/tr><tr><td>SL-950<\/td><td>4000kg\/h<\/td><td>230*250MM<\/td><td>2-5cm<\/td><td>60 cv<\/td><\/tr><tr><td>SL-1200<\/td><td>5000kg\/hora<\/td><td>330*300MM<\/td><td>2-5cm<\/td><td>55 kW<\/td><\/tr><tr><td>SL-1400<\/td><td>7000-8000kg\/h<\/td><td>400*400MM<\/td><td>2-5cm<\/td><td>90 kW<\/td><\/tr><\/tbody><\/table><figcaption class=\"wp-element-caption\">Os picadores de madeira com rodas a diesel n\u00e3o s\u00e3o apenas para uso interno. \u00c9 mais adequado para trabalhos ao ar livre.<\/figcaption><\/figure>    <figure class=\"wp-block-gallery has-nested-images columns-2 is-cropped wp-block-gallery-7 is-layout-flex wp-block-gallery-is-layout-flex\"> <figure class=\"wp-block-image size-large\"><img loading=\"lazy\" decoding=\"async\" width=\"720\" height=\"540\" data-id=\"729\" src=\"https:\/\/charcoalplant.com\/wp-content\/uploads\/2021\/11\/manufacturer-of-diesel-wood-chippers-1-1.jpg\" alt=\"fabricante de picadores de madeira a diesel\" class=\"wp-image-729\" srcset=\"https:\/\/charcoalplant.com\/wp-content\/uploads\/2021\/11\/manufacturer-of-diesel-wood-chippers-1-1.jpg 720w, https:\/\/charcoalplant.com\/wp-content\/uploads\/2021\/11\/manufacturer-of-diesel-wood-chippers-1-1-300x225.jpg 300w\" sizes=\"auto, (max-width: 720px) 100vw, 720px\" \/><figcaption class=\"wp-element-caption\">fabricante de picadores de madeira a diesel<\/figcaption><\/figure>    <figure class=\"wp-block-image size-large\"><img loading=\"lazy\" decoding=\"async\" width=\"720\" height=\"540\" data-id=\"845\" src=\"https:\/\/charcoalplant.com\/wp-content\/uploads\/2021\/11\/wooden-chips-1-1.jpg\" alt=\"lascas de madeira\" class=\"wp-image-845\" srcset=\"https:\/\/charcoalplant.com\/wp-content\/uploads\/2021\/11\/wooden-chips-1-1.jpg 720w, https:\/\/charcoalplant.com\/wp-content\/uploads\/2021\/11\/wooden-chips-1-1-300x225.jpg 300w\" sizes=\"auto, (max-width: 720px) 100vw, 720px\" \/><figcaption class=\"wp-element-caption\">lascas de madeira<\/figcaption><\/figure> <\/figure>    <h2 class=\"wp-block-heading\" id=\"h-how-to-mass-produce-wood-chips\">Como produzir cavacos de madeira com efici\u00eancia\uff1f<\/h2>    <p class=\"translation-block\">Como escolher uma m\u00e1quina para produzir uma grande quantidade de cavacos de madeira? Primeiro, voc\u00ea pode escolher m\u00e1quinas de fazer cavacos de madeira SL-800 e maiores. Por um lado, o equipamento de grande escala tem uma alta produ\u00e7\u00e3o, e por outro lado, pode ser conectado \u00e0 correia transportadora para economizar tempo e m\u00e3o de obra. Em segundo lugar, voc\u00ea pode escolher v\u00e1rios trituradores de disco SL-600 para alcan\u00e7ar o mesmo efeito. Em terceiro lugar, voc\u00ea pode escolher uma <strong><a href=\"https:\/\/charcoalplant.com\/pt\/wood-wastes-recycling-machine\/drum-chipper\/\">triturador de tambor<\/a><\/strong>. \u00c9 equipamento industrial de tritura\u00e7\u00e3o de madeira, portanto, a produ\u00e7\u00e3o \u00e9 muito alta.<\/p>    <figure class=\"wp-block-gallery has-nested-images columns-default is-cropped wp-block-gallery-8 is-layout-flex wp-block-gallery-is-layout-flex\"> <figure class=\"wp-block-image size-large\"><img loading=\"lazy\" decoding=\"async\" width=\"720\" height=\"540\" data-id=\"1812\" src=\"https:\/\/charcoalplant.com\/wp-content\/uploads\/2022\/01\/diesel-wood-chipper-shredder-plant-.jpg\" alt=\"planta trituradora de picador de madeira a diesel\" class=\"wp-image-1812\" srcset=\"https:\/\/charcoalplant.com\/wp-content\/uploads\/2022\/01\/diesel-wood-chipper-shredder-plant-.jpg 720w, https:\/\/charcoalplant.com\/wp-content\/uploads\/2022\/01\/diesel-wood-chipper-shredder-plant--300x225.jpg 300w\" sizes=\"auto, (max-width: 720px) 100vw, 720px\" \/><figcaption class=\"wp-element-caption\">planta trituradora de picador de madeira a diesel<\/figcaption><\/figure>    <figure class=\"wp-block-image size-large\"><img loading=\"lazy\" decoding=\"async\" width=\"720\" height=\"540\" data-id=\"1810\" src=\"https:\/\/charcoalplant.com\/wp-content\/uploads\/2022\/01\/electric-wood-chipper-.jpg\" alt=\"picador de madeira el\u00e9trico\" class=\"wp-image-1810\" srcset=\"https:\/\/charcoalplant.com\/wp-content\/uploads\/2022\/01\/electric-wood-chipper-.jpg 720w, https:\/\/charcoalplant.com\/wp-content\/uploads\/2022\/01\/electric-wood-chipper--300x225.jpg 300w\" sizes=\"auto, (max-width: 720px) 100vw, 720px\" \/><figcaption class=\"wp-element-caption\">picador de madeira el\u00e9trico<\/figcaption><\/figure> <\/figure>    <h3 class=\"wp-block-heading\" id=\"video-of-large-log-chipper\">V\u00eddeo do picador de toras grande<\/h3>    <figure class=\"wp-block-embed is-type-video is-provider-youtube wp-block-embed-youtube wp-embed-aspect-16-9 wp-has-aspect-ratio\"><div class=\"wp-block-embed__wrapper\"> <iframe loading=\"lazy\" title=\"Triturador de madeira de disco el\u00e9trico | Lascas de bambu em Mianmar#dieselwoodchippingequipment#coconutchip\" width=\"500\" height=\"281\" src=\"https:\/\/www.youtube.com\/embed\/UZxMlI7kX_4?feature=oembed\" frameborder=\"0\" allow=\"accelerometer; autoplay; clipboard-write; encrypted-media; gyroscope; picture-in-picture; web-share\" referrerpolicy=\"strict-origin-when-cross-origin\" allowfullscreen><\/iframe> <\/div><\/figure>    <h2 class=\"wp-block-heading\" id=\"h-application-of-branch-chips\">Aplica\u00e7\u00e3o de chips de filial<\/h2>    <ol class=\"wp-block-list\"> <li>Lascas de madeira podem ser vendidas diretamente ou enviadas para uma f\u00e1brica de papel para reprocessamento. Para melhorar a qualidade dos cavacos de madeira, voc\u00ea precisa escolher madeira normal ou <strong><a href=\"https:\/\/charcoalplant.com\/pt\/wood-wastes-recycling-machine\/wood-peeling-machine\/\">madeira descascada<\/a><\/strong> para reduzir o aparecimento de impurezas.<\/li>    <li>Voc\u00ea pode usar os galhos cortados como combust\u00edvel de bioenergia. N\u00e3o h\u00e1 exig\u00eancia de madeira ou \u00e1rvores, desde que possam ser queimadas, podem ser encaminhadas para a usina de bioenergia.<\/li>    <li>Lascas de madeira tamb\u00e9m podem ser carbonizadas em carv\u00e3o em processo cont\u00ednuo <strong><a href=\"https:\/\/charcoalplant.com\/pt\/carbonization-furnace\/rotary-carbonization-furnace\/\">forno de carboniza\u00e7\u00e3o<\/a><\/strong>.<\/li> <\/ol>    <h2 class=\"wp-block-heading\" id=\"h-shuliy-wood-chipper-machine-advantages\">Vantagens da m\u00e1quina picadora de madeira Shuliy<\/h2>    <p class=\"translation-block\">Estamos envolvidos na fabrica\u00e7\u00e3o de equipamentos de reciclagem de madeira h\u00e1 muitos anos e temos <strong><a href=\"https:\/\/charcoalplant.com\/pt\/news\/transaction-case-of-a-wood-chipper-for-indonesian-customer\/\">rica experi\u00eancia<\/a><\/strong>. Como seu forte fornecedor, nosso triturador de galhos a diesel possui as seguintes vantagens:<\/p>    <ol class=\"wp-block-list\" type=\"1\"> <li>Estrutura compacta, apar\u00eancia requintada, acess\u00f3rios sofisticados e dur\u00e1veis.<\/li>    <li>Fornecer solu\u00e7\u00f5es e servi\u00e7os customizados.<\/li>    <li>Opera\u00e7\u00e3o segura e conveniente.<\/li>    <li>Ampla gama de aplica\u00e7\u00f5es e pre\u00e7o competitivo.<\/li>    <li>Baixo consumo, alto rendimento.<\/li> <\/ol>    <figure class=\"wp-block-gallery has-nested-images columns-default is-cropped wp-block-gallery-9 is-layout-flex wp-block-gallery-is-layout-flex\"> <figure class=\"wp-block-image size-large\"><img loading=\"lazy\" decoding=\"async\" width=\"720\" height=\"540\" data-id=\"2043\" src=\"https:\/\/charcoalplant.com\/wp-content\/uploads\/2022\/01\/eletric-wood-chipper-for-sale.jpg\" alt=\"Vendo picador de madeira el\u00e9trico\" class=\"wp-image-2043\"\/><figcaption class=\"wp-element-caption\">Vendo picador de madeira el\u00e9trico<\/figcaption><\/figure>    <figure class=\"wp-block-image size-large\"><img loading=\"lazy\" decoding=\"async\" width=\"720\" height=\"540\" data-id=\"697\" src=\"https:\/\/charcoalplant.com\/wp-content\/uploads\/2021\/11\/shipment-of-wood-chips-cutting-machine-1-1.jpg\" alt=\"remessa de m\u00e1quina de corte de aparas de madeira\" class=\"wp-image-697\" srcset=\"https:\/\/charcoalplant.com\/wp-content\/uploads\/2021\/11\/shipment-of-wood-chips-cutting-machine-1-1.jpg 720w, https:\/\/charcoalplant.com\/wp-content\/uploads\/2021\/11\/shipment-of-wood-chips-cutting-machine-1-1-300x225.jpg 300w\" sizes=\"auto, (max-width: 720px) 100vw, 720px\" \/><figcaption class=\"wp-element-caption\">remessa de m\u00e1quina de corte de aparas de madeira<\/figcaption><\/figure> <\/figure>    <h2 class=\"wp-block-heading\">Conclus\u00e3o <\/h2>    <p class=\"translation-block\">Trituradores de madeira s\u00e3o uma forma eficaz de eliminar ramos de \u00e1rvores, galhos e outros res\u00edduos de madeira. Tamb\u00e9m podem ser usados para processar res\u00edduos de madeira de serrarias e outras opera\u00e7\u00f5es de marcenaria. Trituradores de madeira s\u00e3o, em geral, seguros de usar, mas \u00e9 importante seguir as instru\u00e7\u00f5es do fabricante e tomar precau\u00e7\u00f5es de seguran\u00e7a adequadas, como usar prote\u00e7\u00e3o auricular e ocular. <a href=\"https:\/\/charcoalplant.com\/pt\/\">Shuliy Machinery<\/a> \u00e9 uma f\u00e1brica abrangente de m\u00e1quinas de reciclagem de madeira; se estiver interessado numa m\u00e1quina de triturador de madeira, contacte o nosso especialista para iniciar o seu projeto o mais brevemente poss\u00edvel. <\/p>","protected":false},"excerpt":{"rendered":"<p> O picador de toras pode lascar bambu, ra\u00edzes, etc. Shuliy fornece servi\u00e7os personalizados aos clientes. Por favor, ligue-nos para obter pre\u00e7os, par\u00e2metros.<\/p>","protected":false},"author":1,"featured_media":924,"parent":0,"template":"","tags":[64],"product-type":[3],"class_list":["post-580","product","type-product","status-publish","has-post-thumbnail","hentry","tag-wood-wastes-recycling-machine","product-type-wood-wastes-recycling-machine"],"_links":{"self":[{"href":"https:\/\/charcoalplant.com\/pt\/wp-json\/wp\/v2\/product\/580","targetHints":{"allow":["GET"]}}],"collection":[{"href":"https:\/\/charcoalplant.com\/pt\/wp-json\/wp\/v2\/product"}],"about":[{"href":"https:\/\/charcoalplant.com\/pt\/wp-json\/wp\/v2\/types\/product"}],"author":[{"embeddable":true,"href":"https:\/\/charcoalplant.com\/pt\/wp-json\/wp\/v2\/users\/1"}],"wp:featuredmedia":[{"embeddable":true,"href":"https:\/\/charcoalplant.com\/pt\/wp-json\/wp\/v2\/media\/924"}],"wp:attachment":[{"href":"https:\/\/charcoalplant.com\/pt\/wp-json\/wp\/v2\/media?parent=580"}],"wp:term":[{"taxonomy":"post_tag","embeddable":true,"href":"https:\/\/charcoalplant.com\/pt\/wp-json\/wp\/v2\/tags?post=580"},{"taxonomy":"product-type","embeddable":true,"href":"https:\/\/charcoalplant.com\/pt\/wp-json\/wp\/v2\/product-type?post=580"}],"curies":[{"name":"wp","href":"https:\/\/api.w.org\/{rel}","templated":true}]}}