{"id":584,"date":"2021-11-24T02:49:55","date_gmt":"2021-11-24T02:49:55","guid":{"rendered":"https:\/\/charcoalplant.com\/?p=584"},"modified":"2023-03-01T17:13:34","modified_gmt":"2023-03-01T09:13:34","slug":"wood-shaving-machine","status":"publish","type":"product","link":"https:\/\/charcoalplant.com\/pt\/product\/wood-shaving-machine\/","title":{"rendered":"M\u00e1quina de barbear madeira | Aparas de toras para cama de animais"},"content":{"rendered":"<div class=\"kk-star-ratings kksr-auto kksr-align-left kksr-valign-top\"     data-payload='{&quot;align&quot;:&quot;left&quot;,&quot;id&quot;:&quot;584&quot;,&quot;slug&quot;:&quot;default&quot;,&quot;valign&quot;:&quot;top&quot;,&quot;ignore&quot;:&quot;&quot;,&quot;reference&quot;:&quot;auto&quot;,&quot;class&quot;:&quot;&quot;,&quot;count&quot;:&quot;14&quot;,&quot;legendonly&quot;:&quot;&quot;,&quot;readonly&quot;:&quot;&quot;,&quot;score&quot;:&quot;4.8&quot;,&quot;starsonly&quot;:&quot;&quot;,&quot;best&quot;:&quot;5&quot;,&quot;gap&quot;:&quot;5&quot;,&quot;greet&quot;:&quot;Rate this product&quot;,&quot;legend&quot;:&quot;4.8\\\/5 - (14 votes)&quot;,&quot;size&quot;:&quot;24&quot;,&quot;title&quot;:&quot;Wood Shaving Machine | Log Shavings For Animal Bedding&quot;,&quot;width&quot;:&quot;136.7&quot;,&quot;_legend&quot;:&quot;{score}\\\/{best} - ({count} {votes})&quot;,&quot;font_factor&quot;:&quot;1.25&quot;}'>              <div class=\"kksr-stars\">      <div class=\"kksr-stars-inactive\">             <div class=\"kksr-star\" data-star=\"1\" style=\"padding-right: 5px\">               <div class=\"kksr-icon\" style=\"width: 24px; height: 24px;\"><\/div>         <\/div>             <div class=\"kksr-star\" data-star=\"2\" style=\"padding-right: 5px\">               <div class=\"kksr-icon\" style=\"width: 24px; height: 24px;\"><\/div>         <\/div>             <div class=\"kksr-star\" data-star=\"3\" style=\"padding-right: 5px\">               <div class=\"kksr-icon\" style=\"width: 24px; height: 24px;\"><\/div>         <\/div>             <div class=\"kksr-star\" data-star=\"4\" style=\"padding-right: 5px\">               <div class=\"kksr-icon\" style=\"width: 24px; height: 24px;\"><\/div>         <\/div>             <div class=\"kksr-star\" data-star=\"5\" style=\"padding-right: 5px\">               <div class=\"kksr-icon\" style=\"width: 24px; height: 24px;\"><\/div>         <\/div>     <\/div>      <div class=\"kksr-stars-active\" style=\"width: 136.7px;\">             <div class=\"kksr-star\" style=\"padding-right: 5px\">               <div class=\"kksr-icon\" style=\"width: 24px; height: 24px;\"><\/div>         <\/div>             <div class=\"kksr-star\" style=\"padding-right: 5px\">               <div class=\"kksr-icon\" style=\"width: 24px; height: 24px;\"><\/div>         <\/div>             <div class=\"kksr-star\" style=\"padding-right: 5px\">               <div class=\"kksr-icon\" style=\"width: 24px; height: 24px;\"><\/div>         <\/div>             <div class=\"kksr-star\" style=\"padding-right: 5px\">               <div class=\"kksr-icon\" style=\"width: 24px; height: 24px;\"><\/div>         <\/div>             <div class=\"kksr-star\" style=\"padding-right: 5px\">               <div class=\"kksr-icon\" style=\"width: 24px; height: 24px;\"><\/div>         <\/div>     <\/div> <\/div>                   <div class=\"kksr-legend\" style=\"font-size: 19.2px;\">             4,8\/5 - (14 votos)    <\/div>     <\/div>  <p class=\"translation-block\"><strong>M\u00e1quina de aparar serradura<\/strong> \u00e9 uma m\u00e1quina utilizada para aparar a madeira em finas lascas. Utiliza troncos, t\u00e1buas de madeira s\u00f3lida e ramos como mat\u00e9rias-primas. As lascas n\u00e3o servem apenas para <strong><a href=\"https:\/\/charcoalplant.com\/pt\/wood-wastes-recycling-machine\/wood-crusher-machine\/\">fabrico de papel, meio de cultura vegetal<\/a><\/strong> mas tamb\u00e9m como material de cama para animais. Como enchimento de embalagem, e o estrume de cavalos, coelhos, dgo, galinha, ninhos de animais. A m\u00e1quina de aparar serradura Shuliy \u00e9 de alta qualidade, com muitos recursos e acess\u00edvel. Por isso \u00e9 o seu projeto de investimento ideal. E esperamos sinceramente iniciar uma coopera\u00e7\u00e3o de longo prazo consigo.<\/p>    <h2 class=\"wp-block-heading\" id=\"h-raw-materials-for-wood-shaving-machine\"><strong>Mat\u00e9rias-primas para m\u00e1quina de barbear madeira<\/strong><\/h2>    <p>Muitos clientes sabem que a m\u00e1quina de aparar madeira pode fazer aparas de toras e galhos. Na verdade, as placas de madeira maci\u00e7a tamb\u00e9m podem ser utilizadas diretamente como mat\u00e9ria-prima para aparas. Fazer aparas de toras com madeira descascada resulta em aparas mais limpas e mais caras.<\/p>    <figure class=\"wp-block-gallery has-nested-images columns-2 is-cropped wp-block-gallery-2 is-layout-flex wp-block-gallery-is-layout-flex\"> <figure class=\"wp-block-image size-large\"><img loading=\"lazy\" decoding=\"async\" width=\"720\" height=\"540\" data-id=\"2130\" src=\"https:\/\/charcoalplant.com\/wp-content\/uploads\/2021\/11\/wood-board.jpg\" alt=\"Tabua de madeira\" class=\"wp-image-2130\"\/><figcaption class=\"wp-element-caption\">Tabua de madeira<\/figcaption><\/figure>    <figure class=\"wp-block-image size-large\"><img loading=\"lazy\" decoding=\"async\" width=\"720\" height=\"540\" data-id=\"2131\" src=\"https:\/\/charcoalplant.com\/wp-content\/uploads\/2022\/01\/peeled-log.jpg\" alt=\"tronco descascado\" class=\"wp-image-2131\"\/><figcaption class=\"wp-element-caption\">tronco descascado<\/figcaption><\/figure> <\/figure>    <h2 class=\"wp-block-heading\" id=\"h-features-of-log-shaver\"><strong>Caracter\u00edsticas da m\u00e1quina de barbear para madeira<\/strong><\/h2>    <p>Ferramentas de barbear sempre existiram. Embora as ferramentas de barbear tradicionais e os fabricantes de barbear sejam ferramentas para fazer aparas de toras. Mas ainda s\u00e3o muito diferentes em termos de efici\u00eancia, seguran\u00e7a e qualidade de barbear. Agora, a m\u00e1quina de corte de toras aprimorada tem as seguintes caracter\u00edsticas:<\/p>    <p class=\"translation-block\"><strong>1. Opera\u00e7\u00e3o simples<\/strong><\/p>    <p>Comparada com m\u00e1quinas de barbear tradicionais e n\u00e3o melhoradas, esta m\u00e1quina \u00e9 mais simples de operar. Portanto, n\u00e3o exige que o operador tenha nenhuma habilidade no processo de utiliza\u00e7\u00e3o da m\u00e1quina de barbear.<\/p>    <figure class=\"wp-block-gallery has-nested-images columns-default is-cropped wp-block-gallery-3 is-layout-flex wp-block-gallery-is-layout-flex\"> <figure class=\"wp-block-image size-large\"><img loading=\"lazy\" decoding=\"async\" width=\"720\" height=\"540\" data-id=\"2136\" src=\"https:\/\/charcoalplant.com\/wp-content\/uploads\/2022\/01\/traditional-wood-shaver-1.jpg\" alt=\"barbeador de madeira tradicional\" class=\"wp-image-2136\"\/><figcaption class=\"wp-element-caption\">barbeador de madeira tradicional<\/figcaption><\/figure>    <figure class=\"wp-block-image size-large\"><img loading=\"lazy\" decoding=\"async\" width=\"720\" height=\"540\" data-id=\"2134\" src=\"https:\/\/charcoalplant.com\/wp-content\/uploads\/2022\/01\/electric-wood-shaving-machine-manufacturer.jpg\" alt=\"fabricante de m\u00e1quina el\u00e9trica de barbear madeira\" class=\"wp-image-2134\"\/><figcaption class=\"wp-element-caption\">fabricante de m\u00e1quina el\u00e9trica de barbear madeira<\/figcaption><\/figure> <\/figure>    <p class=\"translation-block\"><strong>2. Alta efici\u00eancia<\/strong><\/p>    <p class=\"translation-block\">Na verdade, funcionam da mesma forma. Ambas controlam a espessura das aparas ajustando a dist\u00e2ncia entre a <strong><a href=\"https:\/\/charcoalplant.com\/pt\/news\/common-faults-of-wood-shaving-machines\/\">l\u00e2mina e a chapa de batida<\/a><\/strong>. No entanto, o n\u00famero de facas do picador de madeira pode ser aumentado. Portanto, uma grande quantidade de aparas de madeira pode ser obtida rapidamente com uma m\u00e1quina de aparas de madeira.<\/p>    <p class=\"translation-block\"><strong>3. Segura<\/strong><\/p>    <p>O corpo do fabricante de flocos possui uma tampa met\u00e1lica que cobre as pe\u00e7as cortantes. Portanto, a serragem n\u00e3o respingar\u00e1. Al\u00e9m disso, os clientes ficam muito seguros durante toda a opera\u00e7\u00e3o.<\/p>    <figure class=\"wp-block-gallery has-nested-images columns-default is-cropped wp-block-gallery-4 is-layout-flex wp-block-gallery-is-layout-flex\"> <figure class=\"wp-block-image size-large\"><img loading=\"lazy\" decoding=\"async\" width=\"720\" height=\"540\" data-id=\"2137\" src=\"https:\/\/charcoalplant.com\/wp-content\/uploads\/2022\/01\/blade-2.jpg\" alt=\"l\u00e2mina-\" class=\"wp-image-2137\"\/><figcaption class=\"wp-element-caption\">l\u00e2mina<\/figcaption><\/figure>    <figure class=\"wp-block-image size-large\"><img loading=\"lazy\" decoding=\"async\" width=\"720\" height=\"540\" data-id=\"2138\" src=\"https:\/\/charcoalplant.com\/wp-content\/uploads\/2022\/01\/shavings-machine-show.jpg\" alt=\"show de m\u00e1quina de barbear\" class=\"wp-image-2138\"\/><figcaption class=\"wp-element-caption\">show de m\u00e1quina de barbear<\/figcaption><\/figure> <\/figure>    <p class=\"translation-block\"><strong>4. Diversidade de aparas<\/strong><\/p>    <p>Em primeiro lugar, a espessura das aparas pode ser obtida ajustando o \u00e2ngulo da l\u00e2mina. Em segundo lugar, o tamanho do barbear pode ser conseguido atrav\u00e9s da instala\u00e7\u00e3o de martelos. Assim, uma variedade de aparas adequadas \u00e0s necessidades de v\u00e1rios campos pode ser produzida.<\/p>    <figure class=\"wp-block-gallery has-nested-images columns-default is-cropped wp-block-gallery-5 is-layout-flex wp-block-gallery-is-layout-flex\"> <figure class=\"wp-block-image size-large\"><img loading=\"lazy\" decoding=\"async\" width=\"1024\" height=\"768\" data-id=\"2132\" src=\"https:\/\/charcoalplant.com\/wp-content\/uploads\/2022\/01\/wood-shavings.jpg\" alt=\"aparas de madeira\" class=\"wp-image-2132\"\/><figcaption class=\"wp-element-caption\">aparas de madeira<\/figcaption><\/figure>    <figure class=\"wp-block-image size-large\"><img loading=\"lazy\" decoding=\"async\" width=\"750\" height=\"666\" data-id=\"2139\" src=\"https:\/\/charcoalplant.com\/wp-content\/uploads\/2022\/01\/wood-shaving-machine-with-hammer.jpg\" alt=\"m\u00e1quina de barbear madeira com martelo\" class=\"wp-image-2139\"\/><figcaption class=\"wp-element-caption\">m\u00e1quina de barbear madeira com martelo<\/figcaption><\/figure> <\/figure>    <h2 class=\"wp-block-heading\" id=\"h-wood-shaving-machine-for-sale\"><strong>Pequeno<\/strong> <strong>m\u00e1quina de barbear\u00a0para madeira\u00a0\u00e0 venda<\/strong><\/h2>    <p>Como um fabricante bem conhecido na China, a Shuliy Machinery recebe pedidos de clientes nas Filipinas, Mal\u00e1sia, Indon\u00e9sia, Canad\u00e1, Austr\u00e1lia, Congo, Nig\u00e9ria, Sud\u00e3o, Ar\u00e1bia Saudita, Estados Unidos, \u00cdndia, R\u00fassia, Mong\u00f3lia, Cazaquist\u00e3o e outros pa\u00edses. A m\u00e1quina de barbear madeira que comercializamos possui equipamentos el\u00e9tricos e diesel para atender \u00e0s diversas condi\u00e7\u00f5es de produ\u00e7\u00e3o dos clientes. Al\u00e9m disso, tamb\u00e9m fornecemos dispositivos m\u00f3veis adequados para agricultura e silvicultura e transportadores para alimenta\u00e7\u00e3o e descarga.<\/p>    <figure class=\"wp-block-gallery has-nested-images columns-default is-cropped wp-block-gallery-6 is-layout-flex wp-block-gallery-is-layout-flex\"> <figure class=\"wp-block-image size-large\"><img loading=\"lazy\" decoding=\"async\" width=\"720\" height=\"540\" data-id=\"2140\" src=\"https:\/\/charcoalplant.com\/wp-content\/uploads\/2022\/01\/shippment.jpg\" alt=\"envio\" class=\"wp-image-2140\"\/><figcaption class=\"wp-element-caption\">envio<\/figcaption><\/figure> <\/figure>    <p>Prestamos servi\u00e7os de personaliza\u00e7\u00e3o de equipamentos. E assim voc\u00ea pode nos deixar uma mensagem ou ligar para saber mais sobre a m\u00e1quina de barbear madeira e os acess\u00f3rios que voc\u00ea precisa.<\/p>    <h2 class=\"wp-block-heading\" id=\"h-log-sawdust-for-animal-bedding-specification\"><strong>Melhor especifica\u00e7\u00e3o de m\u00e1quina de barbear de madeira comercial<\/strong><\/h2>    <p>Os picadores de madeira SL-WS420, SL-WS600 e SL-WS800 s\u00e3o nossos tr\u00eas modelos mais populares. E para atender \u00e0s necessidades de equipamentos de grande escala, forneceremos aos clientes correias transportadoras e gabinetes de controle. Se voc\u00ea precisar de informa\u00e7\u00f5es sobre equipamentos de grande escala, entre em contato conosco agora. Voc\u00ea receber\u00e1 fotos, pre\u00e7os e v\u00eddeos de produtos.<\/p>    <figure class=\"wp-block-table is-style-stripes\"><table><tbody><tr><td>MODELO<\/td><td>CAPACIDADE<\/td><td>TAMANHO DE ENTRADA<\/td><td>PODER<\/td><\/tr><tr><td>SL-WS420<\/td><td>300kg\/hora<\/td><td>6cm<\/td><td>7,5 kW<\/td><\/tr><tr><td>SL-WS600<\/td><td>500kg\/hora<\/td><td>12cm<\/td><td>15 kW<\/td><\/tr><tr><td>SL-WS800<\/td><td>1000kg\/hora<\/td><td>16cm<\/td><td>30 kW<\/td><\/tr><tr><td>SL-WS1000<\/td><td>1500kg\/hora<\/td><td>20cm<\/td><td>55 kW<\/td><\/tr><tr><td>SL-WS1200<\/td><td>2.000 kg\/h<\/td><td>24cm<\/td><td>55 kW<\/td><\/tr><tr><td>SL-WS1500<\/td><td>2500kg\/hora<\/td><td>32cm<\/td><td>75 kW<\/td><\/tr><\/tbody><\/table><\/figure>    <h2 class=\"wp-block-heading\" id=\"video-of-wood-shavings-making-machine\"><strong>V\u00eddeo de m\u00e1quina para fazer aparas de madeira<\/strong><\/h2>    <p>O processo de confec\u00e7\u00e3o das aparas \u00e9 muito descompressivo. Porque n\u00e3o produz muita poeira. A seguir est\u00e1 o v\u00eddeo relevante filmado por nossa f\u00e1brica, bem-vindo ao assisti-lo.<\/p>    <figure class=\"wp-block-embed is-type-video is-provider-youtube wp-block-embed-youtube wp-embed-aspect-16-9 wp-has-aspect-ratio\"><div class=\"wp-block-embed__wrapper\"> <iframe loading=\"lazy\" title=\"M\u00e1quina de fazer barbear de madeira | Aparas para cama de animais#aparas de madeira 1TP5Raspas de cavalo\" width=\"500\" height=\"281\" src=\"https:\/\/www.youtube.com\/embed\/kjd66dyTixY?feature=oembed\" frameborder=\"0\" allow=\"accelerometer; autoplay; clipboard-write; encrypted-media; gyroscope; picture-in-picture; web-share\" referrerpolicy=\"strict-origin-when-cross-origin\" allowfullscreen><\/iframe> <\/div><\/figure>    <h2 class=\"wp-block-heading\" id=\"h-how-much-is-an-animal-bedding-shaving-machine\"><strong>Quanto custa uma m\u00e1quina de barbear para madeira?<\/strong><\/h2>    <p>Diferentes fabricantes de m\u00e1quinas para aparar madeira oferecer\u00e3o pre\u00e7os diferentes. Podemos garantir o fornecimento de pre\u00e7os competitivos, garantindo ao mesmo tempo qualidade de produto de alta qualidade e bom servi\u00e7o. Os pre\u00e7os dos produtos tamb\u00e9m s\u00e3o afetados por condi\u00e7\u00f5es como m\u00e9todos de transporte, especifica\u00e7\u00f5es da m\u00e1quina e pe\u00e7as de reposi\u00e7\u00e3o. Se voc\u00ea quiser saber o pre\u00e7o espec\u00edfico, entre em contato conosco\u00a0imediatamente e voc\u00ea receber\u00e1 a lista de pre\u00e7os mais recente de m\u00e1quinas de barbear\u00a0de madeira.<\/p>    <figure class=\"wp-block-gallery has-nested-images columns-default is-cropped wp-block-gallery-7 is-layout-flex wp-block-gallery-is-layout-flex\"> <figure class=\"wp-block-image size-large\"><img loading=\"lazy\" decoding=\"async\" width=\"720\" height=\"540\" data-id=\"2141\" src=\"https:\/\/charcoalplant.com\/wp-content\/uploads\/2022\/01\/large-sawdust-machine-show.jpg\" alt=\"grande-m\u00e1quina-de-serragem-show\" class=\"wp-image-2141\"\/><figcaption class=\"wp-element-caption\">grande-m\u00e1quina-de-serragem-show<\/figcaption><\/figure>    <figure class=\"wp-block-image size-large\"><img loading=\"lazy\" decoding=\"async\" width=\"720\" height=\"540\" data-id=\"2142\" src=\"https:\/\/charcoalplant.com\/wp-content\/uploads\/2022\/01\/wood-shaver-chipper-for-sale.jpg\" alt=\"picador de madeira para venda\" class=\"wp-image-2142\"\/><figcaption class=\"wp-element-caption\">picador de madeira para venda<\/figcaption><\/figure> <\/figure>    <h2 class=\"wp-block-heading\" id=\"h-what-is-a-good-use-for-wood-shavings\"><strong>Qual \u00e9 um bom uso para aparas de madeira?<\/strong><strong><\/strong><\/h2>    <p>As caracter\u00edsticas originais das aparas de madeira tornam-nas muito \u00fateis e muito pr\u00e1ticas. Vamos dar uma olhada em suas aplica\u00e7\u00f5es espec\u00edficas.<\/p>    <p class=\"translation-block\"><strong>1. Enchimento para embalagens<\/strong><strong><\/strong><\/p>    <p>As aparas de madeira s\u00e3o macias e ecol\u00f3gicas, o que \u00e9 muito adequado para embalar e envasar produtos fr\u00e1geis. Tamb\u00e9m existem no mercado materiais de enchimento como pl\u00e1stico e espuma, mas na verdade as aparas de madeira s\u00e3o as mais populares. N\u00e3o \u00e9 apenas econ\u00f3mico e amigo do ambiente, mas tamb\u00e9m remove a humidade e mant\u00e9m-no fresco. \u00c9 muito sofisticado.<\/p>    <figure class=\"wp-block-gallery has-nested-images columns-default is-cropped wp-block-gallery-8 is-layout-flex wp-block-gallery-is-layout-flex\"> <figure class=\"wp-block-image size-large\"><img loading=\"lazy\" decoding=\"async\" width=\"720\" height=\"540\" data-id=\"748\" src=\"https:\/\/charcoalplant.com\/wp-content\/uploads\/2021\/11\/Stuffing-and-packaging-1.jpg\" alt=\"Recheio e embalagem\" class=\"wp-image-748\" srcset=\"https:\/\/charcoalplant.com\/wp-content\/uploads\/2021\/11\/Stuffing-and-packaging-1.jpg 720w, https:\/\/charcoalplant.com\/wp-content\/uploads\/2021\/11\/Stuffing-and-packaging-1-300x225.jpg 300w\" sizes=\"auto, (max-width: 720px) 100vw, 720px\" \/><figcaption class=\"wp-element-caption\">Recheio e embalagem<\/figcaption><\/figure>    <figure class=\"wp-block-image size-large\"><img loading=\"lazy\" decoding=\"async\" width=\"720\" height=\"540\" data-id=\"2145\" src=\"https:\/\/charcoalplant.com\/wp-content\/uploads\/2022\/01\/flake-1.jpg\" alt=\"Floco\" class=\"wp-image-2145\"\/><figcaption class=\"wp-element-caption\">Floco<\/figcaption><\/figure> <\/figure>    <p class=\"translation-block\"><strong>2. Cama para animais<\/strong><strong><\/strong><\/p>    <p>O ninho de hamster pequeno mais comum tem muitas lascas de madeira. Na verdade, \u00e9 muito \u00fatil. Em primeiro lugar, mantenha-se aquecido. Todos sabemos que os hamsters t\u00eam medo do frio, por isso colocar algumas aparas no ninho pode mant\u00ea-los aquecidos. Em segundo lugar, desumidifica\u00e7\u00e3o e desodoriza\u00e7\u00e3o. O hamster defeca em todos os lugares e n\u00e3o \u00e9 f\u00e1cil de limpar. Neste momento, basta limpar os contaminados e preencher alguns novos. Em terceiro lugar, seguran\u00e7a e sa\u00fade. A serragem \u00e9 originalmente feita de \u00e1rvores. Os animais anseiam pela natureza, e este di\u00e1rio tamb\u00e9m reflete isso.<\/p>    <figure class=\"wp-block-gallery has-nested-images columns-default is-cropped wp-block-gallery-9 is-layout-flex wp-block-gallery-is-layout-flex\"> <figure class=\"wp-block-image size-large\"><img loading=\"lazy\" decoding=\"async\" width=\"720\" height=\"540\" data-id=\"739\" src=\"https:\/\/charcoalplant.com\/wp-content\/uploads\/2021\/11\/shaver-for-hamsters-bedding-1.jpg\" alt=\"roupa de cama para hamsters\" class=\"wp-image-739\" srcset=\"https:\/\/charcoalplant.com\/wp-content\/uploads\/2021\/11\/shaver-for-hamsters-bedding-1.jpg 720w, https:\/\/charcoalplant.com\/wp-content\/uploads\/2021\/11\/shaver-for-hamsters-bedding-1-300x225.jpg 300w\" sizes=\"auto, (max-width: 720px) 100vw, 720px\" \/><figcaption class=\"wp-element-caption\">roupa de cama para hamsters<\/figcaption><\/figure>    <figure class=\"wp-block-image size-large\"><img loading=\"lazy\" decoding=\"async\" width=\"720\" height=\"540\" data-id=\"740\" src=\"https:\/\/charcoalplant.com\/wp-content\/uploads\/2021\/11\/shaver-for-chicken-bedding-1.jpg\" alt=\"m\u00e1quina de barbear para cama de frango\" class=\"wp-image-740\" srcset=\"https:\/\/charcoalplant.com\/wp-content\/uploads\/2021\/11\/shaver-for-chicken-bedding-1.jpg 720w, https:\/\/charcoalplant.com\/wp-content\/uploads\/2021\/11\/shaver-for-chicken-bedding-1-300x225.jpg 300w\" sizes=\"auto, (max-width: 720px) 100vw, 720px\" \/><figcaption class=\"wp-element-caption\">m\u00e1quina de barbear para cama de frango<\/figcaption><\/figure> <\/figure>    <p class=\"translation-block\"><strong>3. Meio de cultura para plantas<\/strong><strong><\/strong><\/p>    <p>Encontraremos lascas de madeira nos potes pequenos. Desempenha um papel na reten\u00e7\u00e3o de \u00e1gua e na melhoria da suavidade do solo.<\/p>    <figure class=\"wp-block-gallery has-nested-images columns-default is-cropped wp-block-gallery-10 is-layout-flex wp-block-gallery-is-layout-flex\"> <figure class=\"wp-block-image size-large\"><img loading=\"lazy\" decoding=\"async\" width=\"756\" height=\"228\" data-id=\"2143\" src=\"https:\/\/charcoalplant.com\/wp-content\/uploads\/2022\/01\/medium.jpg\" alt=\"m\u00e9dio\" class=\"wp-image-2143\"\/><figcaption class=\"wp-element-caption\">m\u00e9dio<\/figcaption><\/figure> <\/figure>    <h2 class=\"wp-block-heading\">Benef\u00edcios de usar uma m\u00e1quina de barbear madeira<\/h2>    <ul class=\"wp-block-list\"> <li><strong>Maior velocidade e efici\u00eancia:<\/strong> As m\u00e1quinas de aparas de madeira podem produzir um grande volume de aparas em um curto espa\u00e7o de tempo, o que as torna eficientes para quem precisa processar muita madeira regularmente.<\/li>    <li><strong>Maior precis\u00e3o:<\/strong> As m\u00e1quinas de barbear para madeira s\u00e3o mais precisas do que as m\u00e1quinas de barbear manuais, o que as torna boas para cortes ou formatos precisos.<\/li>    <li><strong>Mais f\u00e1cil de usar:<\/strong> As m\u00e1quinas de barbear para madeira s\u00e3o geralmente mais f\u00e1ceis de usar do que as m\u00e1quinas de barbear manuais, o que as torna uma boa escolha para quem \u00e9 novo no trabalho com madeira ou com pouca experi\u00eancia com ferramentas manuais.<\/li> <\/ul>","protected":false},"excerpt":{"rendered":"<p>A m\u00e1quina de barbear para madeira \u00e9 uma ferramenta importante para fazer aparas de cama de animais, materiais de enchimento para produtos fr\u00e1geis e meios de cultura de plantas.<\/p>","protected":false},"author":1,"featured_media":2133,"parent":0,"template":"","tags":[64],"product-type":[3],"class_list":["post-584","product","type-product","status-publish","has-post-thumbnail","hentry","tag-wood-wastes-recycling-machine","product-type-wood-wastes-recycling-machine"],"_links":{"self":[{"href":"https:\/\/charcoalplant.com\/pt\/wp-json\/wp\/v2\/product\/584","targetHints":{"allow":["GET"]}}],"collection":[{"href":"https:\/\/charcoalplant.com\/pt\/wp-json\/wp\/v2\/product"}],"about":[{"href":"https:\/\/charcoalplant.com\/pt\/wp-json\/wp\/v2\/types\/product"}],"author":[{"embeddable":true,"href":"https:\/\/charcoalplant.com\/pt\/wp-json\/wp\/v2\/users\/1"}],"wp:featuredmedia":[{"embeddable":true,"href":"https:\/\/charcoalplant.com\/pt\/wp-json\/wp\/v2\/media\/2133"}],"wp:attachment":[{"href":"https:\/\/charcoalplant.com\/pt\/wp-json\/wp\/v2\/media?parent=584"}],"wp:term":[{"taxonomy":"post_tag","embeddable":true,"href":"https:\/\/charcoalplant.com\/pt\/wp-json\/wp\/v2\/tags?post=584"},{"taxonomy":"product-type","embeddable":true,"href":"https:\/\/charcoalplant.com\/pt\/wp-json\/wp\/v2\/product-type?post=584"}],"curies":[{"name":"wp","href":"https:\/\/api.w.org\/{rel}","templated":true}]}}