{"id":589,"date":"2021-11-24T02:51:39","date_gmt":"2021-11-24T02:51:39","guid":{"rendered":"https:\/\/charcoalplant.com\/?p=589"},"modified":"2022-06-10T02:17:47","modified_gmt":"2022-06-10T02:17:47","slug":"hammer-mill","status":"publish","type":"product","link":"https:\/\/charcoalplant.com\/pt\/product\/hammer-mill\/","title":{"rendered":"Moinho de martelo | Moedor de res\u00edduos de madeira"},"content":{"rendered":"<div class=\"kk-star-ratings kksr-auto kksr-align-left kksr-valign-top\"     data-payload='{&quot;align&quot;:&quot;left&quot;,&quot;id&quot;:&quot;589&quot;,&quot;slug&quot;:&quot;default&quot;,&quot;valign&quot;:&quot;top&quot;,&quot;ignore&quot;:&quot;&quot;,&quot;reference&quot;:&quot;auto&quot;,&quot;class&quot;:&quot;&quot;,&quot;count&quot;:&quot;21&quot;,&quot;legendonly&quot;:&quot;&quot;,&quot;readonly&quot;:&quot;&quot;,&quot;score&quot;:&quot;4.6&quot;,&quot;starsonly&quot;:&quot;&quot;,&quot;best&quot;:&quot;5&quot;,&quot;gap&quot;:&quot;5&quot;,&quot;greet&quot;:&quot;Rate this product&quot;,&quot;legend&quot;:&quot;4.6\\\/5 - (21 votes)&quot;,&quot;size&quot;:&quot;24&quot;,&quot;title&quot;:&quot;Hammer Mill | Wood Wastes Grinder&quot;,&quot;width&quot;:&quot;130.9&quot;,&quot;_legend&quot;:&quot;{score}\\\/{best} - ({count} {votes})&quot;,&quot;font_factor&quot;:&quot;1.25&quot;}'>              <div class=\"kksr-stars\">      <div class=\"kksr-stars-inactive\">             <div class=\"kksr-star\" data-star=\"1\" style=\"padding-right: 5px\">               <div class=\"kksr-icon\" style=\"width: 24px; height: 24px;\"><\/div>         <\/div>             <div class=\"kksr-star\" data-star=\"2\" style=\"padding-right: 5px\">               <div class=\"kksr-icon\" style=\"width: 24px; height: 24px;\"><\/div>         <\/div>             <div class=\"kksr-star\" data-star=\"3\" style=\"padding-right: 5px\">               <div class=\"kksr-icon\" style=\"width: 24px; height: 24px;\"><\/div>         <\/div>             <div class=\"kksr-star\" data-star=\"4\" style=\"padding-right: 5px\">               <div class=\"kksr-icon\" style=\"width: 24px; height: 24px;\"><\/div>         <\/div>             <div class=\"kksr-star\" data-star=\"5\" style=\"padding-right: 5px\">               <div class=\"kksr-icon\" style=\"width: 24px; height: 24px;\"><\/div>         <\/div>     <\/div>      <div class=\"kksr-stars-active\" style=\"width: 130.9px;\">             <div class=\"kksr-star\" style=\"padding-right: 5px\">               <div class=\"kksr-icon\" style=\"width: 24px; height: 24px;\"><\/div>         <\/div>             <div class=\"kksr-star\" style=\"padding-right: 5px\">               <div class=\"kksr-icon\" style=\"width: 24px; height: 24px;\"><\/div>         <\/div>             <div class=\"kksr-star\" style=\"padding-right: 5px\">               <div class=\"kksr-icon\" style=\"width: 24px; height: 24px;\"><\/div>         <\/div>             <div class=\"kksr-star\" style=\"padding-right: 5px\">               <div class=\"kksr-icon\" style=\"width: 24px; height: 24px;\"><\/div>         <\/div>             <div class=\"kksr-star\" style=\"padding-right: 5px\">               <div class=\"kksr-icon\" style=\"width: 24px; height: 24px;\"><\/div>         <\/div>     <\/div> <\/div>                   <div class=\"kksr-legend\" style=\"font-size: 19.2px;\">             4,6\/5 - (21 votos)    <\/div>     <\/div>  <p class=\"translation-block\"><strong>Hammer Mill<\/strong> \u00e9 uma vers\u00e3o melhorada do <strong><a href=\"https:\/\/charcoalplant.com\/pt\/wood-crusher-machine\/\">wood\u00a0shredder<\/a><\/strong>. Porque pode processar as mat\u00e9rias-primas de forma muito delicada. Mais importante, pode lidar com uma ampla variedade de mat\u00e9rias-primas. Como papel, cascas de coco, ramos, materiais medicinais, pl\u00e1sticos, etc. Assim, \u00e9 uma m\u00e1quina de elei\u00e7\u00e3o obrigat\u00f3ria em algumas linhas de produ\u00e7\u00e3o de reciclagem. Ao mesmo tempo, \u00e9 tamb\u00e9m um dos projetos mais lucrativos. O <strong><a href=\"https:\/\/charcoalplant.com\/pt\/info\/complete-set-of-animal-feed-making-machines-exported-to-saudi-arabia\/\">hammer milling machine<\/a><\/strong> tem as caracter\u00edsticas de alta qualidade, bom desempenho, alta efici\u00eancia e poupan\u00e7a de energia, e uma ampla gama de aplica\u00e7\u00f5es. Comece o seu neg\u00f3cio agora e ofereceremos um grande desconto.<\/p>    <h2 class=\"wp-block-heading\" id=\"h-raw-materials-for-hammer-mill\"><strong>Mat\u00e9rias-primas para moinho de martelo<\/strong><\/h2>    <p>Os moinhos de martelo comerciais s\u00e3o mais amplamente utilizados do que os trituradores de madeira comuns, com maior produ\u00e7\u00e3o e mais tipos de produtos acabados. As mat\u00e9rias-primas que pode manusear podem ser divididas nas seguintes categorias. <\/p>    <ul class=\"wp-block-list\"><li>Materiais de madeira: toras, aparas de madeira, t\u00e1buas de madeira, galhos, bambu, choupo, \u00e1rvores frut\u00edferas, etc. <\/li><li>Gr\u00e3os: milho, trigo, sorgo, trigo sarraceno, soja, etc. <\/li><li>Carv\u00e3o: carv\u00e3o bruto, carv\u00e3o de bambu, carv\u00e3o de frutas, carv\u00e3o de casca de coco, etc. <\/li><li>Fibras: palha de arroz, palha, palha de trigo, palha de algod\u00e3o e c\u00e2nhamo, etc. <\/li><li>Outros: caixas de papel\u00e3o, cascas de coco, fitoter\u00e1picos chineses, forragens, etc.  <\/li><\/ul>    <figure class=\"wp-block-gallery has-nested-images columns-4 is-cropped wp-block-gallery-2 is-layout-flex wp-block-gallery-is-layout-flex\"> <figure class=\"wp-block-image size-large\"><img loading=\"lazy\" decoding=\"async\" width=\"720\" height=\"540\" data-id=\"2063\" src=\"https:\/\/charcoalplant.com\/wp-content\/uploads\/2021\/11\/bamboo.jpg\" alt=\"bambu\" class=\"wp-image-2063\"\/><figcaption>bambu<\/figcaption><\/figure>    <figure class=\"wp-block-image size-large\"><img loading=\"lazy\" decoding=\"async\" width=\"720\" height=\"540\" data-id=\"2064\" src=\"https:\/\/charcoalplant.com\/wp-content\/uploads\/2021\/11\/Chinese-herbal-medicine.jpg\" alt=\"Fitoterapia chinesa\" class=\"wp-image-2064\"\/><figcaption>Fitoterapia chinesa<\/figcaption><\/figure>    <figure class=\"wp-block-image size-large\"><img loading=\"lazy\" decoding=\"async\" width=\"720\" height=\"540\" data-id=\"2066\" src=\"https:\/\/charcoalplant.com\/wp-content\/uploads\/2021\/11\/wastes-wood-chips.jpg\" alt=\"desperdi\u00e7a lascas de madeira\" class=\"wp-image-2066\"\/><figcaption>desperdi\u00e7a lascas de madeira<\/figcaption><\/figure>    <figure class=\"wp-block-image size-large\"><img loading=\"lazy\" decoding=\"async\" width=\"720\" height=\"540\" data-id=\"2087\" src=\"https:\/\/charcoalplant.com\/wp-content\/uploads\/2022\/01\/carton-box.jpg\" alt=\"caixa de papel\u00e3o\" class=\"wp-image-2087\"\/><figcaption>caixa de papel\u00e3o<\/figcaption><\/figure>    <figure class=\"wp-block-image size-large\"><img loading=\"lazy\" decoding=\"async\" width=\"720\" height=\"540\" data-id=\"2088\" src=\"https:\/\/charcoalplant.com\/wp-content\/uploads\/2022\/01\/charcoal.jpg\" alt=\"carv\u00e3o\" class=\"wp-image-2088\"\/><figcaption>carv\u00e3o<\/figcaption><\/figure>    <figure class=\"wp-block-image size-large\"><img loading=\"lazy\" decoding=\"async\" width=\"720\" height=\"540\" data-id=\"2089\" src=\"https:\/\/charcoalplant.com\/wp-content\/uploads\/2022\/01\/coconut-shell.jpg\" alt=\"casca de coco\" class=\"wp-image-2089\"\/><figcaption>casca de coco<\/figcaption><\/figure>    <figure class=\"wp-block-image size-large\"><img loading=\"lazy\" decoding=\"async\" width=\"720\" height=\"540\" data-id=\"2090\" src=\"https:\/\/charcoalplant.com\/wp-content\/uploads\/2022\/01\/corn-and-bean.jpg\" alt=\"milho e feij\u00e3o\" class=\"wp-image-2090\"\/><figcaption>milho e feij\u00e3o<\/figcaption><\/figure> <\/figure>    <h2 class=\"wp-block-heading\" id=\"h-operating-principle-of-wood-wastes-grinder\"><strong>Princ\u00edpio de funcionamento do moedor de res\u00edduos de madeira <\/strong><\/h2>    <p>O principal princ\u00edpio de funcionamento do moinho de martelo \u00e9 que o rotor girat\u00f3rio de alta velocidade aciona o martelo do eixo principal para girar em alta velocidade. Assim que a mat\u00e9ria-prima passar pelo martelo, ela ser\u00e1 triturada imediatamente. Portanto, \u00e9 um dispositivo de britagem que funciona de forma sustent\u00e1vel.<\/p>    <figure class=\"wp-block-gallery has-nested-images columns-default is-cropped wp-block-gallery-3 is-layout-flex wp-block-gallery-is-layout-flex\"> <figure class=\"wp-block-image size-large\"><img loading=\"lazy\" decoding=\"async\" width=\"720\" height=\"540\" data-id=\"2068\" src=\"https:\/\/charcoalplant.com\/wp-content\/uploads\/2022\/01\/HM1300-wood-crusher.jpg\" alt=\"HM1300-triturador de madeira\" class=\"wp-image-2068\"\/><figcaption>HM1300-triturador de madeira<\/figcaption><\/figure>    <figure class=\"wp-block-image size-large\"><img loading=\"lazy\" decoding=\"async\" width=\"720\" height=\"540\" data-id=\"2069\" src=\"https:\/\/charcoalplant.com\/wp-content\/uploads\/2022\/01\/large-campcity-hammer-mill.jpg\" alt=\"moinho de martelo para cidade grande\" class=\"wp-image-2069\"\/><figcaption>moinho de martelo para cidade grande<\/figcaption><\/figure> <\/figure>    <h2 class=\"wp-block-heading\" id=\"video-of-hammer-crusher-crushing\"><strong>V\u00eddeo<\/strong> <strong>de<\/strong> <strong>britador de martelo <\/strong><\/h2>    <p>Hammermill tem uma poderosa for\u00e7a de esmagamento. Portanto, ele pode processar ainda mais o picador de madeira acabado e o triturador de madeira. Atrav\u00e9s do v\u00eddeo voc\u00ea pode ver claramente as vantagens de sua alta efici\u00eancia e f\u00e1cil opera\u00e7\u00e3o.<\/p>    <figure class=\"wp-block-embed is-type-video is-provider-youtube wp-block-embed-youtube wp-embed-aspect-16-9 wp-has-aspect-ratio\"><div class=\"wp-block-embed__wrapper\"> <iframe loading=\"lazy\" title=\"Venda quente moinho de martelo de casca de coco | Trituradora de palha para alimenta\u00e7\u00e3o animal Factory#biomass#charcoalcrushing\" width=\"500\" height=\"281\" src=\"https:\/\/www.youtube.com\/embed\/Jvb6txakGeQ?feature=oembed\" frameborder=\"0\" allow=\"accelerometer; autoplay; clipboard-write; encrypted-media; gyroscope; picture-in-picture; web-share\" referrerpolicy=\"strict-origin-when-cross-origin\" allowfullscreen><\/iframe> <\/div><\/figure>    <h2 class=\"wp-block-heading\" id=\"h-composition-of-hammer-mill\"><strong>Composi\u00e7\u00e3o do moinho de martelo<\/strong><\/h2>    <p>O moinho de martelo para madeira \u00e9 uma m\u00e1quina de britagem de alta velocidade. Inclui principalmente acess\u00f3rios como juntas, martelos, ventilador de tiragem induzida e telas.<\/p>    <h3 class=\"wp-block-heading\" id=\"screen-and-hammer\"><strong>Tela e martelo<\/strong><strong><\/strong><\/h3>    <p>A quantidade de martelos do triturador de res\u00edduos de madeira\u00a0determina a quantidade de ra\u00e7\u00e3o, ou seja, o tamanho do modelo. O di\u00e2metro da malha da tela determina a finura do material final. <\/p>    <figure class=\"wp-block-gallery has-nested-images columns-default is-cropped wp-block-gallery-4 is-layout-flex wp-block-gallery-is-layout-flex\"> <figure class=\"wp-block-image size-large\"><img loading=\"lazy\" decoding=\"async\" width=\"720\" height=\"540\" data-id=\"754\" src=\"https:\/\/charcoalplant.com\/wp-content\/uploads\/2021\/11\/hammer-and-screen-1.jpg\" alt=\"martelo e tela\" class=\"wp-image-754\" srcset=\"https:\/\/charcoalplant.com\/wp-content\/uploads\/2021\/11\/hammer-and-screen-1.jpg 720w, https:\/\/charcoalplant.com\/wp-content\/uploads\/2021\/11\/hammer-and-screen-1-300x225.jpg 300w\" sizes=\"auto, (max-width: 720px) 100vw, 720px\" \/><figcaption>martelo e tela<\/figcaption><\/figure>    <figure class=\"wp-block-image size-large\"><img loading=\"lazy\" decoding=\"async\" width=\"720\" height=\"540\" data-id=\"755\" src=\"https:\/\/charcoalplant.com\/wp-content\/uploads\/2021\/11\/Various-screens-1.jpg\" alt=\"V\u00e1rias telas\" class=\"wp-image-755\" srcset=\"https:\/\/charcoalplant.com\/wp-content\/uploads\/2021\/11\/Various-screens-1.jpg 720w, https:\/\/charcoalplant.com\/wp-content\/uploads\/2021\/11\/Various-screens-1-300x225.jpg 300w\" sizes=\"auto, (max-width: 720px) 100vw, 720px\" \/><figcaption>V\u00e1rias telas<\/figcaption><\/figure> <figcaption class=\"blocks-gallery-caption\">A quantidade de martelos est\u00e1 relacionada ao modelo da m\u00e1quina. O tamanho da tela tamb\u00e9m \u00e9 variado. Portanto, todos s\u00e3o personaliz\u00e1veis \u200b\u200bde acordo com as necessidades do cliente.<\/figcaption><\/figure>    <h3 class=\"wp-block-heading\" id=\"discharging-device\"><strong>Dispositivo de descarga<\/strong><\/h3>    <p>O moinho de martelo possui dois tipos de dispositivos de descarga: descarga de parafuso e descarga Shaclon. E a combina\u00e7\u00e3o dos dois pode melhorar a qualidade da sa\u00edda.<\/p>    <figure class=\"wp-block-gallery has-nested-images columns-default is-cropped wp-block-gallery-5 is-layout-flex wp-block-gallery-is-layout-flex\"> <figure class=\"wp-block-image size-large\"><img loading=\"lazy\" decoding=\"async\" width=\"720\" height=\"540\" data-id=\"2070\" src=\"https:\/\/charcoalplant.com\/wp-content\/uploads\/2022\/01\/hammer-milling-machine-plant.jpg\" alt=\"f\u00e1brica de fresadora de martelo\" class=\"wp-image-2070\"\/><figcaption>f\u00e1brica de fresadora de martelo<\/figcaption><\/figure> <figcaption class=\"blocks-gallery-caption\">O coletor de p\u00f3 est\u00e1 equipado com um redutor para diminuir a velocidade de corte. E pode ser equipado com alguns dispositivos de remo\u00e7\u00e3o de poeira para reduzir a composi\u00e7\u00e3o de poeira do produto acabado. E garanta um ambiente de trabalho limpo.<\/figcaption><\/figure>    <h2 class=\"wp-block-heading\" id=\"finished-product-of-various-sizes\"><strong>Produto acabado de v\u00e1rios tamanhos<\/strong><\/h2>    <p>Os moinhos de martelo podem produzir diferentes tamanhos de finura. Geralmente, o moinho de martelo pode alimentar o p\u00f3 e depois descarreg\u00e1-lo, que pode ser produzido continuamente em grandes quantidades. A madeira \u00e9 mais comumente processada at\u00e9 um tamanho de serragem de 3 mm. Existem tamb\u00e9m cavacos de madeira processados \u200b\u200bde 6 a 8 mm para reprocessamento e venda. E o carv\u00e3o \u00e9 geralmente processado em p\u00f3 de carv\u00e3o de 3 mm.<\/p>    <figure class=\"wp-block-gallery has-nested-images columns-default is-cropped wp-block-gallery-6 is-layout-flex wp-block-gallery-is-layout-flex\"> <figure class=\"wp-block-image size-large\"><img loading=\"lazy\" decoding=\"async\" width=\"720\" height=\"540\" data-id=\"2075\" src=\"https:\/\/charcoalplant.com\/wp-content\/uploads\/2022\/01\/Finished-products-of-different-fineness.jpg\" alt=\"Produtos acabados de finura diferente\" class=\"wp-image-2075\"\/><figcaption>Produtos acabados de finura diferente<\/figcaption><\/figure> <\/figure>    <h2 class=\"wp-block-heading\" id=\"application-of-industrial-hammer-milling-machine\"><strong>Aplica\u00e7\u00e3o de fresadora de martelo industrial <\/strong><\/h2>    <ol class=\"wp-block-list\"><li>Linha de produ\u00e7\u00e3o de carv\u00e3o<br>Os moinhos de martelo s\u00e3o amplamente utilizados em <strong><a href=\"https:\/\/charcoalplant.com\/pt\/charcoal-making-machine-3\/\">linhas de produ\u00e7\u00e3o de carv\u00e3o<\/a><\/strong>. Fornecer mat\u00e9ria-prima para a produ\u00e7\u00e3o de <strong><a href=\"https:\/\/charcoalplant.com\/pt\/biomass-briquette-machine\/sawdust-briquette-machine\/\">briquete de biomassa<\/a><\/strong>. Tamb\u00e9m pode esmagar diretamente o carv\u00e3o para produzir briquetes de carv\u00e3o.<\/li><li><strong><a href=\"https:\/\/charcoalplant.com\/pt\/info\/hammermill-for-animal-feed-factory\/\">Alimenta\u00e7\u00e3o animal<\/a><\/strong><br>Ele transforma forragem e gr\u00e3os em p\u00f3. Assim, os clientes podem usar esses materiais como ra\u00e7\u00e3o.<\/li><li>Nutrientes<br>A serragem \u00e9 usada como fertilizante do solo para aumentar a fertilidade do solo. Al\u00e9m do mais, tamb\u00e9m pode ser usado como meio para o cultivo de fungos.<\/li><li>Fabrica\u00e7\u00e3o de papel<br>Depois que o triturador de madeira tritura o papel, ele pode ser reutilizado na fabrica\u00e7\u00e3o de papel.<\/li><\/ol>    <figure class=\"wp-block-gallery has-nested-images columns-default is-cropped wp-block-gallery-7 is-layout-flex wp-block-gallery-is-layout-flex\"> <figure class=\"wp-block-image size-large\"><img loading=\"lazy\" decoding=\"async\" width=\"720\" height=\"540\" data-id=\"2076\" src=\"https:\/\/charcoalplant.com\/wp-content\/uploads\/2022\/01\/hammer-crusher-plant.jpg\" alt=\"planta trituradora de martelo\" class=\"wp-image-2076\"\/><figcaption>planta trituradora de martelo<\/figcaption><\/figure>    <figure class=\"wp-block-image size-large\"><img loading=\"lazy\" decoding=\"async\" width=\"720\" height=\"540\" data-id=\"2078\" src=\"https:\/\/charcoalplant.com\/wp-content\/uploads\/2022\/01\/wood-crusher-production-line.jpg\" alt=\"linha de produ\u00e7\u00e3o de triturador de madeira\" class=\"wp-image-2078\"\/><figcaption>linha de produ\u00e7\u00e3o de triturador de madeira<\/figcaption><\/figure> <\/figure>    <h2 class=\"wp-block-heading\" id=\"h-wood-waste-grinder-for-sale\"><strong>Venda moedor de res\u00edduos de madeira<\/strong><\/h2>    <p>Shuliy Machinery Equipment Co., Ltd. \u00e9 o principal fabricante de equipamentos para reciclagem de madeira na China. Vendemos trituradores el\u00e9tricos de res\u00edduos de madeira, trituradores de martelo a diesel e trituradores el\u00e9tricos h\u00edbridos de res\u00edduos de madeira a diesel. Este britador de martelo \u00e9 vers\u00e1til e pode lidar com diferentes mat\u00e9rias-primas. Assim voc\u00ea pode escolher diferentes modelos com ousadia. Tamb\u00e9m personalizaremos a porta de alimenta\u00e7\u00e3o, m\u00e9todo de descarga e mobilidade do equipamento. Ligue ou envie-nos um e-mail para obter mais informa\u00e7\u00f5es sobre o produto.<\/p>    <figure class=\"wp-block-gallery has-nested-images columns-2 is-cropped wp-block-gallery-8 is-layout-flex wp-block-gallery-is-layout-flex\"> <figure class=\"wp-block-image size-large\"><img loading=\"lazy\" decoding=\"async\" width=\"720\" height=\"540\" data-id=\"2071\" src=\"https:\/\/charcoalplant.com\/wp-content\/uploads\/2022\/01\/diesel-hammermill.jpg\" alt=\"\" class=\"wp-image-2071\"\/><figcaption>Venda de moinho de martelo a diesel<\/figcaption><\/figure>    <figure class=\"wp-block-image size-large\"><img loading=\"lazy\" decoding=\"async\" width=\"720\" height=\"540\" data-id=\"2072\" src=\"https:\/\/charcoalplant.com\/wp-content\/uploads\/2022\/01\/movable-wood-hammermilling.jpg\" alt=\"fresagem com martelo de madeira m\u00f3vel\" class=\"wp-image-2072\"\/><figcaption>fresagem com martelo de madeira m\u00f3vel<\/figcaption><\/figure>    <figure class=\"wp-block-image size-large\"><img loading=\"lazy\" decoding=\"async\" width=\"720\" height=\"540\" data-id=\"2073\" src=\"https:\/\/charcoalplant.com\/wp-content\/uploads\/2022\/01\/Double-feed-port-hammer-mill.jpg\" alt=\"Moinho de martelo com porta de alimenta\u00e7\u00e3o dupla\" class=\"wp-image-2073\"\/><figcaption>Moinho de martelo com porta de alimenta\u00e7\u00e3o dupla<\/figcaption><\/figure>    <figure class=\"wp-block-image size-large\"><img loading=\"lazy\" decoding=\"async\" width=\"720\" height=\"540\" data-id=\"2074\" src=\"https:\/\/charcoalplant.com\/wp-content\/uploads\/2022\/01\/wood-crusher-with-dust-equipment.jpg\" alt=\"triturador de madeira com equipamento de p\u00f3\" class=\"wp-image-2074\"\/><figcaption>triturador de madeira com equipamento de p\u00f3<\/figcaption><\/figure> <figcaption class=\"blocks-gallery-caption\">O triturador de martelo com porta de alimenta\u00e7\u00e3o dupla pode realizar a fun\u00e7\u00e3o de triturador de madeira e triturador de martelo. Moinhos de martelo a diesel e de rodas tamb\u00e9m est\u00e3o dispon\u00edveis para a conveni\u00eancia dos clientes que trabalham ao ar livre.<\/figcaption><\/figure>    <h2 class=\"wp-block-heading\" id=\"hammer-crushing-machine-parameters\"><strong>Par\u00e2metros da m\u00e1quina trituradora de martelo<\/strong><\/h2>    <figure class=\"wp-block-table is-style-stripes\"><table><tbody><tr><td>Modelo<\/td><td>SL-HM60<\/td><td>SL-HM70<\/td><td>SL-HM80<\/td><td>SL-HM90<\/td><td>SL-HM1000<\/td><td>SL-HM1300<\/td><\/tr><tr><td>Pot\u00eancia (kw)<\/td><td>22<\/td><td>30<\/td><td>37<\/td><td>55<\/td><td>75<\/td><td>90<\/td><\/tr><tr><td>Martelos (pe\u00e7as)<\/td><td>30<\/td><td>40<\/td><td>50<\/td><td>50<\/td><td>105<\/td><td>105<\/td><\/tr><tr><td>Ventilador (kw)<\/td><td>&nbsp;<\/td><td>&nbsp;<\/td><td>7.5<\/td><td>7.5<\/td><td>11<\/td><td>22<\/td><\/tr><tr><td>Removedor de poeira (pcs)<\/td><td>5<\/td><td>5<\/td><td>5<\/td><td>5<\/td><td>14<\/td><td>14<\/td><\/tr><tr><td>Di\u00e2metro do ciclone (m)<\/td><td>1<\/td><td>1<\/td><td>1<\/td><td>1<\/td><td>1<\/td><td>1<\/td><\/tr><tr><td>Capacidade (t\/h)<\/td><td>0.6-0.8<\/td><td>1-1.2<\/td><td>1.2-1.5<\/td><td>1.5-3<\/td><td>3-4<\/td><td>4-5<\/td><\/tr><\/tbody><\/table><figcaption>SL-HM 60 e SL-HM70 s\u00e3o nossos campe\u00f5es de vendas. Devido ao seu pequeno tamanho e baixo custo. SL-HM 1300 \u00e9 o mais comumente utilizado em linhas de produ\u00e7\u00e3o.<\/figcaption><\/figure>    <h2 class=\"wp-block-heading\" id=\"h-the-difference-between-hammer-mill-and-wood-crusher\"><strong>A diferen\u00e7a entre moinho de martelo e madeira<\/strong><strong>&nbsp;triturador <\/strong><strong><\/strong><\/h2>    <p>Em primeiro lugar, mat\u00e9rias-primas.<\/p>    <p class=\"translation-block\">As mat\u00e9rias-primas processadas pelo moinho de martelos s\u00e3o amplas e pequenas. A mat\u00e9ria-prima do <strong><a href=\"https:\/\/charcoalplant.com\/pt\/wood-wastes-recycling-machine\/wood-crusher-machine\/\">triturador de madeira<\/a><\/strong> \u00e9 \u00fanica e grande.<\/p>    <p>Em segundo lugar, estrutura.<\/p>    <p>A estrutura do primeiro consiste principalmente em juntas, martelos e telas. A \u00faltima estrutura consiste principalmente em cabe\u00e7a de corte, cabe\u00e7a de martelo e tela.<\/p>    <p>Em terceiro lugar, for\u00e7a quebrada.<\/p>    <p>A for\u00e7a esmagadora do primeiro \u00e9 maior que a do segundo. Pode-se dizer que se trata de um tratamento refinado do produto acabado deste \u00faltimo.<\/p>","protected":false},"excerpt":{"rendered":"<p>O moinho de martelo pode esmagar lascas de madeira, palha, caixas, etc. Nossas telas com di\u00e2metros de 1 mm, 4 mm, 6 mm\u2026 podem atender \u00e0s necessidades de produ\u00e7\u00e3o do cliente.<\/p>","protected":false},"author":1,"featured_media":919,"parent":0,"template":"","tags":[64],"product-type":[3],"class_list":["post-589","product","type-product","status-publish","has-post-thumbnail","hentry","tag-wood-wastes-recycling-machine","product-type-wood-wastes-recycling-machine"],"_links":{"self":[{"href":"https:\/\/charcoalplant.com\/pt\/wp-json\/wp\/v2\/product\/589","targetHints":{"allow":["GET"]}}],"collection":[{"href":"https:\/\/charcoalplant.com\/pt\/wp-json\/wp\/v2\/product"}],"about":[{"href":"https:\/\/charcoalplant.com\/pt\/wp-json\/wp\/v2\/types\/product"}],"author":[{"embeddable":true,"href":"https:\/\/charcoalplant.com\/pt\/wp-json\/wp\/v2\/users\/1"}],"wp:featuredmedia":[{"embeddable":true,"href":"https:\/\/charcoalplant.com\/pt\/wp-json\/wp\/v2\/media\/919"}],"wp:attachment":[{"href":"https:\/\/charcoalplant.com\/pt\/wp-json\/wp\/v2\/media?parent=589"}],"wp:term":[{"taxonomy":"post_tag","embeddable":true,"href":"https:\/\/charcoalplant.com\/pt\/wp-json\/wp\/v2\/tags?post=589"},{"taxonomy":"product-type","embeddable":true,"href":"https:\/\/charcoalplant.com\/pt\/wp-json\/wp\/v2\/product-type?post=589"}],"curies":[{"name":"wp","href":"https:\/\/api.w.org\/{rel}","templated":true}]}}