{"id":783,"date":"2021-11-24T05:33:50","date_gmt":"2021-11-24T05:33:50","guid":{"rendered":"https:\/\/charcoalplant.com\/?p=783"},"modified":"2023-06-01T10:02:38","modified_gmt":"2023-06-01T02:02:38","slug":"waste-wooden-pallet-grinder","status":"publish","type":"product","link":"https:\/\/charcoalplant.com\/pt\/product\/waste-wooden-pallet-grinder\/","title":{"rendered":"Moedor de paletes de madeira residual | Triturador de madeira industrial"},"content":{"rendered":"<div class=\"kk-star-ratings kksr-auto kksr-align-left kksr-valign-top\"     data-payload='{&quot;align&quot;:&quot;left&quot;,&quot;id&quot;:&quot;783&quot;,&quot;slug&quot;:&quot;default&quot;,&quot;valign&quot;:&quot;top&quot;,&quot;ignore&quot;:&quot;&quot;,&quot;reference&quot;:&quot;auto&quot;,&quot;class&quot;:&quot;&quot;,&quot;count&quot;:&quot;30&quot;,&quot;legendonly&quot;:&quot;&quot;,&quot;readonly&quot;:&quot;&quot;,&quot;score&quot;:&quot;4.6&quot;,&quot;starsonly&quot;:&quot;&quot;,&quot;best&quot;:&quot;5&quot;,&quot;gap&quot;:&quot;5&quot;,&quot;greet&quot;:&quot;Rate this product&quot;,&quot;legend&quot;:&quot;4.6\\\/5 - (30 votes)&quot;,&quot;size&quot;:&quot;24&quot;,&quot;title&quot;:&quot;Waste Wooden Pallet Grinder | Industrial Wood Shredder&quot;,&quot;width&quot;:&quot;130.9&quot;,&quot;_legend&quot;:&quot;{score}\\\/{best} - ({count} {votes})&quot;,&quot;font_factor&quot;:&quot;1.25&quot;}'>              <div class=\"kksr-stars\">      <div class=\"kksr-stars-inactive\">             <div class=\"kksr-star\" data-star=\"1\" style=\"padding-right: 5px\">               <div class=\"kksr-icon\" style=\"width: 24px; height: 24px;\"><\/div>         <\/div>             <div class=\"kksr-star\" data-star=\"2\" style=\"padding-right: 5px\">               <div class=\"kksr-icon\" style=\"width: 24px; height: 24px;\"><\/div>         <\/div>             <div class=\"kksr-star\" data-star=\"3\" style=\"padding-right: 5px\">               <div class=\"kksr-icon\" style=\"width: 24px; height: 24px;\"><\/div>         <\/div>             <div class=\"kksr-star\" data-star=\"4\" style=\"padding-right: 5px\">               <div class=\"kksr-icon\" style=\"width: 24px; height: 24px;\"><\/div>         <\/div>             <div class=\"kksr-star\" data-star=\"5\" style=\"padding-right: 5px\">               <div class=\"kksr-icon\" style=\"width: 24px; height: 24px;\"><\/div>         <\/div>     <\/div>      <div class=\"kksr-stars-active\" style=\"width: 130.9px;\">             <div class=\"kksr-star\" style=\"padding-right: 5px\">               <div class=\"kksr-icon\" style=\"width: 24px; height: 24px;\"><\/div>         <\/div>             <div class=\"kksr-star\" style=\"padding-right: 5px\">               <div class=\"kksr-icon\" style=\"width: 24px; height: 24px;\"><\/div>         <\/div>             <div class=\"kksr-star\" style=\"padding-right: 5px\">               <div class=\"kksr-icon\" style=\"width: 24px; height: 24px;\"><\/div>         <\/div>             <div class=\"kksr-star\" style=\"padding-right: 5px\">               <div class=\"kksr-icon\" style=\"width: 24px; height: 24px;\"><\/div>         <\/div>             <div class=\"kksr-star\" style=\"padding-right: 5px\">               <div class=\"kksr-icon\" style=\"width: 24px; height: 24px;\"><\/div>         <\/div>     <\/div> <\/div>                   <div class=\"kksr-legend\" style=\"font-size: 19.2px;\">             4,6\/5 - (30 votos)    <\/div>     <\/div>  <p class=\"translation-block\">O triturador de paletes de madeira res\u00edduos \u00e9 adequado para a tritura\u00e7\u00e3o de materiais de formas especiais e pode cortar diretamente materiais mais longos. Ele pode triturar troncos irregulares, bambu, ramos, <strong> <\/strong>paletes de madeira e metais leves. O triturador industrial de madeira Shuliy \u00e9 amplamente utilizado, com alta produ\u00e7\u00e3o, forte e dur\u00e1vel, e baixo ru\u00eddo. Em resumo, \u00e9 muito adequado para o processamento cont\u00ednuo de madeira em lotes. \u00c9 um <strong><a href=\"https:\/\/charcoalplant.com\/pt\/news\/how-to-make-money-from-waste-wood-doors-and-windows\/\">dispositivo lucrativo<\/a><\/strong>. Al\u00e9m disso, acreditamos que iremos cooperar com voc\u00ea de forma agrad\u00e1vel.<\/p>    <h2 class=\"wp-block-heading\" id=\"raw-materials-of-industrial-wood-shredder\"><strong>Mat\u00e9rias-primas de triturador de madeira industrial<\/strong><\/h2>    <p>O triturador de madeira industrial tamb\u00e9m \u00e9 chamado de triturador abrangente. Porque pode lidar com uma grande variedade de materiais de madeira. Resumindo, as mat\u00e9rias-primas do triturador de paletes de madeira s\u00e3o divididas em duas categorias: mat\u00e9rias-primas comuns e mat\u00e9rias-primas com metal.<\/p>    <ul class=\"wp-block-list\"> <li>Mat\u00e9rias-primas comuns: toras, galhos, t\u00e1buas de madeira, bambu, sobras de marcenaria, sabugo de milho, <a href=\"https:\/\/charcoalplant.com\/pt\/info\/what-are-the-uses-of-coconut-shells\/\">cascas de coco<\/a>, tabaco, medicamentos fitoter\u00e1picos chineses, etc.<\/li> <\/ul>    <figure class=\"wp-block-gallery has-nested-images columns-4 is-cropped wp-block-gallery-2 is-layout-flex wp-block-gallery-is-layout-flex\"> <figure class=\"wp-block-image size-large\"><img loading=\"lazy\" decoding=\"async\" width=\"720\" height=\"540\" data-id=\"2179\" src=\"https:\/\/charcoalplant.com\/wp-content\/uploads\/2022\/01\/corn-cob.jpg\" alt=\"\" class=\"wp-image-2179\"\/><\/figure>    <figure class=\"wp-block-image size-large\"><img loading=\"lazy\" decoding=\"async\" width=\"720\" height=\"540\" data-id=\"2180\" src=\"https:\/\/charcoalplant.com\/wp-content\/uploads\/2022\/01\/raw-coconut-shell.jpg\" alt=\"\" class=\"wp-image-2180\"\/><\/figure>    <figure class=\"wp-block-image size-large\"><img loading=\"lazy\" decoding=\"async\" width=\"720\" height=\"540\" data-id=\"2178\" src=\"https:\/\/charcoalplant.com\/wp-content\/uploads\/2022\/01\/scrapwood.jpg\" alt=\"\" class=\"wp-image-2178\"\/><\/figure>    <figure class=\"wp-block-image size-large\"><img loading=\"lazy\" decoding=\"async\" width=\"720\" height=\"540\" data-id=\"2181\" src=\"https:\/\/charcoalplant.com\/wp-content\/uploads\/2022\/01\/tree-branch.jpg\" alt=\"\" class=\"wp-image-2181\"\/><\/figure> <\/figure>    <ul class=\"wp-block-list\"> <li> Mat\u00e9rias-primas com metal: res\u00edduos de paletes de madeira, res\u00edduos de m\u00f3veis, portas e janelas com pregos e caixas de madeira, etc.<\/li> <\/ul>    <figure class=\"wp-block-gallery has-nested-images columns-4 is-cropped wp-block-gallery-3 is-layout-flex wp-block-gallery-is-layout-flex\"> <figure class=\"wp-block-image size-large\"><img loading=\"lazy\" decoding=\"async\" width=\"720\" height=\"540\" data-id=\"2182\" src=\"https:\/\/charcoalplant.com\/wp-content\/uploads\/2022\/01\/doors.jpg\" alt=\"\" class=\"wp-image-2182\"\/><\/figure>    <figure class=\"wp-block-image size-large\"><img loading=\"lazy\" decoding=\"async\" width=\"720\" height=\"540\" data-id=\"2183\" src=\"https:\/\/charcoalplant.com\/wp-content\/uploads\/2022\/01\/Wood-pallet.jpg\" alt=\"\" class=\"wp-image-2183\"\/><\/figure>    <figure class=\"wp-block-image size-large\"><img loading=\"lazy\" decoding=\"async\" width=\"720\" height=\"540\" data-id=\"2184\" src=\"https:\/\/charcoalplant.com\/wp-content\/uploads\/2022\/01\/boxes.jpg\" alt=\"\" class=\"wp-image-2184\"\/><\/figure>    <figure class=\"wp-block-image size-large\"><img loading=\"lazy\" decoding=\"async\" width=\"720\" height=\"540\" data-id=\"2185\" src=\"https:\/\/charcoalplant.com\/wp-content\/uploads\/2022\/01\/chair.jpg\" alt=\"\" class=\"wp-image-2185\"\/><\/figure> <\/figure>    <h2 class=\"wp-block-heading\" id=\"structure-of-waste-wooden-pallet-grinder\"><strong>Estrutura do moedor de paletes de madeira residual<\/strong><\/h2>    <p class=\"has-text-align-left translation-block\">O triturador abrangente pode processar madeira comum e materiais duros com metal. A sua estrutura \u00e9 complexa e a sua seguran\u00e7a operacional e capacidade de manuseamento de materiais s\u00e3o muito elevadas. Inclui principalmente <strong>rolos de press\u00e3o, correias transportadoras, serras de garra de tigre, serras de l\u00e2mina, bombas hidr\u00e1ulicas, rolos magn\u00e9ticos, peneiras e outros acess\u00f3rios<\/strong>.<\/p>    <figure class=\"wp-block-gallery has-nested-images columns-2 is-cropped wp-block-gallery-4 is-layout-flex wp-block-gallery-is-layout-flex\"> <figure class=\"wp-block-image size-large\"><img loading=\"lazy\" decoding=\"async\" width=\"720\" height=\"540\" data-id=\"803\" src=\"https:\/\/charcoalplant.com\/wp-content\/uploads\/2021\/11\/Inlet-2.jpg\" alt=\"Entrada\" class=\"wp-image-803\" srcset=\"https:\/\/charcoalplant.com\/wp-content\/uploads\/2021\/11\/Inlet-2.jpg 720w, https:\/\/charcoalplant.com\/wp-content\/uploads\/2021\/11\/Inlet-2-300x225.jpg 300w\" sizes=\"auto, (max-width: 720px) 100vw, 720px\" \/><figcaption class=\"wp-element-caption\">Entrada<\/figcaption><\/figure>    <figure class=\"wp-block-image size-large\"><img loading=\"lazy\" decoding=\"async\" width=\"720\" height=\"540\" data-id=\"806\" src=\"https:\/\/charcoalplant.com\/wp-content\/uploads\/2021\/11\/screen-1.jpg\" alt=\"Tela\" class=\"wp-image-806\" srcset=\"https:\/\/charcoalplant.com\/wp-content\/uploads\/2021\/11\/screen-1.jpg 720w, https:\/\/charcoalplant.com\/wp-content\/uploads\/2021\/11\/screen-1-300x225.jpg 300w\" sizes=\"auto, (max-width: 720px) 100vw, 720px\" \/><figcaption class=\"wp-element-caption\">Tela<\/figcaption><\/figure>    <figure class=\"wp-block-image size-full\"><img loading=\"lazy\" decoding=\"async\" width=\"720\" height=\"540\" data-id=\"807\" src=\"https:\/\/charcoalplant.com\/wp-content\/uploads\/2021\/11\/Tiger-Claw-Saw-1.jpg\" alt=\"Serra de garra de tigre\" class=\"wp-image-807\" srcset=\"https:\/\/charcoalplant.com\/wp-content\/uploads\/2021\/11\/Tiger-Claw-Saw-1.jpg 720w, https:\/\/charcoalplant.com\/wp-content\/uploads\/2021\/11\/Tiger-Claw-Saw-1-300x225.jpg 300w\" sizes=\"auto, (max-width: 720px) 100vw, 720px\" \/><figcaption class=\"wp-element-caption\">Serra de garra de tigre<\/figcaption><\/figure>    <figure class=\"wp-block-image size-full\"><img loading=\"lazy\" decoding=\"async\" width=\"720\" height=\"540\" data-id=\"1820\" src=\"https:\/\/charcoalplant.com\/wp-content\/uploads\/2021\/11\/Magnetic-Roller.jpg\" alt=\"Rolo Magn\u00e9tico\" class=\"wp-image-1820\" srcset=\"https:\/\/charcoalplant.com\/wp-content\/uploads\/2021\/11\/Magnetic-Roller.jpg 720w, https:\/\/charcoalplant.com\/wp-content\/uploads\/2021\/11\/Magnetic-Roller-300x225.jpg 300w\" sizes=\"auto, (max-width: 720px) 100vw, 720px\" \/><figcaption class=\"wp-element-caption\">Rolo Magn\u00e9tico<\/figcaption><\/figure> <\/figure>    <h2 class=\"wp-block-heading\" id=\"h-working-principle-of-industrial-wood-crusher\"><strong>Princ\u00edpio de funcionamento do triturador de madeira industrial<\/strong><\/h2>    <p>Primeiro, os paletes de madeira s\u00e3o transportados para os rolos de prensagem pela correia transportadora de corrente. O rolo de press\u00e3o \u00e9 usado para alimenta\u00e7\u00e3o for\u00e7ada. Em seguida, o palete de madeira chega \u00e0 serra tipo garra de tigre (serra faca para madeira comum) e \u00e9 cortado e amassado pelo cortador rotativo. Finalmente, quando a especifica\u00e7\u00e3o do material atende \u00e0 abertura da tela, os pellets de madeira s\u00e3o descarregados pela porta de descarga. Se houver pregos na serragem, os rolos magn\u00e9ticos na sa\u00edda podem separar o metal.<\/p>    <figure class=\"wp-block-gallery has-nested-images columns-default is-cropped wp-block-gallery-5 is-layout-flex wp-block-gallery-is-layout-flex\"> <figure class=\"wp-block-image size-full\"><img loading=\"lazy\" decoding=\"async\" width=\"720\" height=\"540\" data-id=\"2196\" src=\"https:\/\/charcoalplant.com\/wp-content\/uploads\/2021\/11\/wood-pallet-grinder-plant.jpg\" alt=\"planta trituradora de paletes de madeira\" class=\"wp-image-2196\"\/><figcaption class=\"wp-element-caption\">planta trituradora de paletes de madeira<\/figcaption><\/figure> <\/figure>    <h2 class=\"wp-block-heading\" id=\"video-of-waste-wooden-pallet-shredder\"><strong>V\u00eddeo de triturador de paletes de madeira residual<\/strong><\/h2>    <p>O triturador de paletes de madeira \u00e9 um equipamento de britagem abrangente em grande escala. Al\u00e9m disso, \u00e9 muito simples de operar. Vamos dar uma olhada em sua incr\u00edvel capacidade de esmagamento.<\/p>    <figure class=\"wp-block-embed is-type-video is-provider-youtube wp-block-embed-youtube wp-embed-aspect-16-9 wp-has-aspect-ratio\"><div class=\"wp-block-embed__wrapper\"> <iframe loading=\"lazy\" title=\"Moedor de paletes de madeira residual | Fabricante de triturador de madeira industrial #woodpallet #scrapwood\" width=\"500\" height=\"281\" src=\"https:\/\/www.youtube.com\/embed\/ivqMxGKKbVs?feature=oembed\" frameborder=\"0\" allow=\"accelerometer; autoplay; clipboard-write; encrypted-media; gyroscope; picture-in-picture; web-share\" referrerpolicy=\"strict-origin-when-cross-origin\" allowfullscreen><\/iframe> <\/div><\/figure>    <h2 class=\"wp-block-heading\" id=\"parameters-of-waste-wooden-pallet-grinder\"><strong>Par\u00e2metros do moedor de paletes de madeira residual<\/strong><\/h2>    <p>O transporte de alimenta\u00e7\u00e3o do pulverizador de madeira industrial \u00e9 geralmente de 6 m, e o transporte de descarga \u00e9 geralmente de 8 m. Al\u00e9m disso, temos arm\u00e1rios de distribui\u00e7\u00e3o de energia para trituradores de madeira. Portanto, todo o processo de opera\u00e7\u00e3o n\u00e3o ser\u00e1 apenas simples, mas tamb\u00e9m seguro.<\/p>    <figure class=\"wp-block-table is-style-stripes\"><table><tbody><tr><td>Modelo<\/td><td>SL-C1300<\/td><td>SL-C1400<\/td><td>SL-C1600<\/td><\/tr><tr><td>Tamanho da entrada de alimenta\u00e7\u00e3o<\/td><td>1300*500mm<\/td><td>1400*800mm<\/td><td>1600*800mm<\/td><\/tr><tr><td>Di\u00e2metro m\u00e1ximo de alimenta\u00e7\u00e3o<\/td><td>400mm<\/td><td>500mm<\/td><td>600mm<\/td><\/tr><tr><td>Tamanho de sa\u00edda<\/td><td>menos de 100mm<\/td><td>menos de 100mm<\/td><td>menos de 100mm<\/td><\/tr><tr><td>Transportador de entrada<\/td><td>6m<\/td><td>6m<\/td><td>6m<\/td><\/tr><tr><td>Transportador de sa\u00edda<\/td><td>8m<\/td><td>10m<\/td><td>10m<\/td><\/tr><tr><td>L\u00e2minas<\/td><td>20 pe\u00e7as<\/td><td>32 pe\u00e7as<\/td><td>66 pe\u00e7as<\/td><\/tr><tr><td>Capacidade<\/td><td>8-10 t\/h<\/td><td>10-15t\/h<\/td><td>20-30t\/h<\/td><\/tr><tr><td>Poder total<\/td><td>156,5 kW<\/td><td>213,5 kW<\/td><td>233,5 kW<\/td><\/tr><tr><td>Tamanho \u00fanico<\/td><td>8600*2000*2300mm<\/td><td>9600*2400*3300mm<\/td><td>12500*2800*3200mm<\/td><\/tr><\/tbody><\/table><\/figure>    <h2 class=\"wp-block-heading\" id=\"advantages-of-shuliy-wood-pallet-crusher\"><strong>Vantagens do triturador de paletes de madeira Shuliy<\/strong><\/h2>    <ol class=\"wp-block-list\"> <li>Suas mat\u00e9rias-primas n\u00e3o incluem apenas as mat\u00e9rias-primas de outros equipamentos de processamento de madeira (como <strong><a href=\"https:\/\/charcoalplant.com\/pt\/wood-wastes-recycling-machine\/wood-crusher-machine\/\">m\u00e1quinas para fazer serragem<\/a><\/strong>e picadores de madeira). Al\u00e9m disso, pode lidar com madeira com metal.<\/li>    <li>Por um lado, a utiliza\u00e7\u00e3o do gabinete de distribui\u00e7\u00e3o de energia torna a opera\u00e7\u00e3o mais segura e conveniente. Por outro lado, o britador abrangente \u00e9 f\u00e1cil de manter e limpar.<\/li>    <li>Devido \u00e0 sua porta de alimenta\u00e7\u00e3o alta, pode ser usado para alimenta\u00e7\u00e3o por controle remoto (economizando m\u00e3o de obra).<\/li> <\/ol>    <figure class=\"wp-block-gallery has-nested-images columns-default is-cropped wp-block-gallery-6 is-layout-flex wp-block-gallery-is-layout-flex\"> <figure class=\"wp-block-image size-full\"><img loading=\"lazy\" decoding=\"async\" width=\"720\" height=\"540\" data-id=\"1825\" src=\"https:\/\/charcoalplant.com\/wp-content\/uploads\/2022\/01\/mobile-wood-crushing-machine.jpg\" alt=\"m\u00e1quina trituradora de madeira m\u00f3vel\" class=\"wp-image-1825\" srcset=\"https:\/\/charcoalplant.com\/wp-content\/uploads\/2022\/01\/mobile-wood-crushing-machine.jpg 720w, https:\/\/charcoalplant.com\/wp-content\/uploads\/2022\/01\/mobile-wood-crushing-machine-300x225.jpg 300w\" sizes=\"auto, (max-width: 720px) 100vw, 720px\" \/><figcaption class=\"wp-element-caption\">m\u00e1quina trituradora de madeira m\u00f3vel<\/figcaption><\/figure>    <figure class=\"wp-block-image size-full\"><img loading=\"lazy\" decoding=\"async\" width=\"720\" height=\"540\" data-id=\"1826\" src=\"https:\/\/charcoalplant.com\/wp-content\/uploads\/2022\/01\/wood-chips-1.jpg\" alt=\"lascas de madeira\" class=\"wp-image-1826\" srcset=\"https:\/\/charcoalplant.com\/wp-content\/uploads\/2022\/01\/wood-chips-1.jpg 720w, https:\/\/charcoalplant.com\/wp-content\/uploads\/2022\/01\/wood-chips-1-300x225.jpg 300w\" sizes=\"auto, (max-width: 720px) 100vw, 720px\" \/><figcaption class=\"wp-element-caption\">lascas de madeira<\/figcaption><\/figure> <\/figure>    <h2 class=\"wp-block-heading\" id=\"h-wood-shredder-price\">Industrial <strong>pre\u00e7o de triturador de madeira<\/strong><\/h2>    <p class=\"translation-block\">A Shuliy Machinery fornece v\u00e1rios acess\u00f3rios para trituradores de paletes de madeira. Al\u00e9m disso, os pre\u00e7os dos acess\u00f3rios com diferentes materiais e especifica\u00e7\u00f5es tamb\u00e9m s\u00e3o diferentes. N\u00f3s n\u00e3o apenas podemos fornecer trituradores de paletes de madeira com motor diesel integrados e rodas, mas tamb\u00e9m podemos modificar a estrutura da m\u00e1quina para atender \u00e0s necessidades espec\u00edficas dos clientes. Existem muitos fatores que afetam o pre\u00e7o. Se voc\u00ea estiver otimista com nosso equipamento, entre em contato conosco e nos avise. N\u00f3s lhe forneceremos o plano certo e daremos um pre\u00e7o acess\u00edvel.<\/p>    <figure class=\"wp-block-gallery has-nested-images columns-default is-cropped wp-block-gallery-7 is-layout-flex wp-block-gallery-is-layout-flex\"> <figure class=\"wp-block-image size-full\"><img loading=\"lazy\" decoding=\"async\" width=\"720\" height=\"540\" data-id=\"2194\" src=\"https:\/\/charcoalplant.com\/wp-content\/uploads\/2022\/01\/wood-shredder-1.jpg\" alt=\"triturador de madeira\" class=\"wp-image-2194\"\/><figcaption class=\"wp-element-caption\">triturador de madeira<\/figcaption><\/figure>    <figure class=\"wp-block-image size-full\"><img loading=\"lazy\" decoding=\"async\" width=\"720\" height=\"540\" data-id=\"2195\" src=\"https:\/\/charcoalplant.com\/wp-content\/uploads\/2022\/01\/waste-wooden-pallet-grinder-for-sale.jpg\" alt=\"triturador de paletes de madeira para venda\" class=\"wp-image-2195\"\/><figcaption class=\"wp-element-caption\">triturador de paletes de madeira para venda<\/figcaption><\/figure> <\/figure>    <h2 class=\"wp-block-heading\" id=\"h-how-to-make-money-with-a-comprehensive-crusher\"><strong>Como ganhar dinheiro com um triturador de madeira completo?<\/strong><\/h2>    <p class=\"translation-block\">A m\u00e1quina trituradora de paletes de madeira pode triturar madeira em diferentes graus. Adicionalmente, estas serraduras de madeira ou <strong><a href=\"https:\/\/charcoalplant.com\/pt\/log-chipper\/\">lascas de madeira<\/a><\/strong> podem ser usadas para fazer papel em f\u00e1bricas de papel, hastes de carv\u00e3o em f\u00e1bricas de carv\u00e3o, fertilizantes em f\u00e1bricas de fertilizantes, etc. As f\u00e1bricas tamb\u00e9m podem us\u00e1-las para aquecimento com combust\u00edvel. Portanto, pode investir numa m\u00e1quina trituradora abrangente especificamente para fornecer pellets de madeira ou coloc\u00e1-las na linha de produ\u00e7\u00e3o para alimenta\u00e7\u00e3o direta.<\/p>    <figure class=\"wp-block-gallery has-nested-images columns-default is-cropped wp-block-gallery-8 is-layout-flex wp-block-gallery-is-layout-flex\"> <figure class=\"wp-block-image size-large\"><img loading=\"lazy\" decoding=\"async\" width=\"720\" height=\"540\" data-id=\"2192\" src=\"https:\/\/charcoalplant.com\/wp-content\/uploads\/2022\/01\/wood-pellets-1.jpg\" alt=\"pellets de madeira\" class=\"wp-image-2192\"\/><figcaption class=\"wp-element-caption\">pellets de madeira<\/figcaption><\/figure> <\/figure>    <p><\/p>","protected":false},"excerpt":{"rendered":"<p>A trituradora de paletes de madeira \u00e9 um equipamento de reciclagem de madeira com grande capacidade e alta resist\u00eancia ao esmagamento.<\/p>","protected":false},"author":1,"featured_media":914,"parent":0,"template":"","tags":[64],"product-type":[3],"class_list":["post-783","product","type-product","status-publish","has-post-thumbnail","hentry","tag-wood-wastes-recycling-machine","product-type-wood-wastes-recycling-machine"],"_links":{"self":[{"href":"https:\/\/charcoalplant.com\/pt\/wp-json\/wp\/v2\/product\/783","targetHints":{"allow":["GET"]}}],"collection":[{"href":"https:\/\/charcoalplant.com\/pt\/wp-json\/wp\/v2\/product"}],"about":[{"href":"https:\/\/charcoalplant.com\/pt\/wp-json\/wp\/v2\/types\/product"}],"author":[{"embeddable":true,"href":"https:\/\/charcoalplant.com\/pt\/wp-json\/wp\/v2\/users\/1"}],"wp:featuredmedia":[{"embeddable":true,"href":"https:\/\/charcoalplant.com\/pt\/wp-json\/wp\/v2\/media\/914"}],"wp:attachment":[{"href":"https:\/\/charcoalplant.com\/pt\/wp-json\/wp\/v2\/media?parent=783"}],"wp:term":[{"taxonomy":"post_tag","embeddable":true,"href":"https:\/\/charcoalplant.com\/pt\/wp-json\/wp\/v2\/tags?post=783"},{"taxonomy":"product-type","embeddable":true,"href":"https:\/\/charcoalplant.com\/pt\/wp-json\/wp\/v2\/product-type?post=783"}],"curies":[{"name":"wp","href":"https:\/\/api.w.org\/{rel}","templated":true}]}}