{"id":786,"date":"2021-11-24T05:30:57","date_gmt":"2021-11-24T05:30:57","guid":{"rendered":"https:\/\/charcoalplant.com\/?p=786"},"modified":"2023-04-03T10:59:08","modified_gmt":"2023-04-03T02:59:08","slug":"drum-chipper","status":"publish","type":"product","link":"https:\/\/charcoalplant.com\/pt\/product\/drum-chipper\/","title":{"rendered":"Picador de Tambor | Melhor m\u00e1quina picadora de madeira"},"content":{"rendered":"<div class=\"kk-star-ratings kksr-auto kksr-align-left kksr-valign-top\"     data-payload='{&quot;align&quot;:&quot;left&quot;,&quot;id&quot;:&quot;786&quot;,&quot;slug&quot;:&quot;default&quot;,&quot;valign&quot;:&quot;top&quot;,&quot;ignore&quot;:&quot;&quot;,&quot;reference&quot;:&quot;auto&quot;,&quot;class&quot;:&quot;&quot;,&quot;count&quot;:&quot;8&quot;,&quot;legendonly&quot;:&quot;&quot;,&quot;readonly&quot;:&quot;&quot;,&quot;score&quot;:&quot;4.5&quot;,&quot;starsonly&quot;:&quot;&quot;,&quot;best&quot;:&quot;5&quot;,&quot;gap&quot;:&quot;5&quot;,&quot;greet&quot;:&quot;Rate this product&quot;,&quot;legend&quot;:&quot;4.5\\\/5 - (8 votes)&quot;,&quot;size&quot;:&quot;24&quot;,&quot;title&quot;:&quot;Drum Chipper | Best Wood Chipper Machine&quot;,&quot;width&quot;:&quot;128&quot;,&quot;_legend&quot;:&quot;{score}\\\/{best} - ({count} {votes})&quot;,&quot;font_factor&quot;:&quot;1.25&quot;}'>              <div class=\"kksr-stars\">      <div class=\"kksr-stars-inactive\">             <div class=\"kksr-star\" data-star=\"1\" style=\"padding-right: 5px\">               <div class=\"kksr-icon\" style=\"width: 24px; height: 24px;\"><\/div>         <\/div>             <div class=\"kksr-star\" data-star=\"2\" style=\"padding-right: 5px\">               <div class=\"kksr-icon\" style=\"width: 24px; height: 24px;\"><\/div>         <\/div>             <div class=\"kksr-star\" data-star=\"3\" style=\"padding-right: 5px\">               <div class=\"kksr-icon\" style=\"width: 24px; height: 24px;\"><\/div>         <\/div>             <div class=\"kksr-star\" data-star=\"4\" style=\"padding-right: 5px\">               <div class=\"kksr-icon\" style=\"width: 24px; height: 24px;\"><\/div>         <\/div>             <div class=\"kksr-star\" data-star=\"5\" style=\"padding-right: 5px\">               <div class=\"kksr-icon\" style=\"width: 24px; height: 24px;\"><\/div>         <\/div>     <\/div>      <div class=\"kksr-stars-active\" style=\"width: 128px;\">             <div class=\"kksr-star\" style=\"padding-right: 5px\">               <div class=\"kksr-icon\" style=\"width: 24px; height: 24px;\"><\/div>         <\/div>             <div class=\"kksr-star\" style=\"padding-right: 5px\">               <div class=\"kksr-icon\" style=\"width: 24px; height: 24px;\"><\/div>         <\/div>             <div class=\"kksr-star\" style=\"padding-right: 5px\">               <div class=\"kksr-icon\" style=\"width: 24px; height: 24px;\"><\/div>         <\/div>             <div class=\"kksr-star\" style=\"padding-right: 5px\">               <div class=\"kksr-icon\" style=\"width: 24px; height: 24px;\"><\/div>         <\/div>             <div class=\"kksr-star\" style=\"padding-right: 5px\">               <div class=\"kksr-icon\" style=\"width: 24px; height: 24px;\"><\/div>         <\/div>     <\/div> <\/div>                   <div class=\"kksr-legend\" style=\"font-size: 19.2px;\">             4,5\/5 - (8 votos)    <\/div>     <\/div>  <p class=\"translation-block\">O <strong>Triturador de tambor<\/strong> \u00e9 um triturador de madeira de alto rendimento, alta efici\u00eancia e alta produtividade. E aparece frequentemente no processamento preliminar de mat\u00e9rias-primas em v\u00e1rias linhas de produ\u00e7\u00e3o. Portanto, \u00e9 um <strong><a href=\"https:\/\/charcoalplant.com\/pt\/wood-wastes-recycling-machine\/industrial-comprehensive-crusher\/\">equipamento de tritura\u00e7\u00e3o de madeira<\/a><\/strong> com correia transportadora e painel de distribui\u00e7\u00e3o. Al\u00e9m disso, possui um sistema de alimenta\u00e7\u00e3o hidr\u00e1ulica que controla a alimenta\u00e7\u00e3o segura de grandes peda\u00e7os de madeira. Em resumo, a m\u00e1quina de tritura\u00e7\u00e3o de madeira de tambor tem as caracter\u00edsticas de ampla aplica\u00e7\u00e3o, seguran\u00e7a, baixo investimento e retorno r\u00e1pido. Se tem muita madeira para processar, porque n\u00e3o consider\u00e1-la? Esperamos sinceramente cooperar consigo.<\/p>    <h2 class=\"wp-block-heading\" id=\"raw-material-for-drum-chipper\"><strong>Mat\u00e9ria-prima para picador de tambor<\/strong> <strong>m\u00e1quina<\/strong><\/h2>    <p>As mat\u00e9rias-primas do picador de bambu de tambor incluem mat\u00e9rias-primas de madeira e mat\u00e9rias-primas n\u00e3o lenhosas. As mat\u00e9rias-primas de madeira incluem toras, bambu, res\u00edduos de folheado, ra\u00edzes de \u00e1rvores, galhos, etc. Mat\u00e9rias-primas n\u00e3o lenhosas: casca de coco, talo de algod\u00e3o, junco, palha, etc. , lascas de madeira limpas.<\/p>    <figure class=\"wp-block-gallery has-nested-images columns-1 is-cropped wp-block-gallery-2 is-layout-flex wp-block-gallery-is-layout-flex\"> <figure class=\"wp-block-image size-large\"><img loading=\"lazy\" decoding=\"async\" width=\"900\" height=\"219\" data-id=\"2094\" src=\"https:\/\/charcoalplant.com\/wp-content\/uploads\/2022\/01\/log\uff0cbamboo-woodboard.jpg\" alt=\"tronco, bambu, madeira\" class=\"wp-image-2094\"\/><figcaption class=\"wp-element-caption\">tronco, bambu, madeira<\/figcaption><\/figure>    <figure class=\"wp-block-image size-large\"><img loading=\"lazy\" decoding=\"async\" width=\"918\" height=\"232\" data-id=\"2093\" src=\"https:\/\/charcoalplant.com\/wp-content\/uploads\/2022\/01\/coconutshell-cotton-stalk-straw-.jpg\" alt=\"casca de coco-algod\u00e3o-palha\" class=\"wp-image-2093\"\/><figcaption class=\"wp-element-caption\">casca de coco-algod\u00e3o-palha<\/figcaption><\/figure> <\/figure>    <h2 class=\"wp-block-heading\" id=\"h-structure-of-drum-coconut-shell-chipper\"><strong>Estrutura do picador de madeira de tambor<\/strong><\/h2>    <p>O picador de madeira tipo tambor \u00e9 na verdade um grande picador de madeira. Al\u00e9m do mais, sua estrutura \u00e9 mais sofisticada. O corpo da m\u00e1quina\u00a0\u00e9 soldado com uma placa de a\u00e7o resistente para fornecer um suporte forte para toda a m\u00e1quina. Seus principais componentes: corpo da m\u00e1quina, rolo de faca, tela, alimenta\u00e7\u00e3o superior e inferior, sistema hidr\u00e1ulico, dispositivo de transporte, gabinete de acess\u00f3rios e outras pe\u00e7as. <\/p>    <figure class=\"wp-block-gallery has-nested-images columns-default is-cropped wp-block-gallery-3 is-layout-flex wp-block-gallery-is-layout-flex\"> <figure class=\"wp-block-image size-large\"><img loading=\"lazy\" decoding=\"async\" width=\"720\" height=\"540\" data-id=\"838\" src=\"https:\/\/charcoalplant.com\/wp-content\/uploads\/2021\/11\/drum-wood-chipper-machine-1.jpg\" alt=\"m\u00e1quina picadora de madeira com tambor\" class=\"wp-image-838\" srcset=\"https:\/\/charcoalplant.com\/wp-content\/uploads\/2021\/11\/drum-wood-chipper-machine-1.jpg 720w, https:\/\/charcoalplant.com\/wp-content\/uploads\/2021\/11\/drum-wood-chipper-machine-1-300x225.jpg 300w\" sizes=\"auto, (max-width: 720px) 100vw, 720px\" \/><figcaption class=\"wp-element-caption\">m\u00e1quina picadora de madeira com tambor<\/figcaption><\/figure>    <figure class=\"wp-block-image size-large\"><img loading=\"lazy\" decoding=\"async\" width=\"720\" height=\"540\" data-id=\"848\" src=\"https:\/\/charcoalplant.com\/wp-content\/uploads\/2021\/11\/drum-wood-chippers-machine-for-sale-1-1.jpg\" alt=\"M\u00e1quina de aparas de madeira de tambor para venda\" class=\"wp-image-848\" srcset=\"https:\/\/charcoalplant.com\/wp-content\/uploads\/2021\/11\/drum-wood-chippers-machine-for-sale-1-1.jpg 720w, https:\/\/charcoalplant.com\/wp-content\/uploads\/2021\/11\/drum-wood-chippers-machine-for-sale-1-1-300x225.jpg 300w\" sizes=\"auto, (max-width: 720px) 100vw, 720px\" \/><figcaption class=\"wp-element-caption\">M\u00e1quina de aparas de madeira de tambor para venda<\/figcaption><\/figure> <\/figure>    <h2 class=\"wp-block-heading\" id=\"h-safety-system-of-drum-chipping-machine\"><strong>Sistema de seguran\u00e7a da m\u00e1quina picadora de madeira de tambor<\/strong><\/h2>    <p>O picador de \u00e1rvores com tambor Shuliy n\u00e3o apenas aumenta o desempenho pr\u00e1tico do equipamento, mas tamb\u00e9m leva em considera\u00e7\u00e3o o desempenho de seguran\u00e7a do equipamento. O dispositivo de seguran\u00e7a desta m\u00e1quina para fabricar chips de tambor est\u00e1 principalmente incorporado no sistema hidr\u00e1ulico e no gabinete de controle.<\/p>    <h3 class=\"wp-block-heading\" id=\"hydraulic-system\"><strong>Sistema hidr\u00e1ulico<\/strong><\/h3>    <p>Neste processo, o sistema hidr\u00e1ulico atua como um amortecedor e pode controlar automaticamente a porta de alimenta\u00e7\u00e3o para subir e descer a uma velocidade constante. Ao mesmo tempo, tamb\u00e9m protege o grande picador de madeira e melhora a vida \u00fatil do equipamento.<\/p>    <figure class=\"wp-block-gallery has-nested-images columns-default is-cropped wp-block-gallery-4 is-layout-flex wp-block-gallery-is-layout-flex\"> <figure class=\"wp-block-image size-large\"><img loading=\"lazy\" decoding=\"async\" width=\"720\" height=\"540\" data-id=\"2095\" src=\"https:\/\/charcoalplant.com\/wp-content\/uploads\/2022\/01\/drum-chipper-inlet.jpg\" alt=\"\" class=\"wp-image-2095\"\/><\/figure>    <figure class=\"wp-block-image size-large\"><img loading=\"lazy\" decoding=\"async\" width=\"720\" height=\"540\" data-id=\"2097\" src=\"https:\/\/charcoalplant.com\/wp-content\/uploads\/2021\/11\/prevent-wood-jam.jpg\" alt=\"evitar atolamento de madeira\" class=\"wp-image-2097\"\/><figcaption class=\"wp-element-caption\">evitar atolamento de madeira<\/figcaption><\/figure> <\/figure>    <h3 class=\"wp-block-heading\" id=\"control-cabinet\"><strong>Cabine de controle<\/strong><strong><\/strong><\/h3>    <p>O picador de madeira tipo tambor \u00e9 um equipamento de grande porte, sua estrutura \u00e9 complicada e equipado com 3 motores. O objetivo disso tamb\u00e9m \u00e9 reduzir a tens\u00e3o e distribuir a fonte de alimenta\u00e7\u00e3o de maneira razo\u00e1vel. Existem v\u00e1rios bot\u00f5es no gabinete de controle, que podem controlar toda a m\u00e1quina de forma flex\u00edvel. Desta forma \u00e9 simples, eficiente e seguro.<\/p>    <figure class=\"wp-block-gallery has-nested-images columns-default is-cropped wp-block-gallery-5 is-layout-flex wp-block-gallery-is-layout-flex\"> <figure class=\"wp-block-image size-large\"><img loading=\"lazy\" decoding=\"async\" width=\"720\" height=\"540\" data-id=\"2098\" src=\"https:\/\/charcoalplant.com\/wp-content\/uploads\/2022\/01\/drum-type-wood-chipper-for-sale.jpg\" alt=\"picador de madeira tipo tambor para venda\" class=\"wp-image-2098\"\/><figcaption class=\"wp-element-caption\">picador de madeira tipo tambor para venda<\/figcaption><\/figure>    <figure class=\"wp-block-image size-large\"><img loading=\"lazy\" decoding=\"async\" width=\"720\" height=\"540\" data-id=\"2099\" src=\"https:\/\/charcoalplant.com\/wp-content\/uploads\/2022\/01\/Inside-of-power-distribution-cabinet.jpg\" alt=\"Dentro do gabinete de distribui\u00e7\u00e3o de energia\" class=\"wp-image-2099\"\/><figcaption class=\"wp-element-caption\">Dentro do gabinete de distribui\u00e7\u00e3o de energia<\/figcaption><\/figure> <\/figure>    <h2 class=\"wp-block-heading\" id=\"video-of-drum-type-chipper\"><strong>V\u00eddeo do picador estilo bateria<\/strong><\/h2>    <p>O tamanho comum da madeira ou bambu tratado com ele \u00e9 5 mm. Tamb\u00e9m pode manusear mat\u00e9ria-prima de 2 a 3 mm. Bem-vindo ao v\u00eddeo. E temos um servi\u00e7o de consulta gratuito.<\/p>    <figure class=\"wp-block-embed is-type-video is-provider-youtube wp-block-embed-youtube wp-embed-aspect-16-9 wp-has-aspect-ratio\"><div class=\"wp-block-embed__wrapper\"> <iframe loading=\"lazy\" title=\"Triturador de toras novo design | Desempenho industrial da m\u00e1quina de corte das microplaquetas de madeira do cilindro bom\" width=\"500\" height=\"281\" src=\"https:\/\/www.youtube.com\/embed\/mUQ0J9ha5xA?feature=oembed\" frameborder=\"0\" allow=\"accelerometer; autoplay; clipboard-write; encrypted-media; gyroscope; picture-in-picture; web-share\" referrerpolicy=\"strict-origin-when-cross-origin\" allowfullscreen><\/iframe> <\/div><\/figure>    <h2 class=\"wp-block-heading\" id=\"h-uses-of-wood-chips\"><strong>Usos de lascas de madeira<\/strong><\/h2>    <ol class=\"wp-block-list\"> <li>O produto acabado produzido pelo picador de casca de coco apresenta formato regular e espessura uniforme. Voc\u00ea pode escolher um <strong><a href=\"https:\/\/charcoalplant.com\/pt\/wood-wastes-recycling-machine\/wood-peeling-machine\/\">descascador de madeira<\/a><\/strong> para processar e depois lascar. Essas lascas de madeira podem ser vendidas diretamente e queimadas.<\/li>    <li>O picador de madeira de tambor tamb\u00e9m pode ser usado em conjunto com o <strong><a href=\"https:\/\/charcoalplant.com\/pt\/wood-wastes-recycling-machine\/hammer-mill\/\">moinho de martelo<\/a><\/strong> na linha de produ\u00e7\u00e3o de carv\u00e3o vegetal e na linha de produ\u00e7\u00e3o de serragem.<\/li>    <li>Essas lascas de madeira podem ser usadas para cria\u00e7\u00e3o art\u00edstica na ind\u00fastria art\u00edstica.<\/li> <\/ol>    <figure class=\"wp-block-gallery has-nested-images columns-default is-cropped wp-block-gallery-6 is-layout-flex wp-block-gallery-is-layout-flex\"> <figure class=\"wp-block-image size-large\"><img loading=\"lazy\" decoding=\"async\" width=\"720\" height=\"540\" data-id=\"2102\" src=\"https:\/\/charcoalplant.com\/wp-content\/uploads\/2022\/01\/waste-wood-chips.jpg\" alt=\"res\u00edduos de madeira\" class=\"wp-image-2102\"\/><figcaption class=\"wp-element-caption\">res\u00edduos de madeira<\/figcaption><\/figure> <\/figure>    <h2 class=\"wp-block-heading\" id=\"large-wood-chipper-parameters\"><strong>Par\u00e2metros do picador de madeira grande<\/strong><\/h2>    <figure class=\"wp-block-table is-style-stripes\"><table><tbody><tr><td>Modelo<\/td><td>SL-DW218<\/td><td>SL-DW216<\/td><\/tr><tr><td>Quantidade de faca<\/td><td>2\/4<\/td><td>2\/4<\/td><\/tr><tr><td>Tamanho da alimenta\u00e7\u00e3o<\/td><td>300*680\u00a0mm<\/td><td>230*500mm<\/td><\/tr><tr><td>Capacidade<\/td><td>10-15 t\/h<\/td><td>5-8t\/h<\/td><\/tr><tr><td>Dimens\u00e3o da mat\u00e9ria-prima<\/td><td>\u2264300 mm<\/td><td>\u2264230 mm<\/td><\/tr><tr><td>Tamanho das aparas de madeira<\/td><td>25 mm (ajust\u00e1vel)<\/td><td>25mm(ajust\u00e1vel)<\/td><\/tr><tr><td>Alimenta\u00e7\u00e3o principal<\/td><td>110 kW<\/td><td>55 kW<\/td><\/tr><tr><td>Peso<\/td><td>8.600\u00a0kg<\/td><td>5600kg<\/td><\/tr><tr><td>Transportador de entrada de alimenta\u00e7\u00e3o<\/td><td>6 metros<\/td><td>6 metros<\/td><\/tr><tr><td>Transportador de sa\u00edda<\/td><td>8\u00a0m<\/td><td>8 metros<\/td><\/tr><tr><td>Tamanho<\/td><td>3105*2300*1650\u00a0mil\u00edmetros<\/td><td>2735*2200*1200mm<\/td><\/tr><\/tbody><\/table><figcaption class=\"wp-element-caption\">Os rolos de facas de ambos os picadores de tambor podem conter de 2 a 4 facas. O rolo faca de 4 facas tritura os cavacos de madeira em tamanhos mais finos e regulares.<\/figcaption><\/figure>    <h2 class=\"wp-block-heading\" id=\"difference-between-drum-chipper-and-disc-wood-chipper\"><strong>Diferen\u00e7a entre picador de tambor e picador de madeira de disco<\/strong><\/h2>    <ol class=\"wp-block-list\"> <li>O tamanho de alimenta\u00e7\u00e3o da grande m\u00e1quina para fabricar cavacos de madeira \u00e9 grande. E pode lidar com madeira de at\u00e9 35cm de di\u00e2metro.<\/li>    <li>O <strong><a href=\"https:\/\/charcoalplant.com\/pt\/wood-wastes-recycling-machine\/log-chipper\/\">picador de madeira de disco<\/a><\/strong> lida com a mesma quantidade de mat\u00e9ria-prima que o picador de bambu grande, e o picador de tambor consome menos energia.<\/li>    <li>O picador de madeira comum \u00e9 pequeno. Picadores de tambor de alto volume com correias transportadoras s\u00e3o volumosos e caros para transportar.<\/li> <\/ol>    <figure class=\"wp-block-gallery has-nested-images columns-default is-cropped wp-block-gallery-7 is-layout-flex wp-block-gallery-is-layout-flex\"> <figure class=\"wp-block-image size-large\"><img loading=\"lazy\" decoding=\"async\" width=\"720\" height=\"540\" data-id=\"2105\" src=\"https:\/\/charcoalplant.com\/wp-content\/uploads\/2022\/01\/bamboo-chipper-plant.jpg\" alt=\"planta picadora de bambu\" class=\"wp-image-2105\"\/><figcaption class=\"wp-element-caption\">planta picadora de bambu<\/figcaption><\/figure> <\/figure>    <h2 class=\"wp-block-heading\" id=\"h-faq-for-drum-chips-cutting-machine\"><strong>Perguntas frequentes<\/strong> <strong>para m\u00e1quina de corte de cavacos de tambor<\/strong><\/h2>   <div id=\"rank-math-faq\" class=\"rank-math-block\"> <div class=\"rank-math-list\"> <div id=\"faq-question-1673252653718\" class=\"rank-math-list-item\"> <h3 class=\"rank-math-question\"><strong>Voc\u00ea enviar\u00e1 o engenheiro para orientar a instala\u00e7\u00e3o?<\/strong><\/h3> <div class=\"rank-math-answer\">  <p>Sim, conforme a necessidade do cliente, enviaremos engenheiros para orientar a instala\u00e7\u00e3o e treinamento sobre o funcionamento das m\u00e1quinas.<\/p>  <\/div> <\/div> <div id=\"faq-question-1673252663679\" class=\"rank-math-list-item\"> <h3 class=\"rank-math-question\"><strong>Como posso saber a qualidade da sua m\u00e1quina?<\/strong><\/h3> <div class=\"rank-math-answer\">  <p>Voc\u00ea pode nos enviar sua amostra de materiais de sucata e n\u00f3s testaremos a m\u00e1quina para voc\u00ea sem cobrar taxas. E podemos enviar o v\u00eddeo de teste da m\u00e1quina para voc\u00ea. Tamb\u00e9m damos as boas-vindas a voc\u00ea para visitar nossa f\u00e1brica para testar nossa m\u00e1quina pessoalmente.<\/p>  <\/div> <\/div> <div id=\"faq-question-1673252682871\" class=\"rank-math-list-item\"> <h3 class=\"rank-math-question\"><strong>A instala\u00e7\u00e3o do picador de tambor requer uma funda\u00e7\u00e3o?<\/strong><\/h3> <div class=\"rank-math-answer\">  <p>N\u00e3o, h\u00e1 equipamentos de transporte e descarga embaixo da m\u00e1quina.<\/p>  <\/div> <\/div> <\/div> <\/div>   <h2 class=\"wp-block-heading\" id=\"h-large-wood-chipper-manufacturer\"><strong>Grande fabricante de picadores de madeira<\/strong><\/h2>    <figure class=\"wp-block-gallery has-nested-images columns-default is-cropped wp-block-gallery-8 is-layout-flex wp-block-gallery-is-layout-flex\"> <figure class=\"wp-block-image size-large\"><img loading=\"lazy\" decoding=\"async\" width=\"720\" height=\"540\" data-id=\"2103\" src=\"https:\/\/charcoalplant.com\/wp-content\/uploads\/2022\/01\/our-plant-.jpg\" alt=\"nossa-f\u00e1brica\" class=\"wp-image-2103\"\/><figcaption class=\"wp-element-caption\">nossa-f\u00e1brica<\/figcaption><\/figure>    <figure class=\"wp-block-image size-large\"><img loading=\"lazy\" decoding=\"async\" width=\"720\" height=\"540\" data-id=\"2104\" src=\"https:\/\/charcoalplant.com\/wp-content\/uploads\/2022\/01\/parts.jpg\" alt=\"pe\u00e7as\" class=\"wp-image-2104\"\/><figcaption class=\"wp-element-caption\">pe\u00e7as<\/figcaption><\/figure> <\/figure>    <p class=\"translation-block\">A Shuliy Machinery Equipment Co., Ltd. tem estado envolvida na <strong><a href=\"https:\/\/charcoalplant.com\/pt\/industrial-comprehensive-crusher\/\">ind\u00fastria de reciclagem de madeira<\/a><\/strong> durante muitos anos. Assim, temos cooperado com sucesso com muitos pa\u00edses. Isso lan\u00e7ou as bases para o bom desenvolvimento atual da nossa empresa. As pe\u00e7as de equipamento que selecionamos atendem aos indicadores de uso internacionais, e a maquinaria \u00e9 fina e dur\u00e1vel, recebendo elogios un\u00e2nimes dos clientes. Bem-vindo a visitar nossa f\u00e1brica. Entre em contato conosco agora para informa\u00e7\u00f5es sobre pre\u00e7os de produtos.&nbsp;<\/p>","protected":false},"excerpt":{"rendered":"<p>O picador de tambor \u00e9 um picador de madeira grande e sofisticado, equipado com um dispositivo hidr\u00e1ulico para processar rapidamente materiais de grande di\u00e2metro.<\/p>","protected":false},"author":1,"featured_media":946,"parent":0,"template":"","tags":[64],"product-type":[3],"class_list":["post-786","product","type-product","status-publish","has-post-thumbnail","hentry","tag-wood-wastes-recycling-machine","product-type-wood-wastes-recycling-machine"],"_links":{"self":[{"href":"https:\/\/charcoalplant.com\/pt\/wp-json\/wp\/v2\/product\/786","targetHints":{"allow":["GET"]}}],"collection":[{"href":"https:\/\/charcoalplant.com\/pt\/wp-json\/wp\/v2\/product"}],"about":[{"href":"https:\/\/charcoalplant.com\/pt\/wp-json\/wp\/v2\/types\/product"}],"author":[{"embeddable":true,"href":"https:\/\/charcoalplant.com\/pt\/wp-json\/wp\/v2\/users\/1"}],"wp:featuredmedia":[{"embeddable":true,"href":"https:\/\/charcoalplant.com\/pt\/wp-json\/wp\/v2\/media\/946"}],"wp:attachment":[{"href":"https:\/\/charcoalplant.com\/pt\/wp-json\/wp\/v2\/media?parent=786"}],"wp:term":[{"taxonomy":"post_tag","embeddable":true,"href":"https:\/\/charcoalplant.com\/pt\/wp-json\/wp\/v2\/tags?post=786"},{"taxonomy":"product-type","embeddable":true,"href":"https:\/\/charcoalplant.com\/pt\/wp-json\/wp\/v2\/product-type?post=786"}],"curies":[{"name":"wp","href":"https:\/\/api.w.org\/{rel}","templated":true}]}}