{"id":789,"date":"2021-11-24T07:05:55","date_gmt":"2021-11-24T07:05:55","guid":{"rendered":"https:\/\/charcoalplant.com\/?p=789"},"modified":"2026-02-11T10:52:06","modified_gmt":"2026-02-11T02:52:06","slug":"wood-peeling-machine","status":"publish","type":"product","link":"https:\/\/charcoalplant.com\/pt\/product\/wood-peeling-machine\/","title":{"rendered":"M\u00e1quina descascadora de madeira | Descascador de toras vertical e canalizado"},"content":{"rendered":"<div class=\"kk-star-ratings kksr-auto kksr-align-left kksr-valign-top\"     data-payload='{&quot;align&quot;:&quot;left&quot;,&quot;id&quot;:&quot;789&quot;,&quot;slug&quot;:&quot;default&quot;,&quot;valign&quot;:&quot;top&quot;,&quot;ignore&quot;:&quot;&quot;,&quot;reference&quot;:&quot;auto&quot;,&quot;class&quot;:&quot;&quot;,&quot;count&quot;:&quot;7&quot;,&quot;legendonly&quot;:&quot;&quot;,&quot;readonly&quot;:&quot;&quot;,&quot;score&quot;:&quot;4.5&quot;,&quot;starsonly&quot;:&quot;&quot;,&quot;best&quot;:&quot;5&quot;,&quot;gap&quot;:&quot;5&quot;,&quot;greet&quot;:&quot;Rate this product&quot;,&quot;legend&quot;:&quot;4.5\\\/5 - (7 votes)&quot;,&quot;size&quot;:&quot;24&quot;,&quot;title&quot;:&quot;Wood Peeling Machine | Vertical \\u0026amp; Trough Log Debarker&quot;,&quot;width&quot;:&quot;128&quot;,&quot;_legend&quot;:&quot;{score}\\\/{best} - ({count} {votes})&quot;,&quot;font_factor&quot;:&quot;1.25&quot;}'>              <div class=\"kksr-stars\">      <div class=\"kksr-stars-inactive\">             <div class=\"kksr-star\" data-star=\"1\" style=\"padding-right: 5px\">               <div class=\"kksr-icon\" style=\"width: 24px; height: 24px;\"><\/div>         <\/div>             <div class=\"kksr-star\" data-star=\"2\" style=\"padding-right: 5px\">               <div class=\"kksr-icon\" style=\"width: 24px; height: 24px;\"><\/div>         <\/div>             <div class=\"kksr-star\" data-star=\"3\" style=\"padding-right: 5px\">               <div class=\"kksr-icon\" style=\"width: 24px; height: 24px;\"><\/div>         <\/div>             <div class=\"kksr-star\" data-star=\"4\" style=\"padding-right: 5px\">               <div class=\"kksr-icon\" style=\"width: 24px; height: 24px;\"><\/div>         <\/div>             <div class=\"kksr-star\" data-star=\"5\" style=\"padding-right: 5px\">               <div class=\"kksr-icon\" style=\"width: 24px; height: 24px;\"><\/div>         <\/div>     <\/div>      <div class=\"kksr-stars-active\" style=\"width: 128px;\">             <div class=\"kksr-star\" style=\"padding-right: 5px\">               <div class=\"kksr-icon\" style=\"width: 24px; height: 24px;\"><\/div>         <\/div>             <div class=\"kksr-star\" style=\"padding-right: 5px\">               <div class=\"kksr-icon\" style=\"width: 24px; height: 24px;\"><\/div>         <\/div>             <div class=\"kksr-star\" style=\"padding-right: 5px\">               <div class=\"kksr-icon\" style=\"width: 24px; height: 24px;\"><\/div>         <\/div>             <div class=\"kksr-star\" style=\"padding-right: 5px\">               <div class=\"kksr-icon\" style=\"width: 24px; height: 24px;\"><\/div>         <\/div>             <div class=\"kksr-star\" style=\"padding-right: 5px\">               <div class=\"kksr-icon\" style=\"width: 24px; height: 24px;\"><\/div>         <\/div>     <\/div> <\/div>                   <div class=\"kksr-legend\" style=\"font-size: 19.2px;\">             4,5\/5 - (7 votos)    <\/div>     <\/div>  <p class=\"translation-block\"><strong>A m\u00e1quina de descascar madeira<\/strong> \u00e9 um equipamento necess\u00e1rio para algumas ind\u00fastrias de reciclagem de madeira. Ela pode descascar a casca automaticamente e de forma eficiente, alcan\u00e7ando uma taxa de descasque de 95%. A m\u00e1quina descascadora de toras produzida pelo fabricante de m\u00e1quinas Shuliy inclui <strong><a href=\"https:\/\/charcoalplant.com\/pt\/info\/ukrainian-furniture-factory-purchased-a-tree-peeling-machine\/\">m\u00e1quinas descascadoras de toras verticais<\/a><\/strong>, m\u00e1quinas descascadoras de toras em canal e m\u00e1quinas de descasque horizontais. A seguir est\u00e3o os dois primeiros tipos de m\u00e1quinas descascadoras de madeira. Seja bem-vindo a verificar, se estiver interessado em nosso equipamento, entre em contato conosco a tempo. E n\u00f3s lhe forneceremos pre\u00e7os competitivos.<\/p>    <figure class=\"wp-block-embed is-type-video is-provider-youtube wp-block-embed-youtube wp-embed-aspect-16-9 wp-has-aspect-ratio\"><div class=\"wp-block-embed__wrapper\"> <iframe loading=\"lazy\" title=\"M\u00e1quina de descascamento de madeira de alta resist\u00eancia \u2013 Funciona para troncos com at\u00e9 70cm de di\u00e2metro\" width=\"500\" height=\"281\" src=\"https:\/\/www.youtube.com\/embed\/dvOIuDBpmCs?feature=oembed\" frameborder=\"0\" allow=\"accelerometer; autoplay; clipboard-write; encrypted-media; gyroscope; picture-in-picture; web-share\" referrerpolicy=\"strict-origin-when-cross-origin\" allowfullscreen><\/iframe> <\/div><\/figure>    <h2 class=\"wp-block-heading\" id=\"h-vertical-wood-peeling-machine\"><strong>Tipo 1<\/strong>:<strong>m\u00e1quina de descascar madeira vertical<\/strong> <strong>\u00e0 venda<\/strong><\/h2>    <p>As m\u00e1quinas verticais de descascar madeira podem processar materiais de eucalipto, \u00e1rvores frut\u00edferas, ac\u00e1cia, amieiro, pinheiro, alfarroba, faia e toras de ac\u00e1cia. Se a madeira estiver reta e sem n\u00f3s. A m\u00e1quina de descascar madeira pode atingir uma taxa de descascamento de mais de 98%.<\/p>    <figure class=\"wp-block-gallery has-nested-images columns-default is-cropped wp-block-gallery-2 is-layout-flex wp-block-gallery-is-layout-flex\"> <figure class=\"wp-block-image size-large\"><img loading=\"lazy\" decoding=\"async\" width=\"720\" height=\"540\" data-id=\"2152\" src=\"https:\/\/charcoalplant.com\/wp-content\/uploads\/2022\/01\/log.jpg\" alt=\"\" class=\"wp-image-2152\"\/><figcaption class=\"wp-element-caption\">registro<\/figcaption><\/figure>    <figure class=\"wp-block-image size-large\"><img loading=\"lazy\" decoding=\"async\" width=\"720\" height=\"540\" data-id=\"2153\" src=\"https:\/\/charcoalplant.com\/wp-content\/uploads\/2022\/01\/wood.jpg\" alt=\"madeira\" class=\"wp-image-2153\"\/><figcaption class=\"wp-element-caption\">madeira<\/figcaption><\/figure> <\/figure>    <h3 class=\"wp-block-heading\" id=\"h-structure-of-vertical-wood-peeling-machine\"><strong>Estrutura da m\u00e1quina descascadora de madeira vertical<\/strong><strong><\/strong><\/h3>    <p>\u00c9 um descascador de madeira de estrutura simples, composto principalmente por um rolo prensador, uma cabe\u00e7a de corte e uma moldura. H\u00e1 um total de 8 rolos de press\u00e3o, 4 rolos de press\u00e3o cada na porta de alimenta\u00e7\u00e3o e na porta de descarga. As l\u00e2minas s\u00e3o em forma de leque, estreitas na parte inferior e largas na parte superior, podendo ser instaladas 4 ou 6 l\u00e2minas na cabe\u00e7a do cortador. O n\u00famero de ferramentas instaladas pode ser ajustado adequadamente.<\/p>    <figure class=\"wp-block-gallery has-nested-images columns-2 is-cropped wp-block-gallery-3 is-layout-flex wp-block-gallery-is-layout-flex\"> <figure class=\"wp-block-image size-full\"><img loading=\"lazy\" decoding=\"async\" width=\"720\" height=\"540\" data-id=\"2158\" src=\"https:\/\/charcoalplant.com\/wp-content\/uploads\/2022\/01\/bend-blade-1.jpg\" alt=\"l\u00e2mina dobr\u00e1vel\" class=\"wp-image-2158\"\/><figcaption class=\"wp-element-caption\">l\u00e2mina dobr\u00e1vel<\/figcaption><\/figure>    <figure class=\"wp-block-image size-large\"><img loading=\"lazy\" decoding=\"async\" width=\"720\" height=\"540\" data-id=\"2155\" src=\"https:\/\/charcoalplant.com\/wp-content\/uploads\/2022\/01\/Infeed-and-Outfeed-Rollers-\u526f\u672c.jpg\" alt=\"Rolos de entrada e sa\u00edda\" class=\"wp-image-2155\"\/><figcaption class=\"wp-element-caption\">Rolos de entrada e sa\u00edda<\/figcaption><\/figure> <\/figure>    <h3 class=\"wp-block-heading\" id=\"h-working-principle-of-vertical-log-debarker\"><strong>C<\/strong><strong>princ\u00edpio de funcionamento da vertical <\/strong><strong>descascador de toras<\/strong><strong><\/strong><\/h3>    <p>A madeira de eucalipto ou pinho \u00e9 alimentada manualmente ou por uma correia transportadora na porta de alimenta\u00e7\u00e3o, e o rolo de press\u00e3o na porta de alimenta\u00e7\u00e3o gira para enrolar a madeira na m\u00e1quina. A cabe\u00e7a de corte utiliza o princ\u00edpio retr\u00e1til para descascar madeira de diferentes di\u00e2metros. A madeira descascada \u00e9 enviada suavemente pelo rolo de press\u00e3o na porta de descarga. Os rolos de press\u00e3o na parte frontal e traseira da m\u00e1quina possuem molas de desacelera\u00e7\u00e3o que podem levantar e soltar a madeira.<\/p>    <figure class=\"wp-block-gallery has-nested-images columns-default is-cropped wp-block-gallery-4 is-layout-flex wp-block-gallery-is-layout-flex\"> <figure class=\"wp-block-image size-large is-style-default\"><img loading=\"lazy\" decoding=\"async\" width=\"720\" height=\"540\" data-id=\"2159\" src=\"https:\/\/charcoalplant.com\/wp-content\/uploads\/2022\/01\/log-peeler-machine-show.jpg\" alt=\"show-m\u00e1quina-descascador de toras\" class=\"wp-image-2159\"\/><figcaption class=\"wp-element-caption\">show-m\u00e1quina-descascador de toras<\/figcaption><\/figure> <\/figure>    <h3 class=\"wp-block-heading\" id=\"video-of-log-debarker\"><strong>V\u00eddeo do descascador de toras<\/strong><\/h3>    <p>Este v\u00eddeo mostrar\u00e1 o incr\u00edvel efeito peeling do descascador de casca. Se voc\u00ea gostou, curta e se inscreva.<\/p>    <figure class=\"wp-block-embed is-type-video is-provider-youtube wp-block-embed-youtube wp-embed-aspect-16-9 wp-has-aspect-ratio\"><div class=\"wp-block-embed__wrapper\"> <iframe loading=\"lazy\" title=\"Descascador de toras | Equipamento de descascamento e reciclagem de madeira#woodpeelingmachine#logrecyclingplant\" width=\"500\" height=\"281\" src=\"https:\/\/www.youtube.com\/embed\/WxfVBov0gY4?feature=oembed\" frameborder=\"0\" allow=\"accelerometer; autoplay; clipboard-write; encrypted-media; gyroscope; picture-in-picture; web-share\" referrerpolicy=\"strict-origin-when-cross-origin\" allowfullscreen><\/iframe> <\/div><\/figure>    <h3 class=\"wp-block-heading\" id=\"h-features-of-vertical-wood-peeling-machine\"><strong>Recurso<\/strong><strong>s de m\u00e1quina de descascar madeira vertical<\/strong><strong><\/strong><\/h3>    <p>1. Pode manusear madeira de grande di\u00e2metro (5-35cm).<\/p>    <p>2. Sua velocidade de processamento \u00e9 r\u00e1pida, 10m\/min.<\/p>    <p>3. Pode descascar a pele de forma limpa e n\u00e3o danifica a madeira.<\/p>    <figure class=\"wp-block-gallery has-nested-images columns-default is-cropped wp-block-gallery-5 is-layout-flex wp-block-gallery-is-layout-flex\"> <figure class=\"wp-block-image size-large\"><img loading=\"lazy\" decoding=\"async\" width=\"720\" height=\"540\" data-id=\"2161\" src=\"https:\/\/charcoalplant.com\/wp-content\/uploads\/2022\/01\/peeled-tree.jpg\" alt=\"\u00e1rvore descascada\" class=\"wp-image-2161\"\/><figcaption class=\"wp-element-caption\">\u00e1rvore descascada<\/figcaption><\/figure>    <figure class=\"wp-block-image size-full\"><img loading=\"lazy\" decoding=\"async\" width=\"720\" height=\"540\" data-id=\"863\" src=\"https:\/\/charcoalplant.com\/wp-content\/uploads\/2021\/11\/Finished-product-display-1.jpg\" alt=\"Exibi\u00e7\u00e3o de produto acabado\" class=\"wp-image-863\" srcset=\"https:\/\/charcoalplant.com\/wp-content\/uploads\/2021\/11\/Finished-product-display-1.jpg 720w, https:\/\/charcoalplant.com\/wp-content\/uploads\/2021\/11\/Finished-product-display-1-300x225.jpg 300w\" sizes=\"auto, (max-width: 720px) 100vw, 720px\" \/><figcaption class=\"wp-element-caption\">Exibi\u00e7\u00e3o de produto acabado<\/figcaption><\/figure> <\/figure>    <p>4. Possui uma estrutura compacta e ocupa pouco espa\u00e7o. Ent\u00e3o custa frete baixo.<\/p>    <figure class=\"wp-block-gallery has-nested-images columns-default is-cropped wp-block-gallery-6 is-layout-flex wp-block-gallery-is-layout-flex\"> <figure class=\"wp-block-image size-large\"><img loading=\"lazy\" decoding=\"async\" width=\"720\" height=\"540\" data-id=\"1870\" src=\"https:\/\/charcoalplant.com\/wp-content\/uploads\/2022\/01\/movable-log-debarker.jpg\" alt=\"descascador de toras m\u00f3vel\" class=\"wp-image-1870\" srcset=\"https:\/\/charcoalplant.com\/wp-content\/uploads\/2022\/01\/movable-log-debarker.jpg 720w, https:\/\/charcoalplant.com\/wp-content\/uploads\/2022\/01\/movable-log-debarker-300x225.jpg 300w\" sizes=\"auto, (max-width: 720px) 100vw, 720px\" \/><figcaption class=\"wp-element-caption\">descascador de toras m\u00f3vel<\/figcaption><\/figure>    <figure class=\"wp-block-image size-large\"><img loading=\"lazy\" decoding=\"async\" width=\"720\" height=\"540\" data-id=\"871\" src=\"https:\/\/charcoalplant.com\/wp-content\/uploads\/2021\/11\/Wooden-box-shipment-1.jpg\" alt=\"Envio de caixa de madeira\" class=\"wp-image-871\" srcset=\"https:\/\/charcoalplant.com\/wp-content\/uploads\/2021\/11\/Wooden-box-shipment-1.jpg 720w, https:\/\/charcoalplant.com\/wp-content\/uploads\/2021\/11\/Wooden-box-shipment-1-300x225.jpg 300w\" sizes=\"auto, (max-width: 720px) 100vw, 720px\" \/><figcaption class=\"wp-element-caption\">Envio de caixa de madeira<\/figcaption><\/figure> <\/figure>    <h3 class=\"wp-block-heading\" id=\"vertical-tree-peeling-machine-parameters\"><strong>Par\u00e2metros da m\u00e1quina vertical para descascar \u00e1rvores<\/strong><\/h3>    <figure class=\"wp-block-table is-style-stripes\"><table><tbody><tr><td><strong>Modelo<\/strong><\/td><td><strong>SL-WP320<\/strong><\/td><td><strong>SL-WP370<\/strong><\/td><\/tr><tr><td><strong>Poder<\/strong><\/td><td>7,5+2,2 kW<\/td><td>7,5+2,2 kW<\/td><\/tr><tr><td><strong>Velocidade de trabalho<\/strong><\/td><td>10m\/min<\/td><td>10m\/min<\/td><\/tr><tr><td><strong>Di\u00e2metro de madeira aplic\u00e1vel<\/strong><\/td><td>50-320mm<\/td><td>80-350mm<\/td><\/tr><tr><td><strong>Tamanho da m\u00e1quina<\/strong><\/td><td>2450*1400*1700mm<\/td><td>2450*1400*1700mm<\/td><\/tr><\/tbody><\/table><\/figure>    <h2 class=\"wp-block-heading\" id=\"h-trough-log-debarker\"><strong>Tipo 2:<\/strong> <strong>torrente de casca de lenha<\/strong><\/h2>    <p>A m\u00e1quina descascadora de calha pode lidar com mais tipos de madeira, incluindo galhos, eucalipto, choupo, \u00e1rvores frut\u00edferas, pinheiros, alfarroba, etc. N\u00e3o importa se o comprimento da madeira \u00e9 diferente, a curvatura \u00e9 diferente e a umidade \u00e9 diferente, voc\u00ea pode descasc\u00e1-lo na m\u00e1quina.<\/p>    <figure class=\"wp-block-gallery has-nested-images columns-default is-cropped wp-block-gallery-7 is-layout-flex wp-block-gallery-is-layout-flex\"> <figure class=\"wp-block-image size-full\"><img loading=\"lazy\" decoding=\"async\" width=\"591\" height=\"422\" data-id=\"2166\" src=\"https:\/\/charcoalplant.com\/wp-content\/uploads\/2022\/01\/small-log.png\" alt=\"registro pequeno\" class=\"wp-image-2166\"\/><figcaption class=\"wp-element-caption\">registro pequeno<\/figcaption><\/figure>    <figure class=\"wp-block-image size-full\"><img loading=\"lazy\" decoding=\"async\" width=\"720\" height=\"540\" data-id=\"2167\" src=\"https:\/\/charcoalplant.com\/wp-content\/uploads\/2022\/01\/lot-of-wood-1.jpg\" alt=\"muita madeira\" class=\"wp-image-2167\"\/><figcaption class=\"wp-element-caption\">muita madeira<\/figcaption><\/figure> <\/figure>    <h3 class=\"wp-block-heading\" id=\"h-structure-of-tree-bark-peeling-machine\"><strong>Estrutura da m\u00e1quina de descascar toras<\/strong><\/h3>    <p>A m\u00e1quina descascadora de calha consiste em cinco partes: rolo de descascamento, entrada de alimenta\u00e7\u00e3o, sa\u00edda de descascamento, sa\u00edda de madeira e dispositivo de transmiss\u00e3o de energia. Adota descascamento tipo rolo, estrutura simples e forte, forte rigidez, baixa taxa de falhas e longa vida \u00fatil.<\/p>    <figure class=\"wp-block-gallery has-nested-images columns-default is-cropped wp-block-gallery-8 is-layout-flex wp-block-gallery-is-layout-flex\"> <figure class=\"wp-block-image size-full\"><img loading=\"lazy\" decoding=\"async\" width=\"720\" height=\"540\" data-id=\"867\" src=\"https:\/\/charcoalplant.com\/wp-content\/uploads\/2021\/11\/Export-1.jpg\" alt=\"sa\u00edda da m\u00e1quina de descascar madeira\" class=\"wp-image-867\" srcset=\"https:\/\/charcoalplant.com\/wp-content\/uploads\/2021\/11\/Export-1.jpg 720w, https:\/\/charcoalplant.com\/wp-content\/uploads\/2021\/11\/Export-1-300x225.jpg 300w\" sizes=\"auto, (max-width: 720px) 100vw, 720px\" \/><figcaption class=\"wp-element-caption\">sa\u00edda da m\u00e1quina de descascar madeira<\/figcaption><\/figure>    <figure class=\"wp-block-image size-large\"><img loading=\"lazy\" decoding=\"async\" width=\"720\" height=\"540\" data-id=\"2170\" src=\"https:\/\/charcoalplant.com\/wp-content\/uploads\/2022\/01\/Internal-structure-of-wood-peeling-machine.jpg\" alt=\"Estrutura interna da m\u00e1quina descascadora de madeira\" class=\"wp-image-2170\"\/><figcaption class=\"wp-element-caption\">Estrutura interna da m\u00e1quina descascadora de madeira<\/figcaption><\/figure> <\/figure>    <h3 class=\"wp-block-heading\" id=\"h-working-principle-of-trough-log-debarker\"><strong>Princ\u00edpio de funcionamento da calha <\/strong><strong>descascador de toras<\/strong><strong><\/strong><\/h3>    <p>A m\u00e1quina descascadora de madeira em calha utiliza a for\u00e7a gerada pelo rotor com dentes descascadores escalonados para fazer a se\u00e7\u00e3o de madeira circular na calha. A madeira na calha salta irregularmente. Portanto, o atrito e o impacto de longo prazo entre a se\u00e7\u00e3o de madeira e os dentes, a se\u00e7\u00e3o de madeira e a se\u00e7\u00e3o de madeira, e a se\u00e7\u00e3o de madeira e a calha do silo fazem com que a casca e o tronco sejam rapidamente decompostos e descascados, de modo a conseguir o descascamento .<\/p>    <figure class=\"wp-block-gallery has-nested-images columns-2 is-cropped wp-block-gallery-9 is-layout-flex wp-block-gallery-is-layout-flex\"> <figure class=\"wp-block-image size-full\"><img loading=\"lazy\" decoding=\"async\" width=\"720\" height=\"540\" data-id=\"876\" src=\"https:\/\/charcoalplant.com\/wp-content\/uploads\/2021\/11\/Trough-log-debarker-1.jpg\" alt=\"Descascador de toras\" class=\"wp-image-876\" srcset=\"https:\/\/charcoalplant.com\/wp-content\/uploads\/2021\/11\/Trough-log-debarker-1.jpg 720w, https:\/\/charcoalplant.com\/wp-content\/uploads\/2021\/11\/Trough-log-debarker-1-300x225.jpg 300w\" sizes=\"auto, (max-width: 720px) 100vw, 720px\" \/><figcaption class=\"wp-element-caption\">Descascador de toras<\/figcaption><\/figure> <\/figure>    <h3 class=\"wp-block-heading\" id=\"h-features-of-trough-peeling-machine\"><strong>Caracter\u00edsticas da m\u00e1quina descascadora de calha<\/strong><\/h3>    <p>1. Manuseio de madeira de pequeno porte; o di\u00e2metro m\u00e1ximo da madeira n\u00e3o ultrapassa 30cm.<\/p>    <p>2. Pode processar uma grande quantidade de madeira de uma s\u00f3 vez; madeira de diferentes tamanhos pode ser processada ao mesmo tempo.<\/p>    <p>3. O rolo da m\u00e1quina de descascamento n\u00e3o \u00e9 f\u00e1cil de danificar, n\u00e3o possui acess\u00f3rios e tem uma longa vida \u00fatil.<\/p>    <p>4.\u00a0Os modelos de tanques comuns s\u00e3o 5m, 6m e 12m; eles podem ser alongados.<\/p>    <h3 class=\"wp-block-heading\" id=\"trough-peeling-machine-parameters\"><strong>M\u00e1quina de descascar toras<\/strong> <strong>par\u00e2metros<\/strong><\/h3>    <figure class=\"wp-block-table is-style-stripes\"><table><tbody><tr><td><strong>Modelo<\/strong><\/td><td>6m (rolo \u00fanico)<\/td><td>6m (rolos duplos)<\/td><td>9m (rolos duplos)<\/td><td>rolos duplos de 12m<\/td><\/tr><tr><td><strong>Capacidade<\/strong><\/td><td>3-7t\/h<\/td><td>7-15t\/h<\/td><td>15-25t\/h<\/td><td>25-30t\/h<\/td><\/tr><tr><td><strong>Poder<\/strong><\/td><td>7,5 kW<\/td><td>7,5+2 kW<\/td><td>7,5+2 kW<\/td><td>7,5+2 kW<\/td><\/tr><tr><td><strong>Comprimento<\/strong><\/td><td>6300 mm<\/td><td>6300 mm<\/td><td>9.000 mm<\/td><td>12.600 mm<\/td><\/tr><tr><td><strong>Largura<\/strong><\/td><td>1200 mm<\/td><td>1310 mm<\/td><td>1500mm<\/td><td>1550mm<\/td><\/tr><tr><td><strong>Altura<\/strong><\/td><td>1500mm<\/td><td>1550mm<\/td><td>1600mm<\/td><td>1650mm<\/td><\/tr><\/tbody><\/table><\/figure>    <h2 class=\"wp-block-heading\" id=\"application-of-peeled-wood\"><strong>Aplica\u00e7\u00e3o de madeira descascada<\/strong><\/h2>    <p>A madeira descascada pode ser usada em diversas aplica\u00e7\u00f5es, incluindo usos decorativos e funcionais. Alguns usos comuns de madeira descascada incluem:<\/p>    <ol class=\"wp-block-list\"> <li><strong>M\u00f3veis r\u00fasticos:<\/strong> A madeira descascada pode ser usada para criar m\u00f3veis r\u00fasticos e com apar\u00eancia natural, como mesas de centro, mesas de jantar e bancos.<\/li>    <li><strong>Revestimentos de parede:<\/strong> A madeira descascada pode ser utilizada para criar um aspecto natural e r\u00fastico nas paredes, seja como elemento decorativo ou como forma funcional de esconder imperfei\u00e7\u00f5es.<\/li>    <li><strong>Borda do jardim:<\/strong> Madeira descascada pode ser usada para criar uma borda de apar\u00eancia natural ao redor de um jardim ou canteiro de flores.<\/li>    <li><strong>Esgrima:<\/strong> A madeira descascada pode ser utilizada para criar uma cerca r\u00fastica e de aspecto natural, seja como elemento decorativo ou para marcar os limites de uma propriedade.<\/li>    <li><strong>Projetos de artesanato:<\/strong> A madeira descascada pode ser usada em diversos projetos artesanais, como a cria\u00e7\u00e3o de letreiros ou decora\u00e7\u00f5es r\u00fasticas.<\/li>    <li><strong>Paisagismo:<\/strong> A madeira descascada pode ser usada em projetos de paisagismo para criar elementos de apar\u00eancia natural, como muros de conten\u00e7\u00e3o ou canteiros elevados.<\/li> <\/ol>    <div class=\"wp-block-columns is-layout-flex wp-container-core-columns-is-layout-28f84493 wp-block-columns-is-layout-flex\"> <div class=\"wp-block-column is-layout-flow wp-block-column-is-layout-flow\"> <p class=\"translation-block\"><strong>Fabricar estacas<\/strong><\/p>    <figure class=\"wp-block-gallery has-nested-images columns-default is-cropped wp-block-gallery-10 is-layout-flex wp-block-gallery-is-layout-flex\"> <figure class=\"wp-block-image size-large\"><img loading=\"lazy\" decoding=\"async\" width=\"720\" height=\"540\" data-id=\"2171\" src=\"https:\/\/charcoalplant.com\/wp-content\/uploads\/2022\/01\/wood-stakes.jpg\" alt=\"\" class=\"wp-image-2171\"\/><\/figure> <\/figure> <\/div>    <div class=\"wp-block-column is-layout-flow wp-block-column-is-layout-flow\"> <p class=\"translation-block\"><strong>Fabricar materiais de constru\u00e7\u00e3o de casas de madeira<\/strong><\/p>    <figure class=\"wp-block-gallery has-nested-images columns-default is-cropped wp-block-gallery-11 is-layout-flex wp-block-gallery-is-layout-flex\"> <figure class=\"wp-block-image size-large\"><img loading=\"lazy\" decoding=\"async\" width=\"720\" height=\"540\" data-id=\"2172\" src=\"https:\/\/charcoalplant.com\/wp-content\/uploads\/2022\/01\/houses.jpg\" alt=\"\" class=\"wp-image-2172\"\/><\/figure> <\/figure> <\/div> <\/div>    <div class=\"wp-block-columns is-layout-flex wp-container-core-columns-is-layout-28f84493 wp-block-columns-is-layout-flex\"> <div class=\"wp-block-column is-layout-flow wp-block-column-is-layout-flow\"> <p><strong><a href=\"https:\/\/charcoalplant.com\/pt\/wood-wastes-recycling-machine\/movable-log-sawmill\/\">Use uma serra para fazer t\u00e1buas<\/a><\/strong><\/p>    <figure class=\"wp-block-gallery has-nested-images columns-default is-cropped wp-block-gallery-12 is-layout-flex wp-block-gallery-is-layout-flex\"> <figure class=\"wp-block-image size-large\"><img loading=\"lazy\" decoding=\"async\" width=\"720\" height=\"540\" data-id=\"2173\" src=\"https:\/\/charcoalplant.com\/wp-content\/uploads\/2022\/01\/wood-board-2.jpg\" alt=\"\" class=\"wp-image-2173\"\/><\/figure> <\/figure> <\/div>    <div class=\"wp-block-column is-layout-flow wp-block-column-is-layout-flow\"> <p><strong><a href=\"https:\/\/charcoalplant.com\/pt\/wood-wastes-recycling-machine\/log-chipper\/\">Tritura\u00e7\u00e3o e reprocessamento de picador de madeira<\/a><\/strong><\/p>    <figure class=\"wp-block-gallery has-nested-images columns-default is-cropped wp-block-gallery-13 is-layout-flex wp-block-gallery-is-layout-flex\"> <figure class=\"wp-block-image size-large\"><img loading=\"lazy\" decoding=\"async\" width=\"720\" height=\"540\" data-id=\"2175\" src=\"https:\/\/charcoalplant.com\/wp-content\/uploads\/2022\/01\/wooden-pellet-1.jpg\" alt=\"\" class=\"wp-image-2175\"\/><\/figure> <\/figure> <\/div> <\/div>    <h2 class=\"wp-block-heading\" id=\"h-how-to-choose-the-right-wood-peeling-machine\"><strong>Como escolher a m\u00e1quina descascadora de madeira certa?<\/strong><\/h2>    <p>A m\u00e1quina vertical de descascar madeira tem requisitos mais elevados de mat\u00e9rias-primas. Se voc\u00ea possui muitos bons recursos de madeira (caracter\u00edsticas da madeira: reta, sem gagueira, n\u00f3s e galhos), pode escolher uma descascadora vertical. Os produtos acabados por ela processados \u200b\u200bpodem ser transformados em estacas, artesanato de alta qualidade ou vendidos diretamente.<\/p>    <p>A m\u00e1quina de descascar madeira \u00e9 adequada para v\u00e1rios tipos de madeira e \u00e9 mais adequada para madeira fina e galhos com di\u00e2metro inferior a 30 cm. As mat\u00e9rias-primas est\u00e3o mais amplamente dispon\u00edveis. Os produtos acabados por ela processados \u200b\u200bs\u00e3o utilizados principalmente no reprocessamento de madeira e em f\u00e1bricas que possuem maiores exig\u00eancias para produtos reciclados, como f\u00e1bricas de papel que exigem qualidade de papel, f\u00e1bricas de carv\u00e3o avan\u00e7adas e assim por diante.<\/p>","protected":false},"excerpt":{"rendered":"<p>A m\u00e1quina de descascar madeira pode descascar automaticamente a madeira. A Shuliy Machinery vende m\u00e1quinas descascadoras verticais e m\u00e1quinas descascadoras de calha.<\/p>","protected":false},"author":1,"featured_media":944,"parent":0,"template":"","tags":[64],"product-type":[3],"class_list":["post-789","product","type-product","status-publish","has-post-thumbnail","hentry","tag-wood-wastes-recycling-machine","product-type-wood-wastes-recycling-machine"],"_links":{"self":[{"href":"https:\/\/charcoalplant.com\/pt\/wp-json\/wp\/v2\/product\/789","targetHints":{"allow":["GET"]}}],"collection":[{"href":"https:\/\/charcoalplant.com\/pt\/wp-json\/wp\/v2\/product"}],"about":[{"href":"https:\/\/charcoalplant.com\/pt\/wp-json\/wp\/v2\/types\/product"}],"author":[{"embeddable":true,"href":"https:\/\/charcoalplant.com\/pt\/wp-json\/wp\/v2\/users\/1"}],"wp:featuredmedia":[{"embeddable":true,"href":"https:\/\/charcoalplant.com\/pt\/wp-json\/wp\/v2\/media\/944"}],"wp:attachment":[{"href":"https:\/\/charcoalplant.com\/pt\/wp-json\/wp\/v2\/media?parent=789"}],"wp:term":[{"taxonomy":"post_tag","embeddable":true,"href":"https:\/\/charcoalplant.com\/pt\/wp-json\/wp\/v2\/tags?post=789"},{"taxonomy":"product-type","embeddable":true,"href":"https:\/\/charcoalplant.com\/pt\/wp-json\/wp\/v2\/product-type?post=789"}],"curies":[{"name":"wp","href":"https:\/\/api.w.org\/{rel}","templated":true}]}}