{"id":958,"date":"2021-11-25T10:11:39","date_gmt":"2021-11-25T10:11:39","guid":{"rendered":"https:\/\/charcoalplant.com\/?p=958"},"modified":"2023-01-14T14:25:49","modified_gmt":"2023-01-14T06:25:49","slug":"rice-husk-dryer","status":"publish","type":"product","link":"https:\/\/charcoalplant.com\/pt\/product\/rice-husk-dryer\/","title":{"rendered":"Secador de casca de arroz | M\u00e1quina de secagem de biomassa"},"content":{"rendered":"<div class=\"kk-star-ratings kksr-auto kksr-align-left kksr-valign-top\"     data-payload='{&quot;align&quot;:&quot;left&quot;,&quot;id&quot;:&quot;958&quot;,&quot;slug&quot;:&quot;default&quot;,&quot;valign&quot;:&quot;top&quot;,&quot;ignore&quot;:&quot;&quot;,&quot;reference&quot;:&quot;auto&quot;,&quot;class&quot;:&quot;&quot;,&quot;count&quot;:&quot;23&quot;,&quot;legendonly&quot;:&quot;&quot;,&quot;readonly&quot;:&quot;&quot;,&quot;score&quot;:&quot;4.6&quot;,&quot;starsonly&quot;:&quot;&quot;,&quot;best&quot;:&quot;5&quot;,&quot;gap&quot;:&quot;5&quot;,&quot;greet&quot;:&quot;Rate this product&quot;,&quot;legend&quot;:&quot;4.6\\\/5 - (23 votes)&quot;,&quot;size&quot;:&quot;24&quot;,&quot;title&quot;:&quot;Rice Husk Dryer | Biomass Drying Machine&quot;,&quot;width&quot;:&quot;130.9&quot;,&quot;_legend&quot;:&quot;{score}\\\/{best} - ({count} {votes})&quot;,&quot;font_factor&quot;:&quot;1.25&quot;}'>              <div class=\"kksr-stars\">      <div class=\"kksr-stars-inactive\">             <div class=\"kksr-star\" data-star=\"1\" style=\"padding-right: 5px\">               <div class=\"kksr-icon\" style=\"width: 24px; height: 24px;\"><\/div>         <\/div>             <div class=\"kksr-star\" data-star=\"2\" style=\"padding-right: 5px\">               <div class=\"kksr-icon\" style=\"width: 24px; height: 24px;\"><\/div>         <\/div>             <div class=\"kksr-star\" data-star=\"3\" style=\"padding-right: 5px\">               <div class=\"kksr-icon\" style=\"width: 24px; height: 24px;\"><\/div>         <\/div>             <div class=\"kksr-star\" data-star=\"4\" style=\"padding-right: 5px\">               <div class=\"kksr-icon\" style=\"width: 24px; height: 24px;\"><\/div>         <\/div>             <div class=\"kksr-star\" data-star=\"5\" style=\"padding-right: 5px\">               <div class=\"kksr-icon\" style=\"width: 24px; height: 24px;\"><\/div>         <\/div>     <\/div>      <div class=\"kksr-stars-active\" style=\"width: 130.9px;\">             <div class=\"kksr-star\" style=\"padding-right: 5px\">               <div class=\"kksr-icon\" style=\"width: 24px; height: 24px;\"><\/div>         <\/div>             <div class=\"kksr-star\" style=\"padding-right: 5px\">               <div class=\"kksr-icon\" style=\"width: 24px; height: 24px;\"><\/div>         <\/div>             <div class=\"kksr-star\" style=\"padding-right: 5px\">               <div class=\"kksr-icon\" style=\"width: 24px; height: 24px;\"><\/div>         <\/div>             <div class=\"kksr-star\" style=\"padding-right: 5px\">               <div class=\"kksr-icon\" style=\"width: 24px; height: 24px;\"><\/div>         <\/div>             <div class=\"kksr-star\" style=\"padding-right: 5px\">               <div class=\"kksr-icon\" style=\"width: 24px; height: 24px;\"><\/div>         <\/div>     <\/div> <\/div>                   <div class=\"kksr-legend\" style=\"font-size: 19.2px;\">             4,6\/5 - (23 votos)    <\/div>     <\/div>  <p class=\"translation-block\">O <strong>secador de casca de arroz<\/strong> \u00e9 um equipamento de secagem importante na linha de produ\u00e7\u00e3o de carv\u00e3o vegetal. Pode secar serradura h\u00famida, aparas de madeira h\u00famidas, bambu h\u00famido e outras mat\u00e9rias-primas. Portanto, pode ser usado em metalurgia, materiais de constru\u00e7\u00e3o, qu\u00edmicos, lavagem de carv\u00e3o, fertilizantes, min\u00e9rio, areia e outros campos. Produzimos secadores de tambor rotativo e secadores de fluxo de ar. T\u00eam as caracter\u00edsticas de economia de energia, bom efeito de secagem e opera\u00e7\u00e3o simples. Pode ligar ou enviar um e-mail para n\u00f3s e n\u00f3s dar-lhe-emos um pre\u00e7o competitivo.<\/p>    <h2 class=\"wp-block-heading\" id=\"h-what-are-the-types-of-rice-husk-dryers\">Quais s\u00e3o os tipos de secadores de casca de arroz?<\/h2>    <p class=\"translation-block\">Os secadores industriais s\u00e3o divididos em secadores rotativos horizontais e secadores de fluxo de ar verticais. De facto, ambos os secadores podem secar <strong><a href=\"https:\/\/charcoalplant.com\/pt\/wood-wastes-recycling-machine\/waste-wooden-pallet-grinder\/\">serradura<\/a><\/strong>, aparas de madeira, areia, fertilizante, pedras e muito mais. E o efeito de secagem tamb\u00e9m \u00e9 bom. Ent\u00e3o, qual \u00e9 a diferen\u00e7a entre eles? Como deve escolher um secador? Discutiremos estas quest\u00f5es a seguir.<\/p>    <h2 class=\"wp-block-heading\"><strong>Tipo 1<\/strong>: secador rotativo horizontal<\/h2>    <p>A m\u00e1quina secadora rotativa de casca de arroz pode secar min\u00e9rio, argila, areia, p\u00f3 e outros materiais. O importante \u00e9 que seu efeito de secagem pode chegar a mais de 95%. A secadora rotativa \u00e9 a mais encomendada pelos nossos clientes. Ou seja, \u00e9 o melhor equipamento de secagem vendido.<\/p>    <figure class=\"wp-block-image aligncenter size-full\"><img loading=\"lazy\" decoding=\"async\" width=\"720\" height=\"540\" src=\"https:\/\/charcoalplant.com\/wp-content\/uploads\/2021\/11\/Rice-husk-dryer-1.jpg\" alt=\"Secador de casca de arroz\" class=\"wp-image-960\" srcset=\"https:\/\/charcoalplant.com\/wp-content\/uploads\/2021\/11\/Rice-husk-dryer-1.jpg 720w, https:\/\/charcoalplant.com\/wp-content\/uploads\/2021\/11\/Rice-husk-dryer-1-300x225.jpg 300w\" sizes=\"auto, (max-width: 720px) 100vw, 720px\" \/><figcaption class=\"wp-element-caption\">Secador de casca de arroz<\/figcaption><\/figure>    <h2 class=\"wp-block-heading\">Estrutura da m\u00e1quina de secagem de serragem<\/h2>    <p class=\"translation-block\">A sua principal caracter\u00edstica estrutural \u00e9 um rolo horizontal. Os tambores t\u00eam di\u00e2metros diferentes para alcan\u00e7ar diferentes produ\u00e7\u00f5es. Existem muitas placas de eleva\u00e7\u00e3o dentro do tambor. Quando o tambor gira, as mat\u00e9rias-primas podem ser transferidas uniformemente. Em segundo lugar, o motor redutor e a engrenagem fora do barril. A rota\u00e7\u00e3o do tambor depende de engrenagens e o controlo de velocidade depende de um <strong><a href=\"https:\/\/charcoalplant.com\/pt\/industrial-comprehensive-crusher\/\">motor redutor.<\/a><\/strong><\/p>    <figure class=\"wp-block-image aligncenter size-full\"><img loading=\"lazy\" decoding=\"async\" width=\"696\" height=\"409\" src=\"https:\/\/charcoalplant.com\/wp-content\/uploads\/2022\/03\/sawdust-drying-machine.jpg\" alt=\"m\u00e1quina de secar serragem\" class=\"wp-image-2597\"\/><figcaption class=\"wp-element-caption\">m\u00e1quina de secar serragem<\/figcaption><\/figure>    <div class=\"wp-block-columns has-background is-layout-flex wp-container-core-columns-is-layout-28f84493 wp-block-columns-is-layout-flex\" style=\"background-color:#f1f1f1\"> <div class=\"wp-block-column is-layout-flow wp-block-column-is-layout-flow\" style=\"flex-basis:66.66%\"> <figure class=\"wp-block-gallery has-nested-images columns-default is-cropped wp-block-gallery-2 is-layout-flex wp-block-gallery-is-layout-flex\"> <figure class=\"wp-block-image size-large\"><img loading=\"lazy\" decoding=\"async\" width=\"720\" height=\"540\" data-id=\"968\" src=\"https:\/\/charcoalplant.com\/wp-content\/uploads\/2021\/11\/Roller-1.jpg\" alt=\"Rolo\" class=\"wp-image-968\" srcset=\"https:\/\/charcoalplant.com\/wp-content\/uploads\/2021\/11\/Roller-1.jpg 720w, https:\/\/charcoalplant.com\/wp-content\/uploads\/2021\/11\/Roller-1-300x225.jpg 300w\" sizes=\"auto, (max-width: 720px) 100vw, 720px\" \/><figcaption class=\"wp-element-caption\">Rolo<\/figcaption><\/figure> <\/figure> <\/div>    <div class=\"wp-block-column is-vertically-aligned-center is-layout-flow wp-block-column-is-layout-flow\" style=\"flex-basis:33.33%\"> <p class=\"translation-block\"><strong>Corpo principal<\/strong><\/p>    <p>Sua principal estrutura caracter\u00edstica \u00e9 um rolo horizontal. Os tambores t\u00eam di\u00e2metros diferentes para obter resultados diferentes. Existem muitas placas de eleva\u00e7\u00e3o dentro do tambor.<\/p> <\/div> <\/div>    <div class=\"wp-block-columns has-background is-layout-flex wp-container-core-columns-is-layout-28f84493 wp-block-columns-is-layout-flex\" style=\"background-color:#f1f1f1\"> <div class=\"wp-block-column is-vertically-aligned-center is-layout-flow wp-block-column-is-layout-flow\" style=\"flex-basis:33.33%\"> <p class=\"translation-block\"><strong>Caixa de controlo el\u00e9trico<\/strong><\/p>    <p>O gabinete de distribui\u00e7\u00e3o de energia pode controlar facilmente a temperatura e a velocidade do redutor. Portanto, tamb\u00e9m desempenha um papel de seguran\u00e7a.<\/p> <\/div>    <div class=\"wp-block-column is-layout-flow wp-block-column-is-layout-flow\" style=\"flex-basis:66.66%\"> <figure class=\"wp-block-gallery has-nested-images columns-default is-cropped wp-block-gallery-3 is-layout-flex wp-block-gallery-is-layout-flex\"> <figure class=\"wp-block-image size-large\"><img loading=\"lazy\" decoding=\"async\" width=\"720\" height=\"540\" data-id=\"2604\" src=\"https:\/\/charcoalplant.com\/wp-content\/uploads\/2022\/03\/electric-box.jpg\" alt=\"\" class=\"wp-image-2604\"\/><\/figure> <\/figure> <\/div> <\/div>    <h2 class=\"wp-block-heading\">Par\u00e2metros da m\u00e1quina secadora de serragem<\/h2>    <figure class=\"wp-block-table is-style-stripes\"><table><tbody><tr><td>Modelo<\/td><td>Capacidade<\/td><td>Poder<\/td><td>Di\u00e2metro Rotativo<\/td><\/tr><tr><td>SL-RD800<\/td><td>400-600 kg\/hora<\/td><td>4kw<\/td><td>0,8 m de di\u00e2metro, comprimento 8 m<\/td><\/tr><tr><td>SL-RD1000<\/td><td>800-1000 kg\/hora<\/td><td>5,5+5,5 kW<\/td><td>1m de di\u00e2metro, comprimento 10m<\/td><\/tr><tr><td>SL-RD1200<\/td><td>1000-1200 kg\/h<\/td><td>7,5+7,5 kW<\/td><td>1,2 m de di\u00e2metro, comprimento 12 m<\/td><\/tr><tr><td>SL-RD1500<\/td><td>1500-2000 kg\/h<\/td><td>15+15kw<\/td><td>1,5m de di\u00e2metro, comprimento 12m<\/td><\/tr><\/tbody><\/table><\/figure>    <h2 class=\"wp-block-heading\">V\u00eddeo da m\u00e1quina de secagem de serragem industrial<\/h2>    <figure class=\"wp-block-embed is-type-video is-provider-youtube wp-block-embed-youtube wp-embed-aspect-16-9 wp-has-aspect-ratio\"><div class=\"wp-block-embed__wrapper\"> <iframe loading=\"lazy\" title=\"Maravilhosa m\u00e1quina de secar serragem | Linha de produ\u00e7\u00e3o de secador SL-800 instalada na Indon\u00e9sia#secagem de serragem\" width=\"500\" height=\"281\" src=\"https:\/\/www.youtube.com\/embed\/qOxIQAGlh44?feature=oembed\" frameborder=\"0\" allow=\"accelerometer; autoplay; clipboard-write; encrypted-media; gyroscope; picture-in-picture; web-share\" referrerpolicy=\"strict-origin-when-cross-origin\" allowfullscreen><\/iframe> <\/div><\/figure>    <h2 class=\"wp-block-heading\"><strong>Tipo 2<\/strong>: secador de fluxo de ar vertical<\/h2>    <p>O secador de fluxo de ar \u00e9 mais adequado para secar materiais leves, como\u00a0casca de arroz,\u00a0p\u00f3, serragem, part\u00edculas de madeira, etc. Sua capacidade de desumidifica\u00e7\u00e3o tamb\u00e9m \u00e9 muito boa. Mas \u00e9 preciso calcular a altura da planta, ent\u00e3o a produ\u00e7\u00e3o \u00e9 limitada.<\/p>    <figure class=\"wp-block-image aligncenter size-full\"><img loading=\"lazy\" decoding=\"async\" width=\"720\" height=\"540\" src=\"https:\/\/charcoalplant.com\/wp-content\/uploads\/2022\/03\/rice-husk-dryer-machine.jpg\" alt=\"\" class=\"wp-image-2600\"\/><\/figure>    <h2 class=\"wp-block-heading\">Estrutura da m\u00e1quina de secagem por fluxo de ar<\/h2>    <p>A estrutura do secador de casca de arroz inclui principalmente um forno fonte de calor, um ventilador de tiragem induzida, uma c\u00e2mara de secagem, uma entrada, uma sa\u00edda, etc.<\/p>    <figure class=\"wp-block-image aligncenter size-full is-resized\"><img loading=\"lazy\" decoding=\"async\" src=\"https:\/\/charcoalplant.com\/wp-content\/uploads\/2022\/03\/rice-husk-dryer-show.png\" alt=\"show de secador de casca de arroz\" class=\"wp-image-2599\" width=\"697\" height=\"336\"\/><figcaption class=\"wp-element-caption\">show de secador de casca de arroz<\/figcaption><\/figure>    <div class=\"wp-block-columns has-background is-layout-flex wp-container-core-columns-is-layout-28f84493 wp-block-columns-is-layout-flex\" style=\"background-color:#f1f1f1\"> <div class=\"wp-block-column is-layout-flow wp-block-column-is-layout-flow\" style=\"flex-basis:66.66%\"> <figure class=\"wp-block-gallery has-nested-images columns-default is-cropped wp-block-gallery-4 is-layout-flex wp-block-gallery-is-layout-flex\"> <figure class=\"wp-block-image size-large\"><img loading=\"lazy\" decoding=\"async\" width=\"720\" height=\"540\" data-id=\"967\" src=\"https:\/\/charcoalplant.com\/wp-content\/uploads\/2021\/11\/Heat-source-furnace-for-airflow-dryer-1.jpg\" alt=\"Forno de fonte de calor para secador de fluxo de ar\" class=\"wp-image-967\" srcset=\"https:\/\/charcoalplant.com\/wp-content\/uploads\/2021\/11\/Heat-source-furnace-for-airflow-dryer-1.jpg 720w, https:\/\/charcoalplant.com\/wp-content\/uploads\/2021\/11\/Heat-source-furnace-for-airflow-dryer-1-300x225.jpg 300w\" sizes=\"auto, (max-width: 720px) 100vw, 720px\" \/><figcaption class=\"wp-element-caption\">Forno de fonte de calor para secador de fluxo de ar<\/figcaption><\/figure> <\/figure> <\/div>    <div class=\"wp-block-column is-vertically-aligned-center is-layout-flow wp-block-column-is-layout-flow\" style=\"flex-basis:33.33%\"> <p class=\"translation-block\"><strong>Queimador<\/strong><\/p>    <p>Fornece fonte de calor ao queimar o forno. Al\u00e9m disso, suas mat\u00e9rias-primas n\u00e3o s\u00e3o necess\u00e1rias.<\/p> <\/div> <\/div>    <div class=\"wp-block-columns has-background is-layout-flex wp-container-core-columns-is-layout-28f84493 wp-block-columns-is-layout-flex\" style=\"background-color:#f1f1f1\"> <div class=\"wp-block-column is-vertically-aligned-center is-layout-flow wp-block-column-is-layout-flow\" style=\"flex-basis:33.33%\"> <p class=\"translation-block\"><strong>Tubo<\/strong><\/p>    <p>A estrutura e a apar\u00eancia da c\u00e2mara de secagem dos dois secadores de casca de arroz s\u00e3o diferentes. Utiliza um silo vertical. Portanto, ocupa um espa\u00e7o horizontal menor. Mas \u00e9 preciso calcular a altura da planta, ent\u00e3o a produ\u00e7\u00e3o \u00e9 limitada.<\/p> <\/div>    <div class=\"wp-block-column is-layout-flow wp-block-column-is-layout-flow\" style=\"flex-basis:66.66%\"> <figure class=\"wp-block-gallery has-nested-images columns-default is-cropped wp-block-gallery-5 is-layout-flex wp-block-gallery-is-layout-flex\"> <figure class=\"wp-block-image size-large\"><img loading=\"lazy\" decoding=\"async\" width=\"720\" height=\"540\" data-id=\"2605\" src=\"https:\/\/charcoalplant.com\/wp-content\/uploads\/2022\/03\/airflow-dryer-for-sale.jpg\" alt=\"\" class=\"wp-image-2605\"\/><\/figure> <\/figure> <\/div> <\/div>    <h2 class=\"wp-block-heading\">Par\u00e2metros da m\u00e1quina secadora de fluxo de ar<\/h2>    <figure class=\"wp-block-table is-style-stripes\"><table><tbody><tr><td>Tipo<\/td><td>Capacidade<\/td><td>Poder<\/td><\/tr><tr><td>SL-AD320<\/td><td>500-600 kg\/hora<\/td><td>7,5 kW<\/td><\/tr><tr><td>SL-AD219<\/td><td>300-400 kg\/hora<\/td><td>5,5 kW<\/td><\/tr><\/tbody><\/table><\/figure>    <h2 class=\"wp-block-heading\" id=\"h-related-accessories-of-rice-husk-drying-machine\">Acess\u00f3rios relacionados \u00e0 m\u00e1quina de secagem de casca de arroz<\/h2>    <p>Ambos os tipos de secadores de serragem dependem do forno fonte de calor para fornecer a fonte de calor e, em seguida, misturar o material com o ar quente atrav\u00e9s do ventilador de tiragem induzida. A temperatura final do produto fica em torno de 50 graus.<\/p>    <p>Portanto, para garantir a seguran\u00e7a dos operadores, geralmente recomendamos que os clientes instalem dispositivos de refrigera\u00e7\u00e3o e remo\u00e7\u00e3o de poeira. Por um lado, o resfriamento a ar pode resfriar a serragem de alta temperatura a 20 graus. Por outro lado, o dispositivo de remo\u00e7\u00e3o de poeira pode coletar poeira para garantir a pureza do produto e a higiene da f\u00e1brica.<\/p>    <figure class=\"wp-block-image aligncenter size-full\"><img loading=\"lazy\" decoding=\"async\" width=\"720\" height=\"540\" src=\"https:\/\/charcoalplant.com\/wp-content\/uploads\/2022\/03\/dust-romovel-machine.jpg\" alt=\"\" class=\"wp-image-2606\"\/><\/figure>    <h2 class=\"wp-block-heading\" id=\"h-rice-husk-dryer-for-sale\">Secador de casca de arroz\u00a0\u00e0 venda<\/h2>    <p class=\"translation-block\">Existem dois tipos de secadores de casca de arroz que vendemos: secadores de tambor e secadores de fluxo de ar. E pode colocar uma <strong><a href=\"https:\/\/charcoalplant.com\/pt\/biomass-briquette-machine\/sawdust-briquette-machine\/\">m\u00e1quina de briquetagem de biomassa<\/a><\/strong> atr\u00e1s da m\u00e1quina. Produzimos di\u00e2metros de rolo de 800mm, 1000mm e 1200mm. Se precisar de um di\u00e2metro de rolo maior, podemos personaliz\u00e1-lo para si. O comprimento do tambor tamb\u00e9m \u00e9 flex\u00edvel. As especifica\u00e7\u00f5es do silo do secador de fluxo de ar tamb\u00e9m s\u00e3o diversas. Contacte-nos o mais rapidamente poss\u00edvel, fornecer-lhe-emos os par\u00e2metros detalhados da m\u00e1quina de fazer casca de arroz.<\/p>    <figure class=\"wp-block-gallery has-nested-images columns-2 is-cropped wp-block-gallery-6 is-layout-flex wp-block-gallery-is-layout-flex\"> <figure class=\"wp-block-image size-large\"><img loading=\"lazy\" decoding=\"async\" width=\"720\" height=\"540\" data-id=\"972\" src=\"https:\/\/charcoalplant.com\/wp-content\/uploads\/2021\/11\/Shipment-of-rice-husk-dryer-1.jpg\" alt=\"Remessa de secador de casca de arroz\" class=\"wp-image-972\" srcset=\"https:\/\/charcoalplant.com\/wp-content\/uploads\/2021\/11\/Shipment-of-rice-husk-dryer-1.jpg 720w, https:\/\/charcoalplant.com\/wp-content\/uploads\/2021\/11\/Shipment-of-rice-husk-dryer-1-300x225.jpg 300w\" sizes=\"auto, (max-width: 720px) 100vw, 720px\" \/><figcaption class=\"wp-element-caption\">Remessa de secador de casca de arroz<\/figcaption><\/figure>    <figure class=\"wp-block-image size-full\"><img loading=\"lazy\" decoding=\"async\" width=\"720\" height=\"540\" data-id=\"2607\" src=\"https:\/\/charcoalplant.com\/wp-content\/uploads\/2022\/03\/rice-husk-dryer-shipping.jpg\" alt=\"envio de secador de casca de arroz\" class=\"wp-image-2607\"\/><figcaption class=\"wp-element-caption\">envio de secador de casca de arroz<\/figcaption><\/figure> <\/figure>","protected":false},"excerpt":{"rendered":"<p>O secador de casca de arroz pode secar serragem \u00famida, baga\u00e7o \u00famido, areia \u00famida, etc. Ele pode reduzir o teor de umidade para cerca de 8%.<\/p>","protected":false},"author":1,"featured_media":960,"parent":0,"template":"","tags":[60],"product-type":[45],"class_list":["post-958","product","type-product","status-publish","has-post-thumbnail","hentry","tag-drying-machine","product-type-drying-machine"],"_links":{"self":[{"href":"https:\/\/charcoalplant.com\/pt\/wp-json\/wp\/v2\/product\/958","targetHints":{"allow":["GET"]}}],"collection":[{"href":"https:\/\/charcoalplant.com\/pt\/wp-json\/wp\/v2\/product"}],"about":[{"href":"https:\/\/charcoalplant.com\/pt\/wp-json\/wp\/v2\/types\/product"}],"author":[{"embeddable":true,"href":"https:\/\/charcoalplant.com\/pt\/wp-json\/wp\/v2\/users\/1"}],"wp:featuredmedia":[{"embeddable":true,"href":"https:\/\/charcoalplant.com\/pt\/wp-json\/wp\/v2\/media\/960"}],"wp:attachment":[{"href":"https:\/\/charcoalplant.com\/pt\/wp-json\/wp\/v2\/media?parent=958"}],"wp:term":[{"taxonomy":"post_tag","embeddable":true,"href":"https:\/\/charcoalplant.com\/pt\/wp-json\/wp\/v2\/tags?post=958"},{"taxonomy":"product-type","embeddable":true,"href":"https:\/\/charcoalplant.com\/pt\/wp-json\/wp\/v2\/product-type?post=958"}],"curies":[{"name":"wp","href":"https:\/\/api.w.org\/{rel}","templated":true}]}}