{"id":999,"date":"2021-11-30T02:53:43","date_gmt":"2021-11-30T02:53:43","guid":{"rendered":"https:\/\/charcoalplant.com\/?p=999"},"modified":"2026-01-15T17:41:46","modified_gmt":"2026-01-15T09:41:46","slug":"sawdust-briquette-machine","status":"publish","type":"product","link":"https:\/\/charcoalplant.com\/pt\/product\/sawdust-briquette-machine\/","title":{"rendered":"M\u00e1quina de briquetagem de serragem | M\u00e1quina para fazer carv\u00e3o de serragem"},"content":{"rendered":"<div class=\"kk-star-ratings kksr-auto kksr-align-left kksr-valign-top\"     data-payload='{&quot;align&quot;:&quot;left&quot;,&quot;id&quot;:&quot;999&quot;,&quot;slug&quot;:&quot;default&quot;,&quot;valign&quot;:&quot;top&quot;,&quot;ignore&quot;:&quot;&quot;,&quot;reference&quot;:&quot;auto&quot;,&quot;class&quot;:&quot;&quot;,&quot;count&quot;:&quot;68&quot;,&quot;legendonly&quot;:&quot;&quot;,&quot;readonly&quot;:&quot;&quot;,&quot;score&quot;:&quot;4.8&quot;,&quot;starsonly&quot;:&quot;&quot;,&quot;best&quot;:&quot;5&quot;,&quot;gap&quot;:&quot;5&quot;,&quot;greet&quot;:&quot;Rate this product&quot;,&quot;legend&quot;:&quot;4.8\\\/5 - (68 votes)&quot;,&quot;size&quot;:&quot;24&quot;,&quot;title&quot;:&quot;Sawdust Briquette Machine | Sawdust Charcoal Making Machine&quot;,&quot;width&quot;:&quot;136.7&quot;,&quot;_legend&quot;:&quot;{score}\\\/{best} - ({count} {votes})&quot;,&quot;font_factor&quot;:&quot;1.25&quot;}'>              <div class=\"kksr-stars\">      <div class=\"kksr-stars-inactive\">             <div class=\"kksr-star\" data-star=\"1\" style=\"padding-right: 5px\">               <div class=\"kksr-icon\" style=\"width: 24px; height: 24px;\"><\/div>         <\/div>             <div class=\"kksr-star\" data-star=\"2\" style=\"padding-right: 5px\">               <div class=\"kksr-icon\" style=\"width: 24px; height: 24px;\"><\/div>         <\/div>             <div class=\"kksr-star\" data-star=\"3\" style=\"padding-right: 5px\">               <div class=\"kksr-icon\" style=\"width: 24px; height: 24px;\"><\/div>         <\/div>             <div class=\"kksr-star\" data-star=\"4\" style=\"padding-right: 5px\">               <div class=\"kksr-icon\" style=\"width: 24px; height: 24px;\"><\/div>         <\/div>             <div class=\"kksr-star\" data-star=\"5\" style=\"padding-right: 5px\">               <div class=\"kksr-icon\" style=\"width: 24px; height: 24px;\"><\/div>         <\/div>     <\/div>      <div class=\"kksr-stars-active\" style=\"width: 136.7px;\">             <div class=\"kksr-star\" style=\"padding-right: 5px\">               <div class=\"kksr-icon\" style=\"width: 24px; height: 24px;\"><\/div>         <\/div>             <div class=\"kksr-star\" style=\"padding-right: 5px\">               <div class=\"kksr-icon\" style=\"width: 24px; height: 24px;\"><\/div>         <\/div>             <div class=\"kksr-star\" style=\"padding-right: 5px\">               <div class=\"kksr-icon\" style=\"width: 24px; height: 24px;\"><\/div>         <\/div>             <div class=\"kksr-star\" style=\"padding-right: 5px\">               <div class=\"kksr-icon\" style=\"width: 24px; height: 24px;\"><\/div>         <\/div>             <div class=\"kksr-star\" style=\"padding-right: 5px\">               <div class=\"kksr-icon\" style=\"width: 24px; height: 24px;\"><\/div>         <\/div>     <\/div> <\/div>                   <div class=\"kksr-legend\" style=\"font-size: 19.2px;\">             4,8\/5 - (68 votos)    <\/div>     <\/div>  <p class=\"translation-block\"><strong>Sawdust briquette machine<\/strong> \u00e9 uma esp\u00e9cie de equipamento que utiliza v\u00e1rias fibras de biomassa como mat\u00e9ria-prima para fabricar palitos de biomassa. E n\u00e3o \u00e9 necess\u00e1rio adicionar qualquer aglutinante durante o seu processamento. Devido \u00e0s caracter\u00edsticas amigas do ambiente e de resist\u00eancia \u00e0 queima do <strong><a href=\"https:\/\/charcoalplant.com\/pt\/news\/biomass-briquette-fuel-and-biomass-fuel\/\">carv\u00e3o produzido pela m\u00e1quina<\/a><\/strong>, h\u00e1 uma grande procura por ele nos mercados nacionais e estrangeiros. Portanto, as principais f\u00e1bricas de carv\u00e3o apressaram-se a comprar v\u00e1rias m\u00e1quinas de briquetagem de serradura para o processamento de <a href=\"https:\/\/charcoalplant.com\/pt\/charcoal-making-machine-3\/\"><strong>linhas de produ\u00e7\u00e3o de carv\u00e3o<\/strong>.<\/a> Contacte-nos agora para as informa\u00e7\u00f5es mais recentes do mercado sobre m\u00e1quinas de carv\u00e3o.<\/p>    <h2 class=\"wp-block-heading\" id=\"h-what-is-sawdust-briquette-machine\">O que \u00e9 m\u00e1quina de briquetagem de serragem?<\/h2>    <p>A briquetadeira de serragem \u00e9 um dos equipamentos importantes para a linha de produ\u00e7\u00e3o da m\u00e1quina de carv\u00e3o vegetal. Normalmente, a m\u00e1quina de fazer carv\u00e3o de serragem e o secador s\u00e3o colocados na frente da m\u00e1quina de carv\u00e3o. O objetivo \u00e9 fornecer mat\u00e9ria-prima seca. A nova m\u00e1quina para fabrica\u00e7\u00e3o de hastes de serragem de carv\u00e3o com economia de energia adota a tecnologia de fabrica\u00e7\u00e3o de hastes de aquecimento por indu\u00e7\u00e3o eletromagn\u00e9tica e prensagem de parafusos. Como resultado, produz briquetes de serragem mais densos e duros.<\/p>    <figure class=\"wp-block-image aligncenter size-full\"><img loading=\"lazy\" decoding=\"async\" width=\"720\" height=\"540\" src=\"https:\/\/charcoalplant.com\/wp-content\/uploads\/2022\/02\/sawdust-briquette-machine.jpg\" alt=\"m\u00e1quina de briquete de serragem\" class=\"wp-image-2377\"\/><figcaption class=\"wp-element-caption\">m\u00e1quina de briquete de serragem<\/figcaption><\/figure>    <h2 class=\"wp-block-heading\" id=\"h-raw-material-for-sawdust-briquette-machine\">Mat\u00e9ria-prima para m\u00e1quina de briquetagem de serragem<\/h2>    <p>Na verdade, a m\u00e1quina para fabricar briquetes de serragem \u00e9 muito ecol\u00f3gica. Ao mesmo tempo, tamb\u00e9m processa equipamentos de alto valor econ\u00f4mico. Suas mat\u00e9rias-primas s\u00e3o principalmente pellets de serragem com teor de umidade inferior a 12% e tamanho inferior a 6 mm. Por exemplo, serragem, casca de arroz, palha, lascas de bambu, talos de colza, cascas de amendoim, talos de algod\u00e3o, etc. Outros res\u00edduos dom\u00e9sticos comuns. Como borra de caf\u00e9, baga\u00e7o, cascas de sementes de ch\u00e1, etc. (Observa\u00e7\u00e3o: materiais que n\u00e3o atendem ao tamanho da ra\u00e7\u00e3o precisam ser triturados primeiro.)<\/p>    <figure class=\"wp-block-gallery has-nested-images columns-default is-cropped wp-block-gallery-2 is-layout-flex wp-block-gallery-is-layout-flex\"> <figure class=\"wp-block-image size-large\"><img loading=\"lazy\" decoding=\"async\" width=\"720\" height=\"540\" data-id=\"2364\" src=\"https:\/\/charcoalplant.com\/wp-content\/uploads\/2022\/02\/bamboo.jpg\" alt=\"bambu\" class=\"wp-image-2364\"\/><figcaption class=\"wp-element-caption\">bambu<\/figcaption><\/figure>    <figure class=\"wp-block-image size-large\"><img loading=\"lazy\" decoding=\"async\" width=\"600\" height=\"400\" data-id=\"2361\" src=\"https:\/\/charcoalplant.com\/wp-content\/uploads\/2022\/02\/coffee-grounds.jpg\" alt=\"Gr\u00e3os de caf\u00e9\" class=\"wp-image-2361\"\/><figcaption class=\"wp-element-caption\">Gr\u00e3os de caf\u00e9<\/figcaption><\/figure>    <figure class=\"wp-block-image size-large\"><img loading=\"lazy\" decoding=\"async\" width=\"720\" height=\"540\" data-id=\"2365\" src=\"https:\/\/charcoalplant.com\/wp-content\/uploads\/2022\/02\/cotton-stalk-1.jpg\" alt=\"talo de algod\u00e3o\" class=\"wp-image-2365\"\/><figcaption class=\"wp-element-caption\">talo de algod\u00e3o<\/figcaption><\/figure>    <figure class=\"wp-block-image size-large\"><img loading=\"lazy\" decoding=\"async\" width=\"720\" height=\"540\" data-id=\"2362\" src=\"https:\/\/charcoalplant.com\/wp-content\/uploads\/2022\/02\/peanut-shell-1.jpg\" alt=\"casca de amendoim\" class=\"wp-image-2362\"\/><figcaption class=\"wp-element-caption\">casca de amendoim<\/figcaption><\/figure>    <figure class=\"wp-block-image size-large\"><img loading=\"lazy\" decoding=\"async\" width=\"720\" height=\"540\" data-id=\"2363\" src=\"https:\/\/charcoalplant.com\/wp-content\/uploads\/2022\/02\/rice-husk-1.jpg\" alt=\"casca de arroz\" class=\"wp-image-2363\"\/><figcaption class=\"wp-element-caption\">casca de arroz<\/figcaption><\/figure>    <figure class=\"wp-block-image size-large\"><img loading=\"lazy\" decoding=\"async\" width=\"720\" height=\"540\" data-id=\"2366\" src=\"https:\/\/charcoalplant.com\/wp-content\/uploads\/2022\/02\/sawdust-2.jpg\" alt=\"serragem\" class=\"wp-image-2366\"\/><figcaption class=\"wp-element-caption\">serragem<\/figcaption><\/figure> <\/figure>    <h2 class=\"wp-block-heading\" id=\"h-structure-of-biomass-briquetting-machine\">Estrutura da m\u00e1quina para fazer briquetes de serragem<\/h2>    <p>A estrutura principal da briquetadeira de serragem inclui a entrada, a sa\u00edda, o gabinete de distribui\u00e7\u00e3o de energia, a polia, o motor e assim por diante. Seus acess\u00f3rios relacionados s\u00e3o um anel de aquecimento, h\u00e9lice de parafuso e rolamento. A estrutura geral da extrusora de briquete de serragem \u00e9 compacta e de bela apar\u00eancia.<\/p>    <figure class=\"wp-block-image aligncenter size-full\"><img loading=\"lazy\" decoding=\"async\" width=\"720\" height=\"540\" src=\"https:\/\/charcoalplant.com\/wp-content\/uploads\/2022\/02\/sawdust-biomass-briquette-machine.jpg\" alt=\"\" class=\"wp-image-2380\"\/><\/figure>    <div class=\"wp-block-columns has-background is-layout-flex wp-container-core-columns-is-layout-28f84493 wp-block-columns-is-layout-flex\" style=\"background-color:#f1f1f1\"> <div class=\"wp-block-column is-layout-flow wp-block-column-is-layout-flow\" style=\"flex-basis:66.66%\"> <figure class=\"wp-block-gallery has-nested-images columns-default is-cropped wp-block-gallery-3 is-layout-flex wp-block-gallery-is-layout-flex\"> <figure class=\"wp-block-image size-large\"><img loading=\"lazy\" decoding=\"async\" width=\"720\" height=\"540\" data-id=\"1005\" src=\"https:\/\/charcoalplant.com\/wp-content\/uploads\/2021\/11\/Metal-heating-ring-1.jpg\" alt=\"Anel de aquecimento de metal\" class=\"wp-image-1005\" srcset=\"https:\/\/charcoalplant.com\/wp-content\/uploads\/2021\/11\/Metal-heating-ring-1.jpg 720w, https:\/\/charcoalplant.com\/wp-content\/uploads\/2021\/11\/Metal-heating-ring-1-300x225.jpg 300w\" sizes=\"auto, (max-width: 720px) 100vw, 720px\" \/><figcaption class=\"wp-element-caption\">Anel de aquecimento de metal<\/figcaption><\/figure> <\/figure> <\/div>    <div class=\"wp-block-column is-vertically-aligned-center is-layout-flow wp-block-column-is-layout-flow\" style=\"flex-basis:33.33%\"> <p class=\"translation-block\"><strong>Anel de aquecimento met\u00e1lico<\/strong><\/p>    <p>O dispositivo de aquecimento el\u00e9trico de controle totalmente autom\u00e1tico projetado n\u00e3o s\u00f3 pode ajustar aleatoriamente a umidade seca do material. Al\u00e9m disso, garante a estabilidade de descarga e forma\u00e7\u00e3o e melhora a efici\u00eancia do trabalho.<\/p> <\/div> <\/div>    <div class=\"wp-block-columns has-background is-layout-flex wp-container-core-columns-is-layout-28f84493 wp-block-columns-is-layout-flex\" style=\"background-color:#f1f1f1\"> <div class=\"wp-block-column is-vertically-aligned-center is-layout-flow wp-block-column-is-layout-flow\" style=\"flex-basis:33.33%\"> <p class=\"translation-block\"><strong>Rosca-propulsor<\/strong><\/p>    <p>A parte da h\u00e9lice da m\u00e1quina para fabrica\u00e7\u00e3o de hastes adota processamento de material, o que aumenta o tempo de produ\u00e7\u00e3o e prolonga a vida \u00fatil.<\/p> <\/div>    <div class=\"wp-block-column is-layout-flow wp-block-column-is-layout-flow\" style=\"flex-basis:66.66%\"> <figure class=\"wp-block-gallery has-nested-images columns-default is-cropped wp-block-gallery-4 is-layout-flex wp-block-gallery-is-layout-flex\"> <figure class=\"wp-block-image size-large\"><img loading=\"lazy\" decoding=\"async\" width=\"720\" height=\"540\" data-id=\"1008\" src=\"https:\/\/charcoalplant.com\/wp-content\/uploads\/2021\/11\/Screw-propeller-1.jpg\" alt=\"H\u00e9lice de parafuso\" class=\"wp-image-1008\" srcset=\"https:\/\/charcoalplant.com\/wp-content\/uploads\/2021\/11\/Screw-propeller-1.jpg 720w, https:\/\/charcoalplant.com\/wp-content\/uploads\/2021\/11\/Screw-propeller-1-300x225.jpg 300w\" sizes=\"auto, (max-width: 720px) 100vw, 720px\" \/><figcaption class=\"wp-element-caption\">H\u00e9lice de parafuso<\/figcaption><\/figure> <\/figure> <\/div> <\/div>    <div class=\"wp-block-columns has-background is-layout-flex wp-container-core-columns-is-layout-28f84493 wp-block-columns-is-layout-flex\" style=\"background-color:#f1f1f1\"> <div class=\"wp-block-column is-layout-flow wp-block-column-is-layout-flow\" style=\"flex-basis:66.66%\"> <figure class=\"wp-block-gallery has-nested-images columns-default is-cropped wp-block-gallery-5 is-layout-flex wp-block-gallery-is-layout-flex\"> <figure class=\"wp-block-image size-large\"><img loading=\"lazy\" decoding=\"async\" width=\"720\" height=\"540\" data-id=\"2368\" src=\"https:\/\/charcoalplant.com\/wp-content\/uploads\/2022\/02\/mould.jpg\" alt=\"\" class=\"wp-image-2368\"\/><\/figure> <\/figure> <\/div>    <div class=\"wp-block-column is-vertically-aligned-center is-layout-flow wp-block-column-is-layout-flow\" style=\"flex-basis:33.33%\"> <p class=\"translation-block\"><strong>Molde<\/strong><\/p>    <p>Os moldes para m\u00e1quinas de fabrica\u00e7\u00e3o de barras de serragem s\u00e3o diversos. Portanto, pode produzir briquetes de serragem poligonais como quadril\u00e1tero, hexagonal, etc.<\/p> <\/div> <\/div>    <h2 class=\"wp-block-heading\" id=\"parameters-of-sawdust-briquette-making-machine\">Par\u00e2metros da m\u00e1quina para fabricar briquetes de serragem<\/h2>    <figure class=\"wp-block-table is-style-stripes\"><table><tbody><tr><td>Modelo<\/td><td>SL-WB50<\/td><\/tr><tr><td>Capacidade<\/td><td>250-350kg por hora<\/td><\/tr><tr><td>Poder<\/td><td>18,5 kw\/22 kw<\/td><\/tr><tr><td>Dimens\u00e3o<\/td><td>1,7*0,7*1,4m<\/td><\/tr><tr><td>Peso<\/td><td>700kg<\/td><\/tr><\/tbody><\/table><\/figure>    <h2 class=\"wp-block-heading\" id=\"video-of-biomass-briket-forming-machine\">V\u00eddeo da m\u00e1quina de briquetagem de biomassa de serragem<\/h2>    <figure class=\"wp-block-embed is-type-video is-provider-youtube wp-block-embed-youtube wp-embed-aspect-16-9 wp-has-aspect-ratio\"><div class=\"wp-block-embed__wrapper\"> <iframe loading=\"lazy\" title=\"Fabricante de m\u00e1quina briquetadeira de serragem | Planta de briquetagem de biomassa #biomassdust#sawdust#scrapbamboo\" width=\"500\" height=\"281\" src=\"https:\/\/www.youtube.com\/embed\/XAOrW47NuvA?feature=oembed\" frameborder=\"0\" allow=\"accelerometer; autoplay; clipboard-write; encrypted-media; gyroscope; picture-in-picture; web-share\" referrerpolicy=\"strict-origin-when-cross-origin\" allowfullscreen><\/iframe> <\/div><figcaption class=\"wp-element-caption\">fabricante de m\u00e1quina de briquetagem de serragem<\/figcaption><\/figure>    <h2 class=\"wp-block-heading\" id=\"h-features-of-sawdust-briquetting-equipment\">Caracter\u00edsticas da m\u00e1quina para fabricar briquetes de serragem <\/h2>    <p class=\"translation-block\">Somos um fabricante especializado de linha de produ\u00e7\u00e3o de m\u00e1quinas de carv\u00e3o. Temos vasta experi\u00eancia na fabrica\u00e7\u00e3o de m\u00e1quinas de fabrico de tiras de serradura, <strong><a href=\"https:\/\/charcoalplant.com\/pt\/carbonization-furnace\/vertical-carbonization-furnace\/\">fornos de carboniza\u00e7\u00e3o<\/a><\/strong>, e trituradoras. Por isso, a nossa m\u00e1quina de prensa de briquetagem de serradura tem as seguintes caracter\u00edsticas:<\/p>    <h3 class=\"wp-block-heading\">1. Seguran\u00e7a<\/h3>    <p>O design da tampa met\u00e1lica do equipamento e do gabinete de distribui\u00e7\u00e3o de energia incorpora plenamente as caracter\u00edsticas de seguran\u00e7a.<\/p>    <h3 class=\"wp-block-heading\">2. Inteligente<\/h3>    <p>Existem v\u00e1rios bot\u00f5es no gabinete de distribui\u00e7\u00e3o de energia, alguns para controlar a temperatura e outros para exibir a tens\u00e3o. In\u00edcio com uma tecla, sem necessidade de operar muito.<\/p>    <h3 class=\"wp-block-heading\">3. Boa qualidade<\/h3>    <p>Nossa f\u00e1brica utiliza materiais met\u00e1licos que atendem aos padr\u00f5es internacionais. Em outras palavras, as m\u00e1quinas para fabrica\u00e7\u00e3o de barras de biomassa que produzimos s\u00e3o todas certificadas internacionalmente.<\/p>    <h3 class=\"wp-block-heading\">4. Forte press\u00e3o<\/h3>    <p>A alta press\u00e3o da m\u00e1quina briquetadeira de serragem pode produzir hastes de biomassa de alta densidade. Como a densidade das hastes de biomassa \u00e9 maior, o tempo de queima ser\u00e1 maior. Ent\u00e3o o efeito de queima ser\u00e1 melhor.<\/p>    <figure class=\"wp-block-image aligncenter size-full\"><img loading=\"lazy\" decoding=\"async\" width=\"720\" height=\"540\" src=\"https:\/\/charcoalplant.com\/wp-content\/uploads\/2022\/01\/biomass-briquette-extruder-plant.jpg\" alt=\"planta extrusora de briquete de biomassa\" class=\"wp-image-1787\" srcset=\"https:\/\/charcoalplant.com\/wp-content\/uploads\/2022\/01\/biomass-briquette-extruder-plant.jpg 720w, https:\/\/charcoalplant.com\/wp-content\/uploads\/2022\/01\/biomass-briquette-extruder-plant-300x225.jpg 300w\" sizes=\"auto, (max-width: 720px) 100vw, 720px\" \/><figcaption class=\"wp-element-caption\">planta extrusora de briquete de biomassa<\/figcaption><\/figure>    <h2 class=\"wp-block-heading\" id=\"h-how-to-use-screw-biomass-briquette-press-machine\">Como usar a prensa de briquete de biomassa parafuso?<\/h2>    <p>Deve-se enfatizar aqui que a briquetadeira de serragem deve ser depurada antes do uso. Porque se as pe\u00e7as da m\u00e1quina de fazer palitos de madeira n\u00e3o forem instaladas corretamente, elas produzir\u00e3o palitos de madeira de baixa qualidade. A seguir est\u00e3o as etapas para usar uma m\u00e1quina para fazer barras de serragem:<\/p>    <p>1. Ligue o bot\u00e3o interruptor e deixe a m\u00e1quina aquecer at\u00e9 380 graus.<\/p>    <p>2. Despeje serragem na entrada de alimenta\u00e7\u00e3o.<\/p>    <p>3. Observe a cor e o brilho do bast\u00e3o de madeira.<\/p>    <p>A superf\u00edcie da barra de biomassa \u00e9 lisa e marrom, indicando que a m\u00e1quina para fazer barras de serragem pode ser usada diretamente. Caso contr\u00e1rio, o equipamento precisa ser depurado.<\/p>    <figure class=\"wp-block-image aligncenter size-full\"><img loading=\"lazy\" decoding=\"async\" width=\"720\" height=\"540\" src=\"https:\/\/charcoalplant.com\/wp-content\/uploads\/2022\/02\/biomass-briquetting-machine-forsale.jpg\" alt=\"\" class=\"wp-image-2370\"\/><\/figure>    <h2 class=\"wp-block-heading\" id=\"h-biomass-briquette-machine-for-sale\">M\u00e1quina\u00a0de\u00a0briquete\u00a0de biomassa\u00a0para venda<\/h2>    <p class=\"translation-block\">A Shuliy Machinery Equipment Co., Ltd. \u00e9 um excelente fabricante de m\u00e1quinas de carv\u00e3o. Vendemos trituradores de palha, <a href=\"https:\/\/charcoalplant.com\/pt\/rice-husk-dryer\/\"><strong>secadores de casca de arroz<\/strong><\/a>, <strong><a href=\"https:\/\/charcoalplant.com\/pt\/log-chipper\/\">trituradores de troncos<\/a><\/strong>, etc. Atrav\u00e9s de uma investiga\u00e7\u00e3o cont\u00ednua do mercado de m\u00e1quinas de briquetes de serragem, fizemos melhorias razo\u00e1veis no equipamento. A apar\u00eancia \u00e9 mais concisa do que antes. Estruturalmente, \u00e9 mais f\u00e1cil reparar e substituir pe\u00e7as do que antes. Portanto, entre em contato conosco agora para obter a lista de pre\u00e7os dos \u00faltimos produtos.<\/p>    <figure class=\"wp-block-gallery has-nested-images columns-default is-cropped wp-block-gallery-6 is-layout-flex wp-block-gallery-is-layout-flex\"> <figure class=\"wp-block-image size-full\"><img loading=\"lazy\" decoding=\"async\" width=\"720\" height=\"540\" data-id=\"2371\" src=\"https:\/\/charcoalplant.com\/wp-content\/uploads\/2022\/02\/sawdust-briquette-machine-plant.jpg\" alt=\"\" class=\"wp-image-2371\"\/><figcaption class=\"wp-element-caption\">extrusora de briquete de serragem<\/figcaption><\/figure>    <figure class=\"wp-block-image size-full\"><img loading=\"lazy\" decoding=\"async\" width=\"720\" height=\"540\" data-id=\"2372\" src=\"https:\/\/charcoalplant.com\/wp-content\/uploads\/2022\/02\/shippment-1.jpg\" alt=\"\" class=\"wp-image-2372\"\/><figcaption class=\"wp-element-caption\">Melhorou<\/figcaption><\/figure> <\/figure>    <h2 class=\"wp-block-heading\" id=\"h-application-of-sawdust-briquetting-extruder-machine\">Aplica\u00e7\u00e3o de m\u00e1quina extrusora de briquetagem de serragem <\/h2>    <p>A barra de biomassa produzida pela extrusora de briquete de serragem est\u00e1 em estado oco. Esses produtos acabados n\u00e3o s\u00f3 podem ser usados \u200b\u200bdiretamente para combust\u00e3o em caldeiras. Tamb\u00e9m \u00e9 adequado para carvoarias produzirem carv\u00e3o ap\u00f3s o processamento. Resumindo, Atualmente \u00e9 um material de queima muito popular.<\/p>    <figure class=\"wp-block-gallery has-nested-images columns-default is-cropped wp-block-gallery-7 is-layout-flex wp-block-gallery-is-layout-flex\"> <figure class=\"wp-block-image size-large\"><img loading=\"lazy\" decoding=\"async\" width=\"720\" height=\"540\" data-id=\"1791\" src=\"https:\/\/charcoalplant.com\/wp-content\/uploads\/2022\/01\/biomass-rod-.jpg\" alt=\"vara de biomassa\" class=\"wp-image-1791\" srcset=\"https:\/\/charcoalplant.com\/wp-content\/uploads\/2022\/01\/biomass-rod-.jpg 720w, https:\/\/charcoalplant.com\/wp-content\/uploads\/2022\/01\/biomass-rod--300x225.jpg 300w\" sizes=\"auto, (max-width: 720px) 100vw, 720px\" \/><figcaption class=\"wp-element-caption\">vara de biomassa<\/figcaption><\/figure>    <figure class=\"wp-block-image size-full\"><img loading=\"lazy\" decoding=\"async\" width=\"720\" height=\"540\" data-id=\"1788\" src=\"https:\/\/charcoalplant.com\/wp-content\/uploads\/2022\/01\/packed-sawdust-briquette.jpg\" alt=\"briquete de serragem embalado\" class=\"wp-image-1788\" srcset=\"https:\/\/charcoalplant.com\/wp-content\/uploads\/2022\/01\/packed-sawdust-briquette.jpg 720w, https:\/\/charcoalplant.com\/wp-content\/uploads\/2022\/01\/packed-sawdust-briquette-300x225.jpg 300w\" sizes=\"auto, (max-width: 720px) 100vw, 720px\" \/><figcaption class=\"wp-element-caption\">briquete de serragem embalado<\/figcaption><\/figure> <\/figure>","protected":false},"excerpt":{"rendered":"<p>A m\u00e1quina briquetadeira de serragem \u00e9 uma ferramenta importante para a fabrica\u00e7\u00e3o de varetas de biomassa. Os palitos t\u00eam uma alta taxa de queima, o que \u00e9 muito popular.<\/p>","protected":false},"author":1,"featured_media":1973,"parent":0,"template":"","tags":[66],"product-type":[43],"class_list":["post-999","product","type-product","status-publish","has-post-thumbnail","hentry","tag-biomass-briquette-machine","product-type-biomass-briquette-machine"],"_links":{"self":[{"href":"https:\/\/charcoalplant.com\/pt\/wp-json\/wp\/v2\/product\/999","targetHints":{"allow":["GET"]}}],"collection":[{"href":"https:\/\/charcoalplant.com\/pt\/wp-json\/wp\/v2\/product"}],"about":[{"href":"https:\/\/charcoalplant.com\/pt\/wp-json\/wp\/v2\/types\/product"}],"author":[{"embeddable":true,"href":"https:\/\/charcoalplant.com\/pt\/wp-json\/wp\/v2\/users\/1"}],"wp:featuredmedia":[{"embeddable":true,"href":"https:\/\/charcoalplant.com\/pt\/wp-json\/wp\/v2\/media\/1973"}],"wp:attachment":[{"href":"https:\/\/charcoalplant.com\/pt\/wp-json\/wp\/v2\/media?parent=999"}],"wp:term":[{"taxonomy":"post_tag","embeddable":true,"href":"https:\/\/charcoalplant.com\/pt\/wp-json\/wp\/v2\/tags?post=999"},{"taxonomy":"product-type","embeddable":true,"href":"https:\/\/charcoalplant.com\/pt\/wp-json\/wp\/v2\/product-type?post=999"}],"curies":[{"name":"wp","href":"https:\/\/api.w.org\/{rel}","templated":true}]}}