{"id":1213,"date":"2021-12-08T09:41:52","date_gmt":"2021-12-08T09:41:52","guid":{"rendered":"https:\/\/charcoalplant.com\/?p=1213"},"modified":"2023-01-10T10:10:36","modified_gmt":"2023-01-10T02:10:36","slug":"honeycomb-coal-press-machine","status":"publish","type":"product","link":"https:\/\/charcoalplant.com\/sw\/product\/honeycomb-coal-press-machine\/","title":{"rendered":"Mashine ya Kuchapisha Makaa ya Asali | Mashine ya Briquette ya makaa ya mawe"},"content":{"rendered":"<div class=\"kk-star-ratings kksr-auto kksr-align-left kksr-valign-top\"     data-payload='{&quot;align&quot;:&quot;left&quot;,&quot;id&quot;:&quot;1213&quot;,&quot;slug&quot;:&quot;default&quot;,&quot;valign&quot;:&quot;top&quot;,&quot;ignore&quot;:&quot;&quot;,&quot;reference&quot;:&quot;auto&quot;,&quot;class&quot;:&quot;&quot;,&quot;count&quot;:&quot;18&quot;,&quot;legendonly&quot;:&quot;&quot;,&quot;readonly&quot;:&quot;&quot;,&quot;score&quot;:&quot;4.8&quot;,&quot;starsonly&quot;:&quot;&quot;,&quot;best&quot;:&quot;5&quot;,&quot;gap&quot;:&quot;5&quot;,&quot;greet&quot;:&quot;Rate this product&quot;,&quot;legend&quot;:&quot;4.8\\\/5 - (18 votes)&quot;,&quot;size&quot;:&quot;24&quot;,&quot;title&quot;:&quot;Honeycomb Coal Press Machine | Coal Briquette Machine&quot;,&quot;width&quot;:&quot;136.7&quot;,&quot;_legend&quot;:&quot;{score}\\\/{best} - ({count} {votes})&quot;,&quot;font_factor&quot;:&quot;1.25&quot;}'>              <div class=\"kksr-stars\">      <div class=\"kksr-stars-inactive\">             <div class=\"kksr-star\" data-star=\"1\" style=\"padding-right: 5px\">               <div class=\"kksr-icon\" style=\"width: 24px; height: 24px;\"><\/div>         <\/div>             <div class=\"kksr-star\" data-star=\"2\" style=\"padding-right: 5px\">               <div class=\"kksr-icon\" style=\"width: 24px; height: 24px;\"><\/div>         <\/div>             <div class=\"kksr-star\" data-star=\"3\" style=\"padding-right: 5px\">               <div class=\"kksr-icon\" style=\"width: 24px; height: 24px;\"><\/div>         <\/div>             <div class=\"kksr-star\" data-star=\"4\" style=\"padding-right: 5px\">               <div class=\"kksr-icon\" style=\"width: 24px; height: 24px;\"><\/div>         <\/div>             <div class=\"kksr-star\" data-star=\"5\" style=\"padding-right: 5px\">               <div class=\"kksr-icon\" style=\"width: 24px; height: 24px;\"><\/div>         <\/div>     <\/div>      <div class=\"kksr-stars-active\" style=\"width: 136.7px;\">             <div class=\"kksr-star\" style=\"padding-right: 5px\">               <div class=\"kksr-icon\" style=\"width: 24px; height: 24px;\"><\/div>         <\/div>             <div class=\"kksr-star\" style=\"padding-right: 5px\">               <div class=\"kksr-icon\" style=\"width: 24px; height: 24px;\"><\/div>         <\/div>             <div class=\"kksr-star\" style=\"padding-right: 5px\">               <div class=\"kksr-icon\" style=\"width: 24px; height: 24px;\"><\/div>         <\/div>             <div class=\"kksr-star\" style=\"padding-right: 5px\">               <div class=\"kksr-icon\" style=\"width: 24px; height: 24px;\"><\/div>         <\/div>             <div class=\"kksr-star\" style=\"padding-right: 5px\">               <div class=\"kksr-icon\" style=\"width: 24px; height: 24px;\"><\/div>         <\/div>     <\/div> <\/div>                   <div class=\"kksr-legend\" style=\"font-size: 19.2px;\">             4.8\/5 - (kura 18)    <\/div>     <\/div>  <p class=\"translation-block\"><strong>Honeycomb coal press machine <\/strong>\u00e4r den speciella utrustningen f\u00f6r att producera h\u00f6gdensitet, por\u00f6s, cylindrisk briquetter. Denna honungsumformade briquette-maskin kan \u00e4ven producera ih\u00e5liga kolstavar och <strong><a href=\"https:\/\/charcoalplant.com\/sw\/charcoal-briquetting-machine\/charcoal-powder-briquette-machine\/\">kolstavar<\/a><\/strong>. R\u00e5materialen den anv\u00e4nder \u00e4r huvudsakligen f\u00f6rkolat kol och kolpuder. Andra material som <strong><a href=\"https:\/\/charcoalplant.com\/sw\/info\/can-these-briquetting-machines-make-alfalfa-molar-sticks\/\">alfalfa gr\u00e4s<\/a><\/strong> och timotejgr\u00e4s. Dessutom \u00e4r kolbriquettemaskinen enkel att anv\u00e4nda, h\u00f6g prestanda och l\u00e4tt att underh\u00e5lla. D\u00e4rf\u00f6r \u00e4r den omtyckt av majoriteten av kunderna. Kontakta oss nu f\u00f6r att b\u00f6rja bygga aff\u00e4rsrelationer. Vi kommer att erbjuda dig b\u00e4ttre priser.<\/p>    <h2 class=\"wp-block-heading\" id=\"working-principle-of-honeycomb-coal-forming-machine\">Kanuni ya Kufanya Kazi ya Mashine ya Kuchapa Mawe ya Asali<\/h2>    <p class=\"translation-block\">Honungsomformade kolpressmaskinen \u00e4r egentligen den pressande typen av koltillverkningsmaskin med den enklaste enkla operationen. Dessutom \u00e4r dess silo kapacitet stor. D\u00e4rf\u00f6r kommer n\u00e5gra tillverkare av grillkol att vara mer ben\u00e4gna att k\u00f6pa en honungsomformad briquettemaskin f\u00f6r <strong><a href=\"https:\/\/charcoalplant.com\/sw\/coal-briquettes-production-line\/\">kolbriquetproduktion<\/a><\/strong>. Den drivs av en elektrisk motor eller en dieselmotor. Sedan faller kolpulver eller kolpulver p\u00e5 formplattan genom matningsporten och pressar briquetterna medtingen.<\/p>    <figure class=\"wp-block-image aligncenter size-full\"><img loading=\"lazy\" decoding=\"async\" width=\"720\" height=\"540\" src=\"https:\/\/charcoalplant.com\/wp-content\/uploads\/2022\/01\/140-Model.jpg\" alt=\"140-Model mashine ya kuchapa asali ya makaa ya mawe\" class=\"wp-image-1839\" srcset=\"https:\/\/charcoalplant.com\/wp-content\/uploads\/2022\/01\/140-Model.jpg 720w, https:\/\/charcoalplant.com\/wp-content\/uploads\/2022\/01\/140-Model-300x225.jpg 300w\" sizes=\"auto, (max-width: 720px) 100vw, 720px\" \/><figcaption class=\"wp-element-caption\">140-Model mashine ya kuchapa asali ya makaa ya mawe<\/figcaption><\/figure>    <h2 class=\"wp-block-heading\" id=\"h-structure-of-honeycomb-coal-press-machine\">Muundo wa Asali Coal Press Machine<\/h2>    <p>Muundo wa mashine ya briketi ya sega la asali hujumuisha hasa mlango wa kulisha, sindano ya kuchomwa, mpapuro, ukungu na ukanda wa kusafirisha. Hapo chini nitatambulisha kazi na faida za bandari ya kulisha, sindano ya kuchomwa, na mpapuro kwa undani.<\/p>    <div class=\"wp-block-columns has-background is-layout-flex wp-container-core-columns-is-layout-28f84493 wp-block-columns-is-layout-flex\" style=\"background-color:#f1f1f1\"> <div class=\"wp-block-column is-vertically-aligned-center is-layout-flow wp-block-column-is-layout-flow\" style=\"flex-basis:33.33%\"> <p class=\"translation-block\"><strong>Inlopp<\/strong><\/p>    <p>Hopper ya kulisha ya mashine ya briquette ya asali ina fimbo ya kuchochea inayozunguka. Kazi yake ni kuzuia malighafi huru kutoka kwa kuzuia bandari ya kulisha na kulisha sawasawa.<\/p> <\/div>    <div class=\"wp-block-column is-layout-flow wp-block-column-is-layout-flow\" style=\"flex-basis:66.66%\"> <figure class=\"wp-block-gallery has-nested-images columns-default is-cropped wp-block-gallery-2 is-layout-flex wp-block-gallery-is-layout-flex\"> <figure class=\"wp-block-image size-large\"><img loading=\"lazy\" decoding=\"async\" width=\"720\" height=\"540\" data-id=\"2415\" src=\"https:\/\/charcoalplant.com\/wp-content\/uploads\/2022\/02\/inlet.jpg\" alt=\"\" class=\"wp-image-2415\"\/><\/figure> <\/figure> <\/div> <\/div>    <div class=\"wp-block-columns has-background is-layout-flex wp-container-core-columns-is-layout-28f84493 wp-block-columns-is-layout-flex\" style=\"background-color:#f1f1f1\"> <div class=\"wp-block-column is-layout-flow wp-block-column-is-layout-flow\" style=\"flex-basis:66.66%\"> <figure class=\"wp-block-gallery has-nested-images columns-default is-cropped wp-block-gallery-3 is-layout-flex wp-block-gallery-is-layout-flex\"> <figure class=\"wp-block-image size-large\"><img loading=\"lazy\" decoding=\"async\" width=\"720\" height=\"540\" data-id=\"2416\" src=\"https:\/\/charcoalplant.com\/wp-content\/uploads\/2022\/02\/punching-needle.jpg\" alt=\"\" class=\"wp-image-2416\"\/><\/figure> <\/figure> <\/div>    <div class=\"wp-block-column is-vertically-aligned-center is-layout-flow wp-block-column-is-layout-flow\" style=\"flex-basis:33.33%\"> <p class=\"translation-block\"><strong>Trypn\u00e5l<\/strong><\/p>    <p>Kuanguka kwa sahani ya ukungu wa makaa ya mawe hubonyeza makaa yaliyopondwa. Kisha, shinikizo la juu la haraka linatumika kwa makaa ya mawe yaliyopigwa na punch. Kwa kweli, briquettes zilizoundwa zilisisitizwa mara mbili. Kwa hiyo, wiani na ugumu wa bidhaa ya kumaliza tayari ni bora.<\/p> <\/div> <\/div>    <div class=\"wp-block-columns has-background is-layout-flex wp-container-core-columns-is-layout-28f84493 wp-block-columns-is-layout-flex\" style=\"background-color:#f1f1f1\"> <div class=\"wp-block-column is-vertically-aligned-center is-layout-flow wp-block-column-is-layout-flow\" style=\"flex-basis:33.33%\"> <p class=\"translation-block\"><strong>Skrapa<\/strong><\/p>    <p><br>Inatumika kusafisha unga wa kaboni uliotawanyika wakati wa mchakato wa uzalishaji. Mkono wa rocker unaweza kudhibiti moja kwa moja kazi yake bila uendeshaji wa mwongozo.<\/p> <\/div>    <div class=\"wp-block-column is-layout-flow wp-block-column-is-layout-flow\" style=\"flex-basis:66.66%\"> <figure class=\"wp-block-gallery has-nested-images columns-default is-cropped wp-block-gallery-4 is-layout-flex wp-block-gallery-is-layout-flex\"> <figure class=\"wp-block-image size-large\"><img loading=\"lazy\" decoding=\"async\" width=\"720\" height=\"540\" data-id=\"2417\" src=\"https:\/\/charcoalplant.com\/wp-content\/uploads\/2022\/02\/Scraper.jpg\" alt=\"\" class=\"wp-image-2417\"\/><\/figure> <\/figure> <\/div> <\/div>    <h2 class=\"wp-block-heading\" id=\"h-video-of-coal-briquette-press-machine\">Video ya Mashine ya Kutengeneza Briquette ya Asali<\/h2>    <figure class=\"wp-block-embed is-type-video is-provider-youtube wp-block-embed-youtube wp-embed-aspect-16-9 wp-has-aspect-ratio\"><div class=\"wp-block-embed__wrapper\"> <iframe loading=\"lazy\" title=\"Mashine ya Briquette yenye kazi nyingi | Makaa ya Mawe ya kushinikiza Nta#Fuel#Maker#CHARCOAL#Burn#Briquetting\" width=\"500\" height=\"281\" src=\"https:\/\/www.youtube.com\/embed\/fHD89N58CCw?start=4&#038;feature=oembed\" frameborder=\"0\" allow=\"accelerometer; autoplay; clipboard-write; encrypted-media; gyroscope; picture-in-picture; web-share\" referrerpolicy=\"strict-origin-when-cross-origin\" allowfullscreen><\/iframe> <\/div><\/figure>    <h2 class=\"wp-block-heading\" id=\"specification-of-coal-briquettes-machine\">Uainishaji wa Mashine ya Briquette ya Makaa ya Mawe<\/h2>    <p>Ifuatayo ni vigezo vya motor na mold kwa vyombo vya habari kadhaa vya kawaida vya makaa ya mawe. Kiwanda chetu kinaweza kutoa huduma za ubinafsishaji wa ukungu. Kwa hivyo huna wasiwasi juu ya matatizo ya mold. Kwa kuongeza, mashine ya kuchapishwa ya makaa ya asali ina vifaa vya ukanda wa conveyor wa mita 2. Urefu wake unaweza kubinafsishwa kulingana na mahitaji ya mteja.<\/p>    <figure class=\"wp-block-table is-style-stripes\"><table><tbody><tr><td><strong>Mfano<\/strong><\/td><td><strong>Nguvu<\/strong><\/td><td><strong>Upeo wa kipenyo cha mkaa<\/strong><\/td><\/tr><tr><td><strong>SL-HC120<\/strong><\/td><td>5.5kw<\/td><td>120 mm<\/td><\/tr><tr><td><strong>SL-HC140<\/strong><\/td><td>7.5kw<\/td><td>140 mm<\/td><\/tr><tr><td><strong>SL-HC160<\/strong><\/td><td>11kw<\/td><td>160 mm<\/td><\/tr><tr><td><strong>SL-HC220<\/strong><\/td><td>11kw<\/td><td>220 mm<\/td><\/tr><\/tbody><\/table><\/figure>    <figure class=\"wp-block-image aligncenter size-full\"><img loading=\"lazy\" decoding=\"async\" width=\"720\" height=\"540\" src=\"https:\/\/charcoalplant.com\/wp-content\/uploads\/2022\/02\/coal-press-machine-store-1-1.jpg\" alt=\"makaa ya mawe-press-mashine-duka\" class=\"wp-image-2424\"\/><figcaption class=\"wp-element-caption\">makaa ya mawe-press-mashine-duka<\/figcaption><\/figure>    <h2 class=\"wp-block-heading\" id=\"h-mould-of-diesel-coal-briquette-machine\">Mashine ya Briquette ya Makaa ya Dizeli<\/h2>    <p>Katika hali ya kawaida, urefu wa juu wa briketi ambayo mashine hii ya kuchapisha poda ya makaa ya mawe inaweza kutoa ni 13cm. Urefu wa kawaida ni 8-10cm. Pia inawezekana kufanya maumbo tofauti ya compacts kwa kubadilisha mold, maumbo maarufu zaidi ni hexagonal-umbo, pande zote-umbo, mraba-umbo, asali-umbo, na kadhalika.<\/p>    <figure class=\"wp-block-gallery has-nested-images columns-3 is-cropped wp-block-gallery-5 is-layout-flex wp-block-gallery-is-layout-flex\"> <figure class=\"wp-block-image size-large\"><img loading=\"lazy\" decoding=\"async\" width=\"720\" height=\"540\" data-id=\"2419\" src=\"https:\/\/charcoalplant.com\/wp-content\/uploads\/2022\/02\/briquettes-mould.jpg\" alt=\"briquettes-mold\" class=\"wp-image-2419\"\/><figcaption class=\"wp-element-caption\">briquettes-mold<\/figcaption><\/figure>    <figure class=\"wp-block-image size-large\"><img loading=\"lazy\" decoding=\"async\" width=\"720\" height=\"540\" data-id=\"1342\" src=\"https:\/\/charcoalplant.com\/wp-content\/uploads\/2021\/12\/Various-types-of-briquettes-1.jpg\" alt=\"Aina mbalimbali za briquettes\" class=\"wp-image-1342\" srcset=\"https:\/\/charcoalplant.com\/wp-content\/uploads\/2021\/12\/Various-types-of-briquettes-1.jpg 720w, https:\/\/charcoalplant.com\/wp-content\/uploads\/2021\/12\/Various-types-of-briquettes-1-300x225.jpg 300w\" sizes=\"auto, (max-width: 720px) 100vw, 720px\" \/><figcaption class=\"wp-element-caption\">Aina mbalimbali za briquettes<\/figcaption><\/figure>    <figure class=\"wp-block-image size-large\"><img loading=\"lazy\" decoding=\"async\" width=\"720\" height=\"540\" data-id=\"1225\" src=\"https:\/\/charcoalplant.com\/wp-content\/uploads\/2021\/12\/\u6210\u54c12-1-1.jpg\" alt=\"briquette ya makaa ya mawe ya ukubwa tofauti\" class=\"wp-image-1225\" srcset=\"https:\/\/charcoalplant.com\/wp-content\/uploads\/2021\/12\/\u6210\u54c12-1-1.jpg 720w, https:\/\/charcoalplant.com\/wp-content\/uploads\/2021\/12\/\u6210\u54c12-1-1-300x225.jpg 300w\" sizes=\"auto, (max-width: 720px) 100vw, 720px\" \/><figcaption class=\"wp-element-caption\">briquette ya makaa ya mawe ya ukubwa tofauti<\/figcaption><\/figure>    <figure class=\"wp-block-image size-large\"><img loading=\"lazy\" decoding=\"async\" width=\"720\" height=\"540\" data-id=\"2418\" src=\"https:\/\/charcoalplant.com\/wp-content\/uploads\/2022\/02\/mould-1.jpg\" alt=\"ukungu-1\" class=\"wp-image-2418\"\/><figcaption class=\"wp-element-caption\">ukungu-1<\/figcaption><\/figure>    <figure class=\"wp-block-image size-large\"><img loading=\"lazy\" decoding=\"async\" width=\"720\" height=\"540\" data-id=\"1340\" src=\"https:\/\/charcoalplant.com\/wp-content\/uploads\/2021\/12\/briket-molds-1.jpg\" alt=\"briket molds\" class=\"wp-image-1340\" srcset=\"https:\/\/charcoalplant.com\/wp-content\/uploads\/2021\/12\/briket-molds-1.jpg 720w, https:\/\/charcoalplant.com\/wp-content\/uploads\/2021\/12\/briket-molds-1-300x225.jpg 300w\" sizes=\"auto, (max-width: 720px) 100vw, 720px\" \/><figcaption class=\"wp-element-caption\">briket molds<\/figcaption><\/figure>    <figure class=\"wp-block-image size-large\"><img loading=\"lazy\" decoding=\"async\" width=\"720\" height=\"540\" data-id=\"1345\" src=\"https:\/\/charcoalplant.com\/wp-content\/uploads\/2021\/12\/Hexagonal-briquette-1.jpg\" alt=\"Briquette ya hexagonal\" class=\"wp-image-1345\" srcset=\"https:\/\/charcoalplant.com\/wp-content\/uploads\/2021\/12\/Hexagonal-briquette-1.jpg 720w, https:\/\/charcoalplant.com\/wp-content\/uploads\/2021\/12\/Hexagonal-briquette-1-300x225.jpg 300w\" sizes=\"auto, (max-width: 720px) 100vw, 720px\" \/><figcaption class=\"wp-element-caption\">Briquette ya hexagonal<\/figcaption><\/figure> <\/figure>    <h2 class=\"wp-block-heading\" id=\"h-features-of-honeycomb-coal-press-machine\">Vipengele vya Mashine ya Waandishi wa Asali ya Makaa ya Mawe<\/h2>    <ul class=\"wp-block-list\"> <li>Muundo rahisi na uendeshaji rahisi.<\/li>    <li>Hakuna vifaa, maisha marefu ya huduma.<\/li>    <li>Kwa ukandamizaji wa awali, bidhaa ya kumaliza ina wiani mkubwa.<\/li>    <li>Kiwanda chetu hutoa huduma iliyobinafsishwa kwa mashine ya kuchapisha briquette ya makaa ya asali. Kwa mfano, ukungu, saizi ya bandari ya kuingiza, saizi ya bandari ya nje, nk.<\/li>    <li>Kuna njia mbili za nguvu: motor na dizeli.<\/li> <\/ul>    <figure class=\"wp-block-image aligncenter size-full\"><img loading=\"lazy\" decoding=\"async\" width=\"720\" height=\"540\" src=\"https:\/\/charcoalplant.com\/wp-content\/uploads\/2021\/12\/140-1-1.jpg\" alt=\"140 mashine ya extruder ya makaa ya mawe\" class=\"wp-image-1222\" srcset=\"https:\/\/charcoalplant.com\/wp-content\/uploads\/2021\/12\/140-1-1.jpg 720w, https:\/\/charcoalplant.com\/wp-content\/uploads\/2021\/12\/140-1-1-300x225.jpg 300w\" sizes=\"auto, (max-width: 720px) 100vw, 720px\" \/><figcaption class=\"wp-element-caption\">140 mashine ya extruder ya makaa ya mawe<\/figcaption><\/figure>    <h2 class=\"wp-block-heading\" id=\"h-diesel-coal-briquetting-machine-for-sale\">Mashine ya Kutengeneza Briketi ya Makaa ya Dizeli Inauzwa<\/h2>    <p class=\"translation-block\">Zhengzhou Shuliy Machinery Equipment Manufacturer ni mtengenezaji maarufu wa mashine za kutengeneza mkaa nchini China. Tunatoa mashine za briquette za umeme na mashine za briquette za dizeli kwa ajili ya mauzo. Aidha, sasa tumetengeneza mashine ya briquette ya kulisha mara mbili. Inaweza kutengeneza briquettes au vijiti vya makaa vyenye urefu wa cm 13. Pia tunauza vifaa vinavyohusiana kama <strong><a href=\"https:\/\/charcoalplant.com\/sw\/drying-machine\/charcoal-briquette-dryer\/\">mashine za kukausha poda ya kaboni<\/a> <\/strong>na<strong> <a href=\"https:\/\/charcoalplant.com\/sw\/briquettes-packing-machine\/charcoal-briquettes-packing-machine\/\">mashine za kufungasha makaa ya nyuki<\/a><\/strong>. Tafadhali jisikie huru kuwasiliana nasi ikiwa ni lazima. Tutakupa vifaa vya kisasa na vigezo vya kiufundi.<\/p>    <figure class=\"wp-block-gallery has-nested-images columns-default is-cropped wp-block-gallery-6 is-layout-flex wp-block-gallery-is-layout-flex\"> <figure class=\"wp-block-image size-full\"><img loading=\"lazy\" decoding=\"async\" width=\"400\" height=\"540\" data-id=\"2420\" src=\"https:\/\/charcoalplant.com\/wp-content\/uploads\/2022\/02\/shippment-.jpg\" alt=\"\" class=\"wp-image-2420\"\/><figcaption class=\"wp-element-caption\">6cm briket ya makaa ya mawe<\/figcaption><\/figure>    <figure class=\"wp-block-image size-full\"><img loading=\"lazy\" decoding=\"async\" width=\"400\" height=\"540\" data-id=\"2421\" src=\"https:\/\/charcoalplant.com\/wp-content\/uploads\/2022\/02\/Honeycomb-coal-forming-machine.jpg\" alt=\"\" class=\"wp-image-2421\"\/><figcaption class=\"wp-element-caption\">briquett ya makaa ya mawe ya ukubwa tofauti<\/figcaption><\/figure> <\/figure>","protected":false},"excerpt":{"rendered":"<p>Mashine ya kukamua makaa ya asali\u00a0ni kifaa maalum cha kutengeneza briketi.  Pia inapendelewa na wateja wengi.<\/p>","protected":false},"author":1,"featured_media":1351,"parent":0,"template":"","tags":[59],"product-type":[44],"class_list":["post-1213","product","type-product","status-publish","has-post-thumbnail","hentry","tag-charcoal-briquetting-machine","product-type-charcoal-briquetting-machine"],"_links":{"self":[{"href":"https:\/\/charcoalplant.com\/sw\/wp-json\/wp\/v2\/product\/1213","targetHints":{"allow":["GET"]}}],"collection":[{"href":"https:\/\/charcoalplant.com\/sw\/wp-json\/wp\/v2\/product"}],"about":[{"href":"https:\/\/charcoalplant.com\/sw\/wp-json\/wp\/v2\/types\/product"}],"author":[{"embeddable":true,"href":"https:\/\/charcoalplant.com\/sw\/wp-json\/wp\/v2\/users\/1"}],"wp:featuredmedia":[{"embeddable":true,"href":"https:\/\/charcoalplant.com\/sw\/wp-json\/wp\/v2\/media\/1351"}],"wp:attachment":[{"href":"https:\/\/charcoalplant.com\/sw\/wp-json\/wp\/v2\/media?parent=1213"}],"wp:term":[{"taxonomy":"post_tag","embeddable":true,"href":"https:\/\/charcoalplant.com\/sw\/wp-json\/wp\/v2\/tags?post=1213"},{"taxonomy":"product-type","embeddable":true,"href":"https:\/\/charcoalplant.com\/sw\/wp-json\/wp\/v2\/product-type?post=1213"}],"curies":[{"name":"wp","href":"https:\/\/api.w.org\/{rel}","templated":true}]}}