{"id":1235,"date":"2021-12-10T09:02:55","date_gmt":"2021-12-10T09:02:55","guid":{"rendered":"https:\/\/charcoalplant.com\/?p=1235"},"modified":"2023-01-11T16:34:47","modified_gmt":"2023-01-11T08:34:47","slug":"charcoal-ball-press-machine","status":"publish","type":"product","link":"https:\/\/charcoalplant.com\/sw\/product\/charcoal-ball-press-machine\/","title":{"rendered":"Mashine ya Kubonyeza Mpira wa Mkaa | Mashine ya Mkaa ya BBQ"},"content":{"rendered":"<div class=\"kk-star-ratings kksr-auto kksr-align-left kksr-valign-top\"     data-payload='{&quot;align&quot;:&quot;left&quot;,&quot;id&quot;:&quot;1235&quot;,&quot;slug&quot;:&quot;default&quot;,&quot;valign&quot;:&quot;top&quot;,&quot;ignore&quot;:&quot;&quot;,&quot;reference&quot;:&quot;auto&quot;,&quot;class&quot;:&quot;&quot;,&quot;count&quot;:&quot;12&quot;,&quot;legendonly&quot;:&quot;&quot;,&quot;readonly&quot;:&quot;&quot;,&quot;score&quot;:&quot;4.6&quot;,&quot;starsonly&quot;:&quot;&quot;,&quot;best&quot;:&quot;5&quot;,&quot;gap&quot;:&quot;5&quot;,&quot;greet&quot;:&quot;Rate this product&quot;,&quot;legend&quot;:&quot;4.6\\\/5 - (12 votes)&quot;,&quot;size&quot;:&quot;24&quot;,&quot;title&quot;:&quot;Charcoal Ball Press Machine | BBQ Charcoal Machine&quot;,&quot;width&quot;:&quot;130.9&quot;,&quot;_legend&quot;:&quot;{score}\\\/{best} - ({count} {votes})&quot;,&quot;font_factor&quot;:&quot;1.25&quot;}'>              <div class=\"kksr-stars\">      <div class=\"kksr-stars-inactive\">             <div class=\"kksr-star\" data-star=\"1\" style=\"padding-right: 5px\">               <div class=\"kksr-icon\" style=\"width: 24px; height: 24px;\"><\/div>         <\/div>             <div class=\"kksr-star\" data-star=\"2\" style=\"padding-right: 5px\">               <div class=\"kksr-icon\" style=\"width: 24px; height: 24px;\"><\/div>         <\/div>             <div class=\"kksr-star\" data-star=\"3\" style=\"padding-right: 5px\">               <div class=\"kksr-icon\" style=\"width: 24px; height: 24px;\"><\/div>         <\/div>             <div class=\"kksr-star\" data-star=\"4\" style=\"padding-right: 5px\">               <div class=\"kksr-icon\" style=\"width: 24px; height: 24px;\"><\/div>         <\/div>             <div class=\"kksr-star\" data-star=\"5\" style=\"padding-right: 5px\">               <div class=\"kksr-icon\" style=\"width: 24px; height: 24px;\"><\/div>         <\/div>     <\/div>      <div class=\"kksr-stars-active\" style=\"width: 130.9px;\">             <div class=\"kksr-star\" style=\"padding-right: 5px\">               <div class=\"kksr-icon\" style=\"width: 24px; height: 24px;\"><\/div>         <\/div>             <div class=\"kksr-star\" style=\"padding-right: 5px\">               <div class=\"kksr-icon\" style=\"width: 24px; height: 24px;\"><\/div>         <\/div>             <div class=\"kksr-star\" style=\"padding-right: 5px\">               <div class=\"kksr-icon\" style=\"width: 24px; height: 24px;\"><\/div>         <\/div>             <div class=\"kksr-star\" style=\"padding-right: 5px\">               <div class=\"kksr-icon\" style=\"width: 24px; height: 24px;\"><\/div>         <\/div>             <div class=\"kksr-star\" style=\"padding-right: 5px\">               <div class=\"kksr-icon\" style=\"width: 24px; height: 24px;\"><\/div>         <\/div>     <\/div> <\/div>                   <div class=\"kksr-legend\" style=\"font-size: 19.2px;\">             4.6\/5 - (kura 12)    <\/div>     <\/div>  <p class=\"translation-block\"><strong>Charcoal ball press machine<\/strong> ni chombo cha kutengeneza matofali kutoka kwa poda ya makaa au poda ya makaa ya biomass. Inaweza kutengeneza briquettes za poda kwa maumbo mbalimbali, kama vile mto, mkate, mduara, nk. Na bidhaa hizi zilizokamilishwa zinatumika sana katika metallurgi, mitambo ya nguvu, tanuru, kupasha joto, catering, na sekta nyingine. Hivyo, soko lake ni kubwa sana. Uzalishaji wa Shuliy <strong><a href=\"https:\/\/charcoalplant.com\/sw\/charcoal-briquetting-machine\/charcoal-powder-briquette-machine\/\">mashine ya kubandika poda ya makaa<\/a><\/strong> ni 5-10t kwa saa. Hivyo, inaweza kukidhi mahitaji ya uzalishaji ya <strong><a href=\"https:\/\/charcoalplant.com\/sw\/info\/bbq-coal-production-line-installed-in-romania\/\">viwanda mbalimbali vikubwa<\/a><\/strong>. Karibu kuuliza kuhusu bei ya mashine. Na utapata punguzo kubwa.<\/p>    <figure class=\"wp-block-image aligncenter size-full\"><img loading=\"lazy\" decoding=\"async\" width=\"720\" height=\"540\" src=\"https:\/\/charcoalplant.com\/wp-content\/uploads\/2022\/02\/charcoal-briquette-forming-machine-for-sale.jpg\" alt=\"\" class=\"wp-image-2402\"\/><figcaption class=\"wp-element-caption\">mashine ya mkaa<\/figcaption><\/figure>    <h2 class=\"wp-block-heading\" id=\"h-raw-material-of-charcoal-ball-press-machine\"><strong>Mbichi <\/strong><strong>M<\/strong><strong>ateri ya <\/strong><strong>C<\/strong><strong>makaa ya mawe <\/strong><strong>B<\/strong><strong>zote <\/strong><strong>P<\/strong><strong>ress<\/strong><strong>&nbsp;Mashine<\/strong><strong><\/strong><\/h2>    <p class=\"translation-block\">Kolballpressmaskiner anv\u00e4nds i stor utstr\u00e4ckning. R\u00e5varorna kan vara kolpulver, j\u00e4rnpulver, kolpulver, aluminiumspulver, gips och s\u00e5 vidare. Dessutom kan avfallsmaterial som j\u00e4rnfils, slag, dagbrott, slam och kaolin anv\u00e4ndas. Finkornigheten hos dessa r\u00e5varor b\u00f6r vara mindre \u00e4n 5 mm. R\u00e5varor till kolpulverformningsmaskiner som kolpulver och kolpulver beh\u00f6ver f\u00f6rbehandlas med en <strong><a href=\"https:\/\/charcoalplant.com\/sw\/grinder-and-mixer\/charcoal-powder-mixer\/\">bindemedel<\/a><\/strong>. (Vissa r\u00e5materialer kr\u00e4ver inget bindemedel, v\u00e4nligen r\u00e5dg\u00f6r f\u00f6r detaljer).<\/p>    <figure class=\"wp-block-image aligncenter size-full\"><img loading=\"lazy\" decoding=\"async\" width=\"2293\" height=\"414\" src=\"https:\/\/charcoalplant.com\/wp-content\/uploads\/2021\/12\/raw-materials-of-charcoal-ball-press-machine.png\" alt=\"malighafi ya mashine ya kuchapisha mpira wa mkaa\" class=\"wp-image-2396\"\/><figcaption class=\"wp-element-caption\">malighafi ya mashine ya kuchapisha mpira wa mkaa<\/figcaption><\/figure>    <h2 class=\"wp-block-heading\" id=\"h-sturcture-of-charcoal-ball-briquette-machine\"><strong>Muundo wa Mashine ya Briquette\u00a0ya Mpira wa Mkaa<\/strong><\/h2>    <p>Mashine ya kutengeneza briketi ya mkaa inajumuisha hopa, gia, roller ya kukandamiza, ukanda wa kusafirisha, motor, kidhibiti kasi na miundo mingine. Gia mbili huendesha molds mbili za roller. Kwa sababu rollers za shinikizo huenda kwa kila mmoja, hemispheres mbili zinaweza kuunda nyanja kamili.<\/p>    <div class=\"wp-block-columns has-background is-layout-flex wp-container-core-columns-is-layout-28f84493 wp-block-columns-is-layout-flex\" style=\"background-color:#f1f1f1\"> <div class=\"wp-block-column is-layout-flow wp-block-column-is-layout-flow\" style=\"flex-basis:66.66%\"> <figure class=\"wp-block-gallery has-nested-images columns-default is-cropped wp-block-gallery-2 is-layout-flex wp-block-gallery-is-layout-flex\"> <figure class=\"wp-block-image size-large\"><img loading=\"lazy\" decoding=\"async\" width=\"720\" height=\"540\" data-id=\"2397\" src=\"https:\/\/charcoalplant.com\/wp-content\/uploads\/2022\/02\/inlet-of-charcoal-ball-press-machine.jpg\" alt=\"\" class=\"wp-image-2397\"\/><\/figure> <\/figure> <\/div>    <div class=\"wp-block-column is-vertically-aligned-center is-layout-flow wp-block-column-is-layout-flow\" style=\"flex-basis:33.33%\"> <p class=\"translation-block\"><strong>Inlopp<\/strong><\/p>    <p>Lango la kulisha la mashine ya kushindilia mpira wa mkaa\u00a0lina kifaa cha kulisha skrubu. Kwa upande mmoja, inaweza kudhibiti kasi ya kulisha ili kuzuia mkusanyiko wa unga wa kaboni au unga wa makaa ya mawe. Kwa upande mwingine, ni kuhakikisha kuwa vifaa vya mvua vinaweza kuendelea na kulishwa sawasawa kwa rollers za mashine ya kutengeneza.<\/p> <\/div> <\/div>    <div class=\"wp-block-columns has-background is-layout-flex wp-container-core-columns-is-layout-28f84493 wp-block-columns-is-layout-flex\" style=\"background-color:#f1f1f1\"> <div class=\"wp-block-column is-vertically-aligned-center is-layout-flow wp-block-column-is-layout-flow\" style=\"flex-basis:33.33%\"> <p class=\"translation-block\"><strong>Tryck-roll<\/strong><\/p>    <p>Ngozi za roller zinaweza kuundwa kwa mitindo mbalimbali ili kuzalisha briquettes ya mkaa ya maumbo mbalimbali. Nyenzo huundwa haraka kuwa kizuizi cha kaboni ya duara kupitia kufinya kwa nguvu kwa mitambo ya rollers.<\/p> <\/div>    <div class=\"wp-block-column is-layout-flow wp-block-column-is-layout-flow\" style=\"flex-basis:66.66%\"> <figure class=\"wp-block-gallery has-nested-images columns-default is-cropped wp-block-gallery-3 is-layout-flex wp-block-gallery-is-layout-flex\"> <figure class=\"wp-block-image size-large\"><img loading=\"lazy\" decoding=\"async\" width=\"720\" height=\"540\" data-id=\"2398\" src=\"https:\/\/charcoalplant.com\/wp-content\/uploads\/2022\/02\/pressure-roller.jpg\" alt=\"\" class=\"wp-image-2398\"\/><\/figure> <\/figure> <\/div> <\/div>    <div class=\"wp-block-columns has-background is-layout-flex wp-container-core-columns-is-layout-28f84493 wp-block-columns-is-layout-flex\" style=\"background-color:#f1f1f1\"> <div class=\"wp-block-column is-layout-flow wp-block-column-is-layout-flow\" style=\"flex-basis:66.66%\"> <figure class=\"wp-block-gallery has-nested-images columns-default is-cropped wp-block-gallery-4 is-layout-flex wp-block-gallery-is-layout-flex\"> <figure class=\"wp-block-image size-large\"><img loading=\"lazy\" decoding=\"async\" width=\"720\" height=\"540\" data-id=\"2400\" src=\"https:\/\/charcoalplant.com\/wp-content\/uploads\/2022\/02\/outlet.jpg\" alt=\"\" class=\"wp-image-2400\"\/><\/figure> <\/figure> <\/div>    <div class=\"wp-block-column is-vertically-aligned-center is-layout-flow wp-block-column-is-layout-flow\" style=\"flex-basis:33.33%\"> <p class=\"translation-block\"><strong>Utg\u00e5ng<\/strong><\/p>    <p>Bidhaa ya kumaliza huanguka kwenye ukanda wa conveyor na hutumwa nje ya bandari ya kutokwa. Na kuna skrini ya chuma kwenye sehemu ya mashine ya briquette ya makaa ya mawe. Inaweza kutenganisha chakavu na bidhaa za kumaliza. Mabaki ya sieved hukusanywa na kutumika.<\/p> <\/div> <\/div>    <figure class=\"wp-block-gallery has-nested-images columns-default is-cropped wp-block-gallery-5 is-layout-flex wp-block-gallery-is-layout-flex\"> <figure class=\"wp-block-image size-large\"><img loading=\"lazy\" decoding=\"async\" width=\"720\" height=\"540\" data-id=\"1936\" src=\"https:\/\/charcoalplant.com\/wp-content\/uploads\/2021\/12\/Customers-production-site-2.jpg\" alt=\"Wateja-uzalishaji-tovuti\" class=\"wp-image-1936\"\/><figcaption class=\"wp-element-caption\">Wateja-uzalishaji-tovuti<\/figcaption><\/figure>    <figure class=\"wp-block-image size-large\"><img loading=\"lazy\" decoding=\"async\" width=\"720\" height=\"540\" data-id=\"1944\" src=\"https:\/\/charcoalplant.com\/wp-content\/uploads\/2022\/01\/finished-products-1.jpg\" alt=\"bidhaa za kumaliza\" class=\"wp-image-1944\"\/><figcaption class=\"wp-element-caption\">bidhaa za kumaliza<\/figcaption><\/figure> <\/figure>    <h2 class=\"wp-block-heading\" id=\"h-mineral-powder-ball-press-machine\"><strong>Mashine ya Waandishi wa Habari ya Mpira wa Makaa ya Mawe<\/strong><\/h2>    <p>Vyombo vya habari vya makaa ya mawe ya poda ni aina ya vifaa vya makaa ya mawe ambavyo vinaweza kusindika poda kavu moja kwa moja bila kuongeza wambiso. Malighafi ya uzalishaji wake ni pamoja na poda ya makaa ya mawe, majivu ya chimney, majivu nyeupe, poda ya chuma, poda ya risasi, na kadhalika. Mipira ya shinikizo la chuma hutumiwa zaidi katika tasnia ya kuyeyusha. Vifaa vya kushinikiza vya makaa ya mawe ya poda kavu vina injini 3. Zaidi ya hayo, wanaweza kudhibiti injini kuu, mfumo wa majimaji, na ukanda wa conveyor mtawaliwa. Kwa sababu ya rangi nzuri ya mipira ya taabu inayozalisha, kuna aina nyingi. Kwa hivyo kutakuwa na wateja wengi wanaoagiza. Ni kifaa cha hydraulic high-shinikizo na athari nzuri sana ya kutengeneza.<\/p>    <figure class=\"wp-block-image aligncenter size-full\"><img loading=\"lazy\" decoding=\"async\" width=\"720\" height=\"540\" src=\"https:\/\/charcoalplant.com\/wp-content\/uploads\/2021\/12\/New-dry-powder-ball-press-machine-2.jpg\" alt=\"Mpya-kavu-poda-mpira-bonyeza-mashine\" class=\"wp-image-1940\"\/><figcaption class=\"wp-element-caption\">Mpya-kavu-poda-mpira-bonyeza-mashine<\/figcaption><\/figure>    <figure class=\"wp-block-gallery has-nested-images columns-default is-cropped wp-block-gallery-6 is-layout-flex wp-block-gallery-is-layout-flex\"> <figure class=\"wp-block-image size-large\"><img loading=\"lazy\" decoding=\"async\" width=\"720\" height=\"540\" data-id=\"1354\" src=\"https:\/\/charcoalplant.com\/wp-content\/uploads\/2021\/12\/dry-powder-briquette-machine-1.jpg\" alt=\"mashine ya briquette ya poda kavu\" class=\"wp-image-1354\" srcset=\"https:\/\/charcoalplant.com\/wp-content\/uploads\/2021\/12\/dry-powder-briquette-machine-1.jpg 720w, https:\/\/charcoalplant.com\/wp-content\/uploads\/2021\/12\/dry-powder-briquette-machine-1-300x225.jpg 300w\" sizes=\"auto, (max-width: 720px) 100vw, 720px\" \/><figcaption class=\"wp-element-caption\">mashine ya briquette ya poda kavu<\/figcaption><\/figure>    <figure class=\"wp-block-image size-large\"><img loading=\"lazy\" decoding=\"async\" width=\"720\" height=\"540\" data-id=\"1244\" src=\"https:\/\/charcoalplant.com\/wp-content\/uploads\/2021\/12\/Working-principle-of-ball-press-1.jpg\" alt=\"Kazi-kanuni-ya-mpira-bonyeza\" class=\"wp-image-1244\" srcset=\"https:\/\/charcoalplant.com\/wp-content\/uploads\/2021\/12\/Working-principle-of-ball-press-1.jpg 720w, https:\/\/charcoalplant.com\/wp-content\/uploads\/2021\/12\/Working-principle-of-ball-press-1-300x225.jpg 300w\" sizes=\"auto, (max-width: 720px) 100vw, 720px\" \/><figcaption class=\"wp-element-caption\">Kazi-kanuni-ya-mpira-bonyeza<\/figcaption><\/figure> <\/figure>    <h2 class=\"wp-block-heading\" id=\"h-finished-product-of-charcoal-ball-forming-machine\"><strong>Bidhaa iliyokamilishwa<\/strong> <strong>ya<\/strong> <strong>Mashine ya Waandishi wa Habari za Mpira wa Mkaa<\/strong><\/h2>    <p>Sura ya mashine ya briquetting ya unga wa kaboni imedhamiriwa na mold yake. Kiwanda chetu kinaweza kuwapa wateja mto, spherical, mkate, na molds nyingine. Zaidi ya hayo, tunabinafsisha muundo na maandishi ya ukungu kwa wateja. <\/p>    <figure class=\"wp-block-image size-full\"><img loading=\"lazy\" decoding=\"async\" width=\"800\" height=\"503\" src=\"https:\/\/charcoalplant.com\/wp-content\/uploads\/2022\/02\/mould-of-charcoal-powder-and-mineral-powder.jpg\" alt=\"\" class=\"wp-image-2401\"\/><\/figure>    <h2 class=\"wp-block-heading\" id=\"parameters-of-bbq-charcoal-ball-press-machine\"><strong>Vigezo vya<\/strong> <strong>Mashine ya Waandishi wa Habari ya Mpira wa Mkaa wa BBQ<\/strong><\/h2>    <p>Ili kukidhi mahitaji ya wateja, si tu kipenyo na upana wa rollers shinikizo inaweza kuwa umeboreshwa. Na muundo wake wa ukungu na maandishi pia yanaweza kubinafsishwa.<\/p>    <figure class=\"wp-block-table is-style-stripes\"><table><tbody><tr><td>Mfano<\/td><td>Ukubwa wa roller (mm)<\/td><td>Kasi ya spindle(r\/min)<\/td><td>Nguvu (k)<\/td><td>Uwezo (t\/h)<\/td><td>Dimension(m)<\/td><\/tr><tr><td>SL-BP290<\/td><td>290*200<\/td><td>12-15<\/td><td>5.5-7.5<\/td><td>1-3<\/td><td>1.6*1.2*1.4<\/td><\/tr><tr><td>SL-BP360<\/td><td>360*250<\/td><td>12-15<\/td><td>7.5-11<\/td><td>3-5<\/td><td>2.1*1.3*1.76<\/td><\/tr><tr><td>SL-BP430<\/td><td>430*250<\/td><td>12-15<\/td><td>15-18.5<\/td><td>4-7<\/td><td>2.3*1.53*1.9<\/td><\/tr><tr><td>SL-BP500<\/td><td>500*300<\/td><td>12-15<\/td><td>22-30<\/td><td>5-10<\/td><td>2.6*1.75*2.1<\/td><\/tr><tr><td>SL-BP650<\/td><td>650*350<\/td><td>10-13<\/td><td>37-55<\/td><td>8-13<\/td><td>3.42*2*2.2<\/td><\/tr><tr><td>SL-BP750<\/td><td>750*380<\/td><td>10-13<\/td><td>45-75<\/td><td>12-17<\/td><td>3.7*2.55*2.6<\/td><\/tr><tr><td>SL-BP850<\/td><td>850*460<\/td><td>10-13<\/td><td>75-110<\/td><td>15-20<\/td><td>3.9*2.6*2.7<\/td><\/tr><tr><td>SL-BP1000<\/td><td>1000*530<\/td><td>10-13<\/td><td>110-132<\/td><td>20-30<\/td><td>4*2.8*2.8<\/td><\/tr><\/tbody><\/table><\/figure>    <figure class=\"wp-block-image aligncenter size-full\"><img loading=\"lazy\" decoding=\"async\" width=\"1063\" height=\"803\" src=\"https:\/\/charcoalplant.com\/wp-content\/uploads\/2022\/02\/bbq-charcoal-machine-for-sale.jpg\" alt=\"bbq mashine ya mkaa inauzwa\" class=\"wp-image-2403\"\/><figcaption class=\"wp-element-caption\">bbq mashine ya mkaa inauzwa<\/figcaption><\/figure>    <h2 class=\"wp-block-heading\" id=\"h-video-of-barbecue-charcoal-machine\"><strong>Video ya Mkaa <strong>Barbeque<\/strong><\/strong> <strong>Mashine<\/strong><\/h2>    <p>Video hapa chini inakuonyesha mchakato wa utengenezaji wa kiwanda cha mkaa choma. Na hatua zake za kufanya kazi ni rahisi sana. Kwa hiyo, unaweza kuelewa kwa urahisi mchakato wa uendeshaji wa mashine ya mkaa.<\/p>    <figure class=\"wp-block-embed is-type-video is-provider-youtube wp-block-embed-youtube wp-embed-aspect-16-9 wp-has-aspect-ratio\"><div class=\"wp-block-embed__wrapper\"> <iframe loading=\"lazy\" title=\"Mashine ya Kubofya Mpira wa Mkaa\/Makaa ya Mawe | Ufungaji wa Madini\/Metali kwa Kiwanda cha Kuyeyusha\" width=\"500\" height=\"281\" src=\"https:\/\/www.youtube.com\/embed\/VIJt2nuZkYE?feature=oembed\" frameborder=\"0\" allow=\"accelerometer; autoplay; clipboard-write; encrypted-media; gyroscope; picture-in-picture; web-share\" referrerpolicy=\"strict-origin-when-cross-origin\" allowfullscreen><\/iframe> <\/div><\/figure>    <h2 class=\"wp-block-heading\" id=\"h-roller-mineral-powder-press-for-sale\"><strong>Vyombo vya habari vya Poda ya Madini ya Roller Inauzwa<\/strong><\/h2>    <p class=\"translation-block\"><a href=\"https:\/\/charcoalplant.com\/sw\/\"><strong>Shuliy Machinery Equipment Co., Ltd<\/strong><\/a>, ina utaalamu katika kutengeneza kila aina ya vifaa vya uzalishaji wa makaa. Kiwanda chetu kinatoa wateja mitungi mbalimbali ya mashine za kuunda vizuizi vya makaa. Kwa mfano, oval, mkate, mto, safu, mraba, mduara, nk. Kampuni yetu inauza mashine za kuandaa mipira ya nyenzo za mvua na mipira ya nyenzo za kavu. Zaidi ya hayo, pia tunauza dryers, mixers,<strong><a href=\"https:\/\/charcoalplant.com\/sw\/hammer-mill\/\"> <\/a><a href=\"https:\/\/charcoalplant.com\/sw\/briquettes-packing-machine\/charcoal-briquettes-packing-machine\/\">mashine ya kufunga makaa<\/a><\/strong>, na kadhalika. Wasiliana nasi sasa kupata orodha ya hivi karibuni ya mashine za kuandaa mipira ya makaa.<\/p>    <figure class=\"wp-block-gallery has-nested-images columns-default is-cropped wp-block-gallery-7 is-layout-flex wp-block-gallery-is-layout-flex\"> <figure class=\"wp-block-image size-large\"><img loading=\"lazy\" decoding=\"async\" width=\"720\" height=\"540\" data-id=\"2404\" src=\"https:\/\/charcoalplant.com\/wp-content\/uploads\/2022\/02\/charcoal-ball-press-machine-plant.jpg\" alt=\"mtambo wa mashine ya kuchapisha mpira wa mkaa\" class=\"wp-image-2404\"\/><figcaption class=\"wp-element-caption\">mtambo wa mashine ya kuchapisha mpira wa mkaa<\/figcaption><\/figure>    <figure class=\"wp-block-image size-large\"><img loading=\"lazy\" decoding=\"async\" width=\"720\" height=\"540\" data-id=\"2405\" src=\"https:\/\/charcoalplant.com\/wp-content\/uploads\/2022\/02\/shippment-2.jpg\" alt=\"usafirishaji\" class=\"wp-image-2405\"\/><figcaption class=\"wp-element-caption\">usafirishaji<\/figcaption><\/figure> <\/figure>    <p><\/p>","protected":false},"excerpt":{"rendered":"<p>Mashine ya kukandamiza mpira wa mkaa\u00a0ni zana inayotumia poda ya makaa ya mawe, poda ya kaboni, poda ya chuma, poda ya alumini n.k. kutengeneza briket.<\/p>","protected":false},"author":1,"featured_media":1237,"parent":0,"template":"","tags":[59],"product-type":[44],"class_list":["post-1235","product","type-product","status-publish","has-post-thumbnail","hentry","tag-charcoal-briquetting-machine","product-type-charcoal-briquetting-machine"],"_links":{"self":[{"href":"https:\/\/charcoalplant.com\/sw\/wp-json\/wp\/v2\/product\/1235","targetHints":{"allow":["GET"]}}],"collection":[{"href":"https:\/\/charcoalplant.com\/sw\/wp-json\/wp\/v2\/product"}],"about":[{"href":"https:\/\/charcoalplant.com\/sw\/wp-json\/wp\/v2\/types\/product"}],"author":[{"embeddable":true,"href":"https:\/\/charcoalplant.com\/sw\/wp-json\/wp\/v2\/users\/1"}],"wp:featuredmedia":[{"embeddable":true,"href":"https:\/\/charcoalplant.com\/sw\/wp-json\/wp\/v2\/media\/1237"}],"wp:attachment":[{"href":"https:\/\/charcoalplant.com\/sw\/wp-json\/wp\/v2\/media?parent=1235"}],"wp:term":[{"taxonomy":"post_tag","embeddable":true,"href":"https:\/\/charcoalplant.com\/sw\/wp-json\/wp\/v2\/tags?post=1235"},{"taxonomy":"product-type","embeddable":true,"href":"https:\/\/charcoalplant.com\/sw\/wp-json\/wp\/v2\/product-type?post=1235"}],"curies":[{"name":"wp","href":"https:\/\/api.w.org\/{rel}","templated":true}]}}