{"id":1497,"date":"2021-12-23T03:51:11","date_gmt":"2021-12-23T03:51:11","guid":{"rendered":"https:\/\/charcoalplant.com\/?p=1497"},"modified":"2023-02-01T15:40:52","modified_gmt":"2023-02-01T07:40:52","slug":"charcoal-briquettes-packing-machine","status":"publish","type":"product","link":"https:\/\/charcoalplant.com\/sw\/product\/charcoal-briquettes-packing-machine\/","title":{"rendered":"Mashine ya Kupakia Briketi za Mkaa | Rahisi na Ufanisi"},"content":{"rendered":"<div class=\"kk-star-ratings kksr-auto kksr-align-left kksr-valign-top\"     data-payload='{&quot;align&quot;:&quot;left&quot;,&quot;id&quot;:&quot;1497&quot;,&quot;slug&quot;:&quot;default&quot;,&quot;valign&quot;:&quot;top&quot;,&quot;ignore&quot;:&quot;&quot;,&quot;reference&quot;:&quot;auto&quot;,&quot;class&quot;:&quot;&quot;,&quot;count&quot;:&quot;20&quot;,&quot;legendonly&quot;:&quot;&quot;,&quot;readonly&quot;:&quot;&quot;,&quot;score&quot;:&quot;4.7&quot;,&quot;starsonly&quot;:&quot;&quot;,&quot;best&quot;:&quot;5&quot;,&quot;gap&quot;:&quot;5&quot;,&quot;greet&quot;:&quot;Rate this product&quot;,&quot;legend&quot;:&quot;4.7\\\/5 - (20 votes)&quot;,&quot;size&quot;:&quot;24&quot;,&quot;title&quot;:&quot;Charcoal Briquettes Packing Machine | Flexible \\u0026amp; Efficient&quot;,&quot;width&quot;:&quot;133.8&quot;,&quot;_legend&quot;:&quot;{score}\\\/{best} - ({count} {votes})&quot;,&quot;font_factor&quot;:&quot;1.25&quot;}'>              <div class=\"kksr-stars\">      <div class=\"kksr-stars-inactive\">             <div class=\"kksr-star\" data-star=\"1\" style=\"padding-right: 5px\">               <div class=\"kksr-icon\" style=\"width: 24px; height: 24px;\"><\/div>         <\/div>             <div class=\"kksr-star\" data-star=\"2\" style=\"padding-right: 5px\">               <div class=\"kksr-icon\" style=\"width: 24px; height: 24px;\"><\/div>         <\/div>             <div class=\"kksr-star\" data-star=\"3\" style=\"padding-right: 5px\">               <div class=\"kksr-icon\" style=\"width: 24px; height: 24px;\"><\/div>         <\/div>             <div class=\"kksr-star\" data-star=\"4\" style=\"padding-right: 5px\">               <div class=\"kksr-icon\" style=\"width: 24px; height: 24px;\"><\/div>         <\/div>             <div class=\"kksr-star\" data-star=\"5\" style=\"padding-right: 5px\">               <div class=\"kksr-icon\" style=\"width: 24px; height: 24px;\"><\/div>         <\/div>     <\/div>      <div class=\"kksr-stars-active\" style=\"width: 133.8px;\">             <div class=\"kksr-star\" style=\"padding-right: 5px\">               <div class=\"kksr-icon\" style=\"width: 24px; height: 24px;\"><\/div>         <\/div>             <div class=\"kksr-star\" style=\"padding-right: 5px\">               <div class=\"kksr-icon\" style=\"width: 24px; height: 24px;\"><\/div>         <\/div>             <div class=\"kksr-star\" style=\"padding-right: 5px\">               <div class=\"kksr-icon\" style=\"width: 24px; height: 24px;\"><\/div>         <\/div>             <div class=\"kksr-star\" style=\"padding-right: 5px\">               <div class=\"kksr-icon\" style=\"width: 24px; height: 24px;\"><\/div>         <\/div>             <div class=\"kksr-star\" style=\"padding-right: 5px\">               <div class=\"kksr-icon\" style=\"width: 24px; height: 24px;\"><\/div>         <\/div>     <\/div> <\/div>                   <div class=\"kksr-legend\" style=\"font-size: 19.2px;\">             4.7\/5 - (kura 20)    <\/div>     <\/div>  <p class=\"translation-block\"><strong>Mashine ya kufunga makaa ya mawe<\/strong> ni kifaa kinachotumiwa kufunga bidhaa za makaa ya mawe kwenye mifuko au vyombo. Kawaida hujumuisha mfumo wa uzani ili kuhakikisha sehemu sahihi, na vile vile utaratibu wa kuziba ili kufunga na kupata mifuko au vyombo. <\/p>    <p class=\"translation-block\">M\u00e1quina de envasado de carb\u00f3n para la venta de Shuliy principalmente incluye m\u00e1quina de envasado de carb\u00f3n para hookah redonda, m\u00e1quina de envasado de carb\u00f3n para hookah cuadrada, m\u00e1quina de envasado de carb\u00f3n para barbacoa y m\u00e1quina de envasado de carb\u00f3n de panal. Estas cuatro m\u00e1quinas de envasado pueden envasar carb\u00f3n de manera eficiente de acuerdo con las caracter\u00edsticas de su forma, peso y condiciones de almacenamiento. A continuaci\u00f3n presentar\u00e9 las caracter\u00edsticas y la aplicaci\u00f3n de las cuatro m\u00e1quinas de envasado de carb\u00f3n respectivamente. <\/p>    <h2 class=\"wp-block-heading\" id=\"h-round-hookah-charcoal-packing-machine\"><strong>Aina ya 1<\/strong>: <strong>Mzunguko<\/strong> <strong>mkaa wa hookah<\/strong> <strong>mashine ya kufunga<\/strong> <strong>kwa ajili ya kuuza<\/strong><\/h2>    <p class=\"translation-block\"><strong>Mashine ya kufunga makaa ya mawe ya hookah<\/strong> pia huitwa mashine ya kufunga ya mlalo. Mashine hii ya kufunga pia hutumiwa mara kwa mara katika tasnia ya chakula na dawa. Inadhibitiwa na paneli ya akili ya CNC. Kwa hivyo, wateja wanaweza kuweka urefu wa mfuko wa kufunga, kasi ya kufunga, idadi ya kufunga, nk kupitia kompyuta. Mwishowe, karatasi ya makaa ya mawe ya hookah hufungwa kiatomati na kuzibwa na filamu ya kufunga. <\/p>    <figure class=\"wp-block-image aligncenter size-full is-resized\"><img loading=\"lazy\" decoding=\"async\" src=\"https:\/\/charcoalplant.com\/wp-content\/uploads\/2022\/02\/shisha-packaging-machine-plant.jpg\" alt=\"kiwanda cha mashine ya kufungashia mkaa\" class=\"wp-image-2496\" width=\"657\" height=\"491\"\/><figcaption class=\"wp-element-caption\">kiwanda cha mashine ya kufungashia mkaa<\/figcaption><\/figure>    <h3 class=\"wp-block-heading\">Hiari vifaa vya kusaidia kwa ajili ya ufungaji wa mkaa<\/h3>    <p class=\"translation-block\"><strong>Dispensari ya makaa ya mawe ya hookah<\/strong> ina kazi mbili. Kwa upande mmoja, karatasi ya makaa ya mawe ya shisha huwekwa sawa kabla ya nyenzo kugawanywa. Kwa upande mwingine, nyimbo zake huruhusu bidhaa za kibinafsi kutenganishwa. Mifuko ya kawaida ya makaa ya mawe ya shisha sokoni ni vipande 10 kwa mfuko. (Ikiwa kuna mahitaji, kiwanda chetu kinaweza kubadilisha kisambazaji cha nyimbo nyingi)<\/p>    <figure class=\"wp-block-gallery has-nested-images columns-default is-cropped wp-block-gallery-2 is-layout-flex wp-block-gallery-is-layout-flex\"> <figure class=\"wp-block-image size-large\"><img loading=\"lazy\" decoding=\"async\" width=\"720\" height=\"540\" data-id=\"2494\" src=\"https:\/\/charcoalplant.com\/wp-content\/uploads\/2022\/02\/paving-the-hookah-charcoal.jpg\" alt=\"kutengeneza-hookah-mkaa\" class=\"wp-image-2494\"\/><figcaption class=\"wp-element-caption\">kutengeneza-hookah-mkaa<\/figcaption><\/figure>    <figure class=\"wp-block-image size-large\"><img loading=\"lazy\" decoding=\"async\" width=\"720\" height=\"540\" data-id=\"1766\" src=\"https:\/\/charcoalplant.com\/wp-content\/uploads\/2021\/12\/hookah-charcoal-packing-machine.jpg\" alt=\"kifaa cha kusambaza mkaa cha hookah\" class=\"wp-image-1766\" srcset=\"https:\/\/charcoalplant.com\/wp-content\/uploads\/2021\/12\/hookah-charcoal-packing-machine.jpg 720w, https:\/\/charcoalplant.com\/wp-content\/uploads\/2021\/12\/hookah-charcoal-packing-machine-300x225.jpg 300w\" sizes=\"auto, (max-width: 720px) 100vw, 720px\" \/><figcaption class=\"wp-element-caption\">Kisambazaji cha mkaa cha Hookah<\/figcaption><\/figure> <\/figure>    <p class=\"translation-block\"><strong>Mashine ya kufunga inayokunja kwa joto<\/strong> ni kifaa kinachofunga bidhaa za kawaida. Kuongeza filamu ya plastiki nje ya bidhaa kunaweza kuzuia kisanduku kukwaruzwa na pia kuzuia unyevu<\/p>    <h3 class=\"wp-block-heading\">Onyesho la kufunga mkaa la mviringo<\/h3>    <figure class=\"wp-block-gallery has-nested-images columns-default is-cropped wp-block-gallery-3 is-layout-flex wp-block-gallery-is-layout-flex\"> <figure class=\"wp-block-image size-large\"><img loading=\"lazy\" decoding=\"async\" width=\"720\" height=\"540\" data-id=\"1770\" src=\"https:\/\/charcoalplant.com\/wp-content\/uploads\/2022\/01\/hookah-charcoal-briquette-wrapping-show.jpg\" alt=\"show ya hookah-mkaa-briquette-wrapping-show\" class=\"wp-image-1770\" srcset=\"https:\/\/charcoalplant.com\/wp-content\/uploads\/2022\/01\/hookah-charcoal-briquette-wrapping-show.jpg 720w, https:\/\/charcoalplant.com\/wp-content\/uploads\/2022\/01\/hookah-charcoal-briquette-wrapping-show-300x225.jpg 300w\" sizes=\"auto, (max-width: 720px) 100vw, 720px\" \/><figcaption class=\"wp-element-caption\">show ya hookah-mkaa-briquette-wrapping-show<\/figcaption><\/figure>    <figure class=\"wp-block-image size-large\"><img loading=\"lazy\" decoding=\"async\" width=\"720\" height=\"540\" data-id=\"1771\" src=\"https:\/\/charcoalplant.com\/wp-content\/uploads\/2022\/01\/shisha-charcoal-bagging-effect.jpg\" alt=\"shisha-mkaa-magunia-athari\" class=\"wp-image-1771\" srcset=\"https:\/\/charcoalplant.com\/wp-content\/uploads\/2022\/01\/shisha-charcoal-bagging-effect.jpg 720w, https:\/\/charcoalplant.com\/wp-content\/uploads\/2022\/01\/shisha-charcoal-bagging-effect-300x225.jpg 300w\" sizes=\"auto, (max-width: 720px) 100vw, 720px\" \/><figcaption class=\"wp-element-caption\">shisha-mkaa-magunia-athari<\/figcaption><\/figure> <\/figure>    <figure class=\"wp-block-embed is-type-video is-provider-youtube wp-block-embed-youtube wp-embed-aspect-16-9 wp-has-aspect-ratio\"><div class=\"wp-block-embed__wrapper\"> <iframe loading=\"lazy\" title=\"Kompyuta Kibao Bora ya Shisha ya Nazi ya Mkaa | Kiwanda cha Mashine ya Kompyuta Kibao cha Rotary Hookah#shishacharcoal#Arab\" width=\"500\" height=\"281\" src=\"https:\/\/www.youtube.com\/embed\/SCr3JOp5PN8?feature=oembed\" frameborder=\"0\" allow=\"accelerometer; autoplay; clipboard-write; encrypted-media; gyroscope; picture-in-picture; web-share\" referrerpolicy=\"strict-origin-when-cross-origin\" allowfullscreen><\/iframe> <\/div><\/figure>    <h3 class=\"wp-block-heading\">Vigezo vya mashine ya kufunga mkaa<\/h3>    <p>Yafuatayo ni vigezo vya mifano 3 ya mashine za ufungaji wa mto.<\/p>    <figure class=\"wp-block-table is-style-stripes\"><table><tbody><tr><td class=\"has-text-align-left\" data-align=\"left\">           <strong>Mfano<\/strong><\/td><td>         <strong>TH-250B<\/strong><\/td><td>       <strong>TH-250D<\/strong><\/td><td>         <strong>TH-250S<\/strong><\/td><\/tr><tr><td class=\"has-text-align-left\" data-align=\"left\">       <strong>Upana wa filamu <\/strong><\/td><td>         Upeo.250mm <\/td><td>       Upeo.250mm <\/td><td>         Upeo.180mm <\/td><\/tr><tr><td class=\"has-text-align-left\" data-align=\"left\">       <strong>Urefu wa mfuko<\/strong><\/td><td>         65-190mm <br>        120-280mm<\/td><td>       90-220mm<\/td><td>         45 ~ 90mm<\/td><\/tr><tr><td class=\"has-text-align-left\" data-align=\"left\">       <strong>Upana wa mfuko<\/strong> <\/td><td>         30 ~ 110mm <\/td><td>       30 ~ 110mm <\/td><td>         30 ~ 80mm <\/td><\/tr><tr><td class=\"has-text-align-left\" data-align=\"left\">   <strong>Urefu wa bidhaa<\/strong><\/td><td>         Upeo.40mm<\/td><td>       Upeo.55mm<\/td><td>         Upeo wa milimita 35<\/td><\/tr><tr><td class=\"has-text-align-left\" data-align=\"left\"> <strong>Kipenyo cha roll ya filamu <\/strong><\/td><td>         Upeo.320Tm <\/td><td>       Upeo.320Tm  <\/td><td>         Upeo.320Tm  <\/td><\/tr><tr><td class=\"has-text-align-left\" data-align=\"left\">   <strong>Kasi ya ufungaji<\/strong> <\/td><td> 40-230Package\/min <\/td><td>40-230Package\/min  <\/td><td> 60-330Package\/min  <\/td><\/tr><\/tbody><\/table><\/figure>    <h2 class=\"wp-block-heading\" id=\"h-cube-shisha-charcoal-briquettes-packing-machine\"><strong>Aina ya 2<\/strong>: <strong>Mashine ya kufungashia mkaa ya mchemraba shisha<\/strong> <strong>kwa ajili ya kuuza<\/strong><\/h2>    <p>Ili kutambulisha mashine ya kufungashia mkaa ya hookah kwa uwazi zaidi, tulitengeneza video ya Youtube. Chini ni video ya kazi ya mashine ya ufungaji ya makaa ya hookah ya mraba. Karibu kutazama, ukipenda, usisahau kujiandikisha.<\/p>    <figure class=\"wp-block-embed is-type-video is-provider-youtube wp-block-embed-youtube wp-embed-aspect-16-9 wp-has-aspect-ratio\"><div class=\"wp-block-embed__wrapper\"> <iframe loading=\"lazy\" title=\"Rotary Cube Hookah Mkaa Press | Mashine ya Kufungashia Vifungashio vya Poda ya Mkaa#cubeshishakaa\" width=\"500\" height=\"281\" src=\"https:\/\/www.youtube.com\/embed\/Xr96E5YjIis?feature=oembed\" frameborder=\"0\" allow=\"accelerometer; autoplay; clipboard-write; encrypted-media; gyroscope; picture-in-picture; web-share\" referrerpolicy=\"strict-origin-when-cross-origin\" allowfullscreen><\/iframe> <\/div><\/figure>    <h3 class=\"wp-block-heading\">Mchemraba hubbly kufunga mkaa onyesho<\/h3>    <figure class=\"wp-block-gallery has-nested-images columns-default is-cropped wp-block-gallery-4 is-layout-flex wp-block-gallery-is-layout-flex\"> <figure class=\"wp-block-image size-large\"><img loading=\"lazy\" decoding=\"async\" width=\"720\" height=\"540\" data-id=\"2502\" src=\"https:\/\/charcoalplant.com\/wp-content\/uploads\/2022\/02\/72-Pcs-Box-Natural-Coconut-Shell-Cubes-Coal-Charcoal-for-Shisha.jpg\" alt=\"72-Pcs-Box-Asili-Shell-Nazi-Cubes-Coal-Mkaa-kwa-Shisha\" class=\"wp-image-2502\"\/><figcaption class=\"wp-element-caption\">72-Pcs-Box-Asili-Shell-Nazi-Cubes-Coal-Mkaa-kwa-Shisha<\/figcaption><\/figure>    <figure class=\"wp-block-image size-large\"><img loading=\"lazy\" decoding=\"async\" width=\"720\" height=\"540\" data-id=\"2503\" src=\"https:\/\/charcoalplant.com\/wp-content\/uploads\/2022\/02\/cube-charcoal-.jpg\" alt=\"mchemraba-mkaa\" class=\"wp-image-2503\"\/><figcaption class=\"wp-element-caption\">mchemraba-mkaa<\/figcaption><\/figure> <\/figure>    <h2 class=\"wp-block-heading\"><strong>Aina ya 3<\/strong>: <strong>Mashine ya kufungashia mkaa ya BBQ<\/strong> <strong>kwa ajili ya kuuza<\/strong><\/h2>    <p class=\"translation-block\">Aina hii ya mashine ya kufunga makaa ya mawe pia huitwa mashine ya kufunga ya kiasi au mashine ya kufunga uzani. Kwa hivyo, tunaweza kuelewa kwa urahisi jinsi mashine inavyofanya kazi. Yaani, kwa kudhibiti uzito wa vifaa, vifaa hufungwa kwa usawa. Vifaa vya <a href=\"https:\/\/tianhuipackingmachine.com\/5-50kg-granule-filling-machine\/\" target=\"_blank\" rel=\"noopener\">mashine za kufunga kiasi<\/a> kwa ujumla ni bidhaa nyingi na za vitalu. Kwa mfano, mbolea, nafaka, <a href=\"https:\/\/charcoalplant.com\/sw\/product\/charcoal-ball-press-machine\/\"><strong>makaa ya barbeque<\/strong><\/a>, unga, n.k.<\/p>    <div class=\"wp-block-columns is-layout-flex wp-container-core-columns-is-layout-28f84493 wp-block-columns-is-layout-flex\"> <div class=\"wp-block-column is-layout-flow wp-block-column-is-layout-flow\"> <figure class=\"wp-block-image size-full\"><img loading=\"lazy\" decoding=\"async\" width=\"720\" height=\"540\" src=\"https:\/\/charcoalplant.com\/wp-content\/uploads\/2021\/12\/quantitative-packaging-machine.jpg\" alt=\"mashine ya ufungaji ya kiasi\" class=\"wp-image-3500\"\/><figcaption class=\"wp-element-caption\">mashine ya ufungaji ya kiasi<\/figcaption><\/figure> <\/div>    <div class=\"wp-block-column is-layout-flow wp-block-column-is-layout-flow\"> <figure class=\"wp-block-image size-full\"><img loading=\"lazy\" decoding=\"async\" width=\"720\" height=\"540\" src=\"https:\/\/charcoalplant.com\/wp-content\/uploads\/2021\/12\/charcoal-briquette-filling-machine.jpg\" alt=\"mashine ya kujaza briquette ya mkaa\" class=\"wp-image-3501\"\/><figcaption class=\"wp-element-caption\">mashine ya kujaza briquette ya mkaa<\/figcaption><\/figure> <\/div> <\/div>    <h3 class=\"wp-block-heading\">Vipengele vya ufungaji wa mkaa wa bbq<\/h3>    <p>Muundo wake hasa ni pamoja na ghuba ya malisho, lango, hopper ya uzani, fremu, sensor, sanduku la kudhibiti, mashine ya kusafirisha na kufunga, nk Kwa upande mmoja, inakuja na mfumo wake wa ufungaji. Kwa upande mwingine, mifuko yake ya ufungaji inaweza kuchaguliwa kwa njia mbalimbali. Kwa mfano, karatasi ya krafti, mifuko ya kusuka, magunia, na mifuko ya nguo.<\/p>    <figure class=\"wp-block-gallery has-nested-images columns-default is-cropped wp-block-gallery-5 is-layout-flex wp-block-gallery-is-layout-flex\"> <figure class=\"wp-block-image size-large\"><img loading=\"lazy\" decoding=\"async\" width=\"720\" height=\"540\" data-id=\"2499\" src=\"https:\/\/charcoalplant.com\/wp-content\/uploads\/2022\/02\/5kg-10kg-and-15kg-BBQ-charcoal-display.jpg\" alt=\"5kg-10kg-na-15kg-BBQ-mkaa-onyesho\" class=\"wp-image-2499\"\/><figcaption class=\"wp-element-caption\">5kg-10kg-na-15kg-BBQ-mkaa-onyesho<\/figcaption><\/figure>    <figure class=\"wp-block-image size-large\"><img loading=\"lazy\" decoding=\"async\" width=\"720\" height=\"540\" data-id=\"2500\" src=\"https:\/\/charcoalplant.com\/wp-content\/uploads\/2022\/02\/different-bags.jpg\" alt=\"mifuko tofauti\" class=\"wp-image-2500\"\/><figcaption class=\"wp-element-caption\">mifuko tofauti<\/figcaption><\/figure> <\/figure>    <h2 class=\"wp-block-heading\" id=\"h-bbq-coal-wrapper-equipment\"><strong>Aina ya 4: BBQ<\/strong> <strong>vifaa vya kufunika makaa ya mawe<\/strong> <strong>kwa ajili ya kuuza<\/strong> <\/h2>    <p class=\"translation-block\">Aina hii ya mashine ya kufunga inaitwa mashine ya kuziba na kukata. Kwa sababu teknolojia yake ya msingi ni ufungaji wa kunywea kwa joto. Kwa hivyo pia inaitwa <a href=\"https:\/\/tianhuipackingmachine.com\/shrink-packing-machine\/\" target=\"_blank\" rel=\"noopener\"><strong>mashine ya kufunga inayokunja<\/strong><\/a>. <\/p>    <figure class=\"wp-block-image aligncenter size-full\"><img loading=\"lazy\" decoding=\"async\" width=\"720\" height=\"540\" src=\"https:\/\/charcoalplant.com\/wp-content\/uploads\/2022\/01\/coal-wrapper-.jpg\" alt=\"kanga ya makaa ya mawe\" class=\"wp-image-1764\" srcset=\"https:\/\/charcoalplant.com\/wp-content\/uploads\/2022\/01\/coal-wrapper-.jpg 720w, https:\/\/charcoalplant.com\/wp-content\/uploads\/2022\/01\/coal-wrapper--300x225.jpg 300w\" sizes=\"auto, (max-width: 720px) 100vw, 720px\" \/><figcaption class=\"wp-element-caption\">kanga ya makaa ya mawe<\/figcaption><\/figure>    <h3 class=\"wp-block-heading\">Vipengele vya ufungaji wa makaa ya mawe ya asali <\/h3>    <p class=\"translation-block\">Hapo awali, mabwana waliouza briquettes walitegemea teknolojia kupakia na kupakua briquettes. Walihamisha rundo la<strong><a href=\"https:\/\/charcoalplant.com\/sw\/coal-briquettes-production-line\/\"> briquettes<\/a><\/strong> kwa wakati mmoja. Na mara nyingi huharibu briquettes nyingi. Kwa hivyo sasa tunatumia teknolojia ya ufungaji wa plastiki kutibu idadi fulani ya briquettes kama kitengo cha ufungaji. Hii sio tu nzuri kwa upakiaji na upakuaji lakini pia nzuri kwa kulinda <a href=\"https:\/\/charcoalplant.com\/sw\/product\/honeycomb-coal-press-machine\/\"><strong>briquette ya asali<\/strong><\/a>.<\/p>    <figure class=\"wp-block-gallery has-nested-images columns-default is-cropped wp-block-gallery-6 is-layout-flex wp-block-gallery-is-layout-flex\"> <figure class=\"wp-block-image size-large\"><img loading=\"lazy\" decoding=\"async\" width=\"720\" height=\"540\" data-id=\"1769\" src=\"https:\/\/charcoalplant.com\/wp-content\/uploads\/2022\/01\/coal-wrapping-effect.jpg\" alt=\"athari ya kufunika kwa makaa ya mawe\" class=\"wp-image-1769\" srcset=\"https:\/\/charcoalplant.com\/wp-content\/uploads\/2022\/01\/coal-wrapping-effect.jpg 720w, https:\/\/charcoalplant.com\/wp-content\/uploads\/2022\/01\/coal-wrapping-effect-300x225.jpg 300w\" sizes=\"auto, (max-width: 720px) 100vw, 720px\" \/><figcaption class=\"wp-element-caption\">athari ya kufunika kwa makaa ya mawe<\/figcaption><\/figure>    <figure class=\"wp-block-image size-large\"><img loading=\"lazy\" decoding=\"async\" width=\"720\" height=\"540\" data-id=\"2501\" src=\"https:\/\/charcoalplant.com\/wp-content\/uploads\/2022\/02\/coconut-shell-charcoal-briquette.jpg\" alt=\"ganda la nazi-mkaa-briquette\" class=\"wp-image-2501\"\/><figcaption class=\"wp-element-caption\">ganda la nazi-mkaa-briquette<\/figcaption><\/figure> <\/figure>    <h2 class=\"wp-block-heading\" id=\"h-charcoal-briquettes-wrapping-machine-for-sale\"><strong>Mashine ya kufunga briquette ya mkaa<\/strong> | <strong>bei nzuri<\/strong><\/h2>    <p>Tunauza hasa aina tatu za mashine za kufungashia briketi za mkaa. Ni mashine ya kufungashia mito, mashine za upakiaji kiasi, na mashine ya kufungashia nyusi. Kwa vifaa tofauti, tutapendekeza mashine maalum za ufungaji kwako. Wakati huo huo, tutakujulisha pia juu ya upeo wa maombi yake na tahadhari. Mashine hizi tatu za ufungaji wa briquette za mkaa mara nyingi huonekana kwenye mstari wa uzalishaji wa briquette ya mkaa. Ikiwa una nia, tafadhali wasiliana nasi. Tutatoa huduma ya dhati zaidi.<\/p>","protected":false},"excerpt":{"rendered":"<p>Mashine ya Kufunga Briquettes ya Mkaa ni rahisi kufanya kazi. Na inaweza kufunga mkaa wa hookah, mpira wa mkaa, vijiti vya makaa ya mawe, unga wa mkaa, nk.<\/p>","protected":false},"author":1,"featured_media":1503,"parent":0,"template":"","tags":[61],"product-type":[46],"class_list":["post-1497","product","type-product","status-publish","has-post-thumbnail","hentry","tag-briquettes-packing-machine","product-type-briquettes-packing-machine"],"_links":{"self":[{"href":"https:\/\/charcoalplant.com\/sw\/wp-json\/wp\/v2\/product\/1497","targetHints":{"allow":["GET"]}}],"collection":[{"href":"https:\/\/charcoalplant.com\/sw\/wp-json\/wp\/v2\/product"}],"about":[{"href":"https:\/\/charcoalplant.com\/sw\/wp-json\/wp\/v2\/types\/product"}],"author":[{"embeddable":true,"href":"https:\/\/charcoalplant.com\/sw\/wp-json\/wp\/v2\/users\/1"}],"wp:featuredmedia":[{"embeddable":true,"href":"https:\/\/charcoalplant.com\/sw\/wp-json\/wp\/v2\/media\/1503"}],"wp:attachment":[{"href":"https:\/\/charcoalplant.com\/sw\/wp-json\/wp\/v2\/media?parent=1497"}],"wp:term":[{"taxonomy":"post_tag","embeddable":true,"href":"https:\/\/charcoalplant.com\/sw\/wp-json\/wp\/v2\/tags?post=1497"},{"taxonomy":"product-type","embeddable":true,"href":"https:\/\/charcoalplant.com\/sw\/wp-json\/wp\/v2\/product-type?post=1497"}],"curies":[{"name":"wp","href":"https:\/\/api.w.org\/{rel}","templated":true}]}}