{"id":1628,"date":"2022-01-04T02:55:40","date_gmt":"2022-01-04T02:55:40","guid":{"rendered":"https:\/\/charcoalplant.com\/"},"modified":"2023-03-31T15:17:53","modified_gmt":"2023-03-31T07:17:53","slug":"garden-wood-chipper-shredder","status":"publish","type":"product","link":"https:\/\/charcoalplant.com\/sw\/product\/garden-wood-chipper-shredder\/","title":{"rendered":"Bustani Wood Chipper Shredder | Mobile Branch Crusher"},"content":{"rendered":"<div class=\"kk-star-ratings kksr-auto kksr-align-left kksr-valign-top\"     data-payload='{&quot;align&quot;:&quot;left&quot;,&quot;id&quot;:&quot;1628&quot;,&quot;slug&quot;:&quot;default&quot;,&quot;valign&quot;:&quot;top&quot;,&quot;ignore&quot;:&quot;&quot;,&quot;reference&quot;:&quot;auto&quot;,&quot;class&quot;:&quot;&quot;,&quot;count&quot;:&quot;23&quot;,&quot;legendonly&quot;:&quot;&quot;,&quot;readonly&quot;:&quot;&quot;,&quot;score&quot;:&quot;4.4&quot;,&quot;starsonly&quot;:&quot;&quot;,&quot;best&quot;:&quot;5&quot;,&quot;gap&quot;:&quot;5&quot;,&quot;greet&quot;:&quot;Rate this product&quot;,&quot;legend&quot;:&quot;4.4\\\/5 - (23 votes)&quot;,&quot;size&quot;:&quot;24&quot;,&quot;title&quot;:&quot;Garden Wood Chipper Shredder | Mobile Branch Crusher&quot;,&quot;width&quot;:&quot;125.1&quot;,&quot;_legend&quot;:&quot;{score}\\\/{best} - ({count} {votes})&quot;,&quot;font_factor&quot;:&quot;1.25&quot;}'>              <div class=\"kksr-stars\">      <div class=\"kksr-stars-inactive\">             <div class=\"kksr-star\" data-star=\"1\" style=\"padding-right: 5px\">               <div class=\"kksr-icon\" style=\"width: 24px; height: 24px;\"><\/div>         <\/div>             <div class=\"kksr-star\" data-star=\"2\" style=\"padding-right: 5px\">               <div class=\"kksr-icon\" style=\"width: 24px; height: 24px;\"><\/div>         <\/div>             <div class=\"kksr-star\" data-star=\"3\" style=\"padding-right: 5px\">               <div class=\"kksr-icon\" style=\"width: 24px; height: 24px;\"><\/div>         <\/div>             <div class=\"kksr-star\" data-star=\"4\" style=\"padding-right: 5px\">               <div class=\"kksr-icon\" style=\"width: 24px; height: 24px;\"><\/div>         <\/div>             <div class=\"kksr-star\" data-star=\"5\" style=\"padding-right: 5px\">               <div class=\"kksr-icon\" style=\"width: 24px; height: 24px;\"><\/div>         <\/div>     <\/div>      <div class=\"kksr-stars-active\" style=\"width: 125.1px;\">             <div class=\"kksr-star\" style=\"padding-right: 5px\">               <div class=\"kksr-icon\" style=\"width: 24px; height: 24px;\"><\/div>         <\/div>             <div class=\"kksr-star\" style=\"padding-right: 5px\">               <div class=\"kksr-icon\" style=\"width: 24px; height: 24px;\"><\/div>         <\/div>             <div class=\"kksr-star\" style=\"padding-right: 5px\">               <div class=\"kksr-icon\" style=\"width: 24px; height: 24px;\"><\/div>         <\/div>             <div class=\"kksr-star\" style=\"padding-right: 5px\">               <div class=\"kksr-icon\" style=\"width: 24px; height: 24px;\"><\/div>         <\/div>             <div class=\"kksr-star\" style=\"padding-right: 5px\">               <div class=\"kksr-icon\" style=\"width: 24px; height: 24px;\"><\/div>         <\/div>     <\/div> <\/div>                   <div class=\"kksr-legend\" style=\"font-size: 19.2px;\">             4.4\/5 - (23 kura)    <\/div>     <\/div>  <p class=\"translation-block\"><strong>Garden wood chipper shredder<\/strong> \u00e4r en typ av vedf\u00f6rfarande utrustning som passar f\u00f6r bearbetning av sm\u00e5 vedbitar. D\u00e4rf\u00f6r \u00e4r dess r\u00e5material vanligtvis sm\u00e5 grenar, buskar, te-tr\u00e4d, str\u00e5n och s\u00e5 vidare. Dessutom \u00e4r tr\u00e4dg\u00e5rdens vedkross l\u00e4tt att anv\u00e4nda. Eftersom den anv\u00e4nder flyttbara enheter och olika kraftl\u00e4gen. S\u00e5ledes \u00e4r den inte bunden till region och energi. <\/p>    <p>Kwa kifupi, ni mtaalam mzuri wa matengenezo ya kijani. Ikiwa una nia, unaweza kuwasiliana nasi sasa. tutakupa bei za ushindani zaidi.<\/p>    <h2 class=\"wp-block-heading\" id=\"raw-materials-for-garden-wood-chipper-crusher\"><strong>Malighafi kwa shredder ya chipper ya bustani<\/strong><\/h2>    <p>Malighafi ya shredders ya miti ya bustani ni pana sana. Kama vile matawi mapya, vichaka, mianzi, majani, mizabibu, miti ya chai, matawi ya misonobari, mashina ya maua, visehemu vya mahindi, n.k. Zaidi ya hayo, inaweza kushughulikia moja kwa moja tawi zima lililopogolewa. Kwa hivyo, nyenzo hizi hazihitaji usindikaji wa ziada.<\/p>    <figure class=\"wp-block-gallery has-nested-images columns-2 is-cropped wp-block-gallery-2 is-layout-flex wp-block-gallery-is-layout-flex\"> <figure class=\"wp-block-image size-large\"><img loading=\"lazy\" decoding=\"async\" width=\"720\" height=\"540\" data-id=\"2215\" src=\"https:\/\/charcoalplant.com\/wp-content\/uploads\/2022\/01\/bamboo-3.jpg\" alt=\"mianzi\" class=\"wp-image-2215\"\/><figcaption class=\"wp-element-caption\">mianzi<\/figcaption><\/figure>    <figure class=\"wp-block-image size-large\"><img loading=\"lazy\" decoding=\"async\" width=\"720\" height=\"540\" data-id=\"2216\" src=\"https:\/\/charcoalplant.com\/wp-content\/uploads\/2022\/01\/bush.jpg\" alt=\"kichaka\" class=\"wp-image-2216\"\/><figcaption class=\"wp-element-caption\">kichaka<\/figcaption><\/figure>    <figure class=\"wp-block-image size-large\"><img loading=\"lazy\" decoding=\"async\" width=\"720\" height=\"540\" data-id=\"2224\" src=\"https:\/\/charcoalplant.com\/wp-content\/uploads\/2022\/02\/coconut-shell.jpg\" alt=\"ganda la nazi\" class=\"wp-image-2224\"\/><figcaption class=\"wp-element-caption\">ganda la nazi<\/figcaption><\/figure>    <figure class=\"wp-block-image size-large\"><img loading=\"lazy\" decoding=\"async\" width=\"720\" height=\"540\" data-id=\"2225\" src=\"https:\/\/charcoalplant.com\/wp-content\/uploads\/2022\/02\/palm.jpg\" alt=\"mitende\" class=\"wp-image-2225\"\/><figcaption class=\"wp-element-caption\">mitende<\/figcaption><\/figure>    <figure class=\"wp-block-image size-large\"><img loading=\"lazy\" decoding=\"async\" width=\"720\" height=\"540\" data-id=\"2218\" src=\"https:\/\/charcoalplant.com\/wp-content\/uploads\/2022\/01\/garden-waste-wood.jpg\" alt=\"kuni taka za bustani\" class=\"wp-image-2218\"\/><figcaption class=\"wp-element-caption\">kuni taka za bustani<\/figcaption><\/figure>    <figure class=\"wp-block-image size-large\"><img loading=\"lazy\" decoding=\"async\" width=\"720\" height=\"540\" data-id=\"2217\" src=\"https:\/\/charcoalplant.com\/wp-content\/uploads\/2022\/01\/corn-straw.jpg\" alt=\"majani ya mahindi\" class=\"wp-image-2217\"\/><figcaption class=\"wp-element-caption\">majani ya mahindi<\/figcaption><\/figure> <\/figure>    <h2 class=\"wp-block-heading\" id=\"h-working-principle-of-garden-wood-chipper-shredder\"><strong>Kanuni ya kazi ya mashine ya kukata kuni ya bustani<\/strong><strong><\/strong><\/h2>    <p class=\"translation-block\">Arbetss\u00e4ttet f\u00f6r<strong> <\/strong>garden<strong><a href=\"https:\/\/charcoalplant.com\/sw\/wood-wastes-recycling-machine\/wood-crusher-machine\/\"> wood crusher machine<\/a><\/strong> \u00e4r mycket enkelt. F\u00f6rst matas tr\u00e4den automatiskt under tryckvalsens kraft. Och detta steg anv\u00e4nder hydraulisk lyftanordning f\u00f6r att f\u00f6rhindra materialins\u00e4ttning. D\u00e4refter mals grenarna av kniven. Slutligen avskiljs tr\u00e4materialet genom utdelningsporten efter att ha passerat genom sk\u00e4rmen. De r\u00f6riga h\u00f6g med grenar blev till prydliga fragment. Hela processen blir mycket avkopplande.<\/p>    <figure class=\"wp-block-gallery has-nested-images columns-default is-cropped wp-block-gallery-3 is-layout-flex wp-block-gallery-is-layout-flex\"> <figure class=\"wp-block-image size-large\"><img loading=\"lazy\" decoding=\"async\" width=\"720\" height=\"540\" data-id=\"1676\" src=\"https:\/\/charcoalplant.com\/wp-content\/uploads\/2021\/12\/tree-branch-shredder-machine.jpg\" alt=\"mashine ya kukata tawi la mti\" class=\"wp-image-1676\" srcset=\"https:\/\/charcoalplant.com\/wp-content\/uploads\/2021\/12\/tree-branch-shredder-machine.jpg 720w, https:\/\/charcoalplant.com\/wp-content\/uploads\/2021\/12\/tree-branch-shredder-machine-300x225.jpg 300w\" sizes=\"auto, (max-width: 720px) 100vw, 720px\" \/><figcaption class=\"wp-element-caption\">mashine ya kukata tawi la mti<\/figcaption><\/figure> <\/figure>    <h2 class=\"wp-block-heading\" id=\"video-of-garden-branch-shredder\"><strong>Video ya shredder ya tawi la bustani<\/strong><\/h2>    <p>Chombo cha kuponda tawi kinatumiwa kwa urahisi katika bustani, mitaa, jumuiya, na maeneo mengine. Zaidi ya hayo, inaweza kumeza moja kwa moja matawi mapya, ambayo ni rahisi na ya haraka kutumia. Video hapa chini ina mifano kadhaa ya vipasua miti. Karibu kutazama na kujiandikisha.<\/p>    <figure class=\"wp-block-embed is-type-video is-provider-youtube wp-block-embed-youtube wp-embed-aspect-16-9 wp-has-aspect-ratio\"><div class=\"wp-block-embed__wrapper\"> <iframe loading=\"lazy\" title=\"Shredder ya Bustani ya Dizeli | Branch Chipper Crusher Inauzwa#garden#branch#bushes#woodshreddermachine\" width=\"500\" height=\"281\" src=\"https:\/\/www.youtube.com\/embed\/RGgjnzdhruk?feature=oembed\" frameborder=\"0\" allow=\"accelerometer; autoplay; clipboard-write; encrypted-media; gyroscope; picture-in-picture; web-share\" referrerpolicy=\"strict-origin-when-cross-origin\" allowfullscreen><\/iframe> <\/div><\/figure>    <h2 class=\"wp-block-heading\" id=\"structural-features-of-tree-shredders\"><strong>Vipengele vya muundo wa vipasua miti<\/strong><\/h2>    <div class=\"wp-block-columns has-background is-layout-flex wp-container-core-columns-is-layout-28f84493 wp-block-columns-is-layout-flex\" style=\"background-color:#f1f1f1\"> <div class=\"wp-block-column is-vertically-aligned-center is-layout-flow wp-block-column-is-layout-flow\" style=\"flex-basis:33.33%\"> <p><\/p>    <p><\/p>    <h3 class=\"wp-block-heading\" id=\"inlet\"><strong>Ingizo<\/strong><\/h3>    <p><\/p>    <p>Mipangilio safi kwenye rollers za shinikizo hutoa mtego mkali. Zaidi ya hayo, kifaa cha kusambaza chuma kinaweza kukidhi uwasilishaji na ulishaji wa malighafi yenye fujo.<\/p> <\/div>    <div class=\"wp-block-column is-layout-flow wp-block-column-is-layout-flow\" style=\"flex-basis:66.66%\"> <figure class=\"wp-block-gallery has-nested-images columns-default is-cropped wp-block-gallery-4 is-layout-flex wp-block-gallery-is-layout-flex\"> <figure class=\"wp-block-image size-large\"><img loading=\"lazy\" decoding=\"async\" width=\"720\" height=\"540\" data-id=\"2223\" src=\"https:\/\/charcoalplant.com\/wp-content\/uploads\/2022\/02\/Branch-chipper-machine-inlet-1.jpg\" alt=\"\" class=\"wp-image-2223\"\/><\/figure> <\/figure> <\/div> <\/div>    <div class=\"wp-block-columns has-background is-layout-flex wp-container-core-columns-is-layout-28f84493 wp-block-columns-is-layout-flex\" style=\"background-color:#f1f1f1\"> <div class=\"wp-block-column is-layout-flow wp-block-column-is-layout-flow\" style=\"flex-basis:66.66%\"> <figure class=\"wp-block-gallery has-nested-images columns-default is-cropped wp-block-gallery-5 is-layout-flex wp-block-gallery-is-layout-flex\"> <figure class=\"wp-block-image size-large\"><img loading=\"lazy\" decoding=\"async\" width=\"400\" height=\"300\" data-id=\"2219\" src=\"https:\/\/charcoalplant.com\/wp-content\/uploads\/2022\/01\/garden-branch-chipper-crusher-blade.jpg\" alt=\"\" class=\"wp-image-2219\"\/><\/figure> <\/figure> <\/div>    <div class=\"wp-block-column is-vertically-aligned-center is-layout-flow wp-block-column-is-layout-flow\" style=\"flex-basis:33.33%\"> <p><\/p>    <p><\/p>    <h3 class=\"wp-block-heading\" id=\"blade\"><strong>Blade<\/strong><\/h3>    <p><\/p>    <p id=\"it-is-made-of-high-quality-forged-steel-material-which-is-strong-and-durable-and-there-are-many-specifications-of-the-blade\">Imetengenezwa kwa nyenzo za chuma za kughushi za hali ya juu, ambazo ni zenye nguvu na za kudumu. Na kuna maelezo mengi ya blade.<\/p> <\/div> <\/div>    <div class=\"wp-block-columns has-background is-layout-flex wp-container-core-columns-is-layout-28f84493 wp-block-columns-is-layout-flex\" style=\"background-color:#f1f1f1\"> <div class=\"wp-block-column is-vertically-aligned-center is-layout-flow wp-block-column-is-layout-flow\" style=\"flex-basis:33.33%\"> <p><\/p>    <p><\/p>    <h3 class=\"wp-block-heading\" id=\"diesel-engine\"><strong>Injini ya Dizeli<\/strong><\/h3>    <p><\/p>    <p>Injini za dizeli ni bora zaidi. Kwa hivyo hurahisisha kupasua taka za bustani na kilimo na misitu.<\/p>    <p><\/p> <\/div>    <div class=\"wp-block-column is-layout-flow wp-block-column-is-layout-flow\" style=\"flex-basis:66.66%\"> <figure class=\"wp-block-gallery has-nested-images columns-default is-cropped wp-block-gallery-6 is-layout-flex wp-block-gallery-is-layout-flex\"> <figure class=\"wp-block-image size-large\"><img loading=\"lazy\" decoding=\"async\" width=\"720\" height=\"540\" data-id=\"2221\" src=\"https:\/\/charcoalplant.com\/wp-content\/uploads\/2022\/02\/Diesel-Engine.jpg\" alt=\"\" class=\"wp-image-2221\"\/><\/figure> <\/figure> <\/div> <\/div>    <h2 class=\"wp-block-heading\" id=\"h-blade-maintenance-of-mobile-branch-crusher\"><strong>Matengenezo ya blade ya crusher ya tawi la rununu <\/strong><\/h2>    <p class=\"translation-block\">Jinsi ya kupata huduma ya kawaida kwa visu vya vifaa vya kusaga kuni? Kwa ujumla, tunapendekeza wateja watumie mkasi wa visu ili kuimarisha blade mara kwa mara ili kufanya kisu kuwa na makali zaidi. Kanuni ya kazi ya <strong>Shuliy mkasi<\/strong> ni kwamba gurudumu la kukata linageuka kwa kasi kubwa chini ya mwendo wa motor na linahamia mbele na nyuma kwenye njia. Baada ya kupiga mara kwa mara, visu vinakuwa vya kung'ara na makali.<\/p>    <figure class=\"wp-block-gallery has-nested-images columns-default is-cropped wp-block-gallery-7 is-layout-flex wp-block-gallery-is-layout-flex\"> <figure class=\"wp-block-image size-large\"><img loading=\"lazy\" decoding=\"async\" width=\"720\" height=\"540\" data-id=\"1697\" src=\"https:\/\/charcoalplant.com\/wp-content\/uploads\/2022\/01\/wood-sharpener.jpg\" alt=\"mkali\" class=\"wp-image-1697\" srcset=\"https:\/\/charcoalplant.com\/wp-content\/uploads\/2022\/01\/wood-sharpener.jpg 720w, https:\/\/charcoalplant.com\/wp-content\/uploads\/2022\/01\/wood-sharpener-300x225.jpg 300w\" sizes=\"auto, (max-width: 720px) 100vw, 720px\" \/><figcaption class=\"wp-element-caption\">mkali<\/figcaption><\/figure>    <figure class=\"wp-block-image size-large\"><img loading=\"lazy\" decoding=\"async\" width=\"720\" height=\"540\" data-id=\"1679\" src=\"https:\/\/charcoalplant.com\/wp-content\/uploads\/2021\/12\/blade-sharpener-structure.jpg\" alt=\"muundo wa blade sharpener\" class=\"wp-image-1679\" srcset=\"https:\/\/charcoalplant.com\/wp-content\/uploads\/2021\/12\/blade-sharpener-structure.jpg 720w, https:\/\/charcoalplant.com\/wp-content\/uploads\/2021\/12\/blade-sharpener-structure-300x225.jpg 300w\" sizes=\"auto, (max-width: 720px) 100vw, 720px\" \/><figcaption class=\"wp-element-caption\">muundo wa blade sharpener<\/figcaption><\/figure> <\/figure>    <h2 class=\"wp-block-heading\" id=\"parameters-of-wood-chipper-shredder\"><strong>Vigezo vya shredder ya kuni<\/strong><\/h2>    <p>Crushers ya majani ya dizeli ni rahisi kwa uendeshaji wa simu. Ili kukidhi mahitaji ya wateja, pia tunazalisha viponda matawi vya kuzalisha umeme vya dizeli. Kwa hiyo, tafadhali wasiliana nasi kuhusu mtindo unaotaka, na tutakupendekeza kwa wakati.<\/p>    <figure class=\"wp-block-table is-style-stripes\"><table><tbody><tr><td>Mfano<\/td><td>SL-6130<\/td><td>SL-6145<\/td><\/tr><tr><td>Kipenyo cha gurudumu la roller<\/td><td>300 mm<\/td><td>500 mm<\/td><\/tr><tr><td>Ugawaji wa nguvu<\/td><td>32HP injini ya dizeli<\/td><td>Dizeli ya R4105ZP<\/td><\/tr><tr><td>Kasi ya mwenyeji<\/td><td>2200r\/dak<\/td><td>1800r\/dak<\/td><\/tr><tr><td>Hesabu ya blade<\/td><td>4 vipande<\/td><td>7 vipande<\/td><\/tr><tr><td>Urefu wa blade<\/td><td>300 mm<\/td><td>230 mm<\/td><\/tr><tr><td>Kulisha kipenyo cha roller<\/td><td>280 mm<\/td><td>600 mm<\/td><\/tr><tr><td>Nguvu ya jenereta<\/td><td>600w<\/td><td>600w<\/td><\/tr><tr><td>Uwezo<\/td><td>1-2t\/saa<\/td><td>3-5t\/saa<\/td><\/tr><\/tbody><\/table><\/figure>    <figure class=\"wp-block-gallery has-nested-images columns-default is-cropped wp-block-gallery-8 is-layout-flex wp-block-gallery-is-layout-flex\"> <figure class=\"wp-block-image size-full\"><img loading=\"lazy\" decoding=\"async\" width=\"720\" height=\"540\" data-id=\"1705\" src=\"https:\/\/charcoalplant.com\/wp-content\/uploads\/2022\/01\/commercial-diesel-wood-chipper-.jpg\" alt=\"chapa ya mbao ya dizeli ya kibiashara\" class=\"wp-image-1705\" srcset=\"https:\/\/charcoalplant.com\/wp-content\/uploads\/2022\/01\/commercial-diesel-wood-chipper-.jpg 720w, https:\/\/charcoalplant.com\/wp-content\/uploads\/2022\/01\/commercial-diesel-wood-chipper--300x225.jpg 300w\" sizes=\"auto, (max-width: 720px) 100vw, 720px\" \/><figcaption class=\"wp-element-caption\">chapa ya mbao ya dizeli ya kibiashara<\/figcaption><\/figure> <\/figure>    <h2 class=\"wp-block-heading\" id=\"h-parameters-of-small-gasoline-branch-chipper\"><strong>Vigezo vya chipper ndogo ya tawi la petroli<\/strong> <\/h2>    <figure class=\"wp-block-table is-style-stripes\"><table><tbody><tr><td>Mfano<\/td><td>SL-160<\/td><td>SL-365<\/td><\/tr><tr><td>Kipenyo cha tawi kilichovunjika<\/td><td>1-6cm<\/td><td>1-10cm<\/td><\/tr><tr><td>Kasi ya nje<\/td><td>2800rpm<\/td><td>2800rpm<\/td><\/tr><tr><td>Nguvu ya pato<\/td><td>7.5HP\/3600rpm<\/td><td>13HP\/3600rpm<\/td><\/tr><tr><td>Uwezo wa tank<\/td><td>3.6L<\/td><td>6.5L<\/td><\/tr><tr><td>Uwezo wa mfumo wa mafuta ya injini<\/td><td>1.1L<\/td><td>1.1L<\/td><\/tr><tr><td>Aina ya mafuta<\/td><td>92#<\/td><td>92#<\/td><\/tr><\/tbody><\/table><\/figure>    <figure class=\"wp-block-gallery has-nested-images columns-default is-cropped wp-block-gallery-9 is-layout-flex wp-block-gallery-is-layout-flex\"> <figure class=\"wp-block-image size-large\"><img loading=\"lazy\" decoding=\"async\" width=\"720\" height=\"540\" data-id=\"2226\" src=\"https:\/\/charcoalplant.com\/wp-content\/uploads\/2022\/02\/Small-gasoline-wood-chipper.jpg\" alt=\"mchimbaji mdogo wa kuni wa petroli\" class=\"wp-image-2226\"\/><figcaption class=\"wp-element-caption\">mchimbaji mdogo wa kuni wa petroli<\/figcaption><\/figure> <\/figure>    <h2 class=\"wp-block-heading\" id=\"h-why-are-garden-wood-chipper-shredders-popular\"><strong>Kwa nini mashine za kupasua mbao za bustani ni maarufu?<\/strong><\/h2>    <p class=\"translation-block\">P\u00e5 grund av det <strong><a href=\"https:\/\/charcoalplant.com\/sw\/news\/how-to-properly-dispose-of-garden-waste\/\">omfattande urvalet av gr\u00f6nska<\/a><\/strong> i olika l\u00e4nder nu. F\u00f6rutom den befintliga jordbruket, skogsbruket och tr\u00e4dg\u00e5rdarna planerar regeringen ocks\u00e5 uppbyggnaden av m\u00e5nga nya parker. Men om gr\u00f6nskan g\u00f6rs s\u00e5 \u00e4r sk\u00f6tseln av gr\u00f6nskan ocks\u00e5 en mycket arbetsam uppgift. Tidigare kunde tr\u00e4dg\u00e5rdsv\u00e5rdarna bara anv\u00e4nda olika tunga verktyg f\u00f6r att besk\u00e4ra tr\u00e4d. Detta avfallsmaterial beh\u00f6ver senare behandlas. Garden waste wood chipper kan realisera automatisk f\u00f6r-snitt och samla avfallsmaterial. Detta minskar mycket arbetskraftens energi som anv\u00e4nds av arbetare n\u00e4r de v\u00e5rdar tr\u00e4den. Arbetets begrepp med vetenskaplig f\u00f6rvaltning realiseras verkligen.<\/p>    <figure class=\"wp-block-gallery has-nested-images columns-default is-cropped wp-block-gallery-10 is-layout-flex wp-block-gallery-is-layout-flex\"> <figure class=\"wp-block-image size-large\"><img loading=\"lazy\" decoding=\"async\" width=\"720\" height=\"540\" data-id=\"1704\" src=\"https:\/\/charcoalplant.com\/wp-content\/uploads\/2022\/01\/mobile-branch-crusher-plant-.jpg\" alt=\"mtambo wa kusaga tawi la rununu\" class=\"wp-image-1704\" srcset=\"https:\/\/charcoalplant.com\/wp-content\/uploads\/2022\/01\/mobile-branch-crusher-plant-.jpg 720w, https:\/\/charcoalplant.com\/wp-content\/uploads\/2022\/01\/mobile-branch-crusher-plant--300x225.jpg 300w\" sizes=\"auto, (max-width: 720px) 100vw, 720px\" \/><figcaption class=\"wp-element-caption\">mtambo wa kusaga tawi la rununu<\/figcaption><\/figure>    <figure class=\"wp-block-image size-full\"><img loading=\"lazy\" decoding=\"async\" width=\"720\" height=\"540\" data-id=\"2228\" src=\"https:\/\/charcoalplant.com\/wp-content\/uploads\/2022\/02\/Garden-waste-crushing-site.jpg\" alt=\"\" class=\"wp-image-2228\"\/><figcaption class=\"wp-element-caption\">Chipper wa mbao hunyunyizia uchafu<\/figcaption><\/figure> <\/figure>    <h2 class=\"wp-block-heading\" id=\"h-application-of-garden-wood-shredder\"><strong>Maombi ya mashine ya kupasua mbao za bustani<\/strong><\/h2>    <p>Mashine za kukata mbao za bustani\u00a0dizeli zinafaa zaidi kwa maeneo yenye eneo kubwa la kijani kibichi. Kwa mfano, ua, bustani, mashamba ya misitu, viwanda vya chai, vitalu, bustani, nyumba za kuishi, shule, hospitali, viwanja vya michezo, mitaa, nk. Vipasua mbao vya kibiashara mara nyingi hutumiwa katika maeneo yenye mzigo mkubwa wa kazi. Kama vile misitu, mashamba makubwa, bustani za chai. Kipasua mbao cha familia kinatumika mahali ambapo nguvu kazi ni ndogo. Kama vile uwanja wa nyuma, shamba ndogo, bustani ndogo.<\/p>    <figure class=\"wp-block-gallery has-nested-images columns-default is-cropped wp-block-gallery-11 is-layout-flex wp-block-gallery-is-layout-flex\"> <figure class=\"wp-block-image size-large\"><img loading=\"lazy\" decoding=\"async\" width=\"720\" height=\"540\" data-id=\"1706\" src=\"https:\/\/charcoalplant.com\/wp-content\/uploads\/2022\/01\/garden-wood-chipper-shredder-working.jpg\" alt=\"mashine ya kukata mbao ya bustani inafanya kazi\" class=\"wp-image-1706\" srcset=\"https:\/\/charcoalplant.com\/wp-content\/uploads\/2022\/01\/garden-wood-chipper-shredder-working.jpg 720w, https:\/\/charcoalplant.com\/wp-content\/uploads\/2022\/01\/garden-wood-chipper-shredder-working-300x225.jpg 300w\" sizes=\"auto, (max-width: 720px) 100vw, 720px\" \/><figcaption class=\"wp-element-caption\">mashine ya kukata mbao ya bustani inafanya kazi<\/figcaption><\/figure>    <figure class=\"wp-block-image size-large\"><img loading=\"lazy\" decoding=\"async\" width=\"720\" height=\"540\" data-id=\"1708\" src=\"https:\/\/charcoalplant.com\/wp-content\/uploads\/2022\/01\/wood-chips-loading.jpg\" alt=\"upakiaji wa chips za mbao\" class=\"wp-image-1708\" srcset=\"https:\/\/charcoalplant.com\/wp-content\/uploads\/2022\/01\/wood-chips-loading.jpg 720w, https:\/\/charcoalplant.com\/wp-content\/uploads\/2022\/01\/wood-chips-loading-300x225.jpg 300w\" sizes=\"auto, (max-width: 720px) 100vw, 720px\" \/><figcaption class=\"wp-element-caption\">upakiaji wa chips za mbao<\/figcaption><\/figure> <\/figure>    <h3 class=\"wp-block-heading\" id=\"h-application-of-wood-chips\"><strong>Maombi ya chips mbao<\/strong><\/h3>    <p class=\"translation-block\">De bearbetade tr\u00e4flisorna kan anv\u00e4ndas som naturligt tr\u00e4dg\u00e5rdskompost. S\u00e5, den bryts ner av mikroorganismer i jorden f\u00f6r att \u00f6ka n\u00e4ringsinneh\u00e5llet i jorden. Efter torkning kan den ocks\u00e5 anv\u00e4ndas f\u00f6r pappersmassa, br\u00e4nsle, <strong><a href=\"https:\/\/charcoalplant.com\/sw\/biomass-briquette-machine\/sawdust-briquette-machine\/\">biomasspellets<\/a><\/strong>, v\u00e4xtkulturmedium fyllmedel, osv.<\/p>    <figure class=\"wp-block-gallery has-nested-images columns-2 is-cropped wp-block-gallery-12 is-layout-flex wp-block-gallery-is-layout-flex\"> <figure class=\"wp-block-image size-full\"><img loading=\"lazy\" decoding=\"async\" width=\"720\" height=\"540\" data-id=\"2229\" src=\"https:\/\/charcoalplant.com\/wp-content\/uploads\/2022\/02\/charcoal-.jpg\" alt=\"mkaa\" class=\"wp-image-2229\"\/><figcaption class=\"wp-element-caption\">mkaa<\/figcaption><\/figure>    <figure class=\"wp-block-image size-large\"><img loading=\"lazy\" decoding=\"async\" width=\"720\" height=\"540\" data-id=\"2230\" src=\"https:\/\/charcoalplant.com\/wp-content\/uploads\/2022\/02\/path.jpg\" alt=\"njia\" class=\"wp-image-2230\"\/><figcaption class=\"wp-element-caption\">njia<\/figcaption><\/figure>    <figure class=\"wp-block-image size-large\"><img loading=\"lazy\" decoding=\"async\" width=\"720\" height=\"540\" data-id=\"2231\" src=\"https:\/\/charcoalplant.com\/wp-content\/uploads\/2022\/02\/plant-medium.jpg\" alt=\"mmea-wa kati\" class=\"wp-image-2231\"\/><figcaption class=\"wp-element-caption\">mmea-wa kati<\/figcaption><\/figure>    <figure class=\"wp-block-image size-large\"><img loading=\"lazy\" decoding=\"async\" width=\"720\" height=\"540\" data-id=\"2232\" src=\"https:\/\/charcoalplant.com\/wp-content\/uploads\/2022\/02\/wood-chips-for-making-paper.jpg\" alt=\"mbao za kutengeneza karatasi\" class=\"wp-image-2232\"\/><figcaption class=\"wp-element-caption\">mbao za kutengeneza karatasi<\/figcaption><\/figure> <\/figure>    <h2 class=\"wp-block-heading\" id=\"h-faq\"><strong>Maswali Yanayoulizwa Mara kwa Mara<\/strong><\/h2>   <div id=\"rank-math-faq\" class=\"rank-math-block\"> <div class=\"rank-math-list\"> <div id=\"faq-question-1675238473812\" class=\"rank-math-list-item\"> <h3 class=\"rank-math-question\">Swali: Ni aina gani za vipasua mbao vya Shuliy bustani?<\/h3> <div class=\"rank-math-answer\">  <p>A: Kisaga kuni cha umeme, kisuaji mbao cha petroli, na kinu cha kuni cha dizeli.<\/p>  <\/div> <\/div> <div id=\"faq-question-1675238480799\" class=\"rank-math-list-item\"> <h3 class=\"rank-math-question\">Swali: Je, ni faida gani za mashine ya kupasua mbao ya bustani ya Shuliy?<\/h3> <div class=\"rank-math-answer\">  <p>J: Inahamishika, inaokoa nishati, uendeshaji salama, thabiti na ubora mzuri.<\/p>  <\/div> <\/div> <div id=\"faq-question-1675238494702\" class=\"rank-math-list-item\"> <h3 class=\"rank-math-question\">Swali: Ni vifaa gani vingine vinavyohusiana ambavyo Shuliy huzalisha?<\/h3> <div class=\"rank-math-answer\">  <p class=\"translation-block\">A: <strong><a href=\"https:\/\/charcoalplant.com\/sw\/drying-machine\/rice-husk-dryer\/\">Vedflis-tork<\/a><\/strong>, loggnedtagning, hammarsm\u00e4ll, osv.<\/p>  <\/div> <\/div> <\/div> <\/div>","protected":false},"excerpt":{"rendered":"<p>Bustani ya Chipper Shredder ni aina ya vifaa vya kuponda kuni vinafaa kwa kusindika kuni ndogo. Na ni kuokoa nishati. <\/p>","protected":false},"author":1,"featured_media":1712,"parent":0,"template":"","tags":[64],"product-type":[3],"class_list":["post-1628","product","type-product","status-publish","has-post-thumbnail","hentry","tag-wood-wastes-recycling-machine","product-type-wood-wastes-recycling-machine"],"_links":{"self":[{"href":"https:\/\/charcoalplant.com\/sw\/wp-json\/wp\/v2\/product\/1628","targetHints":{"allow":["GET"]}}],"collection":[{"href":"https:\/\/charcoalplant.com\/sw\/wp-json\/wp\/v2\/product"}],"about":[{"href":"https:\/\/charcoalplant.com\/sw\/wp-json\/wp\/v2\/types\/product"}],"author":[{"embeddable":true,"href":"https:\/\/charcoalplant.com\/sw\/wp-json\/wp\/v2\/users\/1"}],"wp:featuredmedia":[{"embeddable":true,"href":"https:\/\/charcoalplant.com\/sw\/wp-json\/wp\/v2\/media\/1712"}],"wp:attachment":[{"href":"https:\/\/charcoalplant.com\/sw\/wp-json\/wp\/v2\/media?parent=1628"}],"wp:term":[{"taxonomy":"post_tag","embeddable":true,"href":"https:\/\/charcoalplant.com\/sw\/wp-json\/wp\/v2\/tags?post=1628"},{"taxonomy":"product-type","embeddable":true,"href":"https:\/\/charcoalplant.com\/sw\/wp-json\/wp\/v2\/product-type?post=1628"}],"curies":[{"name":"wp","href":"https:\/\/api.w.org\/{rel}","templated":true}]}}