{"id":1661,"date":"2021-12-31T06:31:43","date_gmt":"2021-12-31T06:31:43","guid":{"rendered":"https:\/\/charcoalplant.com\/?page_id=1661"},"modified":"2023-01-29T11:00:38","modified_gmt":"2023-01-29T03:00:38","slug":"charcoal-briquettes-production-line","status":"publish","type":"product","link":"https:\/\/charcoalplant.com\/sw\/charcoal-briquettes-production-line\/","title":{"rendered":"Mstari wa Uzalishaji wa Briquette za Mkaa"},"content":{"rendered":"<div class=\"kk-star-ratings kksr-auto kksr-align-left kksr-valign-top\"     data-payload='{&quot;align&quot;:&quot;left&quot;,&quot;id&quot;:&quot;1661&quot;,&quot;slug&quot;:&quot;default&quot;,&quot;valign&quot;:&quot;top&quot;,&quot;ignore&quot;:&quot;&quot;,&quot;reference&quot;:&quot;auto&quot;,&quot;class&quot;:&quot;&quot;,&quot;count&quot;:&quot;24&quot;,&quot;legendonly&quot;:&quot;&quot;,&quot;readonly&quot;:&quot;&quot;,&quot;score&quot;:&quot;4.6&quot;,&quot;starsonly&quot;:&quot;&quot;,&quot;best&quot;:&quot;5&quot;,&quot;gap&quot;:&quot;5&quot;,&quot;greet&quot;:&quot;Rate this product&quot;,&quot;legend&quot;:&quot;4.6\\\/5 - (24 votes)&quot;,&quot;size&quot;:&quot;24&quot;,&quot;title&quot;:&quot;Charcoal Briquettes Production Line&quot;,&quot;width&quot;:&quot;130.9&quot;,&quot;_legend&quot;:&quot;{score}\\\/{best} - ({count} {votes})&quot;,&quot;font_factor&quot;:&quot;1.25&quot;}'>              <div class=\"kksr-stars\">      <div class=\"kksr-stars-inactive\">             <div class=\"kksr-star\" data-star=\"1\" style=\"padding-right: 5px\">               <div class=\"kksr-icon\" style=\"width: 24px; height: 24px;\"><\/div>         <\/div>             <div class=\"kksr-star\" data-star=\"2\" style=\"padding-right: 5px\">               <div class=\"kksr-icon\" style=\"width: 24px; height: 24px;\"><\/div>         <\/div>             <div class=\"kksr-star\" data-star=\"3\" style=\"padding-right: 5px\">               <div class=\"kksr-icon\" style=\"width: 24px; height: 24px;\"><\/div>         <\/div>             <div class=\"kksr-star\" data-star=\"4\" style=\"padding-right: 5px\">               <div class=\"kksr-icon\" style=\"width: 24px; height: 24px;\"><\/div>         <\/div>             <div class=\"kksr-star\" data-star=\"5\" style=\"padding-right: 5px\">               <div class=\"kksr-icon\" style=\"width: 24px; height: 24px;\"><\/div>         <\/div>     <\/div>      <div class=\"kksr-stars-active\" style=\"width: 130.9px;\">             <div class=\"kksr-star\" style=\"padding-right: 5px\">               <div class=\"kksr-icon\" style=\"width: 24px; height: 24px;\"><\/div>         <\/div>             <div class=\"kksr-star\" style=\"padding-right: 5px\">               <div class=\"kksr-icon\" style=\"width: 24px; height: 24px;\"><\/div>         <\/div>             <div class=\"kksr-star\" style=\"padding-right: 5px\">               <div class=\"kksr-icon\" style=\"width: 24px; height: 24px;\"><\/div>         <\/div>             <div class=\"kksr-star\" style=\"padding-right: 5px\">               <div class=\"kksr-icon\" style=\"width: 24px; height: 24px;\"><\/div>         <\/div>             <div class=\"kksr-star\" style=\"padding-right: 5px\">               <div class=\"kksr-icon\" style=\"width: 24px; height: 24px;\"><\/div>         <\/div>     <\/div> <\/div>                   <div class=\"kksr-legend\" style=\"font-size: 19.2px;\">             4.6\/5 - (kura 24)    <\/div>     <\/div>  <p class=\"translation-block\"><strong>Charcoal briquettes production line<\/strong> \u00e4r en anl\u00e4ggning f\u00f6r tillverkning av bbq-kol, shisha-kol, kol, s\u00e5gsp\u00e5nkol, kokosskalskol, etc. Och r\u00e5materialet till koltillverkningsmaskinen kan vara varierande s\u00e5som bambu, tr\u00e4stock, kokosn\u00f6tskal, risstubb, s\u00e5gsp\u00e5n, etc. D\u00e4rf\u00f6r beh\u00f6ver kunder som investerar i kolformningsmaskinproduktion inte oroa sig alltf\u00f6r mycket f\u00f6r anskaffning av r\u00e5material. P\u00e5 grund av dess breda urval av r\u00e5material och l\u00e5ga priser. <\/p>    <p>Kama muuzaji mtaalamu wa vifaa vya mkaa, tunaweza kukupa mapendekezo yanayofaa kwa ajili ya uzalishaji wako wa mkaa ili kukusaidia uzalishaji wako bora. Kwa kumalizia, tuko tayari kukusaidia kuanzisha biashara yako ya kutengeneza briketi za mkaa haraka iwezekanavyo. Na, tutakupa bei nzuri.<\/p>    <figure class=\"wp-block-image aligncenter size-full\"><img loading=\"lazy\" decoding=\"async\" width=\"720\" height=\"540\" src=\"https:\/\/charcoalplant.com\/wp-content\/uploads\/2021\/12\/charcoal-briquettes-production-line-price-2.jpg\" alt=\"bei ya uzalishaji wa briketi za mkaa\" class=\"wp-image-2862\"\/><figcaption class=\"wp-element-caption\">laini ya uzalishaji wa briketi za mkaa inauzwa<\/figcaption><\/figure>    <h2 class=\"wp-block-heading\"><strong>Malighafi ya mstari wa uzalishaji wa briketi za mkaa<\/strong><\/h2>    <p class=\"translation-block\">R\u00e5materialen f\u00f6r kolproduktslinjen \u00e4r mycket breda. Det kan inte bara vara stor tr\u00e4stock, bambu, frukttre utan \u00e4ven s\u00e5gsp\u00e5n, risstubb, jordn\u00f6tsskal, kokosn\u00f6tskal, skal, etc. Egenskaperna hos dessa r\u00e5material \u00e4r att de inneh\u00e5ller mycket lignin. D\u00e4rf\u00f6r bildas kolen efter pyrolys. Kolet m\u00e5ste krossas till 3 mm kolpulver med en kolpulveriserare innan briquettering. Koaldamm, bindemedel och vatten blandas sedan ordentligt i en <strong><a href=\"https:\/\/charcoalplant.com\/sw\/product\/charcoal-powder-mixer\/\">kolldammblandare<\/a><\/strong>. Denna behandling av kolpulver \u00e4r sl\u00e4t och klibbig.<\/p>    <figure class=\"wp-block-image aligncenter size-full\"><img loading=\"lazy\" decoding=\"async\" width=\"720\" height=\"540\" src=\"https:\/\/charcoalplant.com\/wp-content\/uploads\/2022\/03\/raw-materials-of-shisha-charcoal-production-line-1-1.jpg\" alt=\"\" class=\"wp-image-2848\"\/><\/figure>    <h2 class=\"wp-block-heading\" id=\"h-charcoal-briquettes-production-line-structure\"><strong>Muundo wa mstari wa uzalishaji wa briquettes za mkaa<\/strong><\/h2>    <p class=\"translation-block\">Faktiskt \u00e4r strukturen f\u00f6r en kolproduktionslinje mycket lik den f\u00f6r en <strong><a href=\"https:\/\/charcoalplant.com\/sw\/shisha-charcoal-production-line\/\">hookah-kolproduktion<\/a><\/strong>. Deras struktur \u00e4r karbonisering, <strong><a href=\"https:\/\/charcoalplant.com\/sw\/product\/charcoal-shredder\/\">krossning<\/a><\/strong>, r\u00f6r om, briquettering, torkning och paketering. Driftsstegena f\u00f6r hela kolpulver-briquetteringsproduktionslinjen \u00e4r enkla och s\u00e4kra. P\u00e5 grund av olika f\u00e4rdiga produkter finns det stora skillnader i vissa specifika detaljer. Nedan \u00e4r en ritning av en vanlig BBQ-kolproduktionslinje (endast som referens).<\/p>    <figure class=\"wp-block-image aligncenter size-full\"><img loading=\"lazy\" decoding=\"async\" width=\"720\" height=\"540\" src=\"https:\/\/charcoalplant.com\/wp-content\/uploads\/2022\/03\/3D-Charcoal-briquettes-production-line.jpg\" alt=\"Mstari wa uzalishaji wa briketi za mkaa wa 3D\" class=\"wp-image-2864\"\/><figcaption class=\"wp-element-caption\">Mstari wa uzalishaji wa briketi za mkaa wa 3D<\/figcaption><\/figure>    <h2 class=\"wp-block-heading\" id=\"h-how-to-choose-a-suitable-bbq-charcoal-production-line\"><strong>Sehemu kuu za mstari wa uzalishaji wa briquette ya mkaa<\/strong><\/h2>    <p class=\"translation-block\">Huvuddelar av en kolbriquetteringslinje inkluderar en <a href=\"https:\/\/charcoalplant.com\/sw\/product\/carbonization-furnace\/\">karboniseringsmaskin<\/a>, kolbriquettermaskin, koltorkmaskin och kolf\u00f6rpackningsmaskin. H\u00e4r \u00e4r detaljerad information om varje maskin. <\/p>    <div class=\"wp-block-columns has-background is-layout-flex wp-container-core-columns-is-layout-28f84493 wp-block-columns-is-layout-flex\" style=\"background-color:#f1f1f1\"> <div class=\"wp-block-column is-layout-flow wp-block-column-is-layout-flow\" style=\"flex-basis:66.66%\"> <figure class=\"wp-block-gallery has-nested-images columns-default is-cropped wp-block-gallery-2 is-layout-flex wp-block-gallery-is-layout-flex\"> <figure class=\"wp-block-image size-large\"><img loading=\"lazy\" decoding=\"async\" width=\"720\" height=\"540\" data-id=\"1045\" src=\"https:\/\/charcoalplant.com\/wp-content\/uploads\/2021\/12\/Vertical-carbonization-furnace-Production-line-2.jpg\" alt=\"Wima carbonization tanuru Uzalishaji line\" class=\"wp-image-1045\" srcset=\"https:\/\/charcoalplant.com\/wp-content\/uploads\/2021\/12\/Vertical-carbonization-furnace-Production-line-2.jpg 720w, https:\/\/charcoalplant.com\/wp-content\/uploads\/2021\/12\/Vertical-carbonization-furnace-Production-line-2-300x225.jpg 300w\" sizes=\"auto, (max-width: 720px) 100vw, 720px\" \/><figcaption class=\"wp-element-caption\">Wima carbonization tanuru Uzalishaji line<\/figcaption><\/figure> <\/figure> <\/div>    <div class=\"wp-block-column is-vertically-aligned-center is-layout-flow wp-block-column-is-layout-flow\" style=\"flex-basis:33.33%\"> <p class=\"translation-block\">Faktiskt har valet av utrustning mycket att g\u00f6ra med kundens r\u00e5material. Till exempel, om du vill anv\u00e4nda stockar eller bambu f\u00f6r att g\u00f6ra formade kolbriquetter. Du beh\u00f6ver anv\u00e4nda <strong><a data-type=\"URL\" data-id=\"https:\/\/charcoalplant.com\/vertical-carbonization-furnace\/\" href=\"https:\/\/charcoalplant.com\/sw\/vertical-carbonization-furnace\/\">uppf\u00f6rbar karboniseringsugn<\/a><\/strong> f\u00f6r att karbonisera massiva r\u00e5material. Men om dina r\u00e5material \u00e4r sm\u00e5 som s\u00e5gsp\u00e5n eller kokosn\u00f6tskal, beh\u00f6ver du v\u00e4lja en kontinuerlig karboniseringsugn.<\/p> <\/div> <\/div>    <div class=\"wp-block-columns has-background is-layout-flex wp-container-core-columns-is-layout-28f84493 wp-block-columns-is-layout-flex\" style=\"background-color:#f1f1f1\"> <div class=\"wp-block-column is-vertically-aligned-center is-layout-flow wp-block-column-is-layout-flow\" style=\"flex-basis:33.33%\"> <p class=\"translation-block\">F\u00f6r det andra kan du v\u00e4lja en kolstavmaskin och en <strong><a href=\"https:\/\/charcoalplant.com\/sw\/product\/charcoal-ball-press-machine\/\">kolbollpressmaskin<\/a><\/strong> som kolformande maskin. Kolstavsmaskinen kan producera ih\u00e5liga polygonala kolstavar. Emellertid har briquetteringmaskinen en st\u00f6rre kapacitet.<\/p> <\/div>    <div class=\"wp-block-column is-layout-flow wp-block-column-is-layout-flow\"><\/div>    <div class=\"wp-block-column is-layout-flow wp-block-column-is-layout-flow\" style=\"flex-basis:66.66%\"> <figure class=\"wp-block-gallery has-nested-images columns-default is-cropped wp-block-gallery-3 is-layout-flex wp-block-gallery-is-layout-flex\"> <figure class=\"wp-block-image size-full\"><img loading=\"lazy\" decoding=\"async\" width=\"720\" height=\"540\" data-id=\"1197\" src=\"https:\/\/charcoalplant.com\/wp-content\/uploads\/2021\/12\/charcoal-powder-briquette-machine-price-1.jpg\" alt=\"bei ya mashine ya briquette ya unga wa mkaa\" class=\"wp-image-1197\" srcset=\"https:\/\/charcoalplant.com\/wp-content\/uploads\/2021\/12\/charcoal-powder-briquette-machine-price-1.jpg 720w, https:\/\/charcoalplant.com\/wp-content\/uploads\/2021\/12\/charcoal-powder-briquette-machine-price-1-300x225.jpg 300w\" sizes=\"auto, (max-width: 720px) 100vw, 720px\" \/><figcaption class=\"wp-element-caption\">bei ya mashine ya briquette ya unga wa mkaa<\/figcaption><\/figure> <\/figure> <\/div> <\/div>    <div class=\"wp-block-columns are-vertically-aligned-center has-background is-layout-flex wp-container-core-columns-is-layout-28f84493 wp-block-columns-is-layout-flex\" style=\"background-color:#f1f1f1\"> <div class=\"wp-block-column is-vertically-aligned-center is-layout-flow wp-block-column-is-layout-flow\" style=\"flex-basis:66.66%\"> <figure class=\"wp-block-gallery has-nested-images columns-default is-cropped wp-block-gallery-4 is-layout-flex wp-block-gallery-is-layout-flex\"> <figure class=\"wp-block-image size-full\"><img loading=\"lazy\" decoding=\"async\" width=\"720\" height=\"540\" data-id=\"1492\" src=\"https:\/\/charcoalplant.com\/wp-content\/uploads\/2021\/12\/shaisha-charcoal-drying-room-1.jpg\" alt=\"chumba cha kukaushia mkaa cha shaisha\" class=\"wp-image-1492\" srcset=\"https:\/\/charcoalplant.com\/wp-content\/uploads\/2021\/12\/shaisha-charcoal-drying-room-1.jpg 720w, https:\/\/charcoalplant.com\/wp-content\/uploads\/2021\/12\/shaisha-charcoal-drying-room-1-300x225.jpg 300w\" sizes=\"auto, (max-width: 720px) 100vw, 720px\" \/><figcaption class=\"wp-element-caption\">chumba cha kukaushia mkaa cha shaisha<\/figcaption><\/figure> <\/figure> <\/div>    <div class=\"wp-block-column is-vertically-aligned-center is-layout-flow wp-block-column-is-layout-flow\" style=\"flex-basis:33.33%\"> <p class=\"translation-block\">Tredje, v\u00e4lj r\u00e4tt utrustning enligt storleken p\u00e5 din fabriksliknande lokal. F\u00f6r viss utrustning med samma funktion, p\u00e5 grund av stor skillnad i utrustningsstruktur, kan modellens storlek bli f\u00f6r stor. Denna maskin \u00e4r inte l\u00e4mplig f\u00f6r fabrikslokalisering. D\u00e5 kan du v\u00e4lja liknande alternativ. Till exempel erbjuder vi tv\u00e5 torkutrymmen: <strong><a data-type=\"URL\" data-id=\"https:\/\/charcoalplant.com\/charcoal-briquette-dryer\/\" href=\"https:\/\/charcoalplant.com\/sw\/charcoal-briquette-dryer\/\">torkrum och mesb\u00e4lte-torkpanna<\/a><\/strong>. Storleken p\u00e5 torkrummet kan anpassas och installationen \u00e4r flexibel. Mesb\u00e4lte-torken \u00e4r en stor modell, men produktionen \u00e4r stor.<\/p> <\/div> <\/div>    <div class=\"wp-block-columns are-vertically-aligned-center has-background is-layout-flex wp-container-core-columns-is-layout-28f84493 wp-block-columns-is-layout-flex\" style=\"background-color:#f1f1f1\"> <div class=\"wp-block-column is-vertically-aligned-center is-layout-flow wp-block-column-is-layout-flow\" style=\"flex-basis:33.33%\"> <p class=\"translation-block\">Slutligen, v\u00e4lj <strong><a href=\"https:\/\/charcoalplant.com\/sw\/product\/charcoal-briquettes-packing-machine\/\">f\u00f6rpackningsmaskin<\/a><\/strong> enligt typen av f\u00e4rdigt produkt och marknadens efterfr\u00e5gan. F\u00f6r att f\u00f6rhindra fukt och underl\u00e4tta transport anv\u00e4nds vanligtvis en f\u00f6rseglings- och sk\u00e4rmaskin f\u00f6r att paketera grillkol p\u00e5 marknaden.<\/p> <\/div>    <div class=\"wp-block-column is-vertically-aligned-center is-layout-flow wp-block-column-is-layout-flow\" style=\"flex-basis:66.66%\"> <figure class=\"wp-block-gallery has-nested-images columns-default is-cropped wp-block-gallery-5 is-layout-flex wp-block-gallery-is-layout-flex\"> <figure class=\"wp-block-image size-large\"><img loading=\"lazy\" decoding=\"async\" width=\"720\" height=\"540\" data-id=\"2874\" src=\"https:\/\/charcoalplant.com\/wp-content\/uploads\/2022\/03\/charcoal-briket-bagging-machine.jpg\" alt=\"mkaa-briket-magunia-mashine\" class=\"wp-image-2874\"\/><figcaption class=\"wp-element-caption\">mkaa-briket-magunia-mashine<\/figcaption><\/figure> <\/figure> <\/div> <\/div>    <h2 class=\"wp-block-heading\"><strong>Bidhaa ya Mwisho ya mashine ya briquette ya mkaa<\/strong><\/h2>    <figure class=\"wp-block-image aligncenter size-full\"><img loading=\"lazy\" decoding=\"async\" width=\"720\" height=\"540\" src=\"https:\/\/charcoalplant.com\/wp-content\/uploads\/2022\/03\/coconut-shell-charcoal-briquette.jpg\" alt=\"\" class=\"wp-image-2875\"\/><\/figure>    <h2 class=\"wp-block-heading\" id=\"h-related-equipment-for-charcoal-briquettes-project-line\"><strong>Vifaa vinavyohusiana kwa laini ya\u00a0briquette\u00a0ya utengenezaji wa mkaa<\/strong><\/h2>    <p class=\"translation-block\"><strong>Cutter<\/strong><strong><\/strong><\/p>    <p class=\"translation-block\"><strong><a href=\"https:\/\/charcoalplant.com\/sw\/product\/charcoal-powder-briquette-machine\/\">kolstangs-maskin<\/a><\/strong> kan producera briquetter i olika former. Kunder kan anv\u00e4nda sk\u00e4rverktyg f\u00f6r att sk\u00e4ra koldrager i olika l\u00e4ngder. V\u00e5rt fabriks erbjuder meter-sk\u00e4rverktyg, infrar\u00f6d induktionssk\u00e4rare och drehora.<\/p>    <p class=\"translation-block\"><strong>Silo<\/strong><strong><\/strong><\/p>    <p>Silo inaweza kuhifadhi poda ya mkaa, ambayo pia huhakikisha uzalishaji endelevu wa kiwanda cha kuchakata briquette ya mkaa. Tunatoa maghala ya kuhifadhia poda ya mkaa, maghala ya kupimia uzito, na maghala madogo ya unga wa mkaa. Kila silo ina sifa zake.<\/p>    <p class=\"translation-block\"><strong>Transportband<\/strong><strong><\/strong><\/p>    <p>Sababu kwa nini njia ya uzalishaji ni kuokoa kazi ni kutokana na kulisha moja kwa moja ya conveyor. Vifaa vya kawaida vya kuwasilisha ni kusambaza skrubu na kufikisha mkanda wa kupitisha. Kwa vumbi, chagua ya kwanza. Kwa block, chagua mwisho.<\/p>    <figure class=\"wp-block-image aligncenter size-full\"><img loading=\"lazy\" decoding=\"async\" width=\"720\" height=\"540\" src=\"https:\/\/charcoalplant.com\/wp-content\/uploads\/2021\/12\/briquetting-machine-project-1-2.jpg\" alt=\"mradi wa mashine-ya-briquetting-\" class=\"wp-image-1415\" srcset=\"https:\/\/charcoalplant.com\/wp-content\/uploads\/2021\/12\/briquetting-machine-project-1-2.jpg 720w, https:\/\/charcoalplant.com\/wp-content\/uploads\/2021\/12\/briquetting-machine-project-1-2-300x225.jpg 300w\" sizes=\"auto, (max-width: 720px) 100vw, 720px\" \/><figcaption class=\"wp-element-caption\">briquetting-mashine-mradi<\/figcaption><\/figure>    <h2 class=\"wp-block-heading\" id=\"h-briquetting-machine-price\"><strong>Mkaa ni nini<\/strong> <strong>bei ya mashine ya briquette<\/strong>? <\/h2>    <p>Tunatengeneza mashine mbalimbali za briquette za mkaa. Kama vile vyombo vya kupondwa vya makaa ya mawe, vyombo vya habari vya kupondwa vya mpira wa mkaa, mashine ya makaa ya asali, n.k. Bei ya mashine ya kusimama pekee au njia ya uzalishaji itaathiriwa na mambo mbalimbali. Kwa kweli, ubora ndio jambo kuu la kuzingatia kwa wateja. Ya pili ni bei. Lakini usijali, tutakupa bei shindani kulingana na wingi wako wa ununuzi na nia ya ununuzi.<\/p>    <h2 class=\"wp-block-heading\" id=\"h-benefits-of-charcoal-briket\"><strong>Faida za briquettes za mkaa<\/strong> <\/h2>    <p>Pamoja na maendeleo ya sayansi na teknolojia na ustaarabu wa watu, tunalipa kipaumbele zaidi na zaidi kwa mazingira na afya. Kama mkaa unaotafutwa sana wa barbeque, una sifa zifuatazo:<\/p>    <p>1. Inaweza kufanywa upya, hakuna uchafuzi wa mazingira.<\/p>    <p>2. Ni sugu kwa kuungua na haina ufa.<\/p>    <p>3. Inaonekana vizuri na ina maumbo mbalimbali.<\/p>    <p>4. Haivuta macho, rahisi kuwasha.<\/p>    <p>5. Salama na nafuu.<\/p>    <figure class=\"wp-block-image aligncenter size-full\"><img loading=\"lazy\" decoding=\"async\" width=\"720\" height=\"540\" src=\"https:\/\/charcoalplant.com\/wp-content\/uploads\/2021\/12\/Charcoal-briquettes-production-line-manufacturer.jpg\" alt=\"Mtengenezaji wa mstari wa uzalishaji wa briketi za mkaa\" class=\"wp-image-2876\"\/><figcaption class=\"wp-element-caption\">Mtengenezaji wa mstari wa uzalishaji wa briketi za mkaa<\/figcaption><\/figure>","protected":false},"excerpt":{"rendered":"<p>Charcoal briquettes\u00a0production line is a plant for manufacturing bbq charcoal, shisha charcoal, coal, sawdust charcoal, coconut charcoal, etc. And the raw material of the charcoal making machine can be various such as bamboo, log, coconut shell, rice husk, sawdust, etc. Therefore, customers who invest in charcoal molding machine production line needs not worry too much [&hellip;]<\/p>\n","protected":false},"author":1,"featured_media":2862,"parent":0,"template":"","tags":[59],"product-type":[53],"class_list":["post-1661","product","type-product","status-publish","has-post-thumbnail","hentry","tag-charcoal-briquetting-machine","product-type-product-line"],"_links":{"self":[{"href":"https:\/\/charcoalplant.com\/sw\/wp-json\/wp\/v2\/product\/1661","targetHints":{"allow":["GET"]}}],"collection":[{"href":"https:\/\/charcoalplant.com\/sw\/wp-json\/wp\/v2\/product"}],"about":[{"href":"https:\/\/charcoalplant.com\/sw\/wp-json\/wp\/v2\/types\/product"}],"author":[{"embeddable":true,"href":"https:\/\/charcoalplant.com\/sw\/wp-json\/wp\/v2\/users\/1"}],"wp:featuredmedia":[{"embeddable":true,"href":"https:\/\/charcoalplant.com\/sw\/wp-json\/wp\/v2\/media\/2862"}],"wp:attachment":[{"href":"https:\/\/charcoalplant.com\/sw\/wp-json\/wp\/v2\/media?parent=1661"}],"wp:term":[{"taxonomy":"post_tag","embeddable":true,"href":"https:\/\/charcoalplant.com\/sw\/wp-json\/wp\/v2\/tags?post=1661"},{"taxonomy":"product-type","embeddable":true,"href":"https:\/\/charcoalplant.com\/sw\/wp-json\/wp\/v2\/product-type?post=1661"}],"curies":[{"name":"wp","href":"https:\/\/api.w.org\/{rel}","templated":true}]}}