{"id":1909,"date":"2022-01-11T09:01:53","date_gmt":"2022-01-11T09:01:53","guid":{"rendered":"https:\/\/charcoalplant.com\/"},"modified":"2022-06-10T02:25:52","modified_gmt":"2022-06-10T02:25:52","slug":"rotary-hookah-tablet-press","status":"publish","type":"product","link":"https:\/\/charcoalplant.com\/sw\/product\/rotary-hookah-tablet-press\/","title":{"rendered":"Rotary hookah Tablet Press | Shisha Mashine ya Kutengeneza Mkaa"},"content":{"rendered":"<div class=\"kk-star-ratings kksr-auto kksr-align-left kksr-valign-top\"     data-payload='{&quot;align&quot;:&quot;left&quot;,&quot;id&quot;:&quot;1909&quot;,&quot;slug&quot;:&quot;default&quot;,&quot;valign&quot;:&quot;top&quot;,&quot;ignore&quot;:&quot;&quot;,&quot;reference&quot;:&quot;auto&quot;,&quot;class&quot;:&quot;&quot;,&quot;count&quot;:&quot;8&quot;,&quot;legendonly&quot;:&quot;&quot;,&quot;readonly&quot;:&quot;&quot;,&quot;score&quot;:&quot;4.8&quot;,&quot;starsonly&quot;:&quot;&quot;,&quot;best&quot;:&quot;5&quot;,&quot;gap&quot;:&quot;5&quot;,&quot;greet&quot;:&quot;Rate this product&quot;,&quot;legend&quot;:&quot;4.8\\\/5 - (8 votes)&quot;,&quot;size&quot;:&quot;24&quot;,&quot;title&quot;:&quot;Rotary Hookah Tablet Press | Shisha Charcoal Making Machine&quot;,&quot;width&quot;:&quot;136.7&quot;,&quot;_legend&quot;:&quot;{score}\\\/{best} - ({count} {votes})&quot;,&quot;font_factor&quot;:&quot;1.25&quot;}'>              <div class=\"kksr-stars\">      <div class=\"kksr-stars-inactive\">             <div class=\"kksr-star\" data-star=\"1\" style=\"padding-right: 5px\">               <div class=\"kksr-icon\" style=\"width: 24px; height: 24px;\"><\/div>         <\/div>             <div class=\"kksr-star\" data-star=\"2\" style=\"padding-right: 5px\">               <div class=\"kksr-icon\" style=\"width: 24px; height: 24px;\"><\/div>         <\/div>             <div class=\"kksr-star\" data-star=\"3\" style=\"padding-right: 5px\">               <div class=\"kksr-icon\" style=\"width: 24px; height: 24px;\"><\/div>         <\/div>             <div class=\"kksr-star\" data-star=\"4\" style=\"padding-right: 5px\">               <div class=\"kksr-icon\" style=\"width: 24px; height: 24px;\"><\/div>         <\/div>             <div class=\"kksr-star\" data-star=\"5\" style=\"padding-right: 5px\">               <div class=\"kksr-icon\" style=\"width: 24px; height: 24px;\"><\/div>         <\/div>     <\/div>      <div class=\"kksr-stars-active\" style=\"width: 136.7px;\">             <div class=\"kksr-star\" style=\"padding-right: 5px\">               <div class=\"kksr-icon\" style=\"width: 24px; height: 24px;\"><\/div>         <\/div>             <div class=\"kksr-star\" style=\"padding-right: 5px\">               <div class=\"kksr-icon\" style=\"width: 24px; height: 24px;\"><\/div>         <\/div>             <div class=\"kksr-star\" style=\"padding-right: 5px\">               <div class=\"kksr-icon\" style=\"width: 24px; height: 24px;\"><\/div>         <\/div>             <div class=\"kksr-star\" style=\"padding-right: 5px\">               <div class=\"kksr-icon\" style=\"width: 24px; height: 24px;\"><\/div>         <\/div>             <div class=\"kksr-star\" style=\"padding-right: 5px\">               <div class=\"kksr-icon\" style=\"width: 24px; height: 24px;\"><\/div>         <\/div>     <\/div> <\/div>                   <div class=\"kksr-legend\" style=\"font-size: 19.2px;\">             4.8\/5 - (kura 8)    <\/div>     <\/div>  <p class=\"translation-block\"><strong> Rotary hookah coal tablet press <\/strong> \u00e4r en h\u00f6gpeksiv shisha kolbriketteringsmaskin. J\u00e4mf\u00f6rt med den vanliga shisha kolbrikettmaskinen \u00e4r utg\u00e5ngen av den roterande tablettpressen 3 g\u00e5nger den vanliga typen. Det vill s\u00e4ga, den motsvarar 2-3 normaltyp kolpulvertablettpressar. D\u00e4rf\u00f6r har den roterande hookah koltabletningsmaskinen <strong><a href=\"https:\/\/charcoalplant.com\/sw\/news\/why-are-the-new-shisha-charcoal-presses-more-high-end\/\">h\u00f6g ekonomiskt v\u00e4rde<\/a><\/strong>. Shuliy maskin kan inte bara g\u00f6ra r\u00e4tt produktion plan f\u00f6r dig. Dessutom tillhandah\u00e5ller vi en maskin anpassningstj\u00e4nst. Om du vill f\u00e5 produktpriset, v\u00e4nligen l\u00e4mna oss ett meddelande. Och vi kommer att svara s\u00e5 snart som m\u00f6jligt.\"<\/p>    <div class=\"wp-block-image\"><figure class=\"aligncenter size-full\"><img loading=\"lazy\" decoding=\"async\" width=\"720\" height=\"540\" src=\"https:\/\/charcoalplant.com\/wp-content\/uploads\/2022\/02\/rotary-hookah-coal-tablet-press-for-sale.jpg\" alt=\"Rotary-hookah-coal-tablet-press-for-sale\" class=\"wp-image-2480\"\/><figcaption>Rotary-hookah-coal-tablet-press-for-sale<\/figcaption><\/figure><\/div>    <h2 class=\"wp-block-heading\" id=\"h-raw-materials-of-rotary-hookah-charcoal-tablet-machine\">Malighafi ya mashine ya kibao ya rotary hookah mkaa<\/h2>    <p class=\"translation-block\">Malighafi za <strong><a href=\"https:\/\/charcoalplant.com\/sw\/shisha-charcoal-production-line\/\">mistari ya uzalishaji wa mkaa wa hookah<\/a><\/strong>\u00a0ni poda mbalimbali za kaboni. Kwa mfano, <strong><a href=\"https:\/\/charcoalplant.com\/sw\/info\/what-are-the-uses-of-coconut-shells\/\">poda ya mkaa wa ganda la nazi<\/a><\/strong>, poda ya mkaa wa matunda, poda ya mkaa wa mianzi, poda ya mkaa, n.k. Mashine ya mkaa ya hookah ya rotary inabana hizi poda za kaboni kuwa karatasi za mkaa za hookah zenye maumbo mbalimbali. Mbali na kubana vidonge vya mviringo, inaweza pia kubana vidonge vya umbo maalum, vidonge maalum, vidonge vya mraba, vidonge vya pete, n.k. Uzalishaji wa mkaa wa hookah sio tu unarekebishwa kwa kipenyo. Na ukubwa, nguvu, na ugumu wa karatasi za kaboni zinatengenezwa kulingana na mahitaji ya mteja.<\/p>    <div class=\"wp-block-image\"><figure class=\"aligncenter size-full\"><img loading=\"lazy\" decoding=\"async\" width=\"720\" height=\"540\" src=\"https:\/\/charcoalplant.com\/wp-content\/uploads\/2022\/02\/round-quick-light-shisha-hookahcoal.jpg\" alt=\"pande zote-mwepesi-mwanga-shisha-hookahcoal\" class=\"wp-image-2474\"\/><figcaption>pande zote-mwepesi-mwanga-shisha-hookah-makaa ya mawe<\/figcaption><\/figure><\/div>    <h2 class=\"wp-block-heading\">Kanuni ya msingi ya mashine ya kutengeneza mkaa ya shisha<strong> <\/strong><\/h2>    <p>Sababu kwa nini mashine ya mkaa ya rotary hookah ni ya ufanisi na ya juu. Kwa sababu ya mfumo wake wa kipekee wa kutengeneza mkaa wa hookah. Kwa ujasiri huacha njia ya jadi ya kupiga juu na chini. Inatumia kwa ustadi ngumi za juu na za chini kando ya wimbo uliopinda ili kubana kiasili kwenye sehemu za juu na za chini. Faida ya kubuni hii ni kwamba kila kipande cha mkaa wa shisha kinaweza kuhimili kiasi sawa cha shinikizo. Hii pia ni sehemu ya thamani zaidi ya mageuzi ya mashine ya kutengeneza mkaa ya hookah.<\/p>    <figure class=\"wp-block-gallery has-nested-images columns-default is-cropped wp-block-gallery-2 is-layout-flex wp-block-gallery-is-layout-flex\"> <figure class=\"wp-block-image size-large\"><img loading=\"lazy\" decoding=\"async\" width=\"720\" height=\"540\" data-id=\"1910\" src=\"https:\/\/charcoalplant.com\/wp-content\/uploads\/2022\/01\/Shisha-Charcoal-Receiving-Tray-and-outlet_.jpg\" alt=\"Sinia-ya-Kupokea-Shisha-Mkaa-na-chombo\" class=\"wp-image-1910\"\/><figcaption>Sinia-ya-Kupokea-Shisha-Mkaa-na-chombo<\/figcaption><\/figure> <\/figure>    <h2 class=\"wp-block-heading\" id=\"h-structure-of-rotary-hookah-tablet-press\">Muundo wa rotary hookah kibao vyombo vya habari<\/h2>    <p>Muundo wake ni pamoja na bandari ya kulisha, bandari ya kutokwa, mold (juu, kati na chini), motor, motor deceleration, roller shinikizo, na tray ya kupokea. Kiwanda chake cha nguvu kimefungwa chini ya mwili. Mashine ya majaribio na matengenezo ya kila siku yanahitaji kuangalia motor na inaweza kuangaliwa na ufunguo. Muundo wa muundo wa mashine nzima ya kuchapisha kompyuta kibao ya rotary ni fupi sana na inaokoa nafasi.<\/p>    <div class=\"wp-block-columns is-layout-flex wp-container-core-columns-is-layout-28f84493 wp-block-columns-is-layout-flex\"> <div class=\"wp-block-column is-layout-flow wp-block-column-is-layout-flow\" style=\"flex-basis:66.66%\"> <figure class=\"wp-block-gallery has-nested-images columns-default is-cropped wp-block-gallery-3 is-layout-flex wp-block-gallery-is-layout-flex\"> <figure class=\"wp-block-image size-large\"><img loading=\"lazy\" decoding=\"async\" width=\"720\" height=\"540\" data-id=\"1912\" src=\"https:\/\/charcoalplant.com\/wp-content\/uploads\/2022\/01\/mould.jpg\" alt=\"ukungu\" class=\"wp-image-1912\"\/><figcaption>ukungu<\/figcaption><\/figure> <\/figure> <\/div>    <div class=\"wp-block-column is-layout-flow wp-block-column-is-layout-flow\" style=\"flex-basis:33.33%\"> <p class=\"translation-block\"><strong>Kifaa<\/strong><\/p>    <p>Kipenyo chake cha ukungu, muundo, na maandishi yote yanaweza kubinafsishwa. Kwa hiyo, mkaa wa shisha unaozalishwa ni tofauti zaidi na una watazamaji wengi kwa wakati mmoja. Mwili wa mashine na nyenzo za ukungu ni chuma cha pua cha kudumu. Kwa hiyo, ina karibu hakuna sehemu za kuvaa na ina maisha ya huduma ya miaka 8-10.<\/p> <\/div> <\/div>    <div class=\"wp-block-columns is-layout-flex wp-container-core-columns-is-layout-28f84493 wp-block-columns-is-layout-flex\"> <div class=\"wp-block-column is-layout-flow wp-block-column-is-layout-flow\" style=\"flex-basis:33.33%\"> <p class=\"translation-block\"><strong>Inlopp<\/strong><\/p>    <p>Picha iliyo upande wa kulia inaonyesha sehemu ya kulisha na kitufe cha kutengenezea cha mashine ya kutengeneza makaa ya mawe. Msimamo wa bandari ya kulisha ya mashine ya mkaa ya hooka inafaa sana. Kwa hiyo, ni rahisi sana kwa waendeshaji kutumia na kuchunguza. Na vifungo vya upande wa mashine vinaweza kurekebisha shinikizo na idadi ya kujaza.<\/p> <\/div>    <div class=\"wp-block-column is-layout-flow wp-block-column-is-layout-flow\" style=\"flex-basis:66.66%\"> <figure class=\"wp-block-gallery has-nested-images columns-default is-cropped wp-block-gallery-4 is-layout-flex wp-block-gallery-is-layout-flex\"> <figure class=\"wp-block-image size-large\"><img loading=\"lazy\" decoding=\"async\" width=\"720\" height=\"540\" data-id=\"2475\" src=\"https:\/\/charcoalplant.com\/wp-content\/uploads\/2022\/02\/details-of-hully-charcoal-machine-.jpg\" alt=\"\" class=\"wp-image-2475\"\/><\/figure> <\/figure> <\/div> <\/div>    <div class=\"wp-block-columns is-layout-flex wp-container-core-columns-is-layout-28f84493 wp-block-columns-is-layout-flex\"> <div class=\"wp-block-column is-layout-flow wp-block-column-is-layout-flow\" style=\"flex-basis:66.66%\"> <figure class=\"wp-block-gallery has-nested-images columns-default is-cropped wp-block-gallery-5 is-layout-flex wp-block-gallery-is-layout-flex\"> <figure class=\"wp-block-image size-large\"><img loading=\"lazy\" decoding=\"async\" width=\"720\" height=\"540\" data-id=\"2476\" src=\"https:\/\/charcoalplant.com\/wp-content\/uploads\/2022\/02\/outlet-1.jpg\" alt=\"\" class=\"wp-image-2476\"\/><\/figure> <\/figure> <\/div>    <div class=\"wp-block-column is-layout-flow wp-block-column-is-layout-flow\" style=\"flex-basis:33.33%\"> <p class=\"translation-block\"><strong>Utg\u00e5ng<\/strong><\/p>    <p class=\"translation-block\">Kuna sahani ya baffle kwenye pato. ili mkaa wa hookah ukusanywe kwa mpangilio. Zaidi ya hayo, tunawapa wateja wetu tray ya kukamata. Inarahisisha operesheni ya <strong><a href=\"https:\/\/charcoalplant.com\/sw\/drying-machine\/charcoal-briquette-dryer\/\">kaukaji<\/a><\/strong> sehemu ya hookah na operesheni ya <strong><a href=\"https:\/\/charcoalplant.com\/sw\/briquettes-packing-machine\/charcoal-briquettes-packing-machine\/\">mashine ya kupanga mkaa wa hookah<\/a><\/strong> yenye umbo la pete.<br><\/p> <\/div> <\/div>    <h2 class=\"wp-block-heading\" id=\"h-parameters-of-rotary-hookah-tablet-press\">Vigezo vya rotary hookah kibao vyombo vya habari<\/h2>    <p>Tunatengeneza modeli mbalimbali za shisha charcoal tablet. Punch 21 ni moja ya kuuzwa kwetu zaidi.  Chini ni vigezo vya mashine kwa vidonge 21 vya kipenyo cha 30mm.<\/p>    <figure class=\"wp-block-table is-style-stripes\"><table><tbody><tr><td><strong>Mfano<\/strong><strong><\/strong><\/td><td><strong>SL-RS21<\/strong><\/td><\/tr><tr><td><strong>Punch wingi (seti)<\/strong><strong><\/strong><\/td><td><strong>21<\/strong><strong><\/strong><\/td><\/tr><tr><td><strong>Shinikizo la juu la kompyuta kibao (kn)<\/strong><strong><\/strong><\/td><td><strong>120<\/strong><strong><\/strong><\/td><\/tr><tr><td><strong>Kina cha juu cha kujaza (mm)<\/strong><strong><\/strong><\/td><td><strong>16-28<\/strong><strong><\/strong><\/td><\/tr><tr><td><strong>Unene wa juu wa kompyuta kibao (mm)<\/strong><strong><\/strong><\/td><td><strong>8-15<\/strong><strong><\/strong><\/td><\/tr><tr><td><strong>Kasi ya mzunguko wa turret (r\/min)<\/strong><strong><\/strong><\/td><td><strong>30<\/strong><strong><\/strong><\/td><\/tr><tr><td><strong>Pato la juu(pcs\/h)<\/strong><strong><\/strong><\/td><td><strong>30000-40000<\/strong><strong><\/strong><\/td><\/tr><tr><td><strong>Nguvu ya injini (kw)<\/strong><strong><\/strong><\/td><td><strong>7.5<\/strong><strong><\/strong><\/td><\/tr><tr><td><strong>Ukubwa wa jumla (mm)<\/strong><strong><\/strong><\/td><td><strong>800*900*1650<\/strong><strong><\/strong><\/td><\/tr><tr><td><strong>Uzito wa mashine (kg)<\/strong><strong><\/strong><\/td><td><strong>1500<\/strong><strong><\/strong><\/td><\/tr><\/tbody><\/table><\/figure>    <h2 class=\"wp-block-heading\" id=\"h-video-of-best-coconut-charcoal-shisha-tablet\">Video ya kibao bora cha nazi mkaa shisha<\/h2>    <p>Kupitia video hapa chini, unaweza kuelewa kwa uwazi mchakato wa uzalishaji na ufungaji wa mkaa wa shisha.<\/p>    <figure class=\"wp-block-embed is-type-video is-provider-youtube wp-block-embed-youtube wp-embed-aspect-16-9 wp-has-aspect-ratio\"><div class=\"wp-block-embed__wrapper\"> <iframe loading=\"lazy\" title=\"Kompyuta Kibao Bora ya Shisha ya Nazi ya Mkaa | Kiwanda cha Mashine ya Kompyuta Kibao cha Rotary Hookah#shishacharcoal#Arab\" width=\"500\" height=\"281\" src=\"https:\/\/www.youtube.com\/embed\/SCr3JOp5PN8?feature=oembed\" frameborder=\"0\" allow=\"accelerometer; autoplay; clipboard-write; encrypted-media; gyroscope; picture-in-picture; web-share\" referrerpolicy=\"strict-origin-when-cross-origin\" allowfullscreen><\/iframe> <\/div><\/figure>    <h2 class=\"wp-block-heading\">Je, ni faida gani za mashine ya kuchapa shisha mkaa?<\/h2>    <ul class=\"wp-block-list\" id=\"block-4a8c5a9a-482a-49f4-b4de-51d981b5b640\"><li>Kupitisha paneli ya udhibiti wa akili ya PLC. Unene wa kibao cha makaa ya mawe ya hookah inaweza kubadilishwa kwa urahisi kwa kurekebisha kasi.<\/li><li>Kifaa cha kujaza kiotomatiki cha mashine ya kutengeneza makaa ya hookah kinaweza kudhibiti kasi kwa urahisi.<\/li><li>Mashine nzima imetengenezwa kwa chuma cha pua, rahisi kusafisha, na ina maisha marefu ya huduma.<\/li><li>Mteremko wa bandari ya kutokwa umeundwa kwa busara ili makaa ya mawe ya shisha yateleze chini kwa kawaida bila kuharibu karatasi ya mkaa ya hooka.<\/li><li>Mkaa wa shisha umewekwa gorofa kwenye feeder ya chuma cha pua. Sio tu rahisi kwa kukausha, lakini pia inafaa <strong><a href=\"https:\/\/charcoalplant.com\/sw\/briquettes-packing-machine\/charcoal-briquettes-packing-machine\/\">mashine ya kufunga mkaa ya shisha<\/a><\/strong> ufungaji.<\/li><li>Wakati wa kukimbia, kelele ni ndogo, shinikizo ni kubwa, na overpressure huacha ili kuepuka uharibifu wa mashine.<\/li><\/ul>    <div class=\"wp-block-image\"><figure class=\"aligncenter size-full\"><img loading=\"lazy\" decoding=\"async\" width=\"720\" height=\"540\" src=\"https:\/\/charcoalplant.com\/wp-content\/uploads\/2022\/01\/rotary-tablet-press-plant-tuya_\u7ed3\u679c.jpg\" alt=\"rotary-hookah-tablet-press-plant\" class=\"wp-image-1918\"\/><figcaption>rotary-hookah-tablet-press-plant<\/figcaption><\/figure><\/div>    <div class=\"wp-block-image\"><figure class=\"aligncenter size-full\"><img loading=\"lazy\" decoding=\"async\" width=\"720\" height=\"540\" src=\"https:\/\/charcoalplant.com\/wp-content\/uploads\/2022\/02\/rotary-hookah-coal-tablet-press-plant-.jpg\" alt=\"rotary-hookah-coal-tablet-press-plant\" class=\"wp-image-2482\"\/><figcaption>rotary-hookah-coal-tablet-press-plant<\/figcaption><\/figure><\/div>    <h2 class=\"wp-block-heading\">Onyesho la mstari wa mkaa wa Hookah<\/h2>    <div class=\"wp-block-columns is-layout-flex wp-container-core-columns-is-layout-28f84493 wp-block-columns-is-layout-flex\"> <div class=\"wp-block-column is-layout-flow wp-block-column-is-layout-flow\"> <figure class=\"wp-block-gallery has-nested-images columns-default is-cropped wp-block-gallery-6 is-layout-flex wp-block-gallery-is-layout-flex\"> <figure class=\"wp-block-image size-large\"><img loading=\"lazy\" decoding=\"async\" width=\"720\" height=\"540\" data-id=\"2483\" src=\"https:\/\/charcoalplant.com\/wp-content\/uploads\/2022\/02\/hookah-charcoal-forming-machine.jpg\" alt=\"hookah-mkaa-kutengeneza-mashine\" class=\"wp-image-2483\"\/><figcaption>hookah-mkaa-kutengeneza-mashine<\/figcaption><\/figure> <\/figure> <\/div>    <div class=\"wp-block-column is-layout-flow wp-block-column-is-layout-flow\"> <figure class=\"wp-block-gallery has-nested-images columns-default is-cropped wp-block-gallery-7 is-layout-flex wp-block-gallery-is-layout-flex\"> <figure class=\"wp-block-image size-large\"><img loading=\"lazy\" decoding=\"async\" width=\"720\" height=\"540\" data-id=\"2484\" src=\"https:\/\/charcoalplant.com\/wp-content\/uploads\/2022\/02\/dryer-1.jpg\" alt=\"kavu\" class=\"wp-image-2484\"\/><figcaption>kavu<\/figcaption><\/figure> <\/figure> <\/div>    <div class=\"wp-block-column is-layout-flow wp-block-column-is-layout-flow\"> <figure class=\"wp-block-gallery has-nested-images columns-default is-cropped wp-block-gallery-8 is-layout-flex wp-block-gallery-is-layout-flex\"> <figure class=\"wp-block-image size-large\"><img loading=\"lazy\" decoding=\"async\" width=\"720\" height=\"540\" data-id=\"2485\" src=\"https:\/\/charcoalplant.com\/wp-content\/uploads\/2022\/02\/Equipment-for-sorting-shisha-charcoal.jpg\" alt=\"vifaa-vya-kuchambua-shisha-mkaa\" class=\"wp-image-2485\"\/><figcaption>vifaa-vya-kuchambua-shisha-mkaa<\/figcaption><\/figure> <\/figure> <\/div> <\/div>    <div class=\"wp-block-columns is-layout-flex wp-container-core-columns-is-layout-28f84493 wp-block-columns-is-layout-flex\"> <div class=\"wp-block-column is-layout-flow wp-block-column-is-layout-flow\"> <figure class=\"wp-block-gallery has-nested-images columns-default is-cropped wp-block-gallery-9 is-layout-flex wp-block-gallery-is-layout-flex\"> <figure class=\"wp-block-image size-large\"><img loading=\"lazy\" decoding=\"async\" width=\"720\" height=\"540\" data-id=\"2486\" src=\"https:\/\/charcoalplant.com\/wp-content\/uploads\/2022\/02\/hookah-packing-machine.jpg\" alt=\"mashine ya kufunga-hookah\" class=\"wp-image-2486\"\/><figcaption>mashine ya kufunga-hookah<\/figcaption><\/figure> <\/figure> <\/div>    <div class=\"wp-block-column is-layout-flow wp-block-column-is-layout-flow\"> <figure class=\"wp-block-gallery has-nested-images columns-default is-cropped wp-block-gallery-10 is-layout-flex wp-block-gallery-is-layout-flex\"> <figure class=\"wp-block-image size-large\"><img loading=\"lazy\" decoding=\"async\" width=\"720\" height=\"540\" data-id=\"2487\" src=\"https:\/\/charcoalplant.com\/wp-content\/uploads\/2022\/02\/heat-shrink-sealer.jpg\" alt=\"joto-shrink-sealer\" class=\"wp-image-2487\"\/><figcaption>joto-shrink-sealer<\/figcaption><\/figure> <\/figure> <\/div>    <div class=\"wp-block-column is-layout-flow wp-block-column-is-layout-flow\"> <figure class=\"wp-block-gallery has-nested-images columns-default is-cropped wp-block-gallery-11 is-layout-flex wp-block-gallery-is-layout-flex\"> <figure class=\"wp-block-image size-large\"><img loading=\"lazy\" decoding=\"async\" width=\"720\" height=\"540\" data-id=\"2488\" src=\"https:\/\/charcoalplant.com\/wp-content\/uploads\/2022\/02\/finish-product.jpg\" alt=\"kumaliza-bidhaa\" class=\"wp-image-2488\"\/><figcaption>kumaliza-bidhaa<\/figcaption><\/figure> <\/figure> <\/div> <\/div>    <p><\/p>","protected":false},"excerpt":{"rendered":"<p>Mashine ya kutengeneza mkaa ya rotary hookah ni mashine ya hali ya juu ya kutengeneza mkaa wa shisha. Pato lake la saa ni vipande 30,000-40,000.<\/p>","protected":false},"author":1,"featured_media":1920,"parent":0,"template":"","tags":[59],"product-type":[44],"class_list":["post-1909","product","type-product","status-publish","has-post-thumbnail","hentry","tag-charcoal-briquetting-machine","product-type-charcoal-briquetting-machine"],"_links":{"self":[{"href":"https:\/\/charcoalplant.com\/sw\/wp-json\/wp\/v2\/product\/1909","targetHints":{"allow":["GET"]}}],"collection":[{"href":"https:\/\/charcoalplant.com\/sw\/wp-json\/wp\/v2\/product"}],"about":[{"href":"https:\/\/charcoalplant.com\/sw\/wp-json\/wp\/v2\/types\/product"}],"author":[{"embeddable":true,"href":"https:\/\/charcoalplant.com\/sw\/wp-json\/wp\/v2\/users\/1"}],"wp:featuredmedia":[{"embeddable":true,"href":"https:\/\/charcoalplant.com\/sw\/wp-json\/wp\/v2\/media\/1920"}],"wp:attachment":[{"href":"https:\/\/charcoalplant.com\/sw\/wp-json\/wp\/v2\/media?parent=1909"}],"wp:term":[{"taxonomy":"post_tag","embeddable":true,"href":"https:\/\/charcoalplant.com\/sw\/wp-json\/wp\/v2\/tags?post=1909"},{"taxonomy":"product-type","embeddable":true,"href":"https:\/\/charcoalplant.com\/sw\/wp-json\/wp\/v2\/product-type?post=1909"}],"curies":[{"name":"wp","href":"https:\/\/api.w.org\/{rel}","templated":true}]}}