{"id":2322,"date":"2022-02-14T09:42:26","date_gmt":"2022-02-14T01:42:26","guid":{"rendered":"https:\/\/charcoalplant.com\/"},"modified":"2023-01-13T10:21:19","modified_gmt":"2023-01-13T02:21:19","slug":"wood-pallet-block-making-machine","status":"publish","type":"product","link":"https:\/\/charcoalplant.com\/sw\/product\/wood-pallet-block-making-machine\/","title":{"rendered":"Mashine ya Kutengeneza Vitalu vya Mbao | Mashine ya Kutengeneza Kizuizi cha Sawdust"},"content":{"rendered":"<div class=\"kk-star-ratings kksr-auto kksr-align-left kksr-valign-top\"     data-payload='{&quot;align&quot;:&quot;left&quot;,&quot;id&quot;:&quot;2322&quot;,&quot;slug&quot;:&quot;default&quot;,&quot;valign&quot;:&quot;top&quot;,&quot;ignore&quot;:&quot;&quot;,&quot;reference&quot;:&quot;auto&quot;,&quot;class&quot;:&quot;&quot;,&quot;count&quot;:&quot;13&quot;,&quot;legendonly&quot;:&quot;&quot;,&quot;readonly&quot;:&quot;&quot;,&quot;score&quot;:&quot;4.8&quot;,&quot;starsonly&quot;:&quot;&quot;,&quot;best&quot;:&quot;5&quot;,&quot;gap&quot;:&quot;5&quot;,&quot;greet&quot;:&quot;Rate this product&quot;,&quot;legend&quot;:&quot;4.8\\\/5 - (13 votes)&quot;,&quot;size&quot;:&quot;24&quot;,&quot;title&quot;:&quot;Wood Pallet Block Making Machine | Sawdust Block Making Machine&quot;,&quot;width&quot;:&quot;136.7&quot;,&quot;_legend&quot;:&quot;{score}\\\/{best} - ({count} {votes})&quot;,&quot;font_factor&quot;:&quot;1.25&quot;}'>              <div class=\"kksr-stars\">      <div class=\"kksr-stars-inactive\">             <div class=\"kksr-star\" data-star=\"1\" style=\"padding-right: 5px\">               <div class=\"kksr-icon\" style=\"width: 24px; height: 24px;\"><\/div>         <\/div>             <div class=\"kksr-star\" data-star=\"2\" style=\"padding-right: 5px\">               <div class=\"kksr-icon\" style=\"width: 24px; height: 24px;\"><\/div>         <\/div>             <div class=\"kksr-star\" data-star=\"3\" style=\"padding-right: 5px\">               <div class=\"kksr-icon\" style=\"width: 24px; height: 24px;\"><\/div>         <\/div>             <div class=\"kksr-star\" data-star=\"4\" style=\"padding-right: 5px\">               <div class=\"kksr-icon\" style=\"width: 24px; height: 24px;\"><\/div>         <\/div>             <div class=\"kksr-star\" data-star=\"5\" style=\"padding-right: 5px\">               <div class=\"kksr-icon\" style=\"width: 24px; height: 24px;\"><\/div>         <\/div>     <\/div>      <div class=\"kksr-stars-active\" style=\"width: 136.7px;\">             <div class=\"kksr-star\" style=\"padding-right: 5px\">               <div class=\"kksr-icon\" style=\"width: 24px; height: 24px;\"><\/div>         <\/div>             <div class=\"kksr-star\" style=\"padding-right: 5px\">               <div class=\"kksr-icon\" style=\"width: 24px; height: 24px;\"><\/div>         <\/div>             <div class=\"kksr-star\" style=\"padding-right: 5px\">               <div class=\"kksr-icon\" style=\"width: 24px; height: 24px;\"><\/div>         <\/div>             <div class=\"kksr-star\" style=\"padding-right: 5px\">               <div class=\"kksr-icon\" style=\"width: 24px; height: 24px;\"><\/div>         <\/div>             <div class=\"kksr-star\" style=\"padding-right: 5px\">               <div class=\"kksr-icon\" style=\"width: 24px; height: 24px;\"><\/div>         <\/div>     <\/div> <\/div>                   <div class=\"kksr-legend\" style=\"font-size: 19.2px;\">             4.8\/5 - (13 r\u00f6ster)    <\/div>     <\/div>  <p class=\"translation-block\"><strong>Wood pallet block making machine<\/strong> \u00e4r en enhet f\u00f6r att producera <strong><a href=\"https:\/\/charcoalplant.com\/sw\/news\/what-is-a-sawdust-pallet-block\/\">_lastb\u00e4rande f\u00f6tter av pallar<\/a><\/strong>. Den kan anv\u00e4ndas inom f\u00f6rpacknings- och logistik (transport) branscher. Eftersom r\u00e5materialet till tr\u00e4pallf\u00f6tter \u00e4r s\u00e5gsp\u00e5n och tr\u00e4flis. D\u00e4rf\u00f6r har den producerade tr\u00e4blocket egenskaper som icke-p\u00e5verkande, s\u00e4kra och l\u00e4tta att hantera. M\u00e5nga tillverkare av tr\u00e4pallar kommer att anv\u00e4nda en tr\u00e4flisblocksmaskin f\u00f6r att g\u00f6ra pallf\u00f6tter. V\u00e5r fabrik tillverkar amerikanskt standardtr\u00e4flisblock som 75\u00d775 mm, 90\u00d790 mm och 100\u00d7100 mm, och europeiskt standardtr\u00e4flisblock som 100\u00d7110 mm och 145\u00d7145 mm. D\u00e4rf\u00f6r tillhandah\u00e5ller vi maskins anpassningstj\u00e4nster.<\/p>    <figure class=\"wp-block-gallery has-nested-images columns-default is-cropped wp-block-gallery-2 is-layout-flex wp-block-gallery-is-layout-flex\"> <figure class=\"wp-block-image size-large\"><img loading=\"lazy\" decoding=\"async\" width=\"720\" height=\"540\" data-id=\"2335\" src=\"https:\/\/charcoalplant.com\/wp-content\/uploads\/2022\/02\/sawdust-pallet-block-.jpg\" alt=\"machujo ya mbao-pallet-block\" class=\"wp-image-2335\"\/><figcaption class=\"wp-element-caption\">machujo ya mbao-pallet-block<\/figcaption><\/figure>    <figure class=\"wp-block-image size-full\"><img loading=\"lazy\" decoding=\"async\" width=\"720\" height=\"540\" data-id=\"2325\" src=\"https:\/\/charcoalplant.com\/wp-content\/uploads\/2022\/02\/wood-block-machine-plant.jpg\" alt=\"mbao-block-mashine-mpango\" class=\"wp-image-2325\"\/><figcaption class=\"wp-element-caption\">mbao-block-mashine-mpango<\/figcaption><\/figure> <\/figure>    <h2 class=\"wp-block-heading\" id=\"h-raw-materials-for-wood-block-machine\"><strong>Malighafi kwa ajili ya mashine ya kutengeneza vitalu vya mbao vya mbao<\/strong><\/h2>    <p class=\"translation-block\">R\u00e5materialet till tr\u00e4pallblockstillverkaren \u00e4r s\u00e5gsp\u00e5n p\u00e5 6-8 mm. D\u00e4rf\u00f6r m\u00e5ste s\u00e5gsp\u00e5n som inte uppfyller r\u00e5materialets storlek omvandlas genom att anv\u00e4ndas i en <strong><a href=\"https:\/\/charcoalplant.com\/sw\/wood-wastes-recycling-machine\/wood-crusher-machine\/\">tr\u00e4f\u00f6rst\u00f6rare<\/a><\/strong>. Faktiskt finns det mycket r\u00e5material, s\u00e5som tr\u00e4block, tr\u00e4flis, \u00f6vergiven tr\u00e4, \u00f6vergivna pallar osv. Dessutom b\u00f6r det noteras att produktionen av pallblock kr\u00e4ver tillsats av lim s\u00e5som urea-formaldehydresin till r\u00e5materialet.<\/p>    <figure class=\"wp-block-image aligncenter size-full\"><img loading=\"lazy\" decoding=\"async\" width=\"720\" height=\"540\" src=\"https:\/\/charcoalplant.com\/wp-content\/uploads\/2022\/02\/raw-materials-of-pallet-feet-block-machine-.jpg\" alt=\"\" class=\"wp-image-2347\"\/><\/figure>    <h2 class=\"wp-block-heading\" id=\"application-of-wood-blocks\"><strong>Utumiaji wa vitalu vya mbao vya pallet<\/strong><\/h2>    <ul class=\"wp-block-list\"> <li>Vitalu vya godoro la mbao hutumiwa kwa kawaida katika tasnia ya usafirishaji na usafirishaji kusaidia na kusafirisha bidhaa.<\/li>    <li>Pia hutumiwa katika tasnia ya ujenzi na utengenezaji kwa madhumuni anuwai, kama vile kusaidia mashine au kuunda msingi wa muundo wa muda.<\/li> <\/ul>    <figure class=\"wp-block-gallery has-nested-images columns-default is-cropped wp-block-gallery-3 is-layout-flex wp-block-gallery-is-layout-flex\"> <figure class=\"wp-block-image size-large\"><img loading=\"lazy\" decoding=\"async\" width=\"720\" height=\"540\" data-id=\"2356\" src=\"https:\/\/charcoalplant.com\/wp-content\/uploads\/2022\/02\/wood-block-1.jpg\" alt=\"\" class=\"wp-image-2356\"\/><\/figure>    <figure class=\"wp-block-image size-large\"><img loading=\"lazy\" decoding=\"async\" width=\"720\" height=\"540\" data-id=\"2355\" src=\"https:\/\/charcoalplant.com\/wp-content\/uploads\/2022\/02\/wood-pallet.jpg\" alt=\"\" class=\"wp-image-2355\"\/><\/figure> <\/figure>    <h2 class=\"wp-block-heading\" id=\"workflow-of-wood-pallet-block-making-machine\"><strong>Mtiririko wa kazi wa mashine ya kutengeneza vitalu vya mbao<\/strong><\/h2>    <div class=\"wp-block-columns has-background is-layout-flex wp-container-core-columns-is-layout-28f84493 wp-block-columns-is-layout-flex\" style=\"background-color:#f1f1f1\"> <div class=\"wp-block-column is-vertically-aligned-center is-layout-flow wp-block-column-is-layout-flow\" style=\"flex-basis:33.33%\"> <p class=\"has-text-align-left translation-block\"><strong>F\u00f6rst, bearbetning av r\u00e5materialet.<\/strong><\/p>    <p class=\"has-text-align-left\">Malighafi yanahitajika kuchanganywa kabisa na resin ya urea-formaldehyde na mchanganyiko wa gundi.<\/p> <\/div>    <div class=\"wp-block-column is-layout-flow wp-block-column-is-layout-flow\" style=\"flex-basis:66.66%\"> <figure class=\"wp-block-gallery has-nested-images columns-default is-cropped wp-block-gallery-4 is-layout-flex wp-block-gallery-is-layout-flex\"> <figure class=\"wp-block-image size-full\"><img loading=\"lazy\" decoding=\"async\" width=\"720\" height=\"540\" data-id=\"2352\" src=\"https:\/\/charcoalplant.com\/wp-content\/uploads\/2022\/02\/glue-mixer-2.jpg\" alt=\"\" class=\"wp-image-2352\"\/><\/figure> <\/figure> <\/div> <\/div>    <div class=\"wp-block-columns has-background is-layout-flex wp-container-core-columns-is-layout-28f84493 wp-block-columns-is-layout-flex\" style=\"background-color:#f1f1f1\"> <div class=\"wp-block-column is-layout-flow wp-block-column-is-layout-flow\" style=\"flex-basis:66.66%\"> <figure class=\"wp-block-gallery has-nested-images columns-default is-cropped wp-block-gallery-5 is-layout-flex wp-block-gallery-is-layout-flex\"> <figure class=\"wp-block-image size-large\"><img loading=\"lazy\" decoding=\"async\" width=\"720\" height=\"540\" data-id=\"2350\" src=\"https:\/\/charcoalplant.com\/wp-content\/uploads\/2022\/02\/feed.jpg\" alt=\"\" class=\"wp-image-2350\"\/><\/figure> <\/figure> <\/div>    <div class=\"wp-block-column is-vertically-aligned-center is-layout-flow wp-block-column-is-layout-flow\" style=\"flex-basis:33.33%\"> <p class=\"translation-block\"><strong>Andra, matning. <\/strong><\/p>    <p>Malighafi iliyochanganywa inaweza kulishwa kupitia bandari ya kulisha ya mashine ya kuzuia kuni. Zaidi ya hayo, bandari ya kulisha ya mashine ina muundo wa kuchochea na usio wazi. Kwa hiyo, wateja hawana wasiwasi juu ya tatizo la kuzuia nyenzo.<\/p> <\/div> <\/div>    <div class=\"wp-block-columns has-background is-layout-flex wp-container-core-columns-is-layout-28f84493 wp-block-columns-is-layout-flex\" style=\"background-color:#f1f1f1\"> <div class=\"wp-block-column is-vertically-aligned-center is-layout-flow wp-block-column-is-layout-flow\" style=\"flex-basis:33.33%\"> <p class=\"translation-block\"><strong>Tredje, avlastning. <\/strong><\/p>    <p>Vipande vya mbao vinalazimishwa kutengenezwa na kutolewa baada ya kupitia shinikizo la juu la silinda ya hydraulic ya mashine ya kuzuia pallet ya mbao na joto la juu la pete ya joto.<\/p> <\/div>    <div class=\"wp-block-column is-layout-flow wp-block-column-is-layout-flow\" style=\"flex-basis:66.66%\"> <figure class=\"wp-block-gallery has-nested-images columns-default is-cropped wp-block-gallery-6 is-layout-flex wp-block-gallery-is-layout-flex\"> <figure class=\"wp-block-image size-large\"><img loading=\"lazy\" decoding=\"async\" width=\"720\" height=\"540\" data-id=\"2330\" src=\"https:\/\/charcoalplant.com\/wp-content\/uploads\/2022\/02\/double-head-pallet-block-machine-1.jpg\" alt=\"mashine-kichwa-pallet-block-mashine\" class=\"wp-image-2330\"\/><figcaption class=\"wp-element-caption\">mashine-kichwa-pallet-block-mashine<\/figcaption><\/figure> <\/figure> <\/div> <\/div>    <div class=\"wp-block-columns has-background is-layout-flex wp-container-core-columns-is-layout-28f84493 wp-block-columns-is-layout-flex\" style=\"background-color:#f1f1f1\"> <div class=\"wp-block-column is-layout-flow wp-block-column-is-layout-flow\" style=\"flex-basis:66.66%\"> <figure class=\"wp-block-gallery has-nested-images columns-default is-cropped wp-block-gallery-7 is-layout-flex wp-block-gallery-is-layout-flex\"> <figure class=\"wp-block-image size-large\"><img loading=\"lazy\" decoding=\"async\" width=\"720\" height=\"540\" data-id=\"2351\" src=\"https:\/\/charcoalplant.com\/wp-content\/uploads\/2022\/02\/sawdust-blocks.jpg\" alt=\"\" class=\"wp-image-2351\"\/><\/figure> <\/figure> <\/div>    <div class=\"wp-block-column is-vertically-aligned-center is-layout-flow wp-block-column-is-layout-flow\" style=\"flex-basis:33.33%\"> <p class=\"translation-block\"><strong>Fj\u00e4rde, tr\u00e4blocksk\u00e4rning.<\/strong><\/p>    <p>Walitengeneza mbao ndefu zilizokatwa kwa urefu sawa na msumeno kwenye mlango wa kutokwa maji.<\/p> <\/div> <\/div>    <h2 class=\"wp-block-heading\" id=\"parameters-of-wood-pallet-block-machine\"><strong>Vigezo vya mashine ya kutengeneza pallet ya mbao<\/strong><\/h2>    <p>Mashine yetu ya kutengenezea machujo ya mbao hutengeneza mbao zisizo na vinyweleo na kutoboa. Na nambari na vipimo vya fursa za kutokwa kwa mashine zinaweza kubinafsishwa.<\/p>    <figure class=\"wp-block-table is-style-stripes\"><table><tbody><tr><td>Mfano<\/td><td>SL-WB100<\/td><\/tr><tr><td>Jumla ya nguvu<\/td><td>15kw<\/td><\/tr><tr><td>Uwezo<\/td><td>4-5 m3\/24h<\/td><\/tr><tr><td>Uzito wa kuzuia<\/td><td>550-600kg\/m3<\/td><\/tr><tr><td>Dimension<\/td><td>4800*760*1300mm<\/td><\/tr><tr><td>Uzito<\/td><td>1200kg<\/td><\/tr><\/tbody><\/table><\/figure>    <figure class=\"wp-block-image aligncenter size-full\"><img loading=\"lazy\" decoding=\"async\" width=\"720\" height=\"540\" src=\"https:\/\/charcoalplant.com\/wp-content\/uploads\/2022\/02\/Three-head-wood-pallet-block-machine.jpg\" alt=\"Vichwa vitatu-mbao-pallet-block-machin\" class=\"wp-image-2328\"\/><figcaption class=\"wp-element-caption\">Mashine yenye vichwa vitatu-mbao-pallet-block-block<\/figcaption><\/figure>    <h2 class=\"wp-block-heading\" id=\"video-of-wood-pallet-block-machine\"><strong>Video ya mashine ya kutengeneza vitalu vya mbao<\/strong><\/h2>    <p>Mashine ya kutengeneza vitalu vya mbao hutumika sana nje ya nchi. Unaweza kuona ubora wake wa mbao na urahisi wa kuona kwenye video hapa chini. Hatimaye, tunatumai utafurahia video zetu. Na unaweza kuwasiliana nasi ili kuuliza kuhusu bei ya mashine ya kutengeneza vitalu vya mbao.<\/p>    <figure class=\"wp-block-embed is-type-video is-provider-youtube wp-block-embed-youtube wp-embed-aspect-16-9 wp-has-aspect-ratio\"><div class=\"wp-block-embed__wrapper\"> <iframe loading=\"lazy\" title=\"Mashine ya Kutengeneza Pallet ya Mbao otomatiki | Kizuizi cha Kukata Mavumbi#palletblock#shavingblock\" width=\"500\" height=\"281\" src=\"https:\/\/www.youtube.com\/embed\/RqVTaF_3GCw?feature=oembed\" frameborder=\"0\" allow=\"accelerometer; autoplay; clipboard-write; encrypted-media; gyroscope; picture-in-picture; web-share\" referrerpolicy=\"strict-origin-when-cross-origin\" allowfullscreen><\/iframe> <\/div><\/figure>    <h2 class=\"wp-block-heading\" id=\"sawdust-blocks-extruder-machine-for-sale\"><strong>Mashine ya kutengeneza vizuizi vya vumbi <\/strong>kusafirishwa kwenda Malaysia<\/h2>    <figure class=\"wp-block-gallery has-nested-images columns-default is-cropped wp-block-gallery-8 is-layout-flex wp-block-gallery-is-layout-flex\"> <figure class=\"wp-block-image size-large\"><img loading=\"lazy\" decoding=\"async\" width=\"720\" height=\"540\" data-id=\"2331\" src=\"https:\/\/charcoalplant.com\/wp-content\/uploads\/2022\/02\/shippment.jpg\" alt=\"usafirishaji\" class=\"wp-image-2331\"\/><figcaption class=\"wp-element-caption\">usafirishaji<\/figcaption><\/figure>    <figure class=\"wp-block-image size-large\"><img loading=\"lazy\" decoding=\"async\" width=\"720\" height=\"540\" data-id=\"2332\" src=\"https:\/\/charcoalplant.com\/wp-content\/uploads\/2022\/02\/Wood-pallet-block-machine-shippment.jpg\" alt=\"Wood-pallet-block-mashine-shippment\" class=\"wp-image-2332\"\/><figcaption class=\"wp-element-caption\">Wood-pallet-block-mashine-shippment<\/figcaption><\/figure> <\/figure>    <p>Mashine ya kutengeneza vitalu vya mbao inayozalishwa na kiwanda chetu ni bidhaa inayouzwa sokoni. Hivi majuzi tulipokea uchunguzi kutoka kwa kiwanda cha godoro cha mbao huko Malaysia. Na tunafurahi kufanya kazi pamoja. Tumeuza mashine nyingi za mbao zenye vichwa vingi kwa wateja wetu. Na tuliwapa wateja wetu punguzo kubwa.<\/p>    <h2 class=\"wp-block-heading\">Jinsi Mashine ya Kutengeneza Pallet ya Mbao Inavyofanya Kazi <\/h2>    <ul class=\"wp-block-list\"> <li>Mashine ina fremu, ukungu, na mfumo wa majimaji.<\/li>    <li>Ili kutumia mashine, chips za mbao au machujo ya mbao hulishwa kwenye ukungu.<\/li>    <li>Mfumo wa majimaji umeamilishwa ili kutumia shinikizo kwa nyenzo, kuitengeneza kwenye kizuizi.<\/li>    <li>Kisha block hutolewa kutoka kwa ukungu na iko tayari kutumika.<\/li> <\/ul>    <h2 class=\"wp-block-heading\">Faida za Kutumia Mashine ya Kutengeneza Vitalu vya Kuni<\/h2>    <ul class=\"wp-block-list\"> <li><strong>Ufanisi:<\/strong> Mashine inaweza kuzalisha idadi kubwa ya vitalu kwa muda mfupi, na kuifanya kuwa na ufanisi zaidi kuliko mbinu za uzalishaji wa mwongozo.<\/li>    <li><strong>Ubora:<\/strong> Vitalu vinavyozalishwa na mashine ni sare zaidi kwa ukubwa na sura, na kusababisha bidhaa bora zaidi.<\/li>    <li><strong>Gharama:<\/strong> Kutumia mashine ya kutengenezea palati ya mbao kunaweza kuwa na gharama nafuu zaidi kuliko kununua vitalu vilivyotengenezwa awali au kuvitengeneza wewe mwenyewe.<\/li> <\/ul>    <h2 class=\"wp-block-heading\">Hitimisho <\/h2>    <p class=\"translation-block\">En tr\u00e4pallblockstillverkningsmaskin \u00e4r ett v\u00e4rdefullt verktyg f\u00f6r att producera h\u00f6gkvalitativa pallblock p\u00e5 ett effektivt och kostnadssn\u00e5lt s\u00e4tt. Den har ett brett anv\u00e4ndningsomr\u00e5de i olika branscher, vilket g\u00f6r den till en v\u00e4rdefull tillg\u00e5ng f\u00f6r vilket f\u00f6retag som helst. <a href=\"https:\/\/charcoalplant.com\/sw\/\">Shuliy group<\/a> tillhandah\u00e5ller en komplett <a href=\"https:\/\/charcoalplant.com\/sw\/wood-pallet-blocks-production-line\/\">tr\u00e4pallblockproduktionslinje<\/a>, \u00e4ven kallad s\u00e5gsp\u00e5nsblockproduktionslinje. R\u00e5materialet kan vara varierat, s\u00e5som tr\u00e4, bambu, s\u00e5gsp\u00e5n, hyvling osv. Och den best\u00e5r huvudsakligen av en <a href=\"https:\/\/charcoalplant.com\/sw\/product\/wood-crusher-machine\/\">tr\u00e4f\u00f6r\u00e4dlare<\/a>, <a href=\"https:\/\/charcoalplant.com\/sw\/product\/rice-husk-dryer\/\">s\u00e5gsp\u00e5ns torkmaskin<\/a>, bindblandare, och en tr\u00e4pallblockstillverkningsmaskin. Om du vill starta din blockpallstillverkningverksamhet, tveka inte att kontakta v\u00e5ra experter f\u00f6r professionell v\u00e4gledning. <\/p>","protected":false},"excerpt":{"rendered":"<p>Mashine ya kuzuia pallet ya mbao ni kifaa cha kuzalisha miguu yenye kubeba mzigo. Inaweza kutumika katika tasnia ya ufungaji na vifaa (usafirishaji).<\/p>","protected":false},"author":1,"featured_media":2337,"parent":0,"template":"","tags":[66],"product-type":[43,3],"class_list":["post-2322","product","type-product","status-publish","has-post-thumbnail","hentry","tag-biomass-briquette-machine","product-type-biomass-briquette-machine","product-type-wood-wastes-recycling-machine"],"_links":{"self":[{"href":"https:\/\/charcoalplant.com\/sw\/wp-json\/wp\/v2\/product\/2322","targetHints":{"allow":["GET"]}}],"collection":[{"href":"https:\/\/charcoalplant.com\/sw\/wp-json\/wp\/v2\/product"}],"about":[{"href":"https:\/\/charcoalplant.com\/sw\/wp-json\/wp\/v2\/types\/product"}],"author":[{"embeddable":true,"href":"https:\/\/charcoalplant.com\/sw\/wp-json\/wp\/v2\/users\/1"}],"wp:featuredmedia":[{"embeddable":true,"href":"https:\/\/charcoalplant.com\/sw\/wp-json\/wp\/v2\/media\/2337"}],"wp:attachment":[{"href":"https:\/\/charcoalplant.com\/sw\/wp-json\/wp\/v2\/media?parent=2322"}],"wp:term":[{"taxonomy":"post_tag","embeddable":true,"href":"https:\/\/charcoalplant.com\/sw\/wp-json\/wp\/v2\/tags?post=2322"},{"taxonomy":"product-type","embeddable":true,"href":"https:\/\/charcoalplant.com\/sw\/wp-json\/wp\/v2\/product-type?post=2322"}],"curies":[{"name":"wp","href":"https:\/\/api.w.org\/{rel}","templated":true}]}}