{"id":2505,"date":"2022-02-25T10:09:19","date_gmt":"2022-02-25T10:09:19","guid":{"rendered":"https:\/\/charcoalplant.com\/?page_id=2505"},"modified":"2023-01-07T14:38:58","modified_gmt":"2023-01-07T06:38:58","slug":"wood-pallet-block-production-line","status":"publish","type":"product","link":"https:\/\/charcoalplant.com\/sw\/wood-pallet-block-production-line\/","title":{"rendered":"Wood Pallet Block Line Uzalishaji"},"content":{"rendered":"<div class=\"kk-star-ratings kksr-auto kksr-align-left kksr-valign-top\"     data-payload='{&quot;align&quot;:&quot;left&quot;,&quot;id&quot;:&quot;2505&quot;,&quot;slug&quot;:&quot;default&quot;,&quot;valign&quot;:&quot;top&quot;,&quot;ignore&quot;:&quot;&quot;,&quot;reference&quot;:&quot;auto&quot;,&quot;class&quot;:&quot;&quot;,&quot;count&quot;:&quot;17&quot;,&quot;legendonly&quot;:&quot;&quot;,&quot;readonly&quot;:&quot;&quot;,&quot;score&quot;:&quot;4.7&quot;,&quot;starsonly&quot;:&quot;&quot;,&quot;best&quot;:&quot;5&quot;,&quot;gap&quot;:&quot;5&quot;,&quot;greet&quot;:&quot;Rate this product&quot;,&quot;legend&quot;:&quot;4.7\\\/5 - (17 votes)&quot;,&quot;size&quot;:&quot;24&quot;,&quot;title&quot;:&quot;Wood Pallet Block Production Line&quot;,&quot;width&quot;:&quot;133.8&quot;,&quot;_legend&quot;:&quot;{score}\\\/{best} - ({count} {votes})&quot;,&quot;font_factor&quot;:&quot;1.25&quot;}'>              <div class=\"kksr-stars\">      <div class=\"kksr-stars-inactive\">             <div class=\"kksr-star\" data-star=\"1\" style=\"padding-right: 5px\">               <div class=\"kksr-icon\" style=\"width: 24px; height: 24px;\"><\/div>         <\/div>             <div class=\"kksr-star\" data-star=\"2\" style=\"padding-right: 5px\">               <div class=\"kksr-icon\" style=\"width: 24px; height: 24px;\"><\/div>         <\/div>             <div class=\"kksr-star\" data-star=\"3\" style=\"padding-right: 5px\">               <div class=\"kksr-icon\" style=\"width: 24px; height: 24px;\"><\/div>         <\/div>             <div class=\"kksr-star\" data-star=\"4\" style=\"padding-right: 5px\">               <div class=\"kksr-icon\" style=\"width: 24px; height: 24px;\"><\/div>         <\/div>             <div class=\"kksr-star\" data-star=\"5\" style=\"padding-right: 5px\">               <div class=\"kksr-icon\" style=\"width: 24px; height: 24px;\"><\/div>         <\/div>     <\/div>      <div class=\"kksr-stars-active\" style=\"width: 133.8px;\">             <div class=\"kksr-star\" style=\"padding-right: 5px\">               <div class=\"kksr-icon\" style=\"width: 24px; height: 24px;\"><\/div>         <\/div>             <div class=\"kksr-star\" style=\"padding-right: 5px\">               <div class=\"kksr-icon\" style=\"width: 24px; height: 24px;\"><\/div>         <\/div>             <div class=\"kksr-star\" style=\"padding-right: 5px\">               <div class=\"kksr-icon\" style=\"width: 24px; height: 24px;\"><\/div>         <\/div>             <div class=\"kksr-star\" style=\"padding-right: 5px\">               <div class=\"kksr-icon\" style=\"width: 24px; height: 24px;\"><\/div>         <\/div>             <div class=\"kksr-star\" style=\"padding-right: 5px\">               <div class=\"kksr-icon\" style=\"width: 24px; height: 24px;\"><\/div>         <\/div>     <\/div> <\/div>                   <div class=\"kksr-legend\" style=\"font-size: 19.2px;\">             4.7\/5 - (kura 17)    <\/div>     <\/div>  <p class=\"translation-block\"><strong>Tr\u00e4pallblockproduktionslinje<\/strong> \u00e4r en serie maskiner och utrustning som anv\u00e4nds f\u00f6r att producera tr\u00e4pallblock i stor skala. Produktionslinjen inkluderar vanligtvis en tr\u00e4kross, en tork, en mixer och en tr\u00e4blocktillverkningsmaskin. <strong>Tr\u00e4pallblocktillverkningsmaskin<\/strong> \u00e4r en av de viktigaste utrustningarna i tr\u00e4pallblockproduktionslinjen. R\u00e5materialet f\u00f6r dess produktionslinje \u00e4r fr\u00e4mst avfallstr\u00e4. Faktum \u00e4r att hela produktionslinjen \u00e4r mycket automatiserad. D\u00e4rf\u00f6r kr\u00e4ver hela driften endast 4-5 familjemedlemmar. Det kan ses att pallblockproduktionslinjen \u00e4r ett l\u00f6nsamt projekt. Om du \u00e4r intresserad av detta projekt, v\u00e4nligen kontakta oss.<\/p>    <figure class=\"wp-block-image aligncenter size-full\"><img loading=\"lazy\" decoding=\"async\" width=\"720\" height=\"540\" src=\"https:\/\/charcoalplant.com\/wp-content\/uploads\/2022\/02\/Wood-Pallet-Blocks-Production-Line-1.jpg\" alt=\"mbao godoro block line uzalishaji\" class=\"wp-image-2510\"\/><figcaption class=\"wp-element-caption\">mbao godoro block line uzalishaji<\/figcaption><\/figure>    <h2 class=\"wp-block-heading\" id=\"h-raw-materials-for-sawdust-block-production-line\">Malighafi kwa mstari wa utengenezaji wa vitalu vya mbao<\/h2>    <p>Vitalu vya godoro vya mbao hutengenezwa kwa machujo ya mbao, vinyozi, mbao taka, mianzi taka, godoro za mbao taka, na vifaa vingine kama malighafi. Kwa hiyo, mstari wa uzalishaji wa vitalu vya pallet ya mbao ina sifa ya uwekezaji mdogo. Ni mnato tu kati ya molekuli za malighafi zenye nguvu zaidi. Vitalu vya vumbi vya mbao vinaweza kuchukua jukumu nzuri la kubeba mzigo. Kwa hiyo, malighafi inahitaji kuchanganywa na gundi kwa uwiano fulani.<\/p>    <figure class=\"wp-block-gallery has-nested-images columns-default is-cropped wp-block-gallery-2 is-layout-flex wp-block-gallery-is-layout-flex\"> <figure class=\"wp-block-image size-large\"><img loading=\"lazy\" decoding=\"async\" width=\"720\" height=\"540\" data-id=\"2528\" src=\"https:\/\/charcoalplant.com\/wp-content\/uploads\/2022\/02\/sawdust-3.jpg\" alt=\"vumbi la mbao\" class=\"wp-image-2528\"\/><figcaption class=\"wp-element-caption\">vumbi la mbao<\/figcaption><\/figure>    <figure class=\"wp-block-image size-large\"><img loading=\"lazy\" decoding=\"async\" width=\"720\" height=\"540\" data-id=\"2529\" src=\"https:\/\/charcoalplant.com\/wp-content\/uploads\/2022\/02\/wood-shavings-1.jpg\" alt=\"mbao-shavings\" class=\"wp-image-2529\"\/><figcaption class=\"wp-element-caption\">mbao-shavings<\/figcaption><\/figure> <\/figure>    <h2 class=\"wp-block-heading\">Muundo wa mstari wa uzalishaji wa pallet ya mbao<\/h2>    <p><br>Laini ya uzalishaji wa matofali ya mbao inajumuisha kiponda mbao, kikaushia machujo ya mbao, kichanganya gundi, mashine ya kutengeneza vizuizi vya mbao na mashine ya kukata otomatiki. (Kwa kumbukumbu tu, muundo maalum unahitaji kuamua kulingana na malighafi). Hapo chini nitaanzisha vifaa hivi moja baada ya nyingine.<\/p>    <div class=\"wp-block-columns has-background is-layout-flex wp-container-core-columns-is-layout-28f84493 wp-block-columns-is-layout-flex\" style=\"background-color:#f1f1f1\"> <div class=\"wp-block-column is-vertically-aligned-center is-layout-flow wp-block-column-is-layout-flow\" style=\"flex-basis:33.33%\"> <p class=\"translation-block\"><strong>Tr\u00e4kross<\/strong><\/p>    <p class=\"translation-block\">Om kundens r\u00e5material \u00e4r blocktr\u00e4d, m\u00e5ste du anv\u00e4nda en <strong><a href=\"https:\/\/charcoalplant.com\/sw\/wood-wastes-recycling-machine\/wood-crusher-machine\/\">tr\u00e4pulverisator<\/a><\/strong> eller <strong>tr\u00e4sp\u00e5ns-maskin<\/strong> f\u00f6r att pulverisera r\u00e5materialet till 6-8 mm. Eftersom denna storlek p\u00e5 tr\u00e4partiklar \u00e4r l\u00e4tt att forma. Eller anv\u00e4nd direkt sp\u00e5n eller sp\u00e5nor som uppfyller storleken p\u00e5 r\u00e5materialen.<\/p> <\/div>    <div class=\"wp-block-column is-layout-flow wp-block-column-is-layout-flow\" style=\"flex-basis:66.66%\"> <figure class=\"wp-block-gallery has-nested-images columns-default is-cropped wp-block-gallery-3 is-layout-flex wp-block-gallery-is-layout-flex\"> <figure class=\"wp-block-image size-large\"><img loading=\"lazy\" decoding=\"async\" width=\"720\" height=\"540\" data-id=\"1898\" src=\"https:\/\/charcoalplant.com\/wp-content\/uploads\/2022\/01\/electric-wood-crushing-machine-for-sale.jpg\" alt=\"mashine ya kusaga-mbao-ya-umeme-inauzwa\" class=\"wp-image-1898\" srcset=\"https:\/\/charcoalplant.com\/wp-content\/uploads\/2022\/01\/electric-wood-crushing-machine-for-sale.jpg 720w, https:\/\/charcoalplant.com\/wp-content\/uploads\/2022\/01\/electric-wood-crushing-machine-for-sale-300x225.jpg 300w\" sizes=\"auto, (max-width: 720px) 100vw, 720px\" \/><figcaption class=\"wp-element-caption\">mashine ya kusaga-mbao-ya-umeme-inauzwa<\/figcaption><\/figure> <\/figure> <\/div> <\/div>    <div class=\"wp-block-columns has-background is-layout-flex wp-container-core-columns-is-layout-28f84493 wp-block-columns-is-layout-flex\" style=\"background-color:#f1f1f1\"> <div class=\"wp-block-column is-layout-flow wp-block-column-is-layout-flow\" style=\"flex-basis:66.66%\"> <figure class=\"wp-block-gallery has-nested-images columns-default is-cropped wp-block-gallery-4 is-layout-flex wp-block-gallery-is-layout-flex\"> <figure class=\"wp-block-image size-large\"><img loading=\"lazy\" decoding=\"async\" width=\"720\" height=\"540\" data-id=\"968\" src=\"https:\/\/charcoalplant.com\/wp-content\/uploads\/2021\/11\/Roller-1.jpg\" alt=\"Rola\" class=\"wp-image-968\" srcset=\"https:\/\/charcoalplant.com\/wp-content\/uploads\/2021\/11\/Roller-1.jpg 720w, https:\/\/charcoalplant.com\/wp-content\/uploads\/2021\/11\/Roller-1-300x225.jpg 300w\" sizes=\"auto, (max-width: 720px) 100vw, 720px\" \/><figcaption class=\"wp-element-caption\">Rola<\/figcaption><\/figure> <\/figure> <\/div>    <div class=\"wp-block-column is-vertically-aligned-center is-layout-flow wp-block-column-is-layout-flow\" style=\"flex-basis:33.33%\"> <p class=\"translation-block\"><strong>Sp\u00e5ntork<\/strong><\/p>    <p class=\"translation-block\">Fukthalten av sp\u00e5n eller tr\u00e4sp\u00e5nor b\u00f6r h\u00e5llas under 12%. D\u00e4rf\u00f6r, om fuktinneh\u00e5llet i r\u00e5materialet \u00e4r h\u00f6gre \u00e4n 12%, beh\u00f6ver kunden anv\u00e4nda <strong><a href=\"https:\/\/charcoalplant.com\/sw\/drying-machine\/rice-husk-dryer\/\">sp\u00e5ntork<\/a><\/strong> f\u00f6r att torka r\u00e5materialet. (Antalet torkare best\u00e4ms enligt fukthalten av r\u00e5materialen och kan \u00f6kas l\u00e4mpligt)<\/p> <\/div> <\/div>    <div class=\"wp-block-columns has-background is-layout-flex wp-container-core-columns-is-layout-28f84493 wp-block-columns-is-layout-flex\" style=\"background-color:#f1f1f1\"> <div class=\"wp-block-column is-vertically-aligned-center is-layout-flow wp-block-column-is-layout-flow\" style=\"flex-basis:33.33%\"> <p class=\"translation-block\"><strong>Limblandare<\/strong><\/p>    <p>Weka malighafi kwenye mashine ya kuchanganya gundi na kuendelea kuchochea na sehemu fulani ya gundi kupitia vifaa. Baada ya dakika 15-20, kuchanganya kukamilika na nyenzo hutolewa kutoka chini ya mchanganyiko wa gundi.<\/p> <\/div>    <div class=\"wp-block-column is-layout-flow wp-block-column-is-layout-flow\" style=\"flex-basis:66.66%\"> <figure class=\"wp-block-gallery has-nested-images columns-default is-cropped wp-block-gallery-5 is-layout-flex wp-block-gallery-is-layout-flex\"> <figure class=\"wp-block-image size-full\"><img loading=\"lazy\" decoding=\"async\" width=\"720\" height=\"540\" data-id=\"2349\" src=\"https:\/\/charcoalplant.com\/wp-content\/uploads\/2022\/02\/glue-mixer-1.jpg\" alt=\"mchanganyiko wa gundi\" class=\"wp-image-2349\"\/><figcaption class=\"wp-element-caption\">mchanganyiko wa gundi<\/figcaption><\/figure> <\/figure> <\/div> <\/div>    <div class=\"wp-block-columns has-background is-layout-flex wp-container-core-columns-is-layout-28f84493 wp-block-columns-is-layout-flex\" style=\"background-color:#f1f1f1\"> <div class=\"wp-block-column is-layout-flow wp-block-column-is-layout-flow\" style=\"flex-basis:66.66%\"> <figure class=\"wp-block-gallery has-nested-images columns-default is-cropped wp-block-gallery-6 is-layout-flex wp-block-gallery-is-layout-flex\"> <figure class=\"wp-block-image size-large\"><img loading=\"lazy\" decoding=\"async\" width=\"720\" height=\"540\" data-id=\"2325\" src=\"https:\/\/charcoalplant.com\/wp-content\/uploads\/2022\/02\/wood-block-machine-plant.jpg\" alt=\"kuni-block-mashine-mmea\" class=\"wp-image-2325\"\/><figcaption class=\"wp-element-caption\">kuni-block-mashine-mmea<\/figcaption><\/figure> <\/figure> <\/div>    <div class=\"wp-block-column is-vertically-aligned-center is-layout-flow wp-block-column-is-layout-flow\" style=\"flex-basis:33.33%\"> <p><strong><a href=\"https:\/\/charcoalplant.com\/sw\/product\/wood-pallet-block-making-machine\/\">Mashine ya kutengeneza mbao<\/a><\/strong><\/p>    <p>Malighafi iliyochakatwa hushinikizwa kwa moto na mashine ya kuzuia mbao ili kuunda vitalu vya godoro vya mbao. Kwa ujumla, mstari wa uzalishaji una vyombo vya habari vinne vya joto. Kwa hivyo, wateja wanaweza kuchagua mashine nyingi za kutengeneza vitalu vya mbao kwenye mstari wa uzalishaji.<\/p> <\/div> <\/div>    <h2 class=\"wp-block-heading\">Aina za mashine ya kukata block iliyoshinikizwa<\/h2>    <p class=\"translation-block\"><strong>tr\u00e4pallblock f\u00f6r s\u00e5g med enkelblad<\/strong><br>Denna typ av s\u00e5g placeras vanligtvis vid utloppsporten f\u00f6r sp\u00e5nbearbetningsmaskinen. Och den har \u00e4ven manuell och automatisk drift. Dess huvudfunktion \u00e4r att sk\u00e4ra de extruderade sp\u00e5nblocken i enhetliga l\u00e4ngder f\u00f6r f\u00f6rs\u00e4ljning eller stapling. Dessutom kan v\u00e5r fabrik utrusta kunder med olika sp\u00e5nbearbetningsmaskiner.<\/p>    <figure class=\"wp-block-gallery has-nested-images columns-default is-cropped wp-block-gallery-7 is-layout-flex wp-block-gallery-is-layout-flex\"> <figure class=\"wp-block-image size-large\"><img loading=\"lazy\" decoding=\"async\" width=\"720\" height=\"540\" data-id=\"2520\" src=\"https:\/\/charcoalplant.com\/wp-content\/uploads\/2022\/02\/sigle-blade-saw-1.jpg\" alt=\"sigle-blade-saw\" class=\"wp-image-2520\"\/><figcaption class=\"wp-element-caption\">sigle-blade-saw<\/figcaption><\/figure>    <figure class=\"wp-block-image size-large\"><img loading=\"lazy\" decoding=\"async\" width=\"720\" height=\"540\" data-id=\"2519\" src=\"https:\/\/charcoalplant.com\/wp-content\/uploads\/2022\/02\/wood-block-production-line.jpg\" alt=\"kuni-block-production-line\" class=\"wp-image-2519\"\/><figcaption class=\"wp-element-caption\">kuni-block-production-line<\/figcaption><\/figure> <\/figure>    <p class=\"translation-block\"><strong>tr\u00e4pallblock<\/strong> <strong>f\u00f6r automatisk<\/strong> <strong>multiblads<\/strong> <strong>s\u00e5g<\/strong><\/p>    <p>Mkataji wa kuzuia godoro ya mbao (mfano wa blade nyingi), inaweza kutumika kwa kukata vitalu vya pallet ya chembe, kuni ngumu, mbao za safu nyingi, plywood. Mashine ina faida za vumbi kidogo, operesheni thabiti, ufanisi wa juu, na operesheni rahisi. Kwa hiyo, ni vifaa vya usindikaji vya lazima kwa mstari wa uzalishaji wa pallet ya mbao.<\/p>    <figure class=\"wp-block-gallery has-nested-images columns-default is-cropped wp-block-gallery-8 is-layout-flex wp-block-gallery-is-layout-flex\"> <figure class=\"wp-block-image size-large\"><img loading=\"lazy\" decoding=\"async\" width=\"720\" height=\"540\" data-id=\"2521\" src=\"https:\/\/charcoalplant.com\/wp-content\/uploads\/2022\/02\/multi-blade-saw.jpg\" alt=\"blade-saw\" class=\"wp-image-2521\"\/><figcaption class=\"wp-element-caption\">blade-saw<\/figcaption><\/figure>    <figure class=\"wp-block-image size-large\"><img loading=\"lazy\" decoding=\"async\" width=\"720\" height=\"540\" data-id=\"2522\" src=\"https:\/\/charcoalplant.com\/wp-content\/uploads\/2022\/02\/wood-pallet-block-.jpg\" alt=\"mbao-pallet-block\" class=\"wp-image-2522\"\/><figcaption class=\"wp-element-caption\">mbao-pallet-block<\/figcaption><\/figure> <\/figure>    <h2 class=\"wp-block-heading\">Mstari wa uzalishaji wa godoro la mbao unauzwa<\/h2>    <p class=\"translation-block\"><a href=\"https:\/\/charcoalplant.com\/sw\/\">Shuliy Machinery<\/a> proporciona a los clientes soluciones de l\u00ednea de producci\u00f3n de bloques de palets de madera. Adem\u00e1s, soy una m\u00e1quina directa de f\u00e1brica. Por lo tanto, ofrecemos un servicio de repuestos de por vida. Adem\u00e1s de la producci\u00f3n de m\u00e1quinas de bloques de madera, tambi\u00e9n fabricamos diversos equipos de procesamiento de madera. En resumen, tenga la seguridad de que nuestro personal se encargar\u00e1 del env\u00edo e instalaci\u00f3n. Bienvenido a contactarnos para m\u00e1s detalles.<\/p>    <figure class=\"wp-block-gallery has-nested-images columns-2 is-cropped wp-block-gallery-9 is-layout-flex wp-block-gallery-is-layout-flex\"> <figure class=\"wp-block-image size-large\"><img loading=\"lazy\" decoding=\"async\" width=\"720\" height=\"540\" data-id=\"2525\" src=\"https:\/\/charcoalplant.com\/wp-content\/uploads\/2022\/02\/saw.jpg\" alt=\"saw\" class=\"wp-image-2525\"\/><figcaption class=\"wp-element-caption\">saw<\/figcaption><\/figure>    <figure class=\"wp-block-image size-large\"><img loading=\"lazy\" decoding=\"async\" width=\"720\" height=\"540\" data-id=\"2524\" src=\"https:\/\/charcoalplant.com\/wp-content\/uploads\/2022\/02\/shippment-4.jpg\" alt=\"usafirishaji\" class=\"wp-image-2524\"\/><figcaption class=\"wp-element-caption\">usafirishaji<\/figcaption><\/figure>    <figure class=\"wp-block-image size-large\"><img loading=\"lazy\" decoding=\"async\" width=\"720\" height=\"540\" data-id=\"2526\" src=\"https:\/\/charcoalplant.com\/wp-content\/uploads\/2022\/02\/wood-pallet-blocks-production-line-show.jpg\" alt=\"kuni godoro block line uzalishaji line show\" class=\"wp-image-2526\"\/><figcaption class=\"wp-element-caption\">kuni godoro block line uzalishaji line show<\/figcaption><\/figure>    <figure class=\"wp-block-image size-large\"><img loading=\"lazy\" decoding=\"async\" width=\"720\" height=\"540\" data-id=\"2527\" src=\"https:\/\/charcoalplant.com\/wp-content\/uploads\/2022\/02\/wood-pallet-blocks-plant-shipping.jpg\" alt=\"mbao pallet block kupanda meli\" class=\"wp-image-2527\"\/><figcaption class=\"wp-element-caption\">mbao pallet block kupanda meli<\/figcaption><\/figure> <\/figure>    <h2 class=\"wp-block-heading\">Maonyesho ya kuzuia vumbi<\/h2>    <figure class=\"wp-block-image aligncenter size-full\"><img loading=\"lazy\" decoding=\"async\" width=\"720\" height=\"540\" src=\"https:\/\/charcoalplant.com\/wp-content\/uploads\/2022\/02\/sawdust-pallet-block.jpg\" alt=\"machujo ya mbao-pallet-block\" class=\"wp-image-2531\"\/><figcaption class=\"wp-element-caption\">machujo ya mbao-pallet-block<\/figcaption><\/figure>    <h2 class=\"wp-block-heading\">Hitimisho <\/h2>    <p>Mstari wa uzalishaji wa pallet ya mbao ni otomatiki ili kuhakikisha mchakato thabiti na mzuri wa uzalishaji. Bidhaa ya mwisho ya mstari wa kutengeneza vitalu vya mbao ni vitalu vya pallet vya mbao ambavyo viko tayari kutumika katika tasnia mbalimbali. Tunatoa mashine bora za kuzuia mbao na mwongozo ili kukidhi mahitaji yako. Karibu wasiliana nasi kwa bei nzuri.<\/p>","protected":false},"excerpt":{"rendered":"<p>Wood pallet block production line is a series of machines and equipment that are used to produce wooden pallet blocks on a large scale. The production line typically includes a wood crusher, a dryer, a mixer, and a wood block making machine. Wood pallet block making machine is one of the key pieces of equipment [&hellip;]<\/p>\n","protected":false},"author":1,"featured_media":2508,"parent":0,"template":"","tags":[64],"product-type":[53],"class_list":["post-2505","product","type-product","status-publish","has-post-thumbnail","hentry","tag-wood-wastes-recycling-machine","product-type-product-line"],"_links":{"self":[{"href":"https:\/\/charcoalplant.com\/sw\/wp-json\/wp\/v2\/product\/2505","targetHints":{"allow":["GET"]}}],"collection":[{"href":"https:\/\/charcoalplant.com\/sw\/wp-json\/wp\/v2\/product"}],"about":[{"href":"https:\/\/charcoalplant.com\/sw\/wp-json\/wp\/v2\/types\/product"}],"author":[{"embeddable":true,"href":"https:\/\/charcoalplant.com\/sw\/wp-json\/wp\/v2\/users\/1"}],"wp:featuredmedia":[{"embeddable":true,"href":"https:\/\/charcoalplant.com\/sw\/wp-json\/wp\/v2\/media\/2508"}],"wp:attachment":[{"href":"https:\/\/charcoalplant.com\/sw\/wp-json\/wp\/v2\/media?parent=2505"}],"wp:term":[{"taxonomy":"post_tag","embeddable":true,"href":"https:\/\/charcoalplant.com\/sw\/wp-json\/wp\/v2\/tags?post=2505"},{"taxonomy":"product-type","embeddable":true,"href":"https:\/\/charcoalplant.com\/sw\/wp-json\/wp\/v2\/product-type?post=2505"}],"curies":[{"name":"wp","href":"https:\/\/api.w.org\/{rel}","templated":true}]}}