{"id":2947,"date":"2022-03-21T10:40:58","date_gmt":"2022-03-21T10:40:58","guid":{"rendered":"https:\/\/charcoalplant.com\/?post_type=product&#038;p=2947"},"modified":"2023-01-16T15:21:47","modified_gmt":"2023-01-16T07:21:47","slug":"dry-lime-powder-briquetting-machine","status":"publish","type":"product","link":"https:\/\/charcoalplant.com\/sw\/product\/dry-lime-powder-briquetting-machine-iron-dust-ball-for-smelting-plant\/","title":{"rendered":"Mashine ya Kukausha Poda ya Chokaa | Mpira wa Vumbi la Chuma kwa Kiwanda cha Kuyeyusha"},"content":{"rendered":"<div class=\"kk-star-ratings kksr-auto kksr-align-left kksr-valign-top\"     data-payload='{&quot;align&quot;:&quot;left&quot;,&quot;id&quot;:&quot;2947&quot;,&quot;slug&quot;:&quot;default&quot;,&quot;valign&quot;:&quot;top&quot;,&quot;ignore&quot;:&quot;&quot;,&quot;reference&quot;:&quot;auto&quot;,&quot;class&quot;:&quot;&quot;,&quot;count&quot;:&quot;5&quot;,&quot;legendonly&quot;:&quot;&quot;,&quot;readonly&quot;:&quot;&quot;,&quot;score&quot;:&quot;4.8&quot;,&quot;starsonly&quot;:&quot;&quot;,&quot;best&quot;:&quot;5&quot;,&quot;gap&quot;:&quot;5&quot;,&quot;greet&quot;:&quot;Rate this product&quot;,&quot;legend&quot;:&quot;4.8\\\/5 - (5 votes)&quot;,&quot;size&quot;:&quot;24&quot;,&quot;title&quot;:&quot;Dry Lime Powder Briquetting Machine | Iron Dust Ball for Smelting Plant&quot;,&quot;width&quot;:&quot;136.7&quot;,&quot;_legend&quot;:&quot;{score}\\\/{best} - ({count} {votes})&quot;,&quot;font_factor&quot;:&quot;1.25&quot;}'>              <div class=\"kksr-stars\">      <div class=\"kksr-stars-inactive\">             <div class=\"kksr-star\" data-star=\"1\" style=\"padding-right: 5px\">               <div class=\"kksr-icon\" style=\"width: 24px; height: 24px;\"><\/div>         <\/div>             <div class=\"kksr-star\" data-star=\"2\" style=\"padding-right: 5px\">               <div class=\"kksr-icon\" style=\"width: 24px; height: 24px;\"><\/div>         <\/div>             <div class=\"kksr-star\" data-star=\"3\" style=\"padding-right: 5px\">               <div class=\"kksr-icon\" style=\"width: 24px; height: 24px;\"><\/div>         <\/div>             <div class=\"kksr-star\" data-star=\"4\" style=\"padding-right: 5px\">               <div class=\"kksr-icon\" style=\"width: 24px; height: 24px;\"><\/div>         <\/div>             <div class=\"kksr-star\" data-star=\"5\" style=\"padding-right: 5px\">               <div class=\"kksr-icon\" style=\"width: 24px; height: 24px;\"><\/div>         <\/div>     <\/div>      <div class=\"kksr-stars-active\" style=\"width: 136.7px;\">             <div class=\"kksr-star\" style=\"padding-right: 5px\">               <div class=\"kksr-icon\" style=\"width: 24px; height: 24px;\"><\/div>         <\/div>             <div class=\"kksr-star\" style=\"padding-right: 5px\">               <div class=\"kksr-icon\" style=\"width: 24px; height: 24px;\"><\/div>         <\/div>             <div class=\"kksr-star\" style=\"padding-right: 5px\">               <div class=\"kksr-icon\" style=\"width: 24px; height: 24px;\"><\/div>         <\/div>             <div class=\"kksr-star\" style=\"padding-right: 5px\">               <div class=\"kksr-icon\" style=\"width: 24px; height: 24px;\"><\/div>         <\/div>             <div class=\"kksr-star\" style=\"padding-right: 5px\">               <div class=\"kksr-icon\" style=\"width: 24px; height: 24px;\"><\/div>         <\/div>     <\/div> <\/div>                   <div class=\"kksr-legend\" style=\"font-size: 19.2px;\">             4.8\/5 - (kura 5)    <\/div>     <\/div>  <p class=\"translation-block\"><strong>Dry powder briquetting machine<\/strong> kan komprimera granul\u00e4rt pulvermaterial till tjockbrickor i olika former. Till exempel cylindriska, ovala, sf\u00e4riska, fyrkantiga etc. Och det skiljer sig fr\u00e5n <strong><a href=\"https:\/\/charcoalplant.com\/sw\/product\/charcoal-ball-press-machine\/\">vanlig kolpulverformningsmaskin<\/a><\/strong> i att den har egenskaperna h\u00f6g tryck och en bra formningseffekt. D\u00e4rf\u00f6r anv\u00e4nds den huvudsakligen f\u00f6r pressning av pulvriska material som \u00e4r sv\u00e5ra att forma. S\u00e5som koalpulver; mineralpulver; avsvavlingsgips; kokspulver; j\u00e4rnfils och olika metallslagformning. Dessutom kan anv\u00e4ndningen av torr kalkpulver briquetteringmaskiner minska industriell damm, kontrollera bulkdensitet och underl\u00e4tta \u00e5tervinning och transport. Vi specialiserar oss p\u00e5 tillverkning av alla slags \u00e5tervinningsutrustningar. Om du \u00e4r intresserad, v\u00e4nligen kontakta oss nu.<\/p>    <figure class=\"wp-block-image aligncenter size-full\"><img loading=\"lazy\" decoding=\"async\" width=\"720\" height=\"540\" src=\"https:\/\/charcoalplant.com\/wp-content\/uploads\/2022\/03\/dry-powder-briquettebriquetting-machine-for-sale.jpg\" alt=\"poda kavu briquettebriquetting mashine kwa ajili ya kuuza\" class=\"wp-image-2949\"\/><figcaption class=\"wp-element-caption\">mashine ya briquette ya poda kavu inauzwa<\/figcaption><\/figure>    <h2 class=\"wp-block-heading\" id=\"h-raw-materials-for-dry-lime-powder-briquetting-machine\"><strong>Malighafi kwa kavu<\/strong><strong>\u00a0chokaa<\/strong><strong>\u00a0mashine ya briquette ya unga<\/strong><\/h2>    <p>Vyanzo vya malighafi vinavyoweza kusindika na mashine ya kutengeneza unga wa chuma ni pamoja na mabaki ya taka za tovuti ya ujenzi, mabaki ya taka za kuyeyusha, taka za mimea ya kemikali, n.k. Kwa mfano, poda ya makaa ya mawe, poda ya alumini, gangue ya makaa ya mawe, mikia, unga wa coke, oksidi ya chuma. , chipsi za magnesiamu, poda ya chokaa haraka, tope, grafiti, mbolea, nk.<\/p>    <figure class=\"wp-block-image aligncenter size-full is-resized\"><img loading=\"lazy\" decoding=\"async\" src=\"https:\/\/charcoalplant.com\/wp-content\/uploads\/2022\/03\/dry-lime-powder-briquetting-machine-raw-material-1.png\" alt=\"chokaa kavu poda briquetting mashine malighafi\" class=\"wp-image-2951\" width=\"658\" height=\"493\"\/><figcaption class=\"wp-element-caption\">chokaa kavu poda briquetting mashine malighafi<\/figcaption><\/figure>    <h2 class=\"wp-block-heading\" id=\"h-structure-of-iron-dust-ball-press\"><strong>S<\/strong><strong>muundo wa chuma <\/strong><strong>vumbi<\/strong><strong>&nbsp;vyombo vya habari vya mpira<\/strong><strong><\/strong><\/h2>    <div class=\"wp-block-columns has-background is-layout-flex wp-container-core-columns-is-layout-28f84493 wp-block-columns-is-layout-flex\" style=\"background-color:#f1f1f1\"> <div class=\"wp-block-column is-vertically-aligned-center is-layout-flow wp-block-column-is-layout-flow\" style=\"flex-basis:33.33%\"> <p class=\"translation-block\"><strong>Forced feed port<\/strong><\/p>    <p>Bandari ya kulisha ya mashine ya ukingo wa poda kavu ina kifaa cha kulisha screw. Kutokana na mvuto mdogo maalum wa malighafi ya poda. Kwa hiyo, kuchochea inahitajika ili kuzuia kufungwa kwa vifaa au kulisha kutofautiana.<\/p> <\/div>    <div class=\"wp-block-column is-layout-flow wp-block-column-is-layout-flow\" style=\"flex-basis:66.66%\"> <figure class=\"wp-block-image size-full\"><img loading=\"lazy\" decoding=\"async\" width=\"720\" height=\"540\" src=\"https:\/\/charcoalplant.com\/wp-content\/uploads\/2022\/03\/sew-feeding.jpg\" alt=\"\" class=\"wp-image-2959\"\/><\/figure> <\/div> <\/div>    <div class=\"wp-block-columns has-background is-layout-flex wp-container-core-columns-is-layout-28f84493 wp-block-columns-is-layout-flex\" style=\"background-color:#f1f1f1\"> <div class=\"wp-block-column is-layout-flow wp-block-column-is-layout-flow\" style=\"flex-basis:66.66%\"> <figure class=\"wp-block-image size-full\"><img loading=\"lazy\" decoding=\"async\" width=\"720\" height=\"540\" src=\"https:\/\/charcoalplant.com\/wp-content\/uploads\/2022\/03\/mould.jpg\" alt=\"\" class=\"wp-image-2960\"\/><\/figure> <\/div>    <div class=\"wp-block-column is-vertically-aligned-center is-layout-flow wp-block-column-is-layout-flow\" style=\"flex-basis:33.33%\"> <p class=\"translation-block\"><strong>Tryck-roll<\/strong><\/p>    <p>Mashine ya briquetting ya poda kavu ina rollers nyembamba na eneo ndogo la kuwasiliana. Kwa hiyo, shinikizo juu ya chokaa na unga wa chuma, nk ni kujilimbikizia zaidi na shinikizo ni kubwa zaidi.<\/p> <\/div> <\/div>    <div class=\"wp-block-columns has-background is-layout-flex wp-container-core-columns-is-layout-28f84493 wp-block-columns-is-layout-flex\" style=\"background-color:#f1f1f1\"> <div class=\"wp-block-column is-vertically-aligned-center is-layout-flow wp-block-column-is-layout-flow\" style=\"flex-basis:33.33%\"> <p class=\"translation-block\"><strong>Hydraulic pressure device<\/strong><\/p>    <p>Kazi yake ni kudhibiti pengo kati ya rollers. Kwa kweli, pia hufanya kazi kwa njia isiyo ya moja kwa moja kama shinikizo.<\/p> <\/div>    <div class=\"wp-block-column is-layout-flow wp-block-column-is-layout-flow\" style=\"flex-basis:66.66%\"> <figure class=\"wp-block-gallery has-nested-images columns-default is-cropped wp-block-gallery-2 is-layout-flex wp-block-gallery-is-layout-flex\"> <figure class=\"wp-block-image size-large\"><img loading=\"lazy\" decoding=\"async\" width=\"720\" height=\"540\" data-id=\"2961\" src=\"https:\/\/charcoalplant.com\/wp-content\/uploads\/2022\/03\/hydraulic.jpg\" alt=\"\" class=\"wp-image-2961\"\/><\/figure> <\/figure> <\/div> <\/div>    <h2 class=\"wp-block-heading\" id=\"h-dry-powder-lime-briquetting-machine-mould\"><strong>poda kavu chokaa briquetting mashine mold<\/strong><strong><\/strong><\/h2>    <p>Ili kukidhi mahitaji ya wateja, kiwanda chetu hutoa huduma maalum kwa molds za vyombo vya habari vya mpira. Ikiwa ni pamoja na ukubwa, sura, muundo, maandishi, nk ya ngozi ya roller.\u00a0Kuna aina mbalimbali za ngozi za roller zilizoonyeshwa hapa chini (kwa kumbukumbu).<\/p>    <figure class=\"wp-block-gallery has-nested-images columns-2 is-cropped wp-block-gallery-3 is-layout-flex wp-block-gallery-is-layout-flex\"> <figure class=\"wp-block-image size-large\"><img loading=\"lazy\" decoding=\"async\" width=\"720\" height=\"540\" data-id=\"2964\" src=\"https:\/\/charcoalplant.com\/wp-content\/uploads\/2022\/03\/cylindrical.jpg\" alt=\"silinda\" class=\"wp-image-2964\"\/><figcaption class=\"wp-element-caption\">silinda<\/figcaption><\/figure>    <figure class=\"wp-block-image size-large\"><img loading=\"lazy\" decoding=\"async\" width=\"720\" height=\"540\" data-id=\"2965\" src=\"https:\/\/charcoalplant.com\/wp-content\/uploads\/2022\/03\/iron-powder-mold.jpg\" alt=\"chuma-poda-mold\" class=\"wp-image-2965\"\/><figcaption class=\"wp-element-caption\">chuma-poda-mold<\/figcaption><\/figure>    <figure class=\"wp-block-image size-large\"><img loading=\"lazy\" decoding=\"async\" width=\"720\" height=\"540\" data-id=\"2962\" src=\"https:\/\/charcoalplant.com\/wp-content\/uploads\/2022\/03\/mold-with-a-diameter-of-6cm.jpg\" alt=\"ukungu-wenye-kipenyo-cha-6cm\" class=\"wp-image-2962\"\/><figcaption class=\"wp-element-caption\">ukungu-wenye-kipenyo-cha-6cm<\/figcaption><\/figure>    <figure class=\"wp-block-image size-large\"><img loading=\"lazy\" decoding=\"async\" width=\"720\" height=\"540\" data-id=\"2963\" src=\"https:\/\/charcoalplant.com\/wp-content\/uploads\/2022\/03\/pillow-shape.jpg\" alt=\"mto-umbo\" class=\"wp-image-2963\"\/><figcaption class=\"wp-element-caption\">mto-umbo<\/figcaption><\/figure> <\/figure>    <h2 class=\"wp-block-heading\" id=\"h-iron-dust-ball-for-smelting-plant\"><strong>Mpira wa vumbi wa chuma kwa mmea wa kuyeyusha<\/strong><\/h2>    <p>Mashine ya briquetting ya unga wa chuma ni mashine yenye madhumuni mengi. Hivyo inaweza kurejesha poda mbalimbali za chuma. Mipira ya poda ya akili inaweza kuyeyushwa ili kutengeneza sehemu za mitambo au rafu tena. Viyeyusho pia mara nyingi husafisha slag ya taka ya viwandani kwa kuchakata tena. Kwa njia hii, rasilimali za chuma ambazo dunia inaweza kuokoa kila mwaka haziwezi kupimika.<\/p>    <figure class=\"wp-block-gallery has-nested-images columns-default is-cropped wp-block-gallery-4 is-layout-flex wp-block-gallery-is-layout-flex\"> <figure class=\"wp-block-image size-large\"><img loading=\"lazy\" decoding=\"async\" width=\"720\" height=\"540\" data-id=\"2972\" src=\"https:\/\/charcoalplant.com\/wp-content\/uploads\/2022\/03\/iron-ball-melting.jpg\" alt=\"\" class=\"wp-image-2972\"\/><\/figure>    <figure class=\"wp-block-image size-large\"><img loading=\"lazy\" decoding=\"async\" width=\"720\" height=\"540\" data-id=\"2971\" src=\"https:\/\/charcoalplant.com\/wp-content\/uploads\/2022\/03\/Foundry.jpg\" alt=\"\" class=\"wp-image-2971\"\/><\/figure> <\/figure>    <h2 class=\"wp-block-heading\">Kiwanda chetu<\/h2>    <figure class=\"wp-block-image aligncenter size-full\"><img loading=\"lazy\" decoding=\"async\" width=\"691\" height=\"482\" src=\"https:\/\/charcoalplant.com\/wp-content\/uploads\/2022\/03\/machine-show-1.png\" alt=\"\" class=\"wp-image-2970\"\/><\/figure>    <figure class=\"wp-block-gallery has-nested-images columns-default is-cropped wp-block-gallery-5 is-layout-flex wp-block-gallery-is-layout-flex\"> <figure class=\"wp-block-image size-full\"><img loading=\"lazy\" decoding=\"async\" width=\"720\" height=\"540\" data-id=\"2969\" src=\"https:\/\/charcoalplant.com\/wp-content\/uploads\/2022\/03\/dryer-powder-machine-plant-2.jpg\" alt=\"\" class=\"wp-image-2969\"\/><\/figure>    <figure class=\"wp-block-image size-large\"><img loading=\"lazy\" decoding=\"async\" width=\"720\" height=\"540\" data-id=\"2967\" src=\"https:\/\/charcoalplant.com\/wp-content\/uploads\/2022\/03\/iron-dust-molding-machine-for-sale.jpg\" alt=\"\" class=\"wp-image-2967\"\/><\/figure> <\/figure>","protected":false},"excerpt":{"rendered":"<p>Mashine ya kuunganisha poda kavu inaweza kukandamiza nyenzo za poda ya punjepunje kwenye briketi za maumbo tofauti. <\/p>","protected":false},"author":1,"featured_media":2949,"parent":0,"template":"","tags":[59],"product-type":[44],"class_list":["post-2947","product","type-product","status-publish","has-post-thumbnail","hentry","tag-charcoal-briquetting-machine","product-type-charcoal-briquetting-machine"],"_links":{"self":[{"href":"https:\/\/charcoalplant.com\/sw\/wp-json\/wp\/v2\/product\/2947","targetHints":{"allow":["GET"]}}],"collection":[{"href":"https:\/\/charcoalplant.com\/sw\/wp-json\/wp\/v2\/product"}],"about":[{"href":"https:\/\/charcoalplant.com\/sw\/wp-json\/wp\/v2\/types\/product"}],"author":[{"embeddable":true,"href":"https:\/\/charcoalplant.com\/sw\/wp-json\/wp\/v2\/users\/1"}],"wp:featuredmedia":[{"embeddable":true,"href":"https:\/\/charcoalplant.com\/sw\/wp-json\/wp\/v2\/media\/2949"}],"wp:attachment":[{"href":"https:\/\/charcoalplant.com\/sw\/wp-json\/wp\/v2\/media?parent=2947"}],"wp:term":[{"taxonomy":"post_tag","embeddable":true,"href":"https:\/\/charcoalplant.com\/sw\/wp-json\/wp\/v2\/tags?post=2947"},{"taxonomy":"product-type","embeddable":true,"href":"https:\/\/charcoalplant.com\/sw\/wp-json\/wp\/v2\/product-type?post=2947"}],"curies":[{"name":"wp","href":"https:\/\/api.w.org\/{rel}","templated":true}]}}