{"id":786,"date":"2021-11-24T05:30:57","date_gmt":"2021-11-24T05:30:57","guid":{"rendered":"https:\/\/charcoalplant.com\/?p=786"},"modified":"2023-04-03T10:59:08","modified_gmt":"2023-04-03T02:59:08","slug":"drum-chipper","status":"publish","type":"product","link":"https:\/\/charcoalplant.com\/sw\/product\/drum-chipper\/","title":{"rendered":"Chipper Ngoma | Mashine Bora ya Chipper Wood"},"content":{"rendered":"<div class=\"kk-star-ratings kksr-auto kksr-align-left kksr-valign-top\"     data-payload='{&quot;align&quot;:&quot;left&quot;,&quot;id&quot;:&quot;786&quot;,&quot;slug&quot;:&quot;default&quot;,&quot;valign&quot;:&quot;top&quot;,&quot;ignore&quot;:&quot;&quot;,&quot;reference&quot;:&quot;auto&quot;,&quot;class&quot;:&quot;&quot;,&quot;count&quot;:&quot;8&quot;,&quot;legendonly&quot;:&quot;&quot;,&quot;readonly&quot;:&quot;&quot;,&quot;score&quot;:&quot;4.5&quot;,&quot;starsonly&quot;:&quot;&quot;,&quot;best&quot;:&quot;5&quot;,&quot;gap&quot;:&quot;5&quot;,&quot;greet&quot;:&quot;Rate this product&quot;,&quot;legend&quot;:&quot;4.5\\\/5 - (8 votes)&quot;,&quot;size&quot;:&quot;24&quot;,&quot;title&quot;:&quot;Drum Chipper | Best Wood Chipper Machine&quot;,&quot;width&quot;:&quot;128&quot;,&quot;_legend&quot;:&quot;{score}\\\/{best} - ({count} {votes})&quot;,&quot;font_factor&quot;:&quot;1.25&quot;}'>              <div class=\"kksr-stars\">      <div class=\"kksr-stars-inactive\">             <div class=\"kksr-star\" data-star=\"1\" style=\"padding-right: 5px\">               <div class=\"kksr-icon\" style=\"width: 24px; height: 24px;\"><\/div>         <\/div>             <div class=\"kksr-star\" data-star=\"2\" style=\"padding-right: 5px\">               <div class=\"kksr-icon\" style=\"width: 24px; height: 24px;\"><\/div>         <\/div>             <div class=\"kksr-star\" data-star=\"3\" style=\"padding-right: 5px\">               <div class=\"kksr-icon\" style=\"width: 24px; height: 24px;\"><\/div>         <\/div>             <div class=\"kksr-star\" data-star=\"4\" style=\"padding-right: 5px\">               <div class=\"kksr-icon\" style=\"width: 24px; height: 24px;\"><\/div>         <\/div>             <div class=\"kksr-star\" data-star=\"5\" style=\"padding-right: 5px\">               <div class=\"kksr-icon\" style=\"width: 24px; height: 24px;\"><\/div>         <\/div>     <\/div>      <div class=\"kksr-stars-active\" style=\"width: 128px;\">             <div class=\"kksr-star\" style=\"padding-right: 5px\">               <div class=\"kksr-icon\" style=\"width: 24px; height: 24px;\"><\/div>         <\/div>             <div class=\"kksr-star\" style=\"padding-right: 5px\">               <div class=\"kksr-icon\" style=\"width: 24px; height: 24px;\"><\/div>         <\/div>             <div class=\"kksr-star\" style=\"padding-right: 5px\">               <div class=\"kksr-icon\" style=\"width: 24px; height: 24px;\"><\/div>         <\/div>             <div class=\"kksr-star\" style=\"padding-right: 5px\">               <div class=\"kksr-icon\" style=\"width: 24px; height: 24px;\"><\/div>         <\/div>             <div class=\"kksr-star\" style=\"padding-right: 5px\">               <div class=\"kksr-icon\" style=\"width: 24px; height: 24px;\"><\/div>         <\/div>     <\/div> <\/div>                   <div class=\"kksr-legend\" style=\"font-size: 19.2px;\">             4.5\/5 - (kura 8)    <\/div>     <\/div>  <p class=\"translation-block\"><strong>Drum chipper<\/strong> ni mashine ya kukata mbao yenye kiwango cha juu cha uzalishaji, ufanisi wa juu, na tija ya juu. Na mara nyingi inaonekana katika usindikaji wa awali wa malighafi katika mistari mbalimbali ya uzalishaji. Hivyo ni <strong><a href=\"https:\/\/charcoalplant.com\/sw\/wood-wastes-recycling-machine\/industrial-comprehensive-crusher\/\">vifaa vya kukata mbao<\/a><\/strong> vinavyotumia ukanda wa usafirishaji na kabati la usambazaji. Mbali na hii, ina mfumo wa kulisha wa hydraulic ambao unadhibiti kulisha salama ya vipande vikubwa vya mbao. Kwa ufupi, mashine ya kukata mbao ya drum ina sifa za matumizi mpana, usalama, uwekezaji mdogo, na kurudi haraka. Ikiwa una mbao nyingi za kufanya kazi nazo, kwa nini usiifikirie? Tunatumai kwa dhati kushirikiana nawe.<\/p>    <h2 class=\"wp-block-heading\" id=\"raw-material-for-drum-chipper\"><strong>Malighafi kwa chipper ngoma<\/strong> <strong>mashine<\/strong><\/h2>    <p>Malighafi ya chipa ya mianzi ya ngoma ni pamoja na malighafi ya mbao na malighafi zisizo za mbao. Malighafi ya mbao ni pamoja na magogo, mianzi, veneer ya taka, mizizi ya miti, matawi, n.k. Malighafi zisizo za mbao: ganda la nazi, bua la pamba, mwanzi, majani, nk. Zaidi ya hayo, inaweza kusindika malighafi ya ukubwa mkubwa moja kwa moja na kusindika mara kwa mara , chips nadhifu za mbao.<\/p>    <figure class=\"wp-block-gallery has-nested-images columns-1 is-cropped wp-block-gallery-2 is-layout-flex wp-block-gallery-is-layout-flex\"> <figure class=\"wp-block-image size-large\"><img loading=\"lazy\" decoding=\"async\" width=\"900\" height=\"219\" data-id=\"2094\" src=\"https:\/\/charcoalplant.com\/wp-content\/uploads\/2022\/01\/log\uff0cbamboo-woodboard.jpg\" alt=\"logi, mianzi, ubao wa mbao\" class=\"wp-image-2094\"\/><figcaption class=\"wp-element-caption\">logi, mianzi, ubao wa mbao<\/figcaption><\/figure>    <figure class=\"wp-block-image size-large\"><img loading=\"lazy\" decoding=\"async\" width=\"918\" height=\"232\" data-id=\"2093\" src=\"https:\/\/charcoalplant.com\/wp-content\/uploads\/2022\/01\/coconutshell-cotton-stalk-straw-.jpg\" alt=\"nazi-pamba-bua\" class=\"wp-image-2093\"\/><figcaption class=\"wp-element-caption\">nazi-pamba-bua<\/figcaption><\/figure> <\/figure>    <h2 class=\"wp-block-heading\" id=\"h-structure-of-drum-coconut-shell-chipper\"><strong>Muundo wa kisu cha mbao cha ngoma<\/strong><\/h2>    <p>Kipasua mbao cha mtindo wa ngoma kwa kweli ni mtema kuni mkubwa. Zaidi ya hayo, muundo wake ni wa juu zaidi. Mwili wa mashine\u00a0umechomezwa kwa nyenzo thabiti ya sahani ya chuma ili kutoa usaidizi thabiti kwa mashine nzima. Sehemu zake kuu: mwili wa mashine, roller ya kisu, skrini, kulisha juu na chini, mfumo wa majimaji, kifaa cha kusambaza, baraza la mawaziri la nyongeza, na sehemu zingine. <\/p>    <figure class=\"wp-block-gallery has-nested-images columns-default is-cropped wp-block-gallery-3 is-layout-flex wp-block-gallery-is-layout-flex\"> <figure class=\"wp-block-image size-large\"><img loading=\"lazy\" decoding=\"async\" width=\"720\" height=\"540\" data-id=\"838\" src=\"https:\/\/charcoalplant.com\/wp-content\/uploads\/2021\/11\/drum-wood-chipper-machine-1.jpg\" alt=\"ngoma-mbao-chipper-mashine\" class=\"wp-image-838\" srcset=\"https:\/\/charcoalplant.com\/wp-content\/uploads\/2021\/11\/drum-wood-chipper-machine-1.jpg 720w, https:\/\/charcoalplant.com\/wp-content\/uploads\/2021\/11\/drum-wood-chipper-machine-1-300x225.jpg 300w\" sizes=\"auto, (max-width: 720px) 100vw, 720px\" \/><figcaption class=\"wp-element-caption\">ngoma-mbao-chipper-mashine<\/figcaption><\/figure>    <figure class=\"wp-block-image size-large\"><img loading=\"lazy\" decoding=\"async\" width=\"720\" height=\"540\" data-id=\"848\" src=\"https:\/\/charcoalplant.com\/wp-content\/uploads\/2021\/11\/drum-wood-chippers-machine-for-sale-1-1.jpg\" alt=\"mashine ya chipsi za mbao inauzwa\" class=\"wp-image-848\" srcset=\"https:\/\/charcoalplant.com\/wp-content\/uploads\/2021\/11\/drum-wood-chippers-machine-for-sale-1-1.jpg 720w, https:\/\/charcoalplant.com\/wp-content\/uploads\/2021\/11\/drum-wood-chippers-machine-for-sale-1-1-300x225.jpg 300w\" sizes=\"auto, (max-width: 720px) 100vw, 720px\" \/><figcaption class=\"wp-element-caption\">mashine ya chipsi za mbao inauzwa<\/figcaption><\/figure> <\/figure>    <h2 class=\"wp-block-heading\" id=\"h-safety-system-of-drum-chipping-machine\"><strong>Mfumo wa usalama wa mashine ya kupamba mbao<\/strong><\/h2>    <p>Shuliy\u00a0drum\u00a0tree\u00a0chipper sio tu huongeza utendakazi wa vitendo wa kifaa lakini pia huzingatia utendakazi wa usalama wa kifaa. Kifaa cha usalama cha mashine hii ya kutengeneza chip za ngoma kinajumuishwa hasa katika mfumo wa majimaji na baraza la mawaziri la kudhibiti.<\/p>    <h3 class=\"wp-block-heading\" id=\"hydraulic-system\"><strong>Mfumo wa majimaji<\/strong><\/h3>    <p>Katika mchakato huu, mfumo wa majimaji hufanya kazi kama bafa na unaweza kudhibiti kiotomatiki mlango wa kulisha ili kuinua na kushuka kwa kasi isiyobadilika. Wakati huo huo, pia inalinda mchimbaji mkubwa wa kuni na inaboresha maisha ya huduma ya vifaa.<\/p>    <figure class=\"wp-block-gallery has-nested-images columns-default is-cropped wp-block-gallery-4 is-layout-flex wp-block-gallery-is-layout-flex\"> <figure class=\"wp-block-image size-large\"><img loading=\"lazy\" decoding=\"async\" width=\"720\" height=\"540\" data-id=\"2095\" src=\"https:\/\/charcoalplant.com\/wp-content\/uploads\/2022\/01\/drum-chipper-inlet.jpg\" alt=\"\" class=\"wp-image-2095\"\/><\/figure>    <figure class=\"wp-block-image size-large\"><img loading=\"lazy\" decoding=\"async\" width=\"720\" height=\"540\" data-id=\"2097\" src=\"https:\/\/charcoalplant.com\/wp-content\/uploads\/2021\/11\/prevent-wood-jam.jpg\" alt=\"kuzuia jam ya kuni\" class=\"wp-image-2097\"\/><figcaption class=\"wp-element-caption\">kuzuia jam ya kuni<\/figcaption><\/figure> <\/figure>    <h3 class=\"wp-block-heading\" id=\"control-cabinet\"><strong>Baraza la mawaziri la kudhibiti<\/strong><strong><\/strong><\/h3>    <p>Mchoro wa mbao wa mtindo wa ngoma ni vifaa vya kiwango kikubwa, muundo wake ni ngumu na una vifaa 3 vya motors. Madhumuni ya hii pia ni kupunguza voltage na kusambaza usambazaji wa umeme kwa sababu. Kuna vifungo vingi kwenye baraza la mawaziri la kudhibiti, ambalo linaweza kudhibiti mashine nzima kwa urahisi. Njia hii ni rahisi, yenye ufanisi na salama.<\/p>    <figure class=\"wp-block-gallery has-nested-images columns-default is-cropped wp-block-gallery-5 is-layout-flex wp-block-gallery-is-layout-flex\"> <figure class=\"wp-block-image size-large\"><img loading=\"lazy\" decoding=\"async\" width=\"720\" height=\"540\" data-id=\"2098\" src=\"https:\/\/charcoalplant.com\/wp-content\/uploads\/2022\/01\/drum-type-wood-chipper-for-sale.jpg\" alt=\"ngoma-aina-chipa-mbao-inauzwa\" class=\"wp-image-2098\"\/><figcaption class=\"wp-element-caption\">ngoma-aina-chipa-mbao-inauzwa<\/figcaption><\/figure>    <figure class=\"wp-block-image size-large\"><img loading=\"lazy\" decoding=\"async\" width=\"720\" height=\"540\" data-id=\"2099\" src=\"https:\/\/charcoalplant.com\/wp-content\/uploads\/2022\/01\/Inside-of-power-distribution-cabinet.jpg\" alt=\"Ndani-ya-nguvu-usambazaji-baraza la mawaziri\" class=\"wp-image-2099\"\/><figcaption class=\"wp-element-caption\">Ndani-ya-nguvu-usambazaji-baraza la mawaziri<\/figcaption><\/figure> <\/figure>    <h2 class=\"wp-block-heading\" id=\"video-of-drum-type-chipper\"><strong>Video ya chipa mtindo wa ngoma<\/strong><\/h2>    <p>Ukubwa wa kawaida wa kuni au mianzi iliyotibiwa nayo ni 5mm. Inaweza pia kushughulikia malighafi hadi 2-3mm. Karibu kwenye video. Na tuna huduma ya mashauriano bila malipo.<\/p>    <figure class=\"wp-block-embed is-type-video is-provider-youtube wp-block-embed-youtube wp-embed-aspect-16-9 wp-has-aspect-ratio\"><div class=\"wp-block-embed__wrapper\"> <iframe loading=\"lazy\" title=\"Muundo Mpya wa Chipper Shredder | Mashine ya Kukata Ngoma ya Kuni ya Viwanda Utendaji Bora\" width=\"500\" height=\"281\" src=\"https:\/\/www.youtube.com\/embed\/mUQ0J9ha5xA?feature=oembed\" frameborder=\"0\" allow=\"accelerometer; autoplay; clipboard-write; encrypted-media; gyroscope; picture-in-picture; web-share\" referrerpolicy=\"strict-origin-when-cross-origin\" allowfullscreen><\/iframe> <\/div><\/figure>    <h2 class=\"wp-block-heading\" id=\"h-uses-of-wood-chips\"><strong>Matumizi ya chips za mbao<\/strong><\/h2>    <ol class=\"wp-block-list\"> <li>Bidhaa ya kumaliza inayozalishwa na chipper ya shell ya nazi ina sura ya kawaida na unene wa sare. Unaweza kuchagua a <strong><a href=\"https:\/\/charcoalplant.com\/sw\/wood-wastes-recycling-machine\/wood-peeling-machine\/\">peeler ya mbao<\/a><\/strong> kusindika na kisha kuchimba. Vipande vya mbao hivi vinaweza kuuzwa moja kwa moja na kuchomwa moto.<\/li>    <li>Kipasua mbao cha ngoma pia kinaweza kutumika pamoja na <strong><a href=\"https:\/\/charcoalplant.com\/sw\/wood-wastes-recycling-machine\/hammer-mill\/\">kinu cha nyundo<\/a><\/strong> katika mstari wa uzalishaji wa mkaa na mstari wa uzalishaji wa vumbi la mbao.<\/li>    <li>Vipande hivi vya mbao vinaweza kutumika kwa uundaji wa kisanii katika tasnia ya sanaa.<\/li> <\/ol>    <figure class=\"wp-block-gallery has-nested-images columns-default is-cropped wp-block-gallery-6 is-layout-flex wp-block-gallery-is-layout-flex\"> <figure class=\"wp-block-image size-large\"><img loading=\"lazy\" decoding=\"async\" width=\"720\" height=\"540\" data-id=\"2102\" src=\"https:\/\/charcoalplant.com\/wp-content\/uploads\/2022\/01\/waste-wood-chips.jpg\" alt=\"takataka za mbao\" class=\"wp-image-2102\"\/><figcaption class=\"wp-element-caption\">takataka za mbao<\/figcaption><\/figure> <\/figure>    <h2 class=\"wp-block-heading\" id=\"large-wood-chipper-parameters\"><strong>Vigezo vikubwa vya mbao<\/strong><\/h2>    <figure class=\"wp-block-table is-style-stripes\"><table><tbody><tr><td>Mfano<\/td><td>SL-DW218<\/td><td>SL-DW216<\/td><\/tr><tr><td>Kiasi cha kisu<\/td><td>2\/4<\/td><td>2\/4<\/td><\/tr><tr><td>Ukubwa wa kulisha<\/td><td>300*680\u00a0mm<\/td><td>230*500 mm<\/td><\/tr><tr><td>Uwezo<\/td><td>10-15 t \/ h<\/td><td>5-8t\/saa<\/td><\/tr><tr><td>Kipimo cha malighafi<\/td><td>\u2264300\u00a0mm<\/td><td>\u2264230\u00a0mm<\/td><\/tr><tr><td>Ukubwa wa chip ya kuni<\/td><td>25\u00a0mm(inayoweza kurekebishwa)<\/td><td>25 mm (inayoweza kurekebishwa)<\/td><\/tr><tr><td>Nguvu kuu<\/td><td>110kw<\/td><td>55kw<\/td><\/tr><tr><td>Uzito<\/td><td>8600\u00a0kg<\/td><td>kilo 5600<\/td><\/tr><tr><td>Kulisha conveyor ya kuingiza<\/td><td>6 m<\/td><td>6 m<\/td><\/tr><tr><td>Msafirishaji wa nje<\/td><td>8\u00a0m<\/td><td>8 m<\/td><\/tr><tr><td>Ukubwa<\/td><td>3105*2300*1650\u00a0mm<\/td><td>2735*2200*1200 mm<\/td><\/tr><\/tbody><\/table><figcaption class=\"wp-element-caption\">Roli za visu za wapiga ngoma zote mbili zinaweza kuwa na visu 2-4. Rola ya kisu chenye visu 4 huponda vipande vya mbao kwa saizi nzuri zaidi na za kawaida.<\/figcaption><\/figure>    <h2 class=\"wp-block-heading\" id=\"difference-between-drum-chipper-and-disc-wood-chipper\"><strong>Tofauti kati ya mchimba ngoma na chipa diski<\/strong><\/h2>    <ol class=\"wp-block-list\"> <li>Saizi ya malisho ya mashine kubwa ya kutengeneza chip za kuni ni kubwa. Na inaweza kushughulikia kuni hadi 35cm kwa kipenyo.<\/li>    <li>The <strong><a href=\"https:\/\/charcoalplant.com\/sw\/wood-wastes-recycling-machine\/log-chipper\/\">mchimba diski<\/a><\/strong> hushughulikia kiasi sawa cha malighafi kama chipa kubwa ya mianzi, na kipiga ngoma hutumia nguvu kidogo.<\/li>    <li>Chipper ya mbao ya kawaida ni ndogo kwa ukubwa. Chipu za ngoma zenye sauti ya juu zilizo na mikanda ya kupitisha mizigo ni kubwa na ni ghali kusafirisha.<\/li> <\/ol>    <figure class=\"wp-block-gallery has-nested-images columns-default is-cropped wp-block-gallery-7 is-layout-flex wp-block-gallery-is-layout-flex\"> <figure class=\"wp-block-image size-large\"><img loading=\"lazy\" decoding=\"async\" width=\"720\" height=\"540\" data-id=\"2105\" src=\"https:\/\/charcoalplant.com\/wp-content\/uploads\/2022\/01\/bamboo-chipper-plant.jpg\" alt=\"mianzi-chipper-mmea\" class=\"wp-image-2105\"\/><figcaption class=\"wp-element-caption\">mianzi-chipper-mmea<\/figcaption><\/figure> <\/figure>    <h2 class=\"wp-block-heading\" id=\"h-faq-for-drum-chips-cutting-machine\"><strong>Maswali Yanayoulizwa Mara kwa Mara<\/strong> <strong>kwa mashine ya kukata chips ngoma<\/strong><\/h2>   <div id=\"rank-math-faq\" class=\"rank-math-block\"> <div class=\"rank-math-list\"> <div id=\"faq-question-1673252653718\" class=\"rank-math-list-item\"> <h3 class=\"rank-math-question\"><strong>Je, utamtuma mhandisi kuongoza usakinishaji?<\/strong><\/h3> <div class=\"rank-math-answer\">  <p>Ndiyo, kulingana na mahitaji ya mteja, tutatuma wahandisi kuongoza ufungaji na mafunzo kuhusu uendeshaji wa mashine.<\/p>  <\/div> <\/div> <div id=\"faq-question-1673252663679\" class=\"rank-math-list-item\"> <h3 class=\"rank-math-question\"><strong>Nitajuaje ubora wa mashine yako?<\/strong><\/h3> <div class=\"rank-math-answer\">  <p>Unaweza kutuma sampuli yako ya nyenzo chakavu kwetu na tutakufanyia majaribio mashine bila kutoza ada. Na tunaweza kukutumia video ya majaribio ya mashine. Pia tunakukaribisha kwa moyo mkunjufu kutembelea kiwanda chetu ili kujaribu mashine yetu kibinafsi.<\/p>  <\/div> <\/div> <div id=\"faq-question-1673252682871\" class=\"rank-math-list-item\"> <h3 class=\"rank-math-question\"><strong>Je, ufungaji wa chipper wa ngoma unahitaji msingi?<\/strong><\/h3> <div class=\"rank-math-answer\">  <p>Hapana, kuna vifaa vya kusafirisha na kutoa chini ya mashine.<\/p>  <\/div> <\/div> <\/div> <\/div>   <h2 class=\"wp-block-heading\" id=\"h-large-wood-chipper-manufacturer\"><strong>Mtengenezaji mkubwa wa mbao<\/strong><\/h2>    <figure class=\"wp-block-gallery has-nested-images columns-default is-cropped wp-block-gallery-8 is-layout-flex wp-block-gallery-is-layout-flex\"> <figure class=\"wp-block-image size-large\"><img loading=\"lazy\" decoding=\"async\" width=\"720\" height=\"540\" data-id=\"2103\" src=\"https:\/\/charcoalplant.com\/wp-content\/uploads\/2022\/01\/our-plant-.jpg\" alt=\"mmea wetu\" class=\"wp-image-2103\"\/><figcaption class=\"wp-element-caption\">mmea wetu<\/figcaption><\/figure>    <figure class=\"wp-block-image size-large\"><img loading=\"lazy\" decoding=\"async\" width=\"720\" height=\"540\" data-id=\"2104\" src=\"https:\/\/charcoalplant.com\/wp-content\/uploads\/2022\/01\/parts.jpg\" alt=\"sehemu\" class=\"wp-image-2104\"\/><figcaption class=\"wp-element-caption\">sehemu<\/figcaption><\/figure> <\/figure>    <p class=\"translation-block\">Shuliy Machinery Equipment Co., Ltd. har varit verksamt i <strong><a href=\"https:\/\/charcoalplant.com\/sw\/industrial-comprehensive-crusher\/\">tr\u00e4\u00e5tervinningsindustrin<\/a><\/strong> under m\u00e5nga \u00e5r. S\u00e5 vi har framg\u00e5ngsrikt samarbetat med m\u00e5nga l\u00e4nder. Det lade grunden f\u00f6r f\u00f6retagets nuvarande goda utveckling. Utrustningsdelarna som vi valt uppfyller de internationella anv\u00e4ndningsindikatorerna, och maskinen \u00e4r fin och h\u00e5llbar och har f\u00e5tt enh\u00e4llig ber\u00f6m fr\u00e5n kunderna. V\u00e4lkommen att bes\u00f6ka v\u00e5r fabrik. Kontakta oss nu f\u00f6r prisinformation p\u00e5 produkter.&nbsp;<\/p>","protected":false},"excerpt":{"rendered":"<p>Chipper ya ngoma ni chipper ya juu na kubwa ya kuni, ambayo imewekwa na kifaa cha majimaji kusindika haraka vifaa vya kipenyo.<\/p>","protected":false},"author":1,"featured_media":946,"parent":0,"template":"","tags":[64],"product-type":[3],"class_list":["post-786","product","type-product","status-publish","has-post-thumbnail","hentry","tag-wood-wastes-recycling-machine","product-type-wood-wastes-recycling-machine"],"_links":{"self":[{"href":"https:\/\/charcoalplant.com\/sw\/wp-json\/wp\/v2\/product\/786","targetHints":{"allow":["GET"]}}],"collection":[{"href":"https:\/\/charcoalplant.com\/sw\/wp-json\/wp\/v2\/product"}],"about":[{"href":"https:\/\/charcoalplant.com\/sw\/wp-json\/wp\/v2\/types\/product"}],"author":[{"embeddable":true,"href":"https:\/\/charcoalplant.com\/sw\/wp-json\/wp\/v2\/users\/1"}],"wp:featuredmedia":[{"embeddable":true,"href":"https:\/\/charcoalplant.com\/sw\/wp-json\/wp\/v2\/media\/946"}],"wp:attachment":[{"href":"https:\/\/charcoalplant.com\/sw\/wp-json\/wp\/v2\/media?parent=786"}],"wp:term":[{"taxonomy":"post_tag","embeddable":true,"href":"https:\/\/charcoalplant.com\/sw\/wp-json\/wp\/v2\/tags?post=786"},{"taxonomy":"product-type","embeddable":true,"href":"https:\/\/charcoalplant.com\/sw\/wp-json\/wp\/v2\/product-type?post=786"}],"curies":[{"name":"wp","href":"https:\/\/api.w.org\/{rel}","templated":true}]}}