{"id":789,"date":"2021-11-24T07:05:55","date_gmt":"2021-11-24T07:05:55","guid":{"rendered":"https:\/\/charcoalplant.com\/?p=789"},"modified":"2026-02-11T10:52:06","modified_gmt":"2026-02-11T02:52:06","slug":"wood-peeling-machine","status":"publish","type":"product","link":"https:\/\/charcoalplant.com\/sw\/product\/wood-peeling-machine\/","title":{"rendered":"Mashine ya Kung'oa Mbao | Wima &amp; kupitia nyimbo Debarker Ingia"},"content":{"rendered":"<div class=\"kk-star-ratings kksr-auto kksr-align-left kksr-valign-top\"     data-payload='{&quot;align&quot;:&quot;left&quot;,&quot;id&quot;:&quot;789&quot;,&quot;slug&quot;:&quot;default&quot;,&quot;valign&quot;:&quot;top&quot;,&quot;ignore&quot;:&quot;&quot;,&quot;reference&quot;:&quot;auto&quot;,&quot;class&quot;:&quot;&quot;,&quot;count&quot;:&quot;7&quot;,&quot;legendonly&quot;:&quot;&quot;,&quot;readonly&quot;:&quot;&quot;,&quot;score&quot;:&quot;4.5&quot;,&quot;starsonly&quot;:&quot;&quot;,&quot;best&quot;:&quot;5&quot;,&quot;gap&quot;:&quot;5&quot;,&quot;greet&quot;:&quot;Rate this product&quot;,&quot;legend&quot;:&quot;4.5\\\/5 - (7 votes)&quot;,&quot;size&quot;:&quot;24&quot;,&quot;title&quot;:&quot;Wood Peeling Machine | Vertical \\u0026amp; Trough Log Debarker&quot;,&quot;width&quot;:&quot;128&quot;,&quot;_legend&quot;:&quot;{score}\\\/{best} - ({count} {votes})&quot;,&quot;font_factor&quot;:&quot;1.25&quot;}'>              <div class=\"kksr-stars\">      <div class=\"kksr-stars-inactive\">             <div class=\"kksr-star\" data-star=\"1\" style=\"padding-right: 5px\">               <div class=\"kksr-icon\" style=\"width: 24px; height: 24px;\"><\/div>         <\/div>             <div class=\"kksr-star\" data-star=\"2\" style=\"padding-right: 5px\">               <div class=\"kksr-icon\" style=\"width: 24px; height: 24px;\"><\/div>         <\/div>             <div class=\"kksr-star\" data-star=\"3\" style=\"padding-right: 5px\">               <div class=\"kksr-icon\" style=\"width: 24px; height: 24px;\"><\/div>         <\/div>             <div class=\"kksr-star\" data-star=\"4\" style=\"padding-right: 5px\">               <div class=\"kksr-icon\" style=\"width: 24px; height: 24px;\"><\/div>         <\/div>             <div class=\"kksr-star\" data-star=\"5\" style=\"padding-right: 5px\">               <div class=\"kksr-icon\" style=\"width: 24px; height: 24px;\"><\/div>         <\/div>     <\/div>      <div class=\"kksr-stars-active\" style=\"width: 128px;\">             <div class=\"kksr-star\" style=\"padding-right: 5px\">               <div class=\"kksr-icon\" style=\"width: 24px; height: 24px;\"><\/div>         <\/div>             <div class=\"kksr-star\" style=\"padding-right: 5px\">               <div class=\"kksr-icon\" style=\"width: 24px; height: 24px;\"><\/div>         <\/div>             <div class=\"kksr-star\" style=\"padding-right: 5px\">               <div class=\"kksr-icon\" style=\"width: 24px; height: 24px;\"><\/div>         <\/div>             <div class=\"kksr-star\" style=\"padding-right: 5px\">               <div class=\"kksr-icon\" style=\"width: 24px; height: 24px;\"><\/div>         <\/div>             <div class=\"kksr-star\" style=\"padding-right: 5px\">               <div class=\"kksr-icon\" style=\"width: 24px; height: 24px;\"><\/div>         <\/div>     <\/div> <\/div>                   <div class=\"kksr-legend\" style=\"font-size: 19.2px;\">             4.5\/5 - (kura 7)    <\/div>     <\/div>  <p class=\"translation-block\"><strong>Maskin peeling av tr\u00e4<\/strong> \u00e4r n\u00f6dv\u00e4ndig utrustning f\u00f6r vissa \u00e5tervinningsindustrier av tr\u00e4. Den kan fl\u00e5 huden automatiskt och effektivt, och uppn\u00e5r en fl\u00e5sningshastighet p\u00e5 95%. Tr\u00e4logsch\u00e4larmaskinen tillverkad av Shuliy Machinery producer inkluderar <strong><a href=\"https:\/\/charcoalplant.com\/sw\/info\/ukrainian-furniture-factory-purchased-a-tree-peeling-machine\/\">vertikala tr\u00e4logsch\u00e4lar<\/a><\/strong>, sp\u00e5nskiva log peel slumpmaskiner, och horisontella peeling maskiner. F\u00f6ljande \u00e4r de tv\u00e5 f\u00f6rsta typerna av tr\u00e4skalmaskiner. V\u00e4lkommen att kolla, om du \u00e4r intresserad av v\u00e5r utrustning, v\u00e4nligen kontakta oss i god tid. Och vi kommer att tillhandah\u00e5lla dig konkurrenskraftiga priser.\"<\/p>    <figure class=\"wp-block-embed is-type-video is-provider-youtube wp-block-embed-youtube wp-embed-aspect-16-9 wp-has-aspect-ratio\"><div class=\"wp-block-embed__wrapper\"> <iframe loading=\"lazy\" title=\"Mashine nzito ya kuchuja miti \u2013 Inafanya kazi kwa magogo hadi uenezi wa 70cm\" width=\"500\" height=\"281\" src=\"https:\/\/www.youtube.com\/embed\/dvOIuDBpmCs?feature=oembed\" frameborder=\"0\" allow=\"accelerometer; autoplay; clipboard-write; encrypted-media; gyroscope; picture-in-picture; web-share\" referrerpolicy=\"strict-origin-when-cross-origin\" allowfullscreen><\/iframe> <\/div><\/figure>    <h2 class=\"wp-block-heading\" id=\"h-vertical-wood-peeling-machine\"><strong>Aina ya 1<\/strong>:<strong>mashine ya kumenya mbao wima<\/strong> <strong>kwa ajili ya kuuza<\/strong><\/h2>    <p>Mashine za kumenya mbao wima zinaweza kusindika mikaratusi, miti ya matunda, mshita, mwale, misonobari, nzige, nyuki na magogo ya mshita. Ikiwa kuni ni sawa na bila mafundo. Mashine ya kumenya mbao ngumu inaweza kufikia kiwango cha kumenya zaidi ya 98%.<\/p>    <figure class=\"wp-block-gallery has-nested-images columns-default is-cropped wp-block-gallery-2 is-layout-flex wp-block-gallery-is-layout-flex\"> <figure class=\"wp-block-image size-large\"><img loading=\"lazy\" decoding=\"async\" width=\"720\" height=\"540\" data-id=\"2152\" src=\"https:\/\/charcoalplant.com\/wp-content\/uploads\/2022\/01\/log.jpg\" alt=\"\" class=\"wp-image-2152\"\/><figcaption class=\"wp-element-caption\">logi<\/figcaption><\/figure>    <figure class=\"wp-block-image size-large\"><img loading=\"lazy\" decoding=\"async\" width=\"720\" height=\"540\" data-id=\"2153\" src=\"https:\/\/charcoalplant.com\/wp-content\/uploads\/2022\/01\/wood.jpg\" alt=\"mbao\" class=\"wp-image-2153\"\/><figcaption class=\"wp-element-caption\">mbao<\/figcaption><\/figure> <\/figure>    <h3 class=\"wp-block-heading\" id=\"h-structure-of-vertical-wood-peeling-machine\"><strong>Muundo wa mashine ya kumenya mbao wima<\/strong><strong><\/strong><\/h3>    <p>Ni mashine ya kumenya kuni yenye muundo rahisi, ambayo inaundwa hasa na roller kubwa, kichwa cha kukata, na fremu. Kuna jumla ya roller 8 za shinikizo, roller 4 za shinikizo kila moja kwenye bandari ya kulisha na mlango wa kutokwa. Vipande vina umbo la shabiki, nyembamba chini na pana juu, na vile vile 4 au 6 vinaweza kusanikishwa kwenye kichwa cha mkataji. Idadi ya zana zilizowekwa zinaweza kubadilishwa ipasavyo.<\/p>    <figure class=\"wp-block-gallery has-nested-images columns-2 is-cropped wp-block-gallery-3 is-layout-flex wp-block-gallery-is-layout-flex\"> <figure class=\"wp-block-image size-full\"><img loading=\"lazy\" decoding=\"async\" width=\"720\" height=\"540\" data-id=\"2158\" src=\"https:\/\/charcoalplant.com\/wp-content\/uploads\/2022\/01\/bend-blade-1.jpg\" alt=\"bend-blade\" class=\"wp-image-2158\"\/><figcaption class=\"wp-element-caption\">bend-blade<\/figcaption><\/figure>    <figure class=\"wp-block-image size-large\"><img loading=\"lazy\" decoding=\"async\" width=\"720\" height=\"540\" data-id=\"2155\" src=\"https:\/\/charcoalplant.com\/wp-content\/uploads\/2022\/01\/Infeed-and-Outfeed-Rollers-\u526f\u672c.jpg\" alt=\"Infeed-and-Outfeed-Rollers\" class=\"wp-image-2155\"\/><figcaption class=\"wp-element-caption\">Infeed-and-Outfeed-Rollers<\/figcaption><\/figure> <\/figure>    <h3 class=\"wp-block-heading\" id=\"h-working-principle-of-vertical-log-debarker\"><strong>W<\/strong><strong>kanuni ya orking ya wima <\/strong><strong>log debarker<\/strong><strong><\/strong><\/h3>    <p>Mbao za mikaratusi au msonobari hulishwa ndani ya mlango wa kulisha kwa mikono au kwa ukanda wa kusafirisha, na kipigo cha kupigia chapuo kwenye mlango wa kulisha huzunguka ili kupeperusha kuni ndani ya mashine. Kichwa cha mkataji hutumia kanuni inayoweza kurudishwa ili kumenya kuni za kipenyo tofauti. Mbao iliyopigwa hutumwa vizuri na roller ya shinikizo kwenye bandari ya kutokwa. Roli za shinikizo mbele na nyuma ya mashine zina chemchemi za polepole ambazo zinaweza kuinua na kuacha kuni.<\/p>    <figure class=\"wp-block-gallery has-nested-images columns-default is-cropped wp-block-gallery-4 is-layout-flex wp-block-gallery-is-layout-flex\"> <figure class=\"wp-block-image size-large is-style-default\"><img loading=\"lazy\" decoding=\"async\" width=\"720\" height=\"540\" data-id=\"2159\" src=\"https:\/\/charcoalplant.com\/wp-content\/uploads\/2022\/01\/log-peeler-machine-show.jpg\" alt=\"log-peeler-mashine-show\" class=\"wp-image-2159\"\/><figcaption class=\"wp-element-caption\">log-peeler-mashine-show<\/figcaption><\/figure> <\/figure>    <h3 class=\"wp-block-heading\" id=\"video-of-log-debarker\"><strong>Video ya logi debarker<\/strong><\/h3>    <p>Video hii itakuonyesha athari ya kushangaza ya peeler ya gome. Ukiipenda tafadhali like na subscribe.<\/p>    <figure class=\"wp-block-embed is-type-video is-provider-youtube wp-block-embed-youtube wp-embed-aspect-16-9 wp-has-aspect-ratio\"><div class=\"wp-block-embed__wrapper\"> <iframe loading=\"lazy\" title=\"Ingia Debarker | Vifaa vya Kumenya na Kusafisha Mbao#mashine ya kusaga mbao#logrecyclingplant\" width=\"500\" height=\"281\" src=\"https:\/\/www.youtube.com\/embed\/WxfVBov0gY4?feature=oembed\" frameborder=\"0\" allow=\"accelerometer; autoplay; clipboard-write; encrypted-media; gyroscope; picture-in-picture; web-share\" referrerpolicy=\"strict-origin-when-cross-origin\" allowfullscreen><\/iframe> <\/div><\/figure>    <h3 class=\"wp-block-heading\" id=\"h-features-of-vertical-wood-peeling-machine\"><strong>Kipengele<\/strong><strong>s ya mashine ya kumenya mbao wima<\/strong><strong><\/strong><\/h3>    <p>1. Inaweza kushughulikia mbao yenye kipenyo kikubwa (5-35cm).<\/p>    <p>2. Kasi ya usindikaji wake ni haraka, 10m\/min.<\/p>    <p>3. Inaweza kufuta ngozi kwa usafi na haina kuharibu kuni.<\/p>    <figure class=\"wp-block-gallery has-nested-images columns-default is-cropped wp-block-gallery-5 is-layout-flex wp-block-gallery-is-layout-flex\"> <figure class=\"wp-block-image size-large\"><img loading=\"lazy\" decoding=\"async\" width=\"720\" height=\"540\" data-id=\"2161\" src=\"https:\/\/charcoalplant.com\/wp-content\/uploads\/2022\/01\/peeled-tree.jpg\" alt=\"peeled-mti\" class=\"wp-image-2161\"\/><figcaption class=\"wp-element-caption\">peeled-mti<\/figcaption><\/figure>    <figure class=\"wp-block-image size-full\"><img loading=\"lazy\" decoding=\"async\" width=\"720\" height=\"540\" data-id=\"863\" src=\"https:\/\/charcoalplant.com\/wp-content\/uploads\/2021\/11\/Finished-product-display-1.jpg\" alt=\"Onyesho-ya-bidhaa iliyokamilika\" class=\"wp-image-863\" srcset=\"https:\/\/charcoalplant.com\/wp-content\/uploads\/2021\/11\/Finished-product-display-1.jpg 720w, https:\/\/charcoalplant.com\/wp-content\/uploads\/2021\/11\/Finished-product-display-1-300x225.jpg 300w\" sizes=\"auto, (max-width: 720px) 100vw, 720px\" \/><figcaption class=\"wp-element-caption\">Onyesho-ya-bidhaa iliyokamilika<\/figcaption><\/figure> <\/figure>    <p>4. Ina muundo wa kompakt na alama ndogo ya miguu. Kwa hivyo inagharimu usafirishaji wa chini.<\/p>    <figure class=\"wp-block-gallery has-nested-images columns-default is-cropped wp-block-gallery-6 is-layout-flex wp-block-gallery-is-layout-flex\"> <figure class=\"wp-block-image size-large\"><img loading=\"lazy\" decoding=\"async\" width=\"720\" height=\"540\" data-id=\"1870\" src=\"https:\/\/charcoalplant.com\/wp-content\/uploads\/2022\/01\/movable-log-debarker.jpg\" alt=\"movable-log-debarker\" class=\"wp-image-1870\" srcset=\"https:\/\/charcoalplant.com\/wp-content\/uploads\/2022\/01\/movable-log-debarker.jpg 720w, https:\/\/charcoalplant.com\/wp-content\/uploads\/2022\/01\/movable-log-debarker-300x225.jpg 300w\" sizes=\"auto, (max-width: 720px) 100vw, 720px\" \/><figcaption class=\"wp-element-caption\">movable-log-debarker<\/figcaption><\/figure>    <figure class=\"wp-block-image size-large\"><img loading=\"lazy\" decoding=\"async\" width=\"720\" height=\"540\" data-id=\"871\" src=\"https:\/\/charcoalplant.com\/wp-content\/uploads\/2021\/11\/Wooden-box-shipment-1.jpg\" alt=\"Usafirishaji wa sanduku la mbao\" class=\"wp-image-871\" srcset=\"https:\/\/charcoalplant.com\/wp-content\/uploads\/2021\/11\/Wooden-box-shipment-1.jpg 720w, https:\/\/charcoalplant.com\/wp-content\/uploads\/2021\/11\/Wooden-box-shipment-1-300x225.jpg 300w\" sizes=\"auto, (max-width: 720px) 100vw, 720px\" \/><figcaption class=\"wp-element-caption\">Usafirishaji wa sanduku la mbao<\/figcaption><\/figure> <\/figure>    <h3 class=\"wp-block-heading\" id=\"vertical-tree-peeling-machine-parameters\"><strong>Vigezo vya mashine ya kumenya miti ya wima<\/strong><\/h3>    <figure class=\"wp-block-table is-style-stripes\"><table><tbody><tr><td><strong>Mfano<\/strong><\/td><td><strong>SL-WP320<\/strong><\/td><td><strong>SL-WP370<\/strong><\/td><\/tr><tr><td><strong>Nguvu<\/strong><\/td><td>7.5+2.2kw<\/td><td>7.5+2.2kw<\/td><\/tr><tr><td><strong>Kasi ya kufanya kazi<\/strong><\/td><td>10m\/dak<\/td><td>10m\/dak<\/td><\/tr><tr><td><strong>Kipenyo cha kuni kinachotumika<\/strong><\/td><td>50-320 mm<\/td><td>80-350 mm<\/td><\/tr><tr><td><strong>Ukubwa wa mashine<\/strong><\/td><td>2450*1400*1700mm<\/td><td>2450*1400*1700mm<\/td><\/tr><\/tbody><\/table><\/figure>    <h2 class=\"wp-block-heading\" id=\"h-trough-log-debarker\"><strong>Aina ya 2:<\/strong> <strong>kuchuja magogo<\/strong><\/h2>    <p>Mashine ya kumenya inaweza kushughulikia aina zaidi za mbao, ikiwa ni pamoja na matawi, mikaratusi, poplar, miti ya matunda, misonobari, mbao za nzige, n.k. Haijalishi urefu wa kuni ni tofauti, curvature ni tofauti, na unyevu ni tofauti; unaweza kuifuta kwenye mashine.<\/p>    <figure class=\"wp-block-gallery has-nested-images columns-default is-cropped wp-block-gallery-7 is-layout-flex wp-block-gallery-is-layout-flex\"> <figure class=\"wp-block-image size-full\"><img loading=\"lazy\" decoding=\"async\" width=\"591\" height=\"422\" data-id=\"2166\" src=\"https:\/\/charcoalplant.com\/wp-content\/uploads\/2022\/01\/small-log.png\" alt=\"logi ndogo\" class=\"wp-image-2166\"\/><figcaption class=\"wp-element-caption\">logi ndogo<\/figcaption><\/figure>    <figure class=\"wp-block-image size-full\"><img loading=\"lazy\" decoding=\"async\" width=\"720\" height=\"540\" data-id=\"2167\" src=\"https:\/\/charcoalplant.com\/wp-content\/uploads\/2022\/01\/lot-of-wood-1.jpg\" alt=\"mbao nyingi\" class=\"wp-image-2167\"\/><figcaption class=\"wp-element-caption\">mbao nyingi<\/figcaption><\/figure> <\/figure>    <h3 class=\"wp-block-heading\" id=\"h-structure-of-tree-bark-peeling-machine\"><strong>Muundo wa mashine\u00a0ya kumenya<\/strong><\/h3>    <p>Mashine ya kutengenezea hori ina sehemu tano: roller ya debarking, ingizo la mlisho, sehemu ya kutoka, sehemu ya kuni na kifaa cha kusambaza nishati. Inakubali kumenya kwa aina ya roller, muundo rahisi na dhabiti, ugumu wa nguvu, kiwango cha chini cha kutofaulu, na maisha marefu ya huduma.<\/p>    <figure class=\"wp-block-gallery has-nested-images columns-default is-cropped wp-block-gallery-8 is-layout-flex wp-block-gallery-is-layout-flex\"> <figure class=\"wp-block-image size-full\"><img loading=\"lazy\" decoding=\"async\" width=\"720\" height=\"540\" data-id=\"867\" src=\"https:\/\/charcoalplant.com\/wp-content\/uploads\/2021\/11\/Export-1.jpg\" alt=\"sehemu ya mashine ya kumenya kuni\" class=\"wp-image-867\" srcset=\"https:\/\/charcoalplant.com\/wp-content\/uploads\/2021\/11\/Export-1.jpg 720w, https:\/\/charcoalplant.com\/wp-content\/uploads\/2021\/11\/Export-1-300x225.jpg 300w\" sizes=\"auto, (max-width: 720px) 100vw, 720px\" \/><figcaption class=\"wp-element-caption\">sehemu ya mashine ya kumenya kuni<\/figcaption><\/figure>    <figure class=\"wp-block-image size-large\"><img loading=\"lazy\" decoding=\"async\" width=\"720\" height=\"540\" data-id=\"2170\" src=\"https:\/\/charcoalplant.com\/wp-content\/uploads\/2022\/01\/Internal-structure-of-wood-peeling-machine.jpg\" alt=\"Muundo-wa-ndani-wa-mashine-ya-kumenya-mbao\" class=\"wp-image-2170\"\/><figcaption class=\"wp-element-caption\">Muundo-wa-ndani-wa-mashine-ya-kumenya-mbao<\/figcaption><\/figure> <\/figure>    <h3 class=\"wp-block-heading\" id=\"h-working-principle-of-trough-log-debarker\"><strong>Kanuni ya kufanya kazi ya matumbo <\/strong><strong>log debarker<\/strong><strong><\/strong><\/h3>    <p>Mashine ya kumenya mbao hutumia nguvu inayotokana na rota yenye meno ya kumenya ili kufanya sehemu ya mbao izunguke kwenye bakuli. Mbao kwenye ukanda huruka bila mpangilio. Kwa hiyo, msuguano wa muda mrefu na athari kati ya sehemu ya kuni na meno, sehemu ya mbao na sehemu ya mbao, na sehemu ya mbao na silo husababisha gome na shina kuoza haraka na kuchubuliwa, ili kufikia peeling. .<\/p>    <figure class=\"wp-block-gallery has-nested-images columns-2 is-cropped wp-block-gallery-9 is-layout-flex wp-block-gallery-is-layout-flex\"> <figure class=\"wp-block-image size-full\"><img loading=\"lazy\" decoding=\"async\" width=\"720\" height=\"540\" data-id=\"876\" src=\"https:\/\/charcoalplant.com\/wp-content\/uploads\/2021\/11\/Trough-log-debarker-1.jpg\" alt=\"Kupitia nyimbo-logi-debarker\" class=\"wp-image-876\" srcset=\"https:\/\/charcoalplant.com\/wp-content\/uploads\/2021\/11\/Trough-log-debarker-1.jpg 720w, https:\/\/charcoalplant.com\/wp-content\/uploads\/2021\/11\/Trough-log-debarker-1-300x225.jpg 300w\" sizes=\"auto, (max-width: 720px) 100vw, 720px\" \/><figcaption class=\"wp-element-caption\">Kupitia nyimbo-logi-debarker<\/figcaption><\/figure> <\/figure>    <h3 class=\"wp-block-heading\" id=\"h-features-of-trough-peeling-machine\"><strong>Vipengele vya mashine ya kuchubua kupitia nyimbo<\/strong><\/h3>    <p>1. Kushughulikia mbao za ukubwa mdogo; kipenyo cha juu cha kuni hauzidi 30cm.<\/p>    <p>2. Magogo makubwa yanaweza kusindika kwa wakati mmoja; miti ya ukubwa tofauti inaweza kusindika kwa wakati mmoja.<\/p>    <p>3. Rolla la mashine ya kuchuja halina urahisi wa kuharibiwa, halina vifaa vya ziada, na lina maisha marefu ya huduma.<\/p>    <p>4.\u00a0Miundo ya tanki ya kawaida ni 5m, 6m na 12m; zinaweza kurefushwa.<\/p>    <h3 class=\"wp-block-heading\" id=\"trough-peeling-machine-parameters\"><strong>Mashine ya kusaga magogo<\/strong> <strong>vigezo<\/strong><\/h3>    <figure class=\"wp-block-table is-style-stripes\"><table><tbody><tr><td><strong>Mfano<\/strong><\/td><td>6m (rola moja)<\/td><td>6m (roli mbili)<\/td><td>9m (roli mbili)<\/td><td>12m rollers mbili<\/td><\/tr><tr><td><strong>Uwezo<\/strong><\/td><td>3-7t\/saa<\/td><td>7-15t\/saa<\/td><td>15-25t\/h<\/td><td>25-30t\/h<\/td><\/tr><tr><td><strong>Nguvu<\/strong><\/td><td>7.5kw<\/td><td>7.5+2kw<\/td><td>7.5+2kw<\/td><td>7.5+2kw<\/td><\/tr><tr><td><strong>Urefu<\/strong><\/td><td>6300 mm<\/td><td>6300 mm<\/td><td>9000 mm<\/td><td>12600 mm<\/td><\/tr><tr><td><strong>Upana<\/strong><\/td><td>1200 mm<\/td><td>1310 mm<\/td><td>1500 mm<\/td><td>1550 mm<\/td><\/tr><tr><td><strong>Urefu<\/strong><\/td><td>1500 mm<\/td><td>1550 mm<\/td><td>1600 mm<\/td><td>1650 mm<\/td><\/tr><\/tbody><\/table><\/figure>    <h2 class=\"wp-block-heading\" id=\"application-of-peeled-wood\"><strong>Utumiaji wa kuni iliyosafishwa<\/strong><\/h2>    <p>Mbao iliyosafishwa inaweza kutumika katika matumizi mbalimbali, ikiwa ni pamoja na matumizi ya mapambo na ya kazi. Baadhi ya matumizi ya kawaida ya kuni peeled ni pamoja na:<\/p>    <ol class=\"wp-block-list\"> <li><strong>Samani za Rustic:<\/strong> Mbao iliyosafishwa inaweza kutumika kutengeneza fanicha za kutu na zenye mwonekano wa asili, kama vile meza za kahawa, meza za kulia chakula na madawati.<\/li>    <li><strong>Vifuniko vya ukuta:<\/strong> Mbao iliyosafishwa inaweza kutumika kutengeneza mwonekano wa asili na wa kutu kwenye kuta, ama kama kipengele cha mapambo au kama njia ya kazi ya kuficha kasoro.<\/li>    <li><strong>Ukingo wa bustani:<\/strong> Mbao iliyosafishwa inaweza kutumika kuunda mpaka wa asili karibu na bustani au kitanda cha maua.<\/li>    <li><strong>Uzio:<\/strong> Mbao iliyosafishwa inaweza kutumika kuunda uzio wa asili na wa asili, ama kama kipengele cha mapambo au kuashiria mipaka ya mali.<\/li>    <li><strong>Miradi ya ufundi:<\/strong> Mbao iliyosafishwa inaweza kutumika katika miradi mbalimbali ya ufundi, kama vile kuunda ishara za rustic au mapambo.<\/li>    <li><strong>Utunzaji ardhi:<\/strong> Mbao zilizochanwa zinaweza kutumika katika miradi ya uundaji mandhari ili kuunda vipengele vinavyoonekana asili, kama vile kuta za kubakiza au vitanda vilivyoinuliwa.<\/li> <\/ol>    <div class=\"wp-block-columns is-layout-flex wp-container-core-columns-is-layout-28f84493 wp-block-columns-is-layout-flex\"> <div class=\"wp-block-column is-layout-flow wp-block-column-is-layout-flow\"> <p class=\"translation-block\"><strong>Tengeneza vigingi<\/strong><\/p>    <figure class=\"wp-block-gallery has-nested-images columns-default is-cropped wp-block-gallery-10 is-layout-flex wp-block-gallery-is-layout-flex\"> <figure class=\"wp-block-image size-large\"><img loading=\"lazy\" decoding=\"async\" width=\"720\" height=\"540\" data-id=\"2171\" src=\"https:\/\/charcoalplant.com\/wp-content\/uploads\/2022\/01\/wood-stakes.jpg\" alt=\"\" class=\"wp-image-2171\"\/><\/figure> <\/figure> <\/div>    <div class=\"wp-block-column is-layout-flow wp-block-column-is-layout-flow\"> <p class=\"translation-block\"><strong>Tengeneza vifaa vya ujenzi wa nyumba za mbao<\/strong><\/p>    <figure class=\"wp-block-gallery has-nested-images columns-default is-cropped wp-block-gallery-11 is-layout-flex wp-block-gallery-is-layout-flex\"> <figure class=\"wp-block-image size-large\"><img loading=\"lazy\" decoding=\"async\" width=\"720\" height=\"540\" data-id=\"2172\" src=\"https:\/\/charcoalplant.com\/wp-content\/uploads\/2022\/01\/houses.jpg\" alt=\"\" class=\"wp-image-2172\"\/><\/figure> <\/figure> <\/div> <\/div>    <div class=\"wp-block-columns is-layout-flex wp-container-core-columns-is-layout-28f84493 wp-block-columns-is-layout-flex\"> <div class=\"wp-block-column is-layout-flow wp-block-column-is-layout-flow\"> <p><strong><a href=\"https:\/\/charcoalplant.com\/sw\/wood-wastes-recycling-machine\/movable-log-sawmill\/\">Tumia msumeno kutengeneza mbao<\/a><\/strong><\/p>    <figure class=\"wp-block-gallery has-nested-images columns-default is-cropped wp-block-gallery-12 is-layout-flex wp-block-gallery-is-layout-flex\"> <figure class=\"wp-block-image size-large\"><img loading=\"lazy\" decoding=\"async\" width=\"720\" height=\"540\" data-id=\"2173\" src=\"https:\/\/charcoalplant.com\/wp-content\/uploads\/2022\/01\/wood-board-2.jpg\" alt=\"\" class=\"wp-image-2173\"\/><\/figure> <\/figure> <\/div>    <div class=\"wp-block-column is-layout-flow wp-block-column-is-layout-flow\"> <p><strong><a href=\"https:\/\/charcoalplant.com\/sw\/wood-wastes-recycling-machine\/log-chipper\/\">Mchimbaji wa mbao kusagwa na kusindika tena<\/a><\/strong><\/p>    <figure class=\"wp-block-gallery has-nested-images columns-default is-cropped wp-block-gallery-13 is-layout-flex wp-block-gallery-is-layout-flex\"> <figure class=\"wp-block-image size-large\"><img loading=\"lazy\" decoding=\"async\" width=\"720\" height=\"540\" data-id=\"2175\" src=\"https:\/\/charcoalplant.com\/wp-content\/uploads\/2022\/01\/wooden-pellet-1.jpg\" alt=\"\" class=\"wp-image-2175\"\/><\/figure> <\/figure> <\/div> <\/div>    <h2 class=\"wp-block-heading\" id=\"h-how-to-choose-the-right-wood-peeling-machine\"><strong>Jinsi ya kuchagua mashine sahihi ya kusafisha kuni?<\/strong><\/h2>    <p>Mashine ya kumenya\u00a0wima ya kuni ina mahitaji ya juu zaidi kwa malighafi. Ikiwa una rasilimali nyingi nzuri za kuni (sifa za mbao: moja kwa moja, hakuna kigugumizi, mafundo, na matawi), unaweza kuchagua mashine ya wima ya debarking. Bidhaa zilizokamilishwa zilizosindika zinaweza kufanywa kwa hisa, ufundi wa hali ya juu, au kuuzwa moja kwa moja.<\/p>    <p>Mashine\u00a0ya\u00a0kumenya\u00a0mbao\u00a0inafaa kwa aina mbalimbali za mbao, na inafaa zaidi kwa mbao nyembamba na matawi yenye kipenyo cha chini ya 30cm. Malighafi zinapatikana zaidi. Bidhaa zilizokamilishwa zilizochakatwa nayo hutumiwa zaidi katika usindikaji wa kuni, na viwanda vya utengenezaji ambavyo vina mahitaji ya juu ya bidhaa zilizosindikwa, kama vile vinu vya karatasi ambavyo vinahitaji ubora wa karatasi, vinu vya juu vya mkaa, na kadhalika.<\/p>","protected":false},"excerpt":{"rendered":"<p>Mashine ya kuni ya kuni inaweza moja kwa moja kuni. Mashine ya Shuliy inauza mashine za wima za debarker na mashine za ujazo.<\/p>","protected":false},"author":1,"featured_media":944,"parent":0,"template":"","tags":[64],"product-type":[3],"class_list":["post-789","product","type-product","status-publish","has-post-thumbnail","hentry","tag-wood-wastes-recycling-machine","product-type-wood-wastes-recycling-machine"],"_links":{"self":[{"href":"https:\/\/charcoalplant.com\/sw\/wp-json\/wp\/v2\/product\/789","targetHints":{"allow":["GET"]}}],"collection":[{"href":"https:\/\/charcoalplant.com\/sw\/wp-json\/wp\/v2\/product"}],"about":[{"href":"https:\/\/charcoalplant.com\/sw\/wp-json\/wp\/v2\/types\/product"}],"author":[{"embeddable":true,"href":"https:\/\/charcoalplant.com\/sw\/wp-json\/wp\/v2\/users\/1"}],"wp:featuredmedia":[{"embeddable":true,"href":"https:\/\/charcoalplant.com\/sw\/wp-json\/wp\/v2\/media\/944"}],"wp:attachment":[{"href":"https:\/\/charcoalplant.com\/sw\/wp-json\/wp\/v2\/media?parent=789"}],"wp:term":[{"taxonomy":"post_tag","embeddable":true,"href":"https:\/\/charcoalplant.com\/sw\/wp-json\/wp\/v2\/tags?post=789"},{"taxonomy":"product-type","embeddable":true,"href":"https:\/\/charcoalplant.com\/sw\/wp-json\/wp\/v2\/product-type?post=789"}],"curies":[{"name":"wp","href":"https:\/\/api.w.org\/{rel}","templated":true}]}}