{"id":999,"date":"2021-11-30T02:53:43","date_gmt":"2021-11-30T02:53:43","guid":{"rendered":"https:\/\/charcoalplant.com\/?p=999"},"modified":"2026-01-15T17:41:46","modified_gmt":"2026-01-15T09:41:46","slug":"sawdust-briquette-machine","status":"publish","type":"product","link":"https:\/\/charcoalplant.com\/sw\/product\/sawdust-briquette-machine\/","title":{"rendered":"Mashine ya Briquette ya Sawdust | Mashine ya Kutengeneza Mkaa wa Sawdust"},"content":{"rendered":"<div class=\"kk-star-ratings kksr-auto kksr-align-left kksr-valign-top\"     data-payload='{&quot;align&quot;:&quot;left&quot;,&quot;id&quot;:&quot;999&quot;,&quot;slug&quot;:&quot;default&quot;,&quot;valign&quot;:&quot;top&quot;,&quot;ignore&quot;:&quot;&quot;,&quot;reference&quot;:&quot;auto&quot;,&quot;class&quot;:&quot;&quot;,&quot;count&quot;:&quot;68&quot;,&quot;legendonly&quot;:&quot;&quot;,&quot;readonly&quot;:&quot;&quot;,&quot;score&quot;:&quot;4.8&quot;,&quot;starsonly&quot;:&quot;&quot;,&quot;best&quot;:&quot;5&quot;,&quot;gap&quot;:&quot;5&quot;,&quot;greet&quot;:&quot;Rate this product&quot;,&quot;legend&quot;:&quot;4.8\\\/5 - (68 votes)&quot;,&quot;size&quot;:&quot;24&quot;,&quot;title&quot;:&quot;Sawdust Briquette Machine | Sawdust Charcoal Making Machine&quot;,&quot;width&quot;:&quot;136.7&quot;,&quot;_legend&quot;:&quot;{score}\\\/{best} - ({count} {votes})&quot;,&quot;font_factor&quot;:&quot;1.25&quot;}'>              <div class=\"kksr-stars\">      <div class=\"kksr-stars-inactive\">             <div class=\"kksr-star\" data-star=\"1\" style=\"padding-right: 5px\">               <div class=\"kksr-icon\" style=\"width: 24px; height: 24px;\"><\/div>         <\/div>             <div class=\"kksr-star\" data-star=\"2\" style=\"padding-right: 5px\">               <div class=\"kksr-icon\" style=\"width: 24px; height: 24px;\"><\/div>         <\/div>             <div class=\"kksr-star\" data-star=\"3\" style=\"padding-right: 5px\">               <div class=\"kksr-icon\" style=\"width: 24px; height: 24px;\"><\/div>         <\/div>             <div class=\"kksr-star\" data-star=\"4\" style=\"padding-right: 5px\">               <div class=\"kksr-icon\" style=\"width: 24px; height: 24px;\"><\/div>         <\/div>             <div class=\"kksr-star\" data-star=\"5\" style=\"padding-right: 5px\">               <div class=\"kksr-icon\" style=\"width: 24px; height: 24px;\"><\/div>         <\/div>     <\/div>      <div class=\"kksr-stars-active\" style=\"width: 136.7px;\">             <div class=\"kksr-star\" style=\"padding-right: 5px\">               <div class=\"kksr-icon\" style=\"width: 24px; height: 24px;\"><\/div>         <\/div>             <div class=\"kksr-star\" style=\"padding-right: 5px\">               <div class=\"kksr-icon\" style=\"width: 24px; height: 24px;\"><\/div>         <\/div>             <div class=\"kksr-star\" style=\"padding-right: 5px\">               <div class=\"kksr-icon\" style=\"width: 24px; height: 24px;\"><\/div>         <\/div>             <div class=\"kksr-star\" style=\"padding-right: 5px\">               <div class=\"kksr-icon\" style=\"width: 24px; height: 24px;\"><\/div>         <\/div>             <div class=\"kksr-star\" style=\"padding-right: 5px\">               <div class=\"kksr-icon\" style=\"width: 24px; height: 24px;\"><\/div>         <\/div>     <\/div> <\/div>                   <div class=\"kksr-legend\" style=\"font-size: 19.2px;\">             4.8\/5 - (68 kura)    <\/div>     <\/div>  <p class=\"translation-block\"><strong>Mashine ya briketi za vumbi la mbao<\/strong> ni aina ya vifaa vinavyotumia vumbi mbalimbali la mbao kama malighafi kutengeneza vijiti vya biomasi. Na haihitaji kuongeza kiunganishi chochote wakati wa usindikaji wake. Kwa sababu ya sifa za kirafiki kwa mazingira na zinazostahimili kuungua za <strong><a href=\"https:\/\/charcoalplant.com\/sw\/news\/biomass-briquette-fuel-and-biomass-fuel\/\">kaa iliyotengenezwa kwa mashine<\/a><\/strong>, kuna mahitaji makubwa kwake katika masoko ya ndani na nje. Kwa hivyo, viwanda vikubwa vya makaa ya mawe vilikimbilia kununua mashine nyingi za briketi za vumbi la mbao kwa ajili ya usindikaji wa <a href=\"https:\/\/charcoalplant.com\/sw\/charcoal-making-machine-3\/\"><strong>mistari ya uzalishaji wa makaa ya mawe<\/strong>.<\/a> Wasiliana nasi sasa kwa taarifa za hivi karibuni za soko kuhusu mashine za makaa ya mawe.<\/p>    <h2 class=\"wp-block-heading\" id=\"h-what-is-sawdust-briquette-machine\">Mashine ya Briquette\u00a0Sawdust Ni Nini?<\/h2>    <p>Mashine ya briquette ya vumbi la mbao ni mojawapo ya vifaa muhimu vya mstari wa uzalishaji wa mashine ya mkaa. Kawaida, mashine ya kutengenezea mkaa na kiyoyozi huwekwa mbele ya mashine ya mkaa. Kusudi ni kuipatia malighafi kavu. Mashine mpya ya kutengenezea vijiti vya kuokoa nishati ya mkaa hutumia teknolojia ya kutengeneza vijiti ya upashaji joto wa sumakuumeme na ubonyezo wa skrubu. Matokeo yake, hutoa briquettes za vumbi ambazo ni mnene na ngumu zaidi.<\/p>    <figure class=\"wp-block-image aligncenter size-full\"><img loading=\"lazy\" decoding=\"async\" width=\"720\" height=\"540\" src=\"https:\/\/charcoalplant.com\/wp-content\/uploads\/2022\/02\/sawdust-briquette-machine.jpg\" alt=\"mashine ya briquette ya vumbi\" class=\"wp-image-2377\"\/><figcaption class=\"wp-element-caption\">mashine ya briquette ya vumbi<\/figcaption><\/figure>    <h2 class=\"wp-block-heading\" id=\"h-raw-material-for-sawdust-briquette-machine\">Malighafi Kwa Mashine ya Briquette\u00a0ya Machujo<\/h2>    <p>Kwa kweli, mashine ya kutengeneza briquette ya vumbi ni rafiki wa mazingira. Wakati huo huo, pia ni vifaa vya usindikaji na thamani ya juu ya kiuchumi. Malighafi yake ni pellets za vumbi la mbao na unyevu wa chini ya 12% na ukubwa wa chini ya 6mm. Kwa mfano, machujo ya mbao, maganda ya mpunga, majani, chips za mianzi, mabua ya ubakaji, maganda ya karanga, mabua ya pamba, n.k. Takataka nyingine za kawaida za nyumbani. Kama vile mashamba ya kahawa, maganda, maganda ya mbegu ya chai, n.k. (Kumbuka: Nyenzo ambazo hazifikii ukubwa wa malisho zinahitaji kusagwa kwanza.)<\/p>    <figure class=\"wp-block-gallery has-nested-images columns-default is-cropped wp-block-gallery-2 is-layout-flex wp-block-gallery-is-layout-flex\"> <figure class=\"wp-block-image size-large\"><img loading=\"lazy\" decoding=\"async\" width=\"720\" height=\"540\" data-id=\"2364\" src=\"https:\/\/charcoalplant.com\/wp-content\/uploads\/2022\/02\/bamboo.jpg\" alt=\"mianzi\" class=\"wp-image-2364\"\/><figcaption class=\"wp-element-caption\">mianzi<\/figcaption><\/figure>    <figure class=\"wp-block-image size-large\"><img loading=\"lazy\" decoding=\"async\" width=\"600\" height=\"400\" data-id=\"2361\" src=\"https:\/\/charcoalplant.com\/wp-content\/uploads\/2022\/02\/coffee-grounds.jpg\" alt=\"viwanja vya kahawa\" class=\"wp-image-2361\"\/><figcaption class=\"wp-element-caption\">viwanja vya kahawa<\/figcaption><\/figure>    <figure class=\"wp-block-image size-large\"><img loading=\"lazy\" decoding=\"async\" width=\"720\" height=\"540\" data-id=\"2365\" src=\"https:\/\/charcoalplant.com\/wp-content\/uploads\/2022\/02\/cotton-stalk-1.jpg\" alt=\"pamba-bua\" class=\"wp-image-2365\"\/><figcaption class=\"wp-element-caption\">pamba-bua<\/figcaption><\/figure>    <figure class=\"wp-block-image size-large\"><img loading=\"lazy\" decoding=\"async\" width=\"720\" height=\"540\" data-id=\"2362\" src=\"https:\/\/charcoalplant.com\/wp-content\/uploads\/2022\/02\/peanut-shell-1.jpg\" alt=\"ganda la karanga\" class=\"wp-image-2362\"\/><figcaption class=\"wp-element-caption\">ganda la karanga<\/figcaption><\/figure>    <figure class=\"wp-block-image size-large\"><img loading=\"lazy\" decoding=\"async\" width=\"720\" height=\"540\" data-id=\"2363\" src=\"https:\/\/charcoalplant.com\/wp-content\/uploads\/2022\/02\/rice-husk-1.jpg\" alt=\"maganda ya mchele\" class=\"wp-image-2363\"\/><figcaption class=\"wp-element-caption\">maganda ya mchele<\/figcaption><\/figure>    <figure class=\"wp-block-image size-large\"><img loading=\"lazy\" decoding=\"async\" width=\"720\" height=\"540\" data-id=\"2366\" src=\"https:\/\/charcoalplant.com\/wp-content\/uploads\/2022\/02\/sawdust-2.jpg\" alt=\"vumbi la mbao\" class=\"wp-image-2366\"\/><figcaption class=\"wp-element-caption\">vumbi la mbao<\/figcaption><\/figure> <\/figure>    <h2 class=\"wp-block-heading\" id=\"h-structure-of-biomass-briquetting-machine\">Muundo wa Mashine ya Kutengeneza Briquette\u00a0ya Sawdust<\/h2>    <p>Muundo kuu wa mashine ya briquette ya vumbi ni pamoja na ghuba, plagi, baraza la mawaziri la usambazaji wa nguvu, pulley, motor, na kadhalika. Vifaa vyake vinavyohusiana ni pete ya joto, propela ya screw, na kuzaa. Muundo wa jumla wa extruder ya briquette ya sawdust ni compact na nzuri kwa kuonekana.<\/p>    <figure class=\"wp-block-image aligncenter size-full\"><img loading=\"lazy\" decoding=\"async\" width=\"720\" height=\"540\" src=\"https:\/\/charcoalplant.com\/wp-content\/uploads\/2022\/02\/sawdust-biomass-briquette-machine.jpg\" alt=\"\" class=\"wp-image-2380\"\/><\/figure>    <div class=\"wp-block-columns has-background is-layout-flex wp-container-core-columns-is-layout-28f84493 wp-block-columns-is-layout-flex\" style=\"background-color:#f1f1f1\"> <div class=\"wp-block-column is-layout-flow wp-block-column-is-layout-flow\" style=\"flex-basis:66.66%\"> <figure class=\"wp-block-gallery has-nested-images columns-default is-cropped wp-block-gallery-3 is-layout-flex wp-block-gallery-is-layout-flex\"> <figure class=\"wp-block-image size-large\"><img loading=\"lazy\" decoding=\"async\" width=\"720\" height=\"540\" data-id=\"1005\" src=\"https:\/\/charcoalplant.com\/wp-content\/uploads\/2021\/11\/Metal-heating-ring-1.jpg\" alt=\"Metal-inapokanzwa-pete\" class=\"wp-image-1005\" srcset=\"https:\/\/charcoalplant.com\/wp-content\/uploads\/2021\/11\/Metal-heating-ring-1.jpg 720w, https:\/\/charcoalplant.com\/wp-content\/uploads\/2021\/11\/Metal-heating-ring-1-300x225.jpg 300w\" sizes=\"auto, (max-width: 720px) 100vw, 720px\" \/><figcaption class=\"wp-element-caption\">Metal-inapokanzwa-pete<\/figcaption><\/figure> <\/figure> <\/div>    <div class=\"wp-block-column is-vertically-aligned-center is-layout-flow wp-block-column-is-layout-flow\" style=\"flex-basis:33.33%\"> <p class=\"translation-block\"><strong>Pete ya kupasha joto metali<\/strong><\/p>    <p>Kifaa kilichoundwa kikamilifu cha kudhibiti umeme inapokanzwa haiwezi tu kurekebisha unyevu kavu wa nyenzo kwa nasibu. Aidha, inahakikisha utulivu wa kutekeleza na kuunda na kuboresha ufanisi wa kazi.<\/p> <\/div> <\/div>    <div class=\"wp-block-columns has-background is-layout-flex wp-container-core-columns-is-layout-28f84493 wp-block-columns-is-layout-flex\" style=\"background-color:#f1f1f1\"> <div class=\"wp-block-column is-vertically-aligned-center is-layout-flow wp-block-column-is-layout-flow\" style=\"flex-basis:33.33%\"> <p class=\"translation-block\"><strong>Propela ya skrubu<\/strong><\/p>    <p>Sehemu ya propeller ya mashine ya kutengeneza fimbo inachukua usindikaji wa nyenzo, ambayo huongeza muda wa uzalishaji na kuongeza maisha ya huduma.<\/p> <\/div>    <div class=\"wp-block-column is-layout-flow wp-block-column-is-layout-flow\" style=\"flex-basis:66.66%\"> <figure class=\"wp-block-gallery has-nested-images columns-default is-cropped wp-block-gallery-4 is-layout-flex wp-block-gallery-is-layout-flex\"> <figure class=\"wp-block-image size-large\"><img loading=\"lazy\" decoding=\"async\" width=\"720\" height=\"540\" data-id=\"1008\" src=\"https:\/\/charcoalplant.com\/wp-content\/uploads\/2021\/11\/Screw-propeller-1.jpg\" alt=\"Screw-propeller\" class=\"wp-image-1008\" srcset=\"https:\/\/charcoalplant.com\/wp-content\/uploads\/2021\/11\/Screw-propeller-1.jpg 720w, https:\/\/charcoalplant.com\/wp-content\/uploads\/2021\/11\/Screw-propeller-1-300x225.jpg 300w\" sizes=\"auto, (max-width: 720px) 100vw, 720px\" \/><figcaption class=\"wp-element-caption\">Screw-propeller<\/figcaption><\/figure> <\/figure> <\/div> <\/div>    <div class=\"wp-block-columns has-background is-layout-flex wp-container-core-columns-is-layout-28f84493 wp-block-columns-is-layout-flex\" style=\"background-color:#f1f1f1\"> <div class=\"wp-block-column is-layout-flow wp-block-column-is-layout-flow\" style=\"flex-basis:66.66%\"> <figure class=\"wp-block-gallery has-nested-images columns-default is-cropped wp-block-gallery-5 is-layout-flex wp-block-gallery-is-layout-flex\"> <figure class=\"wp-block-image size-large\"><img loading=\"lazy\" decoding=\"async\" width=\"720\" height=\"540\" data-id=\"2368\" src=\"https:\/\/charcoalplant.com\/wp-content\/uploads\/2022\/02\/mould.jpg\" alt=\"\" class=\"wp-image-2368\"\/><\/figure> <\/figure> <\/div>    <div class=\"wp-block-column is-vertically-aligned-center is-layout-flow wp-block-column-is-layout-flow\" style=\"flex-basis:33.33%\"> <p class=\"translation-block\"><strong>Kifaa<\/strong><\/p>    <p>Mashine ya kutengeneza vijiti vya mbao ni tofauti. Kwa hivyo, inaweza kutoa briketi za vumbi la polygonal kama vile quadrilateral, hexagonal, nk.<\/p> <\/div> <\/div>    <h2 class=\"wp-block-heading\" id=\"parameters-of-sawdust-briquette-making-machine\">Vigezo vya Mashine ya Kutengeneza Briquette ya Sawdust<\/h2>    <figure class=\"wp-block-table is-style-stripes\"><table><tbody><tr><td>Mfano<\/td><td>SL-WB50<\/td><\/tr><tr><td>Uwezo<\/td><td>250-350kg kwa saa<\/td><\/tr><tr><td>Nguvu<\/td><td>18.5kw\/22kw<\/td><\/tr><tr><td>Dimension<\/td><td>1.7*0.7*1.4m<\/td><\/tr><tr><td>Uzito<\/td><td>700kg<\/td><\/tr><\/tbody><\/table><\/figure>    <h2 class=\"wp-block-heading\" id=\"video-of-biomass-briket-forming-machine\">Video ya Mashine ya briquette ya Sawdust Biomass<\/h2>    <figure class=\"wp-block-embed is-type-video is-provider-youtube wp-block-embed-youtube wp-embed-aspect-16-9 wp-has-aspect-ratio\"><div class=\"wp-block-embed__wrapper\"> <iframe loading=\"lazy\" title=\"Mtengenezaji wa Mashine ya Sawdust Briquette | Kiwanda cha Kutengeneza Majani #biomassdust#sawdust#scrapbamboo\" width=\"500\" height=\"281\" src=\"https:\/\/www.youtube.com\/embed\/XAOrW47NuvA?feature=oembed\" frameborder=\"0\" allow=\"accelerometer; autoplay; clipboard-write; encrypted-media; gyroscope; picture-in-picture; web-share\" referrerpolicy=\"strict-origin-when-cross-origin\" allowfullscreen><\/iframe> <\/div><figcaption class=\"wp-element-caption\">mtengenezaji wa mashine ya briquette ya vumbi<\/figcaption><\/figure>    <h2 class=\"wp-block-heading\" id=\"h-features-of-sawdust-briquetting-equipment\">Vipengele vya Mashine ya Kutengeneza Briquette ya Sawdust <\/h2>    <p class=\"translation-block\">Sisi ni watengenezaji maalumu wa mstari wa uzalishaji wa mashine za makaa ya mawe. Tuna uzoefu mwingi katika kutengeneza mashine za kutengeneza fimbo za vumbi la mbao, <strong><a href=\"https:\/\/charcoalplant.com\/sw\/carbonization-furnace\/vertical-carbonization-furnace\/\">tanuri za kuungamua<\/a>,<\/strong> na vipasua. Kwa hivyo, mashine yetu ya kubana briketi za vumbi la mbao ina sifa zifuatazo:<\/p>    <h3 class=\"wp-block-heading\">1. Usalama<\/h3>    <p>Muundo wa kifuniko cha chuma cha vifaa na baraza la mawaziri la usambazaji wa nguvu linajumuisha kikamilifu sifa za usalama.<\/p>    <h3 class=\"wp-block-heading\">2. Smart<\/h3>    <p>Kuna vifungo vingi kwenye baraza la mawaziri la usambazaji wa nguvu, vingine vya kudhibiti halijoto na vingine vya kuonyesha voltage. Kuanza kwa ufunguo mmoja, hakuna haja ya kufanya kazi sana.<\/p>    <h3 class=\"wp-block-heading\">3. Ubora mzuri<\/h3>    <p>Kiwanda chetu kinatumia vifaa vya chuma vinavyokidhi viwango vya kimataifa. Kwa maneno mengine, mashine za kutengeneza fimbo za majani tunazozalisha zote zimeidhinishwa kimataifa.<\/p>    <h3 class=\"wp-block-heading\">4. Shinikizo kali<\/h3>    <p>Shinikizo la juu la mashine ya briquette ya machujo inaweza kutoa vijiti vya biomass ya juu-wiani. Kwa sababu wiani wa fimbo za biomass ni kubwa zaidi, wakati wa kuchoma utakuwa mrefu zaidi. Kwa hivyo athari ya kuchoma itakuwa bora.<\/p>    <figure class=\"wp-block-image aligncenter size-full\"><img loading=\"lazy\" decoding=\"async\" width=\"720\" height=\"540\" src=\"https:\/\/charcoalplant.com\/wp-content\/uploads\/2022\/01\/biomass-briquette-extruder-plant.jpg\" alt=\"mimea briquette extruder mimea\" class=\"wp-image-1787\" srcset=\"https:\/\/charcoalplant.com\/wp-content\/uploads\/2022\/01\/biomass-briquette-extruder-plant.jpg 720w, https:\/\/charcoalplant.com\/wp-content\/uploads\/2022\/01\/biomass-briquette-extruder-plant-300x225.jpg 300w\" sizes=\"auto, (max-width: 720px) 100vw, 720px\" \/><figcaption class=\"wp-element-caption\">mimea briquette extruder mimea<\/figcaption><\/figure>    <h2 class=\"wp-block-heading\" id=\"h-how-to-use-screw-biomass-briquette-press-machine\">Jinsi ya Kutumia Screw Biomass Briquette Press\u00a0Machine?<\/h2>    <p>Inapaswa kusisitizwa hapa kwamba mashine ya briquette ya sawdust lazima iondolewe kabla ya matumizi. Kwa sababu ikiwa sehemu za mashine ya vijiti vya mbao hazitawekwa vizuri, zitatoa vijiti vya ubora mbaya. Zifuatazo ni hatua za kutumia mashine ya kutengeneza vijiti vya mbao:<\/p>    <p>1. Anzisha kifungo cha kubadili na kuruhusu mashine joto hadi digrii 380.<\/p>    <p>2. Mimina machujo ya mbao kwenye ghuba ya kulisha.<\/p>    <p>3. Angalia rangi na gloss ya fimbo ya mbao.<\/p>    <p>Uso wa fimbo ya majani ni laini na hudhurungi, ikionyesha kuwa mashine ya kutengeneza vijiti inaweza kutumika moja kwa moja. Vinginevyo, kifaa kinahitaji kusahihishwa.<\/p>    <figure class=\"wp-block-image aligncenter size-full\"><img loading=\"lazy\" decoding=\"async\" width=\"720\" height=\"540\" src=\"https:\/\/charcoalplant.com\/wp-content\/uploads\/2022\/02\/biomass-briquetting-machine-forsale.jpg\" alt=\"\" class=\"wp-image-2370\"\/><\/figure>    <h2 class=\"wp-block-heading\" id=\"h-biomass-briquette-machine-for-sale\">Mashine\u00a0ya\u00a0Briquette\u00a0inauzwa\u00a0inauzwa<\/h2>    <p class=\"translation-block\">Shuliy Machinery Equipment Co., Ltd. \u00e4r en utm\u00e4rkt tillverkare av kolmaskiner. Vi s\u00e4ljer halmpressar, <a href=\"https:\/\/charcoalplant.com\/sw\/rice-husk-dryer\/\"><strong>risaska torkmaskiner<\/strong><\/a>, <strong><a href=\"https:\/\/charcoalplant.com\/sw\/log-chipper\/\">vedklyvor<\/a><\/strong>, osv. Genom kontinuerlig unders\u00f6kning av marknaden f\u00f6r s\u00e5gmassbrikettermaskiner har vi gjort rimliga f\u00f6rb\u00e4ttringar av utrustningen. Utseendet \u00e4r mer koncist \u00e4n tidigare. Strukturm\u00e4ssigt \u00e4r det l\u00e4ttare att reparera och byta delar \u00e4n tidigare. S\u00e5 kontakta oss nu f\u00f6r att f\u00e5 den senaste produktpriset.<\/p>    <figure class=\"wp-block-gallery has-nested-images columns-default is-cropped wp-block-gallery-6 is-layout-flex wp-block-gallery-is-layout-flex\"> <figure class=\"wp-block-image size-full\"><img loading=\"lazy\" decoding=\"async\" width=\"720\" height=\"540\" data-id=\"2371\" src=\"https:\/\/charcoalplant.com\/wp-content\/uploads\/2022\/02\/sawdust-briquette-machine-plant.jpg\" alt=\"\" class=\"wp-image-2371\"\/><figcaption class=\"wp-element-caption\">vumbi-briquette-extruder<\/figcaption><\/figure>    <figure class=\"wp-block-image size-full\"><img loading=\"lazy\" decoding=\"async\" width=\"720\" height=\"540\" data-id=\"2372\" src=\"https:\/\/charcoalplant.com\/wp-content\/uploads\/2022\/02\/shippment-1.jpg\" alt=\"\" class=\"wp-image-2372\"\/><figcaption class=\"wp-element-caption\">Imeboreshwa<\/figcaption><\/figure> <\/figure>    <h2 class=\"wp-block-heading\" id=\"h-application-of-sawdust-briquetting-extruder-machine\">Utumiaji wa Mashine ya Kutoa Mashine ya Kutoa Machujo ya Machujo <\/h2>    <p>Fimbo ya biomass inayozalishwa na sawdust\u00a0briquette\u00a0extruder\u00a0iko katika hali ya utupu. Bidhaa hizi za kumaliza sio tu zinaweza kutumika moja kwa moja kwa mwako wa boiler. Pia inafaa kwa mimea ya mkaa kutengeneza mkaa baada ya kusindika. Kwa kifupi, kwa sasa ni nyenzo maarufu sana ya kuchoma.<\/p>    <figure class=\"wp-block-gallery has-nested-images columns-default is-cropped wp-block-gallery-7 is-layout-flex wp-block-gallery-is-layout-flex\"> <figure class=\"wp-block-image size-large\"><img loading=\"lazy\" decoding=\"async\" width=\"720\" height=\"540\" data-id=\"1791\" src=\"https:\/\/charcoalplant.com\/wp-content\/uploads\/2022\/01\/biomass-rod-.jpg\" alt=\"fimbo ya majani\" class=\"wp-image-1791\" srcset=\"https:\/\/charcoalplant.com\/wp-content\/uploads\/2022\/01\/biomass-rod-.jpg 720w, https:\/\/charcoalplant.com\/wp-content\/uploads\/2022\/01\/biomass-rod--300x225.jpg 300w\" sizes=\"auto, (max-width: 720px) 100vw, 720px\" \/><figcaption class=\"wp-element-caption\">fimbo ya majani<\/figcaption><\/figure>    <figure class=\"wp-block-image size-full\"><img loading=\"lazy\" decoding=\"async\" width=\"720\" height=\"540\" data-id=\"1788\" src=\"https:\/\/charcoalplant.com\/wp-content\/uploads\/2022\/01\/packed-sawdust-briquette.jpg\" alt=\"packed-sawdust-briquette\" class=\"wp-image-1788\" srcset=\"https:\/\/charcoalplant.com\/wp-content\/uploads\/2022\/01\/packed-sawdust-briquette.jpg 720w, https:\/\/charcoalplant.com\/wp-content\/uploads\/2022\/01\/packed-sawdust-briquette-300x225.jpg 300w\" sizes=\"auto, (max-width: 720px) 100vw, 720px\" \/><figcaption class=\"wp-element-caption\">packed-sawdust-briquette<\/figcaption><\/figure> <\/figure>","protected":false},"excerpt":{"rendered":"<p>Mashine ya briquette ya sawdust ni zana muhimu ya kutengeneza vijiti vya majani. Vijiti vina kiwango cha juu cha kuchomwa moto, ambacho kinajulikana sana.<\/p>","protected":false},"author":1,"featured_media":1973,"parent":0,"template":"","tags":[66],"product-type":[43],"class_list":["post-999","product","type-product","status-publish","has-post-thumbnail","hentry","tag-biomass-briquette-machine","product-type-biomass-briquette-machine"],"_links":{"self":[{"href":"https:\/\/charcoalplant.com\/sw\/wp-json\/wp\/v2\/product\/999","targetHints":{"allow":["GET"]}}],"collection":[{"href":"https:\/\/charcoalplant.com\/sw\/wp-json\/wp\/v2\/product"}],"about":[{"href":"https:\/\/charcoalplant.com\/sw\/wp-json\/wp\/v2\/types\/product"}],"author":[{"embeddable":true,"href":"https:\/\/charcoalplant.com\/sw\/wp-json\/wp\/v2\/users\/1"}],"wp:featuredmedia":[{"embeddable":true,"href":"https:\/\/charcoalplant.com\/sw\/wp-json\/wp\/v2\/media\/1973"}],"wp:attachment":[{"href":"https:\/\/charcoalplant.com\/sw\/wp-json\/wp\/v2\/media?parent=999"}],"wp:term":[{"taxonomy":"post_tag","embeddable":true,"href":"https:\/\/charcoalplant.com\/sw\/wp-json\/wp\/v2\/tags?post=999"},{"taxonomy":"product-type","embeddable":true,"href":"https:\/\/charcoalplant.com\/sw\/wp-json\/wp\/v2\/product-type?post=999"}],"curies":[{"name":"wp","href":"https:\/\/api.w.org\/{rel}","templated":true}]}}