{"id":45,"date":"2021-12-28T09:51:03","date_gmt":"2021-12-28T09:51:03","guid":{"rendered":"http:\/\/charcoalplant.local\/?page_id=45"},"modified":"2024-03-29T15:17:15","modified_gmt":"2024-03-29T07:17:15","slug":"first-purchase-consultation","status":"publish","type":"page","link":"https:\/\/charcoalplant.com\/tr\/first-purchase-consultation\/","title":{"rendered":"\u0130lk sat\u0131n alma dan\u0131\u015fmanl\u0131\u011f\u0131"},"content":{"rendered":"<p class=\"has-normal-font-size translation-block\"><strong>Shuliy Makina<\/strong> Ekipman A.\u015e.'ye ho\u015f geldiniz. Daha iyi bir al\u0131\u015fveri\u015f deneyimi i\u00e7in sizin i\u00e7in ayr\u0131nt\u0131l\u0131 bir sat\u0131n alma k\u0131lavuzu haz\u0131rlad\u0131k. <\/p>    <p class=\"has-normal-font-size translation-block\">Burada size \u015firketimizin baz\u0131 \u00f6zel \u00fcr\u00fcnlerini tan\u0131tay\u0131m. \u00d6rne\u011fin karbonizasyon f\u0131r\u0131n\u0131, hindistan cevizi kabu\u011fu k\u00f6m\u00fcr makinesi, k\u00f6m\u00fcr briket makinesi ve tala\u015f briket makinesi. Di\u011fer \u00fcr\u00fcnler de iyi, bunlar aras\u0131nda ah\u015fap soyma makinesi, k\u00fct\u00fck yonga makinesi, ah\u015fap \u00f6\u011f\u00fct\u00fcc\u00fc, ah\u015fap yonga makinesi ve benzerleri bulunmaktad\u0131r. <\/p>    <p class=\"has-normal-font-size translation-block\">Web sitemizde zengin bir \u00fcr\u00fcn yelpazesi bulunmaktad\u0131r. \u0130sti\u015fare i\u00e7in m\u00fc\u015fteri hizmetleriyle de ileti\u015fime ge\u00e7ebilirsiniz. Makinenin ad\u0131n\u0131 bilmiyorsan\u0131z, bize ham maddelerinizin ne oldu\u011funu, ne t\u00fcr \u00fcr\u00fcnler yapmay\u0131 planlad\u0131\u011f\u0131n\u0131z\u0131, b\u00fct\u00e7enizin ne oldu\u011funu vb. s\u00f6yleyebilirsiniz. Size uygun \u00e7\u00f6z\u00fcmler \u00f6neriyoruz.<\/p>    <h2 class=\"wp-block-heading\" id=\"h-popular-products\">Pop\u00fcler \u00dcr\u00fcnler<\/h2>    <div class=\"wp-block-columns is-layout-flex wp-container-core-columns-is-layout-28f84493 wp-block-columns-is-layout-flex\"> <div class=\"wp-block-column is-layout-flow wp-block-column-is-layout-flow\"> <p><a href=\"https:\/\/charcoalplant.com\/tr\/carbonization-furnace\/vertical-carbonization-furnace\/\">Dikey K\u00f6m\u00fcrle\u015fme F\u0131r\u0131n\u0131 | Log K\u00f6m\u00fcrle\u015ftirme F\u0131r\u0131n\u0131 Tesisi<\/a><\/p>    <figure class=\"wp-block-gallery has-nested-images columns-default is-cropped wp-block-gallery-2 is-layout-flex wp-block-gallery-is-layout-flex\"> <figure class=\"wp-block-image size-large\"><img loading=\"lazy\" decoding=\"async\" width=\"720\" height=\"540\" data-id=\"1112\" src=\"https:\/\/charcoalplant.com\/wp-content\/uploads\/2021\/12\/Vertical-carbonization-furnace-Production-line-1-1.jpg\" alt=\"Dikey karbonizasyon f\u0131r\u0131n\u0131 \u00dcretim hatt\u0131\" class=\"wp-image-1112\" srcset=\"https:\/\/charcoalplant.com\/wp-content\/uploads\/2021\/12\/Vertical-carbonization-furnace-Production-line-1-1.jpg 720w, https:\/\/charcoalplant.com\/wp-content\/uploads\/2021\/12\/Vertical-carbonization-furnace-Production-line-1-1-300x225.jpg 300w\" sizes=\"auto, (max-width: 720px) 100vw, 720px\" \/><figcaption class=\"wp-element-caption\">Dikey karbonizasyon f\u0131r\u0131n\u0131 \u00dcretim hatt\u0131<\/figcaption><\/figure> <\/figure> <\/div>    <div class=\"wp-block-column is-layout-flow wp-block-column-is-layout-flow\"> <p><a href=\"https:\/\/charcoalplant.com\/tr\/biomass-briquette-machine\/sawdust-briquette-machine\/\">Tala\u015f Briket Makinas\u0131 | Sat\u0131l\u0131k Biyok\u00fctle Briket Makinas\u0131<\/a><\/p>    <figure class=\"wp-block-gallery has-nested-images columns-default is-cropped wp-block-gallery-3 is-layout-flex wp-block-gallery-is-layout-flex\"> <figure class=\"wp-block-image size-large\"><img loading=\"lazy\" decoding=\"async\" width=\"720\" height=\"540\" data-id=\"1001\" src=\"https:\/\/charcoalplant.com\/wp-content\/uploads\/2021\/11\/\u5c01\u9762-1.jpg\" alt=\"Tala\u015f Briket Makinas\u0131\" class=\"wp-image-1001\" srcset=\"https:\/\/charcoalplant.com\/wp-content\/uploads\/2021\/11\/\u5c01\u9762-1.jpg 720w, https:\/\/charcoalplant.com\/wp-content\/uploads\/2021\/11\/\u5c01\u9762-1-300x225.jpg 300w\" sizes=\"auto, (max-width: 720px) 100vw, 720px\" \/><figcaption class=\"wp-element-caption\">Tala\u015f Briket Makinas\u0131<\/figcaption><\/figure> <\/figure> <\/div> <\/div>    <div class=\"wp-block-columns is-layout-flex wp-container-core-columns-is-layout-28f84493 wp-block-columns-is-layout-flex\"> <div class=\"wp-block-column is-layout-flow wp-block-column-is-layout-flow\"> <p><a href=\"https:\/\/charcoalplant.com\/tr\/charcoal-briquetting-machine\/charcoal-powder-briquette-machine\/\">K\u00f6m\u00fcr Tozu Briket Makinas\u0131 | K\u00f6m\u00fcr Pres Makinesi \u00dcreticisi<\/a><\/p>    <figure class=\"wp-block-gallery has-nested-images columns-default is-cropped wp-block-gallery-4 is-layout-flex wp-block-gallery-is-layout-flex\"> <figure class=\"wp-block-image size-large\"><img loading=\"lazy\" decoding=\"async\" width=\"720\" height=\"540\" data-id=\"1197\" src=\"https:\/\/charcoalplant.com\/wp-content\/uploads\/2021\/12\/charcoal-powder-briquette-machine-price-1.jpg\" alt=\"k\u00f6m\u00fcr tozu briket makinesi fiyat\u0131\" class=\"wp-image-1197\" srcset=\"https:\/\/charcoalplant.com\/wp-content\/uploads\/2021\/12\/charcoal-powder-briquette-machine-price-1.jpg 720w, https:\/\/charcoalplant.com\/wp-content\/uploads\/2021\/12\/charcoal-powder-briquette-machine-price-1-300x225.jpg 300w\" sizes=\"auto, (max-width: 720px) 100vw, 720px\" \/><figcaption class=\"wp-element-caption\">k\u00f6m\u00fcr tozu briket makinesi fiyat\u0131<\/figcaption><\/figure> <\/figure> <\/div>    <div class=\"wp-block-column is-layout-flow wp-block-column-is-layout-flow\"> <p><a href=\"https:\/\/charcoalplant.com\/tr\/charcoal-briquetting-machine\/best-shisha-charcoal-machine\/\">En \u0130yi Nargile K\u00f6m\u00fcr\u00fc Makinesi | Hindistan Cevizi K\u00f6m\u00fcr\u00fc Tablet Presi<\/a><\/p>    <figure class=\"wp-block-gallery has-nested-images columns-default is-cropped wp-block-gallery-5 is-layout-flex wp-block-gallery-is-layout-flex\"> <figure class=\"wp-block-image size-large\"><img loading=\"lazy\" decoding=\"async\" width=\"720\" height=\"540\" data-id=\"1356\" src=\"https:\/\/charcoalplant.com\/wp-content\/uploads\/2021\/12\/best-shisha-charcoal-machine-supplier-1.jpg\" alt=\"en iyi nargile k\u00f6m\u00fcr\u00fc makinesi tedarik\u00e7isi\" class=\"wp-image-1356\" srcset=\"https:\/\/charcoalplant.com\/wp-content\/uploads\/2021\/12\/best-shisha-charcoal-machine-supplier-1.jpg 720w, https:\/\/charcoalplant.com\/wp-content\/uploads\/2021\/12\/best-shisha-charcoal-machine-supplier-1-300x225.jpg 300w\" sizes=\"auto, (max-width: 720px) 100vw, 720px\" \/><figcaption class=\"wp-element-caption\">en iyi nargile k\u00f6m\u00fcr\u00fc makinesi tedarik\u00e7isi<\/figcaption><\/figure> <\/figure> <\/div> <\/div>    <h2 class=\"wp-block-heading\">\u00d6nerilen \u00dcr\u00fcnler<\/h2>    <div class=\"wp-block-columns is-layout-flex wp-container-core-columns-is-layout-28f84493 wp-block-columns-is-layout-flex\"> <div class=\"wp-block-column is-layout-flow wp-block-column-is-layout-flow\"> <p><a href=\"https:\/\/charcoalplant.com\/tr\/drying-machine\/rice-husk-dryer\/\">Pirin\u00e7 Kabu\u011fu Kurutucu | Kurutma Makinesi \u00dcreticisi<\/a><\/p>    <figure class=\"wp-block-gallery has-nested-images columns-default is-cropped wp-block-gallery-6 is-layout-flex wp-block-gallery-is-layout-flex\"> <figure class=\"wp-block-image size-large\"><img loading=\"lazy\" decoding=\"async\" width=\"720\" height=\"540\" data-id=\"960\" src=\"https:\/\/charcoalplant.com\/wp-content\/uploads\/2021\/11\/Rice-husk-dryer-1.jpg\" alt=\"Pirin\u00e7 kabu\u011fu kurutma makinesi\" class=\"wp-image-960\" srcset=\"https:\/\/charcoalplant.com\/wp-content\/uploads\/2021\/11\/Rice-husk-dryer-1.jpg 720w, https:\/\/charcoalplant.com\/wp-content\/uploads\/2021\/11\/Rice-husk-dryer-1-300x225.jpg 300w\" sizes=\"auto, (max-width: 720px) 100vw, 720px\" \/><figcaption class=\"wp-element-caption\">Pirin\u00e7 kabu\u011fu kurutma makinesi<\/figcaption><\/figure> <\/figure> <\/div>    <div class=\"wp-block-column is-layout-flow wp-block-column-is-layout-flow\"> <p class=\"translation-block\"><a href=\"https:\/\/charcoalplant.com\/tr\/wood-wastes-recycling-machine\/hammer-mill\/\"><\/a><a href=\"https:\/\/charcoalplant.com\/tr\/product\/charcoal-briquettes-packing-machine\/\"><a href=\"https:\/\/charcoalplant.com\/tr\/briquettes-packing-machine\/charcoal-briquettes-packing-machine\/\">K\u00f6m\u00fcr Briket Paketleme Makinesi | K\u00f6m\u00fcr Sar\u0131c\u0131<\/a><\/a><\/p>    <figure class=\"wp-block-gallery has-nested-images columns-default is-cropped wp-block-gallery-7 is-layout-flex wp-block-gallery-is-layout-flex\"> <figure class=\"wp-block-image size-large\"><img loading=\"lazy\" decoding=\"async\" width=\"720\" height=\"540\" data-id=\"1503\" src=\"https:\/\/charcoalplant.com\/wp-content\/uploads\/2021\/12\/Shisha-Charcoal-Packing-Machine-1.jpg\" alt=\"Nargile K\u00f6m\u00fcr\u00fc Paketleme Makinas\u0131\" class=\"wp-image-1503\" srcset=\"https:\/\/charcoalplant.com\/wp-content\/uploads\/2021\/12\/Shisha-Charcoal-Packing-Machine-1.jpg 720w, https:\/\/charcoalplant.com\/wp-content\/uploads\/2021\/12\/Shisha-Charcoal-Packing-Machine-1-300x225.jpg 300w\" sizes=\"auto, (max-width: 720px) 100vw, 720px\" \/><figcaption class=\"wp-element-caption\">Nargile K\u00f6m\u00fcr\u00fc Paketleme Makinas\u0131<\/figcaption><\/figure> <\/figure> <\/div>    <div class=\"wp-block-column is-layout-flow wp-block-column-is-layout-flow\"> <p><a href=\"https:\/\/charcoalplant.com\/tr\/grinder-and-mixer\/charcoal-shredder\/\">K\u00f6m\u00fcr Par\u00e7alay\u0131c\u0131 | K\u00f6m\u00fcr Kompozit K\u0131rma Makinas\u0131<\/a><\/p>    <figure class=\"wp-block-gallery has-nested-images columns-default is-cropped wp-block-gallery-8 is-layout-flex wp-block-gallery-is-layout-flex\"> <figure class=\"wp-block-image size-large\"><img loading=\"lazy\" decoding=\"async\" width=\"720\" height=\"540\" data-id=\"1714\" src=\"https:\/\/charcoalplant.com\/wp-content\/uploads\/2021\/12\/charcoal-shredder-manufacturer-1.jpg\" alt=\"k\u00f6m\u00fcr par\u00e7alay\u0131c\u0131 \u00fcreticisi\" class=\"wp-image-1714\" srcset=\"https:\/\/charcoalplant.com\/wp-content\/uploads\/2021\/12\/charcoal-shredder-manufacturer-1.jpg 720w, https:\/\/charcoalplant.com\/wp-content\/uploads\/2021\/12\/charcoal-shredder-manufacturer-1-300x225.jpg 300w\" sizes=\"auto, (max-width: 720px) 100vw, 720px\" \/><figcaption class=\"wp-element-caption\">k\u00f6m\u00fcr par\u00e7alay\u0131c\u0131 \u00fcreticisi<\/figcaption><\/figure> <\/figure> <\/div> <\/div>","protected":false},"excerpt":{"rendered":"<p>Welcome to Shuliy Machinery Equipment Co., Ltd. For your better shopping experience, we have prepared a detailed buying guide for you. Here let me introduce to you some of our company&#8217;s special products. Such as carbonization furnace, coconut shell charcoal machine, coal briket machine, and sawdust briquette machine. Other products are also good, including wood [&hellip;]<\/p>\n","protected":false},"author":1,"featured_media":985,"parent":0,"menu_order":0,"comment_status":"closed","ping_status":"closed","template":"","meta":{"footnotes":""},"class_list":["post-45","page","type-page","status-publish","has-post-thumbnail","hentry"],"_links":{"self":[{"href":"https:\/\/charcoalplant.com\/tr\/wp-json\/wp\/v2\/pages\/45","targetHints":{"allow":["GET"]}}],"collection":[{"href":"https:\/\/charcoalplant.com\/tr\/wp-json\/wp\/v2\/pages"}],"about":[{"href":"https:\/\/charcoalplant.com\/tr\/wp-json\/wp\/v2\/types\/page"}],"author":[{"embeddable":true,"href":"https:\/\/charcoalplant.com\/tr\/wp-json\/wp\/v2\/users\/1"}],"replies":[{"embeddable":true,"href":"https:\/\/charcoalplant.com\/tr\/wp-json\/wp\/v2\/comments?post=45"}],"version-history":[{"count":0,"href":"https:\/\/charcoalplant.com\/tr\/wp-json\/wp\/v2\/pages\/45\/revisions"}],"wp:featuredmedia":[{"embeddable":true,"href":"https:\/\/charcoalplant.com\/tr\/wp-json\/wp\/v2\/media\/985"}],"wp:attachment":[{"href":"https:\/\/charcoalplant.com\/tr\/wp-json\/wp\/v2\/media?parent=45"}],"curies":[{"name":"wp","href":"https:\/\/api.w.org\/{rel}","templated":true}]}}