{"id":8,"date":"2021-12-28T05:28:32","date_gmt":"2021-12-28T05:28:32","guid":{"rendered":"http:\/\/charcoalplant.local\/?page_id=8"},"modified":"2023-01-10T16:03:19","modified_gmt":"2023-01-10T08:03:19","slug":"about","status":"publish","type":"page","link":"https:\/\/charcoalplant.com\/tr\/about-us\/","title":{"rendered":"Shuliy hakk\u0131nda"},"content":{"rendered":"<figure class=\"wp-block-image aligncenter size-full is-resized\"><img loading=\"lazy\" decoding=\"async\" src=\"https:\/\/charcoalplant.com\/wp-content\/uploads\/2022\/01\/shuliy-machinery.png\" alt=\"\" class=\"wp-image-1753\" width=\"776\" height=\"323\" srcset=\"https:\/\/charcoalplant.com\/wp-content\/uploads\/2022\/01\/shuliy-machinery.png 1024w, https:\/\/charcoalplant.com\/wp-content\/uploads\/2022\/01\/shuliy-machinery-300x125.png 300w, https:\/\/charcoalplant.com\/wp-content\/uploads\/2022\/01\/shuliy-machinery-768x320.png 768w\" sizes=\"auto, (max-width: 776px) 100vw, 776px\" \/><\/figure>    <ul class=\"wp-block-list\"> <li>10 y\u0131l\u0131 a\u015fk\u0131n bir s\u00fcredir k\u00f6m\u00fcr makineleri \u00fcreticisi ve ihracat\u00e7\u0131s\u0131.<\/li>    <li>200'e yak\u0131n Ar-Ge, \u00fcretim ve sat\u0131\u015f ekibiyle.<\/li>    <li>M\u00fc\u015fterilerin k\u00f6m\u00fcr i\u015fini ger\u00e7ekle\u015ftirmek i\u00e7in genel k\u00f6m\u00fcr \u00e7\u00f6z\u00fcmleri sa\u011flamaya odaklan\u0131n.<\/li>    <li>Sat\u0131lan her k\u00f6m\u00fcr makinesinin m\u00fc\u015fterilere fayda sa\u011flayaca\u011f\u0131ndan emin olun.<\/li> <\/ul>    <h2 class=\"has-black-color has-text-color wp-block-heading\" id=\"h-composition-of-shuliy\" style=\"margin-top:30px;margin-bottom:30px\">Shuliy'nin bile\u015fimi<\/h2>    <figure class=\"wp-block-image aligncenter size-full is-resized\"><img loading=\"lazy\" decoding=\"async\" src=\"https:\/\/charcoalplant.com\/wp-content\/uploads\/2022\/01\/shuliy-company-1.png\" alt=\"\" class=\"wp-image-1755\" width=\"799\" height=\"327\" srcset=\"https:\/\/charcoalplant.com\/wp-content\/uploads\/2022\/01\/shuliy-company-1.png 789w, https:\/\/charcoalplant.com\/wp-content\/uploads\/2022\/01\/shuliy-company-1-300x123.png 300w, https:\/\/charcoalplant.com\/wp-content\/uploads\/2022\/01\/shuliy-company-1-768x314.png 768w\" sizes=\"auto, (max-width: 799px) 100vw, 799px\" \/><\/figure>    <p class=\"translation-block\"><strong>Ar-Ge ve pazar ara\u015ft\u0131rmas\u0131 ekibi<\/strong><\/p>    <p>Shuliy fabrikas\u0131ndaki ekipman Ar-Ge ve pazar ara\u015ft\u0131rma ekiplerinin tamam\u0131 5-10 y\u0131ll\u0131k i\u015f tecr\u00fcbesine sahip makine m\u00fchendislerinden olu\u015fmaktad\u0131r ve ekipman g\u00fcncellemeleri ve iyile\u015ftirme konusunda \u00e7ok zengin deneyime sahiptirler.<\/p>    <p class=\"translation-block\"><strong>\u0130malat ve kalite kontrol ekibi<\/strong><\/p>    <p>K\u00f6m\u00fcr ekipman\u0131 imalat ve kalite kontrol ekibi, Shuliy fabrikas\u0131n\u0131n ana departman\u0131d\u0131r. Hepsi zengin deneyime ve ciddi \u00e7al\u0131\u015fmaya sahip, y\u00fcksek maa\u015fl\u0131 profesyonel i\u015f\u00e7ilerdir. Kalite kontrol departman\u0131, sevk edilecek \u00fcr\u00fcnler \u00fczerinde s\u0131k\u0131 denetimler yapacakt\u0131r.<\/p>    <p class=\"translation-block\"><strong>Sat\u0131\u015f ve sat\u0131\u015f sonras\u0131 ekibi<\/strong><\/p>    <p>Shuliy fabrikas\u0131n\u0131n uluslararas\u0131 sat\u0131\u015f ve sat\u0131\u015f sonras\u0131 hizmet personeli, prestijli okullardan mezun, modern yeteneklerden olu\u015fmaktad\u0131r. Farkl\u0131 \u00fclkelerdeki m\u00fc\u015fterilerle engelsiz ileti\u015fim kurabiliyorlar.<\/p>    <h2 class=\"wp-block-heading\">M\u00fc\u015fteri Yorumlar\u0131<\/h2>    <div class=\"wp-block-columns has-background is-layout-flex wp-container-core-columns-is-layout-28f84493 wp-block-columns-is-layout-flex\" style=\"background-color:#f1f1f1\"> <div class=\"wp-block-column is-layout-flow wp-block-column-is-layout-flow\"> <figure class=\"wp-block-image aligncenter size-full is-resized\"><img loading=\"lazy\" decoding=\"async\" src=\"https:\/\/charcoalplant.com\/wp-content\/uploads\/2022\/03\/Ghana-customer-1-1.jpg\" alt=\"\" class=\"wp-image-2728\" width=\"402\" height=\"301\"\/><\/figure> <\/div>    <div class=\"wp-block-column is-vertically-aligned-center is-layout-flow wp-block-column-is-layout-flow\"> <p>\u201cShuliy \u015firketiyle i\u015fbirli\u011fi yapmak \u00e7ok ho\u015f bir \u015fey! Shuliy fabrikas\u0131n\u0131 ziyaret etti\u011fimde ayr\u0131ca geleneksel \u00c7in yeme\u011fi olan Zongzi'yi de yedim!<\/p>    <p>\u2013 Ahmed Essa<\/p> <\/div> <\/div>    <div class=\"wp-block-columns has-background is-layout-flex wp-container-core-columns-is-layout-28f84493 wp-block-columns-is-layout-flex\" style=\"background-color:#f1f1f1\"> <div class=\"wp-block-column is-vertically-aligned-center is-layout-flow wp-block-column-is-layout-flow\"> <p>\u201cNijerya fabrikas\u0131 i\u00e7in ald\u0131\u011f\u0131m karbonizasyon f\u0131r\u0131n\u0131 teslim edildi. Ekipman herhangi bir hasar olmadan iyi durumda paketlenmi\u015ftir. Shuliy fabrikas\u0131 ayr\u0131ca bir\u00e7ok aksesuar\u0131 ve ayr\u0131nt\u0131l\u0131 kurulum talimatlar\u0131n\u0131 \u00fccretsiz olarak sa\u011flad\u0131 ve bu beni \u015fa\u015f\u0131rtt\u0131!\u201d<\/p>    <p>\u2013 Mahmut Tepeba\u015f\u0131<\/p> <\/div>    <div class=\"wp-block-column is-layout-flow wp-block-column-is-layout-flow\"> <figure class=\"wp-block-image aligncenter size-full is-resized\"><img loading=\"lazy\" decoding=\"async\" src=\"https:\/\/charcoalplant.com\/wp-content\/uploads\/2022\/03\/Saudi-customer-1.jpg\" alt=\"\" class=\"wp-image-2725\" width=\"371\" height=\"279\"\/><\/figure> <\/div> <\/div>    <div class=\"wp-block-columns has-background is-layout-flex wp-container-core-columns-is-layout-28f84493 wp-block-columns-is-layout-flex\" style=\"background-color:#f1f1f1\"> <div class=\"wp-block-column is-layout-flow wp-block-column-is-layout-flow\"> <figure class=\"wp-block-image aligncenter size-full is-resized\"><img loading=\"lazy\" decoding=\"async\" src=\"https:\/\/charcoalplant.com\/wp-content\/uploads\/2022\/03\/Filipino-customers-1.jpg\" alt=\"\" class=\"wp-image-2719\" width=\"416\" height=\"312\"\/><\/figure> <\/div>    <div class=\"wp-block-column is-vertically-aligned-center is-layout-flow wp-block-column-is-layout-flow\"> <p>\u201cOrta\u011f\u0131m ve ben Shuliy'in nargile k\u00f6m\u00fcr\u00fc i\u015fleme ekipman\u0131ndan \u00e7ok memnunuz! T\u00fcm \u00fcretim hatt\u0131n\u0131n \u00fcretimi yakla\u015f\u0131k 500 kg\/saattir ve bu da beklentilerimize uygundur.\u201d<\/p>    <p>\u2013 Kyrian<\/p> <\/div> <\/div>    <div class=\"wp-block-columns has-background is-layout-flex wp-container-core-columns-is-layout-28f84493 wp-block-columns-is-layout-flex\" style=\"background-color:#f1f1f1\"> <div class=\"wp-block-column is-vertically-aligned-center is-layout-flow wp-block-column-is-layout-flow\"> <p>\u201cShuliy fabrikas\u0131yla i\u015fbirli\u011fi yapmaktan \u00e7ok mutluyum, ald\u0131\u011f\u0131m k\u00f6m\u00fcr briket makinesi zaman\u0131nda sevk edildi. Bizim i\u00e7in yapt\u0131\u011f\u0131n\u0131z makinenin kullan\u0131m talimat\u0131 videosu i\u00e7in \u00e7ok te\u015fekk\u00fcr ederim, bana \u00e7ok yard\u0131mc\u0131 oldu!\u201d<\/p>    <p>\u2013 Ben Lmeogu<\/p> <\/div>    <div class=\"wp-block-column is-layout-flow wp-block-column-is-layout-flow\"> <figure class=\"wp-block-image aligncenter size-full is-resized\"><img loading=\"lazy\" decoding=\"async\" src=\"https:\/\/charcoalplant.com\/wp-content\/uploads\/2022\/03\/British-customers-1.jpg\" alt=\"\" class=\"wp-image-2722\" width=\"389\" height=\"292\"\/><\/figure> <\/div> <\/div>    <p><\/p>","protected":false},"excerpt":{"rendered":"<p>Composition of Shuliy R&amp;D and market research team The equipment R&amp;D and market research teams in the Shuliy factory are all mechanical engineers with 5-10 years of work experience, and they have very rich experience in equipment updates and improvement. Manufacturing and quality inspection team The charcoal equipment manufacturing and quality inspection team is the [&hellip;]<\/p>\n","protected":false},"author":1,"featured_media":0,"parent":0,"menu_order":0,"comment_status":"closed","ping_status":"closed","template":"","meta":{"footnotes":""},"class_list":["post-8","page","type-page","status-publish","hentry"],"_links":{"self":[{"href":"https:\/\/charcoalplant.com\/tr\/wp-json\/wp\/v2\/pages\/8","targetHints":{"allow":["GET"]}}],"collection":[{"href":"https:\/\/charcoalplant.com\/tr\/wp-json\/wp\/v2\/pages"}],"about":[{"href":"https:\/\/charcoalplant.com\/tr\/wp-json\/wp\/v2\/types\/page"}],"author":[{"embeddable":true,"href":"https:\/\/charcoalplant.com\/tr\/wp-json\/wp\/v2\/users\/1"}],"replies":[{"embeddable":true,"href":"https:\/\/charcoalplant.com\/tr\/wp-json\/wp\/v2\/comments?post=8"}],"version-history":[{"count":0,"href":"https:\/\/charcoalplant.com\/tr\/wp-json\/wp\/v2\/pages\/8\/revisions"}],"wp:attachment":[{"href":"https:\/\/charcoalplant.com\/tr\/wp-json\/wp\/v2\/media?parent=8"}],"curies":[{"name":"wp","href":"https:\/\/api.w.org\/{rel}","templated":true}]}}