{"id":1042,"date":"2021-12-01T03:47:15","date_gmt":"2021-12-01T03:47:15","guid":{"rendered":"https:\/\/charcoalplant.com\/?p=1042"},"modified":"2023-01-06T16:54:05","modified_gmt":"2023-01-06T08:54:05","slug":"vertical-carbonization-furnace","status":"publish","type":"product","link":"https:\/\/charcoalplant.com\/tr\/product\/vertical-carbonization-furnace\/","title":{"rendered":"Dikey K\u00f6m\u00fcrle\u015fme F\u0131r\u0131n\u0131 | K\u00fc\u00e7\u00fck K\u00f6m\u00fcr Yapma Makinesi"},"content":{"rendered":"<div class=\"kk-star-ratings kksr-auto kksr-align-left kksr-valign-top\"     data-payload='{&quot;align&quot;:&quot;left&quot;,&quot;id&quot;:&quot;1042&quot;,&quot;slug&quot;:&quot;default&quot;,&quot;valign&quot;:&quot;top&quot;,&quot;ignore&quot;:&quot;&quot;,&quot;reference&quot;:&quot;auto&quot;,&quot;class&quot;:&quot;&quot;,&quot;count&quot;:&quot;10&quot;,&quot;legendonly&quot;:&quot;&quot;,&quot;readonly&quot;:&quot;&quot;,&quot;score&quot;:&quot;4.9&quot;,&quot;starsonly&quot;:&quot;&quot;,&quot;best&quot;:&quot;5&quot;,&quot;gap&quot;:&quot;5&quot;,&quot;greet&quot;:&quot;Rate this product&quot;,&quot;legend&quot;:&quot;4.9\\\/5 - (10 votes)&quot;,&quot;size&quot;:&quot;24&quot;,&quot;title&quot;:&quot;Vertical Carbonization Furnace | Small Charcoal Making Machine&quot;,&quot;width&quot;:&quot;139.6&quot;,&quot;_legend&quot;:&quot;{score}\\\/{best} - ({count} {votes})&quot;,&quot;font_factor&quot;:&quot;1.25&quot;}'>              <div class=\"kksr-stars\">      <div class=\"kksr-stars-inactive\">             <div class=\"kksr-star\" data-star=\"1\" style=\"padding-right: 5px\">               <div class=\"kksr-icon\" style=\"width: 24px; height: 24px;\"><\/div>         <\/div>             <div class=\"kksr-star\" data-star=\"2\" style=\"padding-right: 5px\">               <div class=\"kksr-icon\" style=\"width: 24px; height: 24px;\"><\/div>         <\/div>             <div class=\"kksr-star\" data-star=\"3\" style=\"padding-right: 5px\">               <div class=\"kksr-icon\" style=\"width: 24px; height: 24px;\"><\/div>         <\/div>             <div class=\"kksr-star\" data-star=\"4\" style=\"padding-right: 5px\">               <div class=\"kksr-icon\" style=\"width: 24px; height: 24px;\"><\/div>         <\/div>             <div class=\"kksr-star\" data-star=\"5\" style=\"padding-right: 5px\">               <div class=\"kksr-icon\" style=\"width: 24px; height: 24px;\"><\/div>         <\/div>     <\/div>      <div class=\"kksr-stars-active\" style=\"width: 139.6px;\">             <div class=\"kksr-star\" style=\"padding-right: 5px\">               <div class=\"kksr-icon\" style=\"width: 24px; height: 24px;\"><\/div>         <\/div>             <div class=\"kksr-star\" style=\"padding-right: 5px\">               <div class=\"kksr-icon\" style=\"width: 24px; height: 24px;\"><\/div>         <\/div>             <div class=\"kksr-star\" style=\"padding-right: 5px\">               <div class=\"kksr-icon\" style=\"width: 24px; height: 24px;\"><\/div>         <\/div>             <div class=\"kksr-star\" style=\"padding-right: 5px\">               <div class=\"kksr-icon\" style=\"width: 24px; height: 24px;\"><\/div>         <\/div>             <div class=\"kksr-star\" style=\"padding-right: 5px\">               <div class=\"kksr-icon\" style=\"width: 24px; height: 24px;\"><\/div>         <\/div>     <\/div> <\/div>                   <div class=\"kksr-legend\" style=\"font-size: 19.2px;\">             4.9\/5 - (10 oy)    <\/div>     <\/div>  <p class=\"translation-block\"><strong>Dikey karbonizasyon f\u0131r\u0131n\u0131<\/strong> k\u00fc\u00e7\u00fck bir odun k\u00f6m\u00fcr\u00fc yapma makinesidir. Ayr\u0131ca kald\u0131rma karbonizasyon f\u0131r\u0131n\u0131 olarak da adland\u0131r\u0131l\u0131r. Bu, yeni geli\u015ftirilmi\u015f enerji tasarruflu hava ak\u0131\u015f\u0131 karbonizasyon f\u0131r\u0131n\u0131d\u0131r. Sadece bu de\u011fil, ayn\u0131 zamanda uzaktan kumandal\u0131 bir kald\u0131rma vin\u00e7 cihaz\u0131 da kullan\u0131r. Bu nedenle, operat\u00f6r y\u00fckleme ve bo\u015faltma g\u00f6revini kolayca tamamlayabilir. Bu odun karbonizasyon f\u0131r\u0131n\u0131 k\u00fc\u00e7\u00fck bir alan kaplar. <strong><a href=\"https:\/\/charcoalplant.com\/tr\/charcoal-making-machine-3\/\">K\u00f6m\u00fcr \u00fcretim hatt\u0131nda<\/a><\/strong> k\u00f6m\u00fcr\u00fcn seri \u00fcretimi i\u00e7in uygundur. Bu nedenle, k\u00f6m\u00fcr \u00fcreticileri i\u00e7in k\u00f6m\u00fcr \u00fcretmek i\u00e7in ideal ekipmand\u0131r. \u015eimdi en iyi fiyat bilgisi i\u00e7in bize ula\u015f\u0131n.<\/p>    <h2 class=\"wp-block-heading\" id=\"h-raw-materials-of-vertical-carbonization-furnace\">Dikey K\u00f6m\u00fcrle\u015fme F\u0131r\u0131n\u0131 Hammaddeleri<\/h2>    <p>Tala\u015f briketleme f\u0131r\u0131nlar\u0131 k\u00fct\u00fckleri, tala\u015f briketini, dallar\u0131, sert a\u011fa\u00e7lar\u0131, hindistancevizi kabuklar\u0131n\u0131, f\u0131nd\u0131k kabuklar\u0131n\u0131, palmiye kabuklar\u0131n\u0131, bambuyu ve di\u011fer malzemeleri karbonla\u015ft\u0131rabilir. Bu k\u00f6m\u00fcrle\u015fmi\u015f k\u00f6m\u00fcr, modern, toksik olmayan ve zarars\u0131z yanma ve \u0131s\u0131tma malzemeleridir.<\/p>    <figure class=\"wp-block-gallery has-nested-images columns-default is-cropped wp-block-gallery-2 is-layout-flex wp-block-gallery-is-layout-flex\"> <figure class=\"wp-block-image size-full\"><img loading=\"lazy\" decoding=\"async\" width=\"1192\" height=\"228\" data-id=\"2253\" src=\"https:\/\/charcoalplant.com\/wp-content\/uploads\/2022\/02\/carbonization-furnace-raw-matarials-1-1.jpg\" alt=\"\" class=\"wp-image-2253\"\/><\/figure> <\/figure>    <p>S\u0131radan yerli k\u00f6m\u00fcrle kar\u015f\u0131la\u015ft\u0131r\u0131ld\u0131\u011f\u0131nda, makine yap\u0131m\u0131 k\u00f6m\u00fcr\u00fcn uzun yanma s\u00fcresi, y\u00fcksek karbon i\u00e7eri\u011fi, b\u00fcy\u00fck kalorifik de\u011feri, k\u00fc\u00e7\u00fck k\u00fcl i\u00e7eri\u011fi ve tats\u0131z avantajlar\u0131 vard\u0131r.<\/p>    <figure class=\"wp-block-gallery has-nested-images columns-default is-cropped wp-block-gallery-3 is-layout-flex wp-block-gallery-is-layout-flex\"> <figure class=\"wp-block-image size-large\"><img loading=\"lazy\" decoding=\"async\" width=\"1190\" height=\"228\" data-id=\"2255\" src=\"https:\/\/charcoalplant.com\/wp-content\/uploads\/2022\/02\/coconut-shell-charcoal-1.jpg\" alt=\"\" class=\"wp-image-2255\"\/><\/figure> <\/figure>    <h2 class=\"wp-block-heading\" id=\"h-structure-of-vertical-carbonization-furnace\">Dikey K\u00f6m\u00fcrle\u015fme F\u0131r\u0131n\u0131n\u0131n Yap\u0131s\u0131<\/h2>    <p class=\"translation-block\">Bu k\u00fc\u00e7\u00fck k\u00f6m\u00fcr yapma makinesi esasen bir f\u0131r\u0131n g\u00f6vdesi, f\u0131r\u0131n kapa\u011f\u0131, \u0131s\u0131tma odas\u0131, egzoz borusu, <strong><a href=\"https:\/\/charcoalplant.com\/tr\/info\/how-does-the-sawdust-briquetting-carbonizer-work\/\">i\u00e7 tank<\/a><\/strong>, d\u0131\u015f tank ve di\u011fer yap\u0131lardan olu\u015fur. <\/p>    <figure class=\"wp-block-gallery has-nested-images columns-default is-cropped wp-block-gallery-4 is-layout-flex wp-block-gallery-is-layout-flex\"> <figure class=\"wp-block-image size-full\"><img loading=\"lazy\" decoding=\"async\" width=\"720\" height=\"540\" data-id=\"2270\" src=\"https:\/\/charcoalplant.com\/wp-content\/uploads\/2021\/12\/hoisting-carbonization-furnace-manufacturer-2.jpg\" alt=\"kald\u0131rma-karbonizasyon-f\u0131r\u0131n \u00fcreticisi\" class=\"wp-image-2270\"\/><figcaption class=\"wp-element-caption\">kald\u0131rma-karbonizasyon-f\u0131r\u0131n \u00fcreticisi<\/figcaption><\/figure> <\/figure>    <p class=\"translation-block\"><strong><a href=\"https:\/\/charcoalplant.com\/tr\/info\/how-does-the-sawdust-briquetting-carbonizer-work\/\">\u0130\u00e7 tank<\/a><\/strong> nedeniyle, astar\u0131n \u00fcst kenar\u0131nda bir halka \u00e7er\u00e7evesi bulunmaktad\u0131r. \u0130\u00e7 tank\u0131n \u00e7ap\u0131 ile \u00e7er\u00e7evenin geni\u015fli\u011fi, d\u0131\u015f tank\u0131n \u00e7ap\u0131ndan b\u00fcy\u00fckt\u00fcr. B\u00f6ylece i\u00e7 tank havada durabilir.<\/p>    <div class=\"wp-block-columns has-background is-layout-flex wp-container-core-columns-is-layout-28f84493 wp-block-columns-is-layout-flex\" style=\"background-color:#f1f1f1\"> <div class=\"wp-block-column is-vertically-aligned-center is-layout-flow wp-block-column-is-layout-flow\" style=\"flex-basis:33.33%\"> <p class=\"translation-block\"><strong>Kapa\u011f\u0131<\/strong><\/p>    <p class=\"translation-block\">\u0130\u00e7 ocak ve f\u0131r\u0131n kapa\u011f\u0131, as\u0131labilen ask\u0131 kulaklar\u0131 ile donat\u0131lm\u0131\u015ft\u0131r. Bu nedenle, <strong><a href=\"https:\/\/charcoalplant.com\/tr\/info\/how-does-the-sawdust-briquetting-carbonizer-work\/\">i\u015flem<\/a><\/strong> s\u0131ras\u0131nda ilgili aksesuarlar\u0131n y\u00fckseltilmesi kolayd\u0131r.<\/p> <\/div>    <div class=\"wp-block-column is-layout-flow wp-block-column-is-layout-flow\" style=\"flex-basis:66.66%\"> <figure class=\"wp-block-gallery has-nested-images columns-default is-cropped wp-block-gallery-5 is-layout-flex wp-block-gallery-is-layout-flex\"> <figure class=\"wp-block-image size-full\"><img loading=\"lazy\" decoding=\"async\" width=\"720\" height=\"540\" data-id=\"1064\" src=\"https:\/\/charcoalplant.com\/wp-content\/uploads\/2021\/12\/cover-2.jpg\" alt=\"kapak\" class=\"wp-image-1064\" srcset=\"https:\/\/charcoalplant.com\/wp-content\/uploads\/2021\/12\/cover-2.jpg 720w, https:\/\/charcoalplant.com\/wp-content\/uploads\/2021\/12\/cover-2-300x225.jpg 300w\" sizes=\"auto, (max-width: 720px) 100vw, 720px\" \/><figcaption class=\"wp-element-caption\">kapak<\/figcaption><\/figure> <\/figure> <\/div> <\/div>    <div class=\"wp-block-columns has-background is-layout-flex wp-container-core-columns-is-layout-28f84493 wp-block-columns-is-layout-flex\" style=\"background-color:#f1f1f1\"> <div class=\"wp-block-column is-layout-flow wp-block-column-is-layout-flow\" style=\"flex-basis:66.66%\"> <figure class=\"wp-block-gallery has-nested-images columns-default is-cropped wp-block-gallery-6 is-layout-flex wp-block-gallery-is-layout-flex\"> <figure class=\"wp-block-image size-large\"><img loading=\"lazy\" decoding=\"async\" width=\"720\" height=\"540\" data-id=\"1065\" src=\"https:\/\/charcoalplant.com\/wp-content\/uploads\/2021\/12\/Pipes-that-produce-combustible-gas-1.jpg\" alt=\"Yan\u0131c\u0131 gaz \u00fcreten borular\" class=\"wp-image-1065\" srcset=\"https:\/\/charcoalplant.com\/wp-content\/uploads\/2021\/12\/Pipes-that-produce-combustible-gas-1.jpg 720w, https:\/\/charcoalplant.com\/wp-content\/uploads\/2021\/12\/Pipes-that-produce-combustible-gas-1-300x225.jpg 300w\" sizes=\"auto, (max-width: 720px) 100vw, 720px\" \/><figcaption class=\"wp-element-caption\">Yan\u0131c\u0131 gaz \u00fcreten borular<\/figcaption><\/figure> <\/figure> <\/div>    <div class=\"wp-block-column is-vertically-aligned-center is-layout-flow wp-block-column-is-layout-flow\" style=\"flex-basis:33.33%\"> <p class=\"translation-block\"><strong>Yanma f\u0131r\u0131n\u0131<\/strong><\/p>    <p>Log karbonizasyon f\u0131r\u0131n\u0131n\u0131n \u00f6n \u0131s\u0131t\u0131lmas\u0131, \u0131s\u0131tma i\u00e7in biyok\u00fctle yak\u0131t\u0131n\u0131n yak\u0131lmas\u0131n\u0131 gerektirir. Refrakter tu\u011flalar aras\u0131ndaki bo\u015flu\u011fu y\u00fcksek s\u0131cakl\u0131kta tutkalla dolduran karbonizasyon f\u0131r\u0131n\u0131 daha sa\u011flam ve stabildir. Ayr\u0131ca f\u0131r\u0131n i\u00e7indeki s\u0131zd\u0131rmazl\u0131k performans\u0131 ve f\u0131r\u0131n d\u0131\u015f\u0131ndaki \u0131s\u0131 yal\u0131t\u0131m etkisi de \u00f6nemli \u00f6l\u00e7\u00fcde iyile\u015ftirilmi\u015ftir.<\/p> <\/div> <\/div>    <div class=\"wp-block-columns has-background is-layout-flex wp-container-core-columns-is-layout-28f84493 wp-block-columns-is-layout-flex\" style=\"background-color:#f1f1f1\"> <div class=\"wp-block-column is-vertically-aligned-center is-layout-flow wp-block-column-is-layout-flow\" style=\"flex-basis:33.33%\"> <p class=\"translation-block\"><strong>Araba<\/strong><\/p>    <p>Demir \u00e7er\u00e7eve k\u00fct\u00fckleri tutabilir ve bunlar\u0131 k\u00f6m\u00fcr sobas\u0131n\u0131n i\u00e7 tank\u0131na koyabilir. K\u00f6m\u00fcrle\u015fme tamamland\u0131ktan sonra y\u00fckleme ve bo\u015faltma i\u00e7in \u00e7\u0131kar\u0131lmas\u0131 kolayd\u0131r.<\/p> <\/div>    <div class=\"wp-block-column is-layout-flow wp-block-column-is-layout-flow\" style=\"flex-basis:66.66%\"> <figure class=\"wp-block-gallery has-nested-images columns-default is-cropped wp-block-gallery-7 is-layout-flex wp-block-gallery-is-layout-flex\"> <figure class=\"wp-block-image size-large\"><img loading=\"lazy\" decoding=\"async\" width=\"720\" height=\"540\" data-id=\"1055\" src=\"https:\/\/charcoalplant.com\/wp-content\/uploads\/2021\/12\/Log-or-stick-carrying-tool-1.jpg\" alt=\"K\u00fct\u00fck veya \u00e7ubuk ta\u015f\u0131ma arac\u0131\" class=\"wp-image-1055\" srcset=\"https:\/\/charcoalplant.com\/wp-content\/uploads\/2021\/12\/Log-or-stick-carrying-tool-1.jpg 720w, https:\/\/charcoalplant.com\/wp-content\/uploads\/2021\/12\/Log-or-stick-carrying-tool-1-300x225.jpg 300w\" sizes=\"auto, (max-width: 720px) 100vw, 720px\" \/><figcaption class=\"wp-element-caption\">K\u00fct\u00fck veya \u00e7ubuk ta\u015f\u0131ma arac\u0131<\/figcaption><\/figure> <\/figure> <\/div> <\/div>    <h2 class=\"wp-block-heading\" id=\"log-carbonization-furnace-plant-operation-process\">Tala\u015f K\u00f6m\u00fcr Yapma Makinesi \u00c7al\u0131\u015fma S\u00fcreci<\/h2>    <ul class=\"wp-block-list\"> <li>F\u0131r\u0131n kapa\u011f\u0131n\u0131 a\u00e7\u0131n.<\/li> <\/ul>    <ul class=\"wp-block-list\"> <li>\u0130\u00e7 tank\u0131 kald\u0131r\u0131n, ham maddelerle doldurun ve tekrar i\u00e7 tanka koyun.<\/li> <\/ul>    <ul class=\"wp-block-list\"> <li>\u00d6n \u0131s\u0131tma (40 dk-1 saat). Karbonizasyon i\u00e7in valfi a\u00e7\u0131n (6-8 saat).<\/li> <\/ul>    <ul class=\"wp-block-list\"> <li> K\u00f6m\u00fcrle\u015fmeyi tamamlay\u0131n, i\u00e7 tank\u0131 \u00e7\u0131kar\u0131n ve so\u011futun (6-8 saat).<\/li> <\/ul>    <figure class=\"wp-block-gallery has-nested-images columns-2 is-cropped wp-block-gallery-8 is-layout-flex wp-block-gallery-is-layout-flex\"> <figure class=\"wp-block-image size-full\"><img loading=\"lazy\" decoding=\"async\" width=\"720\" height=\"540\" data-id=\"2267\" src=\"https:\/\/charcoalplant.com\/wp-content\/uploads\/2022\/02\/Vertical-log-carbonization-furnace-plant-.jpg\" alt=\"\" class=\"wp-image-2267\"\/><figcaption class=\"wp-element-caption\">k\u00fct\u00fck-k\u00f6m\u00fcr-f\u0131r\u0131n\u0131<\/figcaption><\/figure>    <figure class=\"wp-block-image size-full\"><img loading=\"lazy\" decoding=\"async\" width=\"720\" height=\"540\" data-id=\"1062\" src=\"https:\/\/charcoalplant.com\/wp-content\/uploads\/2021\/12\/Hoisting-outer-tank-of-carbonization-furnace-1.jpg\" alt=\"Karbonizasyon f\u0131r\u0131n\u0131n\u0131n d\u0131\u015f tank\u0131n\u0131 kald\u0131rma\" class=\"wp-image-1062\" srcset=\"https:\/\/charcoalplant.com\/wp-content\/uploads\/2021\/12\/Hoisting-outer-tank-of-carbonization-furnace-1.jpg 720w, https:\/\/charcoalplant.com\/wp-content\/uploads\/2021\/12\/Hoisting-outer-tank-of-carbonization-furnace-1-300x225.jpg 300w\" sizes=\"auto, (max-width: 720px) 100vw, 720px\" \/><figcaption class=\"wp-element-caption\">Karbonizasyon f\u0131r\u0131n\u0131n\u0131n d\u0131\u015f tank\u0131n\u0131 kald\u0131rma<\/figcaption><\/figure> <\/figure>    <h2 class=\"wp-block-heading\" id=\"video-of-log-charcoal-furnace\">Tala\u015f K\u00f6m\u00fcr Karbonizasyon F\u0131r\u0131n\u0131 Videosu<\/h2>    <p>Shuliy Machinery, \u00c7in'de m\u00fckemmel bir k\u00f6m\u00fcr makinesi \u00fcretim hatt\u0131 \u00fcreticisidir. M\u00fc\u015fterilere \u00e7\u00f6z\u00fcm sunma konusunda profesyonel yetene\u011fe sahibiz. Videolar\u0131m\u0131z\u0131 izlemeye ho\u015f geldiniz. Dikey bir bambu k\u00f6m\u00fcr f\u0131r\u0131n\u0131 sat\u0131n almakla ilgileniyorsan\u0131z, l\u00fctfen bizimle ileti\u015fime ge\u00e7in.<\/p>    <figure class=\"wp-block-embed is-type-video is-provider-youtube wp-block-embed-youtube wp-embed-aspect-16-9 wp-has-aspect-ratio\"><div class=\"wp-block-embed__wrapper\"> <iframe loading=\"lazy\" title=\"800KG\/F\u0131r\u0131n Dikey K\u00f6m\u00fcrle\u015fme F\u0131r\u0131n\u0131 | Tomruk K\u00f6m\u00fcr\u00fc \u0130\u015fleme Tesisi#wood#bambook\u00f6m\u00fcr\" width=\"500\" height=\"281\" src=\"https:\/\/www.youtube.com\/embed\/6zU44iT7e2c?feature=oembed\" frameborder=\"0\" allow=\"accelerometer; autoplay; clipboard-write; encrypted-media; gyroscope; picture-in-picture; web-share\" referrerpolicy=\"strict-origin-when-cross-origin\" allowfullscreen><\/iframe> <\/div><\/figure>    <h2 class=\"wp-block-heading\" id=\"hoist-carbonization-furnace-parameters\">Dikey Tip K\u00f6m\u00fcrle\u015fme F\u0131r\u0131n\u0131 Parametreleri<\/h2>    <p>Kald\u0131rma karbonizasyon f\u0131r\u0131n\u0131n\u0131n i\u00e7 \u00e7ap\u0131 farkl\u0131d\u0131r. Bu nedenle farkl\u0131 t\u00fcrdeki k\u00fct\u00fck k\u00f6m\u00fcr\u00fc f\u0131r\u0131nlar\u0131n\u0131 \u00f6zelle\u015ftirebiliriz. Ayr\u0131ca m\u00fc\u015fterilerimize 3 ton y\u00fck kapasiteli kald\u0131rma vinci de sa\u011fl\u0131yoruz. A\u015fa\u011f\u0131dakiler SL-C1500 kald\u0131rma k\u00fct\u00fck karbonizasyon f\u0131r\u0131n\u0131n\u0131n parametreleridir.<\/p>    <figure class=\"wp-block-table is-style-stripes\"><table><tbody><tr><td>Modeli<\/td><td>SL-C1500<\/td><\/tr><tr><td>\u00c7\u0131k\u0131\u015f Kapasitesi<\/td><td>2500-3000kg\/24 saat(Hammaddelerinize ba\u011fl\u0131d\u0131r)<\/td><\/tr><tr><td>Y\u00fckleme Kapasitesi<\/td><td>2600-3000kg\/8 saatte<\/td><\/tr><tr><td>Bir kez karbonizasyon s\u00fcresi<\/td><td>8 saat<\/td><\/tr><tr><td>Boyut<\/td><td>1940*1900*1900mm<\/td><\/tr><tr><td>\u00c7elik kal\u0131nl\u0131\u011f\u0131<\/td><td>6mm (\u00d6zelle\u015ftirilebilir)<\/td><\/tr><tr><td>\u0130\u00e7 ocak boyutu<\/td><td>1.5*1.5m<\/td><\/tr><tr><td>A\u011f\u0131rl\u0131k<\/td><td>2,8 ton<\/td><\/tr><tr><td>Par\u00e7alar dahil<\/td><td>Bir makinede 3 ocak bulunur<\/td><\/tr><tr><td>Elektrik G\u00fcc\u00fc<\/td><td>Ek g\u00fcce gerek yok<\/td><\/tr><tr><td>8 saat ba\u015f\u0131na \u0131s\u0131tma i\u00e7in biyok\u00fctle maliyeti<\/td><td>8 saatte 50-80 kg at\u0131k biyok\u00fctle<\/td><\/tr><\/tbody><\/table><\/figure>    <h2 class=\"wp-block-heading\" id=\"h-working-features-of-log-charcoal-factory\">Tala\u015f K\u00f6m\u00fcr Fabrikas\u0131n\u0131n \u00c7al\u0131\u015fma \u00d6zellikleri<\/h2>    <p class=\"translation-block\"><strong>\u00d6ncelikle,<\/strong> dikey karbonizasyon f\u0131r\u0131n\u0131 karbonizasyon s\u00fcrecindeyken, her bir tank\u0131n karbonize edilmi\u015f ham k\u00f6m\u00fcr ve makine yap\u0131m\u0131 k\u00f6m\u00fcr i\u00e7in s\u00fcresi 6-8 saattir; so\u011fuma s\u00fcresi de 6-8 saattir.<\/p>    <p class=\"translation-block\"><strong>\u0130kincisi,<\/strong> i\u015flem s\u00fcrecinin ad\u0131mlar\u0131 basittir.<\/p>    <p class=\"translation-block\"><strong>\u00dc\u00e7\u00fcnc\u00fcs\u00fc,<\/strong> ekipman\u0131n genel g\u00fcvenlik performans\u0131 y\u00fcksektir ve \u00fcretim verimlili\u011fi y\u00fcksektir.<\/p>    <p class=\"translation-block\"><strong>D\u00f6rd\u00fcnc\u00fcs\u00fc,<\/strong> enerji tasarruflu ve g\u00fc\u00e7 t\u00fcketimi yoktur.<\/p>    <p>Dikey k\u00f6m\u00fcr f\u0131r\u0131n\u0131n\u0131n ana t\u00fcketimi yak\u0131tt\u0131r ancak \u00f6n \u0131s\u0131tma sonras\u0131nda yak\u0131t eklenmesine gerek yoktur. Sonraki \u0131s\u0131 kayna\u011f\u0131, hammaddenin \u00fcretti\u011fi yan\u0131c\u0131 gaz\u0131n yanmas\u0131ndan kaynaklan\u0131r.<\/p>    <p class=\"translation-block\"><strong>Be\u015fincisi,<\/strong> iyi hava ge\u00e7irmezlik, hava ak\u0131\u015f\u0131n\u0131n tam olarak rol\u00fcn\u00fc oynamas\u0131n\u0131 sa\u011flar.<\/p>    <figure class=\"wp-block-gallery has-nested-images columns-default is-cropped wp-block-gallery-9 is-layout-flex wp-block-gallery-is-layout-flex\"> <figure class=\"wp-block-image size-full\"><img loading=\"lazy\" decoding=\"async\" width=\"720\" height=\"540\" data-id=\"2265\" src=\"https:\/\/charcoalplant.com\/wp-content\/uploads\/2021\/12\/Vertical-carbonization-furnace-.jpg\" alt=\"Dikey karbonizasyon f\u0131r\u0131n\u0131\" class=\"wp-image-2265\"\/><figcaption class=\"wp-element-caption\">Dikey karbonizasyon f\u0131r\u0131n\u0131<\/figcaption><\/figure> <\/figure>    <h2 class=\"wp-block-heading\" id=\"h-vertical-hoisting-carbonization-furnace-for-sale\">Sat\u0131l\u0131k Dikey Kald\u0131rmal\u0131 K\u00f6m\u00fcrle\u015ftirme F\u0131r\u0131n\u0131<\/h2>    <p class=\"translation-block\">Farkl\u0131 tipte tala\u015f k\u00f6m\u00fcr karbonizasyon ocaklar\u0131 sat\u0131yoruz. Makinenin kendisine ait duman giderme tank\u0131n\u0131n yan\u0131 s\u0131ra, y\u00fcksek voltajl\u0131 statik elektrikle donat\u0131lm\u0131\u015f bir gaz ar\u0131tma cihaz\u0131m\u0131z da var. M\u00fc\u015fterilere ocaklar da sa\u011fl\u0131yoruz. Fabrikam\u0131z ayr\u0131ca <strong><a href=\"https:\/\/charcoalplant.com\/tr\/carbonization-furnace\/rotary-carbonization-furnace\/\">s\u00fcrekli karbonizasyon f\u0131r\u0131n\u0131<\/a><\/strong> ve <strong><a href=\"https:\/\/charcoalplant.com\/tr\/carbonization-furnace\/horizontal-carbonization-furnace\/\">horizontal karbonizasyon f\u0131r\u0131n\u0131<\/a><\/strong> satmaktad\u0131r. Gerekirse, dan\u0131\u015fmaya ho\u015f geldiniz.<\/p>    <figure class=\"wp-block-gallery has-nested-images columns-default is-cropped wp-block-gallery-10 is-layout-flex wp-block-gallery-is-layout-flex\"> <figure class=\"wp-block-image size-large\"><img loading=\"lazy\" decoding=\"async\" width=\"720\" height=\"540\" data-id=\"1054\" src=\"https:\/\/charcoalplant.com\/wp-content\/uploads\/2021\/12\/High-voltage-static-electricity-of-vertical-carbonization-furnace-1.jpg\" alt=\"Dikey karbonizasyon f\u0131r\u0131n\u0131n\u0131n y\u00fcksek voltajl\u0131 statik elektri\u011fi\" class=\"wp-image-1054\" srcset=\"https:\/\/charcoalplant.com\/wp-content\/uploads\/2021\/12\/High-voltage-static-electricity-of-vertical-carbonization-furnace-1.jpg 720w, https:\/\/charcoalplant.com\/wp-content\/uploads\/2021\/12\/High-voltage-static-electricity-of-vertical-carbonization-furnace-1-300x225.jpg 300w\" sizes=\"auto, (max-width: 720px) 100vw, 720px\" \/><figcaption class=\"wp-element-caption\">Dikey karbonizasyon f\u0131r\u0131n\u0131n\u0131n y\u00fcksek voltajl\u0131 statik elektri\u011fi<\/figcaption><\/figure>    <figure class=\"wp-block-image size-full\"><img loading=\"lazy\" decoding=\"async\" width=\"720\" height=\"540\" data-id=\"2271\" src=\"https:\/\/charcoalplant.com\/wp-content\/uploads\/2022\/02\/natural-gas-burner.jpg\" alt=\"do\u011fal gaz br\u00fcl\u00f6r\u00fc\" class=\"wp-image-2271\"\/><figcaption class=\"wp-element-caption\">do\u011fal gaz br\u00fcl\u00f6r\u00fc<\/figcaption><\/figure> <\/figure>","protected":false},"excerpt":{"rendered":"<p>Dikey karbonizasyon f\u0131r\u0131n\u0131, basit kullan\u0131m\u0131, kompakt yap\u0131s\u0131 ve uygun karbonizasyonu olan bir karbonizasyon ekipman\u0131d\u0131r.<\/p>","protected":false},"author":1,"featured_media":1112,"parent":0,"template":"","tags":[65],"product-type":[4],"class_list":["post-1042","product","type-product","status-publish","has-post-thumbnail","hentry","tag-carbonization-furnace","product-type-carbonization-furnace"],"_links":{"self":[{"href":"https:\/\/charcoalplant.com\/tr\/wp-json\/wp\/v2\/product\/1042","targetHints":{"allow":["GET"]}}],"collection":[{"href":"https:\/\/charcoalplant.com\/tr\/wp-json\/wp\/v2\/product"}],"about":[{"href":"https:\/\/charcoalplant.com\/tr\/wp-json\/wp\/v2\/types\/product"}],"author":[{"embeddable":true,"href":"https:\/\/charcoalplant.com\/tr\/wp-json\/wp\/v2\/users\/1"}],"wp:featuredmedia":[{"embeddable":true,"href":"https:\/\/charcoalplant.com\/tr\/wp-json\/wp\/v2\/media\/1112"}],"wp:attachment":[{"href":"https:\/\/charcoalplant.com\/tr\/wp-json\/wp\/v2\/media?parent=1042"}],"wp:term":[{"taxonomy":"post_tag","embeddable":true,"href":"https:\/\/charcoalplant.com\/tr\/wp-json\/wp\/v2\/tags?post=1042"},{"taxonomy":"product-type","embeddable":true,"href":"https:\/\/charcoalplant.com\/tr\/wp-json\/wp\/v2\/product-type?post=1042"}],"curies":[{"name":"wp","href":"https:\/\/api.w.org\/{rel}","templated":true}]}}