{"id":1084,"date":"2021-12-02T08:02:11","date_gmt":"2021-12-02T08:02:11","guid":{"rendered":"https:\/\/charcoalplant.com\/?p=1084"},"modified":"2023-02-15T10:06:48","modified_gmt":"2023-02-15T02:06:48","slug":"horizontal-carbonization-furnace","status":"publish","type":"product","link":"https:\/\/charcoalplant.com\/tr\/product\/horizontal-carbonization-furnace\/","title":{"rendered":"Yatay K\u00f6m\u00fcrle\u015fme F\u0131r\u0131n\u0131 | Odun K\u00f6m\u00fcr\u00fc Yapma Makinesi"},"content":{"rendered":"<div class=\"kk-star-ratings kksr-auto kksr-align-left kksr-valign-top\"     data-payload='{&quot;align&quot;:&quot;left&quot;,&quot;id&quot;:&quot;1084&quot;,&quot;slug&quot;:&quot;default&quot;,&quot;valign&quot;:&quot;top&quot;,&quot;ignore&quot;:&quot;&quot;,&quot;reference&quot;:&quot;auto&quot;,&quot;class&quot;:&quot;&quot;,&quot;count&quot;:&quot;21&quot;,&quot;legendonly&quot;:&quot;&quot;,&quot;readonly&quot;:&quot;&quot;,&quot;score&quot;:&quot;4.5&quot;,&quot;starsonly&quot;:&quot;&quot;,&quot;best&quot;:&quot;5&quot;,&quot;gap&quot;:&quot;5&quot;,&quot;greet&quot;:&quot;Rate this product&quot;,&quot;legend&quot;:&quot;4.5\\\/5 - (21 votes)&quot;,&quot;size&quot;:&quot;24&quot;,&quot;title&quot;:&quot;Horizontal Carbonization Furnace | Wood Charcoal Making Machine&quot;,&quot;width&quot;:&quot;128&quot;,&quot;_legend&quot;:&quot;{score}\\\/{best} - ({count} {votes})&quot;,&quot;font_factor&quot;:&quot;1.25&quot;}'>              <div class=\"kksr-stars\">      <div class=\"kksr-stars-inactive\">             <div class=\"kksr-star\" data-star=\"1\" style=\"padding-right: 5px\">               <div class=\"kksr-icon\" style=\"width: 24px; height: 24px;\"><\/div>         <\/div>             <div class=\"kksr-star\" data-star=\"2\" style=\"padding-right: 5px\">               <div class=\"kksr-icon\" style=\"width: 24px; height: 24px;\"><\/div>         <\/div>             <div class=\"kksr-star\" data-star=\"3\" style=\"padding-right: 5px\">               <div class=\"kksr-icon\" style=\"width: 24px; height: 24px;\"><\/div>         <\/div>             <div class=\"kksr-star\" data-star=\"4\" style=\"padding-right: 5px\">               <div class=\"kksr-icon\" style=\"width: 24px; height: 24px;\"><\/div>         <\/div>             <div class=\"kksr-star\" data-star=\"5\" style=\"padding-right: 5px\">               <div class=\"kksr-icon\" style=\"width: 24px; height: 24px;\"><\/div>         <\/div>     <\/div>      <div class=\"kksr-stars-active\" style=\"width: 128px;\">             <div class=\"kksr-star\" style=\"padding-right: 5px\">               <div class=\"kksr-icon\" style=\"width: 24px; height: 24px;\"><\/div>         <\/div>             <div class=\"kksr-star\" style=\"padding-right: 5px\">               <div class=\"kksr-icon\" style=\"width: 24px; height: 24px;\"><\/div>         <\/div>             <div class=\"kksr-star\" style=\"padding-right: 5px\">               <div class=\"kksr-icon\" style=\"width: 24px; height: 24px;\"><\/div>         <\/div>             <div class=\"kksr-star\" style=\"padding-right: 5px\">               <div class=\"kksr-icon\" style=\"width: 24px; height: 24px;\"><\/div>         <\/div>             <div class=\"kksr-star\" style=\"padding-right: 5px\">               <div class=\"kksr-icon\" style=\"width: 24px; height: 24px;\"><\/div>         <\/div>     <\/div> <\/div>                   <div class=\"kksr-legend\" style=\"font-size: 19.2px;\">             4.5\/5 - (21 oy)    <\/div>     <\/div>  <p class=\"translation-block\"><strong>Horizontal carbonization furnace<\/strong>\u00a0is also called a wood charcoal making machine. It is high-volume carbonization equipment. It can efficiently manufacture wood charcoal, bamboo charcoal, sawdust charcoal, coconut shell charcoal, and other products at one time. <\/p>    <p class=\"translation-block\">As a carbonization machine, the selling point of the <strong><a href=\"https:\/\/charcoalplant.com\/tr\/operation-steps-of-hardwood-charcoal-furnace\/\">hardwood carbonization furnace<\/a><\/strong> is its environmental protection and energy-saving characteristics. We look forward to establishing business cooperation with you. So we\u00a0hope to receive your consultation as soon as possible.<\/p>    <h2 class=\"wp-block-heading\" id=\"raw-materials-for-horizontal-carbonization-furnace\"><strong>Yatay Karbonizasyon F\u0131r\u0131n\u0131 Hammaddeleri<\/strong><\/h2>    <p>Serta\u011fa\u00e7 karbonizasyon f\u0131r\u0131n\u0131, at\u0131k dallar, bambu d\u00fc\u011f\u00fcmleri, bambu t\u00fcpler, meyve odunu, me\u015fe, hindistancevizi kabuklar\u0131, palmiye kabuklar\u0131 vb. gibi hammaddeleri karbonize edebilir. K\u00f6m\u00fcr\u00fcn kalitesi yaln\u0131zca s\u0131cakl\u0131kla de\u011fil, ayn\u0131 zamanda ham malzemenin nemi ile de ilgilidir. malzemeler. K\u00f6m\u00fcr\u00fcn nemi \u00e7ok y\u00fcksek, bu da bir yandan karbonizasyon s\u00fcresini uzatacak. \u00d6te yandan ah\u015fap pirolize tabi tutuldu\u011funda \u00e7ok say\u0131da zararl\u0131 madde a\u00e7\u0131\u011fa \u00e7\u0131kar. Bu nedenle ah\u015fab\u0131n nemi ne kadar d\u00fc\u015f\u00fck olursa karbonizasyon etkisi o kadar iyi olur.<\/p>    <figure class=\"wp-block-gallery has-nested-images columns-default is-cropped wp-block-gallery-2 is-layout-flex wp-block-gallery-is-layout-flex\"> <figure class=\"wp-block-image size-large\"><img loading=\"lazy\" decoding=\"async\" width=\"512\" height=\"1560\" data-id=\"2278\" src=\"https:\/\/charcoalplant.com\/wp-content\/uploads\/2022\/02\/raw-material.jpg\" alt=\"\" class=\"wp-image-2278\"\/><\/figure>    <figure class=\"wp-block-image size-large\"><img loading=\"lazy\" decoding=\"async\" width=\"512\" height=\"1560\" data-id=\"2279\" src=\"https:\/\/charcoalplant.com\/wp-content\/uploads\/2022\/02\/finished-product.jpg\" alt=\"\" class=\"wp-image-2279\"\/><\/figure> <figcaption class=\"blocks-gallery-caption wp-element-caption\">Tomruk K\u00f6m\u00fcr\u00fc, Bambu K\u00f6m\u00fcr\u00fc, Tala\u015f Briket Karbonu ve Palmiye Kabu\u011fu K\u00f6m\u00fcr\u00fc<\/figcaption><\/figure>    <h2 class=\"wp-block-heading\" id=\"h-principle-of-horizontal-carbonization-furnace\"><strong>\u00c7al\u0131\u015fma<\/strong> <strong>Yatay K\u00f6m\u00fcrle\u015fme F\u0131r\u0131n\u0131 Prensibi<\/strong><\/h2>    <p class=\"translation-block\">In fact, the working principle of the hardwood carbonization furnace and the <strong><a href=\"https:\/\/charcoalplant.com\/tr\/vertical-carbonization-furnace\/\">vertical carbonization furnace<\/a><\/strong> are very similar. They all use dry distillation carbonization and airflow carbonization methods. By then heating and decomposing the wood under oxygen-free or low-oxygen conditions, the wood produces wood vinegar, wood tar, and other ingredients. Moreover, the exhaust pipe of the horizontal airflow carbonization furnace can collect the flue gas in time and deposit harmful substances.<\/p>    <figure class=\"wp-block-gallery has-nested-images columns-default is-cropped wp-block-gallery-3 is-layout-flex wp-block-gallery-is-layout-flex\"> <figure class=\"wp-block-image size-large\"><img loading=\"lazy\" decoding=\"async\" width=\"720\" height=\"540\" data-id=\"2280\" src=\"https:\/\/charcoalplant.com\/wp-content\/uploads\/2022\/02\/bamboo-carbonization-furnace-for-sale.jpg\" alt=\"bambu-karbonizasyon-f\u0131r\u0131n\u0131-sat\u0131l\u0131k\" class=\"wp-image-2280\"\/><figcaption class=\"wp-element-caption\">sat\u0131l\u0131k bambu karbonizasyon f\u0131r\u0131n\u0131<\/figcaption><\/figure> <\/figure>    <h2 class=\"wp-block-heading\" id=\"structure-of-horizontal-log-charcoal-furnace\"><strong>Yatay Odun K\u00f6m\u00fcr\u00fc Yapma Makinesinin Yap\u0131s\u0131<\/strong><\/h2>    <div class=\"wp-block-columns has-background is-layout-flex wp-container-core-columns-is-layout-28f84493 wp-block-columns-is-layout-flex\" style=\"background-color:#f1f1f1\"> <div class=\"wp-block-column is-vertically-aligned-center is-layout-flow wp-block-column-is-layout-flow\" style=\"flex-basis:33.33%\"> <p class=\"translation-block\"><strong>Thermal insulation rock wool<\/strong><\/p>    <p><br>Bambu k\u00f6m\u00fcr f\u0131r\u0131n\u0131n\u0131n kapa\u011f\u0131 ve g\u00f6vdesi \u0131s\u0131 yal\u0131t\u0131ml\u0131 kaya y\u00fczeylerine sahiptir. Bu nedenle karbonizasyon f\u0131r\u0131n\u0131n\u0131n genel s\u0131zd\u0131rmazl\u0131\u011f\u0131 ve \u0131s\u0131 yal\u0131t\u0131m\u0131 \u00e7ok g\u00fc\u00e7l\u00fcd\u00fcr.<\/p> <\/div>    <div class=\"wp-block-column is-layout-flow wp-block-column-is-layout-flow\" style=\"flex-basis:66.66%\"> <figure class=\"wp-block-gallery has-nested-images columns-default is-cropped wp-block-gallery-4 is-layout-flex wp-block-gallery-is-layout-flex\"> <figure class=\"wp-block-image size-large\"><img loading=\"lazy\" decoding=\"async\" width=\"720\" height=\"540\" data-id=\"1288\" src=\"https:\/\/charcoalplant.com\/wp-content\/uploads\/2021\/12\/horizontal-carbonization-furnace-cover-1-1.jpg\" alt=\"yatay karbonizasyon f\u0131r\u0131n\u0131 kapa\u011f\u0131\" class=\"wp-image-1288\" srcset=\"https:\/\/charcoalplant.com\/wp-content\/uploads\/2021\/12\/horizontal-carbonization-furnace-cover-1-1.jpg 720w, https:\/\/charcoalplant.com\/wp-content\/uploads\/2021\/12\/horizontal-carbonization-furnace-cover-1-1-300x225.jpg 300w\" sizes=\"auto, (max-width: 720px) 100vw, 720px\" \/><figcaption class=\"wp-element-caption\">yatay karbonizasyon f\u0131r\u0131n\u0131 kapa\u011f\u0131<\/figcaption><\/figure> <\/figure> <\/div> <\/div>    <div class=\"wp-block-columns has-background is-layout-flex wp-container-core-columns-is-layout-28f84493 wp-block-columns-is-layout-flex\" style=\"background-color:#f1f1f1\"> <div class=\"wp-block-column is-layout-flow wp-block-column-is-layout-flow\" style=\"flex-basis:66.66%\"> <figure class=\"wp-block-gallery has-nested-images columns-default is-cropped wp-block-gallery-5 is-layout-flex wp-block-gallery-is-layout-flex\"> <figure class=\"wp-block-image size-large\"><img loading=\"lazy\" decoding=\"async\" width=\"720\" height=\"540\" data-id=\"1094\" src=\"https:\/\/charcoalplant.com\/wp-content\/uploads\/2021\/12\/Smoke-removal-system-1.jpg\" alt=\"Duman giderme sistemi\" class=\"wp-image-1094\" srcset=\"https:\/\/charcoalplant.com\/wp-content\/uploads\/2021\/12\/Smoke-removal-system-1.jpg 720w, https:\/\/charcoalplant.com\/wp-content\/uploads\/2021\/12\/Smoke-removal-system-1-300x225.jpg 300w\" sizes=\"auto, (max-width: 720px) 100vw, 720px\" \/><figcaption class=\"wp-element-caption\">Duman giderme sistemi<\/figcaption><\/figure> <\/figure> <\/div>    <div class=\"wp-block-column is-vertically-aligned-center is-layout-flow wp-block-column-is-layout-flow\" style=\"flex-basis:33.33%\"> <p class=\"translation-block\"><strong>Flue gas circulation pipe<\/strong><\/p>    <p><br>Yatay k\u00fct\u00fck k\u00f6m\u00fcr sobalar\u0131n\u0131n borular\u0131 vard\u0131r. Yatay karbonizasyon f\u0131r\u0131n\u0131n\u0131n \u00fcst\u00fcn\u00fc ve alt\u0131n\u0131 birbirine ba\u011flayan borular esas olarak silindir i\u00e7indeki yan\u0131c\u0131 gaz\u0131n dola\u015f\u0131m\u0131 i\u00e7in kullan\u0131l\u0131r. Bu nokta enerji tasarrufunun \u00f6zelliklerini yans\u0131tmaktad\u0131r. Di\u011fer borular esas olarak baca gaz\u0131n\u0131 filtrelemek i\u00e7in kullan\u0131l\u0131r.<\/p> <\/div> <\/div>    <div class=\"wp-block-columns has-background is-layout-flex wp-container-core-columns-is-layout-28f84493 wp-block-columns-is-layout-flex\" style=\"background-color:#f1f1f1\"> <div class=\"wp-block-column is-vertically-aligned-center is-layout-flow wp-block-column-is-layout-flow\" style=\"flex-basis:33.33%\"> <p class=\"translation-block\"><strong>Trolley<\/strong><\/p>    <p>Log karbonizasyon f\u0131r\u0131n\u0131n\u0131n b\u00fcy\u00fck kapasitesi nedeniyle \u00e7\u0131kt\u0131 y\u00fcksektir. Bu nedenle m\u00fc\u015fterilerin bitmi\u015f \u00fcr\u00fcnleri ve hammaddeleri g\u00f6ndermelerini kolayla\u015ft\u0131rmak i\u00e7in. M\u00fc\u015fterilerimize arabalarla hizmet verece\u011fiz.<\/p> <\/div>    <div class=\"wp-block-column is-layout-flow wp-block-column-is-layout-flow\" style=\"flex-basis:66.66%\"> <figure class=\"wp-block-gallery has-nested-images columns-default is-cropped wp-block-gallery-6 is-layout-flex wp-block-gallery-is-layout-flex\"> <figure class=\"wp-block-image size-large\"><img loading=\"lazy\" decoding=\"async\" width=\"720\" height=\"540\" data-id=\"1103\" src=\"https:\/\/charcoalplant.com\/wp-content\/uploads\/2021\/12\/Trolley-1-1.jpg\" alt=\"Arabas\u0131\" class=\"wp-image-1103\" srcset=\"https:\/\/charcoalplant.com\/wp-content\/uploads\/2021\/12\/Trolley-1-1.jpg 720w, https:\/\/charcoalplant.com\/wp-content\/uploads\/2021\/12\/Trolley-1-1-300x225.jpg 300w\" sizes=\"auto, (max-width: 720px) 100vw, 720px\" \/><figcaption class=\"wp-element-caption\">Arabas\u0131<\/figcaption><\/figure> <\/figure> <\/div> <\/div>    <h2 class=\"wp-block-heading\" id=\"video-of-horizontal-log-carbonization-furnace\"><strong>Yatay Log K\u00f6m\u00fcrle\u015ftirme F\u0131r\u0131n\u0131 Videosu <\/strong><\/h2>    <figure class=\"wp-block-embed is-type-video is-provider-youtube wp-block-embed-youtube wp-embed-aspect-16-9 wp-has-aspect-ratio\"><div class=\"wp-block-embed__wrapper\"> <iframe loading=\"lazy\" title=\"Bambu K\u00f6m\u00fcr F\u0131r\u0131n\u0131 | 3t Hava Ak\u0131\u015f\u0131 Karbonizasyon Ekipman\u0131 #charcoal#log#biyok\u00fctlebriket\" width=\"500\" height=\"281\" src=\"https:\/\/www.youtube.com\/embed\/zUDHQcWUaMM?feature=oembed\" frameborder=\"0\" allow=\"accelerometer; autoplay; clipboard-write; encrypted-media; gyroscope; picture-in-picture; web-share\" referrerpolicy=\"strict-origin-when-cross-origin\" allowfullscreen><\/iframe> <\/div><\/figure>    <h2 class=\"wp-block-heading\" id=\"h-parameters-of-hardwood-charcoal-furnace\"><strong>Serta\u011fa\u00e7 K\u00f6m\u00fcr F\u0131r\u0131n\u0131 Parametreleri<\/strong><\/h2>    <p>Fabrikam\u0131z taraf\u0131ndan \u00fcretilen yatay karbonizasyon f\u0131r\u0131n\u0131n\u0131n uzunlu\u011fu ve \u00e7ap\u0131 \u00f6zelle\u015ftirilebilir.<\/p>    <figure class=\"wp-block-table is-style-stripes\"><table><tbody><tr><td>Tip<\/td><td>Kapasite<\/td><td>A\u011f\u0131rl\u0131k<\/td><td>Boyut<\/td><\/tr><tr><td>SL-HC1300&nbsp;&nbsp;<\/td><td>900-1200kg\/12-14saat<\/td><td>2500kg<\/td><td>3*1.7*2.2 m<\/td><\/tr><tr><td>SL-HC1500&nbsp;<\/td><td>1500-2000kg\/12-14saat<\/td><td>4000kg<\/td><td>4,5*1,9*2,3m<\/td><\/tr><tr><td>SL-HC1900&nbsp;&nbsp;<\/td><td>2500-3000kg\/12-14saat<\/td><td>5500kg<\/td><td>5*2.3*2.5m<\/td><\/tr><\/tbody><\/table><\/figure>    <h2 class=\"wp-block-heading\" id=\"h-advantages-of-hardwood-carbonization-furnace\"><strong>Serta\u011fa\u00e7 K\u00f6m\u00fcr Karbonizasyon F\u0131r\u0131n\u0131n\u0131n Avantajlar\u0131<\/strong><\/h2>    <p>1. B\u00fcy\u00fck \u00e7\u0131kt\u0131.\u00a0Tek performansta b\u00fcy\u00fck miktarda k\u00f6m\u00fcr \u00fcretebilir.<\/p>    <p>2.\u00a0\u0130yi hava ge\u00e7irmezlik.\u00a0Sert a\u011fa\u00e7 karbonizasyon f\u0131r\u0131n\u0131n\u0131n kapa\u011f\u0131, y\u00fcksek s\u0131cakl\u0131k direncine sahip, y\u00fcksek s\u0131cakl\u0131kta bir kaya y\u00fczeyidir. Ayn\u0131 zamanda iyi bir s\u0131zd\u0131rmazl\u0131k g\u00f6revi \u00fcstlenerek oksijensiz bir ortam sa\u011flar.<\/p>    <p>3. Yatay tasar\u0131m ve araba, besleme ve bo\u015faltma i\u00e7in uygundur.<\/p>    <p>4. \u00c7evre koruma ve enerji tasarrufu.<\/p>    <figure class=\"wp-block-gallery has-nested-images columns-default is-cropped wp-block-gallery-7 is-layout-flex wp-block-gallery-is-layout-flex\"> <figure class=\"wp-block-image size-large\"><img loading=\"lazy\" decoding=\"async\" width=\"720\" height=\"540\" data-id=\"1089\" src=\"https:\/\/charcoalplant.com\/wp-content\/uploads\/2021\/12\/inlet-1.jpg\" alt=\"giri\u015f\" class=\"wp-image-1089\" srcset=\"https:\/\/charcoalplant.com\/wp-content\/uploads\/2021\/12\/inlet-1.jpg 720w, https:\/\/charcoalplant.com\/wp-content\/uploads\/2021\/12\/inlet-1-300x225.jpg 300w\" sizes=\"auto, (max-width: 720px) 100vw, 720px\" \/><figcaption class=\"wp-element-caption\">giri\u015f<\/figcaption><\/figure> <\/figure>    <h2 class=\"wp-block-heading\" id=\"h-precautions-for-using-horizontal-carbonization-furnace\"><strong>\u00d6nlemler <\/strong><strong>Odun K\u00f6m\u00fcr\u00fc Yapma Makinesini Kullanma<\/strong><\/h2>    <p>1. Operat\u00f6rler ham maddeleri d\u00fczg\u00fcn ve s\u0131k\u0131 bir \u015fekilde d\u00fczenlemeye \u00e7al\u0131\u015f\u0131rlar.<\/p>    <p>2. S\u0131cakl\u0131k de\u011fi\u015fikliklerine dikkat edin.<\/p>    <p>3. Operasyon s\u0131ras\u0131nda operat\u00f6r gaz hacmini vana arac\u0131l\u0131\u011f\u0131yla kontrol edebilir.<\/p>    <p>4. Duman giderme ekipman\u0131n\u0131n birikintilerini zaman\u0131nda temizleyin.<\/p>    <figure class=\"wp-block-gallery has-nested-images columns-default is-cropped wp-block-gallery-8 is-layout-flex wp-block-gallery-is-layout-flex\"> <figure class=\"wp-block-image size-large\"><img loading=\"lazy\" decoding=\"async\" width=\"720\" height=\"540\" data-id=\"1091\" src=\"https:\/\/charcoalplant.com\/wp-content\/uploads\/2021\/12\/Bamboo-charcoal-1.jpg\" alt=\"B01amboo k\u00f6m\u00fcr\u00fc\" class=\"wp-image-1091\" srcset=\"https:\/\/charcoalplant.com\/wp-content\/uploads\/2021\/12\/Bamboo-charcoal-1.jpg 720w, https:\/\/charcoalplant.com\/wp-content\/uploads\/2021\/12\/Bamboo-charcoal-1-300x225.jpg 300w\" sizes=\"auto, (max-width: 720px) 100vw, 720px\" \/><figcaption class=\"wp-element-caption\">B01amboo k\u00f6m\u00fcr\u00fc<\/figcaption><\/figure>    <figure class=\"wp-block-image size-full\"><img loading=\"lazy\" decoding=\"async\" width=\"720\" height=\"540\" data-id=\"1781\" src=\"https:\/\/charcoalplant.com\/wp-content\/uploads\/2022\/01\/log-charcoal.jpg\" alt=\"k\u00fct\u00fck k\u00f6m\u00fcr\u00fc\" class=\"wp-image-1781\" srcset=\"https:\/\/charcoalplant.com\/wp-content\/uploads\/2022\/01\/log-charcoal.jpg 720w, https:\/\/charcoalplant.com\/wp-content\/uploads\/2022\/01\/log-charcoal-300x225.jpg 300w\" sizes=\"auto, (max-width: 720px) 100vw, 720px\" \/><figcaption class=\"wp-element-caption\">k\u00fct\u00fck k\u00f6m\u00fcr\u00fc<\/figcaption><\/figure> <\/figure>    <h2 class=\"wp-block-heading\" id=\"h-sale-of-hardwood-charcoal-furnace\"><strong>Sat\u0131\u015f\u0131 <\/strong><strong>Serta\u011fa\u00e7 <\/strong><strong>C<\/strong><strong>k\u00f6m\u00fcr<\/strong><strong>&nbsp;K\u00f6m\u00fcrle\u015fme <\/strong><strong>F<\/strong><strong>yak\u0131c\u0131<\/strong><\/h2>    <p>Shuliy fabrikas\u0131 m\u00fc\u015fterilere \u00e7e\u015fitli kullan\u0131\u015fl\u0131 aksesuarlar sa\u011flar. Arabalar, ind\u00fcksiyonlu \u00e7eki\u015fli fanlar, br\u00fcl\u00f6rler, y\u00fcksek voltajl\u0131 elektrostatik sistemler vb. Gibi. Biz, k\u00f6m\u00fcr makinesi ekipmanlar\u0131n\u0131n profesyonel bir \u00fcreticisiyiz. Bu nedenle, farkl\u0131 boyutlardaki ekipmanlar\u0131 m\u00fc\u015fterilerimiz i\u00e7in \u00f6zelle\u015ftirebiliriz. \u00d6zel ihtiya\u00e7lar\u0131n\u0131z\u0131 bize bildirmek i\u00e7in \u015fimdi bizi arar veya e-posta g\u00f6nderirseniz, zaman\u0131nda sizin i\u00e7in bir \u00e7\u00f6z\u00fcm bulaca\u011f\u0131z.<\/p>    <figure class=\"wp-block-gallery has-nested-images columns-2 is-cropped wp-block-gallery-9 is-layout-flex wp-block-gallery-is-layout-flex\"> <figure class=\"wp-block-image size-large\"><img loading=\"lazy\" decoding=\"async\" width=\"720\" height=\"540\" data-id=\"1099\" src=\"https:\/\/charcoalplant.com\/wp-content\/uploads\/2021\/12\/Manufacturer-of-horizontal-airflow-carbonization-furnace-1.jpg\" alt=\"Yatay karbonizasyon f\u0131r\u0131n\u0131 \u00fcreticisi\" class=\"wp-image-1099\" srcset=\"https:\/\/charcoalplant.com\/wp-content\/uploads\/2021\/12\/Manufacturer-of-horizontal-airflow-carbonization-furnace-1.jpg 720w, https:\/\/charcoalplant.com\/wp-content\/uploads\/2021\/12\/Manufacturer-of-horizontal-airflow-carbonization-furnace-1-300x225.jpg 300w\" sizes=\"auto, (max-width: 720px) 100vw, 720px\" \/><figcaption class=\"wp-element-caption\">Yatay karbonizasyon f\u0131r\u0131n\u0131 \u00fcreticisi<\/figcaption><\/figure>    <figure class=\"wp-block-image size-large\"><img loading=\"lazy\" decoding=\"async\" width=\"720\" height=\"540\" data-id=\"2282\" src=\"https:\/\/charcoalplant.com\/wp-content\/uploads\/2022\/02\/shipment-of-log-carbonization-furnaces.jpg\" alt=\"k\u00fct\u00fck karbonizasyon f\u0131r\u0131nlar\u0131n\u0131n sevkiyat\u0131\" class=\"wp-image-2282\"\/><figcaption class=\"wp-element-caption\">k\u00fct\u00fck karbonizasyon f\u0131r\u0131nlar\u0131n\u0131n sevkiyat\u0131<\/figcaption><\/figure>    <figure class=\"wp-block-image size-large\"><img loading=\"lazy\" decoding=\"async\" width=\"720\" height=\"540\" data-id=\"2283\" src=\"https:\/\/charcoalplant.com\/wp-content\/uploads\/2022\/02\/shipment-of-horizontal-carbonization-furnaces.jpg\" alt=\"yatay karbonizasyon f\u0131r\u0131nlar\u0131n\u0131n sevkiyat\u0131\" class=\"wp-image-2283\"\/><figcaption class=\"wp-element-caption\">yatay karbonizasyon f\u0131r\u0131nlar\u0131n\u0131n sevkiyat\u0131<\/figcaption><\/figure>    <figure class=\"wp-block-image size-large\"><img loading=\"lazy\" decoding=\"async\" width=\"720\" height=\"540\" data-id=\"2284\" src=\"https:\/\/charcoalplant.com\/wp-content\/uploads\/2022\/02\/small-horizontal-carbonization-furnaces-.jpg\" alt=\"k\u00fc\u00e7\u00fck yatay karbonizasyon f\u0131r\u0131nlar\u0131\" class=\"wp-image-2284\"\/><figcaption class=\"wp-element-caption\">k\u00fc\u00e7\u00fck yatay karbonizasyon f\u0131r\u0131nlar\u0131<\/figcaption><\/figure> <\/figure>    <p class=\"translation-block\">In addition to horizontal carbonization furnaces, we also sell <strong><a href=\"https:\/\/charcoalplant.com\/tr\/carbonization-furnace\/rotary-carbonization-furnace\/\">continuous carbonization furnaces<\/a><\/strong>, vertical carbonization furnaces, and <strong><a href=\"https:\/\/charcoalplant.com\/tr\/biomass-briquette-machine\/sawdust-briquette-machine\/\">biomass rod making machines<\/a><\/strong>. Due to you may need for these devices, we suggest you browse related content on our website. We will provide you with competitive prices.<\/p>    <h2 class=\"wp-block-heading\" id=\"h-application-of-horizontal-airflow-carbonization-furnace\"><strong>Yatay Hava Ak\u0131m\u0131 K\u00f6m\u00fcrle\u015ftirme Makinesi Uygulamas\u0131<\/strong><\/h2>    <p class=\"translation-block\">It can be used in a charcoal production line or used alone. The bamboo charcoal, <a href=\"https:\/\/charcoalplant.com\/tr\/info\/coconut-shell-charcoal-making-machine-complete-guidance\/\">coconut shell charcoal<\/a>, fruit charcoal, etc. carbonized by the horizontal carbonization furnace can be directly burned for heating. <\/p>    <figure class=\"wp-block-gallery has-nested-images columns-default is-cropped wp-block-gallery-10 is-layout-flex wp-block-gallery-is-layout-flex\"> <figure class=\"wp-block-image size-large\"><img loading=\"lazy\" decoding=\"async\" width=\"720\" height=\"540\" data-id=\"2285\" src=\"https:\/\/charcoalplant.com\/wp-content\/uploads\/2022\/02\/log-charcoal-factory.jpg\" alt=\"k\u00fct\u00fck k\u00f6m\u00fcr\u00fc fabrikas\u0131\" class=\"wp-image-2285\"\/><figcaption class=\"wp-element-caption\">k\u00fct\u00fck k\u00f6m\u00fcr\u00fc fabrikas\u0131<\/figcaption><\/figure>    <figure class=\"wp-block-image size-large\"><img loading=\"lazy\" decoding=\"async\" width=\"720\" height=\"540\" data-id=\"2286\" src=\"https:\/\/charcoalplant.com\/wp-content\/uploads\/2022\/02\/wood-charcoal-for-sale-.jpg\" alt=\"sat\u0131l\u0131k odun k\u00f6m\u00fcr\u00fc\" class=\"wp-image-2286\"\/><figcaption class=\"wp-element-caption\">sat\u0131l\u0131k odun k\u00f6m\u00fcr\u00fc<\/figcaption><\/figure> <\/figure>    <p>Ve ev barbek\u00fcs\u00fc bu k\u00f6m\u00fcr\u00fc kullanabilir. Bu nedenle, k\u00fc\u00e7\u00fck sert a\u011fa\u00e7 k\u00f6m\u00fcrle\u015ftirme f\u0131r\u0131n\u0131 ev kullan\u0131m\u0131 i\u00e7in uygundur. K\u00f6m\u00fcr\u00fcn \u00e7evre dostu olmas\u0131, y\u00fcksek kalorifik de\u011fere sahip olmas\u0131 ve yenilenebilir olmas\u0131 nedeniyle b\u00fcy\u00fck bir talebi vard\u0131r. Dolay\u0131s\u0131yla karbonizasyon f\u0131r\u0131n\u0131n\u0131n para kazanmak i\u00e7in iyi bir ara\u00e7 oldu\u011fu g\u00f6r\u00fclebilir.<\/p>","protected":false},"excerpt":{"rendered":"<p>Yatay karbonizasyon f\u0131r\u0131n\u0131, ayn\u0131 anda b\u00fcy\u00fck miktarlarda bambu k\u00f6m\u00fcr\u00fc, k\u00fct\u00fck k\u00f6m\u00fcr\u00fc, hindistan cevizi kabu\u011fu k\u00f6m\u00fcr\u00fc \u00fcretebilir.<\/p>","protected":false},"author":1,"featured_media":1113,"parent":0,"template":"","tags":[65],"product-type":[4],"class_list":["post-1084","product","type-product","status-publish","has-post-thumbnail","hentry","tag-carbonization-furnace","product-type-carbonization-furnace"],"_links":{"self":[{"href":"https:\/\/charcoalplant.com\/tr\/wp-json\/wp\/v2\/product\/1084","targetHints":{"allow":["GET"]}}],"collection":[{"href":"https:\/\/charcoalplant.com\/tr\/wp-json\/wp\/v2\/product"}],"about":[{"href":"https:\/\/charcoalplant.com\/tr\/wp-json\/wp\/v2\/types\/product"}],"author":[{"embeddable":true,"href":"https:\/\/charcoalplant.com\/tr\/wp-json\/wp\/v2\/users\/1"}],"wp:featuredmedia":[{"embeddable":true,"href":"https:\/\/charcoalplant.com\/tr\/wp-json\/wp\/v2\/media\/1113"}],"wp:attachment":[{"href":"https:\/\/charcoalplant.com\/tr\/wp-json\/wp\/v2\/media?parent=1084"}],"wp:term":[{"taxonomy":"post_tag","embeddable":true,"href":"https:\/\/charcoalplant.com\/tr\/wp-json\/wp\/v2\/tags?post=1084"},{"taxonomy":"product-type","embeddable":true,"href":"https:\/\/charcoalplant.com\/tr\/wp-json\/wp\/v2\/product-type?post=1084"}],"curies":[{"name":"wp","href":"https:\/\/api.w.org\/{rel}","templated":true}]}}